{"id":13568,"date":"2019-04-19T11:58:52","date_gmt":"2019-04-19T11:58:52","guid":{"rendered":"https:\/\/www.accuratereviews.com\/?page_id=13568"},"modified":"2023-02-28T09:42:10","modified_gmt":"2023-02-28T09:42:10","slug":"sugester-recensione","status":"publish","type":"page","link":"https:\/\/www.accuratereviews.com\/it\/crm-software-migliori-lista\/sugester-recensione\/","title":{"rendered":"Sugester"},"content":{"rendered":"<p><strong>Sugester<\/strong> \u00e8 un <strong>software CRM<\/strong> ideato principalmente per le piccole e medie imprese che vogliono acquisire pi\u00f9 clienti e aumentare le proprie vendite. Permette infatti di facilitare e ottimizzare il lavoro e la <strong>gestione aziendale<\/strong>, risparmiando tempo ed energie che normalmente vengono spese in processi lunghi e macchinosi. Mette a tua disposizione tutti gli strumenti necessari per gestire e tracciare le attivit\u00e0 che interessano la tua azienda, attivando un database completo dei dati dei tuoi clienti. Questo <strong>sistema CRM<\/strong> ti consentir\u00e0 di <strong>migliorare le relazioni con i clienti<\/strong>, mantenendo quelli gi\u00e0 fidelizzati e acquisendone nuovi, incrementando cos\u00ec le vendite aziendali. Tutto questo sar\u00e0 possibile grazie a un <strong>Client Relationship Manager<\/strong> che registra ogni tua chiamata, messaggio, email, nota, tag e creando dei promemoria ciclici davvero efficaci che ti ricorderanno sempre di rimanere in contatto con il cliente.<\/p>\n<h2>GESTIONE CLIENTI CON\u00a0SUGESTER<\/h2>\n<p>Ecco il database in cui inserirete i contatti dei vostri clienti:<\/p>\n<p><a href=\"https:\/\/www.accuratereviews.com\/wp-content\/uploads\/2019\/04\/sugester_762514_full.png.jpeg\"><img loading=\"lazy\" decoding=\"async\" class=\"aligncenter size-full wp-image-13572\" src=\"https:\/\/www.accuratereviews.com\/wp-content\/uploads\/2019\/04\/sugester_762514_full.png.jpeg\" alt=\"\" width=\"1920\" height=\"983\" srcset=\"https:\/\/www.accuratereviews.com\/wp-content\/uploads\/2019\/04\/sugester_762514_full.png.jpeg 1920w, https:\/\/www.accuratereviews.com\/wp-content\/uploads\/2019\/04\/sugester_762514_full.png-300x154.jpeg 300w, https:\/\/www.accuratereviews.com\/wp-content\/uploads\/2019\/04\/sugester_762514_full.png-768x393.jpeg 768w, https:\/\/www.accuratereviews.com\/wp-content\/uploads\/2019\/04\/sugester_762514_full.png-1024x524.jpeg 1024w, https:\/\/www.accuratereviews.com\/wp-content\/uploads\/2019\/04\/sugester_762514_full.png-244x125.jpeg 244w, https:\/\/www.accuratereviews.com\/wp-content\/uploads\/2019\/04\/sugester_762514_full.png-50x26.jpeg 50w, https:\/\/www.accuratereviews.com\/wp-content\/uploads\/2019\/04\/sugester_762514_full.png-968x496.jpeg 968w, https:\/\/www.accuratereviews.com\/wp-content\/uploads\/2019\/04\/sugester_762514_full.png-636x326.jpeg 636w, https:\/\/www.accuratereviews.com\/wp-content\/uploads\/2019\/04\/sugester_762514_full.png-320x164.jpeg 320w, https:\/\/www.accuratereviews.com\/wp-content\/uploads\/2019\/04\/sugester_762514_full.png-239x122.jpeg 239w\" sizes=\"auto, (max-width: 1920px) 100vw, 1920px\" \/><\/a><\/p>\n<h3>SUGESTER &#8211; CARATTERISTICHE<\/h3>\n<p>Vediamo le principali caratteristiche di questo <strong>programma CRM<\/strong>:<\/p>\n<ul>\n<li><strong>Gestione dei clienti:<\/strong> raccogli tutti i dati e le interazioni con i clienti in un unico database in modo da avere sempre tutto sotto controllo e a portata di mano<\/li>\n<li><strong>Strumenti analitici:<\/strong> cerca di comprendere sempre le richieste dei tuoi clienti e la loro storia finanziaria in modo da avere chiaro quali sono quelli che acquistano di pi\u00f9 e portano pi\u00f9 entrate<\/li>\n<li>\n<div><strong>Promemoria ciclici:<\/strong> resta sempre in contatto con i clienti per costruire un rapporto duraturo e basato sulla fiducia<\/div>\n<\/li>\n<li>\n<div><strong>Strumenti di reporting:<\/strong> tieni sotto controllo l&#8217;intera gestione aziendale, per avere una visione a 360\u00b0<\/div>\n<\/li>\n<li>\n<div><strong>Ticket di assistenza:<\/strong> crea determinati ticket che verranno assegnati automaticamente ai membri del team<\/div>\n<\/li>\n<li>\n<div><strong>Gestione documenti:<\/strong> gestisci facilmente i tuoi documenti aziendali grazie all&#8217;archiviazione cloud<\/div>\n<\/li>\n<li>\n<div><strong>Grafici a imbuto<\/strong>\u00a0completamente integrati con Sugester<\/div>\n<\/li>\n<li>\n<div><strong>Tracciamento delle offerte:<\/strong> tieni sempre sotto controllo le offerte del mercato.<\/div>\n<\/li>\n<\/ul>\n<h4>LE RECENSIONI DEGLI UTENTI<\/h4>\n<p><strong>Karolina &#8220;Sugester aiuta ad organizzare le attivit\u00e0&#8221;<\/strong><br \/>\nPro: Offrono una prova gratuita che dura 30 giorni &#8211; un bel po&#8217; di tempo per decidere se questo software fa al caso vostro. Usiamo Sugester soprattutto per organizzare il nostro servizio clienti &#8211; si possono facilmente assegnare compiti ai collaboratori, dare loro priorit\u00e0 e scadenze. Avete la possibilit\u00e0 di collegare molte caselle di posta elettronica a Sugester, in modo da poter raccogliere le e-mail da molte fonti in un unico posto. Opzione per la livechat<br \/>\nContro: Non c&#8217;\u00e8 la possibilit\u00e0 di integrare il calendario da un software di terze parti. Le integrazioni gi\u00e0 predisposte sono pochissime.<\/p>\n<p><strong>Piotr &#8220;Livechat facile da usare. Sistema di assistenza clienti via e-mail di qualit\u00e0 media&#8221;.<\/strong><br \/>\nCommenti: Lo strumento \u00e8 buono per i piccoli negozi online che non hanno un&#8217;ampia struttura di servizio clienti. La Livechat funziona bene, mentre la gestione delle e-mail \u00e8 peggiore. Il buon sistema di reporting \u00e8 sicuramente un vantaggio.<br \/>\nPro: Rispetto ad altri, il sistema \u00e8 relativamente economico (licenza per stazione di lavoro). \u00c8 possibile modificare il numero di operatori durante il contratto. Livechat funziona senza problemi ed \u00e8 stato facile integrarlo. I modelli di e-mail velocizzano le risposte alle domande ricorrenti dei clienti.<br \/>\nContro: La gestione delle notifiche via email non \u00e8 intuitiva. A volte ci sono diversi thread \/ ticket per un&#8217;attivit\u00e0 \/ Le persone che non lavorano regolarmente nel sistema si perdono facilmente. Inoltre, ci vuole tempo perch\u00e9 l&#8217;operatore diventi indipendente.<\/p>\n<p><strong>Szymon &#8220;Molto utilizzabile grazie alla sua portata ragionevole&#8221;.<\/strong><br \/>\nCommenti: I giganti del software per l&#8217;helpdesk, come Zendesk e Freshdesk, possono risultare eccessivi per una piccola impresa. Hanno tonnellate di funzioni potenti, ma imparare a usare il software pu\u00f2 essere travolgente e richiedere molto tempo. Imparare Sugester richiede pochi minuti: tutto \u00e8 molto ben fatto e semplice.<br \/>\nPer quanto riguarda i contro, l&#8217;interfaccia potrebbe essere migliorata dal punto di vista estetico. Ho riscontrato anche alcuni piccoli difetti, ma probabilmente saranno stati risolti nel momento in cui state leggendo questo articolo.<br \/>\nNel complesso, consiglierei sicuramente questo software ai proprietari di medie imprese che desiderano aggiornare il proprio helpdesk.<\/p>\n","protected":false},"excerpt":{"rendered":"<p>Sugester \u00e8 un software CRM ideato principalmente per le piccole e medie aziende che vogliono acquisire pi\u00f9 clienti e aumentare le proprie vendite. Permette infatti di facilitare e ottimizzare il lavoro e la gestione aziendale, risparmiando anche tempo ed energie che normalmente vengono spese in processi lunghi e macchinosi.\u00a0<\/p>\n","protected":false},"author":17,"featured_media":13570,"parent":5966,"menu_order":0,"comment_status":"open","ping_status":"closed","template":"g1_template_page_review_new.php","meta":{"_acf_changed":false,"cwp_meta_box_check":"Yes","cwp_rev_product_name":"","cwp_rev_product_image":"","wppr_links":[],"cwp_rev_price":"","wppr_options":[{"name":"Usability","value":"0"},{"name":"Speed","value":"0"},{"name":"Features","value":"0"},{"name":"Support","value":"0"},{"name":"Pricing","value":"0"}],"wppr_pros":["","","","",""],"wppr_cons":["","","","",""],"_monsterinsights_skip_tracking":false,"_monsterinsights_sitenote_active":false,"_monsterinsights_sitenote_note":"","_monsterinsights_sitenote_category":0,"footnotes":""},"categories":[120],"tags":[396,10761,425,427,426,486],"features":[],"class_list":{"0":"post-13568","1":"page","2":"type-page","3":"status-publish","4":"has-post-thumbnail","6":"category-crm-it","7":"tag-cloud","8":"tag-crm-software-2-it","9":"tag-gestione-clienti","10":"tag-programma-crm","11":"tag-sistema-crm","12":"tag-sugester"},"wppr_data":{"cwp_meta_box_check":"Yes","cwp_rev_product_name":"","_wppr_review_template":"default","cwp_rev_product_image":"","cwp_image_link":"image","wppr_links":[],"cwp_rev_price":"","wppr_pros":["","","","",""],"wppr_cons":["","","","",""],"wppr_rating":"0.00","wppr_options":{"1":{"name":"Usability","value":"0"},"2":{"name":"Speed","value":"0"},"3":{"name":"Features","value":"0"},"4":{"name":"Support","value":"0"},"5":{"name":"Pricing","value":"0"}},"wppr_review_type":"Product","wppr_review_custom_fields":{"additionalProperty":"","additionalType":"","aggregateRating":"","alternateName":"","audience":"","award":"","awards":"","brand":"","color":"","depth":"","description":"","disambiguatingDescription":"","gtin12":"","gtin13":"","gtin14":"","gtin8":"","height":"","identifier":"","image":"","isAccessoryOrSparePartFor":"","isConsumableFor":"","isRelatedTo":"","isSimilarTo":"","itemCondition":"","logo":"","mainEntityOfPage":"","manufacturer":"","material":"","model":"","mpn":"","name":"","offers":"","potentialAction":"","productID":"","productionDate":"","purchaseDate":"","releaseDate":"","review":"","reviews":"","sameAs":"","sku":"","slogan":"","subjectOf":"","url":"","weight":"","width":""}},"acf":[],"yoast_head":"<!-- This site is optimized with the Yoast SEO plugin v27.4 - https:\/\/yoast.com\/product\/yoast-seo-wordpress\/ -->\n<title>Sugester: recensione software CRM - Accurate Reviews<\/title>\n<meta name=\"description\" content=\"Sugester: recensione del software CRM ideato principalmente per le piccole e medie aziende che vogliono acquisire pi\u00f9 clienti e aumentare le vendite.\" \/>\n<meta name=\"robots\" content=\"index, follow, max-snippet:-1, max-image-preview:large, max-video-preview:-1\" \/>\n<link rel=\"canonical\" href=\"https:\/\/www.accuratereviews.com\/it\/crm-software-migliori-lista\/sugester-recensione\/\" \/>\n<meta property=\"og:locale\" content=\"it_IT\" \/>\n<meta property=\"og:type\" content=\"article\" \/>\n<meta property=\"og:title\" content=\"Sugester: recensione software CRM - Accurate Reviews\" \/>\n<meta property=\"og:description\" content=\"Sugester: recensione del software CRM ideato principalmente per le piccole e medie aziende che vogliono acquisire pi\u00f9 clienti e aumentare le vendite.\" \/>\n<meta property=\"og:url\" content=\"https:\/\/www.accuratereviews.com\/it\/crm-software-migliori-lista\/sugester-recensione\/\" \/>\n<meta property=\"og:site_name\" content=\"Accurate Reviews\" \/>\n<meta property=\"article:modified_time\" content=\"2023-02-28T09:42:10+00:00\" \/>\n<meta property=\"og:image\" content=\"https:\/\/www.accuratereviews.com\/wp-content\/uploads\/2019\/04\/Sugester.png\" \/>\n\t<meta property=\"og:image:width\" content=\"412\" \/>\n\t<meta property=\"og:image:height\" content=\"142\" \/>\n\t<meta property=\"og:image:type\" content=\"image\/png\" \/>\n<meta name=\"twitter:card\" content=\"summary_large_image\" \/>\n<meta name=\"twitter:label1\" content=\"Tempo di lettura stimato\" \/>\n\t<meta name=\"twitter:data1\" content=\"4 minuti\" \/>\n<script type=\"application\/ld+json\" class=\"yoast-schema-graph\">{\"@context\":\"https:\\\/\\\/schema.org\",\"@graph\":[{\"@type\":\"WebPage\",\"@id\":\"https:\\\/\\\/www.accuratereviews.com\\\/it\\\/crm-software-migliori-lista\\\/sugester-recensione\\\/\",\"url\":\"https:\\\/\\\/www.accuratereviews.com\\\/it\\\/crm-software-migliori-lista\\\/sugester-recensione\\\/\",\"name\":\"Sugester: recensione software CRM - Accurate Reviews\",\"isPartOf\":{\"@id\":\"https:\\\/\\\/www.accuratereviews.com\\\/it\\\/#website\"},\"primaryImageOfPage\":{\"@id\":\"https:\\\/\\\/www.accuratereviews.com\\\/it\\\/crm-software-migliori-lista\\\/sugester-recensione\\\/#primaryimage\"},\"image\":{\"@id\":\"https:\\\/\\\/www.accuratereviews.com\\\/it\\\/crm-software-migliori-lista\\\/sugester-recensione\\\/#primaryimage\"},\"thumbnailUrl\":\"https:\\\/\\\/www.accuratereviews.com\\\/wp-content\\\/uploads\\\/2019\\\/04\\\/Sugester.png\",\"datePublished\":\"2019-04-19T11:58:52+00:00\",\"dateModified\":\"2023-02-28T09:42:10+00:00\",\"description\":\"Sugester: recensione del software CRM ideato principalmente per le piccole e medie aziende che vogliono acquisire pi\u00f9 clienti e aumentare le vendite.\",\"breadcrumb\":{\"@id\":\"https:\\\/\\\/www.accuratereviews.com\\\/it\\\/crm-software-migliori-lista\\\/sugester-recensione\\\/#breadcrumb\"},\"inLanguage\":\"it-IT\",\"potentialAction\":[{\"@type\":\"ReadAction\",\"target\":[\"https:\\\/\\\/www.accuratereviews.com\\\/it\\\/crm-software-migliori-lista\\\/sugester-recensione\\\/\"]}]},{\"@type\":\"ImageObject\",\"inLanguage\":\"it-IT\",\"@id\":\"https:\\\/\\\/www.accuratereviews.com\\\/it\\\/crm-software-migliori-lista\\\/sugester-recensione\\\/#primaryimage\",\"url\":\"https:\\\/\\\/www.accuratereviews.com\\\/wp-content\\\/uploads\\\/2019\\\/04\\\/Sugester.png\",\"contentUrl\":\"https:\\\/\\\/www.accuratereviews.com\\\/wp-content\\\/uploads\\\/2019\\\/04\\\/Sugester.png\",\"width\":412,\"height\":142},{\"@type\":\"BreadcrumbList\",\"@id\":\"https:\\\/\\\/www.accuratereviews.com\\\/it\\\/crm-software-migliori-lista\\\/sugester-recensione\\\/#breadcrumb\",\"itemListElement\":[{\"@type\":\"ListItem\",\"position\":1,\"name\":\"Home\",\"item\":\"https:\\\/\\\/www.accuratereviews.com\\\/it\\\/\"},{\"@type\":\"ListItem\",\"position\":2,\"name\":\"CRM: i software migliori\",\"item\":\"https:\\\/\\\/www.accuratereviews.com\\\/it\\\/crm-software-migliori-lista\\\/\"},{\"@type\":\"ListItem\",\"position\":3,\"name\":\"Sugester\"}]},{\"@type\":\"WebSite\",\"@id\":\"https:\\\/\\\/www.accuratereviews.com\\\/it\\\/#website\",\"url\":\"https:\\\/\\\/www.accuratereviews.com\\\/it\\\/\",\"name\":\"Accurate Reviews\",\"description\":\"\",\"potentialAction\":[{\"@type\":\"SearchAction\",\"target\":{\"@type\":\"EntryPoint\",\"urlTemplate\":\"https:\\\/\\\/www.accuratereviews.com\\\/it\\\/?s={search_term_string}\"},\"query-input\":{\"@type\":\"PropertyValueSpecification\",\"valueRequired\":true,\"valueName\":\"search_term_string\"}}],\"inLanguage\":\"it-IT\"}]}<\/script>\n<!-- \/ Yoast SEO plugin. -->","yoast_head_json":{"title":"Sugester: recensione software CRM - Accurate Reviews","description":"Sugester: recensione del software CRM ideato principalmente per le piccole e medie aziende che vogliono acquisire pi\u00f9 clienti e aumentare le vendite.","robots":{"index":"index","follow":"follow","max-snippet":"max-snippet:-1","max-image-preview":"max-image-preview:large","max-video-preview":"max-video-preview:-1"},"canonical":"https:\/\/www.accuratereviews.com\/it\/crm-software-migliori-lista\/sugester-recensione\/","og_locale":"it_IT","og_type":"article","og_title":"Sugester: recensione software CRM - Accurate Reviews","og_description":"Sugester: recensione del software CRM ideato principalmente per le piccole e medie aziende che vogliono acquisire pi\u00f9 clienti e aumentare le vendite.","og_url":"https:\/\/www.accuratereviews.com\/it\/crm-software-migliori-lista\/sugester-recensione\/","og_site_name":"Accurate Reviews","article_modified_time":"2023-02-28T09:42:10+00:00","og_image":[{"width":412,"height":142,"url":"https:\/\/www.accuratereviews.com\/wp-content\/uploads\/2019\/04\/Sugester.png","type":"image\/png"}],"twitter_card":"summary_large_image","twitter_misc":{"Tempo di lettura stimato":"4 minuti"},"schema":{"@context":"https:\/\/schema.org","@graph":[{"@type":"WebPage","@id":"https:\/\/www.accuratereviews.com\/it\/crm-software-migliori-lista\/sugester-recensione\/","url":"https:\/\/www.accuratereviews.com\/it\/crm-software-migliori-lista\/sugester-recensione\/","name":"Sugester: recensione software CRM - Accurate Reviews","isPartOf":{"@id":"https:\/\/www.accuratereviews.com\/it\/#website"},"primaryImageOfPage":{"@id":"https:\/\/www.accuratereviews.com\/it\/crm-software-migliori-lista\/sugester-recensione\/#primaryimage"},"image":{"@id":"https:\/\/www.accuratereviews.com\/it\/crm-software-migliori-lista\/sugester-recensione\/#primaryimage"},"thumbnailUrl":"https:\/\/www.accuratereviews.com\/wp-content\/uploads\/2019\/04\/Sugester.png","datePublished":"2019-04-19T11:58:52+00:00","dateModified":"2023-02-28T09:42:10+00:00","description":"Sugester: recensione del software CRM ideato principalmente per le piccole e medie aziende che vogliono acquisire pi\u00f9 clienti e aumentare le vendite.","breadcrumb":{"@id":"https:\/\/www.accuratereviews.com\/it\/crm-software-migliori-lista\/sugester-recensione\/#breadcrumb"},"inLanguage":"it-IT","potentialAction":[{"@type":"ReadAction","target":["https:\/\/www.accuratereviews.com\/it\/crm-software-migliori-lista\/sugester-recensione\/"]}]},{"@type":"ImageObject","inLanguage":"it-IT","@id":"https:\/\/www.accuratereviews.com\/it\/crm-software-migliori-lista\/sugester-recensione\/#primaryimage","url":"https:\/\/www.accuratereviews.com\/wp-content\/uploads\/2019\/04\/Sugester.png","contentUrl":"https:\/\/www.accuratereviews.com\/wp-content\/uploads\/2019\/04\/Sugester.png","width":412,"height":142},{"@type":"BreadcrumbList","@id":"https:\/\/www.accuratereviews.com\/it\/crm-software-migliori-lista\/sugester-recensione\/#breadcrumb","itemListElement":[{"@type":"ListItem","position":1,"name":"Home","item":"https:\/\/www.accuratereviews.com\/it\/"},{"@type":"ListItem","position":2,"name":"CRM: i software migliori","item":"https:\/\/www.accuratereviews.com\/it\/crm-software-migliori-lista\/"},{"@type":"ListItem","position":3,"name":"Sugester"}]},{"@type":"WebSite","@id":"https:\/\/www.accuratereviews.com\/it\/#website","url":"https:\/\/www.accuratereviews.com\/it\/","name":"Accurate Reviews","description":"","potentialAction":[{"@type":"SearchAction","target":{"@type":"EntryPoint","urlTemplate":"https:\/\/www.accuratereviews.com\/it\/?s={search_term_string}"},"query-input":{"@type":"PropertyValueSpecification","valueRequired":true,"valueName":"search_term_string"}}],"inLanguage":"it-IT"}]}},"_links":{"self":[{"href":"https:\/\/www.accuratereviews.com\/it\/wp-json\/wp\/v2\/pages\/13568","targetHints":{"allow":["GET"]}}],"collection":[{"href":"https:\/\/www.accuratereviews.com\/it\/wp-json\/wp\/v2\/pages"}],"about":[{"href":"https:\/\/www.accuratereviews.com\/it\/wp-json\/wp\/v2\/types\/page"}],"author":[{"embeddable":true,"href":"https:\/\/www.accuratereviews.com\/it\/wp-json\/wp\/v2\/users\/17"}],"replies":[{"embeddable":true,"href":"https:\/\/www.accuratereviews.com\/it\/wp-json\/wp\/v2\/comments?post=13568"}],"version-history":[{"count":9,"href":"https:\/\/www.accuratereviews.com\/it\/wp-json\/wp\/v2\/pages\/13568\/revisions"}],"predecessor-version":[{"id":67557,"href":"https:\/\/www.accuratereviews.com\/it\/wp-json\/wp\/v2\/pages\/13568\/revisions\/67557"}],"up":[{"embeddable":true,"href":"https:\/\/www.accuratereviews.com\/it\/wp-json\/wp\/v2\/pages\/5966"}],"wp:featuredmedia":[{"embeddable":true,"href":"https:\/\/www.accuratereviews.com\/it\/wp-json\/wp\/v2\/media\/13570"}],"wp:attachment":[{"href":"https:\/\/www.accuratereviews.com\/it\/wp-json\/wp\/v2\/media?parent=13568"}],"wp:term":[{"taxonomy":"category","embeddable":true,"href":"https:\/\/www.accuratereviews.com\/it\/wp-json\/wp\/v2\/categories?post=13568"},{"taxonomy":"post_tag","embeddable":true,"href":"https:\/\/www.accuratereviews.com\/it\/wp-json\/wp\/v2\/tags?post=13568"},{"taxonomy":"features","embeddable":true,"href":"https:\/\/www.accuratereviews.com\/it\/wp-json\/wp\/v2\/features?post=13568"}],"curies":[{"name":"wp","href":"https:\/\/api.w.org\/{rel}","templated":true}]}}