{"id":13585,"date":"2019-04-19T16:08:00","date_gmt":"2019-04-19T16:08:00","guid":{"rendered":"https:\/\/www.accuratereviews.com\/?page_id=13585"},"modified":"2023-02-28T09:54:11","modified_gmt":"2023-02-28T09:54:11","slug":"raynet-crm-recensione","status":"publish","type":"page","link":"https:\/\/www.accuratereviews.com\/it\/crm-software-migliori-lista\/raynet-crm-recensione\/","title":{"rendered":"Raynet CRM"},"content":{"rendered":"<p id=\"tw-target-text\" class=\"tw-data-text tw-ta tw-text-small\" dir=\"ltr\" data-placeholder=\"Traduzione\"><span lang=\"it\" tabindex=\"0\"><strong>Raynet CRM<\/strong> \u00e8 un <strong>software CRM<\/strong> per gestire al meglio le relazioni con i clienti delle piccole e medie imprese. \u00c8 dotato di funzionalit\u00e0 per organizzare contatti e lead, gestione degli affari e reporting delle vendite. Potrai personalizzare l&#8217;account, contattare gli elenchi aggiungendo tag e ordinare il database dei contatti utilizzando i filtri predefiniti o appena creati. Le funzionalit\u00e0 di tracciamento delle attivit\u00e0 ti consentiranno di visualizzare il proprio calendario in altre app e dispositivi mobili e visualizzare i calendari dei propri colleghi. Potrai gestire prodotti e prezzi, creare preventivi e ordini e condividere le informazioni sugli accordi con il team. La funzione di reporting ti consente di visualizzare le metriche di vendita, visualizzare le vendite per rappresentante e monitorare le vendite dei singoli prodotti.\u00a0<\/span><\/p>\n<h2 dir=\"ltr\" data-placeholder=\"Traduzione\">RAYNET CRM &#8211; VIDEO INTRODUTTIVO<\/h2>\n<div id=\"fluid-wrapper-counter-1\" class=\"g1-fluid-wrapper \" style=\"width:686px;\">\n<div style=\"padding-bottom:56.268221574344%;\"><iframe loading=\"lazy\" title=\"Finally, a CRM that your team will actually want to use | monday sales CRM\" width=\"686\" height=\"386\" src=\"https:\/\/www.youtube.com\/embed\/3PipjX0Jwu0?feature=oembed&amp;wmode=transparent&amp;autohide=1&amp;autoplay=0&amp;disablekb=0&amp;fs=1&amp;loop=0&amp;enablejsapi=1&amp;rel=0&amp;controls=2&amp;showinfo=0&amp;wmode=transparent&amp;autohide=2&amp;autoplay=0&amp;disablekb=0&amp;fs=1&amp;loop=0&amp;enablejsapi=1&amp;rel=0&amp;controls=2&amp;showinfo=1\" frameborder=\"0\" allow=\"accelerometer; autoplay; clipboard-write; encrypted-media; gyroscope; picture-in-picture; web-share\" allowfullscreen><\/iframe><\/div>\n<\/div>\n<h3>Raynet CRM &#8211; CARATTERISTICHE<\/h3>\n<ul>\n<li id=\"tw-target-text\" class=\"tw-data-text tw-ta tw-text-small\" dir=\"ltr\" data-placeholder=\"Traduzione\"><span lang=\"it\" tabindex=\"0\"><strong>Database di contatti<\/strong>: mantieni la rubrica sempre aggiornata e sempre a portata di mano<\/span><\/li>\n<li id=\"tw-target-text\" class=\"tw-data-text tw-ta tw-text-small\" dir=\"ltr\" data-placeholder=\"Traduzione\"><span lang=\"it\" tabindex=\"0\"><strong>Analisi a tutti i livelli<\/strong>: ispeziona le tendenze di vendita, confronta i singoli rappresentanti di vendita o interi team e ottieni una panoramica completa delle tue vendite grazie all&#8217;analisi della pipeline. Tutto questo in un unico posto, online e a portata di clic<\/span><\/li>\n<li id=\"tw-target-text\" class=\"tw-data-text tw-ta tw-text-small\" dir=\"ltr\" data-placeholder=\"Traduzione\"><span lang=\"it\" tabindex=\"0\"><strong>Gestione documenti<\/strong>: \u00a0condividi, commenta, organizza e, soprattutto, trova rapidamente tutto ci\u00f2 di cui hai bisogno in un unico posto<\/span><\/li>\n<li id=\"tw-target-text\" class=\"tw-data-text tw-ta tw-text-small\" dir=\"ltr\" data-placeholder=\"Traduzione\"><span lang=\"it\" tabindex=\"0\"><strong>Invio di email di gruppo<\/strong>: utilizza i tuoi contatti per le campagne di email marketing e invia email di gruppo grazie all&#8217;integrazione con Quanda e MailChimp<\/span><\/li>\n<li dir=\"ltr\" data-placeholder=\"Traduzione\"><strong>Calendario<\/strong>: appuntamenti tuoi o dei tuoi collaboratori sono sempre in evidenza.<\/li>\n<\/ul>\n<h4>LE RECENSIONI DEGLI UTENTI<\/h4>\n<p><strong>Fliip &#8220;Tutto quello di cui ho bisogno dal CRM&#8221;<\/strong><br \/>\nPro: Facile da configurare e utilizzare. Ottima interfaccia. Molte funzioni.<br \/>\nContro: Nulla di cui sia a conoscenza. Soddisfatto da anni.<\/p>\n<p><strong>Marek &#8220;CRM facile da usare&#8221;<\/strong><br \/>\nPro: Questo CRM ha contribuito a migliorare le nostre vendite e a rendere la vita dei nostri venditori molto pi\u00f9 semplice.<br \/>\nContro: Le notifiche interne e la comunicazione interna al team non sono abbastanza sviluppate.<\/p>\n<p><strong>David &#8220;CRM per la consulenza finanziaria&#8221;<\/strong><br \/>\nCommenti: Attualmente non conosco un CRM migliore con altrettante funzionalit\u00e0 e chiarezza come CRM Raynet<br \/>\nPro: monitoraggio dei processi aziendali; database dei clienti e comunicazione con loro; monitoraggio delle attivit\u00e0 future e registrazione di quelle esistenti<br \/>\nContro: quando ho un appuntamento e ad esso sono sempre collegate due attivit\u00e0 identiche, devo impostare le attivit\u00e0 manualmente, l&#8217;inserimento di una riunione non genera automaticamente 2 attivit\u00e0.<\/p>\n","protected":false},"excerpt":{"rendered":"<p>Raynet CRM \u00e8 un software CRM per gestire al meglio le relazioni con i clienti delle piccole e medie imprese. \u00c8 dotato di funzionalit\u00e0 per organizzare contatti e lead, gestione degli affari e reporting delle vendite. Potrai personalizzare l&#8217;account, contattare gli elenchi aggiungendo tag e ordinare il database dei contatti utilizzando i filtri predefiniti o appena creati.<\/p>\n","protected":false},"author":19,"featured_media":13594,"parent":5966,"menu_order":0,"comment_status":"open","ping_status":"closed","template":"g1_template_page_review_new.php","meta":{"_acf_changed":false,"cwp_meta_box_check":"No","cwp_rev_product_name":"","cwp_rev_product_image":"","wppr_links":[],"cwp_rev_price":"","wppr_options":[],"wppr_pros":[],"wppr_cons":[],"_monsterinsights_skip_tracking":false,"_monsterinsights_sitenote_active":false,"_monsterinsights_sitenote_note":"","_monsterinsights_sitenote_category":0,"footnotes":""},"categories":[120],"tags":[442,396,443,487,427,1837],"features":[],"class_list":{"0":"post-13585","1":"page","2":"type-page","3":"status-publish","4":"has-post-thumbnail","6":"category-crm-it","7":"tag-android","8":"tag-cloud","9":"tag-ios","10":"tag-open-source-com","11":"tag-programma-crm","12":"tag-software-crm-2-it"},"wppr_data":{"cwp_meta_box_check":"No"},"acf":[],"yoast_head":"<!-- This site is optimized with the Yoast SEO plugin v27.4 - https:\/\/yoast.com\/product\/yoast-seo-wordpress\/ -->\n<title>Raynet CRM: recensione software CRM - Accurate Reviews<\/title>\n<meta name=\"description\" content=\"Raynet CRM: recensione software CRM gratuito e open source per gestire al meglio le relazioni con i clienti delle piccole e medie imprese.\" \/>\n<meta name=\"robots\" content=\"index, follow, max-snippet:-1, max-image-preview:large, max-video-preview:-1\" \/>\n<link rel=\"canonical\" href=\"https:\/\/www.accuratereviews.com\/it\/crm-software-migliori-lista\/raynet-crm-recensione\/\" \/>\n<meta property=\"og:locale\" content=\"it_IT\" \/>\n<meta property=\"og:type\" content=\"article\" \/>\n<meta property=\"og:title\" content=\"Raynet CRM: recensione software CRM - Accurate Reviews\" \/>\n<meta property=\"og:description\" content=\"Raynet CRM: recensione software CRM gratuito e open source per gestire al meglio le relazioni con i clienti delle piccole e medie imprese.\" \/>\n<meta property=\"og:url\" content=\"https:\/\/www.accuratereviews.com\/it\/crm-software-migliori-lista\/raynet-crm-recensione\/\" \/>\n<meta property=\"og:site_name\" content=\"Accurate Reviews\" \/>\n<meta property=\"article:modified_time\" content=\"2023-02-28T09:54:11+00:00\" \/>\n<meta property=\"og:image\" content=\"https:\/\/www.accuratereviews.com\/wp-content\/uploads\/2019\/04\/Raynet-CRM-logo1.png\" \/>\n\t<meta property=\"og:image:width\" content=\"900\" \/>\n\t<meta property=\"og:image:height\" content=\"600\" \/>\n\t<meta property=\"og:image:type\" content=\"image\/png\" \/>\n<meta name=\"twitter:card\" content=\"summary_large_image\" \/>\n<meta name=\"twitter:label1\" content=\"Tempo di lettura stimato\" \/>\n\t<meta name=\"twitter:data1\" content=\"3 minuti\" \/>\n<script type=\"application\/ld+json\" class=\"yoast-schema-graph\">{\"@context\":\"https:\\\/\\\/schema.org\",\"@graph\":[{\"@type\":\"WebPage\",\"@id\":\"https:\\\/\\\/www.accuratereviews.com\\\/it\\\/crm-software-migliori-lista\\\/raynet-crm-recensione\\\/\",\"url\":\"https:\\\/\\\/www.accuratereviews.com\\\/it\\\/crm-software-migliori-lista\\\/raynet-crm-recensione\\\/\",\"name\":\"Raynet CRM: recensione software CRM - Accurate Reviews\",\"isPartOf\":{\"@id\":\"https:\\\/\\\/www.accuratereviews.com\\\/it\\\/#website\"},\"primaryImageOfPage\":{\"@id\":\"https:\\\/\\\/www.accuratereviews.com\\\/it\\\/crm-software-migliori-lista\\\/raynet-crm-recensione\\\/#primaryimage\"},\"image\":{\"@id\":\"https:\\\/\\\/www.accuratereviews.com\\\/it\\\/crm-software-migliori-lista\\\/raynet-crm-recensione\\\/#primaryimage\"},\"thumbnailUrl\":\"https:\\\/\\\/www.accuratereviews.com\\\/wp-content\\\/uploads\\\/2019\\\/04\\\/Raynet-CRM-logo1.png\",\"datePublished\":\"2019-04-19T16:08:00+00:00\",\"dateModified\":\"2023-02-28T09:54:11+00:00\",\"description\":\"Raynet CRM: recensione software CRM gratuito e open source per gestire al meglio le relazioni con i clienti delle piccole e medie imprese.\",\"breadcrumb\":{\"@id\":\"https:\\\/\\\/www.accuratereviews.com\\\/it\\\/crm-software-migliori-lista\\\/raynet-crm-recensione\\\/#breadcrumb\"},\"inLanguage\":\"it-IT\",\"potentialAction\":[{\"@type\":\"ReadAction\",\"target\":[\"https:\\\/\\\/www.accuratereviews.com\\\/it\\\/crm-software-migliori-lista\\\/raynet-crm-recensione\\\/\"]}]},{\"@type\":\"ImageObject\",\"inLanguage\":\"it-IT\",\"@id\":\"https:\\\/\\\/www.accuratereviews.com\\\/it\\\/crm-software-migliori-lista\\\/raynet-crm-recensione\\\/#primaryimage\",\"url\":\"https:\\\/\\\/www.accuratereviews.com\\\/wp-content\\\/uploads\\\/2019\\\/04\\\/Raynet-CRM-logo1.png\",\"contentUrl\":\"https:\\\/\\\/www.accuratereviews.com\\\/wp-content\\\/uploads\\\/2019\\\/04\\\/Raynet-CRM-logo1.png\",\"width\":900,\"height\":600},{\"@type\":\"BreadcrumbList\",\"@id\":\"https:\\\/\\\/www.accuratereviews.com\\\/it\\\/crm-software-migliori-lista\\\/raynet-crm-recensione\\\/#breadcrumb\",\"itemListElement\":[{\"@type\":\"ListItem\",\"position\":1,\"name\":\"Home\",\"item\":\"https:\\\/\\\/www.accuratereviews.com\\\/it\\\/\"},{\"@type\":\"ListItem\",\"position\":2,\"name\":\"CRM: i software migliori\",\"item\":\"https:\\\/\\\/www.accuratereviews.com\\\/it\\\/crm-software-migliori-lista\\\/\"},{\"@type\":\"ListItem\",\"position\":3,\"name\":\"Raynet CRM\"}]},{\"@type\":\"WebSite\",\"@id\":\"https:\\\/\\\/www.accuratereviews.com\\\/it\\\/#website\",\"url\":\"https:\\\/\\\/www.accuratereviews.com\\\/it\\\/\",\"name\":\"Accurate Reviews\",\"description\":\"\",\"potentialAction\":[{\"@type\":\"SearchAction\",\"target\":{\"@type\":\"EntryPoint\",\"urlTemplate\":\"https:\\\/\\\/www.accuratereviews.com\\\/it\\\/?s={search_term_string}\"},\"query-input\":{\"@type\":\"PropertyValueSpecification\",\"valueRequired\":true,\"valueName\":\"search_term_string\"}}],\"inLanguage\":\"it-IT\"}]}<\/script>\n<!-- \/ Yoast SEO plugin. -->","yoast_head_json":{"title":"Raynet CRM: recensione software CRM - Accurate Reviews","description":"Raynet CRM: recensione software CRM gratuito e open source per gestire al meglio le relazioni con i clienti delle piccole e medie imprese.","robots":{"index":"index","follow":"follow","max-snippet":"max-snippet:-1","max-image-preview":"max-image-preview:large","max-video-preview":"max-video-preview:-1"},"canonical":"https:\/\/www.accuratereviews.com\/it\/crm-software-migliori-lista\/raynet-crm-recensione\/","og_locale":"it_IT","og_type":"article","og_title":"Raynet CRM: recensione software CRM - Accurate Reviews","og_description":"Raynet CRM: recensione software CRM gratuito e open source per gestire al meglio le relazioni con i clienti delle piccole e medie imprese.","og_url":"https:\/\/www.accuratereviews.com\/it\/crm-software-migliori-lista\/raynet-crm-recensione\/","og_site_name":"Accurate Reviews","article_modified_time":"2023-02-28T09:54:11+00:00","og_image":[{"width":900,"height":600,"url":"https:\/\/www.accuratereviews.com\/wp-content\/uploads\/2019\/04\/Raynet-CRM-logo1.png","type":"image\/png"}],"twitter_card":"summary_large_image","twitter_misc":{"Tempo di lettura stimato":"3 minuti"},"schema":{"@context":"https:\/\/schema.org","@graph":[{"@type":"WebPage","@id":"https:\/\/www.accuratereviews.com\/it\/crm-software-migliori-lista\/raynet-crm-recensione\/","url":"https:\/\/www.accuratereviews.com\/it\/crm-software-migliori-lista\/raynet-crm-recensione\/","name":"Raynet CRM: recensione software CRM - Accurate Reviews","isPartOf":{"@id":"https:\/\/www.accuratereviews.com\/it\/#website"},"primaryImageOfPage":{"@id":"https:\/\/www.accuratereviews.com\/it\/crm-software-migliori-lista\/raynet-crm-recensione\/#primaryimage"},"image":{"@id":"https:\/\/www.accuratereviews.com\/it\/crm-software-migliori-lista\/raynet-crm-recensione\/#primaryimage"},"thumbnailUrl":"https:\/\/www.accuratereviews.com\/wp-content\/uploads\/2019\/04\/Raynet-CRM-logo1.png","datePublished":"2019-04-19T16:08:00+00:00","dateModified":"2023-02-28T09:54:11+00:00","description":"Raynet CRM: recensione software CRM gratuito e open source per gestire al meglio le relazioni con i clienti delle piccole e medie imprese.","breadcrumb":{"@id":"https:\/\/www.accuratereviews.com\/it\/crm-software-migliori-lista\/raynet-crm-recensione\/#breadcrumb"},"inLanguage":"it-IT","potentialAction":[{"@type":"ReadAction","target":["https:\/\/www.accuratereviews.com\/it\/crm-software-migliori-lista\/raynet-crm-recensione\/"]}]},{"@type":"ImageObject","inLanguage":"it-IT","@id":"https:\/\/www.accuratereviews.com\/it\/crm-software-migliori-lista\/raynet-crm-recensione\/#primaryimage","url":"https:\/\/www.accuratereviews.com\/wp-content\/uploads\/2019\/04\/Raynet-CRM-logo1.png","contentUrl":"https:\/\/www.accuratereviews.com\/wp-content\/uploads\/2019\/04\/Raynet-CRM-logo1.png","width":900,"height":600},{"@type":"BreadcrumbList","@id":"https:\/\/www.accuratereviews.com\/it\/crm-software-migliori-lista\/raynet-crm-recensione\/#breadcrumb","itemListElement":[{"@type":"ListItem","position":1,"name":"Home","item":"https:\/\/www.accuratereviews.com\/it\/"},{"@type":"ListItem","position":2,"name":"CRM: i software migliori","item":"https:\/\/www.accuratereviews.com\/it\/crm-software-migliori-lista\/"},{"@type":"ListItem","position":3,"name":"Raynet CRM"}]},{"@type":"WebSite","@id":"https:\/\/www.accuratereviews.com\/it\/#website","url":"https:\/\/www.accuratereviews.com\/it\/","name":"Accurate Reviews","description":"","potentialAction":[{"@type":"SearchAction","target":{"@type":"EntryPoint","urlTemplate":"https:\/\/www.accuratereviews.com\/it\/?s={search_term_string}"},"query-input":{"@type":"PropertyValueSpecification","valueRequired":true,"valueName":"search_term_string"}}],"inLanguage":"it-IT"}]}},"_links":{"self":[{"href":"https:\/\/www.accuratereviews.com\/it\/wp-json\/wp\/v2\/pages\/13585","targetHints":{"allow":["GET"]}}],"collection":[{"href":"https:\/\/www.accuratereviews.com\/it\/wp-json\/wp\/v2\/pages"}],"about":[{"href":"https:\/\/www.accuratereviews.com\/it\/wp-json\/wp\/v2\/types\/page"}],"author":[{"embeddable":true,"href":"https:\/\/www.accuratereviews.com\/it\/wp-json\/wp\/v2\/users\/19"}],"replies":[{"embeddable":true,"href":"https:\/\/www.accuratereviews.com\/it\/wp-json\/wp\/v2\/comments?post=13585"}],"version-history":[{"count":13,"href":"https:\/\/www.accuratereviews.com\/it\/wp-json\/wp\/v2\/pages\/13585\/revisions"}],"predecessor-version":[{"id":67561,"href":"https:\/\/www.accuratereviews.com\/it\/wp-json\/wp\/v2\/pages\/13585\/revisions\/67561"}],"up":[{"embeddable":true,"href":"https:\/\/www.accuratereviews.com\/it\/wp-json\/wp\/v2\/pages\/5966"}],"wp:featuredmedia":[{"embeddable":true,"href":"https:\/\/www.accuratereviews.com\/it\/wp-json\/wp\/v2\/media\/13594"}],"wp:attachment":[{"href":"https:\/\/www.accuratereviews.com\/it\/wp-json\/wp\/v2\/media?parent=13585"}],"wp:term":[{"taxonomy":"category","embeddable":true,"href":"https:\/\/www.accuratereviews.com\/it\/wp-json\/wp\/v2\/categories?post=13585"},{"taxonomy":"post_tag","embeddable":true,"href":"https:\/\/www.accuratereviews.com\/it\/wp-json\/wp\/v2\/tags?post=13585"},{"taxonomy":"features","embeddable":true,"href":"https:\/\/www.accuratereviews.com\/it\/wp-json\/wp\/v2\/features?post=13585"}],"curies":[{"name":"wp","href":"https:\/\/api.w.org\/{rel}","templated":true}]}}