{"id":13607,"date":"2019-04-23T11:12:51","date_gmt":"2019-04-23T11:12:51","guid":{"rendered":"https:\/\/www.accuratereviews.com\/?page_id=13607"},"modified":"2023-03-02T07:28:12","modified_gmt":"2023-03-02T07:28:12","slug":"zurmo-recensione","status":"publish","type":"page","link":"https:\/\/www.accuratereviews.com\/it\/crm-software-migliori-lista\/zurmo-recensione\/","title":{"rendered":"Zurmo"},"content":{"rendered":"<p><strong>Zurmo<\/strong> \u00e8 un <strong>software CRM<\/strong> che permette alle aziende di <strong>migliorare le relazioni con i loro clienti<\/strong> in modo tale da ottimizzare anche le vendite. Essendo <strong>open source<\/strong>, consente quindi a chiunque di modellare e personalizzare l&#8217;intero <strong>sistema CRM<\/strong> a proprio piacimento, andando cos\u00ec incontro alle esigenze di tutti. Il <strong>Costumer Relationship Manager<\/strong> si pone come obiettivo primario quello di dare <strong>maggiore attenzione al cliente<\/strong> e di costruire un rapporto di fiducia con lo stesso; in questo modo, non solo sar\u00e0 pi\u00f9 facile mantenere i clienti attuali gi\u00e0 fidelizzati, ma sar\u00e0 anche possibile acquisirne di nuovi.<\/p>\n<p>Con Zurmo tutte quelle operazioni complesse e che richiedevano tempi pi\u00f9 lunghi, saranno velocizzate tanto da garantirti un pieno <strong>controllo della tua azienda<\/strong> e di tutte le attivit\u00e0 che la interessano.<\/p>\n<h2>ZURMO &#8211; TUTORIAL<\/h2>\n<p>Diamo un&#8217;occhiata a questo breve tutorial che ci permette di comprendere meglio come funziona questo<strong> sistema CRM<\/strong>:<\/p>\n<div id=\"fluid-wrapper-counter-1\" class=\"g1-fluid-wrapper \" style=\"width:686px;\">\n<div style=\"padding-bottom:56.268221574344%;\"><iframe loading=\"lazy\" title=\"Zurmo CRM Review\" width=\"686\" height=\"386\" src=\"https:\/\/www.youtube.com\/embed\/xElPpYbzIas?feature=oembed&amp;wmode=transparent&amp;autohide=1&amp;autoplay=0&amp;disablekb=0&amp;fs=1&amp;loop=0&amp;enablejsapi=1&amp;rel=0&amp;controls=2&amp;showinfo=0&amp;wmode=transparent&amp;autohide=2&amp;autoplay=0&amp;disablekb=0&amp;fs=1&amp;loop=0&amp;enablejsapi=1&amp;rel=0&amp;controls=2&amp;showinfo=1\" frameborder=\"0\" allow=\"accelerometer; autoplay; clipboard-write; encrypted-media; gyroscope; picture-in-picture; web-share\" allowfullscreen><\/iframe><\/div>\n<\/div>\n<h3>ZURMO &#8211; CARATTERISTICHE<\/h3>\n<p>Di seguito le principali caratteristiche di Zurmo:<\/p>\n<ul>\n<li><strong>Gestione dei clienti<\/strong>: gestisci i contatti, gli account e i lead in modo semplice e organizzato<\/li>\n<li><strong>Gestione delle attivit\u00e0<\/strong>: tieni sotto controllo riunioni, attivit\u00e0, note, appuntamenti in modo da essere sempre informato su tutto<\/li>\n<li><strong>Tracciamento delle offerte<\/strong>: crea e gestisci le opportunit\u00e0 di offerta, tenendo traccia della pipeline delle vendite<\/li>\n<li><strong>Gamification<\/strong>: premia e motiva gli utenti con punteggi, distintivi e molto altro<\/li>\n<li><strong>Sistema reportistico<\/strong>: utilizza report aziendali che ti permettono di avere una visione di 360\u00b0 della tua azienda<\/li>\n<li><strong>Gestione dei flussi di lavoro<\/strong>: crea flussi di lavoro personalizzata e tieni sotto controllo tutti gli eventi futuri o passati<\/li>\n<li><strong>Automazione del marketing<\/strong>: crea e invia campagne di marketing, crea cataloghi di prodotti, gestisci articoli e quantit\u00e0 del prodotto<\/li>\n<li><strong>Internazionalizzazione<\/strong>: a tua disposizione un language pack che comprende anche la conversione di valuta in tempo reale e il supporto per il fuso orario<\/li>\n<li><strong>Integrazioni<\/strong>: integra Zurmo con la tua casella email, Google Mapping, Geocode ecc.<\/li>\n<li><strong>Formazione gratuita<\/strong>: accedi a tutto il materiale gratuito che offre Zurmo, tutorial, live demo, forum e molto altro.<\/li>\n<\/ul>\n","protected":false},"excerpt":{"rendered":"<p>Zurmo \u00e8 un software CRM che permette alle aziende di migliorare le relazioni con i loro clienti in modo tale da ottimizzare anche le vendite. \u00c8 open source e quindi consente a chiunque se ne intenda, di modellare e personalizzare l&#8217;intero sistema CRM a proprio piacimento, andando cos\u00ec in contro alle esigenze di tutti.\u00a0<\/p>\n","protected":false},"author":17,"featured_media":13609,"parent":5966,"menu_order":0,"comment_status":"open","ping_status":"closed","template":"g1_template_page_review_new.php","meta":{"_acf_changed":false,"cwp_meta_box_check":"Yes","cwp_rev_product_name":"","cwp_rev_product_image":"","wppr_links":[],"cwp_rev_price":"","wppr_options":[{"name":"Usability","value":"0"},{"name":"Speed","value":"0"},{"name":"Features","value":"0"},{"name":"Support","value":"0"},{"name":"Pricing","value":"0"}],"wppr_pros":["","","","",""],"wppr_cons":["","","","",""],"_monsterinsights_skip_tracking":false,"_monsterinsights_sitenote_active":false,"_monsterinsights_sitenote_note":"","_monsterinsights_sitenote_category":0,"footnotes":""},"categories":[120],"tags":[10761,10868,425,246,427],"features":[],"class_list":{"0":"post-13607","1":"page","2":"type-page","3":"status-publish","4":"has-post-thumbnail","6":"category-crm-it","7":"tag-crm-software-2-it","8":"tag-customer-relationship-management-2-it","9":"tag-gestione-clienti","10":"tag-open-source","11":"tag-programma-crm"},"wppr_data":{"cwp_meta_box_check":"Yes","cwp_rev_product_name":"","_wppr_review_template":"default","cwp_rev_product_image":"","cwp_image_link":"image","wppr_links":[],"cwp_rev_price":"","wppr_pros":["","","","",""],"wppr_cons":["","","","",""],"wppr_rating":"0.00","wppr_options":{"1":{"name":"Usability","value":"0"},"2":{"name":"Speed","value":"0"},"3":{"name":"Features","value":"0"},"4":{"name":"Support","value":"0"},"5":{"name":"Pricing","value":"0"}},"wppr_review_type":"Product","wppr_review_custom_fields":{"additionalProperty":"","additionalType":"","aggregateRating":"","alternateName":"","audience":"","award":"","awards":"","brand":"","color":"","depth":"","description":"","disambiguatingDescription":"","gtin12":"","gtin13":"","gtin14":"","gtin8":"","height":"","identifier":"","image":"","isAccessoryOrSparePartFor":"","isConsumableFor":"","isRelatedTo":"","isSimilarTo":"","itemCondition":"","logo":"","mainEntityOfPage":"","manufacturer":"","material":"","model":"","mpn":"","name":"","offers":"","potentialAction":"","productID":"","productionDate":"","purchaseDate":"","releaseDate":"","review":"","reviews":"","sameAs":"","sku":"","slogan":"","subjectOf":"","url":"","weight":"","width":""}},"acf":[],"yoast_head":"<!-- This site is optimized with the Yoast SEO plugin v27.4 - https:\/\/yoast.com\/product\/yoast-seo-wordpress\/ -->\n<title>Zurmo: recensione software CRM - Accurate Reviews<\/title>\n<meta name=\"description\" content=\"Zurmo: recensione del software CRM che permette alle aziende di migliorare le relazioni con i loro clienti in modo tale da ottimizzare anche le vendite.\" \/>\n<meta name=\"robots\" content=\"index, follow, max-snippet:-1, max-image-preview:large, max-video-preview:-1\" \/>\n<link rel=\"canonical\" href=\"https:\/\/www.accuratereviews.com\/it\/crm-software-migliori-lista\/zurmo-recensione\/\" \/>\n<meta property=\"og:locale\" content=\"it_IT\" \/>\n<meta property=\"og:type\" content=\"article\" \/>\n<meta property=\"og:title\" content=\"Zurmo: recensione software CRM - Accurate Reviews\" \/>\n<meta property=\"og:description\" content=\"Zurmo: recensione del software CRM che permette alle aziende di migliorare le relazioni con i loro clienti in modo tale da ottimizzare anche le vendite.\" \/>\n<meta property=\"og:url\" content=\"https:\/\/www.accuratereviews.com\/it\/crm-software-migliori-lista\/zurmo-recensione\/\" \/>\n<meta property=\"og:site_name\" content=\"Accurate Reviews\" \/>\n<meta property=\"article:modified_time\" content=\"2023-03-02T07:28:12+00:00\" \/>\n<meta property=\"og:image\" content=\"https:\/\/www.accuratereviews.com\/wp-content\/uploads\/2019\/04\/Zurmo-logo1.png\" \/>\n\t<meta property=\"og:image:width\" content=\"900\" \/>\n\t<meta property=\"og:image:height\" content=\"600\" \/>\n\t<meta property=\"og:image:type\" content=\"image\/png\" \/>\n<meta name=\"twitter:card\" content=\"summary_large_image\" \/>\n<meta name=\"twitter:label1\" content=\"Tempo di lettura stimato\" \/>\n\t<meta name=\"twitter:data1\" content=\"2 minuti\" \/>\n<script type=\"application\/ld+json\" class=\"yoast-schema-graph\">{\"@context\":\"https:\\\/\\\/schema.org\",\"@graph\":[{\"@type\":\"WebPage\",\"@id\":\"https:\\\/\\\/www.accuratereviews.com\\\/it\\\/crm-software-migliori-lista\\\/zurmo-recensione\\\/\",\"url\":\"https:\\\/\\\/www.accuratereviews.com\\\/it\\\/crm-software-migliori-lista\\\/zurmo-recensione\\\/\",\"name\":\"Zurmo: recensione software CRM - Accurate Reviews\",\"isPartOf\":{\"@id\":\"https:\\\/\\\/www.accuratereviews.com\\\/it\\\/#website\"},\"primaryImageOfPage\":{\"@id\":\"https:\\\/\\\/www.accuratereviews.com\\\/it\\\/crm-software-migliori-lista\\\/zurmo-recensione\\\/#primaryimage\"},\"image\":{\"@id\":\"https:\\\/\\\/www.accuratereviews.com\\\/it\\\/crm-software-migliori-lista\\\/zurmo-recensione\\\/#primaryimage\"},\"thumbnailUrl\":\"https:\\\/\\\/www.accuratereviews.com\\\/wp-content\\\/uploads\\\/2019\\\/04\\\/Zurmo-logo1.png\",\"datePublished\":\"2019-04-23T11:12:51+00:00\",\"dateModified\":\"2023-03-02T07:28:12+00:00\",\"description\":\"Zurmo: recensione del software CRM che permette alle aziende di migliorare le relazioni con i loro clienti in modo tale da ottimizzare anche le vendite.\",\"breadcrumb\":{\"@id\":\"https:\\\/\\\/www.accuratereviews.com\\\/it\\\/crm-software-migliori-lista\\\/zurmo-recensione\\\/#breadcrumb\"},\"inLanguage\":\"it-IT\",\"potentialAction\":[{\"@type\":\"ReadAction\",\"target\":[\"https:\\\/\\\/www.accuratereviews.com\\\/it\\\/crm-software-migliori-lista\\\/zurmo-recensione\\\/\"]}]},{\"@type\":\"ImageObject\",\"inLanguage\":\"it-IT\",\"@id\":\"https:\\\/\\\/www.accuratereviews.com\\\/it\\\/crm-software-migliori-lista\\\/zurmo-recensione\\\/#primaryimage\",\"url\":\"https:\\\/\\\/www.accuratereviews.com\\\/wp-content\\\/uploads\\\/2019\\\/04\\\/Zurmo-logo1.png\",\"contentUrl\":\"https:\\\/\\\/www.accuratereviews.com\\\/wp-content\\\/uploads\\\/2019\\\/04\\\/Zurmo-logo1.png\",\"width\":900,\"height\":600},{\"@type\":\"BreadcrumbList\",\"@id\":\"https:\\\/\\\/www.accuratereviews.com\\\/it\\\/crm-software-migliori-lista\\\/zurmo-recensione\\\/#breadcrumb\",\"itemListElement\":[{\"@type\":\"ListItem\",\"position\":1,\"name\":\"Home\",\"item\":\"https:\\\/\\\/www.accuratereviews.com\\\/it\\\/\"},{\"@type\":\"ListItem\",\"position\":2,\"name\":\"CRM: i software migliori\",\"item\":\"https:\\\/\\\/www.accuratereviews.com\\\/it\\\/crm-software-migliori-lista\\\/\"},{\"@type\":\"ListItem\",\"position\":3,\"name\":\"Zurmo\"}]},{\"@type\":\"WebSite\",\"@id\":\"https:\\\/\\\/www.accuratereviews.com\\\/it\\\/#website\",\"url\":\"https:\\\/\\\/www.accuratereviews.com\\\/it\\\/\",\"name\":\"Accurate Reviews\",\"description\":\"\",\"potentialAction\":[{\"@type\":\"SearchAction\",\"target\":{\"@type\":\"EntryPoint\",\"urlTemplate\":\"https:\\\/\\\/www.accuratereviews.com\\\/it\\\/?s={search_term_string}\"},\"query-input\":{\"@type\":\"PropertyValueSpecification\",\"valueRequired\":true,\"valueName\":\"search_term_string\"}}],\"inLanguage\":\"it-IT\"}]}<\/script>\n<!-- \/ Yoast SEO plugin. -->","yoast_head_json":{"title":"Zurmo: recensione software CRM - Accurate Reviews","description":"Zurmo: recensione del software CRM che permette alle aziende di migliorare le relazioni con i loro clienti in modo tale da ottimizzare anche le vendite.","robots":{"index":"index","follow":"follow","max-snippet":"max-snippet:-1","max-image-preview":"max-image-preview:large","max-video-preview":"max-video-preview:-1"},"canonical":"https:\/\/www.accuratereviews.com\/it\/crm-software-migliori-lista\/zurmo-recensione\/","og_locale":"it_IT","og_type":"article","og_title":"Zurmo: recensione software CRM - Accurate Reviews","og_description":"Zurmo: recensione del software CRM che permette alle aziende di migliorare le relazioni con i loro clienti in modo tale da ottimizzare anche le vendite.","og_url":"https:\/\/www.accuratereviews.com\/it\/crm-software-migliori-lista\/zurmo-recensione\/","og_site_name":"Accurate Reviews","article_modified_time":"2023-03-02T07:28:12+00:00","og_image":[{"width":900,"height":600,"url":"https:\/\/www.accuratereviews.com\/wp-content\/uploads\/2019\/04\/Zurmo-logo1.png","type":"image\/png"}],"twitter_card":"summary_large_image","twitter_misc":{"Tempo di lettura stimato":"2 minuti"},"schema":{"@context":"https:\/\/schema.org","@graph":[{"@type":"WebPage","@id":"https:\/\/www.accuratereviews.com\/it\/crm-software-migliori-lista\/zurmo-recensione\/","url":"https:\/\/www.accuratereviews.com\/it\/crm-software-migliori-lista\/zurmo-recensione\/","name":"Zurmo: recensione software CRM - Accurate Reviews","isPartOf":{"@id":"https:\/\/www.accuratereviews.com\/it\/#website"},"primaryImageOfPage":{"@id":"https:\/\/www.accuratereviews.com\/it\/crm-software-migliori-lista\/zurmo-recensione\/#primaryimage"},"image":{"@id":"https:\/\/www.accuratereviews.com\/it\/crm-software-migliori-lista\/zurmo-recensione\/#primaryimage"},"thumbnailUrl":"https:\/\/www.accuratereviews.com\/wp-content\/uploads\/2019\/04\/Zurmo-logo1.png","datePublished":"2019-04-23T11:12:51+00:00","dateModified":"2023-03-02T07:28:12+00:00","description":"Zurmo: recensione del software CRM che permette alle aziende di migliorare le relazioni con i loro clienti in modo tale da ottimizzare anche le vendite.","breadcrumb":{"@id":"https:\/\/www.accuratereviews.com\/it\/crm-software-migliori-lista\/zurmo-recensione\/#breadcrumb"},"inLanguage":"it-IT","potentialAction":[{"@type":"ReadAction","target":["https:\/\/www.accuratereviews.com\/it\/crm-software-migliori-lista\/zurmo-recensione\/"]}]},{"@type":"ImageObject","inLanguage":"it-IT","@id":"https:\/\/www.accuratereviews.com\/it\/crm-software-migliori-lista\/zurmo-recensione\/#primaryimage","url":"https:\/\/www.accuratereviews.com\/wp-content\/uploads\/2019\/04\/Zurmo-logo1.png","contentUrl":"https:\/\/www.accuratereviews.com\/wp-content\/uploads\/2019\/04\/Zurmo-logo1.png","width":900,"height":600},{"@type":"BreadcrumbList","@id":"https:\/\/www.accuratereviews.com\/it\/crm-software-migliori-lista\/zurmo-recensione\/#breadcrumb","itemListElement":[{"@type":"ListItem","position":1,"name":"Home","item":"https:\/\/www.accuratereviews.com\/it\/"},{"@type":"ListItem","position":2,"name":"CRM: i software migliori","item":"https:\/\/www.accuratereviews.com\/it\/crm-software-migliori-lista\/"},{"@type":"ListItem","position":3,"name":"Zurmo"}]},{"@type":"WebSite","@id":"https:\/\/www.accuratereviews.com\/it\/#website","url":"https:\/\/www.accuratereviews.com\/it\/","name":"Accurate Reviews","description":"","potentialAction":[{"@type":"SearchAction","target":{"@type":"EntryPoint","urlTemplate":"https:\/\/www.accuratereviews.com\/it\/?s={search_term_string}"},"query-input":{"@type":"PropertyValueSpecification","valueRequired":true,"valueName":"search_term_string"}}],"inLanguage":"it-IT"}]}},"_links":{"self":[{"href":"https:\/\/www.accuratereviews.com\/it\/wp-json\/wp\/v2\/pages\/13607","targetHints":{"allow":["GET"]}}],"collection":[{"href":"https:\/\/www.accuratereviews.com\/it\/wp-json\/wp\/v2\/pages"}],"about":[{"href":"https:\/\/www.accuratereviews.com\/it\/wp-json\/wp\/v2\/types\/page"}],"author":[{"embeddable":true,"href":"https:\/\/www.accuratereviews.com\/it\/wp-json\/wp\/v2\/users\/17"}],"replies":[{"embeddable":true,"href":"https:\/\/www.accuratereviews.com\/it\/wp-json\/wp\/v2\/comments?post=13607"}],"version-history":[{"count":9,"href":"https:\/\/www.accuratereviews.com\/it\/wp-json\/wp\/v2\/pages\/13607\/revisions"}],"predecessor-version":[{"id":67646,"href":"https:\/\/www.accuratereviews.com\/it\/wp-json\/wp\/v2\/pages\/13607\/revisions\/67646"}],"up":[{"embeddable":true,"href":"https:\/\/www.accuratereviews.com\/it\/wp-json\/wp\/v2\/pages\/5966"}],"wp:featuredmedia":[{"embeddable":true,"href":"https:\/\/www.accuratereviews.com\/it\/wp-json\/wp\/v2\/media\/13609"}],"wp:attachment":[{"href":"https:\/\/www.accuratereviews.com\/it\/wp-json\/wp\/v2\/media?parent=13607"}],"wp:term":[{"taxonomy":"category","embeddable":true,"href":"https:\/\/www.accuratereviews.com\/it\/wp-json\/wp\/v2\/categories?post=13607"},{"taxonomy":"post_tag","embeddable":true,"href":"https:\/\/www.accuratereviews.com\/it\/wp-json\/wp\/v2\/tags?post=13607"},{"taxonomy":"features","embeddable":true,"href":"https:\/\/www.accuratereviews.com\/it\/wp-json\/wp\/v2\/features?post=13607"}],"curies":[{"name":"wp","href":"https:\/\/api.w.org\/{rel}","templated":true}]}}