{"id":13687,"date":"2019-04-29T09:14:11","date_gmt":"2019-04-29T09:14:11","guid":{"rendered":"https:\/\/www.accuratereviews.com\/?page_id=13687"},"modified":"2023-03-02T08:07:03","modified_gmt":"2023-03-02T08:07:03","slug":"streak-recensione","status":"publish","type":"page","link":"https:\/\/www.accuratereviews.com\/it\/crm-software-migliori-lista\/streak-recensione\/","title":{"rendered":"Streak"},"content":{"rendered":"<p class=\"tw-data-text tw-ta tw-text-small\" dir=\"ltr\" data-placeholder=\"Traduzione\"><span lang=\"it\" tabindex=\"0\"><strong>Streak<\/strong> \u00e8 una soluzione <strong>CRM<\/strong> basata su <strong>cloud<\/strong> che si integra con l&#8217;account <strong>Gmail.<\/strong>\u00a0Le sue funzionalit\u00e0 includono il monitoraggio delle vendite, la gestione dei progetti, lo sviluppo del business, le email pianificate, i promemoria e altro ancora. \u00c8 c<\/span><span lang=\"it\" tabindex=\"0\">ompletamente personalizzabile, offrendoti il \u200b\u200bcontrollo completo per costruire il tuo <strong>CRM<\/strong> in base alle tue esigenze,\u00a0<\/span><span lang=\"it\" tabindex=\"0\">condividi i dati, contatti, email, file e altro ancora con il tuo team in modo da portare a termine un lavoro.\u00a0<\/span><span lang=\"it\" tabindex=\"0\">Pianifica le email per i momenti in cui avranno maggiore impatto e a<\/span><span lang=\"it\" tabindex=\"0\">cquisisci automaticamente i dati dai tuoi contatti.<\/span><\/p>\n<h2 dir=\"ltr\" data-placeholder=\"Traduzione\">STREAK &#8211; TUTORIAL<\/h2>\n<p>Il tutorial mostra come sfruttare le funzioni di questo <strong>software CRM<\/strong>:<\/p>\n<div id=\"fluid-wrapper-counter-1\" class=\"g1-fluid-wrapper \" style=\"width:686px;\">\n<div style=\"padding-bottom:56.268221574344%;\"><iframe loading=\"lazy\" title=\"Welcome to Streak\" width=\"686\" height=\"386\" src=\"https:\/\/www.youtube.com\/embed\/oYrNZGQ2mu0?start=11&#038;feature=oembed&amp;wmode=transparent&amp;autohide=1&amp;autoplay=0&amp;disablekb=0&amp;fs=1&amp;loop=0&amp;enablejsapi=1&amp;rel=0&amp;controls=2&amp;showinfo=0&amp;wmode=transparent&amp;autohide=2&amp;autoplay=0&amp;disablekb=0&amp;fs=1&amp;loop=0&amp;enablejsapi=1&amp;rel=0&amp;controls=2&amp;showinfo=1\" frameborder=\"0\" allow=\"accelerometer; autoplay; clipboard-write; encrypted-media; gyroscope; picture-in-picture; web-share\" allowfullscreen><\/iframe><\/div>\n<\/div>\n<h3>STREAK &#8211; CARATTERISTICHE<\/h3>\n<ul>\n<li id=\"tw-target-text\" class=\"tw-data-text tw-ta tw-text-small\" dir=\"ltr\" data-placeholder=\"Traduzione\"><span lang=\"it\" tabindex=\"0\"><strong>Visualizza<\/strong> i dettagli della tua pipeline direttamente accanto alle email<\/span><\/li>\n<li class=\"tw-data-text tw-ta tw-text-small\" dir=\"ltr\" data-placeholder=\"Traduzione\"><span lang=\"it\" tabindex=\"0\"><strong>Arricchisci<\/strong> automaticamente i tuoi contatti con informazioni quali nome, azienda e conteggio dei dipendenti<\/span><\/li>\n<li class=\"tw-data-text tw-ta tw-text-small\" dir=\"ltr\" data-placeholder=\"Traduzione\"><span lang=\"it\" tabindex=\"0\"><strong>Tiene traccia e condividi<\/strong> automaticamente ogni interazione nell&#8217;intero team, inclusi email, registri delle chiamate, file, note, attivit\u00e0 e altro ancora<\/span><\/li>\n<li class=\"tw-data-text tw-ta tw-text-small\" dir=\"ltr\" data-placeholder=\"Traduzione\"><span lang=\"it\" tabindex=\"0\"><strong>Cerca, filtra, raggruppa e ordina<\/strong> i tuoi dati a tuo piacimento<\/span><\/li>\n<li class=\"tw-data-text tw-ta tw-text-small\" dir=\"ltr\" data-placeholder=\"Traduzione\"><span lang=\"it\" tabindex=\"0\"><strong>Aggiungi, rimuovi, riorganizza, personalizza e colora<\/strong> le fasi della pipeline per adattarla al tuo flusso di lavoro in continua evoluzione<\/span><\/li>\n<\/ul>\n<h4>LE RECENSIONI DEGLI UTENTI<\/h4>\n<p><strong>David &#8220;Il miglior CRM multi dimensionale&#8221;<\/strong><br \/>\nCommenti: Streak \u00e8 uno strumento utile per le aziende che vogliono gestire le relazioni con i clienti e tenere traccia dell&#8217;andamento delle vendite e di altri processi all&#8217;interno di un&#8217;unica piattaforma.<br \/>\nPro: Permette agli utenti di gestire le interazioni con i clienti, le pipeline di vendita e altri dati relativi al proprio business all&#8217;interno di un&#8217;unica piattaforma.<br \/>\nContro: Streak potrebbe non essere adatto alle aziende che hanno un gran numero di interazioni con i clienti e di dati da gestire. La piattaforma \u00e8 stata progettata per le piccole e medie imprese e potrebbe non avere la scalabilit\u00e0 o la robustezza necessarie per gestire le esigenze delle grandi organizzazioni.<\/p>\n<p><strong>Tha &#8220;Un servizio eccellente che funziona con Gmail ed \u00e8 gratuito!&#8221;<\/strong><br \/>\nPro: Streak ci d\u00e0 la possibilit\u00e0 di gestire gli affari da Gmail e lo adoro. Tutto ci\u00f2 che serve per accedere all&#8217;opzione &#8220;chiuso&#8221; \u00e8 memorizzato nella vostra e-mail. Streak cattura le offerte e trasforma Gmail in un CRM flessibile e completo. Un&#8217;altra cosa che mi piace \u00e8 il design intuitivo. Streak \u00e8 una soluzione elegante che tutto il team vorr\u00e0 utilizzare. La possibilit\u00e0 di archiviare le e-mail e di trovarle rende Streak uno strumento davvero efficiente. In breve, \u00e8 un CRM efficiente con molte funzioni che mi piacciono.<br \/>\nContro: Non ho avuto alcun problema con Streak, \u00e8 un ottimo software che amo usare.<\/p>\n<p><strong>Corey &#8220;Ottimo, semplice e facile da implementare il tracciamento delle email&#8221;.<\/strong><br \/>\nCommenti: Ho amato usare Streak. Quando sono passato a una nuova azienda per occuparmi di vendite, una delle prime cose che dovevo impostare era il monitoraggio delle e-mail. Avevo gi\u00e0 usato Streak e per il prezzo e la facilit\u00e0 d&#8217;uso \u00e8 stata la prima cosa che ho impostato. Non ho nemmeno guardato gli altri. \u00c8 una soluzione semplice e grandiosa, con grandi intuizioni.<br \/>\nPro: Semplice, facile, veloce da configurare, intuizioni facili e rapide su chi ha aperto e chi no.<br \/>\nContro: Il live feed delle aperture interferisce con il mio Rapportive, mostrando il profilo Linkedin dell&#8217;indirizzo e-mail su cui passo il mouse. Se Streak aggiungesse questo componente, me ne innamorerei.<\/p>\n","protected":false},"excerpt":{"rendered":"<p>Streak \u00e8 una soluzione CRM basata su cloud che si integra con l&#8217;account Gmail.\u00a0Le sue funzionalit\u00e0 includono il monitoraggio delle vendite, la gestione dei progetti, lo sviluppo del business, le email pianificate, i promemoria e altro ancora. \u00c8 completamente personalizzabile, offrendoti il \u200b\u200bcontrollo completo per costruire il tuo CRM in base alle tue esigenze.<\/p>\n","protected":false},"author":19,"featured_media":13691,"parent":5966,"menu_order":0,"comment_status":"open","ping_status":"closed","template":"g1_template_page_review_new.php","meta":{"_acf_changed":false,"cwp_meta_box_check":"No","cwp_rev_product_name":"","cwp_rev_product_image":"","wppr_links":[],"cwp_rev_price":"","wppr_options":[],"wppr_pros":[],"wppr_cons":[],"_monsterinsights_skip_tracking":false,"_monsterinsights_sitenote_active":false,"_monsterinsights_sitenote_note":"","_monsterinsights_sitenote_category":0,"footnotes":""},"categories":[120],"tags":[396,427,496,1837],"features":[],"class_list":{"0":"post-13687","1":"page","2":"type-page","3":"status-publish","4":"has-post-thumbnail","6":"category-crm-it","7":"tag-cloud","8":"tag-programma-crm","9":"tag-programma-crm-gratuito","10":"tag-software-crm-2-it"},"wppr_data":{"cwp_meta_box_check":"No"},"acf":[],"yoast_head":"<!-- This site is optimized with the Yoast SEO plugin v27.4 - https:\/\/yoast.com\/product\/yoast-seo-wordpress\/ -->\n<title>Streak: recensione software CRM- Accurate Reviews<\/title>\n<meta name=\"description\" content=\"Streak: recensione software CRM basata su cloud che si integra con l&#039;account Gmail. \u00c8 completamente personalizzabile per creare un CRM su misura per te.\" \/>\n<meta name=\"robots\" content=\"index, follow, max-snippet:-1, max-image-preview:large, max-video-preview:-1\" \/>\n<link rel=\"canonical\" href=\"https:\/\/www.accuratereviews.com\/it\/crm-software-migliori-lista\/streak-recensione\/\" \/>\n<meta property=\"og:locale\" content=\"it_IT\" \/>\n<meta property=\"og:type\" content=\"article\" \/>\n<meta property=\"og:title\" content=\"Streak: recensione software CRM- Accurate Reviews\" \/>\n<meta property=\"og:description\" content=\"Streak: recensione software CRM basata su cloud che si integra con l&#039;account Gmail. \u00c8 completamente personalizzabile per creare un CRM su misura per te.\" \/>\n<meta property=\"og:url\" content=\"https:\/\/www.accuratereviews.com\/it\/crm-software-migliori-lista\/streak-recensione\/\" \/>\n<meta property=\"og:site_name\" content=\"Accurate Reviews\" \/>\n<meta property=\"article:modified_time\" content=\"2023-03-02T08:07:03+00:00\" \/>\n<meta property=\"og:image\" content=\"https:\/\/www.accuratereviews.com\/wp-content\/uploads\/2019\/04\/STREAK.png\" \/>\n\t<meta property=\"og:image:width\" content=\"1024\" \/>\n\t<meta property=\"og:image:height\" content=\"512\" \/>\n\t<meta property=\"og:image:type\" content=\"image\/png\" \/>\n<meta name=\"twitter:card\" content=\"summary_large_image\" \/>\n<meta name=\"twitter:label1\" content=\"Tempo di lettura stimato\" \/>\n\t<meta name=\"twitter:data1\" content=\"3 minuti\" \/>\n<script type=\"application\/ld+json\" class=\"yoast-schema-graph\">{\"@context\":\"https:\\\/\\\/schema.org\",\"@graph\":[{\"@type\":\"WebPage\",\"@id\":\"https:\\\/\\\/www.accuratereviews.com\\\/it\\\/crm-software-migliori-lista\\\/streak-recensione\\\/\",\"url\":\"https:\\\/\\\/www.accuratereviews.com\\\/it\\\/crm-software-migliori-lista\\\/streak-recensione\\\/\",\"name\":\"Streak: recensione software CRM- Accurate Reviews\",\"isPartOf\":{\"@id\":\"https:\\\/\\\/www.accuratereviews.com\\\/it\\\/#website\"},\"primaryImageOfPage\":{\"@id\":\"https:\\\/\\\/www.accuratereviews.com\\\/it\\\/crm-software-migliori-lista\\\/streak-recensione\\\/#primaryimage\"},\"image\":{\"@id\":\"https:\\\/\\\/www.accuratereviews.com\\\/it\\\/crm-software-migliori-lista\\\/streak-recensione\\\/#primaryimage\"},\"thumbnailUrl\":\"https:\\\/\\\/www.accuratereviews.com\\\/wp-content\\\/uploads\\\/2019\\\/04\\\/STREAK.png\",\"datePublished\":\"2019-04-29T09:14:11+00:00\",\"dateModified\":\"2023-03-02T08:07:03+00:00\",\"description\":\"Streak: recensione software CRM basata su cloud che si integra con l'account Gmail. \u00c8 completamente personalizzabile per creare un CRM su misura per te.\",\"breadcrumb\":{\"@id\":\"https:\\\/\\\/www.accuratereviews.com\\\/it\\\/crm-software-migliori-lista\\\/streak-recensione\\\/#breadcrumb\"},\"inLanguage\":\"it-IT\",\"potentialAction\":[{\"@type\":\"ReadAction\",\"target\":[\"https:\\\/\\\/www.accuratereviews.com\\\/it\\\/crm-software-migliori-lista\\\/streak-recensione\\\/\"]}]},{\"@type\":\"ImageObject\",\"inLanguage\":\"it-IT\",\"@id\":\"https:\\\/\\\/www.accuratereviews.com\\\/it\\\/crm-software-migliori-lista\\\/streak-recensione\\\/#primaryimage\",\"url\":\"https:\\\/\\\/www.accuratereviews.com\\\/wp-content\\\/uploads\\\/2019\\\/04\\\/STREAK.png\",\"contentUrl\":\"https:\\\/\\\/www.accuratereviews.com\\\/wp-content\\\/uploads\\\/2019\\\/04\\\/STREAK.png\",\"width\":1024,\"height\":512},{\"@type\":\"BreadcrumbList\",\"@id\":\"https:\\\/\\\/www.accuratereviews.com\\\/it\\\/crm-software-migliori-lista\\\/streak-recensione\\\/#breadcrumb\",\"itemListElement\":[{\"@type\":\"ListItem\",\"position\":1,\"name\":\"Home\",\"item\":\"https:\\\/\\\/www.accuratereviews.com\\\/it\\\/\"},{\"@type\":\"ListItem\",\"position\":2,\"name\":\"CRM: i software migliori\",\"item\":\"https:\\\/\\\/www.accuratereviews.com\\\/it\\\/crm-software-migliori-lista\\\/\"},{\"@type\":\"ListItem\",\"position\":3,\"name\":\"Streak\"}]},{\"@type\":\"WebSite\",\"@id\":\"https:\\\/\\\/www.accuratereviews.com\\\/it\\\/#website\",\"url\":\"https:\\\/\\\/www.accuratereviews.com\\\/it\\\/\",\"name\":\"Accurate Reviews\",\"description\":\"\",\"potentialAction\":[{\"@type\":\"SearchAction\",\"target\":{\"@type\":\"EntryPoint\",\"urlTemplate\":\"https:\\\/\\\/www.accuratereviews.com\\\/it\\\/?s={search_term_string}\"},\"query-input\":{\"@type\":\"PropertyValueSpecification\",\"valueRequired\":true,\"valueName\":\"search_term_string\"}}],\"inLanguage\":\"it-IT\"}]}<\/script>\n<!-- \/ Yoast SEO plugin. -->","yoast_head_json":{"title":"Streak: recensione software CRM- Accurate Reviews","description":"Streak: recensione software CRM basata su cloud che si integra con l'account Gmail. \u00c8 completamente personalizzabile per creare un CRM su misura per te.","robots":{"index":"index","follow":"follow","max-snippet":"max-snippet:-1","max-image-preview":"max-image-preview:large","max-video-preview":"max-video-preview:-1"},"canonical":"https:\/\/www.accuratereviews.com\/it\/crm-software-migliori-lista\/streak-recensione\/","og_locale":"it_IT","og_type":"article","og_title":"Streak: recensione software CRM- Accurate Reviews","og_description":"Streak: recensione software CRM basata su cloud che si integra con l'account Gmail. \u00c8 completamente personalizzabile per creare un CRM su misura per te.","og_url":"https:\/\/www.accuratereviews.com\/it\/crm-software-migliori-lista\/streak-recensione\/","og_site_name":"Accurate Reviews","article_modified_time":"2023-03-02T08:07:03+00:00","og_image":[{"width":1024,"height":512,"url":"https:\/\/www.accuratereviews.com\/wp-content\/uploads\/2019\/04\/STREAK.png","type":"image\/png"}],"twitter_card":"summary_large_image","twitter_misc":{"Tempo di lettura stimato":"3 minuti"},"schema":{"@context":"https:\/\/schema.org","@graph":[{"@type":"WebPage","@id":"https:\/\/www.accuratereviews.com\/it\/crm-software-migliori-lista\/streak-recensione\/","url":"https:\/\/www.accuratereviews.com\/it\/crm-software-migliori-lista\/streak-recensione\/","name":"Streak: recensione software CRM- Accurate Reviews","isPartOf":{"@id":"https:\/\/www.accuratereviews.com\/it\/#website"},"primaryImageOfPage":{"@id":"https:\/\/www.accuratereviews.com\/it\/crm-software-migliori-lista\/streak-recensione\/#primaryimage"},"image":{"@id":"https:\/\/www.accuratereviews.com\/it\/crm-software-migliori-lista\/streak-recensione\/#primaryimage"},"thumbnailUrl":"https:\/\/www.accuratereviews.com\/wp-content\/uploads\/2019\/04\/STREAK.png","datePublished":"2019-04-29T09:14:11+00:00","dateModified":"2023-03-02T08:07:03+00:00","description":"Streak: recensione software CRM basata su cloud che si integra con l'account Gmail. \u00c8 completamente personalizzabile per creare un CRM su misura per te.","breadcrumb":{"@id":"https:\/\/www.accuratereviews.com\/it\/crm-software-migliori-lista\/streak-recensione\/#breadcrumb"},"inLanguage":"it-IT","potentialAction":[{"@type":"ReadAction","target":["https:\/\/www.accuratereviews.com\/it\/crm-software-migliori-lista\/streak-recensione\/"]}]},{"@type":"ImageObject","inLanguage":"it-IT","@id":"https:\/\/www.accuratereviews.com\/it\/crm-software-migliori-lista\/streak-recensione\/#primaryimage","url":"https:\/\/www.accuratereviews.com\/wp-content\/uploads\/2019\/04\/STREAK.png","contentUrl":"https:\/\/www.accuratereviews.com\/wp-content\/uploads\/2019\/04\/STREAK.png","width":1024,"height":512},{"@type":"BreadcrumbList","@id":"https:\/\/www.accuratereviews.com\/it\/crm-software-migliori-lista\/streak-recensione\/#breadcrumb","itemListElement":[{"@type":"ListItem","position":1,"name":"Home","item":"https:\/\/www.accuratereviews.com\/it\/"},{"@type":"ListItem","position":2,"name":"CRM: i software migliori","item":"https:\/\/www.accuratereviews.com\/it\/crm-software-migliori-lista\/"},{"@type":"ListItem","position":3,"name":"Streak"}]},{"@type":"WebSite","@id":"https:\/\/www.accuratereviews.com\/it\/#website","url":"https:\/\/www.accuratereviews.com\/it\/","name":"Accurate Reviews","description":"","potentialAction":[{"@type":"SearchAction","target":{"@type":"EntryPoint","urlTemplate":"https:\/\/www.accuratereviews.com\/it\/?s={search_term_string}"},"query-input":{"@type":"PropertyValueSpecification","valueRequired":true,"valueName":"search_term_string"}}],"inLanguage":"it-IT"}]}},"_links":{"self":[{"href":"https:\/\/www.accuratereviews.com\/it\/wp-json\/wp\/v2\/pages\/13687","targetHints":{"allow":["GET"]}}],"collection":[{"href":"https:\/\/www.accuratereviews.com\/it\/wp-json\/wp\/v2\/pages"}],"about":[{"href":"https:\/\/www.accuratereviews.com\/it\/wp-json\/wp\/v2\/types\/page"}],"author":[{"embeddable":true,"href":"https:\/\/www.accuratereviews.com\/it\/wp-json\/wp\/v2\/users\/19"}],"replies":[{"embeddable":true,"href":"https:\/\/www.accuratereviews.com\/it\/wp-json\/wp\/v2\/comments?post=13687"}],"version-history":[{"count":22,"href":"https:\/\/www.accuratereviews.com\/it\/wp-json\/wp\/v2\/pages\/13687\/revisions"}],"predecessor-version":[{"id":67659,"href":"https:\/\/www.accuratereviews.com\/it\/wp-json\/wp\/v2\/pages\/13687\/revisions\/67659"}],"up":[{"embeddable":true,"href":"https:\/\/www.accuratereviews.com\/it\/wp-json\/wp\/v2\/pages\/5966"}],"wp:featuredmedia":[{"embeddable":true,"href":"https:\/\/www.accuratereviews.com\/it\/wp-json\/wp\/v2\/media\/13691"}],"wp:attachment":[{"href":"https:\/\/www.accuratereviews.com\/it\/wp-json\/wp\/v2\/media?parent=13687"}],"wp:term":[{"taxonomy":"category","embeddable":true,"href":"https:\/\/www.accuratereviews.com\/it\/wp-json\/wp\/v2\/categories?post=13687"},{"taxonomy":"post_tag","embeddable":true,"href":"https:\/\/www.accuratereviews.com\/it\/wp-json\/wp\/v2\/tags?post=13687"},{"taxonomy":"features","embeddable":true,"href":"https:\/\/www.accuratereviews.com\/it\/wp-json\/wp\/v2\/features?post=13687"}],"curies":[{"name":"wp","href":"https:\/\/api.w.org\/{rel}","templated":true}]}}