{"id":13761,"date":"2019-04-30T12:40:14","date_gmt":"2019-04-30T12:40:14","guid":{"rendered":"https:\/\/www.accuratereviews.com\/?page_id=13761"},"modified":"2021-03-18T11:18:07","modified_gmt":"2021-03-18T11:18:07","slug":"acoustica-mixcraft-recensione","status":"publish","type":"page","link":"https:\/\/www.accuratereviews.com\/it\/audio-editing-lista-software\/acoustica-mixcraft-recensione\/","title":{"rendered":"Acoustica Mixcraft &#8211; Registrazione musicale su Windows ad alte performance"},"content":{"rendered":"<p>Se siete in cerca di un prodotto di <strong>audio editing per Windows<\/strong> di buon livello, completo e con basse richieste in termini di risorse, allora <strong>Acoustica Mixcraft<\/strong> \u00e8 la scelta ottimale. Il software viene rilasciato in tre versioni: Home Studio, Pro Recording e Pro Studio. Tutte le versioni sono comunque di ottimo livello e ad un prezzo molto economico. Anche la versione di Punta, la Pro Studio viene distribuita sotto ai 100 \u20ac. <strong>Home Studio<\/strong> \u00e8 la versione <strong>entry level<\/strong>, offre la possibilit\u00e0 di <strong>registrazione multitraccia<\/strong> si audio che midi per un massimo di 16 tracce. <span class=\"notranslate\">Contiene 6 <strong>strumenti virtuali<\/strong> e 20 effetti audio ed<\/span><span class=\"notranslate\">\u00a0una libreria di 2.000 loop, campionamenti ed effetti sonori.<\/span> <span class=\"notranslate\">Questa versione \u00e8 adatta per il consumatore, l&#8217;hobbista e chiunque desideri eseguire semplici e veloci progetti audio e MIDI. <strong>Recording Studio <\/strong>da disponibilit\u00e0 di tracce audio, MIDI, video e \u00a0Virtual Instruments tracks illimitate.\u00a0Include una libreria di 7000 loop, campionamenti ed effetti sonori. Questa versione \u00e8 adatta a tutti coloro che desiderano effettuare l&#8217;aggiornamento da Home Studio usufruendo di maggiori potenzialit\u00e0. <strong>Pro Studio <\/strong>\u00e8 la versione di punta,\u00a0estende la funzionalit\u00e0 di Mixcraft Recording Studio\u00a0aggiungendo ulteriori 5 strumenti virtuali e altri 27 effetti audio tra cui plugin per il <strong>mastering<\/strong>. Questa versione \u00e8 rivolta a musicisti, produttori e ingegneri professionisti. La versione 8 ora include anche <a href=\"https:\/\/www.celemony.com\/en\/start\" target=\"_blank\" rel=\"noopener noreferrer\"><strong>Celemony Melodyne<\/strong><\/a>\u00a0ARA integrato, uno tra i pi\u00f9 potenti software di elaborazione della forma d&#8217;onda audio, intonazione vocale e\u00a0<strong>conversione da audio a MIDI<\/strong> al mondo.<\/span><\/p>\n<p>Mixcraft si rivela come un prodotto maturo, performante e di alto livello, con un rapporto qualit\u00e0\/prezzo centrato in pieno e compatibile con lo standard <strong>VST<\/strong>. Infatti pur essendo economico e alla portata di chiunque, offre funzionalit\u00e0 avanzate:<\/p>\n<ul>\n<li><strong>Sintetizzatori sorprendenti<\/strong>. La versione Pro Studio aggiunge sintetizzatori virtuali sia analogici che digitali accuratamente modellati. <a href=\"http:\/\/www.memorymoon.com\" target=\"_blank\" rel=\"noopener noreferrer\">Memorymoon<\/a> \u00e8 una tra le pi\u00f9 azzeccate riemulazioni del suono analogico dei synth vintage come il Moog o il \u00a0Yamaha CS-80. Kastelheimer Veldberg XD \u00e8 un nuovo sintetizzatore analogico virtuale basato su algoritmi di sintetizzatori hardware VA con immense possibilit\u00e0 di programmazione, una vera miniera d&#8217;oro di potenti timbri analogici e digitali!<\/li>\n<li><strong>Pianoforte impareggiabile<\/strong>.\u00a0<a href=\"https:\/\/www.acoustica.com\/pianissimo\/\" target=\"_blank\" rel=\"noopener noreferrer\">Pianissimo<\/a> \u00e8 un piano virtuale incredibilmente realistico. Combinando 250 MB di campioni di pianoforte Steinway \u2122 Model D di alta qualit\u00e0 con modellazione fisica avanzata, Pianissimo ricrea il calore, la risposta e la suonabilit\u00e0 di un vero pianoforte a coda. Con la risonanza modellata, i suoni meccanici del martello, il controllo tonale e la alta risposta di velocit\u00e0. 256 voci di polifonia e un utilizzo della CPU incredibilmente basso, Pianissimo Virtual Piano conferisce un&#8217;aria di classe e realismo a qualsiasi progetto artistico.<\/li>\n<li><strong>Strumenti per il mastering<\/strong>.\u00a0Le tue tracce raggiungeranno un nuovo livello di fedelt\u00e0 audio con una serie impressionante di plug-in di masterizzazione. Aggiungi una lucentezza professionale con la suite di <a href=\"https:\/\/www.izotope.com\/en\/company\/press-room\/press-releases\/2012\/izotope-introduces-mastering-essentials.html\" target=\"_blank\" rel=\"noopener noreferrer\">iZotope Mastering Essentials<\/a>. Equalizzatori alla perfezione con TB Parametric EQ o GSXL4070 Parametric, replicando la sezione equalizzatori di una delle console di missaggio pi\u00f9 ambite al mondo. Compressione a perforazione nastro analogico con Ferox Tape Emulator. Remix dance con SideKick6 Compressore Sidechaining.<\/li>\n<li><strong>Moltissime altre funzionalit\u00e0 professionali e creative<\/strong>. Ricrea suoni e loop vintage, costruisci spazi sonori tridimensionali rigogliosi con la tecnologia del riverbero a convoluzione di Fusion Field. Ispira l&#8217;anarchia sonora con la distorsione multi-banda Dubshox, con oltre 40 tipi di distorsioni e shapers. Ricrea le trame calde, fluide e piacevoli dei primi sistemi di delay basati su nastro con il Ritardo Psichedelico VTD-42. Migliora il tuo basso al massimo con XBass Bass Enhancer. Migliora l&#8217;immagine stereo con Vitaliser Harmonic Mid-Side plus. Aggiungi grunge e calore alla voce con Twisthead VS-206 Preamp.<\/li>\n<\/ul>\n<h2>Acoustica Mixcraft &#8211; Software di Audio Editing per Windows<\/h2>\n<p><a href=\"https:\/\/www.accuratereviews.com\/wp-content\/uploads\/2019\/04\/Mixcraft_1000x538_studio.jpg\"><img loading=\"lazy\" decoding=\"async\" class=\"alignnone size-full wp-image-13771\" src=\"https:\/\/www.accuratereviews.com\/wp-content\/uploads\/2019\/04\/Mixcraft_1000x538_studio.jpg\" alt=\"Acoustica Mixcraft\" width=\"1000\" height=\"538\" srcset=\"https:\/\/www.accuratereviews.com\/wp-content\/uploads\/2019\/04\/Mixcraft_1000x538_studio.jpg 1000w, https:\/\/www.accuratereviews.com\/wp-content\/uploads\/2019\/04\/Mixcraft_1000x538_studio-300x161.jpg 300w, https:\/\/www.accuratereviews.com\/wp-content\/uploads\/2019\/04\/Mixcraft_1000x538_studio-768x413.jpg 768w, https:\/\/www.accuratereviews.com\/wp-content\/uploads\/2019\/04\/Mixcraft_1000x538_studio-232x125.jpg 232w, https:\/\/www.accuratereviews.com\/wp-content\/uploads\/2019\/04\/Mixcraft_1000x538_studio-50x27.jpg 50w, https:\/\/www.accuratereviews.com\/wp-content\/uploads\/2019\/04\/Mixcraft_1000x538_studio-968x521.jpg 968w, https:\/\/www.accuratereviews.com\/wp-content\/uploads\/2019\/04\/Mixcraft_1000x538_studio-636x342.jpg 636w, https:\/\/www.accuratereviews.com\/wp-content\/uploads\/2019\/04\/Mixcraft_1000x538_studio-320x172.jpg 320w, https:\/\/www.accuratereviews.com\/wp-content\/uploads\/2019\/04\/Mixcraft_1000x538_studio-239x129.jpg 239w\" sizes=\"auto, (max-width: 1000px) 100vw, 1000px\" \/><\/a><\/p>\n<h2>ACOUSTICA MIXCRAFT &#8211;\u00a0DETTAGLI TECNICI<\/h2>\n<h3>CARATTERISTICHE PRINCIPALI RIFERITE ALLA VERSIONE 8<\/h3>\n<ul>\n<li><span class=\"notranslate\">Interfaccia semplificata: l&#8217;interfaccia \u00e8 costruita con l&#8217;obiettivo di facilit\u00e0 d&#8217;uso e facilit\u00e0 di comprensione.<\/span><\/li>\n<li><span class=\"notranslate\">MIDI: questa funzione consente di registrare i dati MIDI riprodotti su una o pi\u00f9 tastiere del controller MIDI.<\/span><\/li>\n<li><span class=\"notranslate\">Supporto VSTi: questa funzione consente agli strumenti virtuali di essere riprodotti, sequenziati e registrati tramite dati MIDI.<\/span> <span class=\"notranslate\">(Include VST 3)<\/span><\/li>\n<li><span class=\"notranslate\">Registrazione multitraccia: questa funzione consente agli utenti di creare registrazioni da pi\u00f9 ingressi di schede audio \/ audio contemporaneamente.<\/span> <span class=\"notranslate\">Con una tastiera MIDI collegata, \u00e8 possibile registrare contemporaneamente tramite microfono e tastiera.<\/span><\/li>\n<li><span class=\"notranslate\">Performance Clip Sequencing: simile a Ableton e Bitwig, supporta anche la disposizione basata su clip di pattern.<\/span><\/li>\n<li><span class=\"notranslate\">Tempo Matching: questa funzione tenta di rilevare il tempo e la chiave di un file audio preregistrato e cambiare il tempo per adattarlo al tempo del progetto.<\/span><\/li>\n<li><span class=\"notranslate\">Stretching del tempo audio e Pitch Shifting: Mixcraft afferma di utilizzare un algoritmo avanzato per fornire un allungamento e un pitch shifting di alta qualit\u00e0 riducendo al minimo l&#8217;utilizzo della CPU.<\/span><\/li>\n<li><span class=\"notranslate\">Formati di importazione \/ esportazione multipli: supporta i formati di file MP3, WAV, WMA, OGG, FLAC, AIFF.<\/span><\/li>\n<li><span class=\"notranslate\">Sequenza video: modifica, aggiunta di immagini, aggiunta di font, automazione ed effetti.<\/span> <span class=\"notranslate\">(Supporta file MP4, AVI e WMV.)<\/span><\/li>\n<\/ul>\n","protected":false},"excerpt":{"rendered":"<p>La recensione di Acoustica Mixcraft un software di produzione musicale, editing audio e sequenze MIDI completo e di alto livello. Disponibile solo per Microsoft Windows, si presenta nella sua versione Pro completo e ricco di funzionalit\u00e0 ad un prezzo molto basso.<\/p>\n","protected":false},"author":19,"featured_media":0,"parent":11357,"menu_order":0,"comment_status":"open","ping_status":"closed","template":"g1_template_page_review_new.php","meta":{"_acf_changed":false,"cwp_meta_box_check":"No","cwp_rev_product_name":"","cwp_rev_product_image":"","wppr_links":[],"cwp_rev_price":"","wppr_options":[],"wppr_pros":[],"wppr_cons":[],"_monsterinsights_skip_tracking":false,"_monsterinsights_sitenote_active":false,"_monsterinsights_sitenote_note":"","_monsterinsights_sitenote_category":0,"footnotes":""},"categories":[253],"tags":[502,504,509,286,508,507,284,501,506,503,512,505,287],"features":[],"class_list":{"0":"post-13761","1":"page","2":"type-page","3":"status-publish","5":"category-audio-editing-it","6":"tag-acoustica-mixcraft","7":"tag-audio-editing-per-windows","8":"tag-conversione-da-audio-a-midi","9":"tag-daw","10":"tag-mastering","11":"tag-melodyne","12":"tag-midi","13":"tag-mixcraft","14":"tag-recording-studio","15":"tag-registrazione-multitraccia","16":"tag-sintetizzatori-virtuali","17":"tag-strumenti-virtuali","18":"tag-vst"},"wppr_data":{"cwp_meta_box_check":"No"},"acf":[],"yoast_head":"<!-- This site is optimized with the Yoast SEO plugin v27.4 - https:\/\/yoast.com\/product\/yoast-seo-wordpress\/ -->\n<title>Acoustica Mixcraft - Registrazione musicale su Windows ad alte performance - Accurate Reviews<\/title>\n<meta name=\"description\" content=\"Acoustica Mixcraft \u00e8 un software di Audio editing professionale e registrazione musicale per Windows, ideale per Home recording, amatori e professionisti.\" \/>\n<meta name=\"robots\" content=\"index, follow, max-snippet:-1, max-image-preview:large, max-video-preview:-1\" \/>\n<link rel=\"canonical\" href=\"https:\/\/www.accuratereviews.com\/it\/audio-editing-lista-software\/acoustica-mixcraft-recensione\/\" \/>\n<meta property=\"og:locale\" content=\"it_IT\" \/>\n<meta property=\"og:type\" content=\"article\" \/>\n<meta property=\"og:title\" content=\"Acoustica Mixcraft - Registrazione musicale su Windows ad alte performance - Accurate Reviews\" \/>\n<meta property=\"og:description\" content=\"Acoustica Mixcraft \u00e8 un software di Audio editing professionale e registrazione musicale per Windows, ideale per Home recording, amatori e professionisti.\" \/>\n<meta property=\"og:url\" content=\"https:\/\/www.accuratereviews.com\/it\/audio-editing-lista-software\/acoustica-mixcraft-recensione\/\" \/>\n<meta property=\"og:site_name\" content=\"Accurate Reviews\" \/>\n<meta property=\"article:modified_time\" content=\"2021-03-18T11:18:07+00:00\" \/>\n<meta property=\"og:image\" content=\"https:\/\/www.accuratereviews.com\/wp-content\/uploads\/2019\/04\/Mixcraft_1000x538_studio.jpg\" \/>\n<meta name=\"twitter:card\" content=\"summary_large_image\" \/>\n<meta name=\"twitter:label1\" content=\"Tempo di lettura stimato\" \/>\n\t<meta name=\"twitter:data1\" content=\"4 minuti\" \/>\n<script type=\"application\/ld+json\" class=\"yoast-schema-graph\">{\"@context\":\"https:\\\/\\\/schema.org\",\"@graph\":[{\"@type\":\"WebPage\",\"@id\":\"https:\\\/\\\/www.accuratereviews.com\\\/it\\\/audio-editing-lista-software\\\/acoustica-mixcraft-recensione\\\/\",\"url\":\"https:\\\/\\\/www.accuratereviews.com\\\/it\\\/audio-editing-lista-software\\\/acoustica-mixcraft-recensione\\\/\",\"name\":\"Acoustica Mixcraft - Registrazione musicale su Windows ad alte performance - Accurate Reviews\",\"isPartOf\":{\"@id\":\"https:\\\/\\\/www.accuratereviews.com\\\/it\\\/#website\"},\"primaryImageOfPage\":{\"@id\":\"https:\\\/\\\/www.accuratereviews.com\\\/it\\\/audio-editing-lista-software\\\/acoustica-mixcraft-recensione\\\/#primaryimage\"},\"image\":{\"@id\":\"https:\\\/\\\/www.accuratereviews.com\\\/it\\\/audio-editing-lista-software\\\/acoustica-mixcraft-recensione\\\/#primaryimage\"},\"thumbnailUrl\":\"https:\\\/\\\/www.accuratereviews.com\\\/wp-content\\\/uploads\\\/2019\\\/04\\\/Mixcraft_1000x538_studio.jpg\",\"datePublished\":\"2019-04-30T12:40:14+00:00\",\"dateModified\":\"2021-03-18T11:18:07+00:00\",\"description\":\"Acoustica Mixcraft \u00e8 un software di Audio editing professionale e registrazione musicale per Windows, ideale per Home recording, amatori e professionisti.\",\"breadcrumb\":{\"@id\":\"https:\\\/\\\/www.accuratereviews.com\\\/it\\\/audio-editing-lista-software\\\/acoustica-mixcraft-recensione\\\/#breadcrumb\"},\"inLanguage\":\"it-IT\",\"potentialAction\":[{\"@type\":\"ReadAction\",\"target\":[\"https:\\\/\\\/www.accuratereviews.com\\\/it\\\/audio-editing-lista-software\\\/acoustica-mixcraft-recensione\\\/\"]}]},{\"@type\":\"ImageObject\",\"inLanguage\":\"it-IT\",\"@id\":\"https:\\\/\\\/www.accuratereviews.com\\\/it\\\/audio-editing-lista-software\\\/acoustica-mixcraft-recensione\\\/#primaryimage\",\"url\":\"https:\\\/\\\/www.accuratereviews.com\\\/wp-content\\\/uploads\\\/2019\\\/04\\\/Mixcraft_1000x538_studio.jpg\",\"contentUrl\":\"https:\\\/\\\/www.accuratereviews.com\\\/wp-content\\\/uploads\\\/2019\\\/04\\\/Mixcraft_1000x538_studio.jpg\"},{\"@type\":\"BreadcrumbList\",\"@id\":\"https:\\\/\\\/www.accuratereviews.com\\\/it\\\/audio-editing-lista-software\\\/acoustica-mixcraft-recensione\\\/#breadcrumb\",\"itemListElement\":[{\"@type\":\"ListItem\",\"position\":1,\"name\":\"Home\",\"item\":\"https:\\\/\\\/www.accuratereviews.com\\\/it\\\/\"},{\"@type\":\"ListItem\",\"position\":2,\"name\":\"Software per l&#8217;audio editing\",\"item\":\"https:\\\/\\\/www.accuratereviews.com\\\/it\\\/audio-editing-lista-software\\\/\"},{\"@type\":\"ListItem\",\"position\":3,\"name\":\"Acoustica Mixcraft &#8211; Registrazione musicale su Windows ad alte performance\"}]},{\"@type\":\"WebSite\",\"@id\":\"https:\\\/\\\/www.accuratereviews.com\\\/it\\\/#website\",\"url\":\"https:\\\/\\\/www.accuratereviews.com\\\/it\\\/\",\"name\":\"Accurate Reviews\",\"description\":\"\",\"potentialAction\":[{\"@type\":\"SearchAction\",\"target\":{\"@type\":\"EntryPoint\",\"urlTemplate\":\"https:\\\/\\\/www.accuratereviews.com\\\/it\\\/?s={search_term_string}\"},\"query-input\":{\"@type\":\"PropertyValueSpecification\",\"valueRequired\":true,\"valueName\":\"search_term_string\"}}],\"inLanguage\":\"it-IT\"}]}<\/script>\n<!-- \/ Yoast SEO plugin. -->","yoast_head_json":{"title":"Acoustica Mixcraft - Registrazione musicale su Windows ad alte performance - Accurate Reviews","description":"Acoustica Mixcraft \u00e8 un software di Audio editing professionale e registrazione musicale per Windows, ideale per Home recording, amatori e professionisti.","robots":{"index":"index","follow":"follow","max-snippet":"max-snippet:-1","max-image-preview":"max-image-preview:large","max-video-preview":"max-video-preview:-1"},"canonical":"https:\/\/www.accuratereviews.com\/it\/audio-editing-lista-software\/acoustica-mixcraft-recensione\/","og_locale":"it_IT","og_type":"article","og_title":"Acoustica Mixcraft - Registrazione musicale su Windows ad alte performance - Accurate Reviews","og_description":"Acoustica Mixcraft \u00e8 un software di Audio editing professionale e registrazione musicale per Windows, ideale per Home recording, amatori e professionisti.","og_url":"https:\/\/www.accuratereviews.com\/it\/audio-editing-lista-software\/acoustica-mixcraft-recensione\/","og_site_name":"Accurate Reviews","article_modified_time":"2021-03-18T11:18:07+00:00","og_image":[{"url":"https:\/\/www.accuratereviews.com\/wp-content\/uploads\/2019\/04\/Mixcraft_1000x538_studio.jpg","type":"","width":"","height":""}],"twitter_card":"summary_large_image","twitter_misc":{"Tempo di lettura stimato":"4 minuti"},"schema":{"@context":"https:\/\/schema.org","@graph":[{"@type":"WebPage","@id":"https:\/\/www.accuratereviews.com\/it\/audio-editing-lista-software\/acoustica-mixcraft-recensione\/","url":"https:\/\/www.accuratereviews.com\/it\/audio-editing-lista-software\/acoustica-mixcraft-recensione\/","name":"Acoustica Mixcraft - Registrazione musicale su Windows ad alte performance - Accurate Reviews","isPartOf":{"@id":"https:\/\/www.accuratereviews.com\/it\/#website"},"primaryImageOfPage":{"@id":"https:\/\/www.accuratereviews.com\/it\/audio-editing-lista-software\/acoustica-mixcraft-recensione\/#primaryimage"},"image":{"@id":"https:\/\/www.accuratereviews.com\/it\/audio-editing-lista-software\/acoustica-mixcraft-recensione\/#primaryimage"},"thumbnailUrl":"https:\/\/www.accuratereviews.com\/wp-content\/uploads\/2019\/04\/Mixcraft_1000x538_studio.jpg","datePublished":"2019-04-30T12:40:14+00:00","dateModified":"2021-03-18T11:18:07+00:00","description":"Acoustica Mixcraft \u00e8 un software di Audio editing professionale e registrazione musicale per Windows, ideale per Home recording, amatori e professionisti.","breadcrumb":{"@id":"https:\/\/www.accuratereviews.com\/it\/audio-editing-lista-software\/acoustica-mixcraft-recensione\/#breadcrumb"},"inLanguage":"it-IT","potentialAction":[{"@type":"ReadAction","target":["https:\/\/www.accuratereviews.com\/it\/audio-editing-lista-software\/acoustica-mixcraft-recensione\/"]}]},{"@type":"ImageObject","inLanguage":"it-IT","@id":"https:\/\/www.accuratereviews.com\/it\/audio-editing-lista-software\/acoustica-mixcraft-recensione\/#primaryimage","url":"https:\/\/www.accuratereviews.com\/wp-content\/uploads\/2019\/04\/Mixcraft_1000x538_studio.jpg","contentUrl":"https:\/\/www.accuratereviews.com\/wp-content\/uploads\/2019\/04\/Mixcraft_1000x538_studio.jpg"},{"@type":"BreadcrumbList","@id":"https:\/\/www.accuratereviews.com\/it\/audio-editing-lista-software\/acoustica-mixcraft-recensione\/#breadcrumb","itemListElement":[{"@type":"ListItem","position":1,"name":"Home","item":"https:\/\/www.accuratereviews.com\/it\/"},{"@type":"ListItem","position":2,"name":"Software per l&#8217;audio editing","item":"https:\/\/www.accuratereviews.com\/it\/audio-editing-lista-software\/"},{"@type":"ListItem","position":3,"name":"Acoustica Mixcraft &#8211; Registrazione musicale su Windows ad alte performance"}]},{"@type":"WebSite","@id":"https:\/\/www.accuratereviews.com\/it\/#website","url":"https:\/\/www.accuratereviews.com\/it\/","name":"Accurate Reviews","description":"","potentialAction":[{"@type":"SearchAction","target":{"@type":"EntryPoint","urlTemplate":"https:\/\/www.accuratereviews.com\/it\/?s={search_term_string}"},"query-input":{"@type":"PropertyValueSpecification","valueRequired":true,"valueName":"search_term_string"}}],"inLanguage":"it-IT"}]}},"_links":{"self":[{"href":"https:\/\/www.accuratereviews.com\/it\/wp-json\/wp\/v2\/pages\/13761","targetHints":{"allow":["GET"]}}],"collection":[{"href":"https:\/\/www.accuratereviews.com\/it\/wp-json\/wp\/v2\/pages"}],"about":[{"href":"https:\/\/www.accuratereviews.com\/it\/wp-json\/wp\/v2\/types\/page"}],"author":[{"embeddable":true,"href":"https:\/\/www.accuratereviews.com\/it\/wp-json\/wp\/v2\/users\/19"}],"replies":[{"embeddable":true,"href":"https:\/\/www.accuratereviews.com\/it\/wp-json\/wp\/v2\/comments?post=13761"}],"version-history":[{"count":11,"href":"https:\/\/www.accuratereviews.com\/it\/wp-json\/wp\/v2\/pages\/13761\/revisions"}],"predecessor-version":[{"id":13899,"href":"https:\/\/www.accuratereviews.com\/it\/wp-json\/wp\/v2\/pages\/13761\/revisions\/13899"}],"up":[{"embeddable":true,"href":"https:\/\/www.accuratereviews.com\/it\/wp-json\/wp\/v2\/pages\/11357"}],"wp:attachment":[{"href":"https:\/\/www.accuratereviews.com\/it\/wp-json\/wp\/v2\/media?parent=13761"}],"wp:term":[{"taxonomy":"category","embeddable":true,"href":"https:\/\/www.accuratereviews.com\/it\/wp-json\/wp\/v2\/categories?post=13761"},{"taxonomy":"post_tag","embeddable":true,"href":"https:\/\/www.accuratereviews.com\/it\/wp-json\/wp\/v2\/tags?post=13761"},{"taxonomy":"features","embeddable":true,"href":"https:\/\/www.accuratereviews.com\/it\/wp-json\/wp\/v2\/features?post=13761"}],"curies":[{"name":"wp","href":"https:\/\/api.w.org\/{rel}","templated":true}]}}