{"id":13835,"date":"2019-05-02T13:09:55","date_gmt":"2019-05-02T13:09:55","guid":{"rendered":"https:\/\/www.accuratereviews.com\/?page_id=13835"},"modified":"2023-03-06T21:34:51","modified_gmt":"2023-03-06T21:34:51","slug":"less-annoying-crm-recensione","status":"publish","type":"page","link":"https:\/\/www.accuratereviews.com\/it\/crm-software-migliori-lista\/less-annoying-crm-recensione\/","title":{"rendered":"Less Annoying CRM"},"content":{"rendered":"<p><strong>Less Annoying CRM<\/strong> \u00e8 un <strong>Customer Relationship Manager<\/strong> ideato per soddisfare le esigenze delle piccole imprese che necessitano una migliore <strong>gestione clienti<\/strong>. \u00c8 un <strong>software CRM<\/strong> basato su <strong>Cloud\u00a0<\/strong>che permette di gestire i propri contatti, i lead, le note, il calendario e molto altro in un&#8217;unica piattaforma, semplice e intuitiva. La dashboard consente quindi di accedere e visualizzare i dati, le note, le attivit\u00e0 e tutte le informazioni rilevanti di un cliente o potenziale cliente. \u00c8 importante investire in un <strong>sistema CRM<\/strong> come questo poich\u00e9 facilita l&#8217;<strong>acquisizione dei lead<\/strong>\u00a0che da potenziali clienti divengono clienti. Per andare in contro a tutti, <strong>Less Annoying CRM<\/strong> ha pensato di rendere personalizzabili i processi di vendita e la definizione dei lead. Essendo in Cloud, permette l&#8217;accesso da qualsiasi dispositivo e in qualsiasi posto ci si trovi, utilizzato Computer, Tablet o Smartphone.<\/p>\n<h2>LESS ANNOYING CRM DEMO &#8211; TUTORIAL<\/h2>\n<p>Diamo uno sguardo a questo breve video che ci mostrer\u00e0 la demo completa di questo <strong>programma CRM<\/strong>:<\/p>\n<div id=\"fluid-wrapper-counter-1\" class=\"g1-fluid-wrapper \" style=\"width:686px;\">\n<div style=\"padding-bottom:56.268221574344%;\"><iframe loading=\"lazy\" title=\"Less Annoying CRM Product Tour\" width=\"686\" height=\"386\" src=\"https:\/\/www.youtube.com\/embed\/leiqMjkZ1v8?feature=oembed&amp;wmode=transparent&amp;autohide=1&amp;autoplay=0&amp;disablekb=0&amp;fs=1&amp;loop=0&amp;enablejsapi=1&amp;rel=0&amp;controls=2&amp;showinfo=0&amp;wmode=transparent&amp;autohide=2&amp;autoplay=0&amp;disablekb=0&amp;fs=1&amp;loop=0&amp;enablejsapi=1&amp;rel=0&amp;controls=2&amp;showinfo=1\" frameborder=\"0\" allow=\"accelerometer; autoplay; clipboard-write; encrypted-media; gyroscope; picture-in-picture; web-share\" allowfullscreen><\/iframe><\/div>\n<\/div>\n<h3>LESS ANNOYING CRM &#8211; CARATTERISTICHE<\/h3>\n<p>Di seguito elenchiamo le caratteristiche principali di Less Annoying CRM:<\/p>\n<ul>\n<li><strong>Gestione clienti<\/strong>: gestisci i clienti, annotando ogni dato e informazione rilevante in modo tale da accedervi direttamente<\/li>\n<li><strong>Gestione lead<\/strong>: gestisci i lead e trasformarli in clienti in modo semplice e meno faticoso<\/li>\n<li><strong>Gestione calendario<\/strong>: tieni sotto controllo ogni attivit\u00e0 e evento in programma, annotandoli nel calendario<\/li>\n<li><strong>Sistema reportistico<\/strong>: controlla l&#8217;andamento della tua azienda tramite report precisi<\/li>\n<li><strong>Multi utenza<\/strong>: aggiungi quanti utenti vuoi in modo che tutto l&#8217;equipe abbia accesso al CRM<\/li>\n<li><strong>Personalizzazione<\/strong>: personalizza i campi che ti interessano in modo tale da soddisfare ogni tua esigenza<\/li>\n<li><strong>Supporto clienti<\/strong>: davvero efficiente e in grado di intervenire per ogni difficolt\u00e0 o eventuale dubbio<\/li>\n<\/ul>\n<h4>LE RECENSIONI DEGLI UTENTI<\/h4>\n<p><strong>David &#8220;Il miglior CRM&#8221;<\/strong><br \/>\nCommenti: Less Annoying CRM \u00e8 una buona opzione per le piccole imprese che cercano uno strumento CRM di base che sia facile da usare e conveniente.<br \/>\nPro: La semplicit\u00e0 e la facilit\u00e0 d&#8217;uso di Less Annoying CRM \u00e8 ci\u00f2 che amo di pi\u00f9 ed \u00e8 un ottimo strumento per le piccole imprese che non hanno bisogno delle funzionalit\u00e0 avanzate dei sistemi CRM pi\u00f9 complessi.<br \/>\nContro: Il set di funzioni limitato potrebbe non essere adatto alle aziende con esigenze pi\u00f9 complesse.<\/p>\n<p><strong>Junil &#8220;Strumento amichevole per gestire lead e contatti&#8221;.<\/strong><br \/>\nCommenti: La mia esperienza complessiva \u00e8 stata ottima<br \/>\nPro: Questo strumento \u00e8 stato molto diretto e chiaro e ti aiuta ad essere pi\u00f9 produttivo.<br \/>\nContro: Non me ne viene in mente nessuno al momento, visto che \u00e8 passato un bel po&#8217; di tempo.<\/p>\n<p><strong>James &#8220;Prezzo LACRM con tutte le funzionalit\u00e0&#8221;<\/strong><br \/>\nCommenti: Molto buono con un supporto eccellente<br \/>\nPro: Facile implementazione, costo e facilit\u00e0 d&#8217;uso<br \/>\nContro: Non ho nessun aspetto negativo e ho usato molti database e sistemi CRM nel corso degli anni.<\/p>\n","protected":false},"excerpt":{"rendered":"<p>Less Annoying CRM \u00e8 un Customer Relationship Manager ideato per soddisfare le esigenze delle piccole imprese che necessitano una migliore gestione clienti. \u00c8 un software CRM basato su Cloud\u00a0che permette di gestire i propri contatti, i leads, le note, il calendario e molto altro in un&#8217;unica piattaforma, semplice e intuitiva.<\/p>\n","protected":false},"author":17,"featured_media":13841,"parent":5966,"menu_order":0,"comment_status":"open","ping_status":"closed","template":"g1_template_page_review_new.php","meta":{"_acf_changed":false,"cwp_meta_box_check":"Yes","cwp_rev_product_name":"","cwp_rev_product_image":"","wppr_links":[],"cwp_rev_price":"","wppr_options":[{"name":"Usability","value":"0"},{"name":"Speed","value":"0"},{"name":"Features","value":"0"},{"name":"Support","value":"0"},{"name":"Pricing","value":"0"}],"wppr_pros":["","","","",""],"wppr_cons":["","","","",""],"_monsterinsights_skip_tracking":false,"_monsterinsights_sitenote_active":false,"_monsterinsights_sitenote_note":"","_monsterinsights_sitenote_category":0,"footnotes":""},"categories":[120],"tags":[396,10868,425,427,426,1837],"features":[],"class_list":{"0":"post-13835","1":"page","2":"type-page","3":"status-publish","4":"has-post-thumbnail","6":"category-crm-it","7":"tag-cloud","8":"tag-customer-relationship-management-2-it","9":"tag-gestione-clienti","10":"tag-programma-crm","11":"tag-sistema-crm","12":"tag-software-crm-2-it"},"wppr_data":{"cwp_meta_box_check":"Yes","cwp_rev_product_name":"","_wppr_review_template":"default","cwp_rev_product_image":"","cwp_image_link":"image","wppr_links":[],"cwp_rev_price":"","wppr_pros":["","","","",""],"wppr_cons":["","","","",""],"wppr_rating":"0.00","wppr_options":{"1":{"name":"Usability","value":"0"},"2":{"name":"Speed","value":"0"},"3":{"name":"Features","value":"0"},"4":{"name":"Support","value":"0"},"5":{"name":"Pricing","value":"0"}},"wppr_review_type":"Product","wppr_review_custom_fields":{"additionalProperty":"","additionalType":"","aggregateRating":"","alternateName":"","audience":"","award":"","awards":"","brand":"","color":"","depth":"","description":"","disambiguatingDescription":"","gtin12":"","gtin13":"","gtin14":"","gtin8":"","height":"","identifier":"","image":"","isAccessoryOrSparePartFor":"","isConsumableFor":"","isRelatedTo":"","isSimilarTo":"","itemCondition":"","logo":"","mainEntityOfPage":"","manufacturer":"","material":"","model":"","mpn":"","name":"","offers":"","potentialAction":"","productID":"","productionDate":"","purchaseDate":"","releaseDate":"","review":"","reviews":"","sameAs":"","sku":"","slogan":"","subjectOf":"","url":"","weight":"","width":""}},"acf":[],"yoast_head":"<!-- This site is optimized with the Yoast SEO plugin v27.4 - https:\/\/yoast.com\/product\/yoast-seo-wordpress\/ -->\n<title>Less Annoying CRM: recensione - Accurate Reviews<\/title>\n<meta name=\"description\" content=\"Less Annoying CRM: recensione del Customer Relationship Manager ideato per le piccole imprese che necessitano una migliore gestione clienti.\" \/>\n<meta name=\"robots\" content=\"index, follow, max-snippet:-1, max-image-preview:large, max-video-preview:-1\" \/>\n<link rel=\"canonical\" href=\"https:\/\/www.accuratereviews.com\/it\/crm-software-migliori-lista\/less-annoying-crm-recensione\/\" \/>\n<meta property=\"og:locale\" content=\"it_IT\" \/>\n<meta property=\"og:type\" content=\"article\" \/>\n<meta property=\"og:title\" content=\"Less Annoying CRM: recensione - Accurate Reviews\" \/>\n<meta property=\"og:description\" content=\"Less Annoying CRM: recensione del Customer Relationship Manager ideato per le piccole imprese che necessitano una migliore gestione clienti.\" \/>\n<meta property=\"og:url\" content=\"https:\/\/www.accuratereviews.com\/it\/crm-software-migliori-lista\/less-annoying-crm-recensione\/\" \/>\n<meta property=\"og:site_name\" content=\"Accurate Reviews\" \/>\n<meta property=\"article:modified_time\" content=\"2023-03-06T21:34:51+00:00\" \/>\n<meta property=\"og:image\" content=\"https:\/\/www.accuratereviews.com\/wp-content\/uploads\/2019\/05\/social_logo-1.png\" \/>\n\t<meta property=\"og:image:width\" content=\"1400\" \/>\n\t<meta property=\"og:image:height\" content=\"746\" \/>\n\t<meta property=\"og:image:type\" content=\"image\/png\" \/>\n<meta name=\"twitter:card\" content=\"summary_large_image\" \/>\n<meta name=\"twitter:label1\" content=\"Tempo di lettura stimato\" \/>\n\t<meta name=\"twitter:data1\" content=\"3 minuti\" \/>\n<script type=\"application\/ld+json\" class=\"yoast-schema-graph\">{\"@context\":\"https:\\\/\\\/schema.org\",\"@graph\":[{\"@type\":\"WebPage\",\"@id\":\"https:\\\/\\\/www.accuratereviews.com\\\/it\\\/crm-software-migliori-lista\\\/less-annoying-crm-recensione\\\/\",\"url\":\"https:\\\/\\\/www.accuratereviews.com\\\/it\\\/crm-software-migliori-lista\\\/less-annoying-crm-recensione\\\/\",\"name\":\"Less Annoying CRM: recensione - Accurate Reviews\",\"isPartOf\":{\"@id\":\"https:\\\/\\\/www.accuratereviews.com\\\/it\\\/#website\"},\"primaryImageOfPage\":{\"@id\":\"https:\\\/\\\/www.accuratereviews.com\\\/it\\\/crm-software-migliori-lista\\\/less-annoying-crm-recensione\\\/#primaryimage\"},\"image\":{\"@id\":\"https:\\\/\\\/www.accuratereviews.com\\\/it\\\/crm-software-migliori-lista\\\/less-annoying-crm-recensione\\\/#primaryimage\"},\"thumbnailUrl\":\"https:\\\/\\\/www.accuratereviews.com\\\/wp-content\\\/uploads\\\/2019\\\/05\\\/social_logo-1.png\",\"datePublished\":\"2019-05-02T13:09:55+00:00\",\"dateModified\":\"2023-03-06T21:34:51+00:00\",\"description\":\"Less Annoying CRM: recensione del Customer Relationship Manager ideato per le piccole imprese che necessitano una migliore gestione clienti.\",\"breadcrumb\":{\"@id\":\"https:\\\/\\\/www.accuratereviews.com\\\/it\\\/crm-software-migliori-lista\\\/less-annoying-crm-recensione\\\/#breadcrumb\"},\"inLanguage\":\"it-IT\",\"potentialAction\":[{\"@type\":\"ReadAction\",\"target\":[\"https:\\\/\\\/www.accuratereviews.com\\\/it\\\/crm-software-migliori-lista\\\/less-annoying-crm-recensione\\\/\"]}]},{\"@type\":\"ImageObject\",\"inLanguage\":\"it-IT\",\"@id\":\"https:\\\/\\\/www.accuratereviews.com\\\/it\\\/crm-software-migliori-lista\\\/less-annoying-crm-recensione\\\/#primaryimage\",\"url\":\"https:\\\/\\\/www.accuratereviews.com\\\/wp-content\\\/uploads\\\/2019\\\/05\\\/social_logo-1.png\",\"contentUrl\":\"https:\\\/\\\/www.accuratereviews.com\\\/wp-content\\\/uploads\\\/2019\\\/05\\\/social_logo-1.png\",\"width\":1400,\"height\":746},{\"@type\":\"BreadcrumbList\",\"@id\":\"https:\\\/\\\/www.accuratereviews.com\\\/it\\\/crm-software-migliori-lista\\\/less-annoying-crm-recensione\\\/#breadcrumb\",\"itemListElement\":[{\"@type\":\"ListItem\",\"position\":1,\"name\":\"Home\",\"item\":\"https:\\\/\\\/www.accuratereviews.com\\\/it\\\/\"},{\"@type\":\"ListItem\",\"position\":2,\"name\":\"CRM: i software migliori\",\"item\":\"https:\\\/\\\/www.accuratereviews.com\\\/it\\\/crm-software-migliori-lista\\\/\"},{\"@type\":\"ListItem\",\"position\":3,\"name\":\"Less Annoying CRM\"}]},{\"@type\":\"WebSite\",\"@id\":\"https:\\\/\\\/www.accuratereviews.com\\\/it\\\/#website\",\"url\":\"https:\\\/\\\/www.accuratereviews.com\\\/it\\\/\",\"name\":\"Accurate Reviews\",\"description\":\"\",\"potentialAction\":[{\"@type\":\"SearchAction\",\"target\":{\"@type\":\"EntryPoint\",\"urlTemplate\":\"https:\\\/\\\/www.accuratereviews.com\\\/it\\\/?s={search_term_string}\"},\"query-input\":{\"@type\":\"PropertyValueSpecification\",\"valueRequired\":true,\"valueName\":\"search_term_string\"}}],\"inLanguage\":\"it-IT\"}]}<\/script>\n<!-- \/ Yoast SEO plugin. -->","yoast_head_json":{"title":"Less Annoying CRM: recensione - Accurate Reviews","description":"Less Annoying CRM: recensione del Customer Relationship Manager ideato per le piccole imprese che necessitano una migliore gestione clienti.","robots":{"index":"index","follow":"follow","max-snippet":"max-snippet:-1","max-image-preview":"max-image-preview:large","max-video-preview":"max-video-preview:-1"},"canonical":"https:\/\/www.accuratereviews.com\/it\/crm-software-migliori-lista\/less-annoying-crm-recensione\/","og_locale":"it_IT","og_type":"article","og_title":"Less Annoying CRM: recensione - Accurate Reviews","og_description":"Less Annoying CRM: recensione del Customer Relationship Manager ideato per le piccole imprese che necessitano una migliore gestione clienti.","og_url":"https:\/\/www.accuratereviews.com\/it\/crm-software-migliori-lista\/less-annoying-crm-recensione\/","og_site_name":"Accurate Reviews","article_modified_time":"2023-03-06T21:34:51+00:00","og_image":[{"width":1400,"height":746,"url":"https:\/\/www.accuratereviews.com\/wp-content\/uploads\/2019\/05\/social_logo-1.png","type":"image\/png"}],"twitter_card":"summary_large_image","twitter_misc":{"Tempo di lettura stimato":"3 minuti"},"schema":{"@context":"https:\/\/schema.org","@graph":[{"@type":"WebPage","@id":"https:\/\/www.accuratereviews.com\/it\/crm-software-migliori-lista\/less-annoying-crm-recensione\/","url":"https:\/\/www.accuratereviews.com\/it\/crm-software-migliori-lista\/less-annoying-crm-recensione\/","name":"Less Annoying CRM: recensione - Accurate Reviews","isPartOf":{"@id":"https:\/\/www.accuratereviews.com\/it\/#website"},"primaryImageOfPage":{"@id":"https:\/\/www.accuratereviews.com\/it\/crm-software-migliori-lista\/less-annoying-crm-recensione\/#primaryimage"},"image":{"@id":"https:\/\/www.accuratereviews.com\/it\/crm-software-migliori-lista\/less-annoying-crm-recensione\/#primaryimage"},"thumbnailUrl":"https:\/\/www.accuratereviews.com\/wp-content\/uploads\/2019\/05\/social_logo-1.png","datePublished":"2019-05-02T13:09:55+00:00","dateModified":"2023-03-06T21:34:51+00:00","description":"Less Annoying CRM: recensione del Customer Relationship Manager ideato per le piccole imprese che necessitano una migliore gestione clienti.","breadcrumb":{"@id":"https:\/\/www.accuratereviews.com\/it\/crm-software-migliori-lista\/less-annoying-crm-recensione\/#breadcrumb"},"inLanguage":"it-IT","potentialAction":[{"@type":"ReadAction","target":["https:\/\/www.accuratereviews.com\/it\/crm-software-migliori-lista\/less-annoying-crm-recensione\/"]}]},{"@type":"ImageObject","inLanguage":"it-IT","@id":"https:\/\/www.accuratereviews.com\/it\/crm-software-migliori-lista\/less-annoying-crm-recensione\/#primaryimage","url":"https:\/\/www.accuratereviews.com\/wp-content\/uploads\/2019\/05\/social_logo-1.png","contentUrl":"https:\/\/www.accuratereviews.com\/wp-content\/uploads\/2019\/05\/social_logo-1.png","width":1400,"height":746},{"@type":"BreadcrumbList","@id":"https:\/\/www.accuratereviews.com\/it\/crm-software-migliori-lista\/less-annoying-crm-recensione\/#breadcrumb","itemListElement":[{"@type":"ListItem","position":1,"name":"Home","item":"https:\/\/www.accuratereviews.com\/it\/"},{"@type":"ListItem","position":2,"name":"CRM: i software migliori","item":"https:\/\/www.accuratereviews.com\/it\/crm-software-migliori-lista\/"},{"@type":"ListItem","position":3,"name":"Less Annoying CRM"}]},{"@type":"WebSite","@id":"https:\/\/www.accuratereviews.com\/it\/#website","url":"https:\/\/www.accuratereviews.com\/it\/","name":"Accurate Reviews","description":"","potentialAction":[{"@type":"SearchAction","target":{"@type":"EntryPoint","urlTemplate":"https:\/\/www.accuratereviews.com\/it\/?s={search_term_string}"},"query-input":{"@type":"PropertyValueSpecification","valueRequired":true,"valueName":"search_term_string"}}],"inLanguage":"it-IT"}]}},"_links":{"self":[{"href":"https:\/\/www.accuratereviews.com\/it\/wp-json\/wp\/v2\/pages\/13835","targetHints":{"allow":["GET"]}}],"collection":[{"href":"https:\/\/www.accuratereviews.com\/it\/wp-json\/wp\/v2\/pages"}],"about":[{"href":"https:\/\/www.accuratereviews.com\/it\/wp-json\/wp\/v2\/types\/page"}],"author":[{"embeddable":true,"href":"https:\/\/www.accuratereviews.com\/it\/wp-json\/wp\/v2\/users\/17"}],"replies":[{"embeddable":true,"href":"https:\/\/www.accuratereviews.com\/it\/wp-json\/wp\/v2\/comments?post=13835"}],"version-history":[{"count":9,"href":"https:\/\/www.accuratereviews.com\/it\/wp-json\/wp\/v2\/pages\/13835\/revisions"}],"predecessor-version":[{"id":67753,"href":"https:\/\/www.accuratereviews.com\/it\/wp-json\/wp\/v2\/pages\/13835\/revisions\/67753"}],"up":[{"embeddable":true,"href":"https:\/\/www.accuratereviews.com\/it\/wp-json\/wp\/v2\/pages\/5966"}],"wp:featuredmedia":[{"embeddable":true,"href":"https:\/\/www.accuratereviews.com\/it\/wp-json\/wp\/v2\/media\/13841"}],"wp:attachment":[{"href":"https:\/\/www.accuratereviews.com\/it\/wp-json\/wp\/v2\/media?parent=13835"}],"wp:term":[{"taxonomy":"category","embeddable":true,"href":"https:\/\/www.accuratereviews.com\/it\/wp-json\/wp\/v2\/categories?post=13835"},{"taxonomy":"post_tag","embeddable":true,"href":"https:\/\/www.accuratereviews.com\/it\/wp-json\/wp\/v2\/tags?post=13835"},{"taxonomy":"features","embeddable":true,"href":"https:\/\/www.accuratereviews.com\/it\/wp-json\/wp\/v2\/features?post=13835"}],"curies":[{"name":"wp","href":"https:\/\/api.w.org\/{rel}","templated":true}]}}