{"id":13837,"date":"2019-05-02T13:08:17","date_gmt":"2019-05-02T13:08:17","guid":{"rendered":"https:\/\/www.accuratereviews.com\/?page_id=13837"},"modified":"2023-03-06T21:25:46","modified_gmt":"2023-03-06T21:25:46","slug":"close-crm-recensione","status":"publish","type":"page","link":"https:\/\/www.accuratereviews.com\/it\/crm-software-migliori-lista\/close-crm-recensione\/","title":{"rendered":"Close CRM"},"content":{"rendered":"<p><strong>Close CRM <\/strong>\u00e8 una piattaforma in Cloud che permette alle aziende di incrementare le proprie vendite e concludere pi\u00f9 affari in modo semplice e veloce. \u00c8 un <strong>software CRM<\/strong> ideato per <strong>migliorare le relazioni con clienti<\/strong> e potenziali clienti in modo tale da rendere pi\u00f9 semplice tutti quei processi che hanno sempre richiesto tempi lunghi. Si tratta di un <strong>sistema CRM<\/strong> intuitivo e semplice da usare, che consente ai venditori di offrire un servizio efficiente ai propri clienti tanto da facilitare l&#8217;<strong>acquisizione di nuovi lead<\/strong>. Con Close CRM \u00e8 possibile quindi gestire i clienti e i lead, le chiamate e le comunicazioni che avvengono tra loro e l&#8217;azienda, sincronizzare le email a due vie, visualizzare la pipeline di vendita e molto altro. Il <strong>programma CRM<\/strong> dispone di un&#8217;API aperta e offre anche l&#8217;integrazione con moltissime applicazioni tra cui Zapier.<\/p>\n<h2>GESTIONE CLIENTI CON CLOSE CRM<\/h2>\n<p>Di seguito un&#8217;immagine della schermata principale di Close CRM:<\/p>\n<p><a href=\"https:\/\/www.accuratereviews.com\/wp-content\/uploads\/2019\/05\/small_business_crm.png\"><img loading=\"lazy\" decoding=\"async\" class=\"aligncenter size-full wp-image-13861\" src=\"https:\/\/www.accuratereviews.com\/wp-content\/uploads\/2019\/05\/small_business_crm.png\" alt=\"\" width=\"2060\" height=\"1214\" srcset=\"https:\/\/www.accuratereviews.com\/wp-content\/uploads\/2019\/05\/small_business_crm.png 2060w, https:\/\/www.accuratereviews.com\/wp-content\/uploads\/2019\/05\/small_business_crm-300x177.png 300w, https:\/\/www.accuratereviews.com\/wp-content\/uploads\/2019\/05\/small_business_crm-768x453.png 768w, https:\/\/www.accuratereviews.com\/wp-content\/uploads\/2019\/05\/small_business_crm-1024x603.png 1024w, https:\/\/www.accuratereviews.com\/wp-content\/uploads\/2019\/05\/small_business_crm-212x125.png 212w, https:\/\/www.accuratereviews.com\/wp-content\/uploads\/2019\/05\/small_business_crm-50x29.png 50w, https:\/\/www.accuratereviews.com\/wp-content\/uploads\/2019\/05\/small_business_crm-968x570.png 968w, https:\/\/www.accuratereviews.com\/wp-content\/uploads\/2019\/05\/small_business_crm-636x375.png 636w, https:\/\/www.accuratereviews.com\/wp-content\/uploads\/2019\/05\/small_business_crm-320x189.png 320w, https:\/\/www.accuratereviews.com\/wp-content\/uploads\/2019\/05\/small_business_crm-239x141.png 239w\" sizes=\"auto, (max-width: 2060px) 100vw, 2060px\" \/><\/a><\/p>\n<h3>CLOSE CRM &#8211; CARATTERISTICHE<\/h3>\n<p>Ecco le principali caratteristiche di questo <strong>Customer Relationship Manager<\/strong>:<\/p>\n<ul>\n<li><strong>Gestione clienti<\/strong>: gestisci i tuoi clienti in modo semplice e intuitivo, inserendo i loro dati in una piattaforma unica e completa<\/li>\n<li><strong>Gestione lead<\/strong>: gestisci i tuoi lead per facilitarne la trasformazione da potenziale cliente a cliente<\/li>\n<li><strong>Gestione comunicazioni<\/strong>: tieni sotto controllo chiamate, email, SMS e tutte le comunicazioni che vi scambiate con il cliente<\/li>\n<li><strong>Gestione email<\/strong>: invia automaticamente email in base al programma scelto per le campagne marketing<\/li>\n<li><strong>Integrazioni<\/strong>: integra le tue app preferite a Close CRM (Zapier, Zendesk, Help Scout ecc.)<\/li>\n<li><strong>Sistema reportistico<\/strong>: tieni sempre sotto controllo l&#8217;andamento della tua azienda grazie a report precisi che ti permetteranno di concludere pi\u00f9 affari, facendo meno fatica<\/li>\n<li><strong>Assistenza clienti<\/strong>: usufruisci del supporto offerto dallo staff via email, telefono e documentazione FAQ online.<\/li>\n<\/ul>\n<h4>LE RECENSIONI DEGLI UTENTI<\/h4>\n<p><strong>Scott &#8220;Un ottimo software per il tiro da fuori&#8221; <\/strong><br \/>\nPro: &#8211; Email connesse &#8211; Le sequenze sono facili da progettare su pi\u00f9 canali &#8211; Copia molto personalizzabile e dinamica nelle sequenze<br \/>\nContro: &#8211; Le caselle di posta elettronica si disconnettono occasionalmente da gmail &#8211; Alcune personalizzazioni, che sono piacevoli, lo rendono un po&#8217; complicato<\/p>\n<p><strong>Todd &#8220;Un&#8217;ottima soluzione una volta organizzata&#8221;.<\/strong><br \/>\nAdoro le Smart Views che permettono di filtrare e ordinare i contatti in modo personalizzato. Questo mi aiuta a rivedere rapidamente i diversi tipi di lead in base al loro punteggio, a quando ho parlato con loro per l&#8217;ultima volta e a quando ho bisogno di seguirli di nuovo.<br \/>\nContro: Vorrei che la formattazione di base del testo fosse integrata nella presa di appunti (soprattutto i punti elenco). Capisco che non si debba impazzire con un WYSIWYG, ma alcune semplici opzioni di formattazione aiuterebbero a prendere appunti pi\u00f9 velocemente.<\/p>\n<p><strong>Rod &#8220;Close \u00e8 il modo migliore per tracciare i lead attraverso il processo di vendita&#8221;.<\/strong><br \/>\nCommenti: Mi piace Close e continuer\u00f2 a usarlo perch\u00e9 funziona per me. Posso inserire un nuovo lead e avviare immediatamente una comunicazione tracciata da Pro: Close \u00e8 davvero facile da usare ed \u00e8 semplice da utilizzare.<br \/>\nContro: Il costo per passare dal piano base al livello successivo, che offre molte altre funzionalit\u00e0, \u00e8 elevato.<\/p>\n","protected":false},"excerpt":{"rendered":"<p>Close CRM \u00e8 una piattaforma in Cloud che permette alle aziende di incrementare le proprie vendite e concludere pi\u00f9 affari in modo semplice e veloce. \u00c8 un software CRM ideato per migliorare le relazioni con clienti e potenziali clienti in modo tale da rendere pi\u00f9 semplice tutti quei processi che hanno sempre richiesto tempi lunghi.<\/p>\n","protected":false},"author":17,"featured_media":13839,"parent":5966,"menu_order":0,"comment_status":"open","ping_status":"closed","template":"g1_template_page_review_new.php","meta":{"_acf_changed":false,"cwp_meta_box_check":"Yes","cwp_rev_product_name":"","cwp_rev_product_image":"","wppr_links":[],"cwp_rev_price":"","wppr_options":[{"name":"Usability","value":"0"},{"name":"Speed","value":"0"},{"name":"Features","value":"0"},{"name":"Support","value":"0"},{"name":"Pricing","value":"0"}],"wppr_pros":["","","","",""],"wppr_cons":["","","","",""],"_monsterinsights_skip_tracking":false,"_monsterinsights_sitenote_active":false,"_monsterinsights_sitenote_note":"","_monsterinsights_sitenote_category":0,"footnotes":""},"categories":[120],"tags":[396,10868,425,427,426,1837],"features":[],"class_list":{"0":"post-13837","1":"page","2":"type-page","3":"status-publish","4":"has-post-thumbnail","6":"category-crm-it","7":"tag-cloud","8":"tag-customer-relationship-management-2-it","9":"tag-gestione-clienti","10":"tag-programma-crm","11":"tag-sistema-crm","12":"tag-software-crm-2-it"},"wppr_data":{"cwp_meta_box_check":"Yes","cwp_rev_product_name":"","_wppr_review_template":"default","cwp_rev_product_image":"","cwp_image_link":"image","wppr_links":[],"cwp_rev_price":"","wppr_pros":["","","","",""],"wppr_cons":["","","","",""],"wppr_rating":"0.00","wppr_options":{"1":{"name":"Usability","value":"0"},"2":{"name":"Speed","value":"0"},"3":{"name":"Features","value":"0"},"4":{"name":"Support","value":"0"},"5":{"name":"Pricing","value":"0"}},"wppr_review_type":"Product","wppr_review_custom_fields":{"additionalProperty":"","additionalType":"","aggregateRating":"","alternateName":"","audience":"","award":"","awards":"","brand":"","color":"","depth":"","description":"","disambiguatingDescription":"","gtin12":"","gtin13":"","gtin14":"","gtin8":"","height":"","identifier":"","image":"","isAccessoryOrSparePartFor":"","isConsumableFor":"","isRelatedTo":"","isSimilarTo":"","itemCondition":"","logo":"","mainEntityOfPage":"","manufacturer":"","material":"","model":"","mpn":"","name":"","offers":"","potentialAction":"","productID":"","productionDate":"","purchaseDate":"","releaseDate":"","review":"","reviews":"","sameAs":"","sku":"","slogan":"","subjectOf":"","url":"","weight":"","width":""}},"acf":[],"yoast_head":"<!-- This site is optimized with the Yoast SEO plugin v27.4 - https:\/\/yoast.com\/product\/yoast-seo-wordpress\/ -->\n<title>Close CRM: recensione CRM software - Accurate Reviews<\/title>\n<meta name=\"description\" content=\"Close CRM: recensione software CRM basato su cloud che consente alle aziende di aumentare le vendite e concludere pi\u00f9 affari in modo rapido e semplice.\" \/>\n<meta name=\"robots\" content=\"index, follow, max-snippet:-1, max-image-preview:large, max-video-preview:-1\" \/>\n<link rel=\"canonical\" href=\"https:\/\/www.accuratereviews.com\/it\/crm-software-migliori-lista\/close-crm-recensione\/\" \/>\n<meta property=\"og:locale\" content=\"it_IT\" \/>\n<meta property=\"og:type\" content=\"article\" \/>\n<meta property=\"og:title\" content=\"Close CRM: recensione CRM software - Accurate Reviews\" \/>\n<meta property=\"og:description\" content=\"Close CRM: recensione software CRM basato su cloud che consente alle aziende di aumentare le vendite e concludere pi\u00f9 affari in modo rapido e semplice.\" \/>\n<meta property=\"og:url\" content=\"https:\/\/www.accuratereviews.com\/it\/crm-software-migliori-lista\/close-crm-recensione\/\" \/>\n<meta property=\"og:site_name\" content=\"Accurate Reviews\" \/>\n<meta property=\"article:modified_time\" content=\"2023-03-06T21:25:46+00:00\" \/>\n<meta property=\"og:image\" content=\"https:\/\/www.accuratereviews.com\/wp-content\/uploads\/2019\/05\/download-e1556788221823.png\" \/>\n\t<meta property=\"og:image:width\" content=\"200\" \/>\n\t<meta property=\"og:image:height\" content=\"54\" \/>\n\t<meta property=\"og:image:type\" content=\"image\/png\" \/>\n<meta name=\"twitter:card\" content=\"summary_large_image\" \/>\n<meta name=\"twitter:label1\" content=\"Tempo di lettura stimato\" \/>\n\t<meta name=\"twitter:data1\" content=\"3 minuti\" \/>\n<script type=\"application\/ld+json\" class=\"yoast-schema-graph\">{\"@context\":\"https:\\\/\\\/schema.org\",\"@graph\":[{\"@type\":\"WebPage\",\"@id\":\"https:\\\/\\\/www.accuratereviews.com\\\/it\\\/crm-software-migliori-lista\\\/close-crm-recensione\\\/\",\"url\":\"https:\\\/\\\/www.accuratereviews.com\\\/it\\\/crm-software-migliori-lista\\\/close-crm-recensione\\\/\",\"name\":\"Close CRM: recensione CRM software - Accurate Reviews\",\"isPartOf\":{\"@id\":\"https:\\\/\\\/www.accuratereviews.com\\\/it\\\/#website\"},\"primaryImageOfPage\":{\"@id\":\"https:\\\/\\\/www.accuratereviews.com\\\/it\\\/crm-software-migliori-lista\\\/close-crm-recensione\\\/#primaryimage\"},\"image\":{\"@id\":\"https:\\\/\\\/www.accuratereviews.com\\\/it\\\/crm-software-migliori-lista\\\/close-crm-recensione\\\/#primaryimage\"},\"thumbnailUrl\":\"https:\\\/\\\/www.accuratereviews.com\\\/wp-content\\\/uploads\\\/2019\\\/05\\\/download-e1556788221823.png\",\"datePublished\":\"2019-05-02T13:08:17+00:00\",\"dateModified\":\"2023-03-06T21:25:46+00:00\",\"description\":\"Close CRM: recensione software CRM basato su cloud che consente alle aziende di aumentare le vendite e concludere pi\u00f9 affari in modo rapido e semplice.\",\"breadcrumb\":{\"@id\":\"https:\\\/\\\/www.accuratereviews.com\\\/it\\\/crm-software-migliori-lista\\\/close-crm-recensione\\\/#breadcrumb\"},\"inLanguage\":\"it-IT\",\"potentialAction\":[{\"@type\":\"ReadAction\",\"target\":[\"https:\\\/\\\/www.accuratereviews.com\\\/it\\\/crm-software-migliori-lista\\\/close-crm-recensione\\\/\"]}]},{\"@type\":\"ImageObject\",\"inLanguage\":\"it-IT\",\"@id\":\"https:\\\/\\\/www.accuratereviews.com\\\/it\\\/crm-software-migliori-lista\\\/close-crm-recensione\\\/#primaryimage\",\"url\":\"https:\\\/\\\/www.accuratereviews.com\\\/wp-content\\\/uploads\\\/2019\\\/05\\\/download-e1556788221823.png\",\"contentUrl\":\"https:\\\/\\\/www.accuratereviews.com\\\/wp-content\\\/uploads\\\/2019\\\/05\\\/download-e1556788221823.png\",\"width\":200,\"height\":54},{\"@type\":\"BreadcrumbList\",\"@id\":\"https:\\\/\\\/www.accuratereviews.com\\\/it\\\/crm-software-migliori-lista\\\/close-crm-recensione\\\/#breadcrumb\",\"itemListElement\":[{\"@type\":\"ListItem\",\"position\":1,\"name\":\"Home\",\"item\":\"https:\\\/\\\/www.accuratereviews.com\\\/it\\\/\"},{\"@type\":\"ListItem\",\"position\":2,\"name\":\"CRM: i software migliori\",\"item\":\"https:\\\/\\\/www.accuratereviews.com\\\/it\\\/crm-software-migliori-lista\\\/\"},{\"@type\":\"ListItem\",\"position\":3,\"name\":\"Close CRM\"}]},{\"@type\":\"WebSite\",\"@id\":\"https:\\\/\\\/www.accuratereviews.com\\\/it\\\/#website\",\"url\":\"https:\\\/\\\/www.accuratereviews.com\\\/it\\\/\",\"name\":\"Accurate Reviews\",\"description\":\"\",\"potentialAction\":[{\"@type\":\"SearchAction\",\"target\":{\"@type\":\"EntryPoint\",\"urlTemplate\":\"https:\\\/\\\/www.accuratereviews.com\\\/it\\\/?s={search_term_string}\"},\"query-input\":{\"@type\":\"PropertyValueSpecification\",\"valueRequired\":true,\"valueName\":\"search_term_string\"}}],\"inLanguage\":\"it-IT\"}]}<\/script>\n<!-- \/ Yoast SEO plugin. -->","yoast_head_json":{"title":"Close CRM: recensione CRM software - Accurate Reviews","description":"Close CRM: recensione software CRM basato su cloud che consente alle aziende di aumentare le vendite e concludere pi\u00f9 affari in modo rapido e semplice.","robots":{"index":"index","follow":"follow","max-snippet":"max-snippet:-1","max-image-preview":"max-image-preview:large","max-video-preview":"max-video-preview:-1"},"canonical":"https:\/\/www.accuratereviews.com\/it\/crm-software-migliori-lista\/close-crm-recensione\/","og_locale":"it_IT","og_type":"article","og_title":"Close CRM: recensione CRM software - Accurate Reviews","og_description":"Close CRM: recensione software CRM basato su cloud che consente alle aziende di aumentare le vendite e concludere pi\u00f9 affari in modo rapido e semplice.","og_url":"https:\/\/www.accuratereviews.com\/it\/crm-software-migliori-lista\/close-crm-recensione\/","og_site_name":"Accurate Reviews","article_modified_time":"2023-03-06T21:25:46+00:00","og_image":[{"width":200,"height":54,"url":"https:\/\/www.accuratereviews.com\/wp-content\/uploads\/2019\/05\/download-e1556788221823.png","type":"image\/png"}],"twitter_card":"summary_large_image","twitter_misc":{"Tempo di lettura stimato":"3 minuti"},"schema":{"@context":"https:\/\/schema.org","@graph":[{"@type":"WebPage","@id":"https:\/\/www.accuratereviews.com\/it\/crm-software-migliori-lista\/close-crm-recensione\/","url":"https:\/\/www.accuratereviews.com\/it\/crm-software-migliori-lista\/close-crm-recensione\/","name":"Close CRM: recensione CRM software - Accurate Reviews","isPartOf":{"@id":"https:\/\/www.accuratereviews.com\/it\/#website"},"primaryImageOfPage":{"@id":"https:\/\/www.accuratereviews.com\/it\/crm-software-migliori-lista\/close-crm-recensione\/#primaryimage"},"image":{"@id":"https:\/\/www.accuratereviews.com\/it\/crm-software-migliori-lista\/close-crm-recensione\/#primaryimage"},"thumbnailUrl":"https:\/\/www.accuratereviews.com\/wp-content\/uploads\/2019\/05\/download-e1556788221823.png","datePublished":"2019-05-02T13:08:17+00:00","dateModified":"2023-03-06T21:25:46+00:00","description":"Close CRM: recensione software CRM basato su cloud che consente alle aziende di aumentare le vendite e concludere pi\u00f9 affari in modo rapido e semplice.","breadcrumb":{"@id":"https:\/\/www.accuratereviews.com\/it\/crm-software-migliori-lista\/close-crm-recensione\/#breadcrumb"},"inLanguage":"it-IT","potentialAction":[{"@type":"ReadAction","target":["https:\/\/www.accuratereviews.com\/it\/crm-software-migliori-lista\/close-crm-recensione\/"]}]},{"@type":"ImageObject","inLanguage":"it-IT","@id":"https:\/\/www.accuratereviews.com\/it\/crm-software-migliori-lista\/close-crm-recensione\/#primaryimage","url":"https:\/\/www.accuratereviews.com\/wp-content\/uploads\/2019\/05\/download-e1556788221823.png","contentUrl":"https:\/\/www.accuratereviews.com\/wp-content\/uploads\/2019\/05\/download-e1556788221823.png","width":200,"height":54},{"@type":"BreadcrumbList","@id":"https:\/\/www.accuratereviews.com\/it\/crm-software-migliori-lista\/close-crm-recensione\/#breadcrumb","itemListElement":[{"@type":"ListItem","position":1,"name":"Home","item":"https:\/\/www.accuratereviews.com\/it\/"},{"@type":"ListItem","position":2,"name":"CRM: i software migliori","item":"https:\/\/www.accuratereviews.com\/it\/crm-software-migliori-lista\/"},{"@type":"ListItem","position":3,"name":"Close CRM"}]},{"@type":"WebSite","@id":"https:\/\/www.accuratereviews.com\/it\/#website","url":"https:\/\/www.accuratereviews.com\/it\/","name":"Accurate Reviews","description":"","potentialAction":[{"@type":"SearchAction","target":{"@type":"EntryPoint","urlTemplate":"https:\/\/www.accuratereviews.com\/it\/?s={search_term_string}"},"query-input":{"@type":"PropertyValueSpecification","valueRequired":true,"valueName":"search_term_string"}}],"inLanguage":"it-IT"}]}},"_links":{"self":[{"href":"https:\/\/www.accuratereviews.com\/it\/wp-json\/wp\/v2\/pages\/13837","targetHints":{"allow":["GET"]}}],"collection":[{"href":"https:\/\/www.accuratereviews.com\/it\/wp-json\/wp\/v2\/pages"}],"about":[{"href":"https:\/\/www.accuratereviews.com\/it\/wp-json\/wp\/v2\/types\/page"}],"author":[{"embeddable":true,"href":"https:\/\/www.accuratereviews.com\/it\/wp-json\/wp\/v2\/users\/17"}],"replies":[{"embeddable":true,"href":"https:\/\/www.accuratereviews.com\/it\/wp-json\/wp\/v2\/comments?post=13837"}],"version-history":[{"count":14,"href":"https:\/\/www.accuratereviews.com\/it\/wp-json\/wp\/v2\/pages\/13837\/revisions"}],"predecessor-version":[{"id":67748,"href":"https:\/\/www.accuratereviews.com\/it\/wp-json\/wp\/v2\/pages\/13837\/revisions\/67748"}],"up":[{"embeddable":true,"href":"https:\/\/www.accuratereviews.com\/it\/wp-json\/wp\/v2\/pages\/5966"}],"wp:featuredmedia":[{"embeddable":true,"href":"https:\/\/www.accuratereviews.com\/it\/wp-json\/wp\/v2\/media\/13839"}],"wp:attachment":[{"href":"https:\/\/www.accuratereviews.com\/it\/wp-json\/wp\/v2\/media?parent=13837"}],"wp:term":[{"taxonomy":"category","embeddable":true,"href":"https:\/\/www.accuratereviews.com\/it\/wp-json\/wp\/v2\/categories?post=13837"},{"taxonomy":"post_tag","embeddable":true,"href":"https:\/\/www.accuratereviews.com\/it\/wp-json\/wp\/v2\/tags?post=13837"},{"taxonomy":"features","embeddable":true,"href":"https:\/\/www.accuratereviews.com\/it\/wp-json\/wp\/v2\/features?post=13837"}],"curies":[{"name":"wp","href":"https:\/\/api.w.org\/{rel}","templated":true}]}}