{"id":13857,"date":"2019-05-06T08:53:31","date_gmt":"2019-05-06T08:53:31","guid":{"rendered":"https:\/\/www.accuratereviews.com\/?page_id=13857"},"modified":"2021-05-04T15:15:37","modified_gmt":"2021-05-04T15:15:37","slug":"screenshotscloud-recensione","status":"publish","type":"page","link":"https:\/\/www.accuratereviews.com\/it\/lista-migliori-tools-catturare-schermo\/screenshotscloud-recensione\/","title":{"rendered":"ScreenshotsCloud"},"content":{"rendered":"<p>ScreenshotsCloud \u00e8 un <strong>programma per \u00a0g<\/strong><span lang=\"it\" tabindex=\"0\"><strong>enerare screenshot<\/strong> di siti web di alta qualit\u00e0 in pochi secondi utilizzando un affidabile servizio API supportato da CDN. Sviluppato dalla societ\u00e0 Brushd \u00e8 compatibile\u00a0con i maggiori sistemi operativi (<strong>Windows, Linux e Mac<\/strong>) e i principali browser (<strong>Chrome, Firefox, Safari<\/strong>) , questo software scalabile \u00e8 un ottima soluzione per il tuo buisness.<\/span><\/p>\n<p><a href=\"https:\/\/www.accuratereviews.com\/wp-content\/uploads\/2019\/05\/screenshotscloud_741377_full.png.jpeg\"><img loading=\"lazy\" decoding=\"async\" class=\"size-full wp-image-13866 aligncenter\" src=\"https:\/\/www.accuratereviews.com\/wp-content\/uploads\/2019\/05\/screenshotscloud_741377_full.png.jpeg\" alt=\"\" width=\"1040\" height=\"715\" srcset=\"https:\/\/www.accuratereviews.com\/wp-content\/uploads\/2019\/05\/screenshotscloud_741377_full.png.jpeg 1040w, https:\/\/www.accuratereviews.com\/wp-content\/uploads\/2019\/05\/screenshotscloud_741377_full.png-300x206.jpeg 300w, https:\/\/www.accuratereviews.com\/wp-content\/uploads\/2019\/05\/screenshotscloud_741377_full.png-768x528.jpeg 768w, https:\/\/www.accuratereviews.com\/wp-content\/uploads\/2019\/05\/screenshotscloud_741377_full.png-1024x704.jpeg 1024w, https:\/\/www.accuratereviews.com\/wp-content\/uploads\/2019\/05\/screenshotscloud_741377_full.png-182x125.jpeg 182w, https:\/\/www.accuratereviews.com\/wp-content\/uploads\/2019\/05\/screenshotscloud_741377_full.png-50x34.jpeg 50w, https:\/\/www.accuratereviews.com\/wp-content\/uploads\/2019\/05\/screenshotscloud_741377_full.png-968x666.jpeg 968w, https:\/\/www.accuratereviews.com\/wp-content\/uploads\/2019\/05\/screenshotscloud_741377_full.png-636x437.jpeg 636w, https:\/\/www.accuratereviews.com\/wp-content\/uploads\/2019\/05\/screenshotscloud_741377_full.png-320x220.jpeg 320w, https:\/\/www.accuratereviews.com\/wp-content\/uploads\/2019\/05\/screenshotscloud_741377_full.png-239x164.jpeg 239w\" sizes=\"auto, (max-width: 1040px) 100vw, 1040px\" \/><\/a><\/p>\n<h2>SCEENSHOTSCLOUD CARATTERISTICHE<\/h2>\n<ul>\n<li><strong>Genera molteplici screenshots:\u00a0<\/strong><span lang=\"it\" tabindex=\"0\">crea milioni di screenshot veloci di alta qualit\u00e0 del sito web usando la \u00a0API<\/span><\/li>\n<li><strong>Invia<\/strong> i tuoi screenshots velocemente e in grande quantit\u00e0<\/li>\n<li><strong>Screenshots di alta qualit\u00e0<\/strong><\/li>\n<li><strong>Compatibile<\/strong> con i principali browser e sistemi operativi<\/li>\n<li><strong>Cloud<\/strong><\/li>\n<\/ul>\n<p>&nbsp;<\/p>\n<p>&nbsp;<\/p>\n","protected":false},"excerpt":{"rendered":"<p>ScreenshotsCloud \u00e8 un programma per \u00a0generare screenshot di siti Web di alta qualit\u00e0 in pochi secondi utilizzando un affidabile servizio API supportato da CDN. Sviluppato dalla societ\u00e0 Brushd \u00e8 compatibile\u00a0con i maggiori sistemi operativi (Windows, Linux e Mac) e i principali browser (Chrome, Firefox, Safari) , questo software scalabile \u00e8 un ottima soluzione per il tuo buisness.<\/p>\n","protected":false},"author":19,"featured_media":13868,"parent":13930,"menu_order":0,"comment_status":"open","ping_status":"closed","template":"g1_template_page_review_new.php","meta":{"_acf_changed":false,"cwp_meta_box_check":"Yes","cwp_rev_product_name":"","cwp_rev_product_image":"","wppr_links":[],"cwp_rev_price":"","wppr_options":[],"wppr_pros":[],"wppr_cons":[],"_monsterinsights_skip_tracking":false,"_monsterinsights_sitenote_active":false,"_monsterinsights_sitenote_note":"","_monsterinsights_sitenote_category":0,"footnotes":""},"categories":[524],"tags":[521,522,467,474,523,520,466],"features":[],"class_list":{"0":"post-13857","1":"page","2":"type-page","3":"status-publish","4":"has-post-thumbnail","6":"category-cattura-schermo","7":"tag-chrome","8":"tag-firefox","9":"tag-linux","10":"tag-mac","11":"tag-safari","12":"tag-screenshot","13":"tag-windows"},"wppr_data":{"cwp_meta_box_check":"Yes","cwp_rev_product_name":"","cwp_rev_product_image":"","cwp_image_link":"image","cwp_rev_price":"","wppr_rating":"0.00"},"acf":[],"yoast_head":"<!-- This site is optimized with the Yoast SEO plugin v27.4 - https:\/\/yoast.com\/product\/yoast-seo-wordpress\/ -->\n<title>ScreenshotsCloud: recensione - Accurate Reviews<\/title>\n<meta name=\"description\" content=\"ScreenshotsCloud: recensione programma per generare screenshot di siti Web di alta qualit\u00e0 in pochi secondi utilizzando un affidabile servizio API.\" \/>\n<meta name=\"robots\" content=\"index, follow, max-snippet:-1, max-image-preview:large, max-video-preview:-1\" \/>\n<link rel=\"canonical\" href=\"https:\/\/www.accuratereviews.com\/it\/lista-migliori-tools-catturare-schermo\/screenshotscloud-recensione\/\" \/>\n<meta property=\"og:locale\" content=\"it_IT\" \/>\n<meta property=\"og:type\" content=\"article\" \/>\n<meta property=\"og:title\" content=\"ScreenshotsCloud: recensione - Accurate Reviews\" \/>\n<meta property=\"og:description\" content=\"ScreenshotsCloud: recensione programma per generare screenshot di siti Web di alta qualit\u00e0 in pochi secondi utilizzando un affidabile servizio API.\" \/>\n<meta property=\"og:url\" content=\"https:\/\/www.accuratereviews.com\/it\/lista-migliori-tools-catturare-schermo\/screenshotscloud-recensione\/\" \/>\n<meta property=\"og:site_name\" content=\"Accurate Reviews\" \/>\n<meta property=\"article:modified_time\" content=\"2021-05-04T15:15:37+00:00\" \/>\n<meta property=\"og:image\" content=\"https:\/\/www.accuratereviews.com\/wp-content\/uploads\/2019\/05\/screenshotscloud.png\" \/>\n\t<meta property=\"og:image:width\" content=\"364\" \/>\n\t<meta property=\"og:image:height\" content=\"364\" \/>\n\t<meta property=\"og:image:type\" content=\"image\/png\" \/>\n<meta name=\"twitter:card\" content=\"summary_large_image\" \/>\n<script type=\"application\/ld+json\" class=\"yoast-schema-graph\">{\"@context\":\"https:\\\/\\\/schema.org\",\"@graph\":[{\"@type\":\"WebPage\",\"@id\":\"https:\\\/\\\/www.accuratereviews.com\\\/it\\\/lista-migliori-tools-catturare-schermo\\\/screenshotscloud-recensione\\\/\",\"url\":\"https:\\\/\\\/www.accuratereviews.com\\\/it\\\/lista-migliori-tools-catturare-schermo\\\/screenshotscloud-recensione\\\/\",\"name\":\"ScreenshotsCloud: recensione - Accurate Reviews\",\"isPartOf\":{\"@id\":\"https:\\\/\\\/www.accuratereviews.com\\\/it\\\/#website\"},\"primaryImageOfPage\":{\"@id\":\"https:\\\/\\\/www.accuratereviews.com\\\/it\\\/lista-migliori-tools-catturare-schermo\\\/screenshotscloud-recensione\\\/#primaryimage\"},\"image\":{\"@id\":\"https:\\\/\\\/www.accuratereviews.com\\\/it\\\/lista-migliori-tools-catturare-schermo\\\/screenshotscloud-recensione\\\/#primaryimage\"},\"thumbnailUrl\":\"https:\\\/\\\/www.accuratereviews.com\\\/wp-content\\\/uploads\\\/2019\\\/05\\\/screenshotscloud.png\",\"datePublished\":\"2019-05-06T08:53:31+00:00\",\"dateModified\":\"2021-05-04T15:15:37+00:00\",\"description\":\"ScreenshotsCloud: recensione programma per generare screenshot di siti Web di alta qualit\u00e0 in pochi secondi utilizzando un affidabile servizio API.\",\"breadcrumb\":{\"@id\":\"https:\\\/\\\/www.accuratereviews.com\\\/it\\\/lista-migliori-tools-catturare-schermo\\\/screenshotscloud-recensione\\\/#breadcrumb\"},\"inLanguage\":\"it-IT\",\"potentialAction\":[{\"@type\":\"ReadAction\",\"target\":[\"https:\\\/\\\/www.accuratereviews.com\\\/it\\\/lista-migliori-tools-catturare-schermo\\\/screenshotscloud-recensione\\\/\"]}]},{\"@type\":\"ImageObject\",\"inLanguage\":\"it-IT\",\"@id\":\"https:\\\/\\\/www.accuratereviews.com\\\/it\\\/lista-migliori-tools-catturare-schermo\\\/screenshotscloud-recensione\\\/#primaryimage\",\"url\":\"https:\\\/\\\/www.accuratereviews.com\\\/wp-content\\\/uploads\\\/2019\\\/05\\\/screenshotscloud.png\",\"contentUrl\":\"https:\\\/\\\/www.accuratereviews.com\\\/wp-content\\\/uploads\\\/2019\\\/05\\\/screenshotscloud.png\",\"width\":364,\"height\":364},{\"@type\":\"BreadcrumbList\",\"@id\":\"https:\\\/\\\/www.accuratereviews.com\\\/it\\\/lista-migliori-tools-catturare-schermo\\\/screenshotscloud-recensione\\\/#breadcrumb\",\"itemListElement\":[{\"@type\":\"ListItem\",\"position\":1,\"name\":\"Home\",\"item\":\"https:\\\/\\\/www.accuratereviews.com\\\/it\\\/\"},{\"@type\":\"ListItem\",\"position\":2,\"name\":\"Tools per catturare lo schermo\",\"item\":\"https:\\\/\\\/www.accuratereviews.com\\\/it\\\/lista-migliori-tools-catturare-schermo\\\/\"},{\"@type\":\"ListItem\",\"position\":3,\"name\":\"ScreenshotsCloud\"}]},{\"@type\":\"WebSite\",\"@id\":\"https:\\\/\\\/www.accuratereviews.com\\\/it\\\/#website\",\"url\":\"https:\\\/\\\/www.accuratereviews.com\\\/it\\\/\",\"name\":\"Accurate Reviews\",\"description\":\"\",\"potentialAction\":[{\"@type\":\"SearchAction\",\"target\":{\"@type\":\"EntryPoint\",\"urlTemplate\":\"https:\\\/\\\/www.accuratereviews.com\\\/it\\\/?s={search_term_string}\"},\"query-input\":{\"@type\":\"PropertyValueSpecification\",\"valueRequired\":true,\"valueName\":\"search_term_string\"}}],\"inLanguage\":\"it-IT\"}]}<\/script>\n<!-- \/ Yoast SEO plugin. -->","yoast_head_json":{"title":"ScreenshotsCloud: recensione - Accurate Reviews","description":"ScreenshotsCloud: recensione programma per generare screenshot di siti Web di alta qualit\u00e0 in pochi secondi utilizzando un affidabile servizio API.","robots":{"index":"index","follow":"follow","max-snippet":"max-snippet:-1","max-image-preview":"max-image-preview:large","max-video-preview":"max-video-preview:-1"},"canonical":"https:\/\/www.accuratereviews.com\/it\/lista-migliori-tools-catturare-schermo\/screenshotscloud-recensione\/","og_locale":"it_IT","og_type":"article","og_title":"ScreenshotsCloud: recensione - Accurate Reviews","og_description":"ScreenshotsCloud: recensione programma per generare screenshot di siti Web di alta qualit\u00e0 in pochi secondi utilizzando un affidabile servizio API.","og_url":"https:\/\/www.accuratereviews.com\/it\/lista-migliori-tools-catturare-schermo\/screenshotscloud-recensione\/","og_site_name":"Accurate Reviews","article_modified_time":"2021-05-04T15:15:37+00:00","og_image":[{"width":364,"height":364,"url":"https:\/\/www.accuratereviews.com\/wp-content\/uploads\/2019\/05\/screenshotscloud.png","type":"image\/png"}],"twitter_card":"summary_large_image","schema":{"@context":"https:\/\/schema.org","@graph":[{"@type":"WebPage","@id":"https:\/\/www.accuratereviews.com\/it\/lista-migliori-tools-catturare-schermo\/screenshotscloud-recensione\/","url":"https:\/\/www.accuratereviews.com\/it\/lista-migliori-tools-catturare-schermo\/screenshotscloud-recensione\/","name":"ScreenshotsCloud: recensione - Accurate Reviews","isPartOf":{"@id":"https:\/\/www.accuratereviews.com\/it\/#website"},"primaryImageOfPage":{"@id":"https:\/\/www.accuratereviews.com\/it\/lista-migliori-tools-catturare-schermo\/screenshotscloud-recensione\/#primaryimage"},"image":{"@id":"https:\/\/www.accuratereviews.com\/it\/lista-migliori-tools-catturare-schermo\/screenshotscloud-recensione\/#primaryimage"},"thumbnailUrl":"https:\/\/www.accuratereviews.com\/wp-content\/uploads\/2019\/05\/screenshotscloud.png","datePublished":"2019-05-06T08:53:31+00:00","dateModified":"2021-05-04T15:15:37+00:00","description":"ScreenshotsCloud: recensione programma per generare screenshot di siti Web di alta qualit\u00e0 in pochi secondi utilizzando un affidabile servizio API.","breadcrumb":{"@id":"https:\/\/www.accuratereviews.com\/it\/lista-migliori-tools-catturare-schermo\/screenshotscloud-recensione\/#breadcrumb"},"inLanguage":"it-IT","potentialAction":[{"@type":"ReadAction","target":["https:\/\/www.accuratereviews.com\/it\/lista-migliori-tools-catturare-schermo\/screenshotscloud-recensione\/"]}]},{"@type":"ImageObject","inLanguage":"it-IT","@id":"https:\/\/www.accuratereviews.com\/it\/lista-migliori-tools-catturare-schermo\/screenshotscloud-recensione\/#primaryimage","url":"https:\/\/www.accuratereviews.com\/wp-content\/uploads\/2019\/05\/screenshotscloud.png","contentUrl":"https:\/\/www.accuratereviews.com\/wp-content\/uploads\/2019\/05\/screenshotscloud.png","width":364,"height":364},{"@type":"BreadcrumbList","@id":"https:\/\/www.accuratereviews.com\/it\/lista-migliori-tools-catturare-schermo\/screenshotscloud-recensione\/#breadcrumb","itemListElement":[{"@type":"ListItem","position":1,"name":"Home","item":"https:\/\/www.accuratereviews.com\/it\/"},{"@type":"ListItem","position":2,"name":"Tools per catturare lo schermo","item":"https:\/\/www.accuratereviews.com\/it\/lista-migliori-tools-catturare-schermo\/"},{"@type":"ListItem","position":3,"name":"ScreenshotsCloud"}]},{"@type":"WebSite","@id":"https:\/\/www.accuratereviews.com\/it\/#website","url":"https:\/\/www.accuratereviews.com\/it\/","name":"Accurate Reviews","description":"","potentialAction":[{"@type":"SearchAction","target":{"@type":"EntryPoint","urlTemplate":"https:\/\/www.accuratereviews.com\/it\/?s={search_term_string}"},"query-input":{"@type":"PropertyValueSpecification","valueRequired":true,"valueName":"search_term_string"}}],"inLanguage":"it-IT"}]}},"_links":{"self":[{"href":"https:\/\/www.accuratereviews.com\/it\/wp-json\/wp\/v2\/pages\/13857","targetHints":{"allow":["GET"]}}],"collection":[{"href":"https:\/\/www.accuratereviews.com\/it\/wp-json\/wp\/v2\/pages"}],"about":[{"href":"https:\/\/www.accuratereviews.com\/it\/wp-json\/wp\/v2\/types\/page"}],"author":[{"embeddable":true,"href":"https:\/\/www.accuratereviews.com\/it\/wp-json\/wp\/v2\/users\/19"}],"replies":[{"embeddable":true,"href":"https:\/\/www.accuratereviews.com\/it\/wp-json\/wp\/v2\/comments?post=13857"}],"version-history":[{"count":13,"href":"https:\/\/www.accuratereviews.com\/it\/wp-json\/wp\/v2\/pages\/13857\/revisions"}],"predecessor-version":[{"id":41878,"href":"https:\/\/www.accuratereviews.com\/it\/wp-json\/wp\/v2\/pages\/13857\/revisions\/41878"}],"up":[{"embeddable":true,"href":"https:\/\/www.accuratereviews.com\/it\/wp-json\/wp\/v2\/pages\/13930"}],"wp:featuredmedia":[{"embeddable":true,"href":"https:\/\/www.accuratereviews.com\/it\/wp-json\/wp\/v2\/media\/13868"}],"wp:attachment":[{"href":"https:\/\/www.accuratereviews.com\/it\/wp-json\/wp\/v2\/media?parent=13857"}],"wp:term":[{"taxonomy":"category","embeddable":true,"href":"https:\/\/www.accuratereviews.com\/it\/wp-json\/wp\/v2\/categories?post=13857"},{"taxonomy":"post_tag","embeddable":true,"href":"https:\/\/www.accuratereviews.com\/it\/wp-json\/wp\/v2\/tags?post=13857"},{"taxonomy":"features","embeddable":true,"href":"https:\/\/www.accuratereviews.com\/it\/wp-json\/wp\/v2\/features?post=13857"}],"curies":[{"name":"wp","href":"https:\/\/api.w.org\/{rel}","templated":true}]}}