{"id":13913,"date":"2019-05-06T08:52:31","date_gmt":"2019-05-06T08:52:31","guid":{"rendered":"https:\/\/www.accuratereviews.com\/?page_id=13913"},"modified":"2021-05-04T15:22:06","modified_gmt":"2021-05-04T15:22:06","slug":"snapcrab-recensione","status":"publish","type":"page","link":"https:\/\/www.accuratereviews.com\/it\/lista-migliori-tools-catturare-schermo\/snapcrab-recensione\/","title":{"rendered":"SnapCrab"},"content":{"rendered":"<p><strong>SnapCrab<\/strong> \u00e8 un software gratuito che ti permette di <strong>catturare lo schermo<\/strong>, realizzando degli ottimi <strong>screenshot<\/strong> da utilizzare per il tuo sito web o per produrre tutorial. \u00c8 un programma per Windows, reso disponibile da Fenrir, che ti consente di scattare foto ovunque sul tuo desktop per ottenere <strong>screenshot<\/strong> dello schermo intero, delle finestre o di aree specifiche. Per realizzarlo, ti baster\u00e0 cliccare sull&#8217;icona nella barra degli strumenti e selezionare la parte che pi\u00f9 ti interessa, verr\u00e0 cos\u00ec scattata una foto che potr\u00e0 essere salvata in formato PNG, JPEG o anche GIF. Una volta realizzato il tuo <strong>salvaschermo<\/strong>, potrai caricarlo direttamente sul tuo sito web o condividerlo suoi tuoi canali <strong>Social<\/strong> grazie all&#8217;integrazione funzionale con Facebook, Twitter e Evernote. <strong>SanpCrab<\/strong> per rendere il tutto ancora pi\u00f9 semplice, offre la possibilit\u00e0 di utilizzare dei <strong>tasti di scelta rapida<\/strong> in modo tale da accedervi ancora pi\u00f9 rapidamente.<\/p>\n<h2>COME FARE UNO SCREENSHOT CON SNAPCRAB &#8211; TUTORIAL<\/h2>\n<p>Tramite questo breve video, potremo comprendere come realizzare uno screensaver con questo programma:<\/p>\n<div id=\"fluid-wrapper-counter-1\" class=\"g1-fluid-wrapper \" style=\"width:686px;\"><div style=\"padding-bottom:56.268221574344%;\"><iframe loading=\"lazy\" width=\"515\" height=\"386\" src=\"https:\/\/www.youtube.com\/embed\/PVXyU9dU5mw?feature=oembed&amp;wmode=transparent&amp;autohide=1&amp;autoplay=0&amp;disablekb=0&amp;fs=1&amp;loop=0&amp;enablejsapi=1&amp;rel=0&amp;controls=2&amp;showinfo=0&amp;wmode=transparent&amp;autohide=2&amp;autoplay=0&amp;disablekb=0&amp;fs=1&amp;loop=0&amp;enablejsapi=1&amp;rel=0&amp;controls=2&amp;showinfo=1\" frameborder=\"0\" allow=\"accelerometer; autoplay; encrypted-media; gyroscope; picture-in-picture\" allowfullscreen><\/iframe><\/div><\/div>\n<h3>SNAPCRAB &#8211; CARATTERISTICHE<\/h3>\n<p>Di seguito le principali caratteristiche di SnapCrab:<\/p>\n<ul>\n<li><strong>Sistema di cattura schermo<\/strong>: realizza gli screenshot dell&#8217;intero schermo, delle finestre o di alcune zone che ti interessano<\/li>\n<li><strong>Opzione di ingrandimento<\/strong>: ingrandisci meglio la zona interessare per realizzare un salvaschermo ancora pi\u00f9 preciso<\/li>\n<li><strong>Opzione di timer automatico<\/strong>: imposta il timer automatico per la cattura dello schermo<\/li>\n<li><strong>Visione anteprima<\/strong>: guarda l&#8217;anteprima dello screensaver per capire il risultato che potresti ottenere<\/li>\n<li><strong>Salvataggio automatico<\/strong>: salva le catture schermo in formato PNG<\/li>\n<li><strong>Condivisione Social<\/strong>: carica direttamente la tua foto sui canali Social (Twitter, Facebook e Evernote)<\/li>\n<\/ul>\n","protected":false},"excerpt":{"rendered":"<p>SnapCrab \u00e8 un software gratuito che ti permette di catturare lo schermo, realizzando degli ottimi screenshot da utilizzare per il tuo sito web o per produrre tutorial. \u00c8 un programma per Windows, reso disponibile da Fenrir, che ti consente di scattare foto ovunque sul tuo desktop per ottenere screenshot dello schermo intero, delle finestre o di aree specifiche. <\/p>\n","protected":false},"author":17,"featured_media":13915,"parent":13930,"menu_order":0,"comment_status":"open","ping_status":"closed","template":"g1_template_page_review_new.php","meta":{"_acf_changed":false,"cwp_meta_box_check":"Yes","cwp_rev_product_name":"","cwp_rev_product_image":"","wppr_links":[],"cwp_rev_price":"","wppr_options":[],"wppr_pros":[],"wppr_cons":[],"_monsterinsights_skip_tracking":false,"_monsterinsights_sitenote_active":false,"_monsterinsights_sitenote_note":"","_monsterinsights_sitenote_category":0,"footnotes":""},"categories":[524],"tags":[525,529,526,527,520],"features":[],"class_list":{"0":"post-13913","1":"page","2":"type-page","3":"status-publish","4":"has-post-thumbnail","6":"category-cattura-schermo","7":"tag-come-fare-uno-screenshot","8":"tag-come-realizzare-uno-screenshot","9":"tag-salvaschermo","10":"tag-screensaver","11":"tag-screenshot"},"wppr_data":{"cwp_meta_box_check":"Yes","cwp_rev_product_name":"","cwp_rev_product_image":"","cwp_image_link":"image","cwp_rev_price":"","wppr_rating":"0.00"},"acf":[],"yoast_head":"<!-- This site is optimized with the Yoast SEO plugin v27.4 - https:\/\/yoast.com\/product\/yoast-seo-wordpress\/ -->\n<title>SnapCrab: recensione programma per fare screenshot - Accurate Reviews<\/title>\n<meta name=\"description\" content=\"SnapCrab: recensione del software gratuito che ti permette di catturare lo schermo, realizzando degli ottimi screenshot per il tuo sito web o per tutorial.\" \/>\n<meta name=\"robots\" content=\"index, follow, max-snippet:-1, max-image-preview:large, max-video-preview:-1\" \/>\n<link rel=\"canonical\" href=\"https:\/\/www.accuratereviews.com\/it\/lista-migliori-tools-catturare-schermo\/snapcrab-recensione\/\" \/>\n<meta property=\"og:locale\" content=\"it_IT\" \/>\n<meta property=\"og:type\" content=\"article\" \/>\n<meta property=\"og:title\" content=\"SnapCrab: recensione programma per fare screenshot - Accurate Reviews\" \/>\n<meta property=\"og:description\" content=\"SnapCrab: recensione del software gratuito che ti permette di catturare lo schermo, realizzando degli ottimi screenshot per il tuo sito web o per tutorial.\" \/>\n<meta property=\"og:url\" content=\"https:\/\/www.accuratereviews.com\/it\/lista-migliori-tools-catturare-schermo\/snapcrab-recensione\/\" \/>\n<meta property=\"og:site_name\" content=\"Accurate Reviews\" \/>\n<meta property=\"article:modified_time\" content=\"2021-05-04T15:22:06+00:00\" \/>\n<meta property=\"og:image\" content=\"https:\/\/www.accuratereviews.com\/wp-content\/uploads\/2019\/05\/snapcrab_icon.png\" \/>\n\t<meta property=\"og:image:width\" content=\"200\" \/>\n\t<meta property=\"og:image:height\" content=\"200\" \/>\n\t<meta property=\"og:image:type\" content=\"image\/png\" \/>\n<meta name=\"twitter:card\" content=\"summary_large_image\" \/>\n<meta name=\"twitter:label1\" content=\"Tempo di lettura stimato\" \/>\n\t<meta name=\"twitter:data1\" content=\"1 minuto\" \/>\n<script type=\"application\/ld+json\" class=\"yoast-schema-graph\">{\"@context\":\"https:\\\/\\\/schema.org\",\"@graph\":[{\"@type\":\"WebPage\",\"@id\":\"https:\\\/\\\/www.accuratereviews.com\\\/it\\\/lista-migliori-tools-catturare-schermo\\\/snapcrab-recensione\\\/\",\"url\":\"https:\\\/\\\/www.accuratereviews.com\\\/it\\\/lista-migliori-tools-catturare-schermo\\\/snapcrab-recensione\\\/\",\"name\":\"SnapCrab: recensione programma per fare screenshot - Accurate Reviews\",\"isPartOf\":{\"@id\":\"https:\\\/\\\/www.accuratereviews.com\\\/it\\\/#website\"},\"primaryImageOfPage\":{\"@id\":\"https:\\\/\\\/www.accuratereviews.com\\\/it\\\/lista-migliori-tools-catturare-schermo\\\/snapcrab-recensione\\\/#primaryimage\"},\"image\":{\"@id\":\"https:\\\/\\\/www.accuratereviews.com\\\/it\\\/lista-migliori-tools-catturare-schermo\\\/snapcrab-recensione\\\/#primaryimage\"},\"thumbnailUrl\":\"https:\\\/\\\/www.accuratereviews.com\\\/wp-content\\\/uploads\\\/2019\\\/05\\\/snapcrab_icon.png\",\"datePublished\":\"2019-05-06T08:52:31+00:00\",\"dateModified\":\"2021-05-04T15:22:06+00:00\",\"description\":\"SnapCrab: recensione del software gratuito che ti permette di catturare lo schermo, realizzando degli ottimi screenshot per il tuo sito web o per tutorial.\",\"breadcrumb\":{\"@id\":\"https:\\\/\\\/www.accuratereviews.com\\\/it\\\/lista-migliori-tools-catturare-schermo\\\/snapcrab-recensione\\\/#breadcrumb\"},\"inLanguage\":\"it-IT\",\"potentialAction\":[{\"@type\":\"ReadAction\",\"target\":[\"https:\\\/\\\/www.accuratereviews.com\\\/it\\\/lista-migliori-tools-catturare-schermo\\\/snapcrab-recensione\\\/\"]}]},{\"@type\":\"ImageObject\",\"inLanguage\":\"it-IT\",\"@id\":\"https:\\\/\\\/www.accuratereviews.com\\\/it\\\/lista-migliori-tools-catturare-schermo\\\/snapcrab-recensione\\\/#primaryimage\",\"url\":\"https:\\\/\\\/www.accuratereviews.com\\\/wp-content\\\/uploads\\\/2019\\\/05\\\/snapcrab_icon.png\",\"contentUrl\":\"https:\\\/\\\/www.accuratereviews.com\\\/wp-content\\\/uploads\\\/2019\\\/05\\\/snapcrab_icon.png\",\"width\":200,\"height\":200},{\"@type\":\"BreadcrumbList\",\"@id\":\"https:\\\/\\\/www.accuratereviews.com\\\/it\\\/lista-migliori-tools-catturare-schermo\\\/snapcrab-recensione\\\/#breadcrumb\",\"itemListElement\":[{\"@type\":\"ListItem\",\"position\":1,\"name\":\"Home\",\"item\":\"https:\\\/\\\/www.accuratereviews.com\\\/it\\\/\"},{\"@type\":\"ListItem\",\"position\":2,\"name\":\"Tools per catturare lo schermo\",\"item\":\"https:\\\/\\\/www.accuratereviews.com\\\/it\\\/lista-migliori-tools-catturare-schermo\\\/\"},{\"@type\":\"ListItem\",\"position\":3,\"name\":\"SnapCrab\"}]},{\"@type\":\"WebSite\",\"@id\":\"https:\\\/\\\/www.accuratereviews.com\\\/it\\\/#website\",\"url\":\"https:\\\/\\\/www.accuratereviews.com\\\/it\\\/\",\"name\":\"Accurate Reviews\",\"description\":\"\",\"potentialAction\":[{\"@type\":\"SearchAction\",\"target\":{\"@type\":\"EntryPoint\",\"urlTemplate\":\"https:\\\/\\\/www.accuratereviews.com\\\/it\\\/?s={search_term_string}\"},\"query-input\":{\"@type\":\"PropertyValueSpecification\",\"valueRequired\":true,\"valueName\":\"search_term_string\"}}],\"inLanguage\":\"it-IT\"}]}<\/script>\n<!-- \/ Yoast SEO plugin. -->","yoast_head_json":{"title":"SnapCrab: recensione programma per fare screenshot - Accurate Reviews","description":"SnapCrab: recensione del software gratuito che ti permette di catturare lo schermo, realizzando degli ottimi screenshot per il tuo sito web o per tutorial.","robots":{"index":"index","follow":"follow","max-snippet":"max-snippet:-1","max-image-preview":"max-image-preview:large","max-video-preview":"max-video-preview:-1"},"canonical":"https:\/\/www.accuratereviews.com\/it\/lista-migliori-tools-catturare-schermo\/snapcrab-recensione\/","og_locale":"it_IT","og_type":"article","og_title":"SnapCrab: recensione programma per fare screenshot - Accurate Reviews","og_description":"SnapCrab: recensione del software gratuito che ti permette di catturare lo schermo, realizzando degli ottimi screenshot per il tuo sito web o per tutorial.","og_url":"https:\/\/www.accuratereviews.com\/it\/lista-migliori-tools-catturare-schermo\/snapcrab-recensione\/","og_site_name":"Accurate Reviews","article_modified_time":"2021-05-04T15:22:06+00:00","og_image":[{"width":200,"height":200,"url":"https:\/\/www.accuratereviews.com\/wp-content\/uploads\/2019\/05\/snapcrab_icon.png","type":"image\/png"}],"twitter_card":"summary_large_image","twitter_misc":{"Tempo di lettura stimato":"1 minuto"},"schema":{"@context":"https:\/\/schema.org","@graph":[{"@type":"WebPage","@id":"https:\/\/www.accuratereviews.com\/it\/lista-migliori-tools-catturare-schermo\/snapcrab-recensione\/","url":"https:\/\/www.accuratereviews.com\/it\/lista-migliori-tools-catturare-schermo\/snapcrab-recensione\/","name":"SnapCrab: recensione programma per fare screenshot - Accurate Reviews","isPartOf":{"@id":"https:\/\/www.accuratereviews.com\/it\/#website"},"primaryImageOfPage":{"@id":"https:\/\/www.accuratereviews.com\/it\/lista-migliori-tools-catturare-schermo\/snapcrab-recensione\/#primaryimage"},"image":{"@id":"https:\/\/www.accuratereviews.com\/it\/lista-migliori-tools-catturare-schermo\/snapcrab-recensione\/#primaryimage"},"thumbnailUrl":"https:\/\/www.accuratereviews.com\/wp-content\/uploads\/2019\/05\/snapcrab_icon.png","datePublished":"2019-05-06T08:52:31+00:00","dateModified":"2021-05-04T15:22:06+00:00","description":"SnapCrab: recensione del software gratuito che ti permette di catturare lo schermo, realizzando degli ottimi screenshot per il tuo sito web o per tutorial.","breadcrumb":{"@id":"https:\/\/www.accuratereviews.com\/it\/lista-migliori-tools-catturare-schermo\/snapcrab-recensione\/#breadcrumb"},"inLanguage":"it-IT","potentialAction":[{"@type":"ReadAction","target":["https:\/\/www.accuratereviews.com\/it\/lista-migliori-tools-catturare-schermo\/snapcrab-recensione\/"]}]},{"@type":"ImageObject","inLanguage":"it-IT","@id":"https:\/\/www.accuratereviews.com\/it\/lista-migliori-tools-catturare-schermo\/snapcrab-recensione\/#primaryimage","url":"https:\/\/www.accuratereviews.com\/wp-content\/uploads\/2019\/05\/snapcrab_icon.png","contentUrl":"https:\/\/www.accuratereviews.com\/wp-content\/uploads\/2019\/05\/snapcrab_icon.png","width":200,"height":200},{"@type":"BreadcrumbList","@id":"https:\/\/www.accuratereviews.com\/it\/lista-migliori-tools-catturare-schermo\/snapcrab-recensione\/#breadcrumb","itemListElement":[{"@type":"ListItem","position":1,"name":"Home","item":"https:\/\/www.accuratereviews.com\/it\/"},{"@type":"ListItem","position":2,"name":"Tools per catturare lo schermo","item":"https:\/\/www.accuratereviews.com\/it\/lista-migliori-tools-catturare-schermo\/"},{"@type":"ListItem","position":3,"name":"SnapCrab"}]},{"@type":"WebSite","@id":"https:\/\/www.accuratereviews.com\/it\/#website","url":"https:\/\/www.accuratereviews.com\/it\/","name":"Accurate Reviews","description":"","potentialAction":[{"@type":"SearchAction","target":{"@type":"EntryPoint","urlTemplate":"https:\/\/www.accuratereviews.com\/it\/?s={search_term_string}"},"query-input":{"@type":"PropertyValueSpecification","valueRequired":true,"valueName":"search_term_string"}}],"inLanguage":"it-IT"}]}},"_links":{"self":[{"href":"https:\/\/www.accuratereviews.com\/it\/wp-json\/wp\/v2\/pages\/13913","targetHints":{"allow":["GET"]}}],"collection":[{"href":"https:\/\/www.accuratereviews.com\/it\/wp-json\/wp\/v2\/pages"}],"about":[{"href":"https:\/\/www.accuratereviews.com\/it\/wp-json\/wp\/v2\/types\/page"}],"author":[{"embeddable":true,"href":"https:\/\/www.accuratereviews.com\/it\/wp-json\/wp\/v2\/users\/17"}],"replies":[{"embeddable":true,"href":"https:\/\/www.accuratereviews.com\/it\/wp-json\/wp\/v2\/comments?post=13913"}],"version-history":[{"count":7,"href":"https:\/\/www.accuratereviews.com\/it\/wp-json\/wp\/v2\/pages\/13913\/revisions"}],"predecessor-version":[{"id":41890,"href":"https:\/\/www.accuratereviews.com\/it\/wp-json\/wp\/v2\/pages\/13913\/revisions\/41890"}],"up":[{"embeddable":true,"href":"https:\/\/www.accuratereviews.com\/it\/wp-json\/wp\/v2\/pages\/13930"}],"wp:featuredmedia":[{"embeddable":true,"href":"https:\/\/www.accuratereviews.com\/it\/wp-json\/wp\/v2\/media\/13915"}],"wp:attachment":[{"href":"https:\/\/www.accuratereviews.com\/it\/wp-json\/wp\/v2\/media?parent=13913"}],"wp:term":[{"taxonomy":"category","embeddable":true,"href":"https:\/\/www.accuratereviews.com\/it\/wp-json\/wp\/v2\/categories?post=13913"},{"taxonomy":"post_tag","embeddable":true,"href":"https:\/\/www.accuratereviews.com\/it\/wp-json\/wp\/v2\/tags?post=13913"},{"taxonomy":"features","embeddable":true,"href":"https:\/\/www.accuratereviews.com\/it\/wp-json\/wp\/v2\/features?post=13913"}],"curies":[{"name":"wp","href":"https:\/\/api.w.org\/{rel}","templated":true}]}}