{"id":13936,"date":"2019-05-06T08:55:06","date_gmt":"2019-05-06T08:55:06","guid":{"rendered":"https:\/\/www.accuratereviews.com\/?page_id=13936"},"modified":"2021-05-04T15:13:23","modified_gmt":"2021-05-04T15:13:23","slug":"picpick-recensione","status":"publish","type":"page","link":"https:\/\/www.accuratereviews.com\/it\/lista-migliori-tools-catturare-schermo\/picpick-recensione\/","title":{"rendered":"PicPick"},"content":{"rendered":"<p class=\"tw-data-text tw-ta tw-text-small\" dir=\"ltr\" data-placeholder=\"Traduzione\"><span lang=\"it\" tabindex=\"0\"><strong>PicPick<\/strong> \u00e8 un <strong>software gratuito<\/strong> solo a uso privato, per generare <strong>screenshot<\/strong> rapidamente dallo schermo del tuo pc e quindi modificarle in base a una variet\u00e0 di scopi, tutto attraverso la stessa comoda interfaccia. Questo programma possiede una vasta gamma<\/span><span lang=\"it\" tabindex=\"0\">\u00a0di funzioni di editing grafico. Puoi scegliere tra una ricca serie di strumenti come Color Picker, che ti consente di scegliere un colore sullo schermo e quindi utilizzarlo nell&#8217;immagine, una Lente di ingrandimento, un Righello di pixel, un WhiteBoard, mirino, goniometro, lavagna e altro ancora per creare lo<strong> scatto perfetto<\/strong>.\u00a0<\/span><\/p>\n<h2 dir=\"ltr\" data-placeholder=\"Traduzione\">PICPICK &#8211; TUTORIAL<\/h2>\n<p>Con questo tutorial vediamo insieme come utilizzare questo<strong> software<\/strong>:<\/p>\n<div id=\"fluid-wrapper-counter-1\" class=\"g1-fluid-wrapper \" style=\"width:686px;\"><div style=\"padding-bottom:56.268221574344%;\"><iframe loading=\"lazy\" title=\"How to take a screenshot with PicPick in Windows?\" width=\"515\" height=\"386\" src=\"https:\/\/www.youtube.com\/embed\/U_ZyFnJJEiY?feature=oembed&amp;wmode=transparent&amp;autohide=1&amp;autoplay=0&amp;disablekb=0&amp;fs=1&amp;loop=0&amp;enablejsapi=1&amp;rel=0&amp;controls=2&amp;showinfo=0&amp;wmode=transparent&amp;autohide=2&amp;autoplay=0&amp;disablekb=0&amp;fs=1&amp;loop=0&amp;enablejsapi=1&amp;rel=0&amp;controls=2&amp;showinfo=1\" frameborder=\"0\" allow=\"accelerometer; autoplay; encrypted-media; gyroscope; picture-in-picture\" allowfullscreen><\/iframe><\/div><\/div>\n<h3>PICPICK &#8211; CARATTERISTICHE<\/h3>\n<div class=\"row\">\n<div class=\"column\">\n<ul>\n<li><strong>Cattura qualsiasi cosa<\/strong>: fai una copia dell&#8217;intero schermo, della finestra attiva, della finestra di scorrimento o di qualsiasi specifica regione del desktop<\/li>\n<li><strong>Modifica immagini:<\/strong> annota ed evidenzia le immagini: testo, frecce, forme ed altro ancora con un editor immagini integrato che include il pi\u00f9 recente menu stile nastro<\/li>\n<li><strong>Evidenzia con effetti<\/strong>: aggiungi facilmente effetti alle immagini ombreggiature, riquadri, filigrane, mosaici, sfocature, controllo luminosit\u00e0 e altro ancora<\/li>\n<li><strong>Condividi ovunque<\/strong>: salva, condividi, o invia le immagini via web, email, ftp, Dropbox, Google Drive, SkyDrive, Box, Evernote, Facebook, Twitter e altro ancora<\/li>\n<li><strong>Accessori grafici<\/strong>: una variet\u00e0 di accessori grafici inclusi selettore colori, palette colori, righello pixel, mirino, goniometro, ingrandimento, lavagna<\/li>\n<li><strong>Impostazioni personalizzabili<\/strong>: disponi di molte impostazioni avanzate, con cui \u00e8 possibile personalizzare i tasti di scelta rapida, i nomi file, la qualit\u00e0 immagine, e molti altre opzioni adatte alle tue necessit\u00e0.<\/li>\n<\/ul>\n<\/div>\n<\/div>\n","protected":false},"excerpt":{"rendered":"<p>PicPick \u00e8 un software gratuito solo a uso privato, per generare screenshot rapidamente dallo schermo del tuo pc e quindi modificarle in base a una variet\u00e0 di scopi, tutto attraverso la stessa comoda interfaccia.Questo programma possiede una vasta gamma\u00a0di funzioni di editing grafico. <\/p>\n","protected":false},"author":19,"featured_media":13941,"parent":13930,"menu_order":0,"comment_status":"open","ping_status":"closed","template":"g1_template_page_review_new.php","meta":{"_acf_changed":false,"cwp_meta_box_check":"Yes","cwp_rev_product_name":"","cwp_rev_product_image":"","wppr_links":[],"cwp_rev_price":"","wppr_options":[],"wppr_pros":[],"wppr_cons":[],"_monsterinsights_skip_tracking":false,"_monsterinsights_sitenote_active":false,"_monsterinsights_sitenote_note":"","_monsterinsights_sitenote_category":0,"footnotes":""},"categories":[524],"tags":[491,536,459,490,535,520,534],"features":[],"class_list":{"0":"post-13936","1":"page","2":"type-page","3":"status-publish","4":"has-post-thumbnail","6":"category-cattura-schermo","7":"tag-dropbox","8":"tag-evernote","9":"tag-facebook","10":"tag-google-drive","11":"tag-programma-gratuito","12":"tag-screenshot","13":"tag-software-gratuito"},"wppr_data":{"cwp_meta_box_check":"Yes","cwp_rev_product_name":"","cwp_rev_product_image":"","cwp_image_link":"image","cwp_rev_price":"","wppr_rating":"0.00"},"acf":[],"yoast_head":"<!-- This site is optimized with the Yoast SEO plugin v27.4 - https:\/\/yoast.com\/product\/yoast-seo-wordpress\/ -->\n<title>PicPick: recensione software screenshot - Accurate Reviews<\/title>\n<meta name=\"description\" content=\"PicPick: recensione software gratuito per generare screenshot rapidamente dallo schermo del tuo pc e quindi modificarli in base alle tue esigenze.\" \/>\n<meta name=\"robots\" content=\"index, follow, max-snippet:-1, max-image-preview:large, max-video-preview:-1\" \/>\n<link rel=\"canonical\" href=\"https:\/\/www.accuratereviews.com\/it\/lista-migliori-tools-catturare-schermo\/picpick-recensione\/\" \/>\n<meta property=\"og:locale\" content=\"it_IT\" \/>\n<meta property=\"og:type\" content=\"article\" \/>\n<meta property=\"og:title\" content=\"PicPick: recensione software screenshot - Accurate Reviews\" \/>\n<meta property=\"og:description\" content=\"PicPick: recensione software gratuito per generare screenshot rapidamente dallo schermo del tuo pc e quindi modificarli in base alle tue esigenze.\" \/>\n<meta property=\"og:url\" content=\"https:\/\/www.accuratereviews.com\/it\/lista-migliori-tools-catturare-schermo\/picpick-recensione\/\" \/>\n<meta property=\"og:site_name\" content=\"Accurate Reviews\" \/>\n<meta property=\"article:modified_time\" content=\"2021-05-04T15:13:23+00:00\" \/>\n<meta property=\"og:image\" content=\"https:\/\/www.accuratereviews.com\/wp-content\/uploads\/2019\/05\/logo-32ef3f284ce5058bd11263e9796a5606.png\" \/>\n\t<meta property=\"og:image:width\" content=\"800\" \/>\n\t<meta property=\"og:image:height\" content=\"800\" \/>\n\t<meta property=\"og:image:type\" content=\"image\/png\" \/>\n<meta name=\"twitter:card\" content=\"summary_large_image\" \/>\n<meta name=\"twitter:label1\" content=\"Tempo di lettura stimato\" \/>\n\t<meta name=\"twitter:data1\" content=\"1 minuto\" \/>\n<script type=\"application\/ld+json\" class=\"yoast-schema-graph\">{\"@context\":\"https:\\\/\\\/schema.org\",\"@graph\":[{\"@type\":\"WebPage\",\"@id\":\"https:\\\/\\\/www.accuratereviews.com\\\/it\\\/lista-migliori-tools-catturare-schermo\\\/picpick-recensione\\\/\",\"url\":\"https:\\\/\\\/www.accuratereviews.com\\\/it\\\/lista-migliori-tools-catturare-schermo\\\/picpick-recensione\\\/\",\"name\":\"PicPick: recensione software screenshot - Accurate Reviews\",\"isPartOf\":{\"@id\":\"https:\\\/\\\/www.accuratereviews.com\\\/it\\\/#website\"},\"primaryImageOfPage\":{\"@id\":\"https:\\\/\\\/www.accuratereviews.com\\\/it\\\/lista-migliori-tools-catturare-schermo\\\/picpick-recensione\\\/#primaryimage\"},\"image\":{\"@id\":\"https:\\\/\\\/www.accuratereviews.com\\\/it\\\/lista-migliori-tools-catturare-schermo\\\/picpick-recensione\\\/#primaryimage\"},\"thumbnailUrl\":\"https:\\\/\\\/www.accuratereviews.com\\\/wp-content\\\/uploads\\\/2019\\\/05\\\/logo-32ef3f284ce5058bd11263e9796a5606.png\",\"datePublished\":\"2019-05-06T08:55:06+00:00\",\"dateModified\":\"2021-05-04T15:13:23+00:00\",\"description\":\"PicPick: recensione software gratuito per generare screenshot rapidamente dallo schermo del tuo pc e quindi modificarli in base alle tue esigenze.\",\"breadcrumb\":{\"@id\":\"https:\\\/\\\/www.accuratereviews.com\\\/it\\\/lista-migliori-tools-catturare-schermo\\\/picpick-recensione\\\/#breadcrumb\"},\"inLanguage\":\"it-IT\",\"potentialAction\":[{\"@type\":\"ReadAction\",\"target\":[\"https:\\\/\\\/www.accuratereviews.com\\\/it\\\/lista-migliori-tools-catturare-schermo\\\/picpick-recensione\\\/\"]}]},{\"@type\":\"ImageObject\",\"inLanguage\":\"it-IT\",\"@id\":\"https:\\\/\\\/www.accuratereviews.com\\\/it\\\/lista-migliori-tools-catturare-schermo\\\/picpick-recensione\\\/#primaryimage\",\"url\":\"https:\\\/\\\/www.accuratereviews.com\\\/wp-content\\\/uploads\\\/2019\\\/05\\\/logo-32ef3f284ce5058bd11263e9796a5606.png\",\"contentUrl\":\"https:\\\/\\\/www.accuratereviews.com\\\/wp-content\\\/uploads\\\/2019\\\/05\\\/logo-32ef3f284ce5058bd11263e9796a5606.png\",\"width\":800,\"height\":800},{\"@type\":\"BreadcrumbList\",\"@id\":\"https:\\\/\\\/www.accuratereviews.com\\\/it\\\/lista-migliori-tools-catturare-schermo\\\/picpick-recensione\\\/#breadcrumb\",\"itemListElement\":[{\"@type\":\"ListItem\",\"position\":1,\"name\":\"Home\",\"item\":\"https:\\\/\\\/www.accuratereviews.com\\\/it\\\/\"},{\"@type\":\"ListItem\",\"position\":2,\"name\":\"Tools per catturare lo schermo\",\"item\":\"https:\\\/\\\/www.accuratereviews.com\\\/it\\\/lista-migliori-tools-catturare-schermo\\\/\"},{\"@type\":\"ListItem\",\"position\":3,\"name\":\"PicPick\"}]},{\"@type\":\"WebSite\",\"@id\":\"https:\\\/\\\/www.accuratereviews.com\\\/it\\\/#website\",\"url\":\"https:\\\/\\\/www.accuratereviews.com\\\/it\\\/\",\"name\":\"Accurate Reviews\",\"description\":\"\",\"potentialAction\":[{\"@type\":\"SearchAction\",\"target\":{\"@type\":\"EntryPoint\",\"urlTemplate\":\"https:\\\/\\\/www.accuratereviews.com\\\/it\\\/?s={search_term_string}\"},\"query-input\":{\"@type\":\"PropertyValueSpecification\",\"valueRequired\":true,\"valueName\":\"search_term_string\"}}],\"inLanguage\":\"it-IT\"}]}<\/script>\n<!-- \/ Yoast SEO plugin. -->","yoast_head_json":{"title":"PicPick: recensione software screenshot - Accurate Reviews","description":"PicPick: recensione software gratuito per generare screenshot rapidamente dallo schermo del tuo pc e quindi modificarli in base alle tue esigenze.","robots":{"index":"index","follow":"follow","max-snippet":"max-snippet:-1","max-image-preview":"max-image-preview:large","max-video-preview":"max-video-preview:-1"},"canonical":"https:\/\/www.accuratereviews.com\/it\/lista-migliori-tools-catturare-schermo\/picpick-recensione\/","og_locale":"it_IT","og_type":"article","og_title":"PicPick: recensione software screenshot - Accurate Reviews","og_description":"PicPick: recensione software gratuito per generare screenshot rapidamente dallo schermo del tuo pc e quindi modificarli in base alle tue esigenze.","og_url":"https:\/\/www.accuratereviews.com\/it\/lista-migliori-tools-catturare-schermo\/picpick-recensione\/","og_site_name":"Accurate Reviews","article_modified_time":"2021-05-04T15:13:23+00:00","og_image":[{"width":800,"height":800,"url":"https:\/\/www.accuratereviews.com\/wp-content\/uploads\/2019\/05\/logo-32ef3f284ce5058bd11263e9796a5606.png","type":"image\/png"}],"twitter_card":"summary_large_image","twitter_misc":{"Tempo di lettura stimato":"1 minuto"},"schema":{"@context":"https:\/\/schema.org","@graph":[{"@type":"WebPage","@id":"https:\/\/www.accuratereviews.com\/it\/lista-migliori-tools-catturare-schermo\/picpick-recensione\/","url":"https:\/\/www.accuratereviews.com\/it\/lista-migliori-tools-catturare-schermo\/picpick-recensione\/","name":"PicPick: recensione software screenshot - Accurate Reviews","isPartOf":{"@id":"https:\/\/www.accuratereviews.com\/it\/#website"},"primaryImageOfPage":{"@id":"https:\/\/www.accuratereviews.com\/it\/lista-migliori-tools-catturare-schermo\/picpick-recensione\/#primaryimage"},"image":{"@id":"https:\/\/www.accuratereviews.com\/it\/lista-migliori-tools-catturare-schermo\/picpick-recensione\/#primaryimage"},"thumbnailUrl":"https:\/\/www.accuratereviews.com\/wp-content\/uploads\/2019\/05\/logo-32ef3f284ce5058bd11263e9796a5606.png","datePublished":"2019-05-06T08:55:06+00:00","dateModified":"2021-05-04T15:13:23+00:00","description":"PicPick: recensione software gratuito per generare screenshot rapidamente dallo schermo del tuo pc e quindi modificarli in base alle tue esigenze.","breadcrumb":{"@id":"https:\/\/www.accuratereviews.com\/it\/lista-migliori-tools-catturare-schermo\/picpick-recensione\/#breadcrumb"},"inLanguage":"it-IT","potentialAction":[{"@type":"ReadAction","target":["https:\/\/www.accuratereviews.com\/it\/lista-migliori-tools-catturare-schermo\/picpick-recensione\/"]}]},{"@type":"ImageObject","inLanguage":"it-IT","@id":"https:\/\/www.accuratereviews.com\/it\/lista-migliori-tools-catturare-schermo\/picpick-recensione\/#primaryimage","url":"https:\/\/www.accuratereviews.com\/wp-content\/uploads\/2019\/05\/logo-32ef3f284ce5058bd11263e9796a5606.png","contentUrl":"https:\/\/www.accuratereviews.com\/wp-content\/uploads\/2019\/05\/logo-32ef3f284ce5058bd11263e9796a5606.png","width":800,"height":800},{"@type":"BreadcrumbList","@id":"https:\/\/www.accuratereviews.com\/it\/lista-migliori-tools-catturare-schermo\/picpick-recensione\/#breadcrumb","itemListElement":[{"@type":"ListItem","position":1,"name":"Home","item":"https:\/\/www.accuratereviews.com\/it\/"},{"@type":"ListItem","position":2,"name":"Tools per catturare lo schermo","item":"https:\/\/www.accuratereviews.com\/it\/lista-migliori-tools-catturare-schermo\/"},{"@type":"ListItem","position":3,"name":"PicPick"}]},{"@type":"WebSite","@id":"https:\/\/www.accuratereviews.com\/it\/#website","url":"https:\/\/www.accuratereviews.com\/it\/","name":"Accurate Reviews","description":"","potentialAction":[{"@type":"SearchAction","target":{"@type":"EntryPoint","urlTemplate":"https:\/\/www.accuratereviews.com\/it\/?s={search_term_string}"},"query-input":{"@type":"PropertyValueSpecification","valueRequired":true,"valueName":"search_term_string"}}],"inLanguage":"it-IT"}]}},"_links":{"self":[{"href":"https:\/\/www.accuratereviews.com\/it\/wp-json\/wp\/v2\/pages\/13936","targetHints":{"allow":["GET"]}}],"collection":[{"href":"https:\/\/www.accuratereviews.com\/it\/wp-json\/wp\/v2\/pages"}],"about":[{"href":"https:\/\/www.accuratereviews.com\/it\/wp-json\/wp\/v2\/types\/page"}],"author":[{"embeddable":true,"href":"https:\/\/www.accuratereviews.com\/it\/wp-json\/wp\/v2\/users\/19"}],"replies":[{"embeddable":true,"href":"https:\/\/www.accuratereviews.com\/it\/wp-json\/wp\/v2\/comments?post=13936"}],"version-history":[{"count":15,"href":"https:\/\/www.accuratereviews.com\/it\/wp-json\/wp\/v2\/pages\/13936\/revisions"}],"predecessor-version":[{"id":41873,"href":"https:\/\/www.accuratereviews.com\/it\/wp-json\/wp\/v2\/pages\/13936\/revisions\/41873"}],"up":[{"embeddable":true,"href":"https:\/\/www.accuratereviews.com\/it\/wp-json\/wp\/v2\/pages\/13930"}],"wp:featuredmedia":[{"embeddable":true,"href":"https:\/\/www.accuratereviews.com\/it\/wp-json\/wp\/v2\/media\/13941"}],"wp:attachment":[{"href":"https:\/\/www.accuratereviews.com\/it\/wp-json\/wp\/v2\/media?parent=13936"}],"wp:term":[{"taxonomy":"category","embeddable":true,"href":"https:\/\/www.accuratereviews.com\/it\/wp-json\/wp\/v2\/categories?post=13936"},{"taxonomy":"post_tag","embeddable":true,"href":"https:\/\/www.accuratereviews.com\/it\/wp-json\/wp\/v2\/tags?post=13936"},{"taxonomy":"features","embeddable":true,"href":"https:\/\/www.accuratereviews.com\/it\/wp-json\/wp\/v2\/features?post=13936"}],"curies":[{"name":"wp","href":"https:\/\/api.w.org\/{rel}","templated":true}]}}