{"id":14051,"date":"2019-05-08T07:01:25","date_gmt":"2019-05-08T07:01:25","guid":{"rendered":"https:\/\/www.accuratereviews.com\/?page_id=14051"},"modified":"2021-05-04T15:19:18","modified_gmt":"2021-05-04T15:19:18","slug":"smartcapture-recensione","status":"publish","type":"page","link":"https:\/\/www.accuratereviews.com\/it\/lista-migliori-tools-catturare-schermo\/smartcapture-recensione\/","title":{"rendered":"SmartCapture"},"content":{"rendered":"<p id=\"tw-target-text\" class=\"tw-data-text tw-ta tw-text-small\" dir=\"ltr\" data-placeholder=\"Traduzione\"><span lang=\"it\" tabindex=\"0\"><strong>SmartCapture<\/strong> \u00e8 un <strong>software per catturare le immagini<\/strong> dal tuo schermo professionale e facile da usare per Windows. L&#8217;interfaccia utente chiara e intuitiva e le potenti funzionalit\u00e0 lo rendono ideale per chiunque voglia catturare qualsiasi contenuto del propio desktop. Pu\u00f2 acquisire aree rettangolari dello schermo, interi oggetti, finestre o schermi e pu\u00f2 acquisire immagini da dispositivi come scanner, fotocamere digitali, ecc. Le <strong>immagini acquisite<\/strong> possono essere ritagliate molto facilmente e la profondit\u00e0 del colore pu\u00f2 essere cambiata in qualsiasi valore desiderato dal bianco e nero a un altro colore. Le immagini possono essere stampate, salvate, copiate negli appunti, inviate a un destinatario email o qualsiasi editor di immagini.\u00a0<\/span><\/p>\n<h2 dir=\"ltr\" data-placeholder=\"Traduzione\">SMARTCAPTURE &#8211; TUTORIAL<\/h2>\n<p>Il video tutorial che seguir\u00e0 ci aiuter\u00e0 a comprendere questo programma:<\/p>\n<div id=\"fluid-wrapper-counter-1\" class=\"g1-fluid-wrapper \" style=\"width:686px;\">\n<div style=\"padding-bottom:56.268221574344%;\"><iframe loading=\"lazy\" title=\"Working with SmartCapture\" width=\"515\" height=\"386\" src=\"https:\/\/www.youtube.com\/embed\/e2VLBe8fSSQ?feature=oembed&amp;wmode=transparent&amp;autohide=1&amp;autoplay=0&amp;disablekb=0&amp;fs=1&amp;loop=0&amp;enablejsapi=1&amp;rel=0&amp;controls=2&amp;showinfo=0&amp;wmode=transparent&amp;autohide=2&amp;autoplay=0&amp;disablekb=0&amp;fs=1&amp;loop=0&amp;enablejsapi=1&amp;rel=0&amp;controls=2&amp;showinfo=1\" frameborder=\"0\" allow=\"accelerometer; autoplay; encrypted-media; gyroscope; picture-in-picture\" allowfullscreen><\/iframe><\/div>\n<\/div>\n<h2 dir=\"ltr\" data-placeholder=\"Traduzione\">SMARTCAPTURE &#8211; CARATTERISTICHE<\/h2>\n<ul>\n<li id=\"tw-target-text\" class=\"tw-data-text tw-ta tw-text-small\" dir=\"ltr\" data-placeholder=\"Traduzione\"><span lang=\"it\" tabindex=\"0\"><strong>6 Modalit\u00e0 di acquisizione<\/strong>: rettangolo, finestra, finestra attiva, schermo, area, dimensione fissa<\/span><\/li>\n<li class=\"tw-data-text tw-ta tw-text-small\" dir=\"ltr\" data-placeholder=\"Traduzione\"><span lang=\"it\" tabindex=\"0\">Supporto per <strong>monitor multipli<\/strong><\/span><\/li>\n<li class=\"tw-data-text tw-ta tw-text-small\" dir=\"ltr\" data-placeholder=\"Traduzione\"><strong><span lang=\"it\" tabindex=\"0\">Cattura il cursore del mouse<\/span><\/strong><\/li>\n<li class=\"tw-data-text tw-ta tw-text-small\" dir=\"ltr\" data-placeholder=\"Traduzione\"><span lang=\"it\" tabindex=\"0\"><strong>Tasti di scelta rapida<\/strong> per diverse modalit\u00e0 di acquisizione<\/span><\/li>\n<li class=\"tw-data-text tw-ta tw-text-small\" dir=\"ltr\" data-placeholder=\"Traduzione\"><span lang=\"it\" tabindex=\"0\"><strong>Twain supporto<\/strong> per l&#8217;origine dei dati<\/span><\/li>\n<li class=\"tw-data-text tw-ta tw-text-small\" dir=\"ltr\" data-placeholder=\"Traduzione\"><span lang=\"it\" tabindex=\"0\"><strong>Formati di file supportati<\/strong> includono .BMP, .GIF, .JPG, .PNG, .TIF<\/span><\/li>\n<li class=\"tw-data-text tw-ta tw-text-small\" dir=\"ltr\" data-placeholder=\"Traduzione\"><span lang=\"it\" tabindex=\"0\"><strong>Geometria dell&#8217;immagine<\/strong>: ridimensiona, capovolgi, ruota, affila, ammorbidisce<\/span><\/li>\n<li class=\"tw-data-text tw-ta tw-text-small\" dir=\"ltr\" data-placeholder=\"Traduzione\"><span lang=\"it\" tabindex=\"0\"><strong>Stampa pi\u00f9 immagini<\/strong> su una pagina<\/span><\/li>\n<li class=\"tw-data-text tw-ta tw-text-small\" dir=\"ltr\" data-placeholder=\"Traduzione\"><strong><span lang=\"it\" tabindex=\"0\">Funzioni di modifica e disegno dell&#8217;immagine<\/span><\/strong><\/li>\n<li class=\"tw-data-text tw-ta tw-text-small\" dir=\"ltr\" data-placeholder=\"Traduzione\"><span lang=\"it\" tabindex=\"0\"><strong>Automazione<\/strong>, supporto per script.<\/span><\/li>\n<\/ul>\n","protected":false},"excerpt":{"rendered":"<p>SmartCapture \u00e8 un software per catturare le immagini dal tuo schermo professionale e facile da usare per Windows. L&#8217;interfaccia utente chiara e intuitiva e le potenti funzionalit\u00e0 lo rendono l&#8217;utilit\u00e0 ideale per chiunque voglia catturare qualsiasi contenuto del propio desktop. <\/p>\n","protected":false},"author":19,"featured_media":14056,"parent":13930,"menu_order":0,"comment_status":"open","ping_status":"closed","template":"g1_template_page_review_new.php","meta":{"_acf_changed":false,"cwp_meta_box_check":"No","cwp_rev_product_name":"","cwp_rev_product_image":"","wppr_links":[],"cwp_rev_price":"","wppr_options":[],"wppr_pros":[],"wppr_cons":[],"_monsterinsights_skip_tracking":false,"_monsterinsights_sitenote_active":false,"_monsterinsights_sitenote_note":"","_monsterinsights_sitenote_category":0,"footnotes":""},"categories":[524],"tags":[537,535,520,534],"features":[],"class_list":{"0":"post-14051","1":"page","2":"type-page","3":"status-publish","4":"has-post-thumbnail","6":"category-cattura-schermo","7":"tag-cattura-schermo","8":"tag-programma-gratuito","9":"tag-screenshot","10":"tag-software-gratuito"},"wppr_data":{"cwp_meta_box_check":"No"},"acf":[],"yoast_head":"<!-- This site is optimized with the Yoast SEO plugin v27.4 - https:\/\/yoast.com\/product\/yoast-seo-wordpress\/ -->\n<title>SmartCapture: recensione software screenschot - Accurate Reviews<\/title>\n<meta name=\"description\" content=\"SmartCapture: recensione programma per catturare immagini dal tuo monitor. Semplice e intuitivo ha molte funzionalit\u00e0 per modificare le tue immagini.\" \/>\n<meta name=\"robots\" content=\"index, follow, max-snippet:-1, max-image-preview:large, max-video-preview:-1\" \/>\n<link rel=\"canonical\" href=\"https:\/\/www.accuratereviews.com\/it\/lista-migliori-tools-catturare-schermo\/smartcapture-recensione\/\" \/>\n<meta property=\"og:locale\" content=\"it_IT\" \/>\n<meta property=\"og:type\" content=\"article\" \/>\n<meta property=\"og:title\" content=\"SmartCapture: recensione software screenschot - Accurate Reviews\" \/>\n<meta property=\"og:description\" content=\"SmartCapture: recensione programma per catturare immagini dal tuo monitor. Semplice e intuitivo ha molte funzionalit\u00e0 per modificare le tue immagini.\" \/>\n<meta property=\"og:url\" content=\"https:\/\/www.accuratereviews.com\/it\/lista-migliori-tools-catturare-schermo\/smartcapture-recensione\/\" \/>\n<meta property=\"og:site_name\" content=\"Accurate Reviews\" \/>\n<meta property=\"article:modified_time\" content=\"2021-05-04T15:19:18+00:00\" \/>\n<meta property=\"og:image\" content=\"https:\/\/www.accuratereviews.com\/wp-content\/uploads\/2019\/05\/SmartCapture-Crack.png\" \/>\n\t<meta property=\"og:image:width\" content=\"400\" \/>\n\t<meta property=\"og:image:height\" content=\"400\" \/>\n\t<meta property=\"og:image:type\" content=\"image\/png\" \/>\n<meta name=\"twitter:card\" content=\"summary_large_image\" \/>\n<meta name=\"twitter:label1\" content=\"Tempo di lettura stimato\" \/>\n\t<meta name=\"twitter:data1\" content=\"1 minuto\" \/>\n<script type=\"application\/ld+json\" class=\"yoast-schema-graph\">{\"@context\":\"https:\\\/\\\/schema.org\",\"@graph\":[{\"@type\":\"WebPage\",\"@id\":\"https:\\\/\\\/www.accuratereviews.com\\\/it\\\/lista-migliori-tools-catturare-schermo\\\/smartcapture-recensione\\\/\",\"url\":\"https:\\\/\\\/www.accuratereviews.com\\\/it\\\/lista-migliori-tools-catturare-schermo\\\/smartcapture-recensione\\\/\",\"name\":\"SmartCapture: recensione software screenschot - Accurate Reviews\",\"isPartOf\":{\"@id\":\"https:\\\/\\\/www.accuratereviews.com\\\/it\\\/#website\"},\"primaryImageOfPage\":{\"@id\":\"https:\\\/\\\/www.accuratereviews.com\\\/it\\\/lista-migliori-tools-catturare-schermo\\\/smartcapture-recensione\\\/#primaryimage\"},\"image\":{\"@id\":\"https:\\\/\\\/www.accuratereviews.com\\\/it\\\/lista-migliori-tools-catturare-schermo\\\/smartcapture-recensione\\\/#primaryimage\"},\"thumbnailUrl\":\"https:\\\/\\\/www.accuratereviews.com\\\/wp-content\\\/uploads\\\/2019\\\/05\\\/SmartCapture-Crack.png\",\"datePublished\":\"2019-05-08T07:01:25+00:00\",\"dateModified\":\"2021-05-04T15:19:18+00:00\",\"description\":\"SmartCapture: recensione programma per catturare immagini dal tuo monitor. Semplice e intuitivo ha molte funzionalit\u00e0 per modificare le tue immagini.\",\"breadcrumb\":{\"@id\":\"https:\\\/\\\/www.accuratereviews.com\\\/it\\\/lista-migliori-tools-catturare-schermo\\\/smartcapture-recensione\\\/#breadcrumb\"},\"inLanguage\":\"it-IT\",\"potentialAction\":[{\"@type\":\"ReadAction\",\"target\":[\"https:\\\/\\\/www.accuratereviews.com\\\/it\\\/lista-migliori-tools-catturare-schermo\\\/smartcapture-recensione\\\/\"]}]},{\"@type\":\"ImageObject\",\"inLanguage\":\"it-IT\",\"@id\":\"https:\\\/\\\/www.accuratereviews.com\\\/it\\\/lista-migliori-tools-catturare-schermo\\\/smartcapture-recensione\\\/#primaryimage\",\"url\":\"https:\\\/\\\/www.accuratereviews.com\\\/wp-content\\\/uploads\\\/2019\\\/05\\\/SmartCapture-Crack.png\",\"contentUrl\":\"https:\\\/\\\/www.accuratereviews.com\\\/wp-content\\\/uploads\\\/2019\\\/05\\\/SmartCapture-Crack.png\",\"width\":400,\"height\":400},{\"@type\":\"BreadcrumbList\",\"@id\":\"https:\\\/\\\/www.accuratereviews.com\\\/it\\\/lista-migliori-tools-catturare-schermo\\\/smartcapture-recensione\\\/#breadcrumb\",\"itemListElement\":[{\"@type\":\"ListItem\",\"position\":1,\"name\":\"Home\",\"item\":\"https:\\\/\\\/www.accuratereviews.com\\\/it\\\/\"},{\"@type\":\"ListItem\",\"position\":2,\"name\":\"Tools per catturare lo schermo\",\"item\":\"https:\\\/\\\/www.accuratereviews.com\\\/it\\\/lista-migliori-tools-catturare-schermo\\\/\"},{\"@type\":\"ListItem\",\"position\":3,\"name\":\"SmartCapture\"}]},{\"@type\":\"WebSite\",\"@id\":\"https:\\\/\\\/www.accuratereviews.com\\\/it\\\/#website\",\"url\":\"https:\\\/\\\/www.accuratereviews.com\\\/it\\\/\",\"name\":\"Accurate Reviews\",\"description\":\"\",\"potentialAction\":[{\"@type\":\"SearchAction\",\"target\":{\"@type\":\"EntryPoint\",\"urlTemplate\":\"https:\\\/\\\/www.accuratereviews.com\\\/it\\\/?s={search_term_string}\"},\"query-input\":{\"@type\":\"PropertyValueSpecification\",\"valueRequired\":true,\"valueName\":\"search_term_string\"}}],\"inLanguage\":\"it-IT\"}]}<\/script>\n<!-- \/ Yoast SEO plugin. -->","yoast_head_json":{"title":"SmartCapture: recensione software screenschot - Accurate Reviews","description":"SmartCapture: recensione programma per catturare immagini dal tuo monitor. Semplice e intuitivo ha molte funzionalit\u00e0 per modificare le tue immagini.","robots":{"index":"index","follow":"follow","max-snippet":"max-snippet:-1","max-image-preview":"max-image-preview:large","max-video-preview":"max-video-preview:-1"},"canonical":"https:\/\/www.accuratereviews.com\/it\/lista-migliori-tools-catturare-schermo\/smartcapture-recensione\/","og_locale":"it_IT","og_type":"article","og_title":"SmartCapture: recensione software screenschot - Accurate Reviews","og_description":"SmartCapture: recensione programma per catturare immagini dal tuo monitor. Semplice e intuitivo ha molte funzionalit\u00e0 per modificare le tue immagini.","og_url":"https:\/\/www.accuratereviews.com\/it\/lista-migliori-tools-catturare-schermo\/smartcapture-recensione\/","og_site_name":"Accurate Reviews","article_modified_time":"2021-05-04T15:19:18+00:00","og_image":[{"width":400,"height":400,"url":"https:\/\/www.accuratereviews.com\/wp-content\/uploads\/2019\/05\/SmartCapture-Crack.png","type":"image\/png"}],"twitter_card":"summary_large_image","twitter_misc":{"Tempo di lettura stimato":"1 minuto"},"schema":{"@context":"https:\/\/schema.org","@graph":[{"@type":"WebPage","@id":"https:\/\/www.accuratereviews.com\/it\/lista-migliori-tools-catturare-schermo\/smartcapture-recensione\/","url":"https:\/\/www.accuratereviews.com\/it\/lista-migliori-tools-catturare-schermo\/smartcapture-recensione\/","name":"SmartCapture: recensione software screenschot - Accurate Reviews","isPartOf":{"@id":"https:\/\/www.accuratereviews.com\/it\/#website"},"primaryImageOfPage":{"@id":"https:\/\/www.accuratereviews.com\/it\/lista-migliori-tools-catturare-schermo\/smartcapture-recensione\/#primaryimage"},"image":{"@id":"https:\/\/www.accuratereviews.com\/it\/lista-migliori-tools-catturare-schermo\/smartcapture-recensione\/#primaryimage"},"thumbnailUrl":"https:\/\/www.accuratereviews.com\/wp-content\/uploads\/2019\/05\/SmartCapture-Crack.png","datePublished":"2019-05-08T07:01:25+00:00","dateModified":"2021-05-04T15:19:18+00:00","description":"SmartCapture: recensione programma per catturare immagini dal tuo monitor. Semplice e intuitivo ha molte funzionalit\u00e0 per modificare le tue immagini.","breadcrumb":{"@id":"https:\/\/www.accuratereviews.com\/it\/lista-migliori-tools-catturare-schermo\/smartcapture-recensione\/#breadcrumb"},"inLanguage":"it-IT","potentialAction":[{"@type":"ReadAction","target":["https:\/\/www.accuratereviews.com\/it\/lista-migliori-tools-catturare-schermo\/smartcapture-recensione\/"]}]},{"@type":"ImageObject","inLanguage":"it-IT","@id":"https:\/\/www.accuratereviews.com\/it\/lista-migliori-tools-catturare-schermo\/smartcapture-recensione\/#primaryimage","url":"https:\/\/www.accuratereviews.com\/wp-content\/uploads\/2019\/05\/SmartCapture-Crack.png","contentUrl":"https:\/\/www.accuratereviews.com\/wp-content\/uploads\/2019\/05\/SmartCapture-Crack.png","width":400,"height":400},{"@type":"BreadcrumbList","@id":"https:\/\/www.accuratereviews.com\/it\/lista-migliori-tools-catturare-schermo\/smartcapture-recensione\/#breadcrumb","itemListElement":[{"@type":"ListItem","position":1,"name":"Home","item":"https:\/\/www.accuratereviews.com\/it\/"},{"@type":"ListItem","position":2,"name":"Tools per catturare lo schermo","item":"https:\/\/www.accuratereviews.com\/it\/lista-migliori-tools-catturare-schermo\/"},{"@type":"ListItem","position":3,"name":"SmartCapture"}]},{"@type":"WebSite","@id":"https:\/\/www.accuratereviews.com\/it\/#website","url":"https:\/\/www.accuratereviews.com\/it\/","name":"Accurate Reviews","description":"","potentialAction":[{"@type":"SearchAction","target":{"@type":"EntryPoint","urlTemplate":"https:\/\/www.accuratereviews.com\/it\/?s={search_term_string}"},"query-input":{"@type":"PropertyValueSpecification","valueRequired":true,"valueName":"search_term_string"}}],"inLanguage":"it-IT"}]}},"_links":{"self":[{"href":"https:\/\/www.accuratereviews.com\/it\/wp-json\/wp\/v2\/pages\/14051","targetHints":{"allow":["GET"]}}],"collection":[{"href":"https:\/\/www.accuratereviews.com\/it\/wp-json\/wp\/v2\/pages"}],"about":[{"href":"https:\/\/www.accuratereviews.com\/it\/wp-json\/wp\/v2\/types\/page"}],"author":[{"embeddable":true,"href":"https:\/\/www.accuratereviews.com\/it\/wp-json\/wp\/v2\/users\/19"}],"replies":[{"embeddable":true,"href":"https:\/\/www.accuratereviews.com\/it\/wp-json\/wp\/v2\/comments?post=14051"}],"version-history":[{"count":9,"href":"https:\/\/www.accuratereviews.com\/it\/wp-json\/wp\/v2\/pages\/14051\/revisions"}],"predecessor-version":[{"id":41886,"href":"https:\/\/www.accuratereviews.com\/it\/wp-json\/wp\/v2\/pages\/14051\/revisions\/41886"}],"up":[{"embeddable":true,"href":"https:\/\/www.accuratereviews.com\/it\/wp-json\/wp\/v2\/pages\/13930"}],"wp:featuredmedia":[{"embeddable":true,"href":"https:\/\/www.accuratereviews.com\/it\/wp-json\/wp\/v2\/media\/14056"}],"wp:attachment":[{"href":"https:\/\/www.accuratereviews.com\/it\/wp-json\/wp\/v2\/media?parent=14051"}],"wp:term":[{"taxonomy":"category","embeddable":true,"href":"https:\/\/www.accuratereviews.com\/it\/wp-json\/wp\/v2\/categories?post=14051"},{"taxonomy":"post_tag","embeddable":true,"href":"https:\/\/www.accuratereviews.com\/it\/wp-json\/wp\/v2\/tags?post=14051"},{"taxonomy":"features","embeddable":true,"href":"https:\/\/www.accuratereviews.com\/it\/wp-json\/wp\/v2\/features?post=14051"}],"curies":[{"name":"wp","href":"https:\/\/api.w.org\/{rel}","templated":true}]}}