{"id":14175,"date":"2019-05-09T13:41:24","date_gmt":"2019-05-09T13:41:24","guid":{"rendered":"https:\/\/www.accuratereviews.com\/?page_id=14175"},"modified":"2021-05-04T15:11:15","modified_gmt":"2021-05-04T15:11:15","slug":"gyazo-recensione","status":"publish","type":"page","link":"https:\/\/www.accuratereviews.com\/it\/lista-migliori-tools-catturare-schermo\/gyazo-recensione\/","title":{"rendered":"Gyazo"},"content":{"rendered":"<p><strong>Gyazo<\/strong> \u00e8 un software compatibile con i principali sistemi operativi (Mac, Windows e Linux), ideato per <strong>fotografare lo schermo del computer<\/strong>. Esistono tre versioni: due a pagamento e una <strong>gratuita<\/strong>, quest&#8217;ultima naturalmente pi\u00f9 limitata rispetto alle prime due. L&#8217;installazione \u00e8 piuttosto veloce e, nel momento in cui si accede al programma, compare un mirino tramite il quale si pu\u00f2 selezionare l&#8217;intero schermo, una finestra o una determinata<strong> area da catturare<\/strong>. Rilasciando il mirino, si otterr\u00e0 lo <strong>screenshot<\/strong> che verr\u00e0 aperto sul sito di Gyazo e qui potr\u00e0 essere modificato aggiungendo testi, frecce, figure e altro. Una volta terminato, potr\u00e0 essere salvato e condiviso, tramite un link, via email o sul proprio sito web o direttamente sui canali Social. Altra caratteristica che sicuramente ti piacer\u00e0 \u00e8 quella riguardante l&#8217;app mobile disponibile sia per dispositivi iOS che Android, in questo modo potrai<strong> effettuare screenshot<\/strong> in ogni momento e ovunque ti trovi!<\/p>\n<h2>COME CATTURARE LO SCHERMO CON GYAZO &#8211; TUTORIAL<\/h2>\n<p>Con questo breve tutorial, potrai comprendere <strong>come fare uno screenshot<\/strong> con Gyazo:<\/p>\n<div id=\"fluid-wrapper-counter-1\" class=\"g1-fluid-wrapper \" style=\"width:686px;\">\n<div style=\"padding-bottom:56.268221574344%;\"><iframe loading=\"lazy\" title=\"COME FARE UNO SCREENSHOT CON GYAZO\" width=\"515\" height=\"386\" src=\"https:\/\/www.youtube.com\/embed\/2y-TK1sVIeE?start=5&#038;feature=oembed&amp;wmode=transparent&amp;autohide=1&amp;autoplay=0&amp;disablekb=0&amp;fs=1&amp;loop=0&amp;enablejsapi=1&amp;rel=0&amp;controls=2&amp;showinfo=0&amp;wmode=transparent&amp;autohide=2&amp;autoplay=0&amp;disablekb=0&amp;fs=1&amp;loop=0&amp;enablejsapi=1&amp;rel=0&amp;controls=2&amp;showinfo=1\" frameborder=\"0\" allow=\"accelerometer; autoplay; encrypted-media; gyroscope; picture-in-picture\" allowfullscreen><\/iframe><\/div>\n<\/div>\n<h3>GYAZO &#8211; CARATTERISTICHE<\/h3>\n<p>Di seguito le principali caratteristiche di Gyazo:<\/p>\n<ul>\n<li><strong>Strumento di cattura<\/strong>: scegli se catturare l&#8217;intero schermo, le finestre o una determinata area del computer<\/li>\n<li><strong>Strumento di editing<\/strong>: modifica lo screenshot inserendo note, frecce, testi e molto altro<\/li>\n<li><strong>Strumento di cronologia<\/strong>: registra ogni immagine catturata in una cronologia facilmente accessibile nel momento in cui cerchi un file<\/li>\n<li><strong>Condivisione<\/strong>: una volta ottenuto il tuo cattura schermo, potrai condividerlo tramite un link sui canali Social, sul tuo sito web o inviarlo via email<\/li>\n<li><strong>Supporto clienti<\/strong>: usufruisci dell&#8217;assistenza offerta ai clienti, in caso di necessit\u00e0.<\/li>\n<\/ul>\n","protected":false},"excerpt":{"rendered":"<p>Gyazo \u00e8 un software compatibile con i principali sistemi operativi (Mac, Windows e Linux), ideato per fotografare lo schermo del computer. Esistono tre versioni: due a pagamento e una gratuita, quest&#8217;ultima naturalmente pi\u00f9 limitata rispetto alle prime due. <\/p>\n","protected":false},"author":17,"featured_media":14178,"parent":13930,"menu_order":0,"comment_status":"open","ping_status":"closed","template":"g1_template_page_review_new.php","meta":{"_acf_changed":false,"cwp_meta_box_check":"Yes","cwp_rev_product_name":"","cwp_rev_product_image":"","wppr_links":[],"cwp_rev_price":"","wppr_options":[],"wppr_pros":[],"wppr_cons":[],"_monsterinsights_skip_tracking":false,"_monsterinsights_sitenote_active":false,"_monsterinsights_sitenote_note":"","_monsterinsights_sitenote_category":0,"footnotes":""},"categories":[524],"tags":[537,541,525,551,527],"features":[],"class_list":{"0":"post-14175","1":"page","2":"type-page","3":"status-publish","4":"has-post-thumbnail","6":"category-cattura-schermo","7":"tag-cattura-schermo","8":"tag-come-catturare-lo-schermo","9":"tag-come-fare-uno-screenshot","10":"tag-come-fotografare-lo-schermo","11":"tag-screensaver"},"wppr_data":{"cwp_meta_box_check":"Yes","cwp_rev_product_name":"","cwp_rev_product_image":"","cwp_image_link":"image","cwp_rev_price":"","wppr_rating":"0.00"},"acf":[],"yoast_head":"<!-- This site is optimized with the Yoast SEO plugin v27.4 - https:\/\/yoast.com\/product\/yoast-seo-wordpress\/ -->\n<title>Gyazo: recensione software cattura schermo - Accurate Reviews<\/title>\n<meta name=\"description\" content=\"Gyazo: recensione del software compatibile con i principali sistemi operativi (Mac, Windows e Linux), ideato per fotografare lo schermo del computer.\" \/>\n<meta name=\"robots\" content=\"index, follow, max-snippet:-1, max-image-preview:large, max-video-preview:-1\" \/>\n<link rel=\"canonical\" href=\"https:\/\/www.accuratereviews.com\/it\/lista-migliori-tools-catturare-schermo\/gyazo-recensione\/\" \/>\n<meta property=\"og:locale\" content=\"it_IT\" \/>\n<meta property=\"og:type\" content=\"article\" \/>\n<meta property=\"og:title\" content=\"Gyazo: recensione software cattura schermo - Accurate Reviews\" \/>\n<meta property=\"og:description\" content=\"Gyazo: recensione del software compatibile con i principali sistemi operativi (Mac, Windows e Linux), ideato per fotografare lo schermo del computer.\" \/>\n<meta property=\"og:url\" content=\"https:\/\/www.accuratereviews.com\/it\/lista-migliori-tools-catturare-schermo\/gyazo-recensione\/\" \/>\n<meta property=\"og:site_name\" content=\"Accurate Reviews\" \/>\n<meta property=\"article:modified_time\" content=\"2021-05-04T15:11:15+00:00\" \/>\n<meta property=\"og:image\" content=\"https:\/\/www.accuratereviews.com\/wp-content\/uploads\/2019\/05\/gyazo_logo@2x-5dd7fdeedd-e1557398058464.png\" \/>\n\t<meta property=\"og:image:width\" content=\"200\" \/>\n\t<meta property=\"og:image:height\" content=\"62\" \/>\n\t<meta property=\"og:image:type\" content=\"image\/png\" \/>\n<meta name=\"twitter:card\" content=\"summary_large_image\" \/>\n<meta name=\"twitter:label1\" content=\"Tempo di lettura stimato\" \/>\n\t<meta name=\"twitter:data1\" content=\"1 minuto\" \/>\n<script type=\"application\/ld+json\" class=\"yoast-schema-graph\">{\"@context\":\"https:\\\/\\\/schema.org\",\"@graph\":[{\"@type\":\"WebPage\",\"@id\":\"https:\\\/\\\/www.accuratereviews.com\\\/it\\\/lista-migliori-tools-catturare-schermo\\\/gyazo-recensione\\\/\",\"url\":\"https:\\\/\\\/www.accuratereviews.com\\\/it\\\/lista-migliori-tools-catturare-schermo\\\/gyazo-recensione\\\/\",\"name\":\"Gyazo: recensione software cattura schermo - Accurate Reviews\",\"isPartOf\":{\"@id\":\"https:\\\/\\\/www.accuratereviews.com\\\/it\\\/#website\"},\"primaryImageOfPage\":{\"@id\":\"https:\\\/\\\/www.accuratereviews.com\\\/it\\\/lista-migliori-tools-catturare-schermo\\\/gyazo-recensione\\\/#primaryimage\"},\"image\":{\"@id\":\"https:\\\/\\\/www.accuratereviews.com\\\/it\\\/lista-migliori-tools-catturare-schermo\\\/gyazo-recensione\\\/#primaryimage\"},\"thumbnailUrl\":\"https:\\\/\\\/www.accuratereviews.com\\\/wp-content\\\/uploads\\\/2019\\\/05\\\/gyazo_logo@2x-5dd7fdeedd-e1557398058464.png\",\"datePublished\":\"2019-05-09T13:41:24+00:00\",\"dateModified\":\"2021-05-04T15:11:15+00:00\",\"description\":\"Gyazo: recensione del software compatibile con i principali sistemi operativi (Mac, Windows e Linux), ideato per fotografare lo schermo del computer.\",\"breadcrumb\":{\"@id\":\"https:\\\/\\\/www.accuratereviews.com\\\/it\\\/lista-migliori-tools-catturare-schermo\\\/gyazo-recensione\\\/#breadcrumb\"},\"inLanguage\":\"it-IT\",\"potentialAction\":[{\"@type\":\"ReadAction\",\"target\":[\"https:\\\/\\\/www.accuratereviews.com\\\/it\\\/lista-migliori-tools-catturare-schermo\\\/gyazo-recensione\\\/\"]}]},{\"@type\":\"ImageObject\",\"inLanguage\":\"it-IT\",\"@id\":\"https:\\\/\\\/www.accuratereviews.com\\\/it\\\/lista-migliori-tools-catturare-schermo\\\/gyazo-recensione\\\/#primaryimage\",\"url\":\"https:\\\/\\\/www.accuratereviews.com\\\/wp-content\\\/uploads\\\/2019\\\/05\\\/gyazo_logo@2x-5dd7fdeedd-e1557398058464.png\",\"contentUrl\":\"https:\\\/\\\/www.accuratereviews.com\\\/wp-content\\\/uploads\\\/2019\\\/05\\\/gyazo_logo@2x-5dd7fdeedd-e1557398058464.png\",\"width\":200,\"height\":62},{\"@type\":\"BreadcrumbList\",\"@id\":\"https:\\\/\\\/www.accuratereviews.com\\\/it\\\/lista-migliori-tools-catturare-schermo\\\/gyazo-recensione\\\/#breadcrumb\",\"itemListElement\":[{\"@type\":\"ListItem\",\"position\":1,\"name\":\"Home\",\"item\":\"https:\\\/\\\/www.accuratereviews.com\\\/it\\\/\"},{\"@type\":\"ListItem\",\"position\":2,\"name\":\"Tools per catturare lo schermo\",\"item\":\"https:\\\/\\\/www.accuratereviews.com\\\/it\\\/lista-migliori-tools-catturare-schermo\\\/\"},{\"@type\":\"ListItem\",\"position\":3,\"name\":\"Gyazo\"}]},{\"@type\":\"WebSite\",\"@id\":\"https:\\\/\\\/www.accuratereviews.com\\\/it\\\/#website\",\"url\":\"https:\\\/\\\/www.accuratereviews.com\\\/it\\\/\",\"name\":\"Accurate Reviews\",\"description\":\"\",\"potentialAction\":[{\"@type\":\"SearchAction\",\"target\":{\"@type\":\"EntryPoint\",\"urlTemplate\":\"https:\\\/\\\/www.accuratereviews.com\\\/it\\\/?s={search_term_string}\"},\"query-input\":{\"@type\":\"PropertyValueSpecification\",\"valueRequired\":true,\"valueName\":\"search_term_string\"}}],\"inLanguage\":\"it-IT\"}]}<\/script>\n<!-- \/ Yoast SEO plugin. -->","yoast_head_json":{"title":"Gyazo: recensione software cattura schermo - Accurate Reviews","description":"Gyazo: recensione del software compatibile con i principali sistemi operativi (Mac, Windows e Linux), ideato per fotografare lo schermo del computer.","robots":{"index":"index","follow":"follow","max-snippet":"max-snippet:-1","max-image-preview":"max-image-preview:large","max-video-preview":"max-video-preview:-1"},"canonical":"https:\/\/www.accuratereviews.com\/it\/lista-migliori-tools-catturare-schermo\/gyazo-recensione\/","og_locale":"it_IT","og_type":"article","og_title":"Gyazo: recensione software cattura schermo - Accurate Reviews","og_description":"Gyazo: recensione del software compatibile con i principali sistemi operativi (Mac, Windows e Linux), ideato per fotografare lo schermo del computer.","og_url":"https:\/\/www.accuratereviews.com\/it\/lista-migliori-tools-catturare-schermo\/gyazo-recensione\/","og_site_name":"Accurate Reviews","article_modified_time":"2021-05-04T15:11:15+00:00","og_image":[{"width":200,"height":62,"url":"https:\/\/www.accuratereviews.com\/wp-content\/uploads\/2019\/05\/gyazo_logo@2x-5dd7fdeedd-e1557398058464.png","type":"image\/png"}],"twitter_card":"summary_large_image","twitter_misc":{"Tempo di lettura stimato":"1 minuto"},"schema":{"@context":"https:\/\/schema.org","@graph":[{"@type":"WebPage","@id":"https:\/\/www.accuratereviews.com\/it\/lista-migliori-tools-catturare-schermo\/gyazo-recensione\/","url":"https:\/\/www.accuratereviews.com\/it\/lista-migliori-tools-catturare-schermo\/gyazo-recensione\/","name":"Gyazo: recensione software cattura schermo - Accurate Reviews","isPartOf":{"@id":"https:\/\/www.accuratereviews.com\/it\/#website"},"primaryImageOfPage":{"@id":"https:\/\/www.accuratereviews.com\/it\/lista-migliori-tools-catturare-schermo\/gyazo-recensione\/#primaryimage"},"image":{"@id":"https:\/\/www.accuratereviews.com\/it\/lista-migliori-tools-catturare-schermo\/gyazo-recensione\/#primaryimage"},"thumbnailUrl":"https:\/\/www.accuratereviews.com\/wp-content\/uploads\/2019\/05\/gyazo_logo@2x-5dd7fdeedd-e1557398058464.png","datePublished":"2019-05-09T13:41:24+00:00","dateModified":"2021-05-04T15:11:15+00:00","description":"Gyazo: recensione del software compatibile con i principali sistemi operativi (Mac, Windows e Linux), ideato per fotografare lo schermo del computer.","breadcrumb":{"@id":"https:\/\/www.accuratereviews.com\/it\/lista-migliori-tools-catturare-schermo\/gyazo-recensione\/#breadcrumb"},"inLanguage":"it-IT","potentialAction":[{"@type":"ReadAction","target":["https:\/\/www.accuratereviews.com\/it\/lista-migliori-tools-catturare-schermo\/gyazo-recensione\/"]}]},{"@type":"ImageObject","inLanguage":"it-IT","@id":"https:\/\/www.accuratereviews.com\/it\/lista-migliori-tools-catturare-schermo\/gyazo-recensione\/#primaryimage","url":"https:\/\/www.accuratereviews.com\/wp-content\/uploads\/2019\/05\/gyazo_logo@2x-5dd7fdeedd-e1557398058464.png","contentUrl":"https:\/\/www.accuratereviews.com\/wp-content\/uploads\/2019\/05\/gyazo_logo@2x-5dd7fdeedd-e1557398058464.png","width":200,"height":62},{"@type":"BreadcrumbList","@id":"https:\/\/www.accuratereviews.com\/it\/lista-migliori-tools-catturare-schermo\/gyazo-recensione\/#breadcrumb","itemListElement":[{"@type":"ListItem","position":1,"name":"Home","item":"https:\/\/www.accuratereviews.com\/it\/"},{"@type":"ListItem","position":2,"name":"Tools per catturare lo schermo","item":"https:\/\/www.accuratereviews.com\/it\/lista-migliori-tools-catturare-schermo\/"},{"@type":"ListItem","position":3,"name":"Gyazo"}]},{"@type":"WebSite","@id":"https:\/\/www.accuratereviews.com\/it\/#website","url":"https:\/\/www.accuratereviews.com\/it\/","name":"Accurate Reviews","description":"","potentialAction":[{"@type":"SearchAction","target":{"@type":"EntryPoint","urlTemplate":"https:\/\/www.accuratereviews.com\/it\/?s={search_term_string}"},"query-input":{"@type":"PropertyValueSpecification","valueRequired":true,"valueName":"search_term_string"}}],"inLanguage":"it-IT"}]}},"_links":{"self":[{"href":"https:\/\/www.accuratereviews.com\/it\/wp-json\/wp\/v2\/pages\/14175","targetHints":{"allow":["GET"]}}],"collection":[{"href":"https:\/\/www.accuratereviews.com\/it\/wp-json\/wp\/v2\/pages"}],"about":[{"href":"https:\/\/www.accuratereviews.com\/it\/wp-json\/wp\/v2\/types\/page"}],"author":[{"embeddable":true,"href":"https:\/\/www.accuratereviews.com\/it\/wp-json\/wp\/v2\/users\/17"}],"replies":[{"embeddable":true,"href":"https:\/\/www.accuratereviews.com\/it\/wp-json\/wp\/v2\/comments?post=14175"}],"version-history":[{"count":5,"href":"https:\/\/www.accuratereviews.com\/it\/wp-json\/wp\/v2\/pages\/14175\/revisions"}],"predecessor-version":[{"id":41868,"href":"https:\/\/www.accuratereviews.com\/it\/wp-json\/wp\/v2\/pages\/14175\/revisions\/41868"}],"up":[{"embeddable":true,"href":"https:\/\/www.accuratereviews.com\/it\/wp-json\/wp\/v2\/pages\/13930"}],"wp:featuredmedia":[{"embeddable":true,"href":"https:\/\/www.accuratereviews.com\/it\/wp-json\/wp\/v2\/media\/14178"}],"wp:attachment":[{"href":"https:\/\/www.accuratereviews.com\/it\/wp-json\/wp\/v2\/media?parent=14175"}],"wp:term":[{"taxonomy":"category","embeddable":true,"href":"https:\/\/www.accuratereviews.com\/it\/wp-json\/wp\/v2\/categories?post=14175"},{"taxonomy":"post_tag","embeddable":true,"href":"https:\/\/www.accuratereviews.com\/it\/wp-json\/wp\/v2\/tags?post=14175"},{"taxonomy":"features","embeddable":true,"href":"https:\/\/www.accuratereviews.com\/it\/wp-json\/wp\/v2\/features?post=14175"}],"curies":[{"name":"wp","href":"https:\/\/api.w.org\/{rel}","templated":true}]}}