{"id":14225,"date":"2019-05-13T10:17:20","date_gmt":"2019-05-13T10:17:20","guid":{"rendered":"https:\/\/www.accuratereviews.com\/?page_id=14225"},"modified":"2021-05-05T15:29:57","modified_gmt":"2021-05-05T15:29:57","slug":"pixlr-editor-recensione","status":"publish","type":"page","link":"https:\/\/www.accuratereviews.com\/it\/photo-editing-lista-software\/pixlr-editor-recensione\/","title":{"rendered":"Pixlr Editor"},"content":{"rendered":"<p><strong>Pixlr Editor\u00a0<\/strong>\u00e8 un software ideato per offrire la migliore esperienza di<strong> fotoritocco<\/strong> per chi necessita di rapide modifiche alle proprie foto. \u00c8 un <strong>photo editor<\/strong> che pu\u00f2 essere usato a livello personale ma anche a livello professionale. Si accede direttamente al sito web <strong>online<\/strong>, dove \u00e8 possibile caricare un&#8217;immagine dal proprio computer o da un URL, verr\u00e0 quindi aperto il programma, sullo stampo di Photoshop, dal quale potranno essere fatte tutte le modifiche necessarie. L&#8217;unico difetto di questa piattaforma \u00e8 quello di dover utilizzare<strong> Flash Player<\/strong>, senza di esso infatti non \u00e8 possibile usufruire del <strong>photo editor<\/strong>. Pixlr Editor offre una serie di <strong>strumenti di editing<\/strong> all&#8217;avanguardia che ti permettono di <strong>modificare le foto<\/strong> in modo semplice e veloce e soprattutto <strong>gratuitamente<\/strong>, senza dover scaricare e installare nessun software. Tra queste tools, quella della <strong>cronologia<\/strong> \u00e8 sicuramente una delle migliori poich\u00e9 davvero utile e funzionale, permettendoti di annullare o ripetere le azioni.<\/p>\n<h2>COME RITOCCARE FOTO CON PIXLR EDITOR &#8211; TUTORIAL<\/h2>\n<p>Tramite questo breve video impareremo a <strong>editare immagini<\/strong> con questo programma:<\/p>\n<div id=\"fluid-wrapper-counter-1\" class=\"g1-fluid-wrapper \" style=\"width:686px;\">\n<div style=\"padding-bottom:56.268221574344%;\"><iframe loading=\"lazy\" width=\"686\" height=\"386\" src=\"https:\/\/www.youtube.com\/embed\/Ea-3URmC06c?feature=oembed&amp;wmode=transparent&amp;autohide=1&amp;autoplay=0&amp;disablekb=0&amp;fs=1&amp;loop=0&amp;enablejsapi=1&amp;rel=0&amp;controls=2&amp;showinfo=0&amp;wmode=transparent&amp;autohide=2&amp;autoplay=0&amp;disablekb=0&amp;fs=1&amp;loop=0&amp;enablejsapi=1&amp;rel=0&amp;controls=2&amp;showinfo=1\" frameborder=\"0\" allow=\"accelerometer; autoplay; encrypted-media; gyroscope; picture-in-picture\" allowfullscreen><\/iframe><\/div>\n<\/div>\n<h3>PIXLR EDITOR &#8211; CARATTERISTICHE<\/h3>\n<p>Diamo un&#8217;occhiata anche alle sue caratteristiche:<\/p>\n<ul>\n<li><strong>Strumenti di editing<\/strong>: dispone di strumenti di fotoritocco basici, ma anche pi\u00f9 avanzati per chi ne fa un uso pi\u00f9 professionale<\/li>\n<li><strong>Bacchetta magica<\/strong>: utile per chi necessita modifiche rapide ma comunque efficienti<\/li>\n<li><strong>Strumento di trasformazione dell&#8217;oggetto<\/strong>: ritocca l&#8217;immagine trasformando o limando gli oggetti presenti nella stessa<\/li>\n<li><strong>Collage di foto<\/strong>: inserisci pi\u00f9 foto in un unico collage<\/li>\n<li><strong>Sovrapposizione<\/strong>: aggiungi piccole immagini alle tue foto o utilizza semplicemente gli effetti &#8220;Bokeh&#8221; nelle zone pi\u00f9 sfocate delle foto<\/li>\n<li><strong>Cornice<\/strong>: inserisci una cornice per rendere pi\u00f9 professionale la tua foto<\/li>\n<li><strong>Sistema operativo<\/strong>: \u00e8 compatibile con qualsiasi sistema operativo, fornendo l&#8217;accesso da qualsiasi browser<\/li>\n<li><strong>App mobile<\/strong>: ritocca le tue foto direttamente dal tuo Smartphone o Tablet, disponibile per dispositivi iOS e Android.<\/li>\n<\/ul>\n<p>&nbsp;<\/p>\n","protected":false},"excerpt":{"rendered":"<p>Pixlr Editor\u00a0\u00e8 un software ideato per offrire la migliore esperienza di fotoritocco per chi necessita di rapide modifiche alle proprie foto. \u00c8 un photo editor che pu\u00f2 essere usato a livello personale ma anche a livello professionale. Si accede direttamente al sito web online, dove \u00e8 possibile caricare un&#8217;immagine dal proprio computer o da un URL.<\/p>\n","protected":false},"author":17,"featured_media":14227,"parent":9097,"menu_order":0,"comment_status":"open","ping_status":"closed","template":"g1_template_page_review_new.php","meta":{"_acf_changed":false,"cwp_meta_box_check":"Yes","cwp_rev_product_name":"","cwp_rev_product_image":"","wppr_links":[],"cwp_rev_price":"","wppr_options":[],"wppr_pros":[],"wppr_cons":[],"_monsterinsights_skip_tracking":false,"_monsterinsights_sitenote_active":false,"_monsterinsights_sitenote_note":"","_monsterinsights_sitenote_category":0,"footnotes":""},"categories":[178],"tags":[578,554,576,569,577],"features":[],"class_list":{"0":"post-14225","1":"page","2":"type-page","3":"status-publish","4":"has-post-thumbnail","6":"category-photo-editing-it","7":"tag-editare-una-foto","8":"tag-fotoritocco","9":"tag-modificare-una-foto","10":"tag-photo-editing","11":"tag-ritoccare-una-foto"},"wppr_data":{"cwp_meta_box_check":"Yes","cwp_rev_product_name":"","cwp_rev_product_image":"","cwp_image_link":"image","cwp_rev_price":"","wppr_rating":"0.00"},"acf":[],"yoast_head":"<!-- This site is optimized with the Yoast SEO plugin v27.4 - https:\/\/yoast.com\/product\/yoast-seo-wordpress\/ -->\n<title>Pixlr Editor: recensione photo editor - Accurate Reviews<\/title>\n<meta name=\"description\" content=\"Pixlr Editor: recensione del software ideato per offrire la migliore esperienza di fotoritocco per chi necessita di rapide modifiche alle proprie foto.\" \/>\n<meta name=\"robots\" content=\"index, follow, max-snippet:-1, max-image-preview:large, max-video-preview:-1\" \/>\n<link rel=\"canonical\" href=\"https:\/\/www.accuratereviews.com\/it\/photo-editing-lista-software\/pixlr-editor-recensione\/\" \/>\n<meta property=\"og:locale\" content=\"it_IT\" \/>\n<meta property=\"og:type\" content=\"article\" \/>\n<meta property=\"og:title\" content=\"Pixlr Editor: recensione photo editor - Accurate Reviews\" \/>\n<meta property=\"og:description\" content=\"Pixlr Editor: recensione del software ideato per offrire la migliore esperienza di fotoritocco per chi necessita di rapide modifiche alle proprie foto.\" \/>\n<meta property=\"og:url\" content=\"https:\/\/www.accuratereviews.com\/it\/photo-editing-lista-software\/pixlr-editor-recensione\/\" \/>\n<meta property=\"og:site_name\" content=\"Accurate Reviews\" \/>\n<meta property=\"article:modified_time\" content=\"2021-05-05T15:29:57+00:00\" \/>\n<meta property=\"og:image\" content=\"https:\/\/www.accuratereviews.com\/wp-content\/uploads\/2019\/05\/pixlr-photo-editor-logo.jpg\" \/>\n\t<meta property=\"og:image:width\" content=\"600\" \/>\n\t<meta property=\"og:image:height\" content=\"400\" \/>\n\t<meta property=\"og:image:type\" content=\"image\/jpeg\" \/>\n<meta name=\"twitter:card\" content=\"summary_large_image\" \/>\n<meta name=\"twitter:label1\" content=\"Tempo di lettura stimato\" \/>\n\t<meta name=\"twitter:data1\" content=\"2 minuti\" \/>\n<script type=\"application\/ld+json\" class=\"yoast-schema-graph\">{\"@context\":\"https:\\\/\\\/schema.org\",\"@graph\":[{\"@type\":\"WebPage\",\"@id\":\"https:\\\/\\\/www.accuratereviews.com\\\/it\\\/photo-editing-lista-software\\\/pixlr-editor-recensione\\\/\",\"url\":\"https:\\\/\\\/www.accuratereviews.com\\\/it\\\/photo-editing-lista-software\\\/pixlr-editor-recensione\\\/\",\"name\":\"Pixlr Editor: recensione photo editor - Accurate Reviews\",\"isPartOf\":{\"@id\":\"https:\\\/\\\/www.accuratereviews.com\\\/it\\\/#website\"},\"primaryImageOfPage\":{\"@id\":\"https:\\\/\\\/www.accuratereviews.com\\\/it\\\/photo-editing-lista-software\\\/pixlr-editor-recensione\\\/#primaryimage\"},\"image\":{\"@id\":\"https:\\\/\\\/www.accuratereviews.com\\\/it\\\/photo-editing-lista-software\\\/pixlr-editor-recensione\\\/#primaryimage\"},\"thumbnailUrl\":\"https:\\\/\\\/www.accuratereviews.com\\\/wp-content\\\/uploads\\\/2019\\\/05\\\/pixlr-photo-editor-logo.jpg\",\"datePublished\":\"2019-05-13T10:17:20+00:00\",\"dateModified\":\"2021-05-05T15:29:57+00:00\",\"description\":\"Pixlr Editor: recensione del software ideato per offrire la migliore esperienza di fotoritocco per chi necessita di rapide modifiche alle proprie foto.\",\"breadcrumb\":{\"@id\":\"https:\\\/\\\/www.accuratereviews.com\\\/it\\\/photo-editing-lista-software\\\/pixlr-editor-recensione\\\/#breadcrumb\"},\"inLanguage\":\"it-IT\",\"potentialAction\":[{\"@type\":\"ReadAction\",\"target\":[\"https:\\\/\\\/www.accuratereviews.com\\\/it\\\/photo-editing-lista-software\\\/pixlr-editor-recensione\\\/\"]}]},{\"@type\":\"ImageObject\",\"inLanguage\":\"it-IT\",\"@id\":\"https:\\\/\\\/www.accuratereviews.com\\\/it\\\/photo-editing-lista-software\\\/pixlr-editor-recensione\\\/#primaryimage\",\"url\":\"https:\\\/\\\/www.accuratereviews.com\\\/wp-content\\\/uploads\\\/2019\\\/05\\\/pixlr-photo-editor-logo.jpg\",\"contentUrl\":\"https:\\\/\\\/www.accuratereviews.com\\\/wp-content\\\/uploads\\\/2019\\\/05\\\/pixlr-photo-editor-logo.jpg\",\"width\":600,\"height\":400},{\"@type\":\"BreadcrumbList\",\"@id\":\"https:\\\/\\\/www.accuratereviews.com\\\/it\\\/photo-editing-lista-software\\\/pixlr-editor-recensione\\\/#breadcrumb\",\"itemListElement\":[{\"@type\":\"ListItem\",\"position\":1,\"name\":\"Home\",\"item\":\"https:\\\/\\\/www.accuratereviews.com\\\/it\\\/\"},{\"@type\":\"ListItem\",\"position\":2,\"name\":\"Photo Editing\",\"item\":\"https:\\\/\\\/www.accuratereviews.com\\\/it\\\/photo-editing-lista-software\\\/\"},{\"@type\":\"ListItem\",\"position\":3,\"name\":\"Pixlr Editor\"}]},{\"@type\":\"WebSite\",\"@id\":\"https:\\\/\\\/www.accuratereviews.com\\\/it\\\/#website\",\"url\":\"https:\\\/\\\/www.accuratereviews.com\\\/it\\\/\",\"name\":\"Accurate Reviews\",\"description\":\"\",\"potentialAction\":[{\"@type\":\"SearchAction\",\"target\":{\"@type\":\"EntryPoint\",\"urlTemplate\":\"https:\\\/\\\/www.accuratereviews.com\\\/it\\\/?s={search_term_string}\"},\"query-input\":{\"@type\":\"PropertyValueSpecification\",\"valueRequired\":true,\"valueName\":\"search_term_string\"}}],\"inLanguage\":\"it-IT\"}]}<\/script>\n<!-- \/ Yoast SEO plugin. -->","yoast_head_json":{"title":"Pixlr Editor: recensione photo editor - Accurate Reviews","description":"Pixlr Editor: recensione del software ideato per offrire la migliore esperienza di fotoritocco per chi necessita di rapide modifiche alle proprie foto.","robots":{"index":"index","follow":"follow","max-snippet":"max-snippet:-1","max-image-preview":"max-image-preview:large","max-video-preview":"max-video-preview:-1"},"canonical":"https:\/\/www.accuratereviews.com\/it\/photo-editing-lista-software\/pixlr-editor-recensione\/","og_locale":"it_IT","og_type":"article","og_title":"Pixlr Editor: recensione photo editor - Accurate Reviews","og_description":"Pixlr Editor: recensione del software ideato per offrire la migliore esperienza di fotoritocco per chi necessita di rapide modifiche alle proprie foto.","og_url":"https:\/\/www.accuratereviews.com\/it\/photo-editing-lista-software\/pixlr-editor-recensione\/","og_site_name":"Accurate Reviews","article_modified_time":"2021-05-05T15:29:57+00:00","og_image":[{"width":600,"height":400,"url":"https:\/\/www.accuratereviews.com\/wp-content\/uploads\/2019\/05\/pixlr-photo-editor-logo.jpg","type":"image\/jpeg"}],"twitter_card":"summary_large_image","twitter_misc":{"Tempo di lettura stimato":"2 minuti"},"schema":{"@context":"https:\/\/schema.org","@graph":[{"@type":"WebPage","@id":"https:\/\/www.accuratereviews.com\/it\/photo-editing-lista-software\/pixlr-editor-recensione\/","url":"https:\/\/www.accuratereviews.com\/it\/photo-editing-lista-software\/pixlr-editor-recensione\/","name":"Pixlr Editor: recensione photo editor - Accurate Reviews","isPartOf":{"@id":"https:\/\/www.accuratereviews.com\/it\/#website"},"primaryImageOfPage":{"@id":"https:\/\/www.accuratereviews.com\/it\/photo-editing-lista-software\/pixlr-editor-recensione\/#primaryimage"},"image":{"@id":"https:\/\/www.accuratereviews.com\/it\/photo-editing-lista-software\/pixlr-editor-recensione\/#primaryimage"},"thumbnailUrl":"https:\/\/www.accuratereviews.com\/wp-content\/uploads\/2019\/05\/pixlr-photo-editor-logo.jpg","datePublished":"2019-05-13T10:17:20+00:00","dateModified":"2021-05-05T15:29:57+00:00","description":"Pixlr Editor: recensione del software ideato per offrire la migliore esperienza di fotoritocco per chi necessita di rapide modifiche alle proprie foto.","breadcrumb":{"@id":"https:\/\/www.accuratereviews.com\/it\/photo-editing-lista-software\/pixlr-editor-recensione\/#breadcrumb"},"inLanguage":"it-IT","potentialAction":[{"@type":"ReadAction","target":["https:\/\/www.accuratereviews.com\/it\/photo-editing-lista-software\/pixlr-editor-recensione\/"]}]},{"@type":"ImageObject","inLanguage":"it-IT","@id":"https:\/\/www.accuratereviews.com\/it\/photo-editing-lista-software\/pixlr-editor-recensione\/#primaryimage","url":"https:\/\/www.accuratereviews.com\/wp-content\/uploads\/2019\/05\/pixlr-photo-editor-logo.jpg","contentUrl":"https:\/\/www.accuratereviews.com\/wp-content\/uploads\/2019\/05\/pixlr-photo-editor-logo.jpg","width":600,"height":400},{"@type":"BreadcrumbList","@id":"https:\/\/www.accuratereviews.com\/it\/photo-editing-lista-software\/pixlr-editor-recensione\/#breadcrumb","itemListElement":[{"@type":"ListItem","position":1,"name":"Home","item":"https:\/\/www.accuratereviews.com\/it\/"},{"@type":"ListItem","position":2,"name":"Photo Editing","item":"https:\/\/www.accuratereviews.com\/it\/photo-editing-lista-software\/"},{"@type":"ListItem","position":3,"name":"Pixlr Editor"}]},{"@type":"WebSite","@id":"https:\/\/www.accuratereviews.com\/it\/#website","url":"https:\/\/www.accuratereviews.com\/it\/","name":"Accurate Reviews","description":"","potentialAction":[{"@type":"SearchAction","target":{"@type":"EntryPoint","urlTemplate":"https:\/\/www.accuratereviews.com\/it\/?s={search_term_string}"},"query-input":{"@type":"PropertyValueSpecification","valueRequired":true,"valueName":"search_term_string"}}],"inLanguage":"it-IT"}]}},"_links":{"self":[{"href":"https:\/\/www.accuratereviews.com\/it\/wp-json\/wp\/v2\/pages\/14225","targetHints":{"allow":["GET"]}}],"collection":[{"href":"https:\/\/www.accuratereviews.com\/it\/wp-json\/wp\/v2\/pages"}],"about":[{"href":"https:\/\/www.accuratereviews.com\/it\/wp-json\/wp\/v2\/types\/page"}],"author":[{"embeddable":true,"href":"https:\/\/www.accuratereviews.com\/it\/wp-json\/wp\/v2\/users\/17"}],"replies":[{"embeddable":true,"href":"https:\/\/www.accuratereviews.com\/it\/wp-json\/wp\/v2\/comments?post=14225"}],"version-history":[{"count":4,"href":"https:\/\/www.accuratereviews.com\/it\/wp-json\/wp\/v2\/pages\/14225\/revisions"}],"predecessor-version":[{"id":41965,"href":"https:\/\/www.accuratereviews.com\/it\/wp-json\/wp\/v2\/pages\/14225\/revisions\/41965"}],"up":[{"embeddable":true,"href":"https:\/\/www.accuratereviews.com\/it\/wp-json\/wp\/v2\/pages\/9097"}],"wp:featuredmedia":[{"embeddable":true,"href":"https:\/\/www.accuratereviews.com\/it\/wp-json\/wp\/v2\/media\/14227"}],"wp:attachment":[{"href":"https:\/\/www.accuratereviews.com\/it\/wp-json\/wp\/v2\/media?parent=14225"}],"wp:term":[{"taxonomy":"category","embeddable":true,"href":"https:\/\/www.accuratereviews.com\/it\/wp-json\/wp\/v2\/categories?post=14225"},{"taxonomy":"post_tag","embeddable":true,"href":"https:\/\/www.accuratereviews.com\/it\/wp-json\/wp\/v2\/tags?post=14225"},{"taxonomy":"features","embeddable":true,"href":"https:\/\/www.accuratereviews.com\/it\/wp-json\/wp\/v2\/features?post=14225"}],"curies":[{"name":"wp","href":"https:\/\/api.w.org\/{rel}","templated":true}]}}