{"id":14289,"date":"2019-05-13T11:12:27","date_gmt":"2019-05-13T11:12:27","guid":{"rendered":"https:\/\/www.accuratereviews.com\/?page_id=14289"},"modified":"2021-05-05T15:15:32","modified_gmt":"2021-05-05T15:15:32","slug":"coreldraw-graphics-suite-recensione","status":"publish","type":"page","link":"https:\/\/www.accuratereviews.com\/it\/photo-editing-lista-software\/coreldraw-graphics-suite-recensione\/","title":{"rendered":"CorelDRAW Graphics Suite"},"content":{"rendered":"<p><strong>CorelDRAW Graphics Suite<\/strong> \u00e8 un <strong>photo editor<\/strong> che ti permette di <strong>ritoccare le tue foto<\/strong> a livello professionale grazie a una serie di strumenti di modifica davvero efficienti. Si tratta di un vero e proprio <strong>software di progettazione grafica superiore<\/strong> che ti consente di <strong>modificare le foto<\/strong> in modo rapido e intelligente, risparmiando cos\u00ec tempo e fatica. \u00c8 sicuramente utile per chi ha bisogno di produrre loghi originali per la propria attivit\u00e0, brochure, biglietti o immagini per i social media, che possono essere modificate e personalizzate a proprio piacimento, fornendogli cos\u00ec uno stile unico. Risulta divertenti e di facile utilizzo, offrendo <strong>strumenti di editing<\/strong> intuitivi e anche molto materiale informativo e formativo che ti guider\u00e0 al miglior utilizzo. Importa ed esporta le tue foto in modo semplice e in diversi formati (CDR, PDF, PNG, JPEG e SVG), salva i tuoi progetti nel <strong>Cloud<\/strong> per poi riprenderli in ogni momento, ovunque ti trovi e da qualsiasi dispositivo tu stia utilizzando. Puoi anche accedere dal Tablet o dallo Smartphone grazie all&#8217;<strong>app mobile<\/strong>, disponibile sia per i dispositivi iOS che Android.<\/p>\n<h2>CORELDRAW GRAPHICS SUITE &#8211; TUTORIAL<\/h2>\n<p>Vediamo insieme questo tutorial che ci permetter\u00e0 di comprendere meglio come funziona questo programma:<\/p>\n<div id=\"fluid-wrapper-counter-1\" class=\"g1-fluid-wrapper \" style=\"width:686px;\">\n<div style=\"padding-bottom:56.268221574344%;\"><iframe loading=\"lazy\" width=\"686\" height=\"386\" src=\"https:\/\/www.youtube.com\/embed\/TpbFHCEvnpY?feature=oembed&amp;wmode=transparent&amp;autohide=1&amp;autoplay=0&amp;disablekb=0&amp;fs=1&amp;loop=0&amp;enablejsapi=1&amp;rel=0&amp;controls=2&amp;showinfo=0&amp;wmode=transparent&amp;autohide=2&amp;autoplay=0&amp;disablekb=0&amp;fs=1&amp;loop=0&amp;enablejsapi=1&amp;rel=0&amp;controls=2&amp;showinfo=1\" frameborder=\"0\" allow=\"accelerometer; autoplay; encrypted-media; gyroscope; picture-in-picture\" allowfullscreen><\/iframe><\/div>\n<\/div>\n<h3>CORELDRAW GRAPHICS SUITE &#8211; CARATTERISTICHE<\/h3>\n<p>Diamo adesso un&#8217;occhiata alle sue caratteristiche:<\/p>\n<ul>\n<li><strong>Strumenti di editing<\/strong>: modifica la tua foto utilizzando lo zoom biliare, l&#8217;effetti Sfocatura Gaussian, la Maschera planare, e applica moltissimi altri effetti<\/li>\n<li><strong>Strumenti di disegno<\/strong>: utilizza i numerosi strumenti di disegno (puntizzatore, LiveSketch\u2122, cursori interattivi, riempimenti sfumati, anteprime vettoriali, selettore riempimento ecc.)\u00a0che ti consentiranno di creare un&#8217;immagine perfetta<\/li>\n<li><strong>Strumenti di illustrazione vettoriale<\/strong>: trasforma linee, crea curve e aggiungi effetti creativi alle tue immagini<\/li>\n<li><strong>Strumenti di tipografia<\/strong>: aggiungi caratteri speciali, simboli e utilizza Corel Font Manager per rendere il tutto ancora pi\u00f9 preciso<\/li>\n<li><strong>Importazione ed esportazione<\/strong>: importa ed esporta in CDR, PDF, PNG, JPEG e SVG<\/li>\n<li><strong>Funzionalit\u00e0 Cloud<\/strong>: salva e archivia il tuo progetto nel Cloud, dal quale potrai accedere sempre e da qualsiasi sistema<\/li>\n<li><strong>Materiale di apprendimento<\/strong>: accedi alla documentazione formativa per comprendere meglio come utilizzare il programma<\/li>\n<\/ul>\n","protected":false},"excerpt":{"rendered":"<p>CorelDRAW Graphics Suite \u00e8 un photo editor che ti permette di ritoccare le tue foto a livello professionale grazie a una serie di strumenti di modifica davvero efficienti. Si tratta di un vero e proprio software di progettazione grafica superiore che ti consente di modificare le foto in modo rapido e intelligente, risparmiando cos\u00ec tempo e fatica.<\/p>\n","protected":false},"author":17,"featured_media":14291,"parent":9097,"menu_order":0,"comment_status":"open","ping_status":"closed","template":"g1_template_page_review_new.php","meta":{"_acf_changed":false,"cwp_meta_box_check":"Yes","cwp_rev_product_name":"","cwp_rev_product_image":"","wppr_links":[],"cwp_rev_price":"","wppr_options":[],"wppr_pros":[],"wppr_cons":[],"_monsterinsights_skip_tracking":false,"_monsterinsights_sitenote_active":false,"_monsterinsights_sitenote_note":"","_monsterinsights_sitenote_category":0,"footnotes":""},"categories":[178],"tags":[396,592,554,591,569,575],"features":[],"class_list":{"0":"post-14289","1":"page","2":"type-page","3":"status-publish","4":"has-post-thumbnail","6":"category-photo-editing-it","7":"tag-cloud","8":"tag-come-editare-unimmagine","9":"tag-fotoritocco","10":"tag-modifcare-unimmagine","11":"tag-photo-editing","12":"tag-programma-per-ritoccare-foto"},"wppr_data":{"cwp_meta_box_check":"Yes","cwp_rev_product_name":"","cwp_rev_product_image":"","cwp_image_link":"image","cwp_rev_price":"","wppr_rating":"0.00"},"acf":[],"yoast_head":"<!-- This site is optimized with the Yoast SEO plugin v27.4 - https:\/\/yoast.com\/product\/yoast-seo-wordpress\/ -->\n<title>CorelDRAW Graphics Suite: recensione - Accurate Reviews<\/title>\n<meta name=\"description\" content=\"CorelDRAW Graphics Suite: recensione del photo editor che permette di ritoccare le foto a livello professionale grazie a strumenti di modifica efficienti.\" \/>\n<meta name=\"robots\" content=\"index, follow, max-snippet:-1, max-image-preview:large, max-video-preview:-1\" \/>\n<link rel=\"canonical\" href=\"https:\/\/www.accuratereviews.com\/it\/photo-editing-lista-software\/coreldraw-graphics-suite-recensione\/\" \/>\n<meta property=\"og:locale\" content=\"it_IT\" \/>\n<meta property=\"og:type\" content=\"article\" \/>\n<meta property=\"og:title\" content=\"CorelDRAW Graphics Suite: recensione - Accurate Reviews\" \/>\n<meta property=\"og:description\" content=\"CorelDRAW Graphics Suite: recensione del photo editor che permette di ritoccare le foto a livello professionale grazie a strumenti di modifica efficienti.\" \/>\n<meta property=\"og:url\" content=\"https:\/\/www.accuratereviews.com\/it\/photo-editing-lista-software\/coreldraw-graphics-suite-recensione\/\" \/>\n<meta property=\"og:site_name\" content=\"Accurate Reviews\" \/>\n<meta property=\"article:modified_time\" content=\"2021-05-05T15:15:32+00:00\" \/>\n<meta property=\"og:image\" content=\"https:\/\/www.accuratereviews.com\/wp-content\/uploads\/2019\/05\/corelDraw.png\" \/>\n\t<meta property=\"og:image:width\" content=\"572\" \/>\n\t<meta property=\"og:image:height\" content=\"600\" \/>\n\t<meta property=\"og:image:type\" content=\"image\/png\" \/>\n<meta name=\"twitter:card\" content=\"summary_large_image\" \/>\n<meta name=\"twitter:label1\" content=\"Tempo di lettura stimato\" \/>\n\t<meta name=\"twitter:data1\" content=\"2 minuti\" \/>\n<script type=\"application\/ld+json\" class=\"yoast-schema-graph\">{\"@context\":\"https:\\\/\\\/schema.org\",\"@graph\":[{\"@type\":\"WebPage\",\"@id\":\"https:\\\/\\\/www.accuratereviews.com\\\/it\\\/photo-editing-lista-software\\\/coreldraw-graphics-suite-recensione\\\/\",\"url\":\"https:\\\/\\\/www.accuratereviews.com\\\/it\\\/photo-editing-lista-software\\\/coreldraw-graphics-suite-recensione\\\/\",\"name\":\"CorelDRAW Graphics Suite: recensione - Accurate Reviews\",\"isPartOf\":{\"@id\":\"https:\\\/\\\/www.accuratereviews.com\\\/it\\\/#website\"},\"primaryImageOfPage\":{\"@id\":\"https:\\\/\\\/www.accuratereviews.com\\\/it\\\/photo-editing-lista-software\\\/coreldraw-graphics-suite-recensione\\\/#primaryimage\"},\"image\":{\"@id\":\"https:\\\/\\\/www.accuratereviews.com\\\/it\\\/photo-editing-lista-software\\\/coreldraw-graphics-suite-recensione\\\/#primaryimage\"},\"thumbnailUrl\":\"https:\\\/\\\/www.accuratereviews.com\\\/wp-content\\\/uploads\\\/2019\\\/05\\\/corelDraw.png\",\"datePublished\":\"2019-05-13T11:12:27+00:00\",\"dateModified\":\"2021-05-05T15:15:32+00:00\",\"description\":\"CorelDRAW Graphics Suite: recensione del photo editor che permette di ritoccare le foto a livello professionale grazie a strumenti di modifica efficienti.\",\"breadcrumb\":{\"@id\":\"https:\\\/\\\/www.accuratereviews.com\\\/it\\\/photo-editing-lista-software\\\/coreldraw-graphics-suite-recensione\\\/#breadcrumb\"},\"inLanguage\":\"it-IT\",\"potentialAction\":[{\"@type\":\"ReadAction\",\"target\":[\"https:\\\/\\\/www.accuratereviews.com\\\/it\\\/photo-editing-lista-software\\\/coreldraw-graphics-suite-recensione\\\/\"]}]},{\"@type\":\"ImageObject\",\"inLanguage\":\"it-IT\",\"@id\":\"https:\\\/\\\/www.accuratereviews.com\\\/it\\\/photo-editing-lista-software\\\/coreldraw-graphics-suite-recensione\\\/#primaryimage\",\"url\":\"https:\\\/\\\/www.accuratereviews.com\\\/wp-content\\\/uploads\\\/2019\\\/05\\\/corelDraw.png\",\"contentUrl\":\"https:\\\/\\\/www.accuratereviews.com\\\/wp-content\\\/uploads\\\/2019\\\/05\\\/corelDraw.png\",\"width\":572,\"height\":600},{\"@type\":\"BreadcrumbList\",\"@id\":\"https:\\\/\\\/www.accuratereviews.com\\\/it\\\/photo-editing-lista-software\\\/coreldraw-graphics-suite-recensione\\\/#breadcrumb\",\"itemListElement\":[{\"@type\":\"ListItem\",\"position\":1,\"name\":\"Home\",\"item\":\"https:\\\/\\\/www.accuratereviews.com\\\/it\\\/\"},{\"@type\":\"ListItem\",\"position\":2,\"name\":\"Photo Editing\",\"item\":\"https:\\\/\\\/www.accuratereviews.com\\\/it\\\/photo-editing-lista-software\\\/\"},{\"@type\":\"ListItem\",\"position\":3,\"name\":\"CorelDRAW Graphics Suite\"}]},{\"@type\":\"WebSite\",\"@id\":\"https:\\\/\\\/www.accuratereviews.com\\\/it\\\/#website\",\"url\":\"https:\\\/\\\/www.accuratereviews.com\\\/it\\\/\",\"name\":\"Accurate Reviews\",\"description\":\"\",\"potentialAction\":[{\"@type\":\"SearchAction\",\"target\":{\"@type\":\"EntryPoint\",\"urlTemplate\":\"https:\\\/\\\/www.accuratereviews.com\\\/it\\\/?s={search_term_string}\"},\"query-input\":{\"@type\":\"PropertyValueSpecification\",\"valueRequired\":true,\"valueName\":\"search_term_string\"}}],\"inLanguage\":\"it-IT\"}]}<\/script>\n<!-- \/ Yoast SEO plugin. -->","yoast_head_json":{"title":"CorelDRAW Graphics Suite: recensione - Accurate Reviews","description":"CorelDRAW Graphics Suite: recensione del photo editor che permette di ritoccare le foto a livello professionale grazie a strumenti di modifica efficienti.","robots":{"index":"index","follow":"follow","max-snippet":"max-snippet:-1","max-image-preview":"max-image-preview:large","max-video-preview":"max-video-preview:-1"},"canonical":"https:\/\/www.accuratereviews.com\/it\/photo-editing-lista-software\/coreldraw-graphics-suite-recensione\/","og_locale":"it_IT","og_type":"article","og_title":"CorelDRAW Graphics Suite: recensione - Accurate Reviews","og_description":"CorelDRAW Graphics Suite: recensione del photo editor che permette di ritoccare le foto a livello professionale grazie a strumenti di modifica efficienti.","og_url":"https:\/\/www.accuratereviews.com\/it\/photo-editing-lista-software\/coreldraw-graphics-suite-recensione\/","og_site_name":"Accurate Reviews","article_modified_time":"2021-05-05T15:15:32+00:00","og_image":[{"width":572,"height":600,"url":"https:\/\/www.accuratereviews.com\/wp-content\/uploads\/2019\/05\/corelDraw.png","type":"image\/png"}],"twitter_card":"summary_large_image","twitter_misc":{"Tempo di lettura stimato":"2 minuti"},"schema":{"@context":"https:\/\/schema.org","@graph":[{"@type":"WebPage","@id":"https:\/\/www.accuratereviews.com\/it\/photo-editing-lista-software\/coreldraw-graphics-suite-recensione\/","url":"https:\/\/www.accuratereviews.com\/it\/photo-editing-lista-software\/coreldraw-graphics-suite-recensione\/","name":"CorelDRAW Graphics Suite: recensione - Accurate Reviews","isPartOf":{"@id":"https:\/\/www.accuratereviews.com\/it\/#website"},"primaryImageOfPage":{"@id":"https:\/\/www.accuratereviews.com\/it\/photo-editing-lista-software\/coreldraw-graphics-suite-recensione\/#primaryimage"},"image":{"@id":"https:\/\/www.accuratereviews.com\/it\/photo-editing-lista-software\/coreldraw-graphics-suite-recensione\/#primaryimage"},"thumbnailUrl":"https:\/\/www.accuratereviews.com\/wp-content\/uploads\/2019\/05\/corelDraw.png","datePublished":"2019-05-13T11:12:27+00:00","dateModified":"2021-05-05T15:15:32+00:00","description":"CorelDRAW Graphics Suite: recensione del photo editor che permette di ritoccare le foto a livello professionale grazie a strumenti di modifica efficienti.","breadcrumb":{"@id":"https:\/\/www.accuratereviews.com\/it\/photo-editing-lista-software\/coreldraw-graphics-suite-recensione\/#breadcrumb"},"inLanguage":"it-IT","potentialAction":[{"@type":"ReadAction","target":["https:\/\/www.accuratereviews.com\/it\/photo-editing-lista-software\/coreldraw-graphics-suite-recensione\/"]}]},{"@type":"ImageObject","inLanguage":"it-IT","@id":"https:\/\/www.accuratereviews.com\/it\/photo-editing-lista-software\/coreldraw-graphics-suite-recensione\/#primaryimage","url":"https:\/\/www.accuratereviews.com\/wp-content\/uploads\/2019\/05\/corelDraw.png","contentUrl":"https:\/\/www.accuratereviews.com\/wp-content\/uploads\/2019\/05\/corelDraw.png","width":572,"height":600},{"@type":"BreadcrumbList","@id":"https:\/\/www.accuratereviews.com\/it\/photo-editing-lista-software\/coreldraw-graphics-suite-recensione\/#breadcrumb","itemListElement":[{"@type":"ListItem","position":1,"name":"Home","item":"https:\/\/www.accuratereviews.com\/it\/"},{"@type":"ListItem","position":2,"name":"Photo Editing","item":"https:\/\/www.accuratereviews.com\/it\/photo-editing-lista-software\/"},{"@type":"ListItem","position":3,"name":"CorelDRAW Graphics Suite"}]},{"@type":"WebSite","@id":"https:\/\/www.accuratereviews.com\/it\/#website","url":"https:\/\/www.accuratereviews.com\/it\/","name":"Accurate Reviews","description":"","potentialAction":[{"@type":"SearchAction","target":{"@type":"EntryPoint","urlTemplate":"https:\/\/www.accuratereviews.com\/it\/?s={search_term_string}"},"query-input":{"@type":"PropertyValueSpecification","valueRequired":true,"valueName":"search_term_string"}}],"inLanguage":"it-IT"}]}},"_links":{"self":[{"href":"https:\/\/www.accuratereviews.com\/it\/wp-json\/wp\/v2\/pages\/14289","targetHints":{"allow":["GET"]}}],"collection":[{"href":"https:\/\/www.accuratereviews.com\/it\/wp-json\/wp\/v2\/pages"}],"about":[{"href":"https:\/\/www.accuratereviews.com\/it\/wp-json\/wp\/v2\/types\/page"}],"author":[{"embeddable":true,"href":"https:\/\/www.accuratereviews.com\/it\/wp-json\/wp\/v2\/users\/17"}],"replies":[{"embeddable":true,"href":"https:\/\/www.accuratereviews.com\/it\/wp-json\/wp\/v2\/comments?post=14289"}],"version-history":[{"count":4,"href":"https:\/\/www.accuratereviews.com\/it\/wp-json\/wp\/v2\/pages\/14289\/revisions"}],"predecessor-version":[{"id":41941,"href":"https:\/\/www.accuratereviews.com\/it\/wp-json\/wp\/v2\/pages\/14289\/revisions\/41941"}],"up":[{"embeddable":true,"href":"https:\/\/www.accuratereviews.com\/it\/wp-json\/wp\/v2\/pages\/9097"}],"wp:featuredmedia":[{"embeddable":true,"href":"https:\/\/www.accuratereviews.com\/it\/wp-json\/wp\/v2\/media\/14291"}],"wp:attachment":[{"href":"https:\/\/www.accuratereviews.com\/it\/wp-json\/wp\/v2\/media?parent=14289"}],"wp:term":[{"taxonomy":"category","embeddable":true,"href":"https:\/\/www.accuratereviews.com\/it\/wp-json\/wp\/v2\/categories?post=14289"},{"taxonomy":"post_tag","embeddable":true,"href":"https:\/\/www.accuratereviews.com\/it\/wp-json\/wp\/v2\/tags?post=14289"},{"taxonomy":"features","embeddable":true,"href":"https:\/\/www.accuratereviews.com\/it\/wp-json\/wp\/v2\/features?post=14289"}],"curies":[{"name":"wp","href":"https:\/\/api.w.org\/{rel}","templated":true}]}}