{"id":14296,"date":"2019-05-14T07:50:43","date_gmt":"2019-05-14T07:50:43","guid":{"rendered":"https:\/\/www.accuratereviews.com\/?page_id=14296"},"modified":"2021-05-05T15:16:59","modified_gmt":"2021-05-05T15:16:59","slug":"coreldraw-home-student-suite-recensione","status":"publish","type":"page","link":"https:\/\/www.accuratereviews.com\/it\/photo-editing-lista-software\/coreldraw-home-student-suite-recensione\/","title":{"rendered":"CorelDRAW Home &#038; Student Suite"},"content":{"rendered":"<p><strong>CorelDRAW Home &amp; Student Suite<\/strong> \u00e8 un software innovativo ideato da Corel per offrire una suite creativa agli studenti che sono alle prese con il <strong>photo editing<\/strong>. \u00c8 un&#8217;ottima scelta per chi necessita di <strong>ritoccare le proprie foto<\/strong>, creando dei progetti personali da condividere sul proprio sito web o per gli alunni impegnati nei progetti scolastici. \u00c8 un <strong>programma di fotoritocco<\/strong> che offre molti <strong>strumenti di editing<\/strong> all&#8217;avanguardia che ti permetteranno di <strong>modificare le tue foto<\/strong> in maniera semplice e veloce, rendendole davvero eccezionali. Potrai quindi creare progetti utilizzando i modelli creativi pre impostati o farne nuovi per realizzare poster, biglietti e immagini per i tuoi social media.<\/p>\n<p>L&#8217;unica limitazione che pone CorelDRAW Home &amp; Student Suite, \u00e8 quella di non permetterne l&#8217;uso per fini commerciali; in questo caso per\u00f2, si pu\u00f2 fare affidamento sulla versione <a href=\"https:\/\/www.accuratereviews.com\/it\/photo-editing-lista-software\/coreldraw-graphics-suite-recensione\/\" target=\"_blank\" rel=\"noopener noreferrer\">CorelDRAW Graphics Suite<\/a>, anch&#8217;essa recensita da noi.<\/p>\n<h2>CORELDRAW HOME &amp; STUDENT SUITE &#8211; TUTORIAL<\/h2>\n<p>Ecco un breve video che sintetizza in pochi minuti quanto detto finora:<\/p>\n<div id=\"fluid-wrapper-counter-1\" class=\"g1-fluid-wrapper \" style=\"width:686px;\">\n<div style=\"padding-bottom:56.268221574344%;\"><iframe loading=\"lazy\" title=\"CorelDRAW Home &amp; Student Suite 2014 -- Tour guidato\" width=\"686\" height=\"386\" src=\"https:\/\/www.youtube.com\/embed\/LPLcjF3HITQ?feature=oembed&amp;wmode=transparent&amp;autohide=1&amp;autoplay=0&amp;disablekb=0&amp;fs=1&amp;loop=0&amp;enablejsapi=1&amp;rel=0&amp;controls=2&amp;showinfo=0&amp;wmode=transparent&amp;autohide=2&amp;autoplay=0&amp;disablekb=0&amp;fs=1&amp;loop=0&amp;enablejsapi=1&amp;rel=0&amp;controls=2&amp;showinfo=1\" frameborder=\"0\" allow=\"accelerometer; autoplay; clipboard-write; encrypted-media; gyroscope; picture-in-picture\" allowfullscreen><\/iframe><\/div>\n<\/div>\n<h3>CORELDRAW HOME &amp; STUDENT SUITE &#8211; CARATTERISTICHE<\/h3>\n<p>Di seguito un accenno alle sue caratteristiche principali:<\/p>\n<ul>\n<li><strong>Strumenti di editing<\/strong>: modifica le tue foto utilizzando i numerosi strumenti di fotoritocco<\/li>\n<li><strong>Strumenti vettoriali<\/strong>: trasforma linee, curve e forme in dei veri capolavori<\/li>\n<li><strong>Layout di pagina<\/strong>: crea layout per documenti, brochure, biglietti grazie agli strumenti offerti<\/li>\n<li><strong>Strumenti di tipografia<\/strong>: crea immagini aggiungendo testi e applicando effetti di ogni tipo<\/li>\n<li><strong>Strumenti di grafica<\/strong>: sviluppa degli ottimi contenuti web ed esportali direttamente su WordPress<\/li>\n<li><strong>Importazione ed esportazione<\/strong>: importa ed esporta le immagini in formati come JPG, PNG, SVG, PPT, EPS e molti altri ancora<\/li>\n<li><strong>Materiale di apprendimento<\/strong>: apprendi pi\u00f9 velocemente il funzionamento del programma grazie al materiale gratuito offerto.<\/li>\n<\/ul>\n","protected":false},"excerpt":{"rendered":"<p>CorelDRAW Home &#038; Student Suite \u00e8 un software innovativo ideato da Corel per offrire una suite creativa agli studenti che sono alle prese con il photo editing. \u00c8 un&#8217;ottima scelta per chi necessita di ritoccare le proprie foto, creando dei progetti personali da condividere sul proprio sito web o per gli alunni impegnati nei progetti scolastici.<\/p>\n","protected":false},"author":17,"featured_media":14298,"parent":9097,"menu_order":0,"comment_status":"open","ping_status":"closed","template":"g1_template_page_review_new.php","meta":{"_acf_changed":false,"cwp_meta_box_check":"Yes","cwp_rev_product_name":"","cwp_rev_product_image":"","wppr_links":[],"cwp_rev_price":"","wppr_options":[],"wppr_pros":[],"wppr_cons":[],"_monsterinsights_skip_tracking":false,"_monsterinsights_sitenote_active":false,"_monsterinsights_sitenote_note":"","_monsterinsights_sitenote_category":0,"footnotes":""},"categories":[178],"tags":[595,594,593,569],"features":[],"class_list":{"0":"post-14296","1":"page","2":"type-page","3":"status-publish","4":"has-post-thumbnail","6":"category-photo-editing-it","7":"tag-come-editare-foto","8":"tag-come-modificare-una-foto","9":"tag-modificare-unimmagine","10":"tag-photo-editing"},"wppr_data":{"cwp_meta_box_check":"Yes","cwp_rev_product_name":"","cwp_rev_product_image":"","cwp_image_link":"image","cwp_rev_price":"","wppr_rating":"0.00"},"acf":[],"yoast_head":"<!-- This site is optimized with the Yoast SEO plugin v27.4 - https:\/\/yoast.com\/product\/yoast-seo-wordpress\/ -->\n<title>CorelDRAW Home &amp; Student Suite: recensione - Accurate Reviews<\/title>\n<meta name=\"description\" content=\"CorelDRAW Home &amp; Student Suite: recensione del software innovativo ideato per offrire una suite creativa agli studenti alle prese con il photo editing.\" \/>\n<meta name=\"robots\" content=\"index, follow, max-snippet:-1, max-image-preview:large, max-video-preview:-1\" \/>\n<link rel=\"canonical\" href=\"https:\/\/www.accuratereviews.com\/it\/photo-editing-lista-software\/coreldraw-home-student-suite-recensione\/\" \/>\n<meta property=\"og:locale\" content=\"it_IT\" \/>\n<meta property=\"og:type\" content=\"article\" \/>\n<meta property=\"og:title\" content=\"CorelDRAW Home &amp; Student Suite: recensione - Accurate Reviews\" \/>\n<meta property=\"og:description\" content=\"CorelDRAW Home &amp; Student Suite: recensione del software innovativo ideato per offrire una suite creativa agli studenti alle prese con il photo editing.\" \/>\n<meta property=\"og:url\" content=\"https:\/\/www.accuratereviews.com\/it\/photo-editing-lista-software\/coreldraw-home-student-suite-recensione\/\" \/>\n<meta property=\"og:site_name\" content=\"Accurate Reviews\" \/>\n<meta property=\"article:modified_time\" content=\"2021-05-05T15:16:59+00:00\" \/>\n<meta property=\"og:image\" content=\"https:\/\/www.accuratereviews.com\/wp-content\/uploads\/2019\/05\/corelDraw-student.jpg\" \/>\n\t<meta property=\"og:image:width\" content=\"1280\" \/>\n\t<meta property=\"og:image:height\" content=\"720\" \/>\n\t<meta property=\"og:image:type\" content=\"image\/jpeg\" \/>\n<meta name=\"twitter:card\" content=\"summary_large_image\" \/>\n<meta name=\"twitter:label1\" content=\"Tempo di lettura stimato\" \/>\n\t<meta name=\"twitter:data1\" content=\"1 minuto\" \/>\n<script type=\"application\/ld+json\" class=\"yoast-schema-graph\">{\"@context\":\"https:\\\/\\\/schema.org\",\"@graph\":[{\"@type\":\"WebPage\",\"@id\":\"https:\\\/\\\/www.accuratereviews.com\\\/it\\\/photo-editing-lista-software\\\/coreldraw-home-student-suite-recensione\\\/\",\"url\":\"https:\\\/\\\/www.accuratereviews.com\\\/it\\\/photo-editing-lista-software\\\/coreldraw-home-student-suite-recensione\\\/\",\"name\":\"CorelDRAW Home & Student Suite: recensione - Accurate Reviews\",\"isPartOf\":{\"@id\":\"https:\\\/\\\/www.accuratereviews.com\\\/it\\\/#website\"},\"primaryImageOfPage\":{\"@id\":\"https:\\\/\\\/www.accuratereviews.com\\\/it\\\/photo-editing-lista-software\\\/coreldraw-home-student-suite-recensione\\\/#primaryimage\"},\"image\":{\"@id\":\"https:\\\/\\\/www.accuratereviews.com\\\/it\\\/photo-editing-lista-software\\\/coreldraw-home-student-suite-recensione\\\/#primaryimage\"},\"thumbnailUrl\":\"https:\\\/\\\/www.accuratereviews.com\\\/wp-content\\\/uploads\\\/2019\\\/05\\\/corelDraw-student.jpg\",\"datePublished\":\"2019-05-14T07:50:43+00:00\",\"dateModified\":\"2021-05-05T15:16:59+00:00\",\"description\":\"CorelDRAW Home & Student Suite: recensione del software innovativo ideato per offrire una suite creativa agli studenti alle prese con il photo editing.\",\"breadcrumb\":{\"@id\":\"https:\\\/\\\/www.accuratereviews.com\\\/it\\\/photo-editing-lista-software\\\/coreldraw-home-student-suite-recensione\\\/#breadcrumb\"},\"inLanguage\":\"it-IT\",\"potentialAction\":[{\"@type\":\"ReadAction\",\"target\":[\"https:\\\/\\\/www.accuratereviews.com\\\/it\\\/photo-editing-lista-software\\\/coreldraw-home-student-suite-recensione\\\/\"]}]},{\"@type\":\"ImageObject\",\"inLanguage\":\"it-IT\",\"@id\":\"https:\\\/\\\/www.accuratereviews.com\\\/it\\\/photo-editing-lista-software\\\/coreldraw-home-student-suite-recensione\\\/#primaryimage\",\"url\":\"https:\\\/\\\/www.accuratereviews.com\\\/wp-content\\\/uploads\\\/2019\\\/05\\\/corelDraw-student.jpg\",\"contentUrl\":\"https:\\\/\\\/www.accuratereviews.com\\\/wp-content\\\/uploads\\\/2019\\\/05\\\/corelDraw-student.jpg\",\"width\":1280,\"height\":720},{\"@type\":\"BreadcrumbList\",\"@id\":\"https:\\\/\\\/www.accuratereviews.com\\\/it\\\/photo-editing-lista-software\\\/coreldraw-home-student-suite-recensione\\\/#breadcrumb\",\"itemListElement\":[{\"@type\":\"ListItem\",\"position\":1,\"name\":\"Home\",\"item\":\"https:\\\/\\\/www.accuratereviews.com\\\/it\\\/\"},{\"@type\":\"ListItem\",\"position\":2,\"name\":\"Photo Editing\",\"item\":\"https:\\\/\\\/www.accuratereviews.com\\\/it\\\/photo-editing-lista-software\\\/\"},{\"@type\":\"ListItem\",\"position\":3,\"name\":\"CorelDRAW Home &#038; Student Suite\"}]},{\"@type\":\"WebSite\",\"@id\":\"https:\\\/\\\/www.accuratereviews.com\\\/it\\\/#website\",\"url\":\"https:\\\/\\\/www.accuratereviews.com\\\/it\\\/\",\"name\":\"Accurate Reviews\",\"description\":\"\",\"potentialAction\":[{\"@type\":\"SearchAction\",\"target\":{\"@type\":\"EntryPoint\",\"urlTemplate\":\"https:\\\/\\\/www.accuratereviews.com\\\/it\\\/?s={search_term_string}\"},\"query-input\":{\"@type\":\"PropertyValueSpecification\",\"valueRequired\":true,\"valueName\":\"search_term_string\"}}],\"inLanguage\":\"it-IT\"}]}<\/script>\n<!-- \/ Yoast SEO plugin. -->","yoast_head_json":{"title":"CorelDRAW Home & Student Suite: recensione - Accurate Reviews","description":"CorelDRAW Home & Student Suite: recensione del software innovativo ideato per offrire una suite creativa agli studenti alle prese con il photo editing.","robots":{"index":"index","follow":"follow","max-snippet":"max-snippet:-1","max-image-preview":"max-image-preview:large","max-video-preview":"max-video-preview:-1"},"canonical":"https:\/\/www.accuratereviews.com\/it\/photo-editing-lista-software\/coreldraw-home-student-suite-recensione\/","og_locale":"it_IT","og_type":"article","og_title":"CorelDRAW Home & Student Suite: recensione - Accurate Reviews","og_description":"CorelDRAW Home & Student Suite: recensione del software innovativo ideato per offrire una suite creativa agli studenti alle prese con il photo editing.","og_url":"https:\/\/www.accuratereviews.com\/it\/photo-editing-lista-software\/coreldraw-home-student-suite-recensione\/","og_site_name":"Accurate Reviews","article_modified_time":"2021-05-05T15:16:59+00:00","og_image":[{"width":1280,"height":720,"url":"https:\/\/www.accuratereviews.com\/wp-content\/uploads\/2019\/05\/corelDraw-student.jpg","type":"image\/jpeg"}],"twitter_card":"summary_large_image","twitter_misc":{"Tempo di lettura stimato":"1 minuto"},"schema":{"@context":"https:\/\/schema.org","@graph":[{"@type":"WebPage","@id":"https:\/\/www.accuratereviews.com\/it\/photo-editing-lista-software\/coreldraw-home-student-suite-recensione\/","url":"https:\/\/www.accuratereviews.com\/it\/photo-editing-lista-software\/coreldraw-home-student-suite-recensione\/","name":"CorelDRAW Home & Student Suite: recensione - Accurate Reviews","isPartOf":{"@id":"https:\/\/www.accuratereviews.com\/it\/#website"},"primaryImageOfPage":{"@id":"https:\/\/www.accuratereviews.com\/it\/photo-editing-lista-software\/coreldraw-home-student-suite-recensione\/#primaryimage"},"image":{"@id":"https:\/\/www.accuratereviews.com\/it\/photo-editing-lista-software\/coreldraw-home-student-suite-recensione\/#primaryimage"},"thumbnailUrl":"https:\/\/www.accuratereviews.com\/wp-content\/uploads\/2019\/05\/corelDraw-student.jpg","datePublished":"2019-05-14T07:50:43+00:00","dateModified":"2021-05-05T15:16:59+00:00","description":"CorelDRAW Home & Student Suite: recensione del software innovativo ideato per offrire una suite creativa agli studenti alle prese con il photo editing.","breadcrumb":{"@id":"https:\/\/www.accuratereviews.com\/it\/photo-editing-lista-software\/coreldraw-home-student-suite-recensione\/#breadcrumb"},"inLanguage":"it-IT","potentialAction":[{"@type":"ReadAction","target":["https:\/\/www.accuratereviews.com\/it\/photo-editing-lista-software\/coreldraw-home-student-suite-recensione\/"]}]},{"@type":"ImageObject","inLanguage":"it-IT","@id":"https:\/\/www.accuratereviews.com\/it\/photo-editing-lista-software\/coreldraw-home-student-suite-recensione\/#primaryimage","url":"https:\/\/www.accuratereviews.com\/wp-content\/uploads\/2019\/05\/corelDraw-student.jpg","contentUrl":"https:\/\/www.accuratereviews.com\/wp-content\/uploads\/2019\/05\/corelDraw-student.jpg","width":1280,"height":720},{"@type":"BreadcrumbList","@id":"https:\/\/www.accuratereviews.com\/it\/photo-editing-lista-software\/coreldraw-home-student-suite-recensione\/#breadcrumb","itemListElement":[{"@type":"ListItem","position":1,"name":"Home","item":"https:\/\/www.accuratereviews.com\/it\/"},{"@type":"ListItem","position":2,"name":"Photo Editing","item":"https:\/\/www.accuratereviews.com\/it\/photo-editing-lista-software\/"},{"@type":"ListItem","position":3,"name":"CorelDRAW Home &#038; Student Suite"}]},{"@type":"WebSite","@id":"https:\/\/www.accuratereviews.com\/it\/#website","url":"https:\/\/www.accuratereviews.com\/it\/","name":"Accurate Reviews","description":"","potentialAction":[{"@type":"SearchAction","target":{"@type":"EntryPoint","urlTemplate":"https:\/\/www.accuratereviews.com\/it\/?s={search_term_string}"},"query-input":{"@type":"PropertyValueSpecification","valueRequired":true,"valueName":"search_term_string"}}],"inLanguage":"it-IT"}]}},"_links":{"self":[{"href":"https:\/\/www.accuratereviews.com\/it\/wp-json\/wp\/v2\/pages\/14296","targetHints":{"allow":["GET"]}}],"collection":[{"href":"https:\/\/www.accuratereviews.com\/it\/wp-json\/wp\/v2\/pages"}],"about":[{"href":"https:\/\/www.accuratereviews.com\/it\/wp-json\/wp\/v2\/types\/page"}],"author":[{"embeddable":true,"href":"https:\/\/www.accuratereviews.com\/it\/wp-json\/wp\/v2\/users\/17"}],"replies":[{"embeddable":true,"href":"https:\/\/www.accuratereviews.com\/it\/wp-json\/wp\/v2\/comments?post=14296"}],"version-history":[{"count":6,"href":"https:\/\/www.accuratereviews.com\/it\/wp-json\/wp\/v2\/pages\/14296\/revisions"}],"predecessor-version":[{"id":41943,"href":"https:\/\/www.accuratereviews.com\/it\/wp-json\/wp\/v2\/pages\/14296\/revisions\/41943"}],"up":[{"embeddable":true,"href":"https:\/\/www.accuratereviews.com\/it\/wp-json\/wp\/v2\/pages\/9097"}],"wp:featuredmedia":[{"embeddable":true,"href":"https:\/\/www.accuratereviews.com\/it\/wp-json\/wp\/v2\/media\/14298"}],"wp:attachment":[{"href":"https:\/\/www.accuratereviews.com\/it\/wp-json\/wp\/v2\/media?parent=14296"}],"wp:term":[{"taxonomy":"category","embeddable":true,"href":"https:\/\/www.accuratereviews.com\/it\/wp-json\/wp\/v2\/categories?post=14296"},{"taxonomy":"post_tag","embeddable":true,"href":"https:\/\/www.accuratereviews.com\/it\/wp-json\/wp\/v2\/tags?post=14296"},{"taxonomy":"features","embeddable":true,"href":"https:\/\/www.accuratereviews.com\/it\/wp-json\/wp\/v2\/features?post=14296"}],"curies":[{"name":"wp","href":"https:\/\/api.w.org\/{rel}","templated":true}]}}