{"id":14319,"date":"2019-05-14T14:58:05","date_gmt":"2019-05-14T14:58:05","guid":{"rendered":"https:\/\/www.accuratereviews.com\/?page_id=14319"},"modified":"2025-12-05T10:29:34","modified_gmt":"2025-12-05T10:29:34","slug":"luminar-neo-recensione","status":"publish","type":"page","link":"https:\/\/www.accuratereviews.com\/it\/photo-editing-lista-software\/luminar-neo-recensione\/","title":{"rendered":"Luminar Neo"},"content":{"rendered":"<p><strong>Luminar<\/strong> <strong>Neo<\/strong> \u00e8 un <strong>software di fotoritocco<\/strong> molto popolare tra i fotografi professionisti poich\u00e9 offre una serie di strumenti di editing davvero funzionali. Questo <strong>photo editor<\/strong> pu\u00f2 essere utilizzato singolarmente o integrato come plug-in a Lightroom, Photoshop o Foto Apple. Sicuramente quello che piace di questo <strong>programma di photo editing<\/strong>, \u00e8 la possibilit\u00e0 di eseguire correzioni rapide in modo automatico tramite il <em>cursore AI Sky Hnhancer<\/em>. Un&#8217;altra caratteristica davvero interessante di Skylum Luminar \u00e8 quella di poter <strong>modificare una singola foto o una serie di foto<\/strong> contemporaneamente grazie all&#8217;elaborazione in <em>&#8220;batch&#8221;<\/em>, cos\u00ec da poter applicare le stesse modifiche a tutte le immagini che prendiamo in considerazione.<br \/>\n<strong>Editare un&#8217;immagine<\/strong> diventer\u00e0 un gioco da ragazzi grazie a un software cos\u00ec professionale che offre tutti questi potenti strumenti.<\/p>\n<h2>PHOTO EDITING CON LUMINAR NEO &#8211; TUTORIAL<\/h2>\n<p>Ecco un breve video che ci mostra le potenzialit\u00e0 di questo programma:<\/p>\n<div id=\"fluid-wrapper-counter-1\" class=\"g1-fluid-wrapper \" style=\"width:686px;\">\n<div style=\"padding-bottom:56.268221574344%;\"><iframe loading=\"lazy\" title=\"Luminar Neo 2025 - Migliore Alternativa a Photoshop e Lightroom per Foto Editing?\" width=\"686\" height=\"386\" src=\"https:\/\/www.youtube.com\/embed\/8AwoUsFLq38?feature=oembed&amp;wmode=transparent&amp;autohide=1&amp;autoplay=0&amp;disablekb=0&amp;fs=1&amp;loop=0&amp;enablejsapi=1&amp;rel=0&amp;controls=2&amp;showinfo=0&amp;wmode=transparent&amp;autohide=2&amp;autoplay=0&amp;disablekb=0&amp;fs=1&amp;loop=0&amp;enablejsapi=1&amp;rel=0&amp;controls=2&amp;showinfo=1\" frameborder=\"0\" allow=\"accelerometer; autoplay; clipboard-write; encrypted-media; gyroscope; picture-in-picture; web-share\" referrerpolicy=\"strict-origin-when-cross-origin\" allowfullscreen><\/iframe><\/div>\n<\/div>\n<h3>LUMINAR NEO &#8211; CARATTERISTICHE<\/h3>\n<p>Vediamo invece le sue principali caratteristiche:<\/p>\n<ul>\n<li><strong>Strumenti di editing<\/strong>: modifica la tua immagine grazie ai numerosi strumenti che offre Skylum (strati, pennelli, mascheratura selettiva, ecc.)<\/li>\n<li><strong>Filtri<\/strong>: scegli il filtro migliore da aggiungere alla tua foto tra i 50 disponibili (es. filtro Sunrays, filtro Orton, ecc.)<\/li>\n<li><strong>Strumento di cronologia<\/strong>: tieni sotto controllo tutte le azioni che fai, torna indietro per effettuare rapidi cambiamenti<\/li>\n<li><strong>Importazione ed esportazione<\/strong>: importa ed esporta le foto in formati come RAW, JPEG, TIFF e molti altri<\/li>\n<li><b>Elaborazione in batch<\/b>: applica le stesse modifiche a tutte le foto che ti interessa modificare<\/li>\n<li><strong>Editor AI<\/strong>: utilizza questi strumenti per effettuare rapide modifiche in pochi clic<\/li>\n<li><strong>Materiale d&#8217;apprendimento<\/strong>: consulta il materiale messo a tua disposizione per apprendere tutto ci\u00f2 che ti \u00e8 utile nell&#8217;uso di questo programma.<\/li>\n<\/ul>\n<div class=\"tlid-results-container results-container\">\n<div class=\"tlid-result result-dict-wrapper\"><\/div>\n<\/div>\n","protected":false},"excerpt":{"rendered":"<p>Luminar Neo \u00e8 un software di fotoritocco molto popolare tra i fotografi professionisti poich\u00e9 offre una serie di strumenti di editing davvero funzionali. Questo photo editor pu\u00f2 essere utilizzato singolarmente o integrato come plug-in a Lightroom, Photoshop o Foto Apple.\u00a0<\/p>\n","protected":false},"author":17,"featured_media":105435,"parent":9097,"menu_order":0,"comment_status":"open","ping_status":"closed","template":"g1_template_page_review_new.php","meta":{"_acf_changed":false,"cwp_meta_box_check":"Yes","cwp_rev_product_name":"","cwp_rev_product_image":"https:\/\/www.accuratereviews.com\/wp-content\/uploads\/2019\/05\/download-e1557826938666.jpg","wppr_links":[],"cwp_rev_price":"","wppr_options":[{"name":"Usability","value":"0"},{"name":"Speed","value":"0"},{"name":"Features","value":"0"},{"name":"Support","value":"0"},{"name":"Pricing","value":"0"}],"wppr_pros":["","","","",""],"wppr_cons":["","","","",""],"_monsterinsights_skip_tracking":false,"_monsterinsights_sitenote_active":false,"_monsterinsights_sitenote_note":"","_monsterinsights_sitenote_category":0,"footnotes":""},"categories":[178],"tags":[596,578,554,569],"features":[],"class_list":{"0":"post-14319","1":"page","2":"type-page","3":"status-publish","4":"has-post-thumbnail","6":"category-photo-editing-it","7":"tag-come-modificare-unimmagine","8":"tag-editare-una-foto","9":"tag-fotoritocco","10":"tag-photo-editing"},"wppr_data":{"cwp_meta_box_check":"Yes","cwp_rev_product_name":"","_wppr_review_template":"default","cwp_rev_product_image":"https:\/\/www.accuratereviews.com\/wp-content\/uploads\/2019\/05\/download-e1557826938666.jpg","cwp_image_link":"image","wppr_links":[],"cwp_rev_price":"","wppr_pros":["","","","",""],"wppr_cons":["","","","",""],"wppr_rating":"0.00","wppr_options":{"1":{"name":"Usability","value":"0"},"2":{"name":"Speed","value":"0"},"3":{"name":"Features","value":"0"},"4":{"name":"Support","value":"0"},"5":{"name":"Pricing","value":"0"}},"wppr_review_type":"Product","wppr_review_custom_fields":{"additionalProperty":"","additionalType":"","aggregateRating":"","alternateName":"","audience":"","award":"","awards":"","brand":"","color":"","depth":"","description":"","disambiguatingDescription":"","gtin12":"","gtin13":"","gtin14":"","gtin8":"","height":"","identifier":"","image":"","isAccessoryOrSparePartFor":"","isConsumableFor":"","isRelatedTo":"","isSimilarTo":"","itemCondition":"","logo":"","mainEntityOfPage":"","manufacturer":"","material":"","model":"","mpn":"","name":"","offers":"","potentialAction":"","productID":"","productionDate":"","purchaseDate":"","releaseDate":"","review":"","reviews":"","sameAs":"","sku":"","slogan":"","subjectOf":"","url":"","weight":"","width":""}},"acf":[],"yoast_head":"<!-- This site is optimized with the Yoast SEO plugin v27.4 - https:\/\/yoast.com\/product\/yoast-seo-wordpress\/ -->\n<title>Luminar Neo: recensione photo editor - Accurate Reviews<\/title>\n<meta name=\"description\" content=\"Luminar Neo: recensione del software di fotoritocco popolare tra i fotografi professionisti, offre una serie di strumenti di editing davvero funzionali\" \/>\n<meta name=\"robots\" content=\"index, follow, max-snippet:-1, max-image-preview:large, max-video-preview:-1\" \/>\n<link rel=\"canonical\" href=\"https:\/\/www.accuratereviews.com\/it\/photo-editing-lista-software\/luminar-neo-recensione\/\" \/>\n<meta property=\"og:locale\" content=\"it_IT\" \/>\n<meta property=\"og:type\" content=\"article\" \/>\n<meta property=\"og:title\" content=\"Luminar Neo: recensione photo editor - Accurate Reviews\" \/>\n<meta property=\"og:description\" content=\"Luminar Neo: recensione del software di fotoritocco popolare tra i fotografi professionisti, offre una serie di strumenti di editing davvero funzionali\" \/>\n<meta property=\"og:url\" content=\"https:\/\/www.accuratereviews.com\/it\/photo-editing-lista-software\/luminar-neo-recensione\/\" \/>\n<meta property=\"og:site_name\" content=\"Accurate Reviews\" \/>\n<meta property=\"article:modified_time\" content=\"2025-12-05T10:29:34+00:00\" \/>\n<meta property=\"og:image\" content=\"https:\/\/www.accuratereviews.com\/wp-content\/uploads\/2025\/12\/image.webp\" \/>\n\t<meta property=\"og:image:width\" content=\"1680\" \/>\n\t<meta property=\"og:image:height\" content=\"930\" \/>\n\t<meta property=\"og:image:type\" content=\"image\/webp\" \/>\n<meta name=\"twitter:card\" content=\"summary_large_image\" \/>\n<meta name=\"twitter:label1\" content=\"Tempo di lettura stimato\" \/>\n\t<meta name=\"twitter:data1\" content=\"3 minuti\" \/>\n<script type=\"application\/ld+json\" class=\"yoast-schema-graph\">{\"@context\":\"https:\\\/\\\/schema.org\",\"@graph\":[{\"@type\":\"WebPage\",\"@id\":\"https:\\\/\\\/www.accuratereviews.com\\\/it\\\/photo-editing-lista-software\\\/luminar-neo-recensione\\\/\",\"url\":\"https:\\\/\\\/www.accuratereviews.com\\\/it\\\/photo-editing-lista-software\\\/luminar-neo-recensione\\\/\",\"name\":\"Luminar Neo: recensione photo editor - Accurate Reviews\",\"isPartOf\":{\"@id\":\"https:\\\/\\\/www.accuratereviews.com\\\/it\\\/#website\"},\"primaryImageOfPage\":{\"@id\":\"https:\\\/\\\/www.accuratereviews.com\\\/it\\\/photo-editing-lista-software\\\/luminar-neo-recensione\\\/#primaryimage\"},\"image\":{\"@id\":\"https:\\\/\\\/www.accuratereviews.com\\\/it\\\/photo-editing-lista-software\\\/luminar-neo-recensione\\\/#primaryimage\"},\"thumbnailUrl\":\"https:\\\/\\\/www.accuratereviews.com\\\/wp-content\\\/uploads\\\/2025\\\/12\\\/image.webp\",\"datePublished\":\"2019-05-14T14:58:05+00:00\",\"dateModified\":\"2025-12-05T10:29:34+00:00\",\"description\":\"Luminar Neo: recensione del software di fotoritocco popolare tra i fotografi professionisti, offre una serie di strumenti di editing davvero funzionali\",\"breadcrumb\":{\"@id\":\"https:\\\/\\\/www.accuratereviews.com\\\/it\\\/photo-editing-lista-software\\\/luminar-neo-recensione\\\/#breadcrumb\"},\"inLanguage\":\"it-IT\",\"potentialAction\":[{\"@type\":\"ReadAction\",\"target\":[\"https:\\\/\\\/www.accuratereviews.com\\\/it\\\/photo-editing-lista-software\\\/luminar-neo-recensione\\\/\"]}]},{\"@type\":\"ImageObject\",\"inLanguage\":\"it-IT\",\"@id\":\"https:\\\/\\\/www.accuratereviews.com\\\/it\\\/photo-editing-lista-software\\\/luminar-neo-recensione\\\/#primaryimage\",\"url\":\"https:\\\/\\\/www.accuratereviews.com\\\/wp-content\\\/uploads\\\/2025\\\/12\\\/image.webp\",\"contentUrl\":\"https:\\\/\\\/www.accuratereviews.com\\\/wp-content\\\/uploads\\\/2025\\\/12\\\/image.webp\",\"width\":1680,\"height\":930},{\"@type\":\"BreadcrumbList\",\"@id\":\"https:\\\/\\\/www.accuratereviews.com\\\/it\\\/photo-editing-lista-software\\\/luminar-neo-recensione\\\/#breadcrumb\",\"itemListElement\":[{\"@type\":\"ListItem\",\"position\":1,\"name\":\"Home\",\"item\":\"https:\\\/\\\/www.accuratereviews.com\\\/it\\\/\"},{\"@type\":\"ListItem\",\"position\":2,\"name\":\"Photo Editing\",\"item\":\"https:\\\/\\\/www.accuratereviews.com\\\/it\\\/photo-editing-lista-software\\\/\"},{\"@type\":\"ListItem\",\"position\":3,\"name\":\"Luminar Neo\"}]},{\"@type\":\"WebSite\",\"@id\":\"https:\\\/\\\/www.accuratereviews.com\\\/it\\\/#website\",\"url\":\"https:\\\/\\\/www.accuratereviews.com\\\/it\\\/\",\"name\":\"Accurate Reviews\",\"description\":\"\",\"potentialAction\":[{\"@type\":\"SearchAction\",\"target\":{\"@type\":\"EntryPoint\",\"urlTemplate\":\"https:\\\/\\\/www.accuratereviews.com\\\/it\\\/?s={search_term_string}\"},\"query-input\":{\"@type\":\"PropertyValueSpecification\",\"valueRequired\":true,\"valueName\":\"search_term_string\"}}],\"inLanguage\":\"it-IT\"}]}<\/script>\n<!-- \/ Yoast SEO plugin. -->","yoast_head_json":{"title":"Luminar Neo: recensione photo editor - Accurate Reviews","description":"Luminar Neo: recensione del software di fotoritocco popolare tra i fotografi professionisti, offre una serie di strumenti di editing davvero funzionali","robots":{"index":"index","follow":"follow","max-snippet":"max-snippet:-1","max-image-preview":"max-image-preview:large","max-video-preview":"max-video-preview:-1"},"canonical":"https:\/\/www.accuratereviews.com\/it\/photo-editing-lista-software\/luminar-neo-recensione\/","og_locale":"it_IT","og_type":"article","og_title":"Luminar Neo: recensione photo editor - Accurate Reviews","og_description":"Luminar Neo: recensione del software di fotoritocco popolare tra i fotografi professionisti, offre una serie di strumenti di editing davvero funzionali","og_url":"https:\/\/www.accuratereviews.com\/it\/photo-editing-lista-software\/luminar-neo-recensione\/","og_site_name":"Accurate Reviews","article_modified_time":"2025-12-05T10:29:34+00:00","og_image":[{"width":1680,"height":930,"url":"https:\/\/www.accuratereviews.com\/wp-content\/uploads\/2025\/12\/image.webp","type":"image\/webp"}],"twitter_card":"summary_large_image","twitter_misc":{"Tempo di lettura stimato":"3 minuti"},"schema":{"@context":"https:\/\/schema.org","@graph":[{"@type":"WebPage","@id":"https:\/\/www.accuratereviews.com\/it\/photo-editing-lista-software\/luminar-neo-recensione\/","url":"https:\/\/www.accuratereviews.com\/it\/photo-editing-lista-software\/luminar-neo-recensione\/","name":"Luminar Neo: recensione photo editor - Accurate Reviews","isPartOf":{"@id":"https:\/\/www.accuratereviews.com\/it\/#website"},"primaryImageOfPage":{"@id":"https:\/\/www.accuratereviews.com\/it\/photo-editing-lista-software\/luminar-neo-recensione\/#primaryimage"},"image":{"@id":"https:\/\/www.accuratereviews.com\/it\/photo-editing-lista-software\/luminar-neo-recensione\/#primaryimage"},"thumbnailUrl":"https:\/\/www.accuratereviews.com\/wp-content\/uploads\/2025\/12\/image.webp","datePublished":"2019-05-14T14:58:05+00:00","dateModified":"2025-12-05T10:29:34+00:00","description":"Luminar Neo: recensione del software di fotoritocco popolare tra i fotografi professionisti, offre una serie di strumenti di editing davvero funzionali","breadcrumb":{"@id":"https:\/\/www.accuratereviews.com\/it\/photo-editing-lista-software\/luminar-neo-recensione\/#breadcrumb"},"inLanguage":"it-IT","potentialAction":[{"@type":"ReadAction","target":["https:\/\/www.accuratereviews.com\/it\/photo-editing-lista-software\/luminar-neo-recensione\/"]}]},{"@type":"ImageObject","inLanguage":"it-IT","@id":"https:\/\/www.accuratereviews.com\/it\/photo-editing-lista-software\/luminar-neo-recensione\/#primaryimage","url":"https:\/\/www.accuratereviews.com\/wp-content\/uploads\/2025\/12\/image.webp","contentUrl":"https:\/\/www.accuratereviews.com\/wp-content\/uploads\/2025\/12\/image.webp","width":1680,"height":930},{"@type":"BreadcrumbList","@id":"https:\/\/www.accuratereviews.com\/it\/photo-editing-lista-software\/luminar-neo-recensione\/#breadcrumb","itemListElement":[{"@type":"ListItem","position":1,"name":"Home","item":"https:\/\/www.accuratereviews.com\/it\/"},{"@type":"ListItem","position":2,"name":"Photo Editing","item":"https:\/\/www.accuratereviews.com\/it\/photo-editing-lista-software\/"},{"@type":"ListItem","position":3,"name":"Luminar Neo"}]},{"@type":"WebSite","@id":"https:\/\/www.accuratereviews.com\/it\/#website","url":"https:\/\/www.accuratereviews.com\/it\/","name":"Accurate Reviews","description":"","potentialAction":[{"@type":"SearchAction","target":{"@type":"EntryPoint","urlTemplate":"https:\/\/www.accuratereviews.com\/it\/?s={search_term_string}"},"query-input":{"@type":"PropertyValueSpecification","valueRequired":true,"valueName":"search_term_string"}}],"inLanguage":"it-IT"}]}},"_links":{"self":[{"href":"https:\/\/www.accuratereviews.com\/it\/wp-json\/wp\/v2\/pages\/14319","targetHints":{"allow":["GET"]}}],"collection":[{"href":"https:\/\/www.accuratereviews.com\/it\/wp-json\/wp\/v2\/pages"}],"about":[{"href":"https:\/\/www.accuratereviews.com\/it\/wp-json\/wp\/v2\/types\/page"}],"author":[{"embeddable":true,"href":"https:\/\/www.accuratereviews.com\/it\/wp-json\/wp\/v2\/users\/17"}],"replies":[{"embeddable":true,"href":"https:\/\/www.accuratereviews.com\/it\/wp-json\/wp\/v2\/comments?post=14319"}],"version-history":[{"count":7,"href":"https:\/\/www.accuratereviews.com\/it\/wp-json\/wp\/v2\/pages\/14319\/revisions"}],"predecessor-version":[{"id":105444,"href":"https:\/\/www.accuratereviews.com\/it\/wp-json\/wp\/v2\/pages\/14319\/revisions\/105444"}],"up":[{"embeddable":true,"href":"https:\/\/www.accuratereviews.com\/it\/wp-json\/wp\/v2\/pages\/9097"}],"wp:featuredmedia":[{"embeddable":true,"href":"https:\/\/www.accuratereviews.com\/it\/wp-json\/wp\/v2\/media\/105435"}],"wp:attachment":[{"href":"https:\/\/www.accuratereviews.com\/it\/wp-json\/wp\/v2\/media?parent=14319"}],"wp:term":[{"taxonomy":"category","embeddable":true,"href":"https:\/\/www.accuratereviews.com\/it\/wp-json\/wp\/v2\/categories?post=14319"},{"taxonomy":"post_tag","embeddable":true,"href":"https:\/\/www.accuratereviews.com\/it\/wp-json\/wp\/v2\/tags?post=14319"},{"taxonomy":"features","embeddable":true,"href":"https:\/\/www.accuratereviews.com\/it\/wp-json\/wp\/v2\/features?post=14319"}],"curies":[{"name":"wp","href":"https:\/\/api.w.org\/{rel}","templated":true}]}}