{"id":14409,"date":"2019-05-15T17:23:52","date_gmt":"2019-05-15T17:23:52","guid":{"rendered":"https:\/\/www.accuratereviews.com\/?page_id=14409"},"modified":"2021-05-05T15:08:47","modified_gmt":"2021-05-05T15:08:47","slug":"acdsee-photo-studio-ultimate-recensione","status":"publish","type":"page","link":"https:\/\/www.accuratereviews.com\/it\/photo-editing-lista-software\/acdsee-photo-studio-ultimate-recensione\/","title":{"rendered":"ACDSee Photo Studio Ultimate"},"content":{"rendered":"<p><strong>ACDSee Photo Studio Ultimate<\/strong> \u00e8 un programma di <strong>editing fotografico<\/strong> arricchito con GPU, che ti consente di realizzare immagini professionali e di ottima qualit\u00e0. Si tratta di una soluzione di <strong>fotoritocco all-in-one<\/strong> che presenta un&#8217;interfaccia abbastanza semplice da usare e con molti strumenti di editing avanzate e all&#8217;avanguardia. Offre inoltre alcune funzioni che ti permettono di organizzare e tenere sotto controllo ogni singola immagine o collezione di pi\u00f9 immagini. Inizialmente comprendere i vari aspetti e il funzionamento di <strong>ACDSee Photo Studio Ultimate\u00a0<\/strong>pu\u00f2 essere difficile, difatti non vi \u00e8 nemmeno la possibilit\u00e0 di lavoro con i livelli come in tanti altri<strong> photo editor<\/strong> e questo rende tutto ancora pi\u00f9 complesso, soprattutto per i principianti che sono alle prime armi con il <strong>photo editing<\/strong>. Tuttavia risulta essere uno dei <strong>migliori software di fotoritocco<\/strong> sul mercato.<\/p>\n<h2>COME EDITARE UN&#8217;IMMAGINE CON ACDSEE PHOTO STUDIO ULTIMATE &#8211; TUTORIAL<\/h2>\n<p>Ecco un breve video che ci mostrer\u00e0 come funziona questo <strong>photo editor<\/strong>:<\/p>\n<div id=\"fluid-wrapper-counter-1\" class=\"g1-fluid-wrapper \" style=\"width:686px;\">\n<div style=\"padding-bottom:56.268221574344%;\"><iframe loading=\"lazy\" width=\"686\" height=\"386\" src=\"https:\/\/www.youtube.com\/embed\/uKmZJLtQ2_w?feature=oembed&amp;wmode=transparent&amp;autohide=1&amp;autoplay=0&amp;disablekb=0&amp;fs=1&amp;loop=0&amp;enablejsapi=1&amp;rel=0&amp;controls=2&amp;showinfo=0&amp;wmode=transparent&amp;autohide=2&amp;autoplay=0&amp;disablekb=0&amp;fs=1&amp;loop=0&amp;enablejsapi=1&amp;rel=0&amp;controls=2&amp;showinfo=1\" frameborder=\"0\" allow=\"accelerometer; autoplay; encrypted-media; gyroscope; picture-in-picture\" allowfullscreen><\/iframe><\/div>\n<\/div>\n<h3>ACDSEE PHOTO STUDIO ULTIMATE &#8211; CARATTERISTICHE<\/h3>\n<p>Diamo un&#8217;occhiata anche alle sue caratteristiche principali:<\/p>\n<ul>\n<li><strong>Strumenti di editing<\/strong>: migliora le tue foto modificandole con tutti gli strumenti a tua disposizione (saturazione, tonalit\u00e0, luminosit\u00e0 e contrasto, sovrapposizioni di colore o modifica della temperatura ecc.)<\/li>\n<li><strong>Modalit\u00e0 bianco e nero<\/strong>: scegli se aumentare o diminuire il contrasto di ogni colore e specificare l&#8217;intervallo di luminosit\u00e0<\/li>\n<li><strong>Modalit\u00e0 Auto Advance<\/strong>: passa automaticamente all&#8217;immagine successiva con un semplice clic<\/li>\n<li><strong>Supporto per HEIF<\/strong><\/li>\n<li><strong>Scorciatoie da tastiera personalizzabili<\/strong>: scegli quali tasti personalizzare per avere accesso a scorciatoie pi\u00f9 rapide<\/li>\n<li><strong>RAW editor<\/strong>: migliora le tue immagini RAW utilizzando strumenti di esposizione, contrasto, colore, nitidezza e altri<\/li>\n<li><strong>Sincronizzazione mobile<\/strong>: invia le tue foto direttamente dal tuo dispositivo (iOS o Android) a ACDSee Photo Studio cos\u00ec da ottimizzare i tempi e rendere tutto pi\u00f9 semplice e accessibile.<\/li>\n<\/ul>\n","protected":false},"excerpt":{"rendered":"<p>ACDSee Photo Studio Ultimate \u00e8 un programma di editing fotografico arricchito con GPU, che ti consente di realizzare immagini professionali e di ottima qualit\u00e0. Si tratta di una soluzione di fotoritocco all-in-one che presenta un&#8217;interfaccia abbastanza semplice da usare e con molti strumenti di editing avanzate e all&#8217;avanguardia.<\/p>\n","protected":false},"author":17,"featured_media":14411,"parent":9097,"menu_order":0,"comment_status":"open","ping_status":"closed","template":"g1_template_page_review_new.php","meta":{"_acf_changed":false,"cwp_meta_box_check":"Yes","cwp_rev_product_name":"","cwp_rev_product_image":"","wppr_links":[],"cwp_rev_price":"","wppr_options":[],"wppr_pros":[],"wppr_cons":[],"_monsterinsights_skip_tracking":false,"_monsterinsights_sitenote_active":false,"_monsterinsights_sitenote_note":"","_monsterinsights_sitenote_category":0,"footnotes":""},"categories":[178],"tags":[439,396,594,602,554,569,570],"features":[],"class_list":{"0":"post-14409","1":"page","2":"type-page","3":"status-publish","4":"has-post-thumbnail","6":"category-photo-editing-it","7":"tag-app-mobile","8":"tag-cloud","9":"tag-come-modificare-una-foto","10":"tag-editare-unimmagine","11":"tag-fotoritocco","12":"tag-photo-editing","13":"tag-photo-editor"},"wppr_data":{"cwp_meta_box_check":"Yes","cwp_rev_product_name":"","cwp_rev_product_image":"","cwp_image_link":"image","cwp_rev_price":"","wppr_rating":"0.00"},"acf":[],"yoast_head":"<!-- This site is optimized with the Yoast SEO plugin v27.4 - https:\/\/yoast.com\/product\/yoast-seo-wordpress\/ -->\n<title>ACDSee Photo Studio Ultimate: recensione - Accurate Reviews<\/title>\n<meta name=\"description\" content=\"ACDSee Photo Studio Ultimate: recensione del programma di editing fotografico arricchito con GPU, che ti consente di realizzare immagini professionali.\" \/>\n<meta name=\"robots\" content=\"index, follow, max-snippet:-1, max-image-preview:large, max-video-preview:-1\" \/>\n<link rel=\"canonical\" href=\"https:\/\/www.accuratereviews.com\/it\/photo-editing-lista-software\/acdsee-photo-studio-ultimate-recensione\/\" \/>\n<meta property=\"og:locale\" content=\"it_IT\" \/>\n<meta property=\"og:type\" content=\"article\" \/>\n<meta property=\"og:title\" content=\"ACDSee Photo Studio Ultimate: recensione - Accurate Reviews\" \/>\n<meta property=\"og:description\" content=\"ACDSee Photo Studio Ultimate: recensione del programma di editing fotografico arricchito con GPU, che ti consente di realizzare immagini professionali.\" \/>\n<meta property=\"og:url\" content=\"https:\/\/www.accuratereviews.com\/it\/photo-editing-lista-software\/acdsee-photo-studio-ultimate-recensione\/\" \/>\n<meta property=\"og:site_name\" content=\"Accurate Reviews\" \/>\n<meta property=\"article:modified_time\" content=\"2021-05-05T15:08:47+00:00\" \/>\n<meta property=\"og:image\" content=\"https:\/\/www.accuratereviews.com\/wp-content\/uploads\/2019\/05\/Schermata-2019-05-15-alle-16.05.44.png\" \/>\n\t<meta property=\"og:image:width\" content=\"1154\" \/>\n\t<meta property=\"og:image:height\" content=\"472\" \/>\n\t<meta property=\"og:image:type\" content=\"image\/png\" \/>\n<meta name=\"twitter:card\" content=\"summary_large_image\" \/>\n<meta name=\"twitter:label1\" content=\"Tempo di lettura stimato\" \/>\n\t<meta name=\"twitter:data1\" content=\"1 minuto\" \/>\n<script type=\"application\/ld+json\" class=\"yoast-schema-graph\">{\"@context\":\"https:\\\/\\\/schema.org\",\"@graph\":[{\"@type\":\"WebPage\",\"@id\":\"https:\\\/\\\/www.accuratereviews.com\\\/it\\\/photo-editing-lista-software\\\/acdsee-photo-studio-ultimate-recensione\\\/\",\"url\":\"https:\\\/\\\/www.accuratereviews.com\\\/it\\\/photo-editing-lista-software\\\/acdsee-photo-studio-ultimate-recensione\\\/\",\"name\":\"ACDSee Photo Studio Ultimate: recensione - Accurate Reviews\",\"isPartOf\":{\"@id\":\"https:\\\/\\\/www.accuratereviews.com\\\/it\\\/#website\"},\"primaryImageOfPage\":{\"@id\":\"https:\\\/\\\/www.accuratereviews.com\\\/it\\\/photo-editing-lista-software\\\/acdsee-photo-studio-ultimate-recensione\\\/#primaryimage\"},\"image\":{\"@id\":\"https:\\\/\\\/www.accuratereviews.com\\\/it\\\/photo-editing-lista-software\\\/acdsee-photo-studio-ultimate-recensione\\\/#primaryimage\"},\"thumbnailUrl\":\"https:\\\/\\\/www.accuratereviews.com\\\/wp-content\\\/uploads\\\/2019\\\/05\\\/Schermata-2019-05-15-alle-16.05.44.png\",\"datePublished\":\"2019-05-15T17:23:52+00:00\",\"dateModified\":\"2021-05-05T15:08:47+00:00\",\"description\":\"ACDSee Photo Studio Ultimate: recensione del programma di editing fotografico arricchito con GPU, che ti consente di realizzare immagini professionali.\",\"breadcrumb\":{\"@id\":\"https:\\\/\\\/www.accuratereviews.com\\\/it\\\/photo-editing-lista-software\\\/acdsee-photo-studio-ultimate-recensione\\\/#breadcrumb\"},\"inLanguage\":\"it-IT\",\"potentialAction\":[{\"@type\":\"ReadAction\",\"target\":[\"https:\\\/\\\/www.accuratereviews.com\\\/it\\\/photo-editing-lista-software\\\/acdsee-photo-studio-ultimate-recensione\\\/\"]}]},{\"@type\":\"ImageObject\",\"inLanguage\":\"it-IT\",\"@id\":\"https:\\\/\\\/www.accuratereviews.com\\\/it\\\/photo-editing-lista-software\\\/acdsee-photo-studio-ultimate-recensione\\\/#primaryimage\",\"url\":\"https:\\\/\\\/www.accuratereviews.com\\\/wp-content\\\/uploads\\\/2019\\\/05\\\/Schermata-2019-05-15-alle-16.05.44.png\",\"contentUrl\":\"https:\\\/\\\/www.accuratereviews.com\\\/wp-content\\\/uploads\\\/2019\\\/05\\\/Schermata-2019-05-15-alle-16.05.44.png\",\"width\":1154,\"height\":472},{\"@type\":\"BreadcrumbList\",\"@id\":\"https:\\\/\\\/www.accuratereviews.com\\\/it\\\/photo-editing-lista-software\\\/acdsee-photo-studio-ultimate-recensione\\\/#breadcrumb\",\"itemListElement\":[{\"@type\":\"ListItem\",\"position\":1,\"name\":\"Home\",\"item\":\"https:\\\/\\\/www.accuratereviews.com\\\/it\\\/\"},{\"@type\":\"ListItem\",\"position\":2,\"name\":\"Photo Editing\",\"item\":\"https:\\\/\\\/www.accuratereviews.com\\\/it\\\/photo-editing-lista-software\\\/\"},{\"@type\":\"ListItem\",\"position\":3,\"name\":\"ACDSee Photo Studio Ultimate\"}]},{\"@type\":\"WebSite\",\"@id\":\"https:\\\/\\\/www.accuratereviews.com\\\/it\\\/#website\",\"url\":\"https:\\\/\\\/www.accuratereviews.com\\\/it\\\/\",\"name\":\"Accurate Reviews\",\"description\":\"\",\"potentialAction\":[{\"@type\":\"SearchAction\",\"target\":{\"@type\":\"EntryPoint\",\"urlTemplate\":\"https:\\\/\\\/www.accuratereviews.com\\\/it\\\/?s={search_term_string}\"},\"query-input\":{\"@type\":\"PropertyValueSpecification\",\"valueRequired\":true,\"valueName\":\"search_term_string\"}}],\"inLanguage\":\"it-IT\"}]}<\/script>\n<!-- \/ Yoast SEO plugin. -->","yoast_head_json":{"title":"ACDSee Photo Studio Ultimate: recensione - Accurate Reviews","description":"ACDSee Photo Studio Ultimate: recensione del programma di editing fotografico arricchito con GPU, che ti consente di realizzare immagini professionali.","robots":{"index":"index","follow":"follow","max-snippet":"max-snippet:-1","max-image-preview":"max-image-preview:large","max-video-preview":"max-video-preview:-1"},"canonical":"https:\/\/www.accuratereviews.com\/it\/photo-editing-lista-software\/acdsee-photo-studio-ultimate-recensione\/","og_locale":"it_IT","og_type":"article","og_title":"ACDSee Photo Studio Ultimate: recensione - Accurate Reviews","og_description":"ACDSee Photo Studio Ultimate: recensione del programma di editing fotografico arricchito con GPU, che ti consente di realizzare immagini professionali.","og_url":"https:\/\/www.accuratereviews.com\/it\/photo-editing-lista-software\/acdsee-photo-studio-ultimate-recensione\/","og_site_name":"Accurate Reviews","article_modified_time":"2021-05-05T15:08:47+00:00","og_image":[{"width":1154,"height":472,"url":"https:\/\/www.accuratereviews.com\/wp-content\/uploads\/2019\/05\/Schermata-2019-05-15-alle-16.05.44.png","type":"image\/png"}],"twitter_card":"summary_large_image","twitter_misc":{"Tempo di lettura stimato":"1 minuto"},"schema":{"@context":"https:\/\/schema.org","@graph":[{"@type":"WebPage","@id":"https:\/\/www.accuratereviews.com\/it\/photo-editing-lista-software\/acdsee-photo-studio-ultimate-recensione\/","url":"https:\/\/www.accuratereviews.com\/it\/photo-editing-lista-software\/acdsee-photo-studio-ultimate-recensione\/","name":"ACDSee Photo Studio Ultimate: recensione - Accurate Reviews","isPartOf":{"@id":"https:\/\/www.accuratereviews.com\/it\/#website"},"primaryImageOfPage":{"@id":"https:\/\/www.accuratereviews.com\/it\/photo-editing-lista-software\/acdsee-photo-studio-ultimate-recensione\/#primaryimage"},"image":{"@id":"https:\/\/www.accuratereviews.com\/it\/photo-editing-lista-software\/acdsee-photo-studio-ultimate-recensione\/#primaryimage"},"thumbnailUrl":"https:\/\/www.accuratereviews.com\/wp-content\/uploads\/2019\/05\/Schermata-2019-05-15-alle-16.05.44.png","datePublished":"2019-05-15T17:23:52+00:00","dateModified":"2021-05-05T15:08:47+00:00","description":"ACDSee Photo Studio Ultimate: recensione del programma di editing fotografico arricchito con GPU, che ti consente di realizzare immagini professionali.","breadcrumb":{"@id":"https:\/\/www.accuratereviews.com\/it\/photo-editing-lista-software\/acdsee-photo-studio-ultimate-recensione\/#breadcrumb"},"inLanguage":"it-IT","potentialAction":[{"@type":"ReadAction","target":["https:\/\/www.accuratereviews.com\/it\/photo-editing-lista-software\/acdsee-photo-studio-ultimate-recensione\/"]}]},{"@type":"ImageObject","inLanguage":"it-IT","@id":"https:\/\/www.accuratereviews.com\/it\/photo-editing-lista-software\/acdsee-photo-studio-ultimate-recensione\/#primaryimage","url":"https:\/\/www.accuratereviews.com\/wp-content\/uploads\/2019\/05\/Schermata-2019-05-15-alle-16.05.44.png","contentUrl":"https:\/\/www.accuratereviews.com\/wp-content\/uploads\/2019\/05\/Schermata-2019-05-15-alle-16.05.44.png","width":1154,"height":472},{"@type":"BreadcrumbList","@id":"https:\/\/www.accuratereviews.com\/it\/photo-editing-lista-software\/acdsee-photo-studio-ultimate-recensione\/#breadcrumb","itemListElement":[{"@type":"ListItem","position":1,"name":"Home","item":"https:\/\/www.accuratereviews.com\/it\/"},{"@type":"ListItem","position":2,"name":"Photo Editing","item":"https:\/\/www.accuratereviews.com\/it\/photo-editing-lista-software\/"},{"@type":"ListItem","position":3,"name":"ACDSee Photo Studio Ultimate"}]},{"@type":"WebSite","@id":"https:\/\/www.accuratereviews.com\/it\/#website","url":"https:\/\/www.accuratereviews.com\/it\/","name":"Accurate Reviews","description":"","potentialAction":[{"@type":"SearchAction","target":{"@type":"EntryPoint","urlTemplate":"https:\/\/www.accuratereviews.com\/it\/?s={search_term_string}"},"query-input":{"@type":"PropertyValueSpecification","valueRequired":true,"valueName":"search_term_string"}}],"inLanguage":"it-IT"}]}},"_links":{"self":[{"href":"https:\/\/www.accuratereviews.com\/it\/wp-json\/wp\/v2\/pages\/14409","targetHints":{"allow":["GET"]}}],"collection":[{"href":"https:\/\/www.accuratereviews.com\/it\/wp-json\/wp\/v2\/pages"}],"about":[{"href":"https:\/\/www.accuratereviews.com\/it\/wp-json\/wp\/v2\/types\/page"}],"author":[{"embeddable":true,"href":"https:\/\/www.accuratereviews.com\/it\/wp-json\/wp\/v2\/users\/17"}],"replies":[{"embeddable":true,"href":"https:\/\/www.accuratereviews.com\/it\/wp-json\/wp\/v2\/comments?post=14409"}],"version-history":[{"count":4,"href":"https:\/\/www.accuratereviews.com\/it\/wp-json\/wp\/v2\/pages\/14409\/revisions"}],"predecessor-version":[{"id":41925,"href":"https:\/\/www.accuratereviews.com\/it\/wp-json\/wp\/v2\/pages\/14409\/revisions\/41925"}],"up":[{"embeddable":true,"href":"https:\/\/www.accuratereviews.com\/it\/wp-json\/wp\/v2\/pages\/9097"}],"wp:featuredmedia":[{"embeddable":true,"href":"https:\/\/www.accuratereviews.com\/it\/wp-json\/wp\/v2\/media\/14411"}],"wp:attachment":[{"href":"https:\/\/www.accuratereviews.com\/it\/wp-json\/wp\/v2\/media?parent=14409"}],"wp:term":[{"taxonomy":"category","embeddable":true,"href":"https:\/\/www.accuratereviews.com\/it\/wp-json\/wp\/v2\/categories?post=14409"},{"taxonomy":"post_tag","embeddable":true,"href":"https:\/\/www.accuratereviews.com\/it\/wp-json\/wp\/v2\/tags?post=14409"},{"taxonomy":"features","embeddable":true,"href":"https:\/\/www.accuratereviews.com\/it\/wp-json\/wp\/v2\/features?post=14409"}],"curies":[{"name":"wp","href":"https:\/\/api.w.org\/{rel}","templated":true}]}}