{"id":14417,"date":"2019-05-15T17:26:09","date_gmt":"2019-05-15T17:26:09","guid":{"rendered":"https:\/\/www.accuratereviews.com\/?page_id=14417"},"modified":"2021-05-05T15:32:25","modified_gmt":"2021-05-05T15:32:25","slug":"sumo-paint-recensione","status":"publish","type":"page","link":"https:\/\/www.accuratereviews.com\/it\/photo-editing-lista-software\/sumo-paint-recensione\/","title":{"rendered":"Sumo Paint"},"content":{"rendered":"<p class=\"tw-data-text tw-ta tw-text-small\" dir=\"ltr\" data-placeholder=\"Traduzione\"><span lang=\"it\" tabindex=\"0\"><strong>Sumo Paint<\/strong> \u00e8 un <strong>software di photo editing online<\/strong>\u00a0che ti consente di gestire il fotoritocco di base e offre un set completo di strumenti per la correzione del colore per il disegno e la progettazione facili da usare. <\/span><span lang=\"it\" tabindex=\"0\">Con questo programma \u00e8 possibile creare nuovi disegni, modificare pi\u00f9 immagini contemporaneamente,<\/span><span lang=\"it\" tabindex=\"0\">\u00a0eseguire il fotoritocco su foto scattate da te. Sono disponibili anche un gran numero di filtri, effetti e pennelli.\u00a0<\/span><span lang=\"it\" tabindex=\"0\"><strong>Sumo Paint<\/strong> offre diversi strumenti di disegno digitale unici, come lo strumento Simmetria consente di creare bellissimi modelli simmetrici e forme geometriche. Ha un&#8217;interfaccia semplice e intuitiva e la versione base \u00e8 completamente gratuita.<\/span><\/p>\n<h2 dir=\"ltr\" data-placeholder=\"Traduzione\">SUMO PAINT &#8211; TUTORIAL<\/h2>\n<p>Il video tutorial che mostriamo ti spiegher\u00e0 come utilizzare questo <strong>software di photo editing<\/strong>:<\/p>\n<div id=\"fluid-wrapper-counter-1\" class=\"g1-fluid-wrapper \" style=\"width:686px;\">\n<div style=\"padding-bottom:56.268221574344%;\"><iframe loading=\"lazy\" width=\"515\" height=\"386\" src=\"https:\/\/www.youtube.com\/embed\/G7zqjaeCgrw?feature=oembed&amp;wmode=transparent&amp;autohide=1&amp;autoplay=0&amp;disablekb=0&amp;fs=1&amp;loop=0&amp;enablejsapi=1&amp;rel=0&amp;controls=2&amp;showinfo=0&amp;wmode=transparent&amp;autohide=2&amp;autoplay=0&amp;disablekb=0&amp;fs=1&amp;loop=0&amp;enablejsapi=1&amp;rel=0&amp;controls=2&amp;showinfo=1\" frameborder=\"0\" allow=\"accelerometer; autoplay; encrypted-media; gyroscope; picture-in-picture\" allowfullscreen><\/iframe><\/div>\n<\/div>\n<h3>SUMO &#8211; CARATTERISTICHE<\/h3>\n<ul>\n<li id=\"tw-target-text\" class=\"tw-data-text tw-ta tw-text-small\" dir=\"ltr\" data-placeholder=\"Traduzione\"><span lang=\"it\" tabindex=\"0\"><strong>Editor di sfumature<\/strong>: modifica rapidamente tonalit\u00e0, saturazione e luminosit\u00e0 \u00a0direttamente nell&#8217;editor del gradiente<\/span><\/li>\n<li class=\"tw-data-text tw-ta tw-text-small\" dir=\"ltr\" data-placeholder=\"Traduzione\"><span lang=\"it\" tabindex=\"0\"><strong>Mappatura Perpective:<\/strong>\u00a0il filtro Tegola prospettica mappa l&#8217;immagine su un piano infinito di tessere. L&#8217;eccezionale funzione di mappatura dei bumb consente la creazione di paesaggi montuosi. <\/span><\/li>\n<li class=\"tw-data-text tw-ta tw-text-small\" dir=\"ltr\" data-placeholder=\"Traduzione\"><span lang=\"it\" tabindex=\"0\"><strong>Designer cubo: <\/strong>crea un cubo, ruotarlo, \u00a0cambiarne le proporzioni, l&#8217;illuminazione di destinazione, ecc. <\/span><\/li>\n<li class=\"tw-data-text tw-ta tw-text-small\" dir=\"ltr\" data-placeholder=\"Traduzione\"><span lang=\"it\" tabindex=\"0\"><strong>Sfocatura lineare:<\/strong>\u00a0nel filtro Sfocatura lineare l&#8217;effetto sfocatura diventa pi\u00f9 intenso all&#8217;aumentare della distanza dal centro. Ci\u00f2 ti consente di simulare facilmente l&#8217;effetto &#8220;profondit\u00e0 di campo&#8221;<\/span><\/li>\n<li class=\"tw-data-text tw-ta tw-text-small\" dir=\"ltr\" data-placeholder=\"Traduzione\"><span lang=\"it\" tabindex=\"0\"><strong>Bump Mapping:<\/strong> il filtro Bump Map sposta la superficie 2D<\/span><span lang=\"it\" tabindex=\"0\">\u00a0creando un grande senso di profondit\u00e0 \/ dettaglio. \u00c8 dotato di un bellissimo effetto luminoso per dare alla superficie un aspetto pi\u00f9 realistico<\/span><\/li>\n<li id=\"tw-target-text\" class=\"tw-data-text tw-ta tw-text-small\" dir=\"ltr\" data-placeholder=\"Traduzione\"><span lang=\"it\" tabindex=\"0\"><strong>Effetti di fulmine:<\/strong>\u00a0questo filtro crea effetti luce e ombra proiettati sull&#8217;immagine, trattandola come se fosse una superficie piatta. La sorgente luminosa pu\u00f2 essere ruotata liberamente. <\/span><\/li>\n<li class=\"tw-data-text tw-ta tw-text-small\" dir=\"ltr\" data-placeholder=\"Traduzione\"><span lang=\"it\" tabindex=\"0\"><strong>Riflessione:<\/strong>\u00a0riflessione realistica su una superficie d&#8217;acqua increspata. L&#8217;oggetto riflesso pu\u00f2 essere ruotato liberamente e le qualit\u00e0 dell&#8217;acqua e del riflesso possono essere alterate. <\/span><\/li>\n<li class=\"tw-data-text tw-ta tw-text-small\" dir=\"ltr\" data-placeholder=\"Traduzione\"><span lang=\"it\" tabindex=\"0\"><strong>Mosaico:<\/strong>\u00a0trasforma l&#8217;immagine in un assemblaggio di forme geometriche. L&#8217;interfaccia dell&#8217;effetto presenta 24 bellissimi motivi a mosaico con molti controlli. <\/span><\/li>\n<li class=\"tw-data-text tw-ta tw-text-small\" dir=\"ltr\" data-placeholder=\"Traduzione\"><span lang=\"it\" tabindex=\"0\"><strong>Riempimento sfumato:<\/strong>\u00a0scegli dalla grande collezione di sfumature di Sumopaint per creare un riempimento sfumato sugli strumenti forma. <\/span><\/li>\n<\/ul>\n","protected":false},"excerpt":{"rendered":"<p>Sumo Paint \u00e8 un software di photo editing online\u00a0che ti consente di gestire il fotoritocco di base e offre un set completo di strumenti per la correzione del colore per il disegno e la progettazione facili da usare. Con questo programma \u00e8 possibile creare nuovi disegni, modificare pi\u00f9 immagini contemporaneamente,\u00a0eseguire il fotoritocco su foto scattate da te. <\/p>\n","protected":false},"author":16,"featured_media":14421,"parent":9097,"menu_order":0,"comment_status":"open","ping_status":"closed","template":"g1_template_page_review_new.php","meta":{"_acf_changed":false,"cwp_meta_box_check":"Yes","cwp_rev_product_name":"","cwp_rev_product_image":"","wppr_links":[],"cwp_rev_price":"","wppr_options":[],"wppr_pros":[],"wppr_cons":[],"_monsterinsights_skip_tracking":false,"_monsterinsights_sitenote_active":false,"_monsterinsights_sitenote_note":"","_monsterinsights_sitenote_category":0,"footnotes":""},"categories":[178],"tags":[557,601,556],"features":[],"class_list":{"0":"post-14417","1":"page","2":"type-page","3":"status-publish","4":"has-post-thumbnail","6":"category-photo-editing-it","7":"tag-programma-photo-editing","8":"tag-software-di-fotoritocco","9":"tag-software-photo-editing"},"wppr_data":{"cwp_meta_box_check":"Yes","cwp_rev_product_name":"","cwp_rev_product_image":"","cwp_image_link":"image","cwp_rev_price":"","wppr_rating":"0.00"},"acf":[],"yoast_head":"<!-- This site is optimized with the Yoast SEO plugin v27.4 - https:\/\/yoast.com\/product\/yoast-seo-wordpress\/ -->\n<title>Sumo Paint: recensione software photo editing - Accurate Reviews<\/title>\n<meta name=\"description\" content=\"Sumo Paint: recensione software di photo editing online\u00a0che ti consente di gestire il fotoritocco di base e molti strumenti per modificare le tue immagini.\" \/>\n<meta name=\"robots\" content=\"index, follow, max-snippet:-1, max-image-preview:large, max-video-preview:-1\" \/>\n<link rel=\"canonical\" href=\"https:\/\/www.accuratereviews.com\/it\/photo-editing-lista-software\/sumo-paint-recensione\/\" \/>\n<meta property=\"og:locale\" content=\"it_IT\" \/>\n<meta property=\"og:type\" content=\"article\" \/>\n<meta property=\"og:title\" content=\"Sumo Paint: recensione software photo editing - Accurate Reviews\" \/>\n<meta property=\"og:description\" content=\"Sumo Paint: recensione software di photo editing online\u00a0che ti consente di gestire il fotoritocco di base e molti strumenti per modificare le tue immagini.\" \/>\n<meta property=\"og:url\" content=\"https:\/\/www.accuratereviews.com\/it\/photo-editing-lista-software\/sumo-paint-recensione\/\" \/>\n<meta property=\"og:site_name\" content=\"Accurate Reviews\" \/>\n<meta property=\"article:modified_time\" content=\"2021-05-05T15:32:25+00:00\" \/>\n<meta property=\"og:image\" content=\"https:\/\/www.accuratereviews.com\/wp-content\/uploads\/2019\/05\/sumopaint2.png\" \/>\n\t<meta property=\"og:image:width\" content=\"300\" \/>\n\t<meta property=\"og:image:height\" content=\"225\" \/>\n\t<meta property=\"og:image:type\" content=\"image\/png\" \/>\n<meta name=\"twitter:card\" content=\"summary_large_image\" \/>\n<meta name=\"twitter:label1\" content=\"Tempo di lettura stimato\" \/>\n\t<meta name=\"twitter:data1\" content=\"2 minuti\" \/>\n<script type=\"application\/ld+json\" class=\"yoast-schema-graph\">{\"@context\":\"https:\\\/\\\/schema.org\",\"@graph\":[{\"@type\":\"WebPage\",\"@id\":\"https:\\\/\\\/www.accuratereviews.com\\\/it\\\/photo-editing-lista-software\\\/sumo-paint-recensione\\\/\",\"url\":\"https:\\\/\\\/www.accuratereviews.com\\\/it\\\/photo-editing-lista-software\\\/sumo-paint-recensione\\\/\",\"name\":\"Sumo Paint: recensione software photo editing - Accurate Reviews\",\"isPartOf\":{\"@id\":\"https:\\\/\\\/www.accuratereviews.com\\\/it\\\/#website\"},\"primaryImageOfPage\":{\"@id\":\"https:\\\/\\\/www.accuratereviews.com\\\/it\\\/photo-editing-lista-software\\\/sumo-paint-recensione\\\/#primaryimage\"},\"image\":{\"@id\":\"https:\\\/\\\/www.accuratereviews.com\\\/it\\\/photo-editing-lista-software\\\/sumo-paint-recensione\\\/#primaryimage\"},\"thumbnailUrl\":\"https:\\\/\\\/www.accuratereviews.com\\\/wp-content\\\/uploads\\\/2019\\\/05\\\/sumopaint2.png\",\"datePublished\":\"2019-05-15T17:26:09+00:00\",\"dateModified\":\"2021-05-05T15:32:25+00:00\",\"description\":\"Sumo Paint: recensione software di photo editing online\u00a0che ti consente di gestire il fotoritocco di base e molti strumenti per modificare le tue immagini.\",\"breadcrumb\":{\"@id\":\"https:\\\/\\\/www.accuratereviews.com\\\/it\\\/photo-editing-lista-software\\\/sumo-paint-recensione\\\/#breadcrumb\"},\"inLanguage\":\"it-IT\",\"potentialAction\":[{\"@type\":\"ReadAction\",\"target\":[\"https:\\\/\\\/www.accuratereviews.com\\\/it\\\/photo-editing-lista-software\\\/sumo-paint-recensione\\\/\"]}]},{\"@type\":\"ImageObject\",\"inLanguage\":\"it-IT\",\"@id\":\"https:\\\/\\\/www.accuratereviews.com\\\/it\\\/photo-editing-lista-software\\\/sumo-paint-recensione\\\/#primaryimage\",\"url\":\"https:\\\/\\\/www.accuratereviews.com\\\/wp-content\\\/uploads\\\/2019\\\/05\\\/sumopaint2.png\",\"contentUrl\":\"https:\\\/\\\/www.accuratereviews.com\\\/wp-content\\\/uploads\\\/2019\\\/05\\\/sumopaint2.png\",\"width\":300,\"height\":225},{\"@type\":\"BreadcrumbList\",\"@id\":\"https:\\\/\\\/www.accuratereviews.com\\\/it\\\/photo-editing-lista-software\\\/sumo-paint-recensione\\\/#breadcrumb\",\"itemListElement\":[{\"@type\":\"ListItem\",\"position\":1,\"name\":\"Home\",\"item\":\"https:\\\/\\\/www.accuratereviews.com\\\/it\\\/\"},{\"@type\":\"ListItem\",\"position\":2,\"name\":\"Photo Editing\",\"item\":\"https:\\\/\\\/www.accuratereviews.com\\\/it\\\/photo-editing-lista-software\\\/\"},{\"@type\":\"ListItem\",\"position\":3,\"name\":\"Sumo Paint\"}]},{\"@type\":\"WebSite\",\"@id\":\"https:\\\/\\\/www.accuratereviews.com\\\/it\\\/#website\",\"url\":\"https:\\\/\\\/www.accuratereviews.com\\\/it\\\/\",\"name\":\"Accurate Reviews\",\"description\":\"\",\"potentialAction\":[{\"@type\":\"SearchAction\",\"target\":{\"@type\":\"EntryPoint\",\"urlTemplate\":\"https:\\\/\\\/www.accuratereviews.com\\\/it\\\/?s={search_term_string}\"},\"query-input\":{\"@type\":\"PropertyValueSpecification\",\"valueRequired\":true,\"valueName\":\"search_term_string\"}}],\"inLanguage\":\"it-IT\"}]}<\/script>\n<!-- \/ Yoast SEO plugin. -->","yoast_head_json":{"title":"Sumo Paint: recensione software photo editing - Accurate Reviews","description":"Sumo Paint: recensione software di photo editing online\u00a0che ti consente di gestire il fotoritocco di base e molti strumenti per modificare le tue immagini.","robots":{"index":"index","follow":"follow","max-snippet":"max-snippet:-1","max-image-preview":"max-image-preview:large","max-video-preview":"max-video-preview:-1"},"canonical":"https:\/\/www.accuratereviews.com\/it\/photo-editing-lista-software\/sumo-paint-recensione\/","og_locale":"it_IT","og_type":"article","og_title":"Sumo Paint: recensione software photo editing - Accurate Reviews","og_description":"Sumo Paint: recensione software di photo editing online\u00a0che ti consente di gestire il fotoritocco di base e molti strumenti per modificare le tue immagini.","og_url":"https:\/\/www.accuratereviews.com\/it\/photo-editing-lista-software\/sumo-paint-recensione\/","og_site_name":"Accurate Reviews","article_modified_time":"2021-05-05T15:32:25+00:00","og_image":[{"width":300,"height":225,"url":"https:\/\/www.accuratereviews.com\/wp-content\/uploads\/2019\/05\/sumopaint2.png","type":"image\/png"}],"twitter_card":"summary_large_image","twitter_misc":{"Tempo di lettura stimato":"2 minuti"},"schema":{"@context":"https:\/\/schema.org","@graph":[{"@type":"WebPage","@id":"https:\/\/www.accuratereviews.com\/it\/photo-editing-lista-software\/sumo-paint-recensione\/","url":"https:\/\/www.accuratereviews.com\/it\/photo-editing-lista-software\/sumo-paint-recensione\/","name":"Sumo Paint: recensione software photo editing - Accurate Reviews","isPartOf":{"@id":"https:\/\/www.accuratereviews.com\/it\/#website"},"primaryImageOfPage":{"@id":"https:\/\/www.accuratereviews.com\/it\/photo-editing-lista-software\/sumo-paint-recensione\/#primaryimage"},"image":{"@id":"https:\/\/www.accuratereviews.com\/it\/photo-editing-lista-software\/sumo-paint-recensione\/#primaryimage"},"thumbnailUrl":"https:\/\/www.accuratereviews.com\/wp-content\/uploads\/2019\/05\/sumopaint2.png","datePublished":"2019-05-15T17:26:09+00:00","dateModified":"2021-05-05T15:32:25+00:00","description":"Sumo Paint: recensione software di photo editing online\u00a0che ti consente di gestire il fotoritocco di base e molti strumenti per modificare le tue immagini.","breadcrumb":{"@id":"https:\/\/www.accuratereviews.com\/it\/photo-editing-lista-software\/sumo-paint-recensione\/#breadcrumb"},"inLanguage":"it-IT","potentialAction":[{"@type":"ReadAction","target":["https:\/\/www.accuratereviews.com\/it\/photo-editing-lista-software\/sumo-paint-recensione\/"]}]},{"@type":"ImageObject","inLanguage":"it-IT","@id":"https:\/\/www.accuratereviews.com\/it\/photo-editing-lista-software\/sumo-paint-recensione\/#primaryimage","url":"https:\/\/www.accuratereviews.com\/wp-content\/uploads\/2019\/05\/sumopaint2.png","contentUrl":"https:\/\/www.accuratereviews.com\/wp-content\/uploads\/2019\/05\/sumopaint2.png","width":300,"height":225},{"@type":"BreadcrumbList","@id":"https:\/\/www.accuratereviews.com\/it\/photo-editing-lista-software\/sumo-paint-recensione\/#breadcrumb","itemListElement":[{"@type":"ListItem","position":1,"name":"Home","item":"https:\/\/www.accuratereviews.com\/it\/"},{"@type":"ListItem","position":2,"name":"Photo Editing","item":"https:\/\/www.accuratereviews.com\/it\/photo-editing-lista-software\/"},{"@type":"ListItem","position":3,"name":"Sumo Paint"}]},{"@type":"WebSite","@id":"https:\/\/www.accuratereviews.com\/it\/#website","url":"https:\/\/www.accuratereviews.com\/it\/","name":"Accurate Reviews","description":"","potentialAction":[{"@type":"SearchAction","target":{"@type":"EntryPoint","urlTemplate":"https:\/\/www.accuratereviews.com\/it\/?s={search_term_string}"},"query-input":{"@type":"PropertyValueSpecification","valueRequired":true,"valueName":"search_term_string"}}],"inLanguage":"it-IT"}]}},"_links":{"self":[{"href":"https:\/\/www.accuratereviews.com\/it\/wp-json\/wp\/v2\/pages\/14417","targetHints":{"allow":["GET"]}}],"collection":[{"href":"https:\/\/www.accuratereviews.com\/it\/wp-json\/wp\/v2\/pages"}],"about":[{"href":"https:\/\/www.accuratereviews.com\/it\/wp-json\/wp\/v2\/types\/page"}],"author":[{"embeddable":true,"href":"https:\/\/www.accuratereviews.com\/it\/wp-json\/wp\/v2\/users\/16"}],"replies":[{"embeddable":true,"href":"https:\/\/www.accuratereviews.com\/it\/wp-json\/wp\/v2\/comments?post=14417"}],"version-history":[{"count":10,"href":"https:\/\/www.accuratereviews.com\/it\/wp-json\/wp\/v2\/pages\/14417\/revisions"}],"predecessor-version":[{"id":41970,"href":"https:\/\/www.accuratereviews.com\/it\/wp-json\/wp\/v2\/pages\/14417\/revisions\/41970"}],"up":[{"embeddable":true,"href":"https:\/\/www.accuratereviews.com\/it\/wp-json\/wp\/v2\/pages\/9097"}],"wp:featuredmedia":[{"embeddable":true,"href":"https:\/\/www.accuratereviews.com\/it\/wp-json\/wp\/v2\/media\/14421"}],"wp:attachment":[{"href":"https:\/\/www.accuratereviews.com\/it\/wp-json\/wp\/v2\/media?parent=14417"}],"wp:term":[{"taxonomy":"category","embeddable":true,"href":"https:\/\/www.accuratereviews.com\/it\/wp-json\/wp\/v2\/categories?post=14417"},{"taxonomy":"post_tag","embeddable":true,"href":"https:\/\/www.accuratereviews.com\/it\/wp-json\/wp\/v2\/tags?post=14417"},{"taxonomy":"features","embeddable":true,"href":"https:\/\/www.accuratereviews.com\/it\/wp-json\/wp\/v2\/features?post=14417"}],"curies":[{"name":"wp","href":"https:\/\/api.w.org\/{rel}","templated":true}]}}