{"id":14657,"date":"2019-05-21T15:04:34","date_gmt":"2019-05-21T15:04:34","guid":{"rendered":"https:\/\/www.accuratereviews.com\/?page_id=14657"},"modified":"2021-05-06T13:38:53","modified_gmt":"2021-05-06T13:38:53","slug":"beyondtrust-remote-support-recensione","status":"publish","type":"page","link":"https:\/\/www.accuratereviews.com\/it\/controllo-remoto-lista-software\/beyondtrust-remote-support-recensione\/","title":{"rendered":"BeyondTrust Remote Support"},"content":{"rendered":"<p id=\"tw-target-text\" class=\"tw-data-text tw-ta tw-text-small\" dir=\"ltr\" data-placeholder=\"Traduzione\"><span lang=\"it\" tabindex=\"0\"><strong>BeyondTrust Remote Support<\/strong> (precedentemente Bomgar Remote Support) \u00e8<strong> un software di accesso remoto <\/strong>che consente un supporto a distanza sicuro e istantaneo ai clienti che utilizzano Windows, Mac, Linux, Android, iOS indipendentemente dal fatto che si trovino o meno nella rete aziendale. Gli utenti possono correggere i sistemi finali o risolvere i problemi utilizzando la condivisione dello schermo, il controllo remoto, l&#8217;accesso non presidiato, la condivisione di file, le annotazioni e la condivisione delle telecamere dei dispositivi mobili. Chat in tempo reale, script predefiniti, strumenti di collaborazione ed escalation migliorano l&#8217;efficienza dei tecnici. Tutte le password sono memorizzate in un vault con sicurezza multi-livello. Ci\u00f2 garantisce che nessun altro oltre al proprietario e quelli con le corrette autorizzazioni di sicurezza siano in grado di accedere a credenziali sensibili.<\/span><\/p>\n<h2 dir=\"ltr\" data-placeholder=\"Traduzione\">BEYONDTRUST REMOTE SUPPORT &#8211; TUTORIAL<\/h2>\n<p>Il tutorial riportato qui sotto ci insegner\u00e0 a utilizzare questo<strong> software di accesso remoto<\/strong>:<\/p>\n<div id=\"fluid-wrapper-counter-1\" class=\"g1-fluid-wrapper \" style=\"width:686px;\">\n<div style=\"padding-bottom:56.268221574344%;\"><iframe loading=\"lazy\" title=\"Securely control &amp; manage remote access to any device - Webinar with Bomgar\" width=\"686\" height=\"386\" src=\"https:\/\/www.youtube.com\/embed\/XFP8Ees8TdU?feature=oembed&amp;wmode=transparent&amp;autohide=1&amp;autoplay=0&amp;disablekb=0&amp;fs=1&amp;loop=0&amp;enablejsapi=1&amp;rel=0&amp;controls=2&amp;showinfo=0&amp;wmode=transparent&amp;autohide=2&amp;autoplay=0&amp;disablekb=0&amp;fs=1&amp;loop=0&amp;enablejsapi=1&amp;rel=0&amp;controls=2&amp;showinfo=1\" frameborder=\"0\" allow=\"accelerometer; autoplay; encrypted-media; gyroscope; picture-in-picture\" allowfullscreen><\/iframe><\/div>\n<\/div>\n<h3><strong>BEYONDTRUST \u00a0REMOTE SUPPORT &#8211; CARATTERISTICHE<\/strong><\/h3>\n<ul>\n<li><span lang=\"it\" tabindex=\"0\"><strong>Supporta pi\u00f9 dispositivi, pi\u00f9 piattaforme, pi\u00f9 persone, pi\u00f9 posizioni:<\/strong> supporto remoto immediato e affidabile agli utenti finali e ai clienti all&#8217;interno o all&#8217;esterno della rete. Ottieni di pi\u00f9 perch\u00e9 sei concentrato sulla risoluzione dei problemi<\/span><\/li>\n<li><span lang=\"it\" tabindex=\"0\"><strong>Fornire un servizio superiore: <\/strong>migliora i livelli di servizio e la soddisfazione del cliente con un supporto remoto continuo e di alta qualit\u00e0 per ogni utente<\/span><\/li>\n<li><span lang=\"it\" tabindex=\"0\"><strong>Proteggi il tuo business<\/strong>: i team di supporto hanno bisogno di accesso amministrativo a desktop e sistemi critici per svolgere il proprio lavoro. La sicurezza dei loro strumenti di accesso remoto \u00e8 fondamentale per proteggere la rete dalle minacce e rispettare le normative di conformit\u00e0<\/span><\/li>\n<li id=\"tw-target-text\" class=\"tw-data-text tw-ta tw-text-small\" dir=\"ltr\" data-placeholder=\"Traduzione\"><span lang=\"it\" tabindex=\"0\"><strong>Integrazioni<\/strong>: il tuo software di supporto remoto dovrebbe adattarsi perfettamente al tuo ambiente lavorativo e aumentare il tuo ritorno sugli investimenti. Sincronizza con Active Directory, i tuoi strumenti ITSM, soluzioni di autenticazione di terze parti, strumenti SIEM o gestori di password per utilizzare funzionalit\u00e0 che ti aiuteranno a ottenere il massimo dal tuo software IT. L&#8217;API aperta rende possibile qualsiasi integrazione personalizzata<\/span><\/li>\n<li id=\"tw-target-text\" class=\"tw-data-text tw-ta tw-text-small\" dir=\"ltr\" data-placeholder=\"Traduzione\"><span lang=\"it\" tabindex=\"0\"><strong>Conformit\u00e0: <\/strong>rispetta le normative sulla conformit\u00e0 con fiducia. Registra automaticamente tutte le attivit\u00e0 della sessione, monitora l&#8217;attivit\u00e0 in tempo reale e genera un registro di controllo dettagliato per la tua prossima verifica senza ostacolare i processi del service desk. Inoltre, sfruttare le registrazioni per la formazione e le presentazioni.<\/span><\/li>\n<\/ul>\n","protected":false},"excerpt":{"rendered":"<p>BeyondTrust Remote Support (precedentemente Bomgar Remote Support) \u00e8 un software di accesso remoto che\u00a0\u00a0consente un supporto a distanza sicuro e istantaneo ai clienti che utilizzano Windows, Mac, Linux, Android, iOS indipendentemente dal fatto che si trovino o meno nella rete aziendale. <\/p>\n","protected":false},"author":16,"featured_media":14673,"parent":14651,"menu_order":0,"comment_status":"open","ping_status":"closed","template":"g1_template_page_review_new.php","meta":{"_acf_changed":false,"cwp_meta_box_check":"Yes","cwp_rev_product_name":"","cwp_rev_product_image":"","wppr_links":[],"cwp_rev_price":"","wppr_options":[],"wppr_pros":[],"wppr_cons":[],"_monsterinsights_skip_tracking":false,"_monsterinsights_sitenote_active":false,"_monsterinsights_sitenote_note":"","_monsterinsights_sitenote_category":0,"footnotes":""},"categories":[625],"tags":[631,630,629],"features":[],"class_list":{"0":"post-14657","1":"page","2":"type-page","3":"status-publish","4":"has-post-thumbnail","6":"category-controllo-remoto","7":"tag-connessioni-protette","8":"tag-programma-accesso-remoto","9":"tag-software-di-accesso-remoto"},"wppr_data":{"cwp_meta_box_check":"Yes","cwp_rev_product_name":"","cwp_rev_product_image":"","cwp_image_link":"image","cwp_rev_price":"","wppr_rating":"0.00"},"acf":[],"yoast_head":"<!-- This site is optimized with the Yoast SEO plugin v27.4 - https:\/\/yoast.com\/product\/yoast-seo-wordpress\/ -->\n<title>BeyondTrust Remote Support: recensione - Accurate Reviews<\/title>\n<meta name=\"description\" content=\"BeyondTrust Remote Support: recensione software di accesso remoto che offre una piattaforma per condurre un accesso remoto controllato e sicuro.\" \/>\n<meta name=\"robots\" content=\"index, follow, max-snippet:-1, max-image-preview:large, max-video-preview:-1\" \/>\n<link rel=\"canonical\" href=\"https:\/\/www.accuratereviews.com\/it\/controllo-remoto-lista-software\/beyondtrust-remote-support-recensione\/\" \/>\n<meta property=\"og:locale\" content=\"it_IT\" \/>\n<meta property=\"og:type\" content=\"article\" \/>\n<meta property=\"og:title\" content=\"BeyondTrust Remote Support: recensione - Accurate Reviews\" \/>\n<meta property=\"og:description\" content=\"BeyondTrust Remote Support: recensione software di accesso remoto che offre una piattaforma per condurre un accesso remoto controllato e sicuro.\" \/>\n<meta property=\"og:url\" content=\"https:\/\/www.accuratereviews.com\/it\/controllo-remoto-lista-software\/beyondtrust-remote-support-recensione\/\" \/>\n<meta property=\"og:site_name\" content=\"Accurate Reviews\" \/>\n<meta property=\"article:modified_time\" content=\"2021-05-06T13:38:53+00:00\" \/>\n<meta property=\"og:image\" content=\"https:\/\/www.accuratereviews.com\/wp-content\/uploads\/2019\/05\/beyondtrust.png\" \/>\n\t<meta property=\"og:image:width\" content=\"400\" \/>\n\t<meta property=\"og:image:height\" content=\"270\" \/>\n\t<meta property=\"og:image:type\" content=\"image\/png\" \/>\n<meta name=\"twitter:card\" content=\"summary_large_image\" \/>\n<meta name=\"twitter:label1\" content=\"Tempo di lettura stimato\" \/>\n\t<meta name=\"twitter:data1\" content=\"2 minuti\" \/>\n<script type=\"application\/ld+json\" class=\"yoast-schema-graph\">{\"@context\":\"https:\\\/\\\/schema.org\",\"@graph\":[{\"@type\":\"WebPage\",\"@id\":\"https:\\\/\\\/www.accuratereviews.com\\\/it\\\/controllo-remoto-lista-software\\\/beyondtrust-remote-support-recensione\\\/\",\"url\":\"https:\\\/\\\/www.accuratereviews.com\\\/it\\\/controllo-remoto-lista-software\\\/beyondtrust-remote-support-recensione\\\/\",\"name\":\"BeyondTrust Remote Support: recensione - Accurate Reviews\",\"isPartOf\":{\"@id\":\"https:\\\/\\\/www.accuratereviews.com\\\/it\\\/#website\"},\"primaryImageOfPage\":{\"@id\":\"https:\\\/\\\/www.accuratereviews.com\\\/it\\\/controllo-remoto-lista-software\\\/beyondtrust-remote-support-recensione\\\/#primaryimage\"},\"image\":{\"@id\":\"https:\\\/\\\/www.accuratereviews.com\\\/it\\\/controllo-remoto-lista-software\\\/beyondtrust-remote-support-recensione\\\/#primaryimage\"},\"thumbnailUrl\":\"https:\\\/\\\/www.accuratereviews.com\\\/wp-content\\\/uploads\\\/2019\\\/05\\\/beyondtrust.png\",\"datePublished\":\"2019-05-21T15:04:34+00:00\",\"dateModified\":\"2021-05-06T13:38:53+00:00\",\"description\":\"BeyondTrust Remote Support: recensione software di accesso remoto che offre una piattaforma per condurre un accesso remoto controllato e sicuro.\",\"breadcrumb\":{\"@id\":\"https:\\\/\\\/www.accuratereviews.com\\\/it\\\/controllo-remoto-lista-software\\\/beyondtrust-remote-support-recensione\\\/#breadcrumb\"},\"inLanguage\":\"it-IT\",\"potentialAction\":[{\"@type\":\"ReadAction\",\"target\":[\"https:\\\/\\\/www.accuratereviews.com\\\/it\\\/controllo-remoto-lista-software\\\/beyondtrust-remote-support-recensione\\\/\"]}]},{\"@type\":\"ImageObject\",\"inLanguage\":\"it-IT\",\"@id\":\"https:\\\/\\\/www.accuratereviews.com\\\/it\\\/controllo-remoto-lista-software\\\/beyondtrust-remote-support-recensione\\\/#primaryimage\",\"url\":\"https:\\\/\\\/www.accuratereviews.com\\\/wp-content\\\/uploads\\\/2019\\\/05\\\/beyondtrust.png\",\"contentUrl\":\"https:\\\/\\\/www.accuratereviews.com\\\/wp-content\\\/uploads\\\/2019\\\/05\\\/beyondtrust.png\",\"width\":400,\"height\":270},{\"@type\":\"BreadcrumbList\",\"@id\":\"https:\\\/\\\/www.accuratereviews.com\\\/it\\\/controllo-remoto-lista-software\\\/beyondtrust-remote-support-recensione\\\/#breadcrumb\",\"itemListElement\":[{\"@type\":\"ListItem\",\"position\":1,\"name\":\"Home\",\"item\":\"https:\\\/\\\/www.accuratereviews.com\\\/it\\\/\"},{\"@type\":\"ListItem\",\"position\":2,\"name\":\"Software per il controllo remoto\",\"item\":\"https:\\\/\\\/www.accuratereviews.com\\\/it\\\/controllo-remoto-lista-software\\\/\"},{\"@type\":\"ListItem\",\"position\":3,\"name\":\"BeyondTrust Remote Support\"}]},{\"@type\":\"WebSite\",\"@id\":\"https:\\\/\\\/www.accuratereviews.com\\\/it\\\/#website\",\"url\":\"https:\\\/\\\/www.accuratereviews.com\\\/it\\\/\",\"name\":\"Accurate Reviews\",\"description\":\"\",\"potentialAction\":[{\"@type\":\"SearchAction\",\"target\":{\"@type\":\"EntryPoint\",\"urlTemplate\":\"https:\\\/\\\/www.accuratereviews.com\\\/it\\\/?s={search_term_string}\"},\"query-input\":{\"@type\":\"PropertyValueSpecification\",\"valueRequired\":true,\"valueName\":\"search_term_string\"}}],\"inLanguage\":\"it-IT\"}]}<\/script>\n<!-- \/ Yoast SEO plugin. -->","yoast_head_json":{"title":"BeyondTrust Remote Support: recensione - Accurate Reviews","description":"BeyondTrust Remote Support: recensione software di accesso remoto che offre una piattaforma per condurre un accesso remoto controllato e sicuro.","robots":{"index":"index","follow":"follow","max-snippet":"max-snippet:-1","max-image-preview":"max-image-preview:large","max-video-preview":"max-video-preview:-1"},"canonical":"https:\/\/www.accuratereviews.com\/it\/controllo-remoto-lista-software\/beyondtrust-remote-support-recensione\/","og_locale":"it_IT","og_type":"article","og_title":"BeyondTrust Remote Support: recensione - Accurate Reviews","og_description":"BeyondTrust Remote Support: recensione software di accesso remoto che offre una piattaforma per condurre un accesso remoto controllato e sicuro.","og_url":"https:\/\/www.accuratereviews.com\/it\/controllo-remoto-lista-software\/beyondtrust-remote-support-recensione\/","og_site_name":"Accurate Reviews","article_modified_time":"2021-05-06T13:38:53+00:00","og_image":[{"width":400,"height":270,"url":"https:\/\/www.accuratereviews.com\/wp-content\/uploads\/2019\/05\/beyondtrust.png","type":"image\/png"}],"twitter_card":"summary_large_image","twitter_misc":{"Tempo di lettura stimato":"2 minuti"},"schema":{"@context":"https:\/\/schema.org","@graph":[{"@type":"WebPage","@id":"https:\/\/www.accuratereviews.com\/it\/controllo-remoto-lista-software\/beyondtrust-remote-support-recensione\/","url":"https:\/\/www.accuratereviews.com\/it\/controllo-remoto-lista-software\/beyondtrust-remote-support-recensione\/","name":"BeyondTrust Remote Support: recensione - Accurate Reviews","isPartOf":{"@id":"https:\/\/www.accuratereviews.com\/it\/#website"},"primaryImageOfPage":{"@id":"https:\/\/www.accuratereviews.com\/it\/controllo-remoto-lista-software\/beyondtrust-remote-support-recensione\/#primaryimage"},"image":{"@id":"https:\/\/www.accuratereviews.com\/it\/controllo-remoto-lista-software\/beyondtrust-remote-support-recensione\/#primaryimage"},"thumbnailUrl":"https:\/\/www.accuratereviews.com\/wp-content\/uploads\/2019\/05\/beyondtrust.png","datePublished":"2019-05-21T15:04:34+00:00","dateModified":"2021-05-06T13:38:53+00:00","description":"BeyondTrust Remote Support: recensione software di accesso remoto che offre una piattaforma per condurre un accesso remoto controllato e sicuro.","breadcrumb":{"@id":"https:\/\/www.accuratereviews.com\/it\/controllo-remoto-lista-software\/beyondtrust-remote-support-recensione\/#breadcrumb"},"inLanguage":"it-IT","potentialAction":[{"@type":"ReadAction","target":["https:\/\/www.accuratereviews.com\/it\/controllo-remoto-lista-software\/beyondtrust-remote-support-recensione\/"]}]},{"@type":"ImageObject","inLanguage":"it-IT","@id":"https:\/\/www.accuratereviews.com\/it\/controllo-remoto-lista-software\/beyondtrust-remote-support-recensione\/#primaryimage","url":"https:\/\/www.accuratereviews.com\/wp-content\/uploads\/2019\/05\/beyondtrust.png","contentUrl":"https:\/\/www.accuratereviews.com\/wp-content\/uploads\/2019\/05\/beyondtrust.png","width":400,"height":270},{"@type":"BreadcrumbList","@id":"https:\/\/www.accuratereviews.com\/it\/controllo-remoto-lista-software\/beyondtrust-remote-support-recensione\/#breadcrumb","itemListElement":[{"@type":"ListItem","position":1,"name":"Home","item":"https:\/\/www.accuratereviews.com\/it\/"},{"@type":"ListItem","position":2,"name":"Software per il controllo remoto","item":"https:\/\/www.accuratereviews.com\/it\/controllo-remoto-lista-software\/"},{"@type":"ListItem","position":3,"name":"BeyondTrust Remote Support"}]},{"@type":"WebSite","@id":"https:\/\/www.accuratereviews.com\/it\/#website","url":"https:\/\/www.accuratereviews.com\/it\/","name":"Accurate Reviews","description":"","potentialAction":[{"@type":"SearchAction","target":{"@type":"EntryPoint","urlTemplate":"https:\/\/www.accuratereviews.com\/it\/?s={search_term_string}"},"query-input":{"@type":"PropertyValueSpecification","valueRequired":true,"valueName":"search_term_string"}}],"inLanguage":"it-IT"}]}},"_links":{"self":[{"href":"https:\/\/www.accuratereviews.com\/it\/wp-json\/wp\/v2\/pages\/14657","targetHints":{"allow":["GET"]}}],"collection":[{"href":"https:\/\/www.accuratereviews.com\/it\/wp-json\/wp\/v2\/pages"}],"about":[{"href":"https:\/\/www.accuratereviews.com\/it\/wp-json\/wp\/v2\/types\/page"}],"author":[{"embeddable":true,"href":"https:\/\/www.accuratereviews.com\/it\/wp-json\/wp\/v2\/users\/16"}],"replies":[{"embeddable":true,"href":"https:\/\/www.accuratereviews.com\/it\/wp-json\/wp\/v2\/comments?post=14657"}],"version-history":[{"count":14,"href":"https:\/\/www.accuratereviews.com\/it\/wp-json\/wp\/v2\/pages\/14657\/revisions"}],"predecessor-version":[{"id":42032,"href":"https:\/\/www.accuratereviews.com\/it\/wp-json\/wp\/v2\/pages\/14657\/revisions\/42032"}],"up":[{"embeddable":true,"href":"https:\/\/www.accuratereviews.com\/it\/wp-json\/wp\/v2\/pages\/14651"}],"wp:featuredmedia":[{"embeddable":true,"href":"https:\/\/www.accuratereviews.com\/it\/wp-json\/wp\/v2\/media\/14673"}],"wp:attachment":[{"href":"https:\/\/www.accuratereviews.com\/it\/wp-json\/wp\/v2\/media?parent=14657"}],"wp:term":[{"taxonomy":"category","embeddable":true,"href":"https:\/\/www.accuratereviews.com\/it\/wp-json\/wp\/v2\/categories?post=14657"},{"taxonomy":"post_tag","embeddable":true,"href":"https:\/\/www.accuratereviews.com\/it\/wp-json\/wp\/v2\/tags?post=14657"},{"taxonomy":"features","embeddable":true,"href":"https:\/\/www.accuratereviews.com\/it\/wp-json\/wp\/v2\/features?post=14657"}],"curies":[{"name":"wp","href":"https:\/\/api.w.org\/{rel}","templated":true}]}}