{"id":14662,"date":"2019-05-21T15:01:57","date_gmt":"2019-05-21T15:01:57","guid":{"rendered":"https:\/\/www.accuratereviews.com\/?page_id=14662"},"modified":"2021-05-07T13:05:22","modified_gmt":"2021-05-07T13:05:22","slug":"realvnc-recensione","status":"publish","type":"page","link":"https:\/\/www.accuratereviews.com\/it\/controllo-remoto-lista-software\/realvnc-recensione\/","title":{"rendered":"RealVNC"},"content":{"rendered":"<p><strong>RealVNC<\/strong> \u00e8 un programma che ti permette di <strong>controllare da remoto<\/strong> il tuo computer collegando pi\u00f9 persone e pi\u00f9 dispositivi tra loro seppur lontani, risparmiando cos\u00ec tempo, risorse e dimezzando i costi. \u00c8 quindi possibile integrare l&#8217;<strong>accesso remoto<\/strong> in modo sicuro, e in tempo reale, ai propri dispositivi, sia desktop che mobile (per utenti iOS e Android). Risulta semplice da usare e offre pi\u00f9 versioni: una gratuita, Home, con un <strong>controllo remoto<\/strong> pi\u00f9 basico e utilizzabile per scopi unicamente personali e due a pagamento, Business e Enterprise, che sono pi\u00f9 complete e dispongono di funzioni avanzate e sono utilizzabili anche per scopi commerciali. \u00c8 compatibile con i principali sistemi operativi (Windows, Linux, Mac e Raspberry Pi), sicuro e con un supporto clienti sempre disponibile e davvero efficiente.<\/p>\n<h2>COME CONTROLLARE DA REMOTO IL COMPUTER CON REALVNC &#8211; TUTORIAL<\/h2>\n<p>Diamo un&#8217;occhiata a questo breve tutorial per comprendere come funziona questo software:<\/p>\n<div id=\"fluid-wrapper-counter-1\" class=\"g1-fluid-wrapper \" style=\"width:686px;\">\n<div style=\"padding-bottom:56.268221574344%;\"><iframe loading=\"lazy\" width=\"686\" height=\"386\" src=\"https:\/\/www.youtube.com\/embed\/U7RU1oIyySY?feature=oembed&amp;wmode=transparent&amp;autohide=1&amp;autoplay=0&amp;disablekb=0&amp;fs=1&amp;loop=0&amp;enablejsapi=1&amp;rel=0&amp;controls=2&amp;showinfo=0&amp;wmode=transparent&amp;autohide=2&amp;autoplay=0&amp;disablekb=0&amp;fs=1&amp;loop=0&amp;enablejsapi=1&amp;rel=0&amp;controls=2&amp;showinfo=1\" frameborder=\"0\" allow=\"accelerometer; autoplay; encrypted-media; gyroscope; picture-in-picture\" allowfullscreen><\/iframe><\/div>\n<\/div>\n<h3>REALVNC &#8211; CARATTERISTICHE<\/h3>\n<p>Di seguito le principali caratteristiche di RealVNC:<\/p>\n<ul>\n<li><strong>Gestione accesso remoto<\/strong>: gestisci i computer remoti e il tuo team<\/li>\n<li class=\"p1\"><strong>Telecomando intuitivo<\/strong>: utilizza il mouse e la tastiera come se fossero collegate al computer remoto<\/li>\n<li><strong>Condivisione dello schermo<\/strong>: comunica direttamente con gli altri come se fossi realmente sul posto con il tuo team<\/li>\n<li><strong>Funzionalit\u00e0 Cloud<\/strong>: accedi a Cloud da qualsiasi dispositivo e ovunque tu ti trovi<\/li>\n<li><strong>Trasferimento file<\/strong>: invia e condividi file con il tuo team<\/li>\n<li><strong>Stampa<\/strong>: stampa i tuoi file su una stampante vicina a quella che fornisce VNC<\/li>\n<li><strong>Chat<\/strong>: chatta con gli utenti presenti e connessi contemporaneamente<\/li>\n<li><strong>Supporto multipiattaforma<\/strong>: collega tutti i tuoi PC e dispositivi mobile (Mac, Linux, Windows, Raspberry Pi, iOS e Android)<\/li>\n<li><strong>Supporto multilingue<\/strong>: disponibile in francese, tedesco, spagnolo, portoghese brasiliano e inglese<\/li>\n<li><strong>Assistenza clienti<\/strong>: fai affidamento sul supporto clienti, sempre disponibile per risolvere ogni tuo dubbio o problema.<\/li>\n<\/ul>\n","protected":false},"excerpt":{"rendered":"<p>RealVNC \u00e8 un programma che ti permette di controllare da remoto il tuo computer collegando pi\u00f9 persone e pi\u00f9 dispositivi tra loro seppur lontani, risparmiando cos\u00ec tempo, risorse e dimezzando i costi. \u00c8 quindi possibile integrare l&#8217;accesso remoto in modo sicuro, e in tempo reale, ai propri dispositivi, sia Desktop che mobile (per utenti iOS e Android).<\/p>\n","protected":false},"author":17,"featured_media":14665,"parent":14651,"menu_order":0,"comment_status":"open","ping_status":"closed","template":"g1_template_page_review_new.php","meta":{"_acf_changed":false,"cwp_meta_box_check":"Yes","cwp_rev_product_name":"","cwp_rev_product_image":"","wppr_links":[],"cwp_rev_price":"","wppr_options":[],"wppr_pros":[],"wppr_cons":[],"_monsterinsights_skip_tracking":false,"_monsterinsights_sitenote_active":false,"_monsterinsights_sitenote_note":"","_monsterinsights_sitenote_category":0,"footnotes":""},"categories":[625],"tags":[634,635,633,629],"features":[],"class_list":{"0":"post-14662","1":"page","2":"type-page","3":"status-publish","4":"has-post-thumbnail","6":"category-controllo-remoto","7":"tag-accesso-remoto","8":"tag-come-controllare-da-remoto","9":"tag-controllo-remoto","10":"tag-software-di-accesso-remoto"},"wppr_data":{"cwp_meta_box_check":"Yes","cwp_rev_product_name":"","cwp_rev_product_image":"","cwp_image_link":"image","cwp_rev_price":"","wppr_rating":"0.00"},"acf":[],"yoast_head":"<!-- This site is optimized with the Yoast SEO plugin v27.4 - https:\/\/yoast.com\/product\/yoast-seo-wordpress\/ -->\n<title>RealVNC: recensione software per il controllo remoto - Accurate Reviews<\/title>\n<meta name=\"description\" content=\"RealVNC: recensione del programma che ti permette di controllare da remoto il tuo PC, collegando pi\u00f9 persone e pi\u00f9 dispositivi tra loro seppur lontani.\" \/>\n<meta name=\"robots\" content=\"index, follow, max-snippet:-1, max-image-preview:large, max-video-preview:-1\" \/>\n<link rel=\"canonical\" href=\"https:\/\/www.accuratereviews.com\/it\/controllo-remoto-lista-software\/realvnc-recensione\/\" \/>\n<meta property=\"og:locale\" content=\"it_IT\" \/>\n<meta property=\"og:type\" content=\"article\" \/>\n<meta property=\"og:title\" content=\"RealVNC: recensione software per il controllo remoto - Accurate Reviews\" \/>\n<meta property=\"og:description\" content=\"RealVNC: recensione del programma che ti permette di controllare da remoto il tuo PC, collegando pi\u00f9 persone e pi\u00f9 dispositivi tra loro seppur lontani.\" \/>\n<meta property=\"og:url\" content=\"https:\/\/www.accuratereviews.com\/it\/controllo-remoto-lista-software\/realvnc-recensione\/\" \/>\n<meta property=\"og:site_name\" content=\"Accurate Reviews\" \/>\n<meta property=\"article:modified_time\" content=\"2021-05-07T13:05:22+00:00\" \/>\n<meta property=\"og:image\" content=\"https:\/\/www.accuratereviews.com\/wp-content\/uploads\/2019\/05\/realvnc.png\" \/>\n\t<meta property=\"og:image:width\" content=\"3000\" \/>\n\t<meta property=\"og:image:height\" content=\"613\" \/>\n\t<meta property=\"og:image:type\" content=\"image\/png\" \/>\n<meta name=\"twitter:card\" content=\"summary_large_image\" \/>\n<meta name=\"twitter:label1\" content=\"Tempo di lettura stimato\" \/>\n\t<meta name=\"twitter:data1\" content=\"2 minuti\" \/>\n<script type=\"application\/ld+json\" class=\"yoast-schema-graph\">{\"@context\":\"https:\\\/\\\/schema.org\",\"@graph\":[{\"@type\":\"WebPage\",\"@id\":\"https:\\\/\\\/www.accuratereviews.com\\\/it\\\/controllo-remoto-lista-software\\\/realvnc-recensione\\\/\",\"url\":\"https:\\\/\\\/www.accuratereviews.com\\\/it\\\/controllo-remoto-lista-software\\\/realvnc-recensione\\\/\",\"name\":\"RealVNC: recensione software per il controllo remoto - Accurate Reviews\",\"isPartOf\":{\"@id\":\"https:\\\/\\\/www.accuratereviews.com\\\/it\\\/#website\"},\"primaryImageOfPage\":{\"@id\":\"https:\\\/\\\/www.accuratereviews.com\\\/it\\\/controllo-remoto-lista-software\\\/realvnc-recensione\\\/#primaryimage\"},\"image\":{\"@id\":\"https:\\\/\\\/www.accuratereviews.com\\\/it\\\/controllo-remoto-lista-software\\\/realvnc-recensione\\\/#primaryimage\"},\"thumbnailUrl\":\"https:\\\/\\\/www.accuratereviews.com\\\/wp-content\\\/uploads\\\/2019\\\/05\\\/realvnc.png\",\"datePublished\":\"2019-05-21T15:01:57+00:00\",\"dateModified\":\"2021-05-07T13:05:22+00:00\",\"description\":\"RealVNC: recensione del programma che ti permette di controllare da remoto il tuo PC, collegando pi\u00f9 persone e pi\u00f9 dispositivi tra loro seppur lontani.\",\"breadcrumb\":{\"@id\":\"https:\\\/\\\/www.accuratereviews.com\\\/it\\\/controllo-remoto-lista-software\\\/realvnc-recensione\\\/#breadcrumb\"},\"inLanguage\":\"it-IT\",\"potentialAction\":[{\"@type\":\"ReadAction\",\"target\":[\"https:\\\/\\\/www.accuratereviews.com\\\/it\\\/controllo-remoto-lista-software\\\/realvnc-recensione\\\/\"]}]},{\"@type\":\"ImageObject\",\"inLanguage\":\"it-IT\",\"@id\":\"https:\\\/\\\/www.accuratereviews.com\\\/it\\\/controllo-remoto-lista-software\\\/realvnc-recensione\\\/#primaryimage\",\"url\":\"https:\\\/\\\/www.accuratereviews.com\\\/wp-content\\\/uploads\\\/2019\\\/05\\\/realvnc.png\",\"contentUrl\":\"https:\\\/\\\/www.accuratereviews.com\\\/wp-content\\\/uploads\\\/2019\\\/05\\\/realvnc.png\",\"width\":3000,\"height\":613},{\"@type\":\"BreadcrumbList\",\"@id\":\"https:\\\/\\\/www.accuratereviews.com\\\/it\\\/controllo-remoto-lista-software\\\/realvnc-recensione\\\/#breadcrumb\",\"itemListElement\":[{\"@type\":\"ListItem\",\"position\":1,\"name\":\"Home\",\"item\":\"https:\\\/\\\/www.accuratereviews.com\\\/it\\\/\"},{\"@type\":\"ListItem\",\"position\":2,\"name\":\"Software per il controllo remoto\",\"item\":\"https:\\\/\\\/www.accuratereviews.com\\\/it\\\/controllo-remoto-lista-software\\\/\"},{\"@type\":\"ListItem\",\"position\":3,\"name\":\"RealVNC\"}]},{\"@type\":\"WebSite\",\"@id\":\"https:\\\/\\\/www.accuratereviews.com\\\/it\\\/#website\",\"url\":\"https:\\\/\\\/www.accuratereviews.com\\\/it\\\/\",\"name\":\"Accurate Reviews\",\"description\":\"\",\"potentialAction\":[{\"@type\":\"SearchAction\",\"target\":{\"@type\":\"EntryPoint\",\"urlTemplate\":\"https:\\\/\\\/www.accuratereviews.com\\\/it\\\/?s={search_term_string}\"},\"query-input\":{\"@type\":\"PropertyValueSpecification\",\"valueRequired\":true,\"valueName\":\"search_term_string\"}}],\"inLanguage\":\"it-IT\"}]}<\/script>\n<!-- \/ Yoast SEO plugin. -->","yoast_head_json":{"title":"RealVNC: recensione software per il controllo remoto - Accurate Reviews","description":"RealVNC: recensione del programma che ti permette di controllare da remoto il tuo PC, collegando pi\u00f9 persone e pi\u00f9 dispositivi tra loro seppur lontani.","robots":{"index":"index","follow":"follow","max-snippet":"max-snippet:-1","max-image-preview":"max-image-preview:large","max-video-preview":"max-video-preview:-1"},"canonical":"https:\/\/www.accuratereviews.com\/it\/controllo-remoto-lista-software\/realvnc-recensione\/","og_locale":"it_IT","og_type":"article","og_title":"RealVNC: recensione software per il controllo remoto - Accurate Reviews","og_description":"RealVNC: recensione del programma che ti permette di controllare da remoto il tuo PC, collegando pi\u00f9 persone e pi\u00f9 dispositivi tra loro seppur lontani.","og_url":"https:\/\/www.accuratereviews.com\/it\/controllo-remoto-lista-software\/realvnc-recensione\/","og_site_name":"Accurate Reviews","article_modified_time":"2021-05-07T13:05:22+00:00","og_image":[{"width":3000,"height":613,"url":"https:\/\/www.accuratereviews.com\/wp-content\/uploads\/2019\/05\/realvnc.png","type":"image\/png"}],"twitter_card":"summary_large_image","twitter_misc":{"Tempo di lettura stimato":"2 minuti"},"schema":{"@context":"https:\/\/schema.org","@graph":[{"@type":"WebPage","@id":"https:\/\/www.accuratereviews.com\/it\/controllo-remoto-lista-software\/realvnc-recensione\/","url":"https:\/\/www.accuratereviews.com\/it\/controllo-remoto-lista-software\/realvnc-recensione\/","name":"RealVNC: recensione software per il controllo remoto - Accurate Reviews","isPartOf":{"@id":"https:\/\/www.accuratereviews.com\/it\/#website"},"primaryImageOfPage":{"@id":"https:\/\/www.accuratereviews.com\/it\/controllo-remoto-lista-software\/realvnc-recensione\/#primaryimage"},"image":{"@id":"https:\/\/www.accuratereviews.com\/it\/controllo-remoto-lista-software\/realvnc-recensione\/#primaryimage"},"thumbnailUrl":"https:\/\/www.accuratereviews.com\/wp-content\/uploads\/2019\/05\/realvnc.png","datePublished":"2019-05-21T15:01:57+00:00","dateModified":"2021-05-07T13:05:22+00:00","description":"RealVNC: recensione del programma che ti permette di controllare da remoto il tuo PC, collegando pi\u00f9 persone e pi\u00f9 dispositivi tra loro seppur lontani.","breadcrumb":{"@id":"https:\/\/www.accuratereviews.com\/it\/controllo-remoto-lista-software\/realvnc-recensione\/#breadcrumb"},"inLanguage":"it-IT","potentialAction":[{"@type":"ReadAction","target":["https:\/\/www.accuratereviews.com\/it\/controllo-remoto-lista-software\/realvnc-recensione\/"]}]},{"@type":"ImageObject","inLanguage":"it-IT","@id":"https:\/\/www.accuratereviews.com\/it\/controllo-remoto-lista-software\/realvnc-recensione\/#primaryimage","url":"https:\/\/www.accuratereviews.com\/wp-content\/uploads\/2019\/05\/realvnc.png","contentUrl":"https:\/\/www.accuratereviews.com\/wp-content\/uploads\/2019\/05\/realvnc.png","width":3000,"height":613},{"@type":"BreadcrumbList","@id":"https:\/\/www.accuratereviews.com\/it\/controllo-remoto-lista-software\/realvnc-recensione\/#breadcrumb","itemListElement":[{"@type":"ListItem","position":1,"name":"Home","item":"https:\/\/www.accuratereviews.com\/it\/"},{"@type":"ListItem","position":2,"name":"Software per il controllo remoto","item":"https:\/\/www.accuratereviews.com\/it\/controllo-remoto-lista-software\/"},{"@type":"ListItem","position":3,"name":"RealVNC"}]},{"@type":"WebSite","@id":"https:\/\/www.accuratereviews.com\/it\/#website","url":"https:\/\/www.accuratereviews.com\/it\/","name":"Accurate Reviews","description":"","potentialAction":[{"@type":"SearchAction","target":{"@type":"EntryPoint","urlTemplate":"https:\/\/www.accuratereviews.com\/it\/?s={search_term_string}"},"query-input":{"@type":"PropertyValueSpecification","valueRequired":true,"valueName":"search_term_string"}}],"inLanguage":"it-IT"}]}},"_links":{"self":[{"href":"https:\/\/www.accuratereviews.com\/it\/wp-json\/wp\/v2\/pages\/14662","targetHints":{"allow":["GET"]}}],"collection":[{"href":"https:\/\/www.accuratereviews.com\/it\/wp-json\/wp\/v2\/pages"}],"about":[{"href":"https:\/\/www.accuratereviews.com\/it\/wp-json\/wp\/v2\/types\/page"}],"author":[{"embeddable":true,"href":"https:\/\/www.accuratereviews.com\/it\/wp-json\/wp\/v2\/users\/17"}],"replies":[{"embeddable":true,"href":"https:\/\/www.accuratereviews.com\/it\/wp-json\/wp\/v2\/comments?post=14662"}],"version-history":[{"count":5,"href":"https:\/\/www.accuratereviews.com\/it\/wp-json\/wp\/v2\/pages\/14662\/revisions"}],"predecessor-version":[{"id":42134,"href":"https:\/\/www.accuratereviews.com\/it\/wp-json\/wp\/v2\/pages\/14662\/revisions\/42134"}],"up":[{"embeddable":true,"href":"https:\/\/www.accuratereviews.com\/it\/wp-json\/wp\/v2\/pages\/14651"}],"wp:featuredmedia":[{"embeddable":true,"href":"https:\/\/www.accuratereviews.com\/it\/wp-json\/wp\/v2\/media\/14665"}],"wp:attachment":[{"href":"https:\/\/www.accuratereviews.com\/it\/wp-json\/wp\/v2\/media?parent=14662"}],"wp:term":[{"taxonomy":"category","embeddable":true,"href":"https:\/\/www.accuratereviews.com\/it\/wp-json\/wp\/v2\/categories?post=14662"},{"taxonomy":"post_tag","embeddable":true,"href":"https:\/\/www.accuratereviews.com\/it\/wp-json\/wp\/v2\/tags?post=14662"},{"taxonomy":"features","embeddable":true,"href":"https:\/\/www.accuratereviews.com\/it\/wp-json\/wp\/v2\/features?post=14662"}],"curies":[{"name":"wp","href":"https:\/\/api.w.org\/{rel}","templated":true}]}}