{"id":14809,"date":"2019-05-23T12:39:27","date_gmt":"2019-05-23T12:39:27","guid":{"rendered":"https:\/\/www.accuratereviews.com\/?page_id=14809"},"modified":"2021-05-07T13:11:58","modified_gmt":"2021-05-07T13:11:58","slug":"supremo-recensione","status":"publish","type":"page","link":"https:\/\/www.accuratereviews.com\/it\/controllo-remoto-lista-software\/supremo-recensione\/","title":{"rendered":"Supremo"},"content":{"rendered":"<p><strong>Supremo<\/strong> rappresenta un&#8217;ottima soluzione per chi sta cercando un<strong> software per il controllo remoto<\/strong> di un computer o di un server a distanza. Si tratta infatti di un programma non solo affidabile e sicuro, ma anche facile da usare e accessibile a chiunque grazie all&#8217;interfaccia utenti che risulta semplice ed intuitiva. Inoltre dispone di un piano totalmente gratuito, disponibile per scopi personali, e due piani a pagamento, disponibili per scopi commerciali. Per attivare Supremo e avere l&#8217;<strong>accesso remoto<\/strong>, non \u00e8 necessaria n\u00e9 l&#8217;installazione n\u00e9 la configurazione di router o firewall cos\u00ec da rendere tutto ancora pi\u00f9 semplice e veloce. \u00c8 un prodotto 100% italiano, progettato e ottimizzato per il <strong>supporto tecnico<\/strong> quindi per prestare o ricevere assistenza ed \u00e8 personalizzabile con il proprio logo o brand. Anche se compatibile solamente con Windows, risulta essere uno dei migliori programmi per desktop remoto disponibile anche per Smartphone e Tablet, con<strong> dispositivi iOS e Android<\/strong>.<\/p>\n<h2>CONTROLLO REMOTO CON SUPREMO &#8211; TUTORIAL<\/h2>\n<p>Ecco un breve video tutorial che ci spiega come utilizzare questo programma:<\/p>\n<div id=\"fluid-wrapper-counter-1\" class=\"g1-fluid-wrapper \" style=\"width:686px;\">\n<div style=\"padding-bottom:56.268221574344%;\"><iframe loading=\"lazy\" title=\"Supremo Desktop Remote\" width=\"686\" height=\"386\" src=\"https:\/\/www.youtube.com\/embed\/dBk6cQoJpkw?feature=oembed&amp;wmode=transparent&amp;autohide=1&amp;autoplay=0&amp;disablekb=0&amp;fs=1&amp;loop=0&amp;enablejsapi=1&amp;rel=0&amp;controls=2&amp;showinfo=0&amp;wmode=transparent&amp;autohide=2&amp;autoplay=0&amp;disablekb=0&amp;fs=1&amp;loop=0&amp;enablejsapi=1&amp;rel=0&amp;controls=2&amp;showinfo=1\" frameborder=\"0\" allow=\"accelerometer; autoplay; encrypted-media; gyroscope; picture-in-picture\" allowfullscreen><\/iframe><\/div>\n<\/div>\n<h3>SUPREMO &#8211; CARATTERISTICHE<\/h3>\n<p>Di seguito le principali caratteristiche di Supremo:<\/p>\n<ul>\n<li><strong>Connessioni multiple<\/strong>: connette pi\u00f9 utenti contemporaneamente a un singolo PC remoto<\/li>\n<li><strong>Meeting<\/strong>: condividi il tuo schermo per riunioni con il team o per eseguire corsi online (senza dare l&#8217;accesso remoto a nessuno)<\/li>\n<li><strong>Trasferimento<\/strong> <strong>file<\/strong>: trasferisci file e cartelle con la funzionalit\u00e0 Drag &amp; Drop<\/li>\n<li><strong>Sicurezza e protezione<\/strong>: i dati sono protetti da un algoritmo AES 256-bit e da una password di 4 cifre generata ogni volta che si avvia il PC.<\/li>\n<li><strong>USilio<\/strong>: console di Management IT che ti offre una migliore organizzazione dei tuoi contatti<\/li>\n<li><strong>UAC-compatible<\/strong><\/li>\n<li><strong>Personalizzabile<\/strong>: personalizza il tuo piano inserendo il tuo logo o il tuo brand<\/li>\n<li><strong>Chat integrata<\/strong><\/li>\n<li><b>Nessuna installazione<\/b><\/li>\n<li><strong>Nessuna configurazione di router o firewall<\/strong><\/li>\n<li><strong>Supporto clienti<\/strong>: per qualsiasi dubbio, rivolgiti allo staff di supporto per ricevere assistenza.<\/li>\n<\/ul>\n","protected":false},"excerpt":{"rendered":"<p>Supremo rappresenta un&#8217;ottima soluzione per chi sta cercando un software per il controllo remoto di un computer o di un server a distanza. Si tratta infatti di un programma non solo affidabile e sicuro, ma anche facile da usare e accessibile a chiunque grazie all&#8217;interfaccia utenti che risulta semplice ed intuitiva.\u00a0<\/p>\n","protected":false},"author":17,"featured_media":14812,"parent":14651,"menu_order":0,"comment_status":"open","ping_status":"closed","template":"g1_template_page_review_new.php","meta":{"_acf_changed":false,"cwp_meta_box_check":"Yes","cwp_rev_product_name":"","cwp_rev_product_image":"","wppr_links":[],"cwp_rev_price":"","wppr_options":[],"wppr_pros":[],"wppr_cons":[],"_monsterinsights_skip_tracking":false,"_monsterinsights_sitenote_active":false,"_monsterinsights_sitenote_note":"","_monsterinsights_sitenote_category":0,"footnotes":""},"categories":[625],"tags":[634,646,633],"features":[],"class_list":{"0":"post-14809","1":"page","2":"type-page","3":"status-publish","4":"has-post-thumbnail","6":"category-controllo-remoto","7":"tag-accesso-remoto","8":"tag-controllare-un-pc-a-distanza","9":"tag-controllo-remoto"},"wppr_data":{"cwp_meta_box_check":"Yes","cwp_rev_product_name":"","cwp_rev_product_image":"","cwp_image_link":"image","cwp_rev_price":"","wppr_rating":"0.00"},"acf":[],"yoast_head":"<!-- This site is optimized with the Yoast SEO plugin v27.4 - https:\/\/yoast.com\/product\/yoast-seo-wordpress\/ -->\n<title>Supremo: recensione software per controllo remoto - Accurate Reviews<\/title>\n<meta name=\"description\" content=\"Supremo: recensione software. Un&#039;ottima soluzione per chi sta cercando un software per il controllo remoto di un computer o di un server a distanza.\" \/>\n<meta name=\"robots\" content=\"index, follow, max-snippet:-1, max-image-preview:large, max-video-preview:-1\" \/>\n<link rel=\"canonical\" href=\"https:\/\/www.accuratereviews.com\/it\/controllo-remoto-lista-software\/supremo-recensione\/\" \/>\n<meta property=\"og:locale\" content=\"it_IT\" \/>\n<meta property=\"og:type\" content=\"article\" \/>\n<meta property=\"og:title\" content=\"Supremo: recensione software per controllo remoto - Accurate Reviews\" \/>\n<meta property=\"og:description\" content=\"Supremo: recensione software. Un&#039;ottima soluzione per chi sta cercando un software per il controllo remoto di un computer o di un server a distanza.\" \/>\n<meta property=\"og:url\" content=\"https:\/\/www.accuratereviews.com\/it\/controllo-remoto-lista-software\/supremo-recensione\/\" \/>\n<meta property=\"og:site_name\" content=\"Accurate Reviews\" \/>\n<meta property=\"article:modified_time\" content=\"2021-05-07T13:11:58+00:00\" \/>\n<meta property=\"og:image\" content=\"https:\/\/www.accuratereviews.com\/wp-content\/uploads\/2019\/05\/logo-1-e1558597673755.png\" \/>\n\t<meta property=\"og:image:width\" content=\"200\" \/>\n\t<meta property=\"og:image:height\" content=\"68\" \/>\n\t<meta property=\"og:image:type\" content=\"image\/png\" \/>\n<meta name=\"twitter:card\" content=\"summary_large_image\" \/>\n<meta name=\"twitter:label1\" content=\"Tempo di lettura stimato\" \/>\n\t<meta name=\"twitter:data1\" content=\"2 minuti\" \/>\n<script type=\"application\/ld+json\" class=\"yoast-schema-graph\">{\"@context\":\"https:\\\/\\\/schema.org\",\"@graph\":[{\"@type\":\"WebPage\",\"@id\":\"https:\\\/\\\/www.accuratereviews.com\\\/it\\\/controllo-remoto-lista-software\\\/supremo-recensione\\\/\",\"url\":\"https:\\\/\\\/www.accuratereviews.com\\\/it\\\/controllo-remoto-lista-software\\\/supremo-recensione\\\/\",\"name\":\"Supremo: recensione software per controllo remoto - Accurate Reviews\",\"isPartOf\":{\"@id\":\"https:\\\/\\\/www.accuratereviews.com\\\/it\\\/#website\"},\"primaryImageOfPage\":{\"@id\":\"https:\\\/\\\/www.accuratereviews.com\\\/it\\\/controllo-remoto-lista-software\\\/supremo-recensione\\\/#primaryimage\"},\"image\":{\"@id\":\"https:\\\/\\\/www.accuratereviews.com\\\/it\\\/controllo-remoto-lista-software\\\/supremo-recensione\\\/#primaryimage\"},\"thumbnailUrl\":\"https:\\\/\\\/www.accuratereviews.com\\\/wp-content\\\/uploads\\\/2019\\\/05\\\/logo-1-e1558597673755.png\",\"datePublished\":\"2019-05-23T12:39:27+00:00\",\"dateModified\":\"2021-05-07T13:11:58+00:00\",\"description\":\"Supremo: recensione software. Un'ottima soluzione per chi sta cercando un software per il controllo remoto di un computer o di un server a distanza.\",\"breadcrumb\":{\"@id\":\"https:\\\/\\\/www.accuratereviews.com\\\/it\\\/controllo-remoto-lista-software\\\/supremo-recensione\\\/#breadcrumb\"},\"inLanguage\":\"it-IT\",\"potentialAction\":[{\"@type\":\"ReadAction\",\"target\":[\"https:\\\/\\\/www.accuratereviews.com\\\/it\\\/controllo-remoto-lista-software\\\/supremo-recensione\\\/\"]}]},{\"@type\":\"ImageObject\",\"inLanguage\":\"it-IT\",\"@id\":\"https:\\\/\\\/www.accuratereviews.com\\\/it\\\/controllo-remoto-lista-software\\\/supremo-recensione\\\/#primaryimage\",\"url\":\"https:\\\/\\\/www.accuratereviews.com\\\/wp-content\\\/uploads\\\/2019\\\/05\\\/logo-1-e1558597673755.png\",\"contentUrl\":\"https:\\\/\\\/www.accuratereviews.com\\\/wp-content\\\/uploads\\\/2019\\\/05\\\/logo-1-e1558597673755.png\",\"width\":200,\"height\":68},{\"@type\":\"BreadcrumbList\",\"@id\":\"https:\\\/\\\/www.accuratereviews.com\\\/it\\\/controllo-remoto-lista-software\\\/supremo-recensione\\\/#breadcrumb\",\"itemListElement\":[{\"@type\":\"ListItem\",\"position\":1,\"name\":\"Home\",\"item\":\"https:\\\/\\\/www.accuratereviews.com\\\/it\\\/\"},{\"@type\":\"ListItem\",\"position\":2,\"name\":\"Software per il controllo remoto\",\"item\":\"https:\\\/\\\/www.accuratereviews.com\\\/it\\\/controllo-remoto-lista-software\\\/\"},{\"@type\":\"ListItem\",\"position\":3,\"name\":\"Supremo\"}]},{\"@type\":\"WebSite\",\"@id\":\"https:\\\/\\\/www.accuratereviews.com\\\/it\\\/#website\",\"url\":\"https:\\\/\\\/www.accuratereviews.com\\\/it\\\/\",\"name\":\"Accurate Reviews\",\"description\":\"\",\"potentialAction\":[{\"@type\":\"SearchAction\",\"target\":{\"@type\":\"EntryPoint\",\"urlTemplate\":\"https:\\\/\\\/www.accuratereviews.com\\\/it\\\/?s={search_term_string}\"},\"query-input\":{\"@type\":\"PropertyValueSpecification\",\"valueRequired\":true,\"valueName\":\"search_term_string\"}}],\"inLanguage\":\"it-IT\"}]}<\/script>\n<!-- \/ Yoast SEO plugin. -->","yoast_head_json":{"title":"Supremo: recensione software per controllo remoto - Accurate Reviews","description":"Supremo: recensione software. Un'ottima soluzione per chi sta cercando un software per il controllo remoto di un computer o di un server a distanza.","robots":{"index":"index","follow":"follow","max-snippet":"max-snippet:-1","max-image-preview":"max-image-preview:large","max-video-preview":"max-video-preview:-1"},"canonical":"https:\/\/www.accuratereviews.com\/it\/controllo-remoto-lista-software\/supremo-recensione\/","og_locale":"it_IT","og_type":"article","og_title":"Supremo: recensione software per controllo remoto - Accurate Reviews","og_description":"Supremo: recensione software. Un'ottima soluzione per chi sta cercando un software per il controllo remoto di un computer o di un server a distanza.","og_url":"https:\/\/www.accuratereviews.com\/it\/controllo-remoto-lista-software\/supremo-recensione\/","og_site_name":"Accurate Reviews","article_modified_time":"2021-05-07T13:11:58+00:00","og_image":[{"width":200,"height":68,"url":"https:\/\/www.accuratereviews.com\/wp-content\/uploads\/2019\/05\/logo-1-e1558597673755.png","type":"image\/png"}],"twitter_card":"summary_large_image","twitter_misc":{"Tempo di lettura stimato":"2 minuti"},"schema":{"@context":"https:\/\/schema.org","@graph":[{"@type":"WebPage","@id":"https:\/\/www.accuratereviews.com\/it\/controllo-remoto-lista-software\/supremo-recensione\/","url":"https:\/\/www.accuratereviews.com\/it\/controllo-remoto-lista-software\/supremo-recensione\/","name":"Supremo: recensione software per controllo remoto - Accurate Reviews","isPartOf":{"@id":"https:\/\/www.accuratereviews.com\/it\/#website"},"primaryImageOfPage":{"@id":"https:\/\/www.accuratereviews.com\/it\/controllo-remoto-lista-software\/supremo-recensione\/#primaryimage"},"image":{"@id":"https:\/\/www.accuratereviews.com\/it\/controllo-remoto-lista-software\/supremo-recensione\/#primaryimage"},"thumbnailUrl":"https:\/\/www.accuratereviews.com\/wp-content\/uploads\/2019\/05\/logo-1-e1558597673755.png","datePublished":"2019-05-23T12:39:27+00:00","dateModified":"2021-05-07T13:11:58+00:00","description":"Supremo: recensione software. Un'ottima soluzione per chi sta cercando un software per il controllo remoto di un computer o di un server a distanza.","breadcrumb":{"@id":"https:\/\/www.accuratereviews.com\/it\/controllo-remoto-lista-software\/supremo-recensione\/#breadcrumb"},"inLanguage":"it-IT","potentialAction":[{"@type":"ReadAction","target":["https:\/\/www.accuratereviews.com\/it\/controllo-remoto-lista-software\/supremo-recensione\/"]}]},{"@type":"ImageObject","inLanguage":"it-IT","@id":"https:\/\/www.accuratereviews.com\/it\/controllo-remoto-lista-software\/supremo-recensione\/#primaryimage","url":"https:\/\/www.accuratereviews.com\/wp-content\/uploads\/2019\/05\/logo-1-e1558597673755.png","contentUrl":"https:\/\/www.accuratereviews.com\/wp-content\/uploads\/2019\/05\/logo-1-e1558597673755.png","width":200,"height":68},{"@type":"BreadcrumbList","@id":"https:\/\/www.accuratereviews.com\/it\/controllo-remoto-lista-software\/supremo-recensione\/#breadcrumb","itemListElement":[{"@type":"ListItem","position":1,"name":"Home","item":"https:\/\/www.accuratereviews.com\/it\/"},{"@type":"ListItem","position":2,"name":"Software per il controllo remoto","item":"https:\/\/www.accuratereviews.com\/it\/controllo-remoto-lista-software\/"},{"@type":"ListItem","position":3,"name":"Supremo"}]},{"@type":"WebSite","@id":"https:\/\/www.accuratereviews.com\/it\/#website","url":"https:\/\/www.accuratereviews.com\/it\/","name":"Accurate Reviews","description":"","potentialAction":[{"@type":"SearchAction","target":{"@type":"EntryPoint","urlTemplate":"https:\/\/www.accuratereviews.com\/it\/?s={search_term_string}"},"query-input":{"@type":"PropertyValueSpecification","valueRequired":true,"valueName":"search_term_string"}}],"inLanguage":"it-IT"}]}},"_links":{"self":[{"href":"https:\/\/www.accuratereviews.com\/it\/wp-json\/wp\/v2\/pages\/14809","targetHints":{"allow":["GET"]}}],"collection":[{"href":"https:\/\/www.accuratereviews.com\/it\/wp-json\/wp\/v2\/pages"}],"about":[{"href":"https:\/\/www.accuratereviews.com\/it\/wp-json\/wp\/v2\/types\/page"}],"author":[{"embeddable":true,"href":"https:\/\/www.accuratereviews.com\/it\/wp-json\/wp\/v2\/users\/17"}],"replies":[{"embeddable":true,"href":"https:\/\/www.accuratereviews.com\/it\/wp-json\/wp\/v2\/comments?post=14809"}],"version-history":[{"count":5,"href":"https:\/\/www.accuratereviews.com\/it\/wp-json\/wp\/v2\/pages\/14809\/revisions"}],"predecessor-version":[{"id":42147,"href":"https:\/\/www.accuratereviews.com\/it\/wp-json\/wp\/v2\/pages\/14809\/revisions\/42147"}],"up":[{"embeddable":true,"href":"https:\/\/www.accuratereviews.com\/it\/wp-json\/wp\/v2\/pages\/14651"}],"wp:featuredmedia":[{"embeddable":true,"href":"https:\/\/www.accuratereviews.com\/it\/wp-json\/wp\/v2\/media\/14812"}],"wp:attachment":[{"href":"https:\/\/www.accuratereviews.com\/it\/wp-json\/wp\/v2\/media?parent=14809"}],"wp:term":[{"taxonomy":"category","embeddable":true,"href":"https:\/\/www.accuratereviews.com\/it\/wp-json\/wp\/v2\/categories?post=14809"},{"taxonomy":"post_tag","embeddable":true,"href":"https:\/\/www.accuratereviews.com\/it\/wp-json\/wp\/v2\/tags?post=14809"},{"taxonomy":"features","embeddable":true,"href":"https:\/\/www.accuratereviews.com\/it\/wp-json\/wp\/v2\/features?post=14809"}],"curies":[{"name":"wp","href":"https:\/\/api.w.org\/{rel}","templated":true}]}}