{"id":14867,"date":"2019-05-24T14:18:57","date_gmt":"2019-05-24T14:18:57","guid":{"rendered":"https:\/\/www.accuratereviews.com\/?page_id=14867"},"modified":"2021-05-06T13:29:34","modified_gmt":"2021-05-06T13:29:34","slug":"ammyy-admin-recensione","status":"publish","type":"page","link":"https:\/\/www.accuratereviews.com\/it\/controllo-remoto-lista-software\/ammyy-admin-recensione\/","title":{"rendered":"Ammyy Admin"},"content":{"rendered":"<p id=\"ammyy-admin\" class=\"h2-gb\"><strong>Ammyy Admin\u00a0<\/strong>\u00e8 un programma gratuito che pu\u00f2 essere utilizzato per il <strong>controllo remoto del tuo computer<\/strong>, ovunque ti trovi. Oltre a questo, permette anche la gestione di <strong>uffici remoti<\/strong>, l&#8217;<strong>amministrazione remota<\/strong>, il <strong>supporto remoto<\/strong> e anche l&#8217;organizzazione di riunioni e corsi di formazione a distanza grazie alla possibilit\u00e0 di condividere lo schermo con gli altri utenti. Non richiede n\u00e9 l&#8217;installazione n\u00e9 modifiche da apportare alla connessione firewall o VPN, ma risulta essere sicuro e affidabile. Infatti tutti i dati locali e remoti, i documenti e i file che sono stati trasferito da un dispositivo all&#8217;altro sono crittografati con <strong>algoritmi di sicurezza<\/strong> standard AES e RSA. Dispone inoltre di un&#8217;interfaccia utente user-friendly che ne facilita l&#8217;utilizzo, rendendolo accessibile non solo agli esperti, ma anche ai principianti che sono alle prime armi con il <strong>controllo remoto<\/strong>.<\/p>\n<h2 class=\"h2-gb\">ASSISTENZA REMOTA CON AMMYY ADMIN &#8211; TUTORIAL<\/h2>\n<p>Diamo uno sguardo a questo video tutorial per comprendere come funziona questo software:<\/p>\n<div id=\"fluid-wrapper-counter-1\" class=\"g1-fluid-wrapper \" style=\"width:686px;\">\n<div style=\"padding-bottom:56.268221574344%;\"><iframe loading=\"lazy\" title=\"[Tutorial] Ammyy Admin: assistenza remota in modo gratuito\" width=\"686\" height=\"386\" src=\"https:\/\/www.youtube.com\/embed\/N-RSAvEyNlc?feature=oembed&amp;wmode=transparent&amp;autohide=1&amp;autoplay=0&amp;disablekb=0&amp;fs=1&amp;loop=0&amp;enablejsapi=1&amp;rel=0&amp;controls=2&amp;showinfo=0&amp;wmode=transparent&amp;autohide=2&amp;autoplay=0&amp;disablekb=0&amp;fs=1&amp;loop=0&amp;enablejsapi=1&amp;rel=0&amp;controls=2&amp;showinfo=1\" frameborder=\"0\" allow=\"accelerometer; autoplay; encrypted-media; gyroscope; picture-in-picture\" allowfullscreen><\/iframe><\/div>\n<\/div>\n<h3>AMMYY ADMIN &#8211; CARATTERISTICHE<\/h3>\n<p>Ecco le sue principali caratteristiche:<\/p>\n<ul>\n<li><strong>Controllo remoto<\/strong>: tieni sempre sotto controllo il tuo computer anche da remoto<\/li>\n<li><strong>Ufficio remoto<\/strong>: rimani in contatto con il tuo team pur non trovandovi fisicamente nello stesso ufficio<\/li>\n<li><strong>Assistenza remoto<\/strong>: offri assistenza ai tuoi clienti anche da remoto<\/li>\n<li><strong>Formazione a distanza<\/strong>: organizza riunioni o corsi di formazione virtuali.<\/li>\n<\/ul>\n","protected":false},"excerpt":{"rendered":"<p>Ammyy Admin\u00a0\u00e8 un programma gratuito che pu\u00f2 essere utilizzato per il controllo remoto del tuo computer, ovunque ti trovi. Oltre a questo, permette anche la gestione di uffici remoti, l&#8217;amministrazione remota, il supporto remoto e anche l&#8217;organizzazione di riunioni e corsi di formazione a distanza grazie alla possibilit\u00e0 di condividere lo schermo con gli altri utenti.<\/p>\n","protected":false},"author":17,"featured_media":14869,"parent":14651,"menu_order":0,"comment_status":"open","ping_status":"closed","template":"g1_template_page_review_new.php","meta":{"_acf_changed":false,"cwp_meta_box_check":"Yes","cwp_rev_product_name":"","cwp_rev_product_image":"","wppr_links":[],"cwp_rev_price":"","wppr_options":[],"wppr_pros":[],"wppr_cons":[],"_monsterinsights_skip_tracking":false,"_monsterinsights_sitenote_active":false,"_monsterinsights_sitenote_note":"","_monsterinsights_sitenote_category":0,"footnotes":""},"categories":[625],"tags":[634,633,652,653],"features":[],"class_list":{"0":"post-14867","1":"page","2":"type-page","3":"status-publish","4":"has-post-thumbnail","6":"category-controllo-remoto","7":"tag-accesso-remoto","8":"tag-controllo-remoto","9":"tag-pc-remoto","10":"tag-programma-per-controllo-remoto"},"wppr_data":{"cwp_meta_box_check":"Yes","cwp_rev_product_name":"","cwp_rev_product_image":"","cwp_image_link":"image","cwp_rev_price":"","wppr_rating":"0.00"},"acf":[],"yoast_head":"<!-- This site is optimized with the Yoast SEO plugin v27.4 - https:\/\/yoast.com\/product\/yoast-seo-wordpress\/ -->\n<title>Ammyy Admin: recensione software controllo remoto - Accurate Reviews<\/title>\n<meta name=\"description\" content=\"Ammyy Admin: recensione\u00a0del programma gratuito che pu\u00f2 essere utilizzato per il controllo remoto del tuo computer, ovunque ti trovi.\" \/>\n<meta name=\"robots\" content=\"index, follow, max-snippet:-1, max-image-preview:large, max-video-preview:-1\" \/>\n<link rel=\"canonical\" href=\"https:\/\/www.accuratereviews.com\/it\/controllo-remoto-lista-software\/ammyy-admin-recensione\/\" \/>\n<meta property=\"og:locale\" content=\"it_IT\" \/>\n<meta property=\"og:type\" content=\"article\" \/>\n<meta property=\"og:title\" content=\"Ammyy Admin: recensione software controllo remoto - Accurate Reviews\" \/>\n<meta property=\"og:description\" content=\"Ammyy Admin: recensione\u00a0del programma gratuito che pu\u00f2 essere utilizzato per il controllo remoto del tuo computer, ovunque ti trovi.\" \/>\n<meta property=\"og:url\" content=\"https:\/\/www.accuratereviews.com\/it\/controllo-remoto-lista-software\/ammyy-admin-recensione\/\" \/>\n<meta property=\"og:site_name\" content=\"Accurate Reviews\" \/>\n<meta property=\"article:modified_time\" content=\"2021-05-06T13:29:34+00:00\" \/>\n<meta property=\"og:image\" content=\"https:\/\/www.accuratereviews.com\/wp-content\/uploads\/2019\/05\/free_remote_desktop_Ammyy_Admin_logo.gif\" \/>\n\t<meta property=\"og:image:width\" content=\"400\" \/>\n\t<meta property=\"og:image:height\" content=\"128\" \/>\n\t<meta property=\"og:image:type\" content=\"image\/gif\" \/>\n<meta name=\"twitter:card\" content=\"summary_large_image\" \/>\n<meta name=\"twitter:label1\" content=\"Tempo di lettura stimato\" \/>\n\t<meta name=\"twitter:data1\" content=\"1 minuto\" \/>\n<script type=\"application\/ld+json\" class=\"yoast-schema-graph\">{\"@context\":\"https:\\\/\\\/schema.org\",\"@graph\":[{\"@type\":\"WebPage\",\"@id\":\"https:\\\/\\\/www.accuratereviews.com\\\/it\\\/controllo-remoto-lista-software\\\/ammyy-admin-recensione\\\/\",\"url\":\"https:\\\/\\\/www.accuratereviews.com\\\/it\\\/controllo-remoto-lista-software\\\/ammyy-admin-recensione\\\/\",\"name\":\"Ammyy Admin: recensione software controllo remoto - Accurate Reviews\",\"isPartOf\":{\"@id\":\"https:\\\/\\\/www.accuratereviews.com\\\/it\\\/#website\"},\"primaryImageOfPage\":{\"@id\":\"https:\\\/\\\/www.accuratereviews.com\\\/it\\\/controllo-remoto-lista-software\\\/ammyy-admin-recensione\\\/#primaryimage\"},\"image\":{\"@id\":\"https:\\\/\\\/www.accuratereviews.com\\\/it\\\/controllo-remoto-lista-software\\\/ammyy-admin-recensione\\\/#primaryimage\"},\"thumbnailUrl\":\"https:\\\/\\\/www.accuratereviews.com\\\/wp-content\\\/uploads\\\/2019\\\/05\\\/free_remote_desktop_Ammyy_Admin_logo.gif\",\"datePublished\":\"2019-05-24T14:18:57+00:00\",\"dateModified\":\"2021-05-06T13:29:34+00:00\",\"description\":\"Ammyy Admin: recensione\u00a0del programma gratuito che pu\u00f2 essere utilizzato per il controllo remoto del tuo computer, ovunque ti trovi.\",\"breadcrumb\":{\"@id\":\"https:\\\/\\\/www.accuratereviews.com\\\/it\\\/controllo-remoto-lista-software\\\/ammyy-admin-recensione\\\/#breadcrumb\"},\"inLanguage\":\"it-IT\",\"potentialAction\":[{\"@type\":\"ReadAction\",\"target\":[\"https:\\\/\\\/www.accuratereviews.com\\\/it\\\/controllo-remoto-lista-software\\\/ammyy-admin-recensione\\\/\"]}]},{\"@type\":\"ImageObject\",\"inLanguage\":\"it-IT\",\"@id\":\"https:\\\/\\\/www.accuratereviews.com\\\/it\\\/controllo-remoto-lista-software\\\/ammyy-admin-recensione\\\/#primaryimage\",\"url\":\"https:\\\/\\\/www.accuratereviews.com\\\/wp-content\\\/uploads\\\/2019\\\/05\\\/free_remote_desktop_Ammyy_Admin_logo.gif\",\"contentUrl\":\"https:\\\/\\\/www.accuratereviews.com\\\/wp-content\\\/uploads\\\/2019\\\/05\\\/free_remote_desktop_Ammyy_Admin_logo.gif\",\"width\":400,\"height\":128},{\"@type\":\"BreadcrumbList\",\"@id\":\"https:\\\/\\\/www.accuratereviews.com\\\/it\\\/controllo-remoto-lista-software\\\/ammyy-admin-recensione\\\/#breadcrumb\",\"itemListElement\":[{\"@type\":\"ListItem\",\"position\":1,\"name\":\"Home\",\"item\":\"https:\\\/\\\/www.accuratereviews.com\\\/it\\\/\"},{\"@type\":\"ListItem\",\"position\":2,\"name\":\"Software per il controllo remoto\",\"item\":\"https:\\\/\\\/www.accuratereviews.com\\\/it\\\/controllo-remoto-lista-software\\\/\"},{\"@type\":\"ListItem\",\"position\":3,\"name\":\"Ammyy Admin\"}]},{\"@type\":\"WebSite\",\"@id\":\"https:\\\/\\\/www.accuratereviews.com\\\/it\\\/#website\",\"url\":\"https:\\\/\\\/www.accuratereviews.com\\\/it\\\/\",\"name\":\"Accurate Reviews\",\"description\":\"\",\"potentialAction\":[{\"@type\":\"SearchAction\",\"target\":{\"@type\":\"EntryPoint\",\"urlTemplate\":\"https:\\\/\\\/www.accuratereviews.com\\\/it\\\/?s={search_term_string}\"},\"query-input\":{\"@type\":\"PropertyValueSpecification\",\"valueRequired\":true,\"valueName\":\"search_term_string\"}}],\"inLanguage\":\"it-IT\"}]}<\/script>\n<!-- \/ Yoast SEO plugin. -->","yoast_head_json":{"title":"Ammyy Admin: recensione software controllo remoto - Accurate Reviews","description":"Ammyy Admin: recensione\u00a0del programma gratuito che pu\u00f2 essere utilizzato per il controllo remoto del tuo computer, ovunque ti trovi.","robots":{"index":"index","follow":"follow","max-snippet":"max-snippet:-1","max-image-preview":"max-image-preview:large","max-video-preview":"max-video-preview:-1"},"canonical":"https:\/\/www.accuratereviews.com\/it\/controllo-remoto-lista-software\/ammyy-admin-recensione\/","og_locale":"it_IT","og_type":"article","og_title":"Ammyy Admin: recensione software controllo remoto - Accurate Reviews","og_description":"Ammyy Admin: recensione\u00a0del programma gratuito che pu\u00f2 essere utilizzato per il controllo remoto del tuo computer, ovunque ti trovi.","og_url":"https:\/\/www.accuratereviews.com\/it\/controllo-remoto-lista-software\/ammyy-admin-recensione\/","og_site_name":"Accurate Reviews","article_modified_time":"2021-05-06T13:29:34+00:00","og_image":[{"width":400,"height":128,"url":"https:\/\/www.accuratereviews.com\/wp-content\/uploads\/2019\/05\/free_remote_desktop_Ammyy_Admin_logo.gif","type":"image\/gif"}],"twitter_card":"summary_large_image","twitter_misc":{"Tempo di lettura stimato":"1 minuto"},"schema":{"@context":"https:\/\/schema.org","@graph":[{"@type":"WebPage","@id":"https:\/\/www.accuratereviews.com\/it\/controllo-remoto-lista-software\/ammyy-admin-recensione\/","url":"https:\/\/www.accuratereviews.com\/it\/controllo-remoto-lista-software\/ammyy-admin-recensione\/","name":"Ammyy Admin: recensione software controllo remoto - Accurate Reviews","isPartOf":{"@id":"https:\/\/www.accuratereviews.com\/it\/#website"},"primaryImageOfPage":{"@id":"https:\/\/www.accuratereviews.com\/it\/controllo-remoto-lista-software\/ammyy-admin-recensione\/#primaryimage"},"image":{"@id":"https:\/\/www.accuratereviews.com\/it\/controllo-remoto-lista-software\/ammyy-admin-recensione\/#primaryimage"},"thumbnailUrl":"https:\/\/www.accuratereviews.com\/wp-content\/uploads\/2019\/05\/free_remote_desktop_Ammyy_Admin_logo.gif","datePublished":"2019-05-24T14:18:57+00:00","dateModified":"2021-05-06T13:29:34+00:00","description":"Ammyy Admin: recensione\u00a0del programma gratuito che pu\u00f2 essere utilizzato per il controllo remoto del tuo computer, ovunque ti trovi.","breadcrumb":{"@id":"https:\/\/www.accuratereviews.com\/it\/controllo-remoto-lista-software\/ammyy-admin-recensione\/#breadcrumb"},"inLanguage":"it-IT","potentialAction":[{"@type":"ReadAction","target":["https:\/\/www.accuratereviews.com\/it\/controllo-remoto-lista-software\/ammyy-admin-recensione\/"]}]},{"@type":"ImageObject","inLanguage":"it-IT","@id":"https:\/\/www.accuratereviews.com\/it\/controllo-remoto-lista-software\/ammyy-admin-recensione\/#primaryimage","url":"https:\/\/www.accuratereviews.com\/wp-content\/uploads\/2019\/05\/free_remote_desktop_Ammyy_Admin_logo.gif","contentUrl":"https:\/\/www.accuratereviews.com\/wp-content\/uploads\/2019\/05\/free_remote_desktop_Ammyy_Admin_logo.gif","width":400,"height":128},{"@type":"BreadcrumbList","@id":"https:\/\/www.accuratereviews.com\/it\/controllo-remoto-lista-software\/ammyy-admin-recensione\/#breadcrumb","itemListElement":[{"@type":"ListItem","position":1,"name":"Home","item":"https:\/\/www.accuratereviews.com\/it\/"},{"@type":"ListItem","position":2,"name":"Software per il controllo remoto","item":"https:\/\/www.accuratereviews.com\/it\/controllo-remoto-lista-software\/"},{"@type":"ListItem","position":3,"name":"Ammyy Admin"}]},{"@type":"WebSite","@id":"https:\/\/www.accuratereviews.com\/it\/#website","url":"https:\/\/www.accuratereviews.com\/it\/","name":"Accurate Reviews","description":"","potentialAction":[{"@type":"SearchAction","target":{"@type":"EntryPoint","urlTemplate":"https:\/\/www.accuratereviews.com\/it\/?s={search_term_string}"},"query-input":{"@type":"PropertyValueSpecification","valueRequired":true,"valueName":"search_term_string"}}],"inLanguage":"it-IT"}]}},"_links":{"self":[{"href":"https:\/\/www.accuratereviews.com\/it\/wp-json\/wp\/v2\/pages\/14867","targetHints":{"allow":["GET"]}}],"collection":[{"href":"https:\/\/www.accuratereviews.com\/it\/wp-json\/wp\/v2\/pages"}],"about":[{"href":"https:\/\/www.accuratereviews.com\/it\/wp-json\/wp\/v2\/types\/page"}],"author":[{"embeddable":true,"href":"https:\/\/www.accuratereviews.com\/it\/wp-json\/wp\/v2\/users\/17"}],"replies":[{"embeddable":true,"href":"https:\/\/www.accuratereviews.com\/it\/wp-json\/wp\/v2\/comments?post=14867"}],"version-history":[{"count":3,"href":"https:\/\/www.accuratereviews.com\/it\/wp-json\/wp\/v2\/pages\/14867\/revisions"}],"predecessor-version":[{"id":42025,"href":"https:\/\/www.accuratereviews.com\/it\/wp-json\/wp\/v2\/pages\/14867\/revisions\/42025"}],"up":[{"embeddable":true,"href":"https:\/\/www.accuratereviews.com\/it\/wp-json\/wp\/v2\/pages\/14651"}],"wp:featuredmedia":[{"embeddable":true,"href":"https:\/\/www.accuratereviews.com\/it\/wp-json\/wp\/v2\/media\/14869"}],"wp:attachment":[{"href":"https:\/\/www.accuratereviews.com\/it\/wp-json\/wp\/v2\/media?parent=14867"}],"wp:term":[{"taxonomy":"category","embeddable":true,"href":"https:\/\/www.accuratereviews.com\/it\/wp-json\/wp\/v2\/categories?post=14867"},{"taxonomy":"post_tag","embeddable":true,"href":"https:\/\/www.accuratereviews.com\/it\/wp-json\/wp\/v2\/tags?post=14867"},{"taxonomy":"features","embeddable":true,"href":"https:\/\/www.accuratereviews.com\/it\/wp-json\/wp\/v2\/features?post=14867"}],"curies":[{"name":"wp","href":"https:\/\/api.w.org\/{rel}","templated":true}]}}