{"id":14872,"date":"2019-05-24T14:23:33","date_gmt":"2019-05-24T14:23:33","guid":{"rendered":"https:\/\/www.accuratereviews.com\/?page_id=14872"},"modified":"2021-05-06T13:41:09","modified_gmt":"2021-05-06T13:41:09","slug":"cloudberry-remote-assistant-recensione","status":"publish","type":"page","link":"https:\/\/www.accuratereviews.com\/it\/controllo-remoto-lista-software\/cloudberry-remote-assistant-recensione\/","title":{"rendered":"CloudBerry Remote Assistant"},"content":{"rendered":"<p id=\"tw-target-text\" class=\"tw-data-text tw-ta tw-text-small\" dir=\"ltr\" data-placeholder=\"Traduzione\"><span lang=\"it\" tabindex=\"0\"><strong>CloudBerry Remote Assistant<\/strong> \u00e8 una delle tante soluzioni di <strong>accesso remoto<\/strong> offerte oggi sul mercato. Ci\u00f2 che lo rende un livello superiore alla maggior parte degli altri prodotti simili \u00e8 che si tratta di una piattaforma gratuita dotata di funzioni utili, garantendo una connessione sicura e protetta. Come soluzione di accesso desktop remoto, <strong>CloudBerry Remote Assistant<\/strong> fa tutto ci\u00f2 che ci si aspetta che faccia: connettersi ai computer da remoto ed eseguire attivit\u00e0 come controllo dei file, risolvere problemi di sistema e molto altro. L&#8217;applicazione viene fornita con una funzionalit\u00e0 di chat vocale e di testo che consente di comunicare con la persona interessata. Questa funzionalit\u00e0 \u00e8 perfetta per situazioni come la riparazione del computer, l&#8217;aggiornamento del software o la risoluzione di problemi di rete in cui comunicazioni costanti e chiare garantiscono il successo dell&#8217;attivit\u00e0, come ad esempio l&#8217;indicazione del problema o la fornitura di istruzioni. Se sei a casa o sul posto di lavoro, questo programma velocizza e semplifica l&#8217;attivit\u00e0 di connessione desktop. L&#8217;interfaccia molto intuitiva e la crittografia SSL rendono il software uno strumento di accesso desktop remoto ideale per i professionisti.<\/span><\/p>\n<h2 dir=\"ltr\" data-placeholder=\"Traduzione\"><strong>CLOUDEBERRY REMOTE ASSISTANT &#8211; TUTORIAL<\/strong><\/h2>\n<p>Questo tutorial vi permetter\u00e0 di capire come effettuare una accesso remoto con questo software:<\/p>\n<div id=\"fluid-wrapper-counter-1\" class=\"g1-fluid-wrapper \" style=\"width:686px;\">\n<div style=\"padding-bottom:56.268221574344%;\"><iframe loading=\"lazy\" title=\"CloudBerry Remote Assistant - Unattended Access Proper Review\" width=\"686\" height=\"386\" src=\"https:\/\/www.youtube.com\/embed\/drMB1PO373g?feature=oembed&amp;wmode=transparent&amp;autohide=1&amp;autoplay=0&amp;disablekb=0&amp;fs=1&amp;loop=0&amp;enablejsapi=1&amp;rel=0&amp;controls=2&amp;showinfo=0&amp;wmode=transparent&amp;autohide=2&amp;autoplay=0&amp;disablekb=0&amp;fs=1&amp;loop=0&amp;enablejsapi=1&amp;rel=0&amp;controls=2&amp;showinfo=1\" frameborder=\"0\" allow=\"accelerometer; autoplay; encrypted-media; gyroscope; picture-in-picture\" allowfullscreen><\/iframe><\/div>\n<\/div>\n<h3 dir=\"ltr\" data-placeholder=\"Traduzione\"><strong>CLOUDEBERRY REMOTE ASSISTANT &#8211; CARATTERISTICHE<\/strong><\/h3>\n<ul>\n<li class=\"tw-data-text tw-ta tw-text-small\" dir=\"ltr\" data-placeholder=\"Traduzione\"><span lang=\"it\" tabindex=\"0\"><strong>Accesso desktop remoto:\u00a0<\/strong>consente di controllare computer desktop o server su Internet. Tutte le comunicazioni con desktop remoto e i server utilizzati per l&#8217;attivazione della licenza e la diagnostica delle trasmissioni passano attraverso la connessione crittografata SSL<\/span><\/li>\n<li class=\"tw-data-text tw-ta tw-text-small\" dir=\"ltr\" data-placeholder=\"Traduzione\"><span lang=\"it\" tabindex=\"0\"><strong>Chat di testo e vocale:<\/strong> utilizza questo software per l&#8217;assistenza desktop remota di Windows come strumento gratuito per la comunicazione vocale e di testo su Internet<\/span><\/li>\n<li class=\"tw-data-text tw-ta tw-text-small\" dir=\"ltr\" data-placeholder=\"Traduzione\"><span lang=\"it\" tabindex=\"0\"><strong>Server di autenticazione multiregionale:<\/strong> la connessione \u00e8 pi\u00f9 veloce e affidabile possibile<\/span><\/li>\n<li class=\"tw-data-text tw-ta tw-text-small\" dir=\"ltr\" data-placeholder=\"Traduzione\"><span lang=\"it\" tabindex=\"0\"><strong>Trasferimento di file:\u00a0<\/strong>\u00a0condividi i file durante la sessione, inviali senza problemi al PC remoto in qualsiasi parte del mondo.<\/span><\/li>\n<\/ul>\n","protected":false},"excerpt":{"rendered":"<p>CloudBerry Remote Assistant \u00e8 una delle tante soluzioni di accesso remoto offerte oggi sul mercato. Ci\u00f2 che lo rende un livello superiore alla maggior parte degli altri prodotti simili \u00e8 che si tratta di una piattaforma gratuita dotata di funzioni utili, garantendo una connessione sicura e protetta. Come soluzione di accesso desktop remoto, CloudBerry Remote Assistant fa tutto ci\u00f2 che ci si aspetta che faccia: connettersi ai computer da remoto ed eseguire attivit\u00e0 come controllo dei file, risolvere problemi di sistema e molto altro.<\/p>\n","protected":false},"author":19,"featured_media":14876,"parent":14651,"menu_order":0,"comment_status":"open","ping_status":"closed","template":"g1_template_page_review_new.php","meta":{"_acf_changed":false,"cwp_meta_box_check":"Yes","cwp_rev_product_name":"","cwp_rev_product_image":"","wppr_links":[],"cwp_rev_price":"","wppr_options":[],"wppr_pros":[],"wppr_cons":[],"_monsterinsights_skip_tracking":false,"_monsterinsights_sitenote_active":false,"_monsterinsights_sitenote_note":"","_monsterinsights_sitenote_category":0,"footnotes":""},"categories":[625],"tags":[655,630,654],"features":[],"class_list":{"0":"post-14872","1":"page","2":"type-page","3":"status-publish","4":"has-post-thumbnail","6":"category-controllo-remoto","7":"tag-connessione-protette","8":"tag-programma-accesso-remoto","9":"tag-software-accesso-remoto"},"wppr_data":{"cwp_meta_box_check":"Yes","cwp_rev_product_name":"","cwp_rev_product_image":"","cwp_image_link":"image","cwp_rev_price":"","wppr_rating":"0.00"},"acf":[],"yoast_head":"<!-- This site is optimized with the Yoast SEO plugin v27.4 - https:\/\/yoast.com\/product\/yoast-seo-wordpress\/ -->\n<title>CloudBerry Remote Assistant: recensione- Accurate Reviews<\/title>\n<meta name=\"description\" content=\"CloudBerry Remote Assistant: recensione\u00a0software di assistenza remota sviluppato da CloudBerry per connettersi e accedere da remoto ai computer.\" \/>\n<meta name=\"robots\" content=\"index, follow, max-snippet:-1, max-image-preview:large, max-video-preview:-1\" \/>\n<link rel=\"canonical\" href=\"https:\/\/www.accuratereviews.com\/it\/controllo-remoto-lista-software\/cloudberry-remote-assistant-recensione\/\" \/>\n<meta property=\"og:locale\" content=\"it_IT\" \/>\n<meta property=\"og:type\" content=\"article\" \/>\n<meta property=\"og:title\" content=\"CloudBerry Remote Assistant: recensione- Accurate Reviews\" \/>\n<meta property=\"og:description\" content=\"CloudBerry Remote Assistant: recensione\u00a0software di assistenza remota sviluppato da CloudBerry per connettersi e accedere da remoto ai computer.\" \/>\n<meta property=\"og:url\" content=\"https:\/\/www.accuratereviews.com\/it\/controllo-remoto-lista-software\/cloudberry-remote-assistant-recensione\/\" \/>\n<meta property=\"og:site_name\" content=\"Accurate Reviews\" \/>\n<meta property=\"article:modified_time\" content=\"2021-05-06T13:41:09+00:00\" \/>\n<meta property=\"og:image\" content=\"https:\/\/www.accuratereviews.com\/wp-content\/uploads\/2019\/05\/cloud.png\" \/>\n\t<meta property=\"og:image:width\" content=\"230\" \/>\n\t<meta property=\"og:image:height\" content=\"219\" \/>\n\t<meta property=\"og:image:type\" content=\"image\/png\" \/>\n<meta name=\"twitter:card\" content=\"summary_large_image\" \/>\n<meta name=\"twitter:label1\" content=\"Tempo di lettura stimato\" \/>\n\t<meta name=\"twitter:data1\" content=\"2 minuti\" \/>\n<script type=\"application\/ld+json\" class=\"yoast-schema-graph\">{\"@context\":\"https:\\\/\\\/schema.org\",\"@graph\":[{\"@type\":\"WebPage\",\"@id\":\"https:\\\/\\\/www.accuratereviews.com\\\/it\\\/controllo-remoto-lista-software\\\/cloudberry-remote-assistant-recensione\\\/\",\"url\":\"https:\\\/\\\/www.accuratereviews.com\\\/it\\\/controllo-remoto-lista-software\\\/cloudberry-remote-assistant-recensione\\\/\",\"name\":\"CloudBerry Remote Assistant: recensione- Accurate Reviews\",\"isPartOf\":{\"@id\":\"https:\\\/\\\/www.accuratereviews.com\\\/it\\\/#website\"},\"primaryImageOfPage\":{\"@id\":\"https:\\\/\\\/www.accuratereviews.com\\\/it\\\/controllo-remoto-lista-software\\\/cloudberry-remote-assistant-recensione\\\/#primaryimage\"},\"image\":{\"@id\":\"https:\\\/\\\/www.accuratereviews.com\\\/it\\\/controllo-remoto-lista-software\\\/cloudberry-remote-assistant-recensione\\\/#primaryimage\"},\"thumbnailUrl\":\"https:\\\/\\\/www.accuratereviews.com\\\/wp-content\\\/uploads\\\/2019\\\/05\\\/cloud.png\",\"datePublished\":\"2019-05-24T14:23:33+00:00\",\"dateModified\":\"2021-05-06T13:41:09+00:00\",\"description\":\"CloudBerry Remote Assistant: recensione\u00a0software di assistenza remota sviluppato da CloudBerry per connettersi e accedere da remoto ai computer.\",\"breadcrumb\":{\"@id\":\"https:\\\/\\\/www.accuratereviews.com\\\/it\\\/controllo-remoto-lista-software\\\/cloudberry-remote-assistant-recensione\\\/#breadcrumb\"},\"inLanguage\":\"it-IT\",\"potentialAction\":[{\"@type\":\"ReadAction\",\"target\":[\"https:\\\/\\\/www.accuratereviews.com\\\/it\\\/controllo-remoto-lista-software\\\/cloudberry-remote-assistant-recensione\\\/\"]}]},{\"@type\":\"ImageObject\",\"inLanguage\":\"it-IT\",\"@id\":\"https:\\\/\\\/www.accuratereviews.com\\\/it\\\/controllo-remoto-lista-software\\\/cloudberry-remote-assistant-recensione\\\/#primaryimage\",\"url\":\"https:\\\/\\\/www.accuratereviews.com\\\/wp-content\\\/uploads\\\/2019\\\/05\\\/cloud.png\",\"contentUrl\":\"https:\\\/\\\/www.accuratereviews.com\\\/wp-content\\\/uploads\\\/2019\\\/05\\\/cloud.png\",\"width\":230,\"height\":219},{\"@type\":\"BreadcrumbList\",\"@id\":\"https:\\\/\\\/www.accuratereviews.com\\\/it\\\/controllo-remoto-lista-software\\\/cloudberry-remote-assistant-recensione\\\/#breadcrumb\",\"itemListElement\":[{\"@type\":\"ListItem\",\"position\":1,\"name\":\"Home\",\"item\":\"https:\\\/\\\/www.accuratereviews.com\\\/it\\\/\"},{\"@type\":\"ListItem\",\"position\":2,\"name\":\"Software per il controllo remoto\",\"item\":\"https:\\\/\\\/www.accuratereviews.com\\\/it\\\/controllo-remoto-lista-software\\\/\"},{\"@type\":\"ListItem\",\"position\":3,\"name\":\"CloudBerry Remote Assistant\"}]},{\"@type\":\"WebSite\",\"@id\":\"https:\\\/\\\/www.accuratereviews.com\\\/it\\\/#website\",\"url\":\"https:\\\/\\\/www.accuratereviews.com\\\/it\\\/\",\"name\":\"Accurate Reviews\",\"description\":\"\",\"potentialAction\":[{\"@type\":\"SearchAction\",\"target\":{\"@type\":\"EntryPoint\",\"urlTemplate\":\"https:\\\/\\\/www.accuratereviews.com\\\/it\\\/?s={search_term_string}\"},\"query-input\":{\"@type\":\"PropertyValueSpecification\",\"valueRequired\":true,\"valueName\":\"search_term_string\"}}],\"inLanguage\":\"it-IT\"}]}<\/script>\n<!-- \/ Yoast SEO plugin. -->","yoast_head_json":{"title":"CloudBerry Remote Assistant: recensione- Accurate Reviews","description":"CloudBerry Remote Assistant: recensione\u00a0software di assistenza remota sviluppato da CloudBerry per connettersi e accedere da remoto ai computer.","robots":{"index":"index","follow":"follow","max-snippet":"max-snippet:-1","max-image-preview":"max-image-preview:large","max-video-preview":"max-video-preview:-1"},"canonical":"https:\/\/www.accuratereviews.com\/it\/controllo-remoto-lista-software\/cloudberry-remote-assistant-recensione\/","og_locale":"it_IT","og_type":"article","og_title":"CloudBerry Remote Assistant: recensione- Accurate Reviews","og_description":"CloudBerry Remote Assistant: recensione\u00a0software di assistenza remota sviluppato da CloudBerry per connettersi e accedere da remoto ai computer.","og_url":"https:\/\/www.accuratereviews.com\/it\/controllo-remoto-lista-software\/cloudberry-remote-assistant-recensione\/","og_site_name":"Accurate Reviews","article_modified_time":"2021-05-06T13:41:09+00:00","og_image":[{"width":230,"height":219,"url":"https:\/\/www.accuratereviews.com\/wp-content\/uploads\/2019\/05\/cloud.png","type":"image\/png"}],"twitter_card":"summary_large_image","twitter_misc":{"Tempo di lettura stimato":"2 minuti"},"schema":{"@context":"https:\/\/schema.org","@graph":[{"@type":"WebPage","@id":"https:\/\/www.accuratereviews.com\/it\/controllo-remoto-lista-software\/cloudberry-remote-assistant-recensione\/","url":"https:\/\/www.accuratereviews.com\/it\/controllo-remoto-lista-software\/cloudberry-remote-assistant-recensione\/","name":"CloudBerry Remote Assistant: recensione- Accurate Reviews","isPartOf":{"@id":"https:\/\/www.accuratereviews.com\/it\/#website"},"primaryImageOfPage":{"@id":"https:\/\/www.accuratereviews.com\/it\/controllo-remoto-lista-software\/cloudberry-remote-assistant-recensione\/#primaryimage"},"image":{"@id":"https:\/\/www.accuratereviews.com\/it\/controllo-remoto-lista-software\/cloudberry-remote-assistant-recensione\/#primaryimage"},"thumbnailUrl":"https:\/\/www.accuratereviews.com\/wp-content\/uploads\/2019\/05\/cloud.png","datePublished":"2019-05-24T14:23:33+00:00","dateModified":"2021-05-06T13:41:09+00:00","description":"CloudBerry Remote Assistant: recensione\u00a0software di assistenza remota sviluppato da CloudBerry per connettersi e accedere da remoto ai computer.","breadcrumb":{"@id":"https:\/\/www.accuratereviews.com\/it\/controllo-remoto-lista-software\/cloudberry-remote-assistant-recensione\/#breadcrumb"},"inLanguage":"it-IT","potentialAction":[{"@type":"ReadAction","target":["https:\/\/www.accuratereviews.com\/it\/controllo-remoto-lista-software\/cloudberry-remote-assistant-recensione\/"]}]},{"@type":"ImageObject","inLanguage":"it-IT","@id":"https:\/\/www.accuratereviews.com\/it\/controllo-remoto-lista-software\/cloudberry-remote-assistant-recensione\/#primaryimage","url":"https:\/\/www.accuratereviews.com\/wp-content\/uploads\/2019\/05\/cloud.png","contentUrl":"https:\/\/www.accuratereviews.com\/wp-content\/uploads\/2019\/05\/cloud.png","width":230,"height":219},{"@type":"BreadcrumbList","@id":"https:\/\/www.accuratereviews.com\/it\/controllo-remoto-lista-software\/cloudberry-remote-assistant-recensione\/#breadcrumb","itemListElement":[{"@type":"ListItem","position":1,"name":"Home","item":"https:\/\/www.accuratereviews.com\/it\/"},{"@type":"ListItem","position":2,"name":"Software per il controllo remoto","item":"https:\/\/www.accuratereviews.com\/it\/controllo-remoto-lista-software\/"},{"@type":"ListItem","position":3,"name":"CloudBerry Remote Assistant"}]},{"@type":"WebSite","@id":"https:\/\/www.accuratereviews.com\/it\/#website","url":"https:\/\/www.accuratereviews.com\/it\/","name":"Accurate Reviews","description":"","potentialAction":[{"@type":"SearchAction","target":{"@type":"EntryPoint","urlTemplate":"https:\/\/www.accuratereviews.com\/it\/?s={search_term_string}"},"query-input":{"@type":"PropertyValueSpecification","valueRequired":true,"valueName":"search_term_string"}}],"inLanguage":"it-IT"}]}},"_links":{"self":[{"href":"https:\/\/www.accuratereviews.com\/it\/wp-json\/wp\/v2\/pages\/14872","targetHints":{"allow":["GET"]}}],"collection":[{"href":"https:\/\/www.accuratereviews.com\/it\/wp-json\/wp\/v2\/pages"}],"about":[{"href":"https:\/\/www.accuratereviews.com\/it\/wp-json\/wp\/v2\/types\/page"}],"author":[{"embeddable":true,"href":"https:\/\/www.accuratereviews.com\/it\/wp-json\/wp\/v2\/users\/19"}],"replies":[{"embeddable":true,"href":"https:\/\/www.accuratereviews.com\/it\/wp-json\/wp\/v2\/comments?post=14872"}],"version-history":[{"count":10,"href":"https:\/\/www.accuratereviews.com\/it\/wp-json\/wp\/v2\/pages\/14872\/revisions"}],"predecessor-version":[{"id":42034,"href":"https:\/\/www.accuratereviews.com\/it\/wp-json\/wp\/v2\/pages\/14872\/revisions\/42034"}],"up":[{"embeddable":true,"href":"https:\/\/www.accuratereviews.com\/it\/wp-json\/wp\/v2\/pages\/14651"}],"wp:featuredmedia":[{"embeddable":true,"href":"https:\/\/www.accuratereviews.com\/it\/wp-json\/wp\/v2\/media\/14876"}],"wp:attachment":[{"href":"https:\/\/www.accuratereviews.com\/it\/wp-json\/wp\/v2\/media?parent=14872"}],"wp:term":[{"taxonomy":"category","embeddable":true,"href":"https:\/\/www.accuratereviews.com\/it\/wp-json\/wp\/v2\/categories?post=14872"},{"taxonomy":"post_tag","embeddable":true,"href":"https:\/\/www.accuratereviews.com\/it\/wp-json\/wp\/v2\/tags?post=14872"},{"taxonomy":"features","embeddable":true,"href":"https:\/\/www.accuratereviews.com\/it\/wp-json\/wp\/v2\/features?post=14872"}],"curies":[{"name":"wp","href":"https:\/\/api.w.org\/{rel}","templated":true}]}}