{"id":14887,"date":"2019-05-24T14:25:24","date_gmt":"2019-05-24T14:25:24","guid":{"rendered":"https:\/\/www.accuratereviews.com\/?page_id=14887"},"modified":"2021-05-06T13:42:11","modified_gmt":"2021-05-06T13:42:11","slug":"connectwise-control-recensione","status":"publish","type":"page","link":"https:\/\/www.accuratereviews.com\/it\/controllo-remoto-lista-software\/connectwise-control-recensione\/","title":{"rendered":"ConnectWise Control"},"content":{"rendered":"<p class=\"tw-data-text tw-ta tw-text-small\" dir=\"ltr\" data-placeholder=\"Traduzione\"><span lang=\"it\" tabindex=\"0\"><strong>ConnectWise Control<\/strong> \u00e8 un <strong>software di supporto remoto <\/strong>e accesso efficiente e rapido, progettato per i moderni team di assistenza tecnica. La soluzione consente agli utenti di rendere pi\u00f9 produttivo il proprio lavoro utilizzando il supporto remoto e l&#8217;accesso alla riparazione dei computer, alla fornitura di aggiornamenti e alla gestione delle macchine. Puoi anche condurre seminari online e preparare presentazioni per riunioni a distanza. T<\/span><span lang=\"it\" tabindex=\"0\">utti i partecipanti potranno vedere uno schermo condiviso, fare screenshot e registrare video, commentare e chattare tra loro. La parte migliore del processo \u00e8 che potranno invitare tutti i partecipanti che vogliono, il tutto con un solo clic.\u00a0<\/span><span lang=\"it\" tabindex=\"0\">Il team di supporto \u00e8 disponibile 24 ore su 24, 7 giorni su 7, tramite telefono, email e chat dal vivo. Compatibile con i principali sistemi operativi Mac, Linux e Windows questo programma \u00e8 completo e sicuro.<\/span><\/p>\n<h2 dir=\"ltr\" data-placeholder=\"Traduzione\">CONNECTWISE CONTROL &#8211; TUTORIAL<\/h2>\n<p>Il video tutorial che seguir\u00e0 ci permetter\u00e0 di capire meglio questo programma:<\/p>\n<div id=\"fluid-wrapper-counter-1\" class=\"g1-fluid-wrapper \" style=\"width:686px;\">\n<div style=\"padding-bottom:56.268221574344%;\"><iframe loading=\"lazy\" title=\"ConnectWise Control: 2019.0 Feature Preview\" width=\"686\" height=\"386\" src=\"https:\/\/www.youtube.com\/embed\/5CseeEuZCoU?feature=oembed&amp;wmode=transparent&amp;autohide=1&amp;autoplay=0&amp;disablekb=0&amp;fs=1&amp;loop=0&amp;enablejsapi=1&amp;rel=0&amp;controls=2&amp;showinfo=0&amp;wmode=transparent&amp;autohide=2&amp;autoplay=0&amp;disablekb=0&amp;fs=1&amp;loop=0&amp;enablejsapi=1&amp;rel=0&amp;controls=2&amp;showinfo=1\" frameborder=\"0\" allow=\"accelerometer; autoplay; encrypted-media; gyroscope; picture-in-picture\" allowfullscreen><\/iframe><\/div>\n<\/div>\n<h2 dir=\"ltr\" data-placeholder=\"Traduzione\">CONNECTWISE CONTROL &#8211; CARATTERISTICHE<\/h2>\n<ul>\n<li id=\"tw-target-text\" class=\"tw-data-text tw-ta tw-text-small\" dir=\"ltr\" data-placeholder=\"Traduzione\"><span lang=\"it\" tabindex=\"0\"><strong>Compatibilit\u00e0 multipiattaforma<\/strong>: controlla i dispositivi Samsung, ospita sessioni di supporto da Windows, Mac e Linux e visualizza lo schermo di iOS, Google Chrome OS o dispositivi Android<\/span><\/li>\n<li id=\"tw-target-text\" class=\"tw-data-text tw-ta tw-text-small\" dir=\"ltr\" data-placeholder=\"Traduzione\"><span lang=\"it\" tabindex=\"0\"><strong>Connetti in modo sicuro<\/strong>: crea connessioni end-to-end sicure con funzionalit\u00e0 di sicurezza basate su ruolo e sessione di gestione, autenticazione a due fattori (2FA), SSL, registrazione e auditing e altro ancora<\/span><\/li>\n<li dir=\"ltr\" data-placeholder=\"Traduzione\"><strong>Guest Experience<\/strong>: f<span lang=\"it\" tabindex=\"0\">ornisci ai tuoi clienti un codice semplice per collegarli facilmente alla loro sessione<\/span><\/li>\n<li id=\"tw-target-text\" class=\"tw-data-text tw-ta tw-text-small\" dir=\"ltr\" data-placeholder=\"Traduzione\"><span lang=\"it\" tabindex=\"0\"><strong>Rappresentati<\/strong>: personalizza con il tuo logo, icone e combinazioni di colori: puoi anche cambiare la lingua con estensioni speciali<\/span><\/li>\n<li id=\"tw-target-text\" class=\"tw-data-text tw-ta tw-text-small\" dir=\"ltr\" data-placeholder=\"Traduzione\"><span lang=\"it\" tabindex=\"0\"><strong>Estensione Marketplace<\/strong>: integrazione con i principali fornitori di terze parti per espandere le funzionalit\u00e0 aziendali e sfruttare ancora pi\u00f9 funzionalit\u00e0 con oltre 100 componenti aggiuntivi sul mercato<\/span><\/li>\n<li id=\"tw-target-text\" class=\"tw-data-text tw-ta tw-text-small\" dir=\"ltr\" data-placeholder=\"Traduzione\"><span lang=\"it\" tabindex=\"0\"><strong>Toolbox condiviso<\/strong>: non importa dove siano i membri del tuo team. Gli strumenti di cui hanno bisogno sono tutti facilmente accessibili da un&#8217;unica posizione, con file eseguibili e script pronti per essere caricati.<\/span><\/li>\n<\/ul>\n","protected":false},"excerpt":{"rendered":"<p>ConnectWise Control \u00e8 un software di supporto remoto e\u00a0accesso efficiente e rapido progettato per i moderni team di assistenza tecnica. La soluzione consente agli utenti di rendere pi\u00f9 produttivo il proprio lavoro utilizzando il supporto remoto e l&#8217;accesso alla riparazione dei computer, alla fornitura di aggiornamenti e alla gestione delle macchine. Puoi anche condurre seminari online e preparare presentazioni per riunioni a distanza<\/p>\n","protected":false},"author":19,"featured_media":14892,"parent":14651,"menu_order":0,"comment_status":"open","ping_status":"closed","template":"g1_template_page_review_new.php","meta":{"_acf_changed":false,"cwp_meta_box_check":"Yes","cwp_rev_product_name":"","cwp_rev_product_image":"","wppr_links":[],"cwp_rev_price":"","wppr_options":[],"wppr_pros":[],"wppr_cons":[],"_monsterinsights_skip_tracking":false,"_monsterinsights_sitenote_active":false,"_monsterinsights_sitenote_note":"","_monsterinsights_sitenote_category":0,"footnotes":""},"categories":[625],"tags":[656,638,637,657],"features":[],"class_list":{"0":"post-14887","1":"page","2":"type-page","3":"status-publish","4":"has-post-thumbnail","6":"category-controllo-remoto","7":"tag-end-to-end","8":"tag-programma-supporto-remoto","9":"tag-software-supporto-remoto","10":"tag-supporto-a-distanza"},"wppr_data":{"cwp_meta_box_check":"Yes","cwp_rev_product_name":"","cwp_rev_product_image":"","cwp_image_link":"image","cwp_rev_price":"","wppr_rating":"0.00"},"acf":[],"yoast_head":"<!-- This site is optimized with the Yoast SEO plugin v27.4 - https:\/\/yoast.com\/product\/yoast-seo-wordpress\/ -->\n<title>ConnectWise Control: recensione - Accurate Reviews<\/title>\n<meta name=\"description\" content=\"ConnectWise Control: recensione software di supporto remoto e\u00a0accesso efficiente e rapido progettato per i moderni team di assistenza tecnica.\" \/>\n<meta name=\"robots\" content=\"index, follow, max-snippet:-1, max-image-preview:large, max-video-preview:-1\" \/>\n<link rel=\"canonical\" href=\"https:\/\/www.accuratereviews.com\/it\/controllo-remoto-lista-software\/connectwise-control-recensione\/\" \/>\n<meta property=\"og:locale\" content=\"it_IT\" \/>\n<meta property=\"og:type\" content=\"article\" \/>\n<meta property=\"og:title\" content=\"ConnectWise Control: recensione - Accurate Reviews\" \/>\n<meta property=\"og:description\" content=\"ConnectWise Control: recensione software di supporto remoto e\u00a0accesso efficiente e rapido progettato per i moderni team di assistenza tecnica.\" \/>\n<meta property=\"og:url\" content=\"https:\/\/www.accuratereviews.com\/it\/controllo-remoto-lista-software\/connectwise-control-recensione\/\" \/>\n<meta property=\"og:site_name\" content=\"Accurate Reviews\" \/>\n<meta property=\"article:modified_time\" content=\"2021-05-06T13:42:11+00:00\" \/>\n<meta property=\"og:image\" content=\"https:\/\/www.accuratereviews.com\/wp-content\/uploads\/2019\/05\/connet.png\" \/>\n\t<meta property=\"og:image:width\" content=\"225\" \/>\n\t<meta property=\"og:image:height\" content=\"225\" \/>\n\t<meta property=\"og:image:type\" content=\"image\/png\" \/>\n<meta name=\"twitter:card\" content=\"summary_large_image\" \/>\n<meta name=\"twitter:label1\" content=\"Tempo di lettura stimato\" \/>\n\t<meta name=\"twitter:data1\" content=\"2 minuti\" \/>\n<script type=\"application\/ld+json\" class=\"yoast-schema-graph\">{\"@context\":\"https:\\\/\\\/schema.org\",\"@graph\":[{\"@type\":\"WebPage\",\"@id\":\"https:\\\/\\\/www.accuratereviews.com\\\/it\\\/controllo-remoto-lista-software\\\/connectwise-control-recensione\\\/\",\"url\":\"https:\\\/\\\/www.accuratereviews.com\\\/it\\\/controllo-remoto-lista-software\\\/connectwise-control-recensione\\\/\",\"name\":\"ConnectWise Control: recensione - Accurate Reviews\",\"isPartOf\":{\"@id\":\"https:\\\/\\\/www.accuratereviews.com\\\/it\\\/#website\"},\"primaryImageOfPage\":{\"@id\":\"https:\\\/\\\/www.accuratereviews.com\\\/it\\\/controllo-remoto-lista-software\\\/connectwise-control-recensione\\\/#primaryimage\"},\"image\":{\"@id\":\"https:\\\/\\\/www.accuratereviews.com\\\/it\\\/controllo-remoto-lista-software\\\/connectwise-control-recensione\\\/#primaryimage\"},\"thumbnailUrl\":\"https:\\\/\\\/www.accuratereviews.com\\\/wp-content\\\/uploads\\\/2019\\\/05\\\/connet.png\",\"datePublished\":\"2019-05-24T14:25:24+00:00\",\"dateModified\":\"2021-05-06T13:42:11+00:00\",\"description\":\"ConnectWise Control: recensione software di supporto remoto e\u00a0accesso efficiente e rapido progettato per i moderni team di assistenza tecnica.\",\"breadcrumb\":{\"@id\":\"https:\\\/\\\/www.accuratereviews.com\\\/it\\\/controllo-remoto-lista-software\\\/connectwise-control-recensione\\\/#breadcrumb\"},\"inLanguage\":\"it-IT\",\"potentialAction\":[{\"@type\":\"ReadAction\",\"target\":[\"https:\\\/\\\/www.accuratereviews.com\\\/it\\\/controllo-remoto-lista-software\\\/connectwise-control-recensione\\\/\"]}]},{\"@type\":\"ImageObject\",\"inLanguage\":\"it-IT\",\"@id\":\"https:\\\/\\\/www.accuratereviews.com\\\/it\\\/controllo-remoto-lista-software\\\/connectwise-control-recensione\\\/#primaryimage\",\"url\":\"https:\\\/\\\/www.accuratereviews.com\\\/wp-content\\\/uploads\\\/2019\\\/05\\\/connet.png\",\"contentUrl\":\"https:\\\/\\\/www.accuratereviews.com\\\/wp-content\\\/uploads\\\/2019\\\/05\\\/connet.png\",\"width\":225,\"height\":225},{\"@type\":\"BreadcrumbList\",\"@id\":\"https:\\\/\\\/www.accuratereviews.com\\\/it\\\/controllo-remoto-lista-software\\\/connectwise-control-recensione\\\/#breadcrumb\",\"itemListElement\":[{\"@type\":\"ListItem\",\"position\":1,\"name\":\"Home\",\"item\":\"https:\\\/\\\/www.accuratereviews.com\\\/it\\\/\"},{\"@type\":\"ListItem\",\"position\":2,\"name\":\"Software per il controllo remoto\",\"item\":\"https:\\\/\\\/www.accuratereviews.com\\\/it\\\/controllo-remoto-lista-software\\\/\"},{\"@type\":\"ListItem\",\"position\":3,\"name\":\"ConnectWise Control\"}]},{\"@type\":\"WebSite\",\"@id\":\"https:\\\/\\\/www.accuratereviews.com\\\/it\\\/#website\",\"url\":\"https:\\\/\\\/www.accuratereviews.com\\\/it\\\/\",\"name\":\"Accurate Reviews\",\"description\":\"\",\"potentialAction\":[{\"@type\":\"SearchAction\",\"target\":{\"@type\":\"EntryPoint\",\"urlTemplate\":\"https:\\\/\\\/www.accuratereviews.com\\\/it\\\/?s={search_term_string}\"},\"query-input\":{\"@type\":\"PropertyValueSpecification\",\"valueRequired\":true,\"valueName\":\"search_term_string\"}}],\"inLanguage\":\"it-IT\"}]}<\/script>\n<!-- \/ Yoast SEO plugin. -->","yoast_head_json":{"title":"ConnectWise Control: recensione - Accurate Reviews","description":"ConnectWise Control: recensione software di supporto remoto e\u00a0accesso efficiente e rapido progettato per i moderni team di assistenza tecnica.","robots":{"index":"index","follow":"follow","max-snippet":"max-snippet:-1","max-image-preview":"max-image-preview:large","max-video-preview":"max-video-preview:-1"},"canonical":"https:\/\/www.accuratereviews.com\/it\/controllo-remoto-lista-software\/connectwise-control-recensione\/","og_locale":"it_IT","og_type":"article","og_title":"ConnectWise Control: recensione - Accurate Reviews","og_description":"ConnectWise Control: recensione software di supporto remoto e\u00a0accesso efficiente e rapido progettato per i moderni team di assistenza tecnica.","og_url":"https:\/\/www.accuratereviews.com\/it\/controllo-remoto-lista-software\/connectwise-control-recensione\/","og_site_name":"Accurate Reviews","article_modified_time":"2021-05-06T13:42:11+00:00","og_image":[{"width":225,"height":225,"url":"https:\/\/www.accuratereviews.com\/wp-content\/uploads\/2019\/05\/connet.png","type":"image\/png"}],"twitter_card":"summary_large_image","twitter_misc":{"Tempo di lettura stimato":"2 minuti"},"schema":{"@context":"https:\/\/schema.org","@graph":[{"@type":"WebPage","@id":"https:\/\/www.accuratereviews.com\/it\/controllo-remoto-lista-software\/connectwise-control-recensione\/","url":"https:\/\/www.accuratereviews.com\/it\/controllo-remoto-lista-software\/connectwise-control-recensione\/","name":"ConnectWise Control: recensione - Accurate Reviews","isPartOf":{"@id":"https:\/\/www.accuratereviews.com\/it\/#website"},"primaryImageOfPage":{"@id":"https:\/\/www.accuratereviews.com\/it\/controllo-remoto-lista-software\/connectwise-control-recensione\/#primaryimage"},"image":{"@id":"https:\/\/www.accuratereviews.com\/it\/controllo-remoto-lista-software\/connectwise-control-recensione\/#primaryimage"},"thumbnailUrl":"https:\/\/www.accuratereviews.com\/wp-content\/uploads\/2019\/05\/connet.png","datePublished":"2019-05-24T14:25:24+00:00","dateModified":"2021-05-06T13:42:11+00:00","description":"ConnectWise Control: recensione software di supporto remoto e\u00a0accesso efficiente e rapido progettato per i moderni team di assistenza tecnica.","breadcrumb":{"@id":"https:\/\/www.accuratereviews.com\/it\/controllo-remoto-lista-software\/connectwise-control-recensione\/#breadcrumb"},"inLanguage":"it-IT","potentialAction":[{"@type":"ReadAction","target":["https:\/\/www.accuratereviews.com\/it\/controllo-remoto-lista-software\/connectwise-control-recensione\/"]}]},{"@type":"ImageObject","inLanguage":"it-IT","@id":"https:\/\/www.accuratereviews.com\/it\/controllo-remoto-lista-software\/connectwise-control-recensione\/#primaryimage","url":"https:\/\/www.accuratereviews.com\/wp-content\/uploads\/2019\/05\/connet.png","contentUrl":"https:\/\/www.accuratereviews.com\/wp-content\/uploads\/2019\/05\/connet.png","width":225,"height":225},{"@type":"BreadcrumbList","@id":"https:\/\/www.accuratereviews.com\/it\/controllo-remoto-lista-software\/connectwise-control-recensione\/#breadcrumb","itemListElement":[{"@type":"ListItem","position":1,"name":"Home","item":"https:\/\/www.accuratereviews.com\/it\/"},{"@type":"ListItem","position":2,"name":"Software per il controllo remoto","item":"https:\/\/www.accuratereviews.com\/it\/controllo-remoto-lista-software\/"},{"@type":"ListItem","position":3,"name":"ConnectWise Control"}]},{"@type":"WebSite","@id":"https:\/\/www.accuratereviews.com\/it\/#website","url":"https:\/\/www.accuratereviews.com\/it\/","name":"Accurate Reviews","description":"","potentialAction":[{"@type":"SearchAction","target":{"@type":"EntryPoint","urlTemplate":"https:\/\/www.accuratereviews.com\/it\/?s={search_term_string}"},"query-input":{"@type":"PropertyValueSpecification","valueRequired":true,"valueName":"search_term_string"}}],"inLanguage":"it-IT"}]}},"_links":{"self":[{"href":"https:\/\/www.accuratereviews.com\/it\/wp-json\/wp\/v2\/pages\/14887","targetHints":{"allow":["GET"]}}],"collection":[{"href":"https:\/\/www.accuratereviews.com\/it\/wp-json\/wp\/v2\/pages"}],"about":[{"href":"https:\/\/www.accuratereviews.com\/it\/wp-json\/wp\/v2\/types\/page"}],"author":[{"embeddable":true,"href":"https:\/\/www.accuratereviews.com\/it\/wp-json\/wp\/v2\/users\/19"}],"replies":[{"embeddable":true,"href":"https:\/\/www.accuratereviews.com\/it\/wp-json\/wp\/v2\/comments?post=14887"}],"version-history":[{"count":12,"href":"https:\/\/www.accuratereviews.com\/it\/wp-json\/wp\/v2\/pages\/14887\/revisions"}],"predecessor-version":[{"id":42036,"href":"https:\/\/www.accuratereviews.com\/it\/wp-json\/wp\/v2\/pages\/14887\/revisions\/42036"}],"up":[{"embeddable":true,"href":"https:\/\/www.accuratereviews.com\/it\/wp-json\/wp\/v2\/pages\/14651"}],"wp:featuredmedia":[{"embeddable":true,"href":"https:\/\/www.accuratereviews.com\/it\/wp-json\/wp\/v2\/media\/14892"}],"wp:attachment":[{"href":"https:\/\/www.accuratereviews.com\/it\/wp-json\/wp\/v2\/media?parent=14887"}],"wp:term":[{"taxonomy":"category","embeddable":true,"href":"https:\/\/www.accuratereviews.com\/it\/wp-json\/wp\/v2\/categories?post=14887"},{"taxonomy":"post_tag","embeddable":true,"href":"https:\/\/www.accuratereviews.com\/it\/wp-json\/wp\/v2\/tags?post=14887"},{"taxonomy":"features","embeddable":true,"href":"https:\/\/www.accuratereviews.com\/it\/wp-json\/wp\/v2\/features?post=14887"}],"curies":[{"name":"wp","href":"https:\/\/api.w.org\/{rel}","templated":true}]}}