{"id":14966,"date":"2019-05-28T07:27:14","date_gmt":"2019-05-28T07:27:14","guid":{"rendered":"https:\/\/www.accuratereviews.com\/?page_id=14966"},"modified":"2021-05-06T14:44:36","modified_gmt":"2021-05-06T14:44:36","slug":"mikogo-recensione","status":"publish","type":"page","link":"https:\/\/www.accuratereviews.com\/it\/controllo-remoto-lista-software\/mikogo-recensione\/","title":{"rendered":"Mikogo"},"content":{"rendered":"<p dir=\"ltr\" data-placeholder=\"Traduzione\"><strong>Mikogo<\/strong> \u00e8 una soluzione di conferenza web che consente agli utenti di partecipare a riunioni all\u2019interno del proprio browser web (inclusi i browser su dispositivi mobili) senza scaricare plug-in o utilizzare Flash. Le funzionalit\u00e0 chiave includono la possibilit\u00e0 di concedere ai partecipanti i privilegi di <strong>condivisione del desktop<\/strong> del presentatore, il<strong> controllo remoto<\/strong> sui computer dei partecipanti, una lavagna multiutente per annotazioni e disegni e la condivisione selettiva di applicazioni \/ finestre. Mikogo offre account personali e aziendali. Gli account personali sono gratuiti, anche se sono limitati a tre partecipanti per stanza e non includono funzionalit\u00e0 di conferenza web come lavagne. Supporto in 35 lingue e altamente personalizzabile.<\/p>\n<h2 dir=\"ltr\" data-placeholder=\"Traduzione\">MIKOGO &#8211; TUTORIAL<\/h2>\n<p>Tutorial su come utilizzare e creare un account con questo programma:<\/p>\n<div id=\"fluid-wrapper-counter-1\" class=\"g1-fluid-wrapper \" style=\"width:686px;\">\n<div style=\"padding-bottom:56.268221574344%;\"><iframe loading=\"lazy\" title=\"Tutorial de como usar y crear una cuenta con Mikogo\" width=\"686\" height=\"386\" src=\"https:\/\/www.youtube.com\/embed\/1euYDwNn0FU?feature=oembed&amp;wmode=transparent&amp;autohide=1&amp;autoplay=0&amp;disablekb=0&amp;fs=1&amp;loop=0&amp;enablejsapi=1&amp;rel=0&amp;controls=2&amp;showinfo=0&amp;wmode=transparent&amp;autohide=2&amp;autoplay=0&amp;disablekb=0&amp;fs=1&amp;loop=0&amp;enablejsapi=1&amp;rel=0&amp;controls=2&amp;showinfo=1\" frameborder=\"0\" allow=\"accelerometer; autoplay; encrypted-media; gyroscope; picture-in-picture\" allowfullscreen><\/iframe><\/div>\n<\/div>\n<h2 dir=\"ltr\" data-placeholder=\"Traduzione\">MIKOGO &#8211; CARATTERISTICHE<\/h2>\n<ul>\n<li dir=\"ltr\" data-placeholder=\"Traduzione\"><strong>Condivisione desktop<\/strong>: fornisce una condivisione del desktop di alta qualit\u00e0 cos\u00ec che \u00e8 possibile condividere lo schermo del computer in tempo reale tramite internet<\/li>\n<li dir=\"ltr\" data-placeholder=\"Traduzione\"><strong>Meeting con diversi partecipanti<\/strong>: fino a 25 partecipanti possono unirsi alla tua sessione e vedere in tempo reale il tuo schermo<\/li>\n<li dir=\"ltr\" data-placeholder=\"Traduzione\"><strong>Cambia presentatore<\/strong>: invia un invito come presentatore a uno dei partecipanti durante la sessione<\/li>\n<li dir=\"ltr\" data-placeholder=\"Traduzione\"><strong>Controllo remoto di Tastiera e Mouse<\/strong>: mentre condividi il tuo schermo, assegna il controllo remoto a un partecipante alla sessione. Questa opzione stimola i partecipanti a contribuire attivamente alla web conference ed arricchisce il dibattito online, costituendo inoltre una soluzione ideale per il supporto remoto<\/li>\n<li dir=\"ltr\" data-placeholder=\"Traduzione\"><strong>Visualizzatore HTML<\/strong>: il premiato visualizzatore HTML fornisce ai partecipanti un nuovo modo di partecipare alle sessioni, che non comporta il download di alcun software. Gli utenti possono partecipare semplicemente tramite un browser web e visualizzare lo schermo del presentatore in tempo reale direttamente dal loro browser<\/li>\n<li dir=\"ltr\" data-placeholder=\"Traduzione\"><strong>Pianificazione dei Meeting<\/strong>: pianifica le tue sessioni multiple avanti nel tempo, e tieni traccia di queste nel pianificatore. Ogni sessione riceve un unico ID e pu\u00f2 essere ripetutamente utilizzata per future occasioni<\/li>\n<li dir=\"ltr\" data-placeholder=\"Traduzione\"><strong>Registrazione meetings e riproduzione<\/strong>: sia il presentatore che i partecipanti possono registrare la sessione da conservare per una futura riproduzione.Il player della sessione pu\u00f2 essere scaricato gratuitamente<\/li>\n<li dir=\"ltr\" data-placeholder=\"Traduzione\"><strong>Lavagna<\/strong>: consenti al toolbar della lavagna di illustrare ed evidenziare le aree sul tuo schermo<\/li>\n<li dir=\"ltr\" data-placeholder=\"Traduzione\"><strong>Chat<\/strong>: invia i messaggi a tutti i partecipanti o a quello selezionato. I nomi dei partecipanti appaiono nel colore assegnato per rendere pi\u00f9 facile l\u2019identificazione. E \u2018anche possibile per l\u2019organizzatore disattivare la chat di gruppo, in questo modo i partecipanti non possono chattare tra di loro, ma solo con l\u2019 organizzatore.<\/li>\n<li dir=\"ltr\" data-placeholder=\"Traduzione\"><strong>Gestione Profilo<\/strong>: questa funzione consente di impostare una variet\u00e0 di profili diversi con diversi diritti e con le caratteristiche su misura per diversi tipi di utilizzo.<\/li>\n<li dir=\"ltr\" data-placeholder=\"Traduzione\"><strong>Controllo Monitor<\/strong>: questo piccolo box ti permette di visualizzare esattamente cosa i tuoi utenti possono vedere sul tuo monitor durante una sessione di condivisione del desktop.<\/li>\n<li dir=\"ltr\" data-placeholder=\"Traduzione\"><strong>Supporto Multi-Monitor<\/strong>: se avete 2 o pi\u00f9 monitor collegati al computer, la selezione delle applicazioni di Mikogo consente di selezionare il monitor che si desidera visualizzare, oppure se si desidera visualizzarli tutti.<\/li>\n<\/ul>\n","protected":false},"excerpt":{"rendered":"<p>Mikogo \u00e8 una soluzione di conferenza web che consente agli utenti di partecipare a riunioni all\u2019interno del proprio browser web (inclusi i browser su dispositivi mobili) senza scaricare plug-in o utilizzare Flash. Le funzionalit\u00e0 chiave includono la possibilit\u00e0 di concedere ai partecipanti i privilegi di condivisione del desktop del presentatore, il controllo remoto sui computer dei partecipanti, una lavagna multiutente per annotazioni e disegni e la condivisione selettiva di applicazioni \/ finestre. <\/p>\n","protected":false},"author":19,"featured_media":14970,"parent":14651,"menu_order":0,"comment_status":"open","ping_status":"closed","template":"g1_template_page_review_new.php","meta":{"_acf_changed":false,"cwp_meta_box_check":"Yes","cwp_rev_product_name":"","cwp_rev_product_image":"","wppr_links":[],"cwp_rev_price":"","wppr_options":[],"wppr_pros":[],"wppr_cons":[],"_monsterinsights_skip_tracking":false,"_monsterinsights_sitenote_active":false,"_monsterinsights_sitenote_note":"","_monsterinsights_sitenote_category":0,"footnotes":""},"categories":[625],"tags":[2307,633,2306,649],"features":[],"class_list":{"0":"post-14966","1":"page","2":"type-page","3":"status-publish","4":"has-post-thumbnail","6":"category-controllo-remoto","7":"tag-come-controllare-il-pc-da-remoto","8":"tag-controllo-remoto","9":"tag-controllo-remoto-software","10":"tag-programma-controllo-remoto"},"wppr_data":{"cwp_meta_box_check":"Yes","cwp_rev_product_name":"","cwp_rev_product_image":"","cwp_image_link":"image","cwp_rev_price":"","wppr_rating":"0.00"},"acf":[],"yoast_head":"<!-- This site is optimized with the Yoast SEO plugin v27.4 - https:\/\/yoast.com\/product\/yoast-seo-wordpress\/ -->\n<title>Mikogo: recensione software per condivisione schermo- Accurate Reviews<\/title>\n<meta name=\"description\" content=\"Mikogo: \u00e8 una soluzione di conferenza remota che consente agli utenti di partecipare alle riunioni all&#039;interno del proprio browser web. Scopri di pi\u00f9.\" \/>\n<meta name=\"robots\" content=\"index, follow, max-snippet:-1, max-image-preview:large, max-video-preview:-1\" \/>\n<link rel=\"canonical\" href=\"https:\/\/www.accuratereviews.com\/it\/controllo-remoto-lista-software\/mikogo-recensione\/\" \/>\n<meta property=\"og:locale\" content=\"it_IT\" \/>\n<meta property=\"og:type\" content=\"article\" \/>\n<meta property=\"og:title\" content=\"Mikogo: recensione software per condivisione schermo- Accurate Reviews\" \/>\n<meta property=\"og:description\" content=\"Mikogo: \u00e8 una soluzione di conferenza remota che consente agli utenti di partecipare alle riunioni all&#039;interno del proprio browser web. Scopri di pi\u00f9.\" \/>\n<meta property=\"og:url\" content=\"https:\/\/www.accuratereviews.com\/it\/controllo-remoto-lista-software\/mikogo-recensione\/\" \/>\n<meta property=\"og:site_name\" content=\"Accurate Reviews\" \/>\n<meta property=\"article:modified_time\" content=\"2021-05-06T14:44:36+00:00\" \/>\n<meta property=\"og:image\" content=\"https:\/\/www.accuratereviews.com\/wp-content\/uploads\/2019\/05\/Mikogo.png\" \/>\n\t<meta property=\"og:image:width\" content=\"600\" \/>\n\t<meta property=\"og:image:height\" content=\"400\" \/>\n\t<meta property=\"og:image:type\" content=\"image\/png\" \/>\n<meta name=\"twitter:card\" content=\"summary_large_image\" \/>\n<meta name=\"twitter:label1\" content=\"Tempo di lettura stimato\" \/>\n\t<meta name=\"twitter:data1\" content=\"2 minuti\" \/>\n<script type=\"application\/ld+json\" class=\"yoast-schema-graph\">{\"@context\":\"https:\\\/\\\/schema.org\",\"@graph\":[{\"@type\":\"WebPage\",\"@id\":\"https:\\\/\\\/www.accuratereviews.com\\\/it\\\/controllo-remoto-lista-software\\\/mikogo-recensione\\\/\",\"url\":\"https:\\\/\\\/www.accuratereviews.com\\\/it\\\/controllo-remoto-lista-software\\\/mikogo-recensione\\\/\",\"name\":\"Mikogo: recensione software per condivisione schermo- Accurate Reviews\",\"isPartOf\":{\"@id\":\"https:\\\/\\\/www.accuratereviews.com\\\/it\\\/#website\"},\"primaryImageOfPage\":{\"@id\":\"https:\\\/\\\/www.accuratereviews.com\\\/it\\\/controllo-remoto-lista-software\\\/mikogo-recensione\\\/#primaryimage\"},\"image\":{\"@id\":\"https:\\\/\\\/www.accuratereviews.com\\\/it\\\/controllo-remoto-lista-software\\\/mikogo-recensione\\\/#primaryimage\"},\"thumbnailUrl\":\"https:\\\/\\\/www.accuratereviews.com\\\/wp-content\\\/uploads\\\/2019\\\/05\\\/Mikogo.png\",\"datePublished\":\"2019-05-28T07:27:14+00:00\",\"dateModified\":\"2021-05-06T14:44:36+00:00\",\"description\":\"Mikogo: \u00e8 una soluzione di conferenza remota che consente agli utenti di partecipare alle riunioni all'interno del proprio browser web. Scopri di pi\u00f9.\",\"breadcrumb\":{\"@id\":\"https:\\\/\\\/www.accuratereviews.com\\\/it\\\/controllo-remoto-lista-software\\\/mikogo-recensione\\\/#breadcrumb\"},\"inLanguage\":\"it-IT\",\"potentialAction\":[{\"@type\":\"ReadAction\",\"target\":[\"https:\\\/\\\/www.accuratereviews.com\\\/it\\\/controllo-remoto-lista-software\\\/mikogo-recensione\\\/\"]}]},{\"@type\":\"ImageObject\",\"inLanguage\":\"it-IT\",\"@id\":\"https:\\\/\\\/www.accuratereviews.com\\\/it\\\/controllo-remoto-lista-software\\\/mikogo-recensione\\\/#primaryimage\",\"url\":\"https:\\\/\\\/www.accuratereviews.com\\\/wp-content\\\/uploads\\\/2019\\\/05\\\/Mikogo.png\",\"contentUrl\":\"https:\\\/\\\/www.accuratereviews.com\\\/wp-content\\\/uploads\\\/2019\\\/05\\\/Mikogo.png\",\"width\":600,\"height\":400},{\"@type\":\"BreadcrumbList\",\"@id\":\"https:\\\/\\\/www.accuratereviews.com\\\/it\\\/controllo-remoto-lista-software\\\/mikogo-recensione\\\/#breadcrumb\",\"itemListElement\":[{\"@type\":\"ListItem\",\"position\":1,\"name\":\"Home\",\"item\":\"https:\\\/\\\/www.accuratereviews.com\\\/it\\\/\"},{\"@type\":\"ListItem\",\"position\":2,\"name\":\"Software per il controllo remoto\",\"item\":\"https:\\\/\\\/www.accuratereviews.com\\\/it\\\/controllo-remoto-lista-software\\\/\"},{\"@type\":\"ListItem\",\"position\":3,\"name\":\"Mikogo\"}]},{\"@type\":\"WebSite\",\"@id\":\"https:\\\/\\\/www.accuratereviews.com\\\/it\\\/#website\",\"url\":\"https:\\\/\\\/www.accuratereviews.com\\\/it\\\/\",\"name\":\"Accurate Reviews\",\"description\":\"\",\"potentialAction\":[{\"@type\":\"SearchAction\",\"target\":{\"@type\":\"EntryPoint\",\"urlTemplate\":\"https:\\\/\\\/www.accuratereviews.com\\\/it\\\/?s={search_term_string}\"},\"query-input\":{\"@type\":\"PropertyValueSpecification\",\"valueRequired\":true,\"valueName\":\"search_term_string\"}}],\"inLanguage\":\"it-IT\"}]}<\/script>\n<!-- \/ Yoast SEO plugin. -->","yoast_head_json":{"title":"Mikogo: recensione software per condivisione schermo- Accurate Reviews","description":"Mikogo: \u00e8 una soluzione di conferenza remota che consente agli utenti di partecipare alle riunioni all'interno del proprio browser web. Scopri di pi\u00f9.","robots":{"index":"index","follow":"follow","max-snippet":"max-snippet:-1","max-image-preview":"max-image-preview:large","max-video-preview":"max-video-preview:-1"},"canonical":"https:\/\/www.accuratereviews.com\/it\/controllo-remoto-lista-software\/mikogo-recensione\/","og_locale":"it_IT","og_type":"article","og_title":"Mikogo: recensione software per condivisione schermo- Accurate Reviews","og_description":"Mikogo: \u00e8 una soluzione di conferenza remota che consente agli utenti di partecipare alle riunioni all'interno del proprio browser web. Scopri di pi\u00f9.","og_url":"https:\/\/www.accuratereviews.com\/it\/controllo-remoto-lista-software\/mikogo-recensione\/","og_site_name":"Accurate Reviews","article_modified_time":"2021-05-06T14:44:36+00:00","og_image":[{"width":600,"height":400,"url":"https:\/\/www.accuratereviews.com\/wp-content\/uploads\/2019\/05\/Mikogo.png","type":"image\/png"}],"twitter_card":"summary_large_image","twitter_misc":{"Tempo di lettura stimato":"2 minuti"},"schema":{"@context":"https:\/\/schema.org","@graph":[{"@type":"WebPage","@id":"https:\/\/www.accuratereviews.com\/it\/controllo-remoto-lista-software\/mikogo-recensione\/","url":"https:\/\/www.accuratereviews.com\/it\/controllo-remoto-lista-software\/mikogo-recensione\/","name":"Mikogo: recensione software per condivisione schermo- Accurate Reviews","isPartOf":{"@id":"https:\/\/www.accuratereviews.com\/it\/#website"},"primaryImageOfPage":{"@id":"https:\/\/www.accuratereviews.com\/it\/controllo-remoto-lista-software\/mikogo-recensione\/#primaryimage"},"image":{"@id":"https:\/\/www.accuratereviews.com\/it\/controllo-remoto-lista-software\/mikogo-recensione\/#primaryimage"},"thumbnailUrl":"https:\/\/www.accuratereviews.com\/wp-content\/uploads\/2019\/05\/Mikogo.png","datePublished":"2019-05-28T07:27:14+00:00","dateModified":"2021-05-06T14:44:36+00:00","description":"Mikogo: \u00e8 una soluzione di conferenza remota che consente agli utenti di partecipare alle riunioni all'interno del proprio browser web. Scopri di pi\u00f9.","breadcrumb":{"@id":"https:\/\/www.accuratereviews.com\/it\/controllo-remoto-lista-software\/mikogo-recensione\/#breadcrumb"},"inLanguage":"it-IT","potentialAction":[{"@type":"ReadAction","target":["https:\/\/www.accuratereviews.com\/it\/controllo-remoto-lista-software\/mikogo-recensione\/"]}]},{"@type":"ImageObject","inLanguage":"it-IT","@id":"https:\/\/www.accuratereviews.com\/it\/controllo-remoto-lista-software\/mikogo-recensione\/#primaryimage","url":"https:\/\/www.accuratereviews.com\/wp-content\/uploads\/2019\/05\/Mikogo.png","contentUrl":"https:\/\/www.accuratereviews.com\/wp-content\/uploads\/2019\/05\/Mikogo.png","width":600,"height":400},{"@type":"BreadcrumbList","@id":"https:\/\/www.accuratereviews.com\/it\/controllo-remoto-lista-software\/mikogo-recensione\/#breadcrumb","itemListElement":[{"@type":"ListItem","position":1,"name":"Home","item":"https:\/\/www.accuratereviews.com\/it\/"},{"@type":"ListItem","position":2,"name":"Software per il controllo remoto","item":"https:\/\/www.accuratereviews.com\/it\/controllo-remoto-lista-software\/"},{"@type":"ListItem","position":3,"name":"Mikogo"}]},{"@type":"WebSite","@id":"https:\/\/www.accuratereviews.com\/it\/#website","url":"https:\/\/www.accuratereviews.com\/it\/","name":"Accurate Reviews","description":"","potentialAction":[{"@type":"SearchAction","target":{"@type":"EntryPoint","urlTemplate":"https:\/\/www.accuratereviews.com\/it\/?s={search_term_string}"},"query-input":{"@type":"PropertyValueSpecification","valueRequired":true,"valueName":"search_term_string"}}],"inLanguage":"it-IT"}]}},"_links":{"self":[{"href":"https:\/\/www.accuratereviews.com\/it\/wp-json\/wp\/v2\/pages\/14966","targetHints":{"allow":["GET"]}}],"collection":[{"href":"https:\/\/www.accuratereviews.com\/it\/wp-json\/wp\/v2\/pages"}],"about":[{"href":"https:\/\/www.accuratereviews.com\/it\/wp-json\/wp\/v2\/types\/page"}],"author":[{"embeddable":true,"href":"https:\/\/www.accuratereviews.com\/it\/wp-json\/wp\/v2\/users\/19"}],"replies":[{"embeddable":true,"href":"https:\/\/www.accuratereviews.com\/it\/wp-json\/wp\/v2\/comments?post=14966"}],"version-history":[{"count":10,"href":"https:\/\/www.accuratereviews.com\/it\/wp-json\/wp\/v2\/pages\/14966\/revisions"}],"predecessor-version":[{"id":42056,"href":"https:\/\/www.accuratereviews.com\/it\/wp-json\/wp\/v2\/pages\/14966\/revisions\/42056"}],"up":[{"embeddable":true,"href":"https:\/\/www.accuratereviews.com\/it\/wp-json\/wp\/v2\/pages\/14651"}],"wp:featuredmedia":[{"embeddable":true,"href":"https:\/\/www.accuratereviews.com\/it\/wp-json\/wp\/v2\/media\/14970"}],"wp:attachment":[{"href":"https:\/\/www.accuratereviews.com\/it\/wp-json\/wp\/v2\/media?parent=14966"}],"wp:term":[{"taxonomy":"category","embeddable":true,"href":"https:\/\/www.accuratereviews.com\/it\/wp-json\/wp\/v2\/categories?post=14966"},{"taxonomy":"post_tag","embeddable":true,"href":"https:\/\/www.accuratereviews.com\/it\/wp-json\/wp\/v2\/tags?post=14966"},{"taxonomy":"features","embeddable":true,"href":"https:\/\/www.accuratereviews.com\/it\/wp-json\/wp\/v2\/features?post=14966"}],"curies":[{"name":"wp","href":"https:\/\/api.w.org\/{rel}","templated":true}]}}