{"id":14978,"date":"2019-05-28T07:21:40","date_gmt":"2019-05-28T07:21:40","guid":{"rendered":"https:\/\/www.accuratereviews.com\/?page_id=14978"},"modified":"2021-05-06T14:49:30","modified_gmt":"2021-05-06T14:49:30","slug":"nomachine-recensione","status":"publish","type":"page","link":"https:\/\/www.accuratereviews.com\/it\/controllo-remoto-lista-software\/nomachine-recensione\/","title":{"rendered":"NoMachine"},"content":{"rendered":"<p id=\"tw-target-text\" class=\"tw-data-text tw-ta tw-text-small\" dir=\"ltr\" data-placeholder=\"Traduzione\"><span lang=\"it\" tabindex=\"0\"><strong>NoMachine<\/strong> \u00e8 un <strong>software di accesso remoto<\/strong> per PC con elevate prestazioni e sicurezza. Sia che stiate cercando una soluzione personale o un programma per supportare un&#8217;intera azienda, questo versatile programma funziona bene per qualsiasi tipo di utente. Ci sono molte opzioni di connessione con <strong>NoMachine<\/strong>, tra cui un server <strong>cloud<\/strong>, un terminal server e un server di virtualizzazione. Raggiungi qualsiasi computer in ogni parte del mondo in pochi clic. Porta sempre con te ci\u00f2 che \u00e8 importante e condividilo con chi vuoi. NoMachine \u00e8 il tuo server personale, privato, gratuito e sicuro.<\/span><\/p>\n<h2 dir=\"ltr\" data-placeholder=\"Traduzione\">NOMACHINE &#8211; TUTORIAL<\/h2>\n<p id=\"tw-target-text\" class=\"tw-data-text tw-ta tw-text-small\" dir=\"ltr\" data-placeholder=\"Traduzione\"><span lang=\"it\" tabindex=\"0\">Questo tutorial ci insegner\u00e0 come utilizzare il desktop virtuale tramite connessione remota NoMachine:<\/span><\/p>\n<div id=\"fluid-wrapper-counter-1\" class=\"g1-fluid-wrapper \" style=\"width:686px;\">\n<div style=\"padding-bottom:56.268221574344%;\"><iframe loading=\"lazy\" title=\"NoMachine NX Windows Client connecting to Linux machine running freenx tutorial\" width=\"515\" height=\"386\" src=\"https:\/\/www.youtube.com\/embed\/Fu0gGaERIAo?feature=oembed&amp;wmode=transparent&amp;autohide=1&amp;autoplay=0&amp;disablekb=0&amp;fs=1&amp;loop=0&amp;enablejsapi=1&amp;rel=0&amp;controls=2&amp;showinfo=0&amp;wmode=transparent&amp;autohide=2&amp;autoplay=0&amp;disablekb=0&amp;fs=1&amp;loop=0&amp;enablejsapi=1&amp;rel=0&amp;controls=2&amp;showinfo=1\" frameborder=\"0\" allow=\"accelerometer; autoplay; encrypted-media; gyroscope; picture-in-picture\" allowfullscreen><\/iframe><\/div>\n<\/div>\n<h3 dir=\"ltr\" data-placeholder=\"Traduzione\"><strong>NOMACHINE &#8211; CARATTERISTICHE<\/strong><\/h3>\n<div id=\"home_secondsection\" class=\"row row-home nomargin_grid_mobiletablets nomargin_grid_desktop\">\n<div class=\"col-xs-12 col-sm-6 tdright_even1 nopadding_grid_desktop\">\n<ul>\n<li class=\"subtitles-home\"><strong>Lavora con qualsiasi contenuto<\/strong>: non sentirti limitato. Goditi audio e video live dal tuo pc remoto. Guarda i DVD, la TV, i video su YouTube ovunque tu sia. Che tu sia un artista o un ingegnere, il tuo software preferito \u00e8 sempre con te.<\/li>\n<li class=\"subtitles-home\"><strong>Incontra gli altri dove lavori<\/strong>: il\u00a0tuo desktop \u00e8 dove lavori. Permetti agli altri di collegarsi al tuo desktop. Consenti ai tuoi amici di collaborare ai documenti su cui stai lavorando, condividere i file necessari, aiutarti nella risoluzione dei problemi che incontri. Tutto questo in modo sicuro e sotto il tuo controllo.<\/li>\n<li class=\"subtitles-home\"><strong>Usa qualsiasi dispositivo<\/strong>: i tuoi file, i tuoi lettori e dispositivi passano da una macchina all&#8217;altra in un attimo. Stampa su una stampante locale un file che si trova sul computer remoto. O fai il contrario. Collega qualsiasi dispositivo all&#8217;altro desktop. Chiavette USB, scanner e tutti i tuoi dischi sono pronti all&#8217;uso come se fossero fisicamente l\u00ec.<\/li>\n<li class=\"subtitles-home\"><strong>Registra ci\u00f2 che fai<\/strong>: registra al volo un video di ci\u00f2 che fai. Cattura quel bug fastidioso o crea registrazioni del flusso di lavoro da riprodurre in seguito. Mostra agli altri come fare, chiedi suggerimenti, realizza presentazioni del tuo software e demo. O registra il tuo episodio TV preferito in un click.<\/li>\n<\/ul>\n<\/div>\n<\/div>\n<div id=\"home_secondsection\" class=\"row row-home nomargin_grid_mobiletablets nomargin_grid_desktop\">\n<div class=\"col-xs-12 col-sm-6 tdgrid_img2 nopadding_grid_desktop tablebordercellp2\"><\/div>\n<\/div>\n","protected":false},"excerpt":{"rendered":"<p>NoMachine \u00e8 un software di accesso remoto per PC con elevate prestazioni e sicurezza. Sia che stiate cercando una soluzione personale o un programma per supportare un&#8217;intera azienda, questo versatile programma funziona bene per qualsiasi tipo di utente. Ci sono molte opzioni di connessione con NoMachine, tra cui un server cloud, un terminal server e un server di virtualizzazione.<\/p>\n","protected":false},"author":19,"featured_media":14988,"parent":14651,"menu_order":0,"comment_status":"open","ping_status":"closed","template":"g1_template_page_review_new.php","meta":{"_acf_changed":false,"cwp_meta_box_check":"No","cwp_rev_product_name":"","cwp_rev_product_image":"","wppr_links":[],"cwp_rev_price":"","wppr_options":[],"wppr_pros":[],"wppr_cons":[],"_monsterinsights_skip_tracking":false,"_monsterinsights_sitenote_active":false,"_monsterinsights_sitenote_note":"","_monsterinsights_sitenote_category":0,"footnotes":""},"categories":[625],"tags":[396,670,630,671,629],"features":[],"class_list":{"0":"post-14978","1":"page","2":"type-page","3":"status-publish","4":"has-post-thumbnail","6":"category-controllo-remoto","7":"tag-cloud","8":"tag-condivisioni-sicure","9":"tag-programma-accesso-remoto","10":"tag-realizza-presentazioni","11":"tag-software-di-accesso-remoto"},"wppr_data":{"cwp_meta_box_check":"No"},"acf":[],"yoast_head":"<!-- This site is optimized with the Yoast SEO plugin v27.4 - https:\/\/yoast.com\/product\/yoast-seo-wordpress\/ -->\n<title>NoMachine: recensione software accesso remoto - Accurate Reviews<\/title>\n<meta name=\"description\" content=\"NoMachine: recensione software di accesso remoto per PC con elevate prestazioni e sicurezza. Sia per uso privato sia per gestire una grossa azienda.\" \/>\n<meta name=\"robots\" content=\"index, follow, max-snippet:-1, max-image-preview:large, max-video-preview:-1\" \/>\n<link rel=\"canonical\" href=\"https:\/\/www.accuratereviews.com\/it\/controllo-remoto-lista-software\/nomachine-recensione\/\" \/>\n<meta property=\"og:locale\" content=\"it_IT\" \/>\n<meta property=\"og:type\" content=\"article\" \/>\n<meta property=\"og:title\" content=\"NoMachine: recensione software accesso remoto - Accurate Reviews\" \/>\n<meta property=\"og:description\" content=\"NoMachine: recensione software di accesso remoto per PC con elevate prestazioni e sicurezza. Sia per uso privato sia per gestire una grossa azienda.\" \/>\n<meta property=\"og:url\" content=\"https:\/\/www.accuratereviews.com\/it\/controllo-remoto-lista-software\/nomachine-recensione\/\" \/>\n<meta property=\"og:site_name\" content=\"Accurate Reviews\" \/>\n<meta property=\"article:modified_time\" content=\"2021-05-06T14:49:30+00:00\" \/>\n<meta property=\"og:image\" content=\"https:\/\/www.accuratereviews.com\/wp-content\/uploads\/2019\/05\/NMLogo.png\" \/>\n\t<meta property=\"og:image:width\" content=\"256\" \/>\n\t<meta property=\"og:image:height\" content=\"256\" \/>\n\t<meta property=\"og:image:type\" content=\"image\/png\" \/>\n<meta name=\"twitter:card\" content=\"summary_large_image\" \/>\n<meta name=\"twitter:label1\" content=\"Tempo di lettura stimato\" \/>\n\t<meta name=\"twitter:data1\" content=\"2 minuti\" \/>\n<script type=\"application\/ld+json\" class=\"yoast-schema-graph\">{\"@context\":\"https:\\\/\\\/schema.org\",\"@graph\":[{\"@type\":\"WebPage\",\"@id\":\"https:\\\/\\\/www.accuratereviews.com\\\/it\\\/controllo-remoto-lista-software\\\/nomachine-recensione\\\/\",\"url\":\"https:\\\/\\\/www.accuratereviews.com\\\/it\\\/controllo-remoto-lista-software\\\/nomachine-recensione\\\/\",\"name\":\"NoMachine: recensione software accesso remoto - Accurate Reviews\",\"isPartOf\":{\"@id\":\"https:\\\/\\\/www.accuratereviews.com\\\/it\\\/#website\"},\"primaryImageOfPage\":{\"@id\":\"https:\\\/\\\/www.accuratereviews.com\\\/it\\\/controllo-remoto-lista-software\\\/nomachine-recensione\\\/#primaryimage\"},\"image\":{\"@id\":\"https:\\\/\\\/www.accuratereviews.com\\\/it\\\/controllo-remoto-lista-software\\\/nomachine-recensione\\\/#primaryimage\"},\"thumbnailUrl\":\"https:\\\/\\\/www.accuratereviews.com\\\/wp-content\\\/uploads\\\/2019\\\/05\\\/NMLogo.png\",\"datePublished\":\"2019-05-28T07:21:40+00:00\",\"dateModified\":\"2021-05-06T14:49:30+00:00\",\"description\":\"NoMachine: recensione software di accesso remoto per PC con elevate prestazioni e sicurezza. Sia per uso privato sia per gestire una grossa azienda.\",\"breadcrumb\":{\"@id\":\"https:\\\/\\\/www.accuratereviews.com\\\/it\\\/controllo-remoto-lista-software\\\/nomachine-recensione\\\/#breadcrumb\"},\"inLanguage\":\"it-IT\",\"potentialAction\":[{\"@type\":\"ReadAction\",\"target\":[\"https:\\\/\\\/www.accuratereviews.com\\\/it\\\/controllo-remoto-lista-software\\\/nomachine-recensione\\\/\"]}]},{\"@type\":\"ImageObject\",\"inLanguage\":\"it-IT\",\"@id\":\"https:\\\/\\\/www.accuratereviews.com\\\/it\\\/controllo-remoto-lista-software\\\/nomachine-recensione\\\/#primaryimage\",\"url\":\"https:\\\/\\\/www.accuratereviews.com\\\/wp-content\\\/uploads\\\/2019\\\/05\\\/NMLogo.png\",\"contentUrl\":\"https:\\\/\\\/www.accuratereviews.com\\\/wp-content\\\/uploads\\\/2019\\\/05\\\/NMLogo.png\",\"width\":256,\"height\":256},{\"@type\":\"BreadcrumbList\",\"@id\":\"https:\\\/\\\/www.accuratereviews.com\\\/it\\\/controllo-remoto-lista-software\\\/nomachine-recensione\\\/#breadcrumb\",\"itemListElement\":[{\"@type\":\"ListItem\",\"position\":1,\"name\":\"Home\",\"item\":\"https:\\\/\\\/www.accuratereviews.com\\\/it\\\/\"},{\"@type\":\"ListItem\",\"position\":2,\"name\":\"Software per il controllo remoto\",\"item\":\"https:\\\/\\\/www.accuratereviews.com\\\/it\\\/controllo-remoto-lista-software\\\/\"},{\"@type\":\"ListItem\",\"position\":3,\"name\":\"NoMachine\"}]},{\"@type\":\"WebSite\",\"@id\":\"https:\\\/\\\/www.accuratereviews.com\\\/it\\\/#website\",\"url\":\"https:\\\/\\\/www.accuratereviews.com\\\/it\\\/\",\"name\":\"Accurate Reviews\",\"description\":\"\",\"potentialAction\":[{\"@type\":\"SearchAction\",\"target\":{\"@type\":\"EntryPoint\",\"urlTemplate\":\"https:\\\/\\\/www.accuratereviews.com\\\/it\\\/?s={search_term_string}\"},\"query-input\":{\"@type\":\"PropertyValueSpecification\",\"valueRequired\":true,\"valueName\":\"search_term_string\"}}],\"inLanguage\":\"it-IT\"}]}<\/script>\n<!-- \/ Yoast SEO plugin. -->","yoast_head_json":{"title":"NoMachine: recensione software accesso remoto - Accurate Reviews","description":"NoMachine: recensione software di accesso remoto per PC con elevate prestazioni e sicurezza. Sia per uso privato sia per gestire una grossa azienda.","robots":{"index":"index","follow":"follow","max-snippet":"max-snippet:-1","max-image-preview":"max-image-preview:large","max-video-preview":"max-video-preview:-1"},"canonical":"https:\/\/www.accuratereviews.com\/it\/controllo-remoto-lista-software\/nomachine-recensione\/","og_locale":"it_IT","og_type":"article","og_title":"NoMachine: recensione software accesso remoto - Accurate Reviews","og_description":"NoMachine: recensione software di accesso remoto per PC con elevate prestazioni e sicurezza. Sia per uso privato sia per gestire una grossa azienda.","og_url":"https:\/\/www.accuratereviews.com\/it\/controllo-remoto-lista-software\/nomachine-recensione\/","og_site_name":"Accurate Reviews","article_modified_time":"2021-05-06T14:49:30+00:00","og_image":[{"width":256,"height":256,"url":"https:\/\/www.accuratereviews.com\/wp-content\/uploads\/2019\/05\/NMLogo.png","type":"image\/png"}],"twitter_card":"summary_large_image","twitter_misc":{"Tempo di lettura stimato":"2 minuti"},"schema":{"@context":"https:\/\/schema.org","@graph":[{"@type":"WebPage","@id":"https:\/\/www.accuratereviews.com\/it\/controllo-remoto-lista-software\/nomachine-recensione\/","url":"https:\/\/www.accuratereviews.com\/it\/controllo-remoto-lista-software\/nomachine-recensione\/","name":"NoMachine: recensione software accesso remoto - Accurate Reviews","isPartOf":{"@id":"https:\/\/www.accuratereviews.com\/it\/#website"},"primaryImageOfPage":{"@id":"https:\/\/www.accuratereviews.com\/it\/controllo-remoto-lista-software\/nomachine-recensione\/#primaryimage"},"image":{"@id":"https:\/\/www.accuratereviews.com\/it\/controllo-remoto-lista-software\/nomachine-recensione\/#primaryimage"},"thumbnailUrl":"https:\/\/www.accuratereviews.com\/wp-content\/uploads\/2019\/05\/NMLogo.png","datePublished":"2019-05-28T07:21:40+00:00","dateModified":"2021-05-06T14:49:30+00:00","description":"NoMachine: recensione software di accesso remoto per PC con elevate prestazioni e sicurezza. Sia per uso privato sia per gestire una grossa azienda.","breadcrumb":{"@id":"https:\/\/www.accuratereviews.com\/it\/controllo-remoto-lista-software\/nomachine-recensione\/#breadcrumb"},"inLanguage":"it-IT","potentialAction":[{"@type":"ReadAction","target":["https:\/\/www.accuratereviews.com\/it\/controllo-remoto-lista-software\/nomachine-recensione\/"]}]},{"@type":"ImageObject","inLanguage":"it-IT","@id":"https:\/\/www.accuratereviews.com\/it\/controllo-remoto-lista-software\/nomachine-recensione\/#primaryimage","url":"https:\/\/www.accuratereviews.com\/wp-content\/uploads\/2019\/05\/NMLogo.png","contentUrl":"https:\/\/www.accuratereviews.com\/wp-content\/uploads\/2019\/05\/NMLogo.png","width":256,"height":256},{"@type":"BreadcrumbList","@id":"https:\/\/www.accuratereviews.com\/it\/controllo-remoto-lista-software\/nomachine-recensione\/#breadcrumb","itemListElement":[{"@type":"ListItem","position":1,"name":"Home","item":"https:\/\/www.accuratereviews.com\/it\/"},{"@type":"ListItem","position":2,"name":"Software per il controllo remoto","item":"https:\/\/www.accuratereviews.com\/it\/controllo-remoto-lista-software\/"},{"@type":"ListItem","position":3,"name":"NoMachine"}]},{"@type":"WebSite","@id":"https:\/\/www.accuratereviews.com\/it\/#website","url":"https:\/\/www.accuratereviews.com\/it\/","name":"Accurate Reviews","description":"","potentialAction":[{"@type":"SearchAction","target":{"@type":"EntryPoint","urlTemplate":"https:\/\/www.accuratereviews.com\/it\/?s={search_term_string}"},"query-input":{"@type":"PropertyValueSpecification","valueRequired":true,"valueName":"search_term_string"}}],"inLanguage":"it-IT"}]}},"_links":{"self":[{"href":"https:\/\/www.accuratereviews.com\/it\/wp-json\/wp\/v2\/pages\/14978","targetHints":{"allow":["GET"]}}],"collection":[{"href":"https:\/\/www.accuratereviews.com\/it\/wp-json\/wp\/v2\/pages"}],"about":[{"href":"https:\/\/www.accuratereviews.com\/it\/wp-json\/wp\/v2\/types\/page"}],"author":[{"embeddable":true,"href":"https:\/\/www.accuratereviews.com\/it\/wp-json\/wp\/v2\/users\/19"}],"replies":[{"embeddable":true,"href":"https:\/\/www.accuratereviews.com\/it\/wp-json\/wp\/v2\/comments?post=14978"}],"version-history":[{"count":10,"href":"https:\/\/www.accuratereviews.com\/it\/wp-json\/wp\/v2\/pages\/14978\/revisions"}],"predecessor-version":[{"id":42060,"href":"https:\/\/www.accuratereviews.com\/it\/wp-json\/wp\/v2\/pages\/14978\/revisions\/42060"}],"up":[{"embeddable":true,"href":"https:\/\/www.accuratereviews.com\/it\/wp-json\/wp\/v2\/pages\/14651"}],"wp:featuredmedia":[{"embeddable":true,"href":"https:\/\/www.accuratereviews.com\/it\/wp-json\/wp\/v2\/media\/14988"}],"wp:attachment":[{"href":"https:\/\/www.accuratereviews.com\/it\/wp-json\/wp\/v2\/media?parent=14978"}],"wp:term":[{"taxonomy":"category","embeddable":true,"href":"https:\/\/www.accuratereviews.com\/it\/wp-json\/wp\/v2\/categories?post=14978"},{"taxonomy":"post_tag","embeddable":true,"href":"https:\/\/www.accuratereviews.com\/it\/wp-json\/wp\/v2\/tags?post=14978"},{"taxonomy":"features","embeddable":true,"href":"https:\/\/www.accuratereviews.com\/it\/wp-json\/wp\/v2\/features?post=14978"}],"curies":[{"name":"wp","href":"https:\/\/api.w.org\/{rel}","templated":true}]}}