{"id":15005,"date":"2019-05-28T11:03:16","date_gmt":"2019-05-28T11:03:16","guid":{"rendered":"https:\/\/www.accuratereviews.com\/?page_id=15005"},"modified":"2021-05-06T13:44:49","modified_gmt":"2021-05-06T13:44:49","slug":"fastviewer-recensione","status":"publish","type":"page","link":"https:\/\/www.accuratereviews.com\/it\/controllo-remoto-lista-software\/fastviewer-recensione\/","title":{"rendered":"FastViewer"},"content":{"rendered":"<p><strong>FastViewer<\/strong> \u00e8 un software che permette di <strong>controllare da remoto il proprio computer<\/strong>, collegandolo ad altri dispositivi, che siano desktop (Windows e Mac) o mobile (iOS e Android). Progettato principalmente per professionisti IT, fornitori di servizi gestiti e personale dell&#8217;help desk, sfrutta sia la funzionalit\u00e0 <strong>cloud<\/strong> che on-premise e offre la possibilit\u00e0 di personalizzazione in modo da andare in contro alle esigenze di tutti. Oltre al <strong>controll<\/strong><strong>o remoto<\/strong>, gli utenti possono connettersi ai <strong>dispositivi in remoto<\/strong> e qui comunicare tramite una chat o videochiamata, annotare le cose pi\u00f9 importanti su una lavagna virtuale, trasferire file, organizzare meetings e webinar, e molto altro ancora. \u00c8 possibile quindi crearsi un vero e proprio <strong>&#8220;ufficio remoto&#8221;<\/strong> in modo tale da poter lavorare sempre ovunque ci si trovi, persino dal proprio smartphone.<\/p>\n<h2>CONTROLLO REMOTO CON FASTVIEWER &#8211; TUTORIAL<\/h2>\n<p>Diamo uno sguardo a questa breve presentazione della demo di FastViewer:<\/p>\n<div id=\"fluid-wrapper-counter-1\" class=\"g1-fluid-wrapper \" style=\"width:686px;\">\n<div style=\"padding-bottom:56.268221574344%;\"><iframe loading=\"lazy\" title=\"FastViewer Trial demo\" width=\"515\" height=\"386\" src=\"https:\/\/www.youtube.com\/embed\/videoseries?list=PLyRaWwEqoUY6TWE2VfryML6JMhUog2RFL\" frameborder=\"0\" allow=\"accelerometer; autoplay; encrypted-media; gyroscope; picture-in-picture\" allowfullscreen><\/iframe><\/div>\n<\/div>\n<h3>FASTVIEWER &#8211; CARATTERISTICHE<\/h3>\n<p>Di seguito le sue principali caratteristiche:<\/p>\n<ul>\n<li><strong>Controllo remoto<\/strong>: controlla il tuo computer anche da remoto in modo semplice, veloce e soprattutto sicuro<\/li>\n<li><strong>Gestione utenti<\/strong>: abilita l&#8217;accesso remoto anche agli altri membri del tuo team<\/li>\n<li><strong>Trasferimento file<\/strong>: trasferisci ed invia file e dati agli altri utenti in pochi clic<\/li>\n<li><strong>Chat<\/strong>: chatta e comunica con i tuoi colleghi in modo rapido ed efficace<\/li>\n<li><strong>Lavagna interattiva<\/strong>: annota le cose pi\u00f9 importanti sulla lavagna cos\u00ec che tutti possano vederle<\/li>\n<li><strong>Condivisione Desktop<\/strong>: condividi il tuo schermo grazie a un semplice collegamento web<\/li>\n<li><strong>Videoconferenze<\/strong>: organizza delle videochiamate per rimanere sempre aggiornato sui movimenti del tuo team<\/li>\n<li><strong>Meeting &amp; Webinar<\/strong>: prendi parte a meeting e webinar direttamente dal tuo PC remoto<\/li>\n<li><strong>Registratore<\/strong>: registra le tue sessioni in remoto e le tue videoconferenze cos\u00ec da averle sempre a portata di mano<\/li>\n<li><strong>App mobile<\/strong>: scarica e accedi all&#8217;app mobile per dispositivi iOS e Android e collegati subito agli altri dispositivi remoti.<\/li>\n<\/ul>\n","protected":false},"excerpt":{"rendered":"<p>FastViewer \u00e8 un software che permette di controllare da remoto il proprio computer, collegandolo ad altri dispositivi, che siano desktop o mobile. Progettato principalmente per professionisti IT, fornitori di servizi gestiti e personale dell&#8217;help desk, sfrutta sia la funzionalit\u00e0 cloud che on-premise e offre la possibilit\u00e0 di personalizzazione cos\u00ec da andare in contro alle esigenze di tutti.<\/p>\n","protected":false},"author":17,"featured_media":15008,"parent":14651,"menu_order":0,"comment_status":"open","ping_status":"closed","template":"g1_template_page_review_new.php","meta":{"_acf_changed":false,"cwp_meta_box_check":"Yes","cwp_rev_product_name":"","cwp_rev_product_image":"","wppr_links":[],"cwp_rev_price":"","wppr_options":[],"wppr_pros":[],"wppr_cons":[],"_monsterinsights_skip_tracking":false,"_monsterinsights_sitenote_active":false,"_monsterinsights_sitenote_note":"","_monsterinsights_sitenote_category":0,"footnotes":""},"categories":[625],"tags":[634,672,633,664],"features":[],"class_list":{"0":"post-15005","1":"page","2":"type-page","3":"status-publish","4":"has-post-thumbnail","6":"category-controllo-remoto","7":"tag-accesso-remoto","8":"tag-come-controllare-un-pc-da-remoto","9":"tag-controllo-remoto","10":"tag-supporto-remoto"},"wppr_data":{"cwp_meta_box_check":"Yes","cwp_rev_product_name":"","cwp_rev_product_image":"","cwp_image_link":"image","cwp_rev_price":"","wppr_rating":"0.00"},"acf":[],"yoast_head":"<!-- This site is optimized with the Yoast SEO plugin v27.4 - https:\/\/yoast.com\/product\/yoast-seo-wordpress\/ -->\n<title>FastViewer: recensione software di controllo remoto - Accurate Reviews<\/title>\n<meta name=\"description\" content=\"FastViewer: recensione del software che permette di controllare da remoto il proprio PC, collegandolo ad altri dispositivi, che siano desktop o mobile.\" \/>\n<meta name=\"robots\" content=\"index, follow, max-snippet:-1, max-image-preview:large, max-video-preview:-1\" \/>\n<link rel=\"canonical\" href=\"https:\/\/www.accuratereviews.com\/it\/controllo-remoto-lista-software\/fastviewer-recensione\/\" \/>\n<meta property=\"og:locale\" content=\"it_IT\" \/>\n<meta property=\"og:type\" content=\"article\" \/>\n<meta property=\"og:title\" content=\"FastViewer: recensione software di controllo remoto - Accurate Reviews\" \/>\n<meta property=\"og:description\" content=\"FastViewer: recensione del software che permette di controllare da remoto il proprio PC, collegandolo ad altri dispositivi, che siano desktop o mobile.\" \/>\n<meta property=\"og:url\" content=\"https:\/\/www.accuratereviews.com\/it\/controllo-remoto-lista-software\/fastviewer-recensione\/\" \/>\n<meta property=\"og:site_name\" content=\"Accurate Reviews\" \/>\n<meta property=\"article:modified_time\" content=\"2021-05-06T13:44:49+00:00\" \/>\n<meta property=\"og:image\" content=\"https:\/\/www.accuratereviews.com\/wp-content\/uploads\/2019\/05\/Unknown-1-e1558989592971.png\" \/>\n\t<meta property=\"og:image:width\" content=\"200\" \/>\n\t<meta property=\"og:image:height\" content=\"77\" \/>\n\t<meta property=\"og:image:type\" content=\"image\/png\" \/>\n<meta name=\"twitter:card\" content=\"summary_large_image\" \/>\n<meta name=\"twitter:label1\" content=\"Tempo di lettura stimato\" \/>\n\t<meta name=\"twitter:data1\" content=\"2 minuti\" \/>\n<script type=\"application\/ld+json\" class=\"yoast-schema-graph\">{\"@context\":\"https:\\\/\\\/schema.org\",\"@graph\":[{\"@type\":\"WebPage\",\"@id\":\"https:\\\/\\\/www.accuratereviews.com\\\/it\\\/controllo-remoto-lista-software\\\/fastviewer-recensione\\\/\",\"url\":\"https:\\\/\\\/www.accuratereviews.com\\\/it\\\/controllo-remoto-lista-software\\\/fastviewer-recensione\\\/\",\"name\":\"FastViewer: recensione software di controllo remoto - Accurate Reviews\",\"isPartOf\":{\"@id\":\"https:\\\/\\\/www.accuratereviews.com\\\/it\\\/#website\"},\"primaryImageOfPage\":{\"@id\":\"https:\\\/\\\/www.accuratereviews.com\\\/it\\\/controllo-remoto-lista-software\\\/fastviewer-recensione\\\/#primaryimage\"},\"image\":{\"@id\":\"https:\\\/\\\/www.accuratereviews.com\\\/it\\\/controllo-remoto-lista-software\\\/fastviewer-recensione\\\/#primaryimage\"},\"thumbnailUrl\":\"https:\\\/\\\/www.accuratereviews.com\\\/wp-content\\\/uploads\\\/2019\\\/05\\\/Unknown-1-e1558989592971.png\",\"datePublished\":\"2019-05-28T11:03:16+00:00\",\"dateModified\":\"2021-05-06T13:44:49+00:00\",\"description\":\"FastViewer: recensione del software che permette di controllare da remoto il proprio PC, collegandolo ad altri dispositivi, che siano desktop o mobile.\",\"breadcrumb\":{\"@id\":\"https:\\\/\\\/www.accuratereviews.com\\\/it\\\/controllo-remoto-lista-software\\\/fastviewer-recensione\\\/#breadcrumb\"},\"inLanguage\":\"it-IT\",\"potentialAction\":[{\"@type\":\"ReadAction\",\"target\":[\"https:\\\/\\\/www.accuratereviews.com\\\/it\\\/controllo-remoto-lista-software\\\/fastviewer-recensione\\\/\"]}]},{\"@type\":\"ImageObject\",\"inLanguage\":\"it-IT\",\"@id\":\"https:\\\/\\\/www.accuratereviews.com\\\/it\\\/controllo-remoto-lista-software\\\/fastviewer-recensione\\\/#primaryimage\",\"url\":\"https:\\\/\\\/www.accuratereviews.com\\\/wp-content\\\/uploads\\\/2019\\\/05\\\/Unknown-1-e1558989592971.png\",\"contentUrl\":\"https:\\\/\\\/www.accuratereviews.com\\\/wp-content\\\/uploads\\\/2019\\\/05\\\/Unknown-1-e1558989592971.png\",\"width\":200,\"height\":77},{\"@type\":\"BreadcrumbList\",\"@id\":\"https:\\\/\\\/www.accuratereviews.com\\\/it\\\/controllo-remoto-lista-software\\\/fastviewer-recensione\\\/#breadcrumb\",\"itemListElement\":[{\"@type\":\"ListItem\",\"position\":1,\"name\":\"Home\",\"item\":\"https:\\\/\\\/www.accuratereviews.com\\\/it\\\/\"},{\"@type\":\"ListItem\",\"position\":2,\"name\":\"Software per il controllo remoto\",\"item\":\"https:\\\/\\\/www.accuratereviews.com\\\/it\\\/controllo-remoto-lista-software\\\/\"},{\"@type\":\"ListItem\",\"position\":3,\"name\":\"FastViewer\"}]},{\"@type\":\"WebSite\",\"@id\":\"https:\\\/\\\/www.accuratereviews.com\\\/it\\\/#website\",\"url\":\"https:\\\/\\\/www.accuratereviews.com\\\/it\\\/\",\"name\":\"Accurate Reviews\",\"description\":\"\",\"potentialAction\":[{\"@type\":\"SearchAction\",\"target\":{\"@type\":\"EntryPoint\",\"urlTemplate\":\"https:\\\/\\\/www.accuratereviews.com\\\/it\\\/?s={search_term_string}\"},\"query-input\":{\"@type\":\"PropertyValueSpecification\",\"valueRequired\":true,\"valueName\":\"search_term_string\"}}],\"inLanguage\":\"it-IT\"}]}<\/script>\n<!-- \/ Yoast SEO plugin. -->","yoast_head_json":{"title":"FastViewer: recensione software di controllo remoto - Accurate Reviews","description":"FastViewer: recensione del software che permette di controllare da remoto il proprio PC, collegandolo ad altri dispositivi, che siano desktop o mobile.","robots":{"index":"index","follow":"follow","max-snippet":"max-snippet:-1","max-image-preview":"max-image-preview:large","max-video-preview":"max-video-preview:-1"},"canonical":"https:\/\/www.accuratereviews.com\/it\/controllo-remoto-lista-software\/fastviewer-recensione\/","og_locale":"it_IT","og_type":"article","og_title":"FastViewer: recensione software di controllo remoto - Accurate Reviews","og_description":"FastViewer: recensione del software che permette di controllare da remoto il proprio PC, collegandolo ad altri dispositivi, che siano desktop o mobile.","og_url":"https:\/\/www.accuratereviews.com\/it\/controllo-remoto-lista-software\/fastviewer-recensione\/","og_site_name":"Accurate Reviews","article_modified_time":"2021-05-06T13:44:49+00:00","og_image":[{"width":200,"height":77,"url":"https:\/\/www.accuratereviews.com\/wp-content\/uploads\/2019\/05\/Unknown-1-e1558989592971.png","type":"image\/png"}],"twitter_card":"summary_large_image","twitter_misc":{"Tempo di lettura stimato":"2 minuti"},"schema":{"@context":"https:\/\/schema.org","@graph":[{"@type":"WebPage","@id":"https:\/\/www.accuratereviews.com\/it\/controllo-remoto-lista-software\/fastviewer-recensione\/","url":"https:\/\/www.accuratereviews.com\/it\/controllo-remoto-lista-software\/fastviewer-recensione\/","name":"FastViewer: recensione software di controllo remoto - Accurate Reviews","isPartOf":{"@id":"https:\/\/www.accuratereviews.com\/it\/#website"},"primaryImageOfPage":{"@id":"https:\/\/www.accuratereviews.com\/it\/controllo-remoto-lista-software\/fastviewer-recensione\/#primaryimage"},"image":{"@id":"https:\/\/www.accuratereviews.com\/it\/controllo-remoto-lista-software\/fastviewer-recensione\/#primaryimage"},"thumbnailUrl":"https:\/\/www.accuratereviews.com\/wp-content\/uploads\/2019\/05\/Unknown-1-e1558989592971.png","datePublished":"2019-05-28T11:03:16+00:00","dateModified":"2021-05-06T13:44:49+00:00","description":"FastViewer: recensione del software che permette di controllare da remoto il proprio PC, collegandolo ad altri dispositivi, che siano desktop o mobile.","breadcrumb":{"@id":"https:\/\/www.accuratereviews.com\/it\/controllo-remoto-lista-software\/fastviewer-recensione\/#breadcrumb"},"inLanguage":"it-IT","potentialAction":[{"@type":"ReadAction","target":["https:\/\/www.accuratereviews.com\/it\/controllo-remoto-lista-software\/fastviewer-recensione\/"]}]},{"@type":"ImageObject","inLanguage":"it-IT","@id":"https:\/\/www.accuratereviews.com\/it\/controllo-remoto-lista-software\/fastviewer-recensione\/#primaryimage","url":"https:\/\/www.accuratereviews.com\/wp-content\/uploads\/2019\/05\/Unknown-1-e1558989592971.png","contentUrl":"https:\/\/www.accuratereviews.com\/wp-content\/uploads\/2019\/05\/Unknown-1-e1558989592971.png","width":200,"height":77},{"@type":"BreadcrumbList","@id":"https:\/\/www.accuratereviews.com\/it\/controllo-remoto-lista-software\/fastviewer-recensione\/#breadcrumb","itemListElement":[{"@type":"ListItem","position":1,"name":"Home","item":"https:\/\/www.accuratereviews.com\/it\/"},{"@type":"ListItem","position":2,"name":"Software per il controllo remoto","item":"https:\/\/www.accuratereviews.com\/it\/controllo-remoto-lista-software\/"},{"@type":"ListItem","position":3,"name":"FastViewer"}]},{"@type":"WebSite","@id":"https:\/\/www.accuratereviews.com\/it\/#website","url":"https:\/\/www.accuratereviews.com\/it\/","name":"Accurate Reviews","description":"","potentialAction":[{"@type":"SearchAction","target":{"@type":"EntryPoint","urlTemplate":"https:\/\/www.accuratereviews.com\/it\/?s={search_term_string}"},"query-input":{"@type":"PropertyValueSpecification","valueRequired":true,"valueName":"search_term_string"}}],"inLanguage":"it-IT"}]}},"_links":{"self":[{"href":"https:\/\/www.accuratereviews.com\/it\/wp-json\/wp\/v2\/pages\/15005","targetHints":{"allow":["GET"]}}],"collection":[{"href":"https:\/\/www.accuratereviews.com\/it\/wp-json\/wp\/v2\/pages"}],"about":[{"href":"https:\/\/www.accuratereviews.com\/it\/wp-json\/wp\/v2\/types\/page"}],"author":[{"embeddable":true,"href":"https:\/\/www.accuratereviews.com\/it\/wp-json\/wp\/v2\/users\/17"}],"replies":[{"embeddable":true,"href":"https:\/\/www.accuratereviews.com\/it\/wp-json\/wp\/v2\/comments?post=15005"}],"version-history":[{"count":6,"href":"https:\/\/www.accuratereviews.com\/it\/wp-json\/wp\/v2\/pages\/15005\/revisions"}],"predecessor-version":[{"id":42040,"href":"https:\/\/www.accuratereviews.com\/it\/wp-json\/wp\/v2\/pages\/15005\/revisions\/42040"}],"up":[{"embeddable":true,"href":"https:\/\/www.accuratereviews.com\/it\/wp-json\/wp\/v2\/pages\/14651"}],"wp:featuredmedia":[{"embeddable":true,"href":"https:\/\/www.accuratereviews.com\/it\/wp-json\/wp\/v2\/media\/15008"}],"wp:attachment":[{"href":"https:\/\/www.accuratereviews.com\/it\/wp-json\/wp\/v2\/media?parent=15005"}],"wp:term":[{"taxonomy":"category","embeddable":true,"href":"https:\/\/www.accuratereviews.com\/it\/wp-json\/wp\/v2\/categories?post=15005"},{"taxonomy":"post_tag","embeddable":true,"href":"https:\/\/www.accuratereviews.com\/it\/wp-json\/wp\/v2\/tags?post=15005"},{"taxonomy":"features","embeddable":true,"href":"https:\/\/www.accuratereviews.com\/it\/wp-json\/wp\/v2\/features?post=15005"}],"curies":[{"name":"wp","href":"https:\/\/api.w.org\/{rel}","templated":true}]}}