{"id":15145,"date":"2019-05-30T14:06:35","date_gmt":"2019-05-30T14:06:35","guid":{"rendered":"https:\/\/www.accuratereviews.com\/?page_id=15145"},"modified":"2021-05-07T13:07:12","modified_gmt":"2021-05-07T13:07:12","slug":"remote-utilities-recensione","status":"publish","type":"page","link":"https:\/\/www.accuratereviews.com\/it\/controllo-remoto-lista-software\/remote-utilities-recensione\/","title":{"rendered":"Remote Utilities"},"content":{"rendered":"<p><strong>Remote Utilities<\/strong> \u00e8 un software che consente di <strong>controllare un computer da remoto<\/strong>, proprio come se lo avessimo fisicamente di fronte a noi. Si tratta di un programma di <strong>accesso remoto<\/strong> sicuro, configurabile, scalabile e soprattutto gratuito quindi accessibile davvero a chiunque. Oltre alla funzionalit\u00e0 di <strong>controllo remoto<\/strong>, Remote Utilities offre la possibilit\u00e0 di connettere pi\u00f9 computer e pi\u00f9 utenti, che potranno comunicare tra di loro attraverso la condivisione dello schermo o trasferendo file da un dispositivo all&#8217;altro. In questo modo si andr\u00e0 a creare un vero e proprio <strong>&#8220;ufficio remoto&#8221;<\/strong> che permetter\u00e0 a tutto il team di collaborare anche a distanza. Esiste inoltre l&#8217;applicazione mobile per i dispositivi iOS e Android cos\u00ec da poterlo utilizzare pi\u00f9 comodamente da tablet e smartphone.<\/p>\n<h2>CONTROLLO REMOTO DEL COMPUTER CON REMOTE UTILITIES &#8211; TUTORIAL<\/h2>\n<p>Proviamo a guardare questo breve video per comprendere meglio il funzionamento di questo programma:<\/p>\n<div id=\"fluid-wrapper-counter-1\" class=\"g1-fluid-wrapper \" style=\"width:686px;\">\n<div style=\"padding-bottom:56.268221574344%;\"><iframe loading=\"lazy\" title=\"How to remote PC by REMOTE UTILITIES\" width=\"515\" height=\"386\" src=\"https:\/\/www.youtube.com\/embed\/1dOZqQAzDF8?feature=oembed&amp;wmode=transparent&amp;autohide=1&amp;autoplay=0&amp;disablekb=0&amp;fs=1&amp;loop=0&amp;enablejsapi=1&amp;rel=0&amp;controls=2&amp;showinfo=0&amp;wmode=transparent&amp;autohide=2&amp;autoplay=0&amp;disablekb=0&amp;fs=1&amp;loop=0&amp;enablejsapi=1&amp;rel=0&amp;controls=2&amp;showinfo=1\" frameborder=\"0\" allow=\"accelerometer; autoplay; encrypted-media; gyroscope; picture-in-picture\" allowfullscreen><\/iframe><\/div>\n<\/div>\n<h3>REMOTE UTILITIES &#8211; CARATTERISTICHE<\/h3>\n<p>Adesso diamo uno sguardo alle sue caratteristiche principali:<\/p>\n<ul>\n<li><strong>Accesso remoto tramite LAN o VPN<\/strong>: utilizza il tuo indirizzo IP o il nome DNS per avere l&#8217;accesso diretto a un PC remoto<\/li>\n<li><strong>Accesso remoto su Internet<\/strong>: usa la connessione ID-ID per ignorare i firewall e i dispositivi NAT<\/li>\n<li><strong>Accesso non presidiato<\/strong> tramite modulo Host<\/li>\n<li><strong>Accesso frequentato<\/strong> tramite modulo Agent<\/li>\n<li><strong>Condivisione dello schermo:<\/strong> condividi lo schermo con gli altri membri del team cos\u00ec da poter rimanere sempre aggiornati su tutto<\/li>\n<li><strong>Trasferimento file<\/strong>: trasferisci file da un dispositivo ad un altro<\/li>\n<li><strong>Stampa remota<\/strong>: invia i documenti che vuoi stampare alla tua stampante locale<\/li>\n<li><strong>Supporto UAC<\/strong><\/li>\n<li><strong>RDP<\/strong>: avvia una sessione RDP su Internet quando il PC remoto non \u00e8 accessibile direttamente da un indirizzo IP<\/li>\n<li><strong>Server self-hosted<\/strong><\/li>\n<li><strong>Supporto per server proxy<\/strong>: configura le utilit\u00e0 remote per connettersi tramite il server proxy della tua azienda.<\/li>\n<\/ul>\n","protected":false},"excerpt":{"rendered":"<p>Remote Utilities \u00e8 un software che consente di controllare un computer da remoto, proprio come se lo avessimo fisicamente di fronte a noi. Si tratta di un programma di accesso remoto sicuro, configurabile, scalabile e soprattutto gratuito quindi accessibile davvero a chiunque.<\/p>\n","protected":false},"author":17,"featured_media":15148,"parent":14651,"menu_order":0,"comment_status":"open","ping_status":"closed","template":"g1_template_page_review_new.php","meta":{"_acf_changed":false,"cwp_meta_box_check":"Yes","cwp_rev_product_name":"","cwp_rev_product_image":"","wppr_links":[],"cwp_rev_price":"","wppr_options":[],"wppr_pros":[],"wppr_cons":[],"_monsterinsights_skip_tracking":false,"_monsterinsights_sitenote_active":false,"_monsterinsights_sitenote_note":"","_monsterinsights_sitenote_category":0,"footnotes":""},"categories":[625],"tags":[634,662,633,663],"features":[],"class_list":{"0":"post-15145","1":"page","2":"type-page","3":"status-publish","4":"has-post-thumbnail","6":"category-controllo-remoto","7":"tag-accesso-remoto","8":"tag-come-controllare-da-remoto-un-pc","9":"tag-controllo-remoto","10":"tag-ufficio-remoto"},"wppr_data":{"cwp_meta_box_check":"Yes","cwp_rev_product_name":"","cwp_rev_product_image":"","cwp_image_link":"image","cwp_rev_price":"","wppr_rating":"0.00"},"acf":[],"yoast_head":"<!-- This site is optimized with the Yoast SEO plugin v27.4 - https:\/\/yoast.com\/product\/yoast-seo-wordpress\/ -->\n<title>Remote Utilities: recensione software controllo remoto - Accurate Reviews<\/title>\n<meta name=\"description\" content=\"Remote Utilities: recensione del software che consente di controllare un computer da remoto, proprio come se lo avessimo fisicamente di fronte a noi.\" \/>\n<meta name=\"robots\" content=\"index, follow, max-snippet:-1, max-image-preview:large, max-video-preview:-1\" \/>\n<link rel=\"canonical\" href=\"https:\/\/www.accuratereviews.com\/it\/controllo-remoto-lista-software\/remote-utilities-recensione\/\" \/>\n<meta property=\"og:locale\" content=\"it_IT\" \/>\n<meta property=\"og:type\" content=\"article\" \/>\n<meta property=\"og:title\" content=\"Remote Utilities: recensione software controllo remoto - Accurate Reviews\" \/>\n<meta property=\"og:description\" content=\"Remote Utilities: recensione del software che consente di controllare un computer da remoto, proprio come se lo avessimo fisicamente di fronte a noi.\" \/>\n<meta property=\"og:url\" content=\"https:\/\/www.accuratereviews.com\/it\/controllo-remoto-lista-software\/remote-utilities-recensione\/\" \/>\n<meta property=\"og:site_name\" content=\"Accurate Reviews\" \/>\n<meta property=\"article:modified_time\" content=\"2021-05-07T13:07:12+00:00\" \/>\n<meta property=\"og:image\" content=\"https:\/\/www.accuratereviews.com\/wp-content\/uploads\/2019\/05\/remote-utilities.png\" \/>\n\t<meta property=\"og:image:width\" content=\"211\" \/>\n\t<meta property=\"og:image:height\" content=\"153\" \/>\n\t<meta property=\"og:image:type\" content=\"image\/png\" \/>\n<meta name=\"twitter:card\" content=\"summary_large_image\" \/>\n<meta name=\"twitter:label1\" content=\"Tempo di lettura stimato\" \/>\n\t<meta name=\"twitter:data1\" content=\"1 minuto\" \/>\n<script type=\"application\/ld+json\" class=\"yoast-schema-graph\">{\"@context\":\"https:\\\/\\\/schema.org\",\"@graph\":[{\"@type\":\"WebPage\",\"@id\":\"https:\\\/\\\/www.accuratereviews.com\\\/it\\\/controllo-remoto-lista-software\\\/remote-utilities-recensione\\\/\",\"url\":\"https:\\\/\\\/www.accuratereviews.com\\\/it\\\/controllo-remoto-lista-software\\\/remote-utilities-recensione\\\/\",\"name\":\"Remote Utilities: recensione software controllo remoto - Accurate Reviews\",\"isPartOf\":{\"@id\":\"https:\\\/\\\/www.accuratereviews.com\\\/it\\\/#website\"},\"primaryImageOfPage\":{\"@id\":\"https:\\\/\\\/www.accuratereviews.com\\\/it\\\/controllo-remoto-lista-software\\\/remote-utilities-recensione\\\/#primaryimage\"},\"image\":{\"@id\":\"https:\\\/\\\/www.accuratereviews.com\\\/it\\\/controllo-remoto-lista-software\\\/remote-utilities-recensione\\\/#primaryimage\"},\"thumbnailUrl\":\"https:\\\/\\\/www.accuratereviews.com\\\/wp-content\\\/uploads\\\/2019\\\/05\\\/remote-utilities.png\",\"datePublished\":\"2019-05-30T14:06:35+00:00\",\"dateModified\":\"2021-05-07T13:07:12+00:00\",\"description\":\"Remote Utilities: recensione del software che consente di controllare un computer da remoto, proprio come se lo avessimo fisicamente di fronte a noi.\",\"breadcrumb\":{\"@id\":\"https:\\\/\\\/www.accuratereviews.com\\\/it\\\/controllo-remoto-lista-software\\\/remote-utilities-recensione\\\/#breadcrumb\"},\"inLanguage\":\"it-IT\",\"potentialAction\":[{\"@type\":\"ReadAction\",\"target\":[\"https:\\\/\\\/www.accuratereviews.com\\\/it\\\/controllo-remoto-lista-software\\\/remote-utilities-recensione\\\/\"]}]},{\"@type\":\"ImageObject\",\"inLanguage\":\"it-IT\",\"@id\":\"https:\\\/\\\/www.accuratereviews.com\\\/it\\\/controllo-remoto-lista-software\\\/remote-utilities-recensione\\\/#primaryimage\",\"url\":\"https:\\\/\\\/www.accuratereviews.com\\\/wp-content\\\/uploads\\\/2019\\\/05\\\/remote-utilities.png\",\"contentUrl\":\"https:\\\/\\\/www.accuratereviews.com\\\/wp-content\\\/uploads\\\/2019\\\/05\\\/remote-utilities.png\",\"width\":211,\"height\":153},{\"@type\":\"BreadcrumbList\",\"@id\":\"https:\\\/\\\/www.accuratereviews.com\\\/it\\\/controllo-remoto-lista-software\\\/remote-utilities-recensione\\\/#breadcrumb\",\"itemListElement\":[{\"@type\":\"ListItem\",\"position\":1,\"name\":\"Home\",\"item\":\"https:\\\/\\\/www.accuratereviews.com\\\/it\\\/\"},{\"@type\":\"ListItem\",\"position\":2,\"name\":\"Software per il controllo remoto\",\"item\":\"https:\\\/\\\/www.accuratereviews.com\\\/it\\\/controllo-remoto-lista-software\\\/\"},{\"@type\":\"ListItem\",\"position\":3,\"name\":\"Remote Utilities\"}]},{\"@type\":\"WebSite\",\"@id\":\"https:\\\/\\\/www.accuratereviews.com\\\/it\\\/#website\",\"url\":\"https:\\\/\\\/www.accuratereviews.com\\\/it\\\/\",\"name\":\"Accurate Reviews\",\"description\":\"\",\"potentialAction\":[{\"@type\":\"SearchAction\",\"target\":{\"@type\":\"EntryPoint\",\"urlTemplate\":\"https:\\\/\\\/www.accuratereviews.com\\\/it\\\/?s={search_term_string}\"},\"query-input\":{\"@type\":\"PropertyValueSpecification\",\"valueRequired\":true,\"valueName\":\"search_term_string\"}}],\"inLanguage\":\"it-IT\"}]}<\/script>\n<!-- \/ Yoast SEO plugin. -->","yoast_head_json":{"title":"Remote Utilities: recensione software controllo remoto - Accurate Reviews","description":"Remote Utilities: recensione del software che consente di controllare un computer da remoto, proprio come se lo avessimo fisicamente di fronte a noi.","robots":{"index":"index","follow":"follow","max-snippet":"max-snippet:-1","max-image-preview":"max-image-preview:large","max-video-preview":"max-video-preview:-1"},"canonical":"https:\/\/www.accuratereviews.com\/it\/controllo-remoto-lista-software\/remote-utilities-recensione\/","og_locale":"it_IT","og_type":"article","og_title":"Remote Utilities: recensione software controllo remoto - Accurate Reviews","og_description":"Remote Utilities: recensione del software che consente di controllare un computer da remoto, proprio come se lo avessimo fisicamente di fronte a noi.","og_url":"https:\/\/www.accuratereviews.com\/it\/controllo-remoto-lista-software\/remote-utilities-recensione\/","og_site_name":"Accurate Reviews","article_modified_time":"2021-05-07T13:07:12+00:00","og_image":[{"width":211,"height":153,"url":"https:\/\/www.accuratereviews.com\/wp-content\/uploads\/2019\/05\/remote-utilities.png","type":"image\/png"}],"twitter_card":"summary_large_image","twitter_misc":{"Tempo di lettura stimato":"1 minuto"},"schema":{"@context":"https:\/\/schema.org","@graph":[{"@type":"WebPage","@id":"https:\/\/www.accuratereviews.com\/it\/controllo-remoto-lista-software\/remote-utilities-recensione\/","url":"https:\/\/www.accuratereviews.com\/it\/controllo-remoto-lista-software\/remote-utilities-recensione\/","name":"Remote Utilities: recensione software controllo remoto - Accurate Reviews","isPartOf":{"@id":"https:\/\/www.accuratereviews.com\/it\/#website"},"primaryImageOfPage":{"@id":"https:\/\/www.accuratereviews.com\/it\/controllo-remoto-lista-software\/remote-utilities-recensione\/#primaryimage"},"image":{"@id":"https:\/\/www.accuratereviews.com\/it\/controllo-remoto-lista-software\/remote-utilities-recensione\/#primaryimage"},"thumbnailUrl":"https:\/\/www.accuratereviews.com\/wp-content\/uploads\/2019\/05\/remote-utilities.png","datePublished":"2019-05-30T14:06:35+00:00","dateModified":"2021-05-07T13:07:12+00:00","description":"Remote Utilities: recensione del software che consente di controllare un computer da remoto, proprio come se lo avessimo fisicamente di fronte a noi.","breadcrumb":{"@id":"https:\/\/www.accuratereviews.com\/it\/controllo-remoto-lista-software\/remote-utilities-recensione\/#breadcrumb"},"inLanguage":"it-IT","potentialAction":[{"@type":"ReadAction","target":["https:\/\/www.accuratereviews.com\/it\/controllo-remoto-lista-software\/remote-utilities-recensione\/"]}]},{"@type":"ImageObject","inLanguage":"it-IT","@id":"https:\/\/www.accuratereviews.com\/it\/controllo-remoto-lista-software\/remote-utilities-recensione\/#primaryimage","url":"https:\/\/www.accuratereviews.com\/wp-content\/uploads\/2019\/05\/remote-utilities.png","contentUrl":"https:\/\/www.accuratereviews.com\/wp-content\/uploads\/2019\/05\/remote-utilities.png","width":211,"height":153},{"@type":"BreadcrumbList","@id":"https:\/\/www.accuratereviews.com\/it\/controllo-remoto-lista-software\/remote-utilities-recensione\/#breadcrumb","itemListElement":[{"@type":"ListItem","position":1,"name":"Home","item":"https:\/\/www.accuratereviews.com\/it\/"},{"@type":"ListItem","position":2,"name":"Software per il controllo remoto","item":"https:\/\/www.accuratereviews.com\/it\/controllo-remoto-lista-software\/"},{"@type":"ListItem","position":3,"name":"Remote Utilities"}]},{"@type":"WebSite","@id":"https:\/\/www.accuratereviews.com\/it\/#website","url":"https:\/\/www.accuratereviews.com\/it\/","name":"Accurate Reviews","description":"","potentialAction":[{"@type":"SearchAction","target":{"@type":"EntryPoint","urlTemplate":"https:\/\/www.accuratereviews.com\/it\/?s={search_term_string}"},"query-input":{"@type":"PropertyValueSpecification","valueRequired":true,"valueName":"search_term_string"}}],"inLanguage":"it-IT"}]}},"_links":{"self":[{"href":"https:\/\/www.accuratereviews.com\/it\/wp-json\/wp\/v2\/pages\/15145","targetHints":{"allow":["GET"]}}],"collection":[{"href":"https:\/\/www.accuratereviews.com\/it\/wp-json\/wp\/v2\/pages"}],"about":[{"href":"https:\/\/www.accuratereviews.com\/it\/wp-json\/wp\/v2\/types\/page"}],"author":[{"embeddable":true,"href":"https:\/\/www.accuratereviews.com\/it\/wp-json\/wp\/v2\/users\/17"}],"replies":[{"embeddable":true,"href":"https:\/\/www.accuratereviews.com\/it\/wp-json\/wp\/v2\/comments?post=15145"}],"version-history":[{"count":6,"href":"https:\/\/www.accuratereviews.com\/it\/wp-json\/wp\/v2\/pages\/15145\/revisions"}],"predecessor-version":[{"id":42138,"href":"https:\/\/www.accuratereviews.com\/it\/wp-json\/wp\/v2\/pages\/15145\/revisions\/42138"}],"up":[{"embeddable":true,"href":"https:\/\/www.accuratereviews.com\/it\/wp-json\/wp\/v2\/pages\/14651"}],"wp:featuredmedia":[{"embeddable":true,"href":"https:\/\/www.accuratereviews.com\/it\/wp-json\/wp\/v2\/media\/15148"}],"wp:attachment":[{"href":"https:\/\/www.accuratereviews.com\/it\/wp-json\/wp\/v2\/media?parent=15145"}],"wp:term":[{"taxonomy":"category","embeddable":true,"href":"https:\/\/www.accuratereviews.com\/it\/wp-json\/wp\/v2\/categories?post=15145"},{"taxonomy":"post_tag","embeddable":true,"href":"https:\/\/www.accuratereviews.com\/it\/wp-json\/wp\/v2\/tags?post=15145"},{"taxonomy":"features","embeddable":true,"href":"https:\/\/www.accuratereviews.com\/it\/wp-json\/wp\/v2\/features?post=15145"}],"curies":[{"name":"wp","href":"https:\/\/api.w.org\/{rel}","templated":true}]}}