{"id":15173,"date":"2019-05-30T14:10:05","date_gmt":"2019-05-30T14:10:05","guid":{"rendered":"https:\/\/www.accuratereviews.com\/?page_id=15173"},"modified":"2021-05-07T13:25:18","modified_gmt":"2021-05-07T13:25:18","slug":"tightvnc-recensione","status":"publish","type":"page","link":"https:\/\/www.accuratereviews.com\/it\/controllo-remoto-lista-software\/tightvnc-recensione\/","title":{"rendered":"TightVNC"},"content":{"rendered":"<p id=\"tw-target-text\" class=\"tw-data-text tw-ta tw-text-small\" dir=\"ltr\" data-placeholder=\"Traduzione\"><span lang=\"it\"><strong>TightVNC<\/strong> \u00e8 un <strong>software di controllo remoto gratuito<\/strong> derivato dal famoso <strong>software VNC<\/strong>. Con questo programma puoi vedere il desktop di un pc in remoto e controllarlo con il mouse e la tastiera locale, proprio come se fossi seduto davanti a quel computer. Soluzione ideale per effettuare modifiche, aggiornamenti e controlli in qualsiasi momento e in qualsiasi luogo basta avere una connessione internet. <\/span>L\u2019unica operazione indispensabile da fare \u00e8 quella di impostare le password nella sezione incoming connection\u00a0importanti poich\u00e9 dovranno essere digitate da chi tenta di connettersi a quel computer.<\/p>\n<h2 dir=\"ltr\" data-placeholder=\"Traduzione\">TIGHTVNC &#8211; TUTORIAL<\/h2>\n<p>Questo video tutorial \u00e8 una dimostrazione sull&#8217;uso di questo software per connettersi a un computer remoto e una panoramica delle funzionalit\u00e0 dell&#8217;applicazione:<\/p>\n<div id=\"fluid-wrapper-counter-1\" class=\"g1-fluid-wrapper \" style=\"width:686px;\">\n<div style=\"padding-bottom:56.268221574344%;\"><iframe loading=\"lazy\" title=\"How to use TightVNC\" width=\"686\" height=\"386\" src=\"https:\/\/www.youtube.com\/embed\/x9xTyh63Tos?feature=oembed&amp;wmode=transparent&amp;autohide=1&amp;autoplay=0&amp;disablekb=0&amp;fs=1&amp;loop=0&amp;enablejsapi=1&amp;rel=0&amp;controls=2&amp;showinfo=0&amp;wmode=transparent&amp;autohide=2&amp;autoplay=0&amp;disablekb=0&amp;fs=1&amp;loop=0&amp;enablejsapi=1&amp;rel=0&amp;controls=2&amp;showinfo=1\" frameborder=\"0\" allow=\"accelerometer; autoplay; encrypted-media; gyroscope; picture-in-picture\" allowfullscreen><\/iframe><\/div>\n<\/div>\n<p>&nbsp;<\/p>\n<h3 dir=\"ltr\" data-placeholder=\"Traduzione\">TIGHTVNC &#8211; CARATTERISTICHE<\/h3>\n<ul>\n<li dir=\"ltr\" data-placeholder=\"Traduzione\"><strong>Movimento del cursore locale:<\/strong> i movimenti del cursore non generano pi\u00f9 aggiornamenti sullo schermo, ma i movimenti del cursore remoto vengono processati localmente dal visore (viewer), cos\u00ec da evitare quei movimenti lenti e fastidiosi del cursore<\/li>\n<li dir=\"ltr\" data-placeholder=\"Traduzione\"><strong>Efficienti algoritmi di compressione:\u00a0<\/strong>supporta tutti gli standard dell&#8217;encoding VNC, in modo che si possa lavorare in maniera efficiente anche sui network veloci. Perci\u00f2 con TightVNC si pu\u00f2 lavorare in remoto pressoch\u00e9 in tempo reale in pi\u00f9 ambienti di rete<\/li>\n<li dir=\"ltr\" data-placeholder=\"Traduzione\"><strong>Livelli di compressione configurabili:<\/strong> si possono scegliere tutti i livelli appropriati di compromesso tra rapporti di compressione e velocit\u00e0 di codifica che dipendono dalla velocit\u00e0 di connessione e dalla potenza del processore<\/li>\n<li dir=\"ltr\" data-placeholder=\"Traduzione\"><strong>Compressione opzionale JPEG:<\/strong> se non si bada troppo alla perfetta qualit\u00e0 dell&#8217;immagine si pu\u00f2 usare la compressione JPEG che comprimer\u00e0 l&#8217;area di schermo ricca di colore in modo molto pi\u00f9 efficiente<\/li>\n<li dir=\"ltr\" data-placeholder=\"Traduzione\"><strong>Miglioramento dell&#8217;accesso web tramite browser<\/strong>. TightVNC include un viewer Java fortemente implementato con pieno supporto per l&#8217;encoding Tight, la caratteristica del cursore locale, 24-bit color mode. All&#8217;applet Java del viewer si pu\u00f2 accedere tramite built-in HTTP server come nello standard VNC<\/li>\n<li dir=\"ltr\" data-placeholder=\"Traduzione\"><strong>Supporto per 2 password:\u00a0<\/strong>il server permette o non permette eventi remoti del mouse e della tastiera in base a quale password (password con tutti i permessi o password con solo permesso di lettura) si usa per l&#8217;autenticazione<\/li>\n<li dir=\"ltr\" data-placeholder=\"Traduzione\"><strong>Propriet\u00e0 avanzate di dialogo in WinVCN:<\/strong>a differenza dello standard VNC, TightVNC offre la possibilit\u00e0 di settare un numero per i settaggi avanzati direttamente dalla GUI WinVNC GUI e pertanto, di applicare immediatamente i cambiamenti. Non c&#8217;\u00e8 bisogno di lanciare per settare le opzioni di query, la priorit\u00e0 della connessione, per permettere connessioni loopback, disabilitare il server HTTP server ecc&#8230;<\/li>\n<li dir=\"ltr\" data-placeholder=\"Traduzione\"><strong>Opzioni Flessibili di configurazione:\u00a0<\/strong>a differenza dello standard VNC, TightVNC consente di scegliere arbitrariamente i numeri delle porte per le connessioni TCP\/IP, oltre a mostrare i numeri (delle porte) che tradizionalmente vengono utilizzati in VNC<\/li>\n<li dir=\"ltr\" data-placeholder=\"Traduzione\"><strong>Tunneling SSH automatico per Unix:<\/strong>la versione Unix del viewer TightVNC pu\u00f2 eseguire connessioni via SSH automaticamente utilizzando l&#8217;installazione di un client SSH\/OpenSSH.<\/li>\n<\/ul>\n","protected":false},"excerpt":{"rendered":"<p>TightVNC \u00e8 un software di controllo remoto gratuito derivato dal famoso software VNC. Con questo programma puoi vedere il desktop di un pc in remoto e controllarlo con il mouse e la tastiera locale, proprio come se fossi seduto davanti a quel computer. Soluzione ideale per effettuare modifiche, aggiornamenti e controlli in qualisiasi momento e in qualsiasi luogo basta avere una connessione internet.<\/p>\n","protected":false},"author":19,"featured_media":15184,"parent":14651,"menu_order":0,"comment_status":"open","ping_status":"closed","template":"g1_template_page_review_new.php","meta":{"_acf_changed":false,"cwp_meta_box_check":"Yes","cwp_rev_product_name":"","cwp_rev_product_image":"","wppr_links":[],"cwp_rev_price":"","wppr_options":[],"wppr_pros":[],"wppr_cons":[],"_monsterinsights_skip_tracking":false,"_monsterinsights_sitenote_active":false,"_monsterinsights_sitenote_note":"","_monsterinsights_sitenote_category":0,"footnotes":""},"categories":[625],"tags":[630,649,682,654,648,681],"features":[],"class_list":{"0":"post-15173","1":"page","2":"type-page","3":"status-publish","4":"has-post-thumbnail","6":"category-controllo-remoto","7":"tag-programma-accesso-remoto","8":"tag-programma-controllo-remoto","9":"tag-programma-di-controllo-remoto-gratuito","10":"tag-software-accesso-remoto","11":"tag-software-controllo-remoto","12":"tag-software-di-controllo-remoto-gratuito"},"wppr_data":{"cwp_meta_box_check":"Yes","cwp_rev_product_name":"","cwp_rev_product_image":"","cwp_image_link":"image","cwp_rev_price":"","wppr_rating":"0.00"},"acf":[],"yoast_head":"<!-- This site is optimized with the Yoast SEO plugin v27.4 - https:\/\/yoast.com\/product\/yoast-seo-wordpress\/ -->\n<title>TighVNC: recensione software controllo remoto - Accurate Reviews<\/title>\n<meta name=\"description\" content=\"TightVNC recensione: software di controllo remoto gratuito derivato dal famoso software VNC. Utile programma per vedere e testare un pc a distanza.\" \/>\n<meta name=\"robots\" content=\"index, follow, max-snippet:-1, max-image-preview:large, max-video-preview:-1\" \/>\n<link rel=\"canonical\" href=\"https:\/\/www.accuratereviews.com\/it\/controllo-remoto-lista-software\/tightvnc-recensione\/\" \/>\n<meta property=\"og:locale\" content=\"it_IT\" \/>\n<meta property=\"og:type\" content=\"article\" \/>\n<meta property=\"og:title\" content=\"TighVNC: recensione software controllo remoto - Accurate Reviews\" \/>\n<meta property=\"og:description\" content=\"TightVNC recensione: software di controllo remoto gratuito derivato dal famoso software VNC. Utile programma per vedere e testare un pc a distanza.\" \/>\n<meta property=\"og:url\" content=\"https:\/\/www.accuratereviews.com\/it\/controllo-remoto-lista-software\/tightvnc-recensione\/\" \/>\n<meta property=\"og:site_name\" content=\"Accurate Reviews\" \/>\n<meta property=\"article:modified_time\" content=\"2021-05-07T13:25:18+00:00\" \/>\n<meta property=\"og:image\" content=\"https:\/\/www.accuratereviews.com\/wp-content\/uploads\/2019\/05\/vnc.png\" \/>\n\t<meta property=\"og:image:width\" content=\"600\" \/>\n\t<meta property=\"og:image:height\" content=\"315\" \/>\n\t<meta property=\"og:image:type\" content=\"image\/png\" \/>\n<meta name=\"twitter:card\" content=\"summary_large_image\" \/>\n<meta name=\"twitter:label1\" content=\"Tempo di lettura stimato\" \/>\n\t<meta name=\"twitter:data1\" content=\"2 minuti\" \/>\n<script type=\"application\/ld+json\" class=\"yoast-schema-graph\">{\"@context\":\"https:\\\/\\\/schema.org\",\"@graph\":[{\"@type\":\"WebPage\",\"@id\":\"https:\\\/\\\/www.accuratereviews.com\\\/it\\\/controllo-remoto-lista-software\\\/tightvnc-recensione\\\/\",\"url\":\"https:\\\/\\\/www.accuratereviews.com\\\/it\\\/controllo-remoto-lista-software\\\/tightvnc-recensione\\\/\",\"name\":\"TighVNC: recensione software controllo remoto - Accurate Reviews\",\"isPartOf\":{\"@id\":\"https:\\\/\\\/www.accuratereviews.com\\\/it\\\/#website\"},\"primaryImageOfPage\":{\"@id\":\"https:\\\/\\\/www.accuratereviews.com\\\/it\\\/controllo-remoto-lista-software\\\/tightvnc-recensione\\\/#primaryimage\"},\"image\":{\"@id\":\"https:\\\/\\\/www.accuratereviews.com\\\/it\\\/controllo-remoto-lista-software\\\/tightvnc-recensione\\\/#primaryimage\"},\"thumbnailUrl\":\"https:\\\/\\\/www.accuratereviews.com\\\/wp-content\\\/uploads\\\/2019\\\/05\\\/vnc.png\",\"datePublished\":\"2019-05-30T14:10:05+00:00\",\"dateModified\":\"2021-05-07T13:25:18+00:00\",\"description\":\"TightVNC recensione: software di controllo remoto gratuito derivato dal famoso software VNC. Utile programma per vedere e testare un pc a distanza.\",\"breadcrumb\":{\"@id\":\"https:\\\/\\\/www.accuratereviews.com\\\/it\\\/controllo-remoto-lista-software\\\/tightvnc-recensione\\\/#breadcrumb\"},\"inLanguage\":\"it-IT\",\"potentialAction\":[{\"@type\":\"ReadAction\",\"target\":[\"https:\\\/\\\/www.accuratereviews.com\\\/it\\\/controllo-remoto-lista-software\\\/tightvnc-recensione\\\/\"]}]},{\"@type\":\"ImageObject\",\"inLanguage\":\"it-IT\",\"@id\":\"https:\\\/\\\/www.accuratereviews.com\\\/it\\\/controllo-remoto-lista-software\\\/tightvnc-recensione\\\/#primaryimage\",\"url\":\"https:\\\/\\\/www.accuratereviews.com\\\/wp-content\\\/uploads\\\/2019\\\/05\\\/vnc.png\",\"contentUrl\":\"https:\\\/\\\/www.accuratereviews.com\\\/wp-content\\\/uploads\\\/2019\\\/05\\\/vnc.png\",\"width\":600,\"height\":315},{\"@type\":\"BreadcrumbList\",\"@id\":\"https:\\\/\\\/www.accuratereviews.com\\\/it\\\/controllo-remoto-lista-software\\\/tightvnc-recensione\\\/#breadcrumb\",\"itemListElement\":[{\"@type\":\"ListItem\",\"position\":1,\"name\":\"Home\",\"item\":\"https:\\\/\\\/www.accuratereviews.com\\\/it\\\/\"},{\"@type\":\"ListItem\",\"position\":2,\"name\":\"Software per il controllo remoto\",\"item\":\"https:\\\/\\\/www.accuratereviews.com\\\/it\\\/controllo-remoto-lista-software\\\/\"},{\"@type\":\"ListItem\",\"position\":3,\"name\":\"TightVNC\"}]},{\"@type\":\"WebSite\",\"@id\":\"https:\\\/\\\/www.accuratereviews.com\\\/it\\\/#website\",\"url\":\"https:\\\/\\\/www.accuratereviews.com\\\/it\\\/\",\"name\":\"Accurate Reviews\",\"description\":\"\",\"potentialAction\":[{\"@type\":\"SearchAction\",\"target\":{\"@type\":\"EntryPoint\",\"urlTemplate\":\"https:\\\/\\\/www.accuratereviews.com\\\/it\\\/?s={search_term_string}\"},\"query-input\":{\"@type\":\"PropertyValueSpecification\",\"valueRequired\":true,\"valueName\":\"search_term_string\"}}],\"inLanguage\":\"it-IT\"}]}<\/script>\n<!-- \/ Yoast SEO plugin. -->","yoast_head_json":{"title":"TighVNC: recensione software controllo remoto - Accurate Reviews","description":"TightVNC recensione: software di controllo remoto gratuito derivato dal famoso software VNC. Utile programma per vedere e testare un pc a distanza.","robots":{"index":"index","follow":"follow","max-snippet":"max-snippet:-1","max-image-preview":"max-image-preview:large","max-video-preview":"max-video-preview:-1"},"canonical":"https:\/\/www.accuratereviews.com\/it\/controllo-remoto-lista-software\/tightvnc-recensione\/","og_locale":"it_IT","og_type":"article","og_title":"TighVNC: recensione software controllo remoto - Accurate Reviews","og_description":"TightVNC recensione: software di controllo remoto gratuito derivato dal famoso software VNC. Utile programma per vedere e testare un pc a distanza.","og_url":"https:\/\/www.accuratereviews.com\/it\/controllo-remoto-lista-software\/tightvnc-recensione\/","og_site_name":"Accurate Reviews","article_modified_time":"2021-05-07T13:25:18+00:00","og_image":[{"width":600,"height":315,"url":"https:\/\/www.accuratereviews.com\/wp-content\/uploads\/2019\/05\/vnc.png","type":"image\/png"}],"twitter_card":"summary_large_image","twitter_misc":{"Tempo di lettura stimato":"2 minuti"},"schema":{"@context":"https:\/\/schema.org","@graph":[{"@type":"WebPage","@id":"https:\/\/www.accuratereviews.com\/it\/controllo-remoto-lista-software\/tightvnc-recensione\/","url":"https:\/\/www.accuratereviews.com\/it\/controllo-remoto-lista-software\/tightvnc-recensione\/","name":"TighVNC: recensione software controllo remoto - Accurate Reviews","isPartOf":{"@id":"https:\/\/www.accuratereviews.com\/it\/#website"},"primaryImageOfPage":{"@id":"https:\/\/www.accuratereviews.com\/it\/controllo-remoto-lista-software\/tightvnc-recensione\/#primaryimage"},"image":{"@id":"https:\/\/www.accuratereviews.com\/it\/controllo-remoto-lista-software\/tightvnc-recensione\/#primaryimage"},"thumbnailUrl":"https:\/\/www.accuratereviews.com\/wp-content\/uploads\/2019\/05\/vnc.png","datePublished":"2019-05-30T14:10:05+00:00","dateModified":"2021-05-07T13:25:18+00:00","description":"TightVNC recensione: software di controllo remoto gratuito derivato dal famoso software VNC. Utile programma per vedere e testare un pc a distanza.","breadcrumb":{"@id":"https:\/\/www.accuratereviews.com\/it\/controllo-remoto-lista-software\/tightvnc-recensione\/#breadcrumb"},"inLanguage":"it-IT","potentialAction":[{"@type":"ReadAction","target":["https:\/\/www.accuratereviews.com\/it\/controllo-remoto-lista-software\/tightvnc-recensione\/"]}]},{"@type":"ImageObject","inLanguage":"it-IT","@id":"https:\/\/www.accuratereviews.com\/it\/controllo-remoto-lista-software\/tightvnc-recensione\/#primaryimage","url":"https:\/\/www.accuratereviews.com\/wp-content\/uploads\/2019\/05\/vnc.png","contentUrl":"https:\/\/www.accuratereviews.com\/wp-content\/uploads\/2019\/05\/vnc.png","width":600,"height":315},{"@type":"BreadcrumbList","@id":"https:\/\/www.accuratereviews.com\/it\/controllo-remoto-lista-software\/tightvnc-recensione\/#breadcrumb","itemListElement":[{"@type":"ListItem","position":1,"name":"Home","item":"https:\/\/www.accuratereviews.com\/it\/"},{"@type":"ListItem","position":2,"name":"Software per il controllo remoto","item":"https:\/\/www.accuratereviews.com\/it\/controllo-remoto-lista-software\/"},{"@type":"ListItem","position":3,"name":"TightVNC"}]},{"@type":"WebSite","@id":"https:\/\/www.accuratereviews.com\/it\/#website","url":"https:\/\/www.accuratereviews.com\/it\/","name":"Accurate Reviews","description":"","potentialAction":[{"@type":"SearchAction","target":{"@type":"EntryPoint","urlTemplate":"https:\/\/www.accuratereviews.com\/it\/?s={search_term_string}"},"query-input":{"@type":"PropertyValueSpecification","valueRequired":true,"valueName":"search_term_string"}}],"inLanguage":"it-IT"}]}},"_links":{"self":[{"href":"https:\/\/www.accuratereviews.com\/it\/wp-json\/wp\/v2\/pages\/15173","targetHints":{"allow":["GET"]}}],"collection":[{"href":"https:\/\/www.accuratereviews.com\/it\/wp-json\/wp\/v2\/pages"}],"about":[{"href":"https:\/\/www.accuratereviews.com\/it\/wp-json\/wp\/v2\/types\/page"}],"author":[{"embeddable":true,"href":"https:\/\/www.accuratereviews.com\/it\/wp-json\/wp\/v2\/users\/19"}],"replies":[{"embeddable":true,"href":"https:\/\/www.accuratereviews.com\/it\/wp-json\/wp\/v2\/comments?post=15173"}],"version-history":[{"count":12,"href":"https:\/\/www.accuratereviews.com\/it\/wp-json\/wp\/v2\/pages\/15173\/revisions"}],"predecessor-version":[{"id":42157,"href":"https:\/\/www.accuratereviews.com\/it\/wp-json\/wp\/v2\/pages\/15173\/revisions\/42157"}],"up":[{"embeddable":true,"href":"https:\/\/www.accuratereviews.com\/it\/wp-json\/wp\/v2\/pages\/14651"}],"wp:featuredmedia":[{"embeddable":true,"href":"https:\/\/www.accuratereviews.com\/it\/wp-json\/wp\/v2\/media\/15184"}],"wp:attachment":[{"href":"https:\/\/www.accuratereviews.com\/it\/wp-json\/wp\/v2\/media?parent=15173"}],"wp:term":[{"taxonomy":"category","embeddable":true,"href":"https:\/\/www.accuratereviews.com\/it\/wp-json\/wp\/v2\/categories?post=15173"},{"taxonomy":"post_tag","embeddable":true,"href":"https:\/\/www.accuratereviews.com\/it\/wp-json\/wp\/v2\/tags?post=15173"},{"taxonomy":"features","embeddable":true,"href":"https:\/\/www.accuratereviews.com\/it\/wp-json\/wp\/v2\/features?post=15173"}],"curies":[{"name":"wp","href":"https:\/\/api.w.org\/{rel}","templated":true}]}}