{"id":15191,"date":"2019-05-30T14:11:11","date_gmt":"2019-05-30T14:11:11","guid":{"rendered":"https:\/\/www.accuratereviews.com\/?page_id=15191"},"modified":"2021-05-07T13:06:17","modified_gmt":"2021-05-07T13:06:17","slug":"remote-desktop-manager-recensione","status":"publish","type":"page","link":"https:\/\/www.accuratereviews.com\/it\/controllo-remoto-lista-software\/remote-desktop-manager-recensione\/","title":{"rendered":"Remote Desktop Manager"},"content":{"rendered":"<p><strong>Remote Desktop Manager<\/strong> \u00e8 una soluzione di help desk on-premise che consente agli utenti di centralizzare le loro connessioni, password e credenziali in un&#8217;unica piattaforma che pu\u00f2 essere condivisa con pi\u00f9 membri del team. Le caratteristiche principali includono funzionalit\u00e0 di <strong>connessione remota, condivisione dello schermo<\/strong>, gestione delle password, rapporti e altro ancora. <strong>Remote Desktop Manager<\/strong> fornisce agli utenti un repository di password centralizzato. Le autorizzazioni basate sui ruoli e l&#8217;autenticazione a due fattori consentono agli amministratori di controllare l&#8217;accesso ai dati di sistema. Gli utenti possono anche monitorare, verificare e analizzare l&#8217;attivit\u00e0 del team con le applicazioni mobili per dispositivi iOS e Android in tempo reale anche se non si \u00e8 in ufficio o a casa. \u00a0Il supporto di questo programma pu\u00f2 essere fornito \u00a0via telefono, email, helpdesk online e in altri modi.<\/p>\n<h2>REMOTE DESKTOP MANAGER &#8211; TUTORIAL<\/h2>\n<p>Il video tutorial riportato qui sotto ci mostrer\u00e0 come funziona questo software:<\/p>\n<div id=\"fluid-wrapper-counter-1\" class=\"g1-fluid-wrapper \" style=\"width:686px;\">\n<div style=\"padding-bottom:56.268221574344%;\"><iframe loading=\"lazy\" title=\"Remote Desktop Manager Technical Deep Deep Dive - DABCC TV #41\" width=\"515\" height=\"386\" src=\"https:\/\/www.youtube.com\/embed\/5J9Yml6GN1c?feature=oembed&amp;wmode=transparent&amp;autohide=1&amp;autoplay=0&amp;disablekb=0&amp;fs=1&amp;loop=0&amp;enablejsapi=1&amp;rel=0&amp;controls=2&amp;showinfo=0&amp;wmode=transparent&amp;autohide=2&amp;autoplay=0&amp;disablekb=0&amp;fs=1&amp;loop=0&amp;enablejsapi=1&amp;rel=0&amp;controls=2&amp;showinfo=1\" frameborder=\"0\" allow=\"accelerometer; autoplay; encrypted-media; gyroscope; picture-in-picture\" allowfullscreen><\/iframe><\/div>\n<\/div>\n<p>&nbsp;<\/p>\n<h3>REMOTE DESKTOP MANAGER &#8211; CARATTERISTICHE<\/h3>\n<ul>\n<li><strong>Gestione delle connessioni remote<\/strong>:\u00a0<span lang=\"it\">configura facilmente pi\u00f9 connessioni remote che sono condivise in modo sicuro tra gli utenti in un repository centralizzato, permettendoti di avviarle contemporaneamente e di passare rapidamente da una macchina all&#8217;altra<\/span><\/li>\n<li><strong>Gestione delle password<\/strong>: utilizza le sue potenti funzionalit\u00e0 per archiviare e gestire tutte le password, le credenziali e gli account \u00a0fornendo un controllo e una visibilit\u00e0 incomparabili sul tuo ambiente IT.<\/li>\n<li id=\"tw-target-text\" class=\"tw-data-text tw-ta tw-text-small\" dir=\"ltr\" data-placeholder=\"Traduzione\"><span lang=\"it\"><strong>Facilit\u00e0 di gestione<\/strong>: semplifica l&#8217;onere amministrativo offrendo una gestione semplice, indipendentemente dal fatto che tu sia in viaggio o in ufficio<\/span><\/li>\n<li id=\"tw-target-text\" class=\"tw-data-text tw-ta tw-text-small\" dir=\"ltr\" data-placeholder=\"Traduzione\"><span lang=\"it\"><strong>Audit e rapporti<\/strong>: rapporti dettagliati aiutano a valutare il livello di sicurezza delle informazioni aziendali e migliorano il controllo sull&#8217;accesso agli account.<\/span><\/li>\n<\/ul>\n","protected":false},"excerpt":{"rendered":"<p>Remote Desktop Manager \u00e8 una soluzione di help desk on-premise che consente agli utenti di centralizzare le loro connessioni, password e credenziali in un&#8217;unica piattaforma che pu\u00f2 essere condivisa con pi\u00f9 membri del team. Le caratteristiche principali includono funzionalit\u00e0 di connessione remota, condivisione dello schermo, gestione delle password, rapporti e altro ancora.<\/p>\n","protected":false},"author":19,"featured_media":15194,"parent":14651,"menu_order":0,"comment_status":"open","ping_status":"closed","template":"g1_template_page_review_new.php","meta":{"_acf_changed":false,"cwp_meta_box_check":"Yes","cwp_rev_product_name":"","cwp_rev_product_image":"","wppr_links":[],"cwp_rev_price":"","wppr_options":[],"wppr_pros":[],"wppr_cons":[],"_monsterinsights_skip_tracking":false,"_monsterinsights_sitenote_active":false,"_monsterinsights_sitenote_note":"","_monsterinsights_sitenote_category":0,"footnotes":""},"categories":[625],"tags":[639,685,684,683],"features":[],"class_list":{"0":"post-15191","1":"page","2":"type-page","3":"status-publish","4":"has-post-thumbnail","6":"category-controllo-remoto","7":"tag-condivisione-schermo","8":"tag-gestione-delle-password","9":"tag-programma-connessione-remota","10":"tag-software-connessione-remota"},"wppr_data":{"cwp_meta_box_check":"Yes","cwp_rev_product_name":"","cwp_rev_product_image":"","cwp_image_link":"image","cwp_rev_price":"","wppr_rating":"0.00"},"acf":[],"yoast_head":"<!-- This site is optimized with the Yoast SEO plugin v27.4 - https:\/\/yoast.com\/product\/yoast-seo-wordpress\/ -->\n<title>Remote Desktop Manager: recensione - Accurate Reviews<\/title>\n<meta name=\"description\" content=\"Remote Desktop Manager: recensione software accesso remoto che consente di centralizzare le connessioni, password e credenziali in un&#039;unica piattaforma.\" \/>\n<meta name=\"robots\" content=\"index, follow, max-snippet:-1, max-image-preview:large, max-video-preview:-1\" \/>\n<link rel=\"canonical\" href=\"https:\/\/www.accuratereviews.com\/it\/controllo-remoto-lista-software\/remote-desktop-manager-recensione\/\" \/>\n<meta property=\"og:locale\" content=\"it_IT\" \/>\n<meta property=\"og:type\" content=\"article\" \/>\n<meta property=\"og:title\" content=\"Remote Desktop Manager: recensione - Accurate Reviews\" \/>\n<meta property=\"og:description\" content=\"Remote Desktop Manager: recensione software accesso remoto che consente di centralizzare le connessioni, password e credenziali in un&#039;unica piattaforma.\" \/>\n<meta property=\"og:url\" content=\"https:\/\/www.accuratereviews.com\/it\/controllo-remoto-lista-software\/remote-desktop-manager-recensione\/\" \/>\n<meta property=\"og:site_name\" content=\"Accurate Reviews\" \/>\n<meta property=\"article:modified_time\" content=\"2021-05-07T13:06:17+00:00\" \/>\n<meta property=\"og:image\" content=\"https:\/\/www.accuratereviews.com\/wp-content\/uploads\/2019\/05\/RemoteDesktopManager.png\" \/>\n\t<meta property=\"og:image:width\" content=\"750\" \/>\n\t<meta property=\"og:image:height\" content=\"265\" \/>\n\t<meta property=\"og:image:type\" content=\"image\/png\" \/>\n<meta name=\"twitter:card\" content=\"summary_large_image\" \/>\n<meta name=\"twitter:label1\" content=\"Tempo di lettura stimato\" \/>\n\t<meta name=\"twitter:data1\" content=\"1 minuto\" \/>\n<script type=\"application\/ld+json\" class=\"yoast-schema-graph\">{\"@context\":\"https:\\\/\\\/schema.org\",\"@graph\":[{\"@type\":\"WebPage\",\"@id\":\"https:\\\/\\\/www.accuratereviews.com\\\/it\\\/controllo-remoto-lista-software\\\/remote-desktop-manager-recensione\\\/\",\"url\":\"https:\\\/\\\/www.accuratereviews.com\\\/it\\\/controllo-remoto-lista-software\\\/remote-desktop-manager-recensione\\\/\",\"name\":\"Remote Desktop Manager: recensione - Accurate Reviews\",\"isPartOf\":{\"@id\":\"https:\\\/\\\/www.accuratereviews.com\\\/it\\\/#website\"},\"primaryImageOfPage\":{\"@id\":\"https:\\\/\\\/www.accuratereviews.com\\\/it\\\/controllo-remoto-lista-software\\\/remote-desktop-manager-recensione\\\/#primaryimage\"},\"image\":{\"@id\":\"https:\\\/\\\/www.accuratereviews.com\\\/it\\\/controllo-remoto-lista-software\\\/remote-desktop-manager-recensione\\\/#primaryimage\"},\"thumbnailUrl\":\"https:\\\/\\\/www.accuratereviews.com\\\/wp-content\\\/uploads\\\/2019\\\/05\\\/RemoteDesktopManager.png\",\"datePublished\":\"2019-05-30T14:11:11+00:00\",\"dateModified\":\"2021-05-07T13:06:17+00:00\",\"description\":\"Remote Desktop Manager: recensione software accesso remoto che consente di centralizzare le connessioni, password e credenziali in un'unica piattaforma.\",\"breadcrumb\":{\"@id\":\"https:\\\/\\\/www.accuratereviews.com\\\/it\\\/controllo-remoto-lista-software\\\/remote-desktop-manager-recensione\\\/#breadcrumb\"},\"inLanguage\":\"it-IT\",\"potentialAction\":[{\"@type\":\"ReadAction\",\"target\":[\"https:\\\/\\\/www.accuratereviews.com\\\/it\\\/controllo-remoto-lista-software\\\/remote-desktop-manager-recensione\\\/\"]}]},{\"@type\":\"ImageObject\",\"inLanguage\":\"it-IT\",\"@id\":\"https:\\\/\\\/www.accuratereviews.com\\\/it\\\/controllo-remoto-lista-software\\\/remote-desktop-manager-recensione\\\/#primaryimage\",\"url\":\"https:\\\/\\\/www.accuratereviews.com\\\/wp-content\\\/uploads\\\/2019\\\/05\\\/RemoteDesktopManager.png\",\"contentUrl\":\"https:\\\/\\\/www.accuratereviews.com\\\/wp-content\\\/uploads\\\/2019\\\/05\\\/RemoteDesktopManager.png\",\"width\":750,\"height\":265},{\"@type\":\"BreadcrumbList\",\"@id\":\"https:\\\/\\\/www.accuratereviews.com\\\/it\\\/controllo-remoto-lista-software\\\/remote-desktop-manager-recensione\\\/#breadcrumb\",\"itemListElement\":[{\"@type\":\"ListItem\",\"position\":1,\"name\":\"Home\",\"item\":\"https:\\\/\\\/www.accuratereviews.com\\\/it\\\/\"},{\"@type\":\"ListItem\",\"position\":2,\"name\":\"Software per il controllo remoto\",\"item\":\"https:\\\/\\\/www.accuratereviews.com\\\/it\\\/controllo-remoto-lista-software\\\/\"},{\"@type\":\"ListItem\",\"position\":3,\"name\":\"Remote Desktop Manager\"}]},{\"@type\":\"WebSite\",\"@id\":\"https:\\\/\\\/www.accuratereviews.com\\\/it\\\/#website\",\"url\":\"https:\\\/\\\/www.accuratereviews.com\\\/it\\\/\",\"name\":\"Accurate Reviews\",\"description\":\"\",\"potentialAction\":[{\"@type\":\"SearchAction\",\"target\":{\"@type\":\"EntryPoint\",\"urlTemplate\":\"https:\\\/\\\/www.accuratereviews.com\\\/it\\\/?s={search_term_string}\"},\"query-input\":{\"@type\":\"PropertyValueSpecification\",\"valueRequired\":true,\"valueName\":\"search_term_string\"}}],\"inLanguage\":\"it-IT\"}]}<\/script>\n<!-- \/ Yoast SEO plugin. -->","yoast_head_json":{"title":"Remote Desktop Manager: recensione - Accurate Reviews","description":"Remote Desktop Manager: recensione software accesso remoto che consente di centralizzare le connessioni, password e credenziali in un'unica piattaforma.","robots":{"index":"index","follow":"follow","max-snippet":"max-snippet:-1","max-image-preview":"max-image-preview:large","max-video-preview":"max-video-preview:-1"},"canonical":"https:\/\/www.accuratereviews.com\/it\/controllo-remoto-lista-software\/remote-desktop-manager-recensione\/","og_locale":"it_IT","og_type":"article","og_title":"Remote Desktop Manager: recensione - Accurate Reviews","og_description":"Remote Desktop Manager: recensione software accesso remoto che consente di centralizzare le connessioni, password e credenziali in un'unica piattaforma.","og_url":"https:\/\/www.accuratereviews.com\/it\/controllo-remoto-lista-software\/remote-desktop-manager-recensione\/","og_site_name":"Accurate Reviews","article_modified_time":"2021-05-07T13:06:17+00:00","og_image":[{"width":750,"height":265,"url":"https:\/\/www.accuratereviews.com\/wp-content\/uploads\/2019\/05\/RemoteDesktopManager.png","type":"image\/png"}],"twitter_card":"summary_large_image","twitter_misc":{"Tempo di lettura stimato":"1 minuto"},"schema":{"@context":"https:\/\/schema.org","@graph":[{"@type":"WebPage","@id":"https:\/\/www.accuratereviews.com\/it\/controllo-remoto-lista-software\/remote-desktop-manager-recensione\/","url":"https:\/\/www.accuratereviews.com\/it\/controllo-remoto-lista-software\/remote-desktop-manager-recensione\/","name":"Remote Desktop Manager: recensione - Accurate Reviews","isPartOf":{"@id":"https:\/\/www.accuratereviews.com\/it\/#website"},"primaryImageOfPage":{"@id":"https:\/\/www.accuratereviews.com\/it\/controllo-remoto-lista-software\/remote-desktop-manager-recensione\/#primaryimage"},"image":{"@id":"https:\/\/www.accuratereviews.com\/it\/controllo-remoto-lista-software\/remote-desktop-manager-recensione\/#primaryimage"},"thumbnailUrl":"https:\/\/www.accuratereviews.com\/wp-content\/uploads\/2019\/05\/RemoteDesktopManager.png","datePublished":"2019-05-30T14:11:11+00:00","dateModified":"2021-05-07T13:06:17+00:00","description":"Remote Desktop Manager: recensione software accesso remoto che consente di centralizzare le connessioni, password e credenziali in un'unica piattaforma.","breadcrumb":{"@id":"https:\/\/www.accuratereviews.com\/it\/controllo-remoto-lista-software\/remote-desktop-manager-recensione\/#breadcrumb"},"inLanguage":"it-IT","potentialAction":[{"@type":"ReadAction","target":["https:\/\/www.accuratereviews.com\/it\/controllo-remoto-lista-software\/remote-desktop-manager-recensione\/"]}]},{"@type":"ImageObject","inLanguage":"it-IT","@id":"https:\/\/www.accuratereviews.com\/it\/controllo-remoto-lista-software\/remote-desktop-manager-recensione\/#primaryimage","url":"https:\/\/www.accuratereviews.com\/wp-content\/uploads\/2019\/05\/RemoteDesktopManager.png","contentUrl":"https:\/\/www.accuratereviews.com\/wp-content\/uploads\/2019\/05\/RemoteDesktopManager.png","width":750,"height":265},{"@type":"BreadcrumbList","@id":"https:\/\/www.accuratereviews.com\/it\/controllo-remoto-lista-software\/remote-desktop-manager-recensione\/#breadcrumb","itemListElement":[{"@type":"ListItem","position":1,"name":"Home","item":"https:\/\/www.accuratereviews.com\/it\/"},{"@type":"ListItem","position":2,"name":"Software per il controllo remoto","item":"https:\/\/www.accuratereviews.com\/it\/controllo-remoto-lista-software\/"},{"@type":"ListItem","position":3,"name":"Remote Desktop Manager"}]},{"@type":"WebSite","@id":"https:\/\/www.accuratereviews.com\/it\/#website","url":"https:\/\/www.accuratereviews.com\/it\/","name":"Accurate Reviews","description":"","potentialAction":[{"@type":"SearchAction","target":{"@type":"EntryPoint","urlTemplate":"https:\/\/www.accuratereviews.com\/it\/?s={search_term_string}"},"query-input":{"@type":"PropertyValueSpecification","valueRequired":true,"valueName":"search_term_string"}}],"inLanguage":"it-IT"}]}},"_links":{"self":[{"href":"https:\/\/www.accuratereviews.com\/it\/wp-json\/wp\/v2\/pages\/15191","targetHints":{"allow":["GET"]}}],"collection":[{"href":"https:\/\/www.accuratereviews.com\/it\/wp-json\/wp\/v2\/pages"}],"about":[{"href":"https:\/\/www.accuratereviews.com\/it\/wp-json\/wp\/v2\/types\/page"}],"author":[{"embeddable":true,"href":"https:\/\/www.accuratereviews.com\/it\/wp-json\/wp\/v2\/users\/19"}],"replies":[{"embeddable":true,"href":"https:\/\/www.accuratereviews.com\/it\/wp-json\/wp\/v2\/comments?post=15191"}],"version-history":[{"count":11,"href":"https:\/\/www.accuratereviews.com\/it\/wp-json\/wp\/v2\/pages\/15191\/revisions"}],"predecessor-version":[{"id":42136,"href":"https:\/\/www.accuratereviews.com\/it\/wp-json\/wp\/v2\/pages\/15191\/revisions\/42136"}],"up":[{"embeddable":true,"href":"https:\/\/www.accuratereviews.com\/it\/wp-json\/wp\/v2\/pages\/14651"}],"wp:featuredmedia":[{"embeddable":true,"href":"https:\/\/www.accuratereviews.com\/it\/wp-json\/wp\/v2\/media\/15194"}],"wp:attachment":[{"href":"https:\/\/www.accuratereviews.com\/it\/wp-json\/wp\/v2\/media?parent=15191"}],"wp:term":[{"taxonomy":"category","embeddable":true,"href":"https:\/\/www.accuratereviews.com\/it\/wp-json\/wp\/v2\/categories?post=15191"},{"taxonomy":"post_tag","embeddable":true,"href":"https:\/\/www.accuratereviews.com\/it\/wp-json\/wp\/v2\/tags?post=15191"},{"taxonomy":"features","embeddable":true,"href":"https:\/\/www.accuratereviews.com\/it\/wp-json\/wp\/v2\/features?post=15191"}],"curies":[{"name":"wp","href":"https:\/\/api.w.org\/{rel}","templated":true}]}}