{"id":15563,"date":"2015-08-24T14:54:50","date_gmt":"2015-08-24T14:54:50","guid":{"rendered":"https:\/\/www.accuratereviews.com\/video-editing-lista-software\/imovie\/"},"modified":"2019-06-11T05:51:48","modified_gmt":"2019-06-11T05:51:48","slug":"imovie","status":"publish","type":"page","link":"https:\/\/www.accuratereviews.com\/it\/video-editing-lista-software\/imovie\/","title":{"rendered":"iMovie"},"content":{"rendered":"<p>Sia che tu abbia bisogno di un divertente video di Natale per il tuo ufficio o per una presentazione aziendale: <strong>se sei un utente Mac, iMovie \u00e8 pi\u00f9 che sufficiente per tutte le tue esigenze.<\/strong><\/p>\n<div id=\"attachment_1365\" style=\"width: 702px\" class=\"wp-caption alignnone\"><img loading=\"lazy\" decoding=\"async\" aria-describedby=\"caption-attachment-1365\" class=\"size-full wp-image-1365\" src=\"http:\/\/www.accuratereviews.com\/wp-content\/uploads\/2015\/08\/iMovie-editing.jpeg\" alt=\"Video editing with iMovie is very simple\" width=\"692\" height=\"433\" srcset=\"https:\/\/www.accuratereviews.com\/wp-content\/uploads\/2015\/08\/iMovie-editing.jpeg 692w, https:\/\/www.accuratereviews.com\/wp-content\/uploads\/2015\/08\/iMovie-editing-300x188.jpeg 300w, https:\/\/www.accuratereviews.com\/wp-content\/uploads\/2015\/08\/iMovie-editing-200x125.jpeg 200w, https:\/\/www.accuratereviews.com\/wp-content\/uploads\/2015\/08\/iMovie-editing-50x31.jpeg 50w, https:\/\/www.accuratereviews.com\/wp-content\/uploads\/2015\/08\/iMovie-editing-636x398.jpeg 636w, https:\/\/www.accuratereviews.com\/wp-content\/uploads\/2015\/08\/iMovie-editing-320x200.jpeg 320w, https:\/\/www.accuratereviews.com\/wp-content\/uploads\/2015\/08\/iMovie-editing-239x150.jpeg 239w\" sizes=\"auto, (max-width: 692px) 100vw, 692px\" \/><p id=\"caption-attachment-1365\" class=\"wp-caption-text\">iMovie ti consente di modificare le tue riprese in modo professionale.<\/p><\/div>\n<h2>Usabilit\u00e0<\/h2>\n<p>Apple sta sviluppando iMovie dalla fine degli anni &#8217;90, quindi \u00e8 abbastanza ovvio che la sua interfaccia utente sia elegante e semplice, ma ricca di scelte per chi ha bisogno di controllo. Viene utilizzata la consueta disposizione a tre riquadri, con la divisione canonica sorgente &#8211; riproduzione &#8211; timeline. <strong>Apple sceglie di nascondere ogni pulsante che distrae dall&#8217;interfaccia, lasciandolo con un look minimalista sobrio<\/strong>. Se guardi bene, troverai tutti gli strumenti nella scheda a destra o sotto il pulsante destro. <strong>Questo aspetto minimalista non altera il software perch\u00e9 le funzionalit\u00e0 pi\u00f9 importanti, la modifica di un filmato, sono migliorate e semplificate da questa decisione.<\/strong><\/p>\n<h2>Funzioni<\/h2>\n<p>Nello spazio consumer di editing video,<strong> forse solo Adobe Premiere Elements ha pi\u00f9 funzionalit\u00e0; ma come sempre la facilit\u00e0 d&#8217;uso \u00e8 un valore forte per un prodotto Apple<\/strong>, e iMovie \u00e8 tipico: estremamente lineare nel suo uso quotidiano con\u00a0 un hardware molto potente.<br \/>\nUna volta che hai importato la tua clip (che \u00e8 un processo molto veloce) puoi quindi scorrere per il momento giusto in cui puoi inserire la timeline. <strong>iMovie 10 supporta l&#8217;editing multistrato, in modo che tu possa provare diverse soluzioni di editing o semplicemente scattare foto affiancate o &#8220;picture-in-picture&#8221;<\/strong>. \u00c8 possibile scegliere il momento preciso in cui tagliare il cambiamento tra due clip, ed \u00e8 una scelta abbastanza accurata. Puoi modificare l&#8217;output del colore di ogni clip, le onde audio, rallentarle o accelerarle. <strong>Altri strumenti di precisione includono Skin Tone Balance, White Balance e Match Color: quest&#8217;ultimo \u00e8 uno strumento di correzione del colore semplice ma funzionale.<\/strong> La tua ultima opzione \u00e8 il &#8220;pulsante Auto&#8221;, che bilancia automaticamente ogni aspetto e di solito ne ottieni una buona qualit\u00e0.<br \/>\nSe hai mai usato Final Cut, specialmente l&#8217;ultima versione, troverai molte somiglianze tra i due software; una funzione utile \u00e8 <strong>esportare un progetto iMovie come file XML per Final Cut<\/strong> e poi completarlo nella suite professionale.<br \/>\nPersino iMovie per iOS ti consente di condividere un progetto tra il tuo iPhone o iPad e il tuo Mac, questa funzionalit\u00e0 non \u00e8 disponibile per iMovie 10. Invece, Apple ha lanciato una nuova funzionalit\u00e0 chiamata iMovie Theater che ti consente di condividere il tuo film su qualsiasi dispositivo con iMovie installato &#8211; solo la versione modificata, non il progetto.<\/p>\n<div id=\"attachment_1366\" style=\"width: 700px\" class=\"wp-caption alignnone\"><img loading=\"lazy\" decoding=\"async\" aria-describedby=\"caption-attachment-1366\" class=\"size-full wp-image-1366\" src=\"http:\/\/www.accuratereviews.com\/wp-content\/uploads\/2015\/08\/iMovie-sharing.jpeg\" alt=\"Sharing options in iMovie includes Facebook, Vimeo, or your own hard disk.\" width=\"690\" height=\"431\" srcset=\"https:\/\/www.accuratereviews.com\/wp-content\/uploads\/2015\/08\/iMovie-sharing.jpeg 690w, https:\/\/www.accuratereviews.com\/wp-content\/uploads\/2015\/08\/iMovie-sharing-300x187.jpeg 300w, https:\/\/www.accuratereviews.com\/wp-content\/uploads\/2015\/08\/iMovie-sharing-200x125.jpeg 200w, https:\/\/www.accuratereviews.com\/wp-content\/uploads\/2015\/08\/iMovie-sharing-50x31.jpeg 50w, https:\/\/www.accuratereviews.com\/wp-content\/uploads\/2015\/08\/iMovie-sharing-636x397.jpeg 636w, https:\/\/www.accuratereviews.com\/wp-content\/uploads\/2015\/08\/iMovie-sharing-320x200.jpeg 320w, https:\/\/www.accuratereviews.com\/wp-content\/uploads\/2015\/08\/iMovie-sharing-239x149.jpeg 239w\" sizes=\"auto, (max-width: 690px) 100vw, 690px\" \/><p id=\"caption-attachment-1366\" class=\"wp-caption-text\">Le opzioni di condivisione in iMovie includono Facebook, Vimeo o il tuo hard disk.\u00a0<\/p><\/div>\n<h2>Supporto<\/h2>\n<p>Per qualsiasi informazione su come utilizzare il software,<strong> il sito Web di Apple \u00e8 pieno zeppo di informazion<\/strong>i. Non troverai alcun video tutorial come negli altri software, ma abbiamo trovato tutto quello che cerchiamo<strong>, esposto in un inglese semplice<\/strong> (spesso tradotto in molte lingue diverse). iMovie stesso ha una guida di aiuto che abbiamo trovato molto chiara e utile.<\/p>\n<h2>Prezzo<\/h2>\n<p><strong>iMovie viene preinstallato in tutti i nuovi Mac acquistati<\/strong>: quindi se hai acquistato un Mac di recente, iMovie \u00e8 gi\u00e0 sul tuo computer; in caso contrario \u00e8 necessario acquistarlo, esclusivamente attraverso il Mac App Store, per un prezzo davvero ridotto. Come con ogni altra app nel Mac App Store, puoi scaricarla su ogni Mac che possiedi senza pagare di nuovo.<\/p>\n","protected":false},"excerpt":{"rendered":"<p>Sia che tu abbia bisogno di un divertente video di Natale per il tuo ufficio o per una presentazione aziendale: se sei un utente Mac, iMovie \u00e8 pi\u00f9 che sufficiente per tutte le tue esigenze.<\/p>\n","protected":false},"author":16,"featured_media":0,"parent":7571,"menu_order":2,"comment_status":"open","ping_status":"closed","template":"g1_template_page_review_new.php","meta":{"_acf_changed":false,"cwp_meta_box_check":"Yes","cwp_rev_product_name":"","cwp_rev_product_image":"","wppr_links":[],"cwp_rev_price":"","wppr_options":[],"wppr_pros":[],"wppr_cons":[],"_monsterinsights_skip_tracking":false,"_monsterinsights_sitenote_active":false,"_monsterinsights_sitenote_note":"","_monsterinsights_sitenote_category":0,"footnotes":""},"categories":[169],"tags":[],"features":[],"class_list":{"0":"post-15563","1":"page","2":"type-page","3":"status-publish","5":"category-video-editing-software-it"},"wppr_data":{"cwp_meta_box_check":"Yes","cwp_rev_product_name":"","cwp_rev_product_image":"","cwp_image_link":"image","cwp_rev_price":"","wppr_rating":"0.00"},"acf":[],"yoast_head":"<!-- This site is optimized with the Yoast SEO plugin v27.4 - https:\/\/yoast.com\/product\/yoast-seo-wordpress\/ -->\n<title>iMovie - Accurate Reviews<\/title>\n<meta name=\"robots\" content=\"index, follow, max-snippet:-1, max-image-preview:large, max-video-preview:-1\" \/>\n<link rel=\"canonical\" href=\"https:\/\/www.accuratereviews.com\/it\/video-editing-lista-software\/imovie\/\" \/>\n<meta property=\"og:locale\" content=\"it_IT\" \/>\n<meta property=\"og:type\" content=\"article\" \/>\n<meta property=\"og:title\" content=\"iMovie - Accurate Reviews\" \/>\n<meta property=\"og:description\" content=\"Sia che tu abbia bisogno di un divertente video di Natale per il tuo ufficio o per una presentazione aziendale: se sei un utente Mac, iMovie \u00e8 pi\u00f9 che sufficiente per tutte le tue esigenze.\" \/>\n<meta property=\"og:url\" content=\"https:\/\/www.accuratereviews.com\/it\/video-editing-lista-software\/imovie\/\" \/>\n<meta property=\"og:site_name\" content=\"Accurate Reviews\" \/>\n<meta property=\"article:modified_time\" content=\"2019-06-11T05:51:48+00:00\" \/>\n<meta property=\"og:image\" content=\"http:\/\/www.accuratereviews.com\/wp-content\/uploads\/2015\/08\/iMovie-editing.jpeg\" \/>\n<meta name=\"twitter:card\" content=\"summary_large_image\" \/>\n<meta name=\"twitter:label1\" content=\"Tempo di lettura stimato\" \/>\n\t<meta name=\"twitter:data1\" content=\"3 minuti\" \/>\n<script type=\"application\/ld+json\" class=\"yoast-schema-graph\">{\"@context\":\"https:\\\/\\\/schema.org\",\"@graph\":[{\"@type\":\"WebPage\",\"@id\":\"https:\\\/\\\/www.accuratereviews.com\\\/it\\\/video-editing-lista-software\\\/imovie\\\/\",\"url\":\"https:\\\/\\\/www.accuratereviews.com\\\/it\\\/video-editing-lista-software\\\/imovie\\\/\",\"name\":\"iMovie - Accurate Reviews\",\"isPartOf\":{\"@id\":\"https:\\\/\\\/www.accuratereviews.com\\\/it\\\/#website\"},\"primaryImageOfPage\":{\"@id\":\"https:\\\/\\\/www.accuratereviews.com\\\/it\\\/video-editing-lista-software\\\/imovie\\\/#primaryimage\"},\"image\":{\"@id\":\"https:\\\/\\\/www.accuratereviews.com\\\/it\\\/video-editing-lista-software\\\/imovie\\\/#primaryimage\"},\"thumbnailUrl\":\"http:\\\/\\\/www.accuratereviews.com\\\/wp-content\\\/uploads\\\/2015\\\/08\\\/iMovie-editing.jpeg\",\"datePublished\":\"2015-08-24T14:54:50+00:00\",\"dateModified\":\"2019-06-11T05:51:48+00:00\",\"breadcrumb\":{\"@id\":\"https:\\\/\\\/www.accuratereviews.com\\\/it\\\/video-editing-lista-software\\\/imovie\\\/#breadcrumb\"},\"inLanguage\":\"it-IT\",\"potentialAction\":[{\"@type\":\"ReadAction\",\"target\":[\"https:\\\/\\\/www.accuratereviews.com\\\/it\\\/video-editing-lista-software\\\/imovie\\\/\"]}]},{\"@type\":\"ImageObject\",\"inLanguage\":\"it-IT\",\"@id\":\"https:\\\/\\\/www.accuratereviews.com\\\/it\\\/video-editing-lista-software\\\/imovie\\\/#primaryimage\",\"url\":\"http:\\\/\\\/www.accuratereviews.com\\\/wp-content\\\/uploads\\\/2015\\\/08\\\/iMovie-editing.jpeg\",\"contentUrl\":\"http:\\\/\\\/www.accuratereviews.com\\\/wp-content\\\/uploads\\\/2015\\\/08\\\/iMovie-editing.jpeg\"},{\"@type\":\"BreadcrumbList\",\"@id\":\"https:\\\/\\\/www.accuratereviews.com\\\/it\\\/video-editing-lista-software\\\/imovie\\\/#breadcrumb\",\"itemListElement\":[{\"@type\":\"ListItem\",\"position\":1,\"name\":\"Home\",\"item\":\"https:\\\/\\\/www.accuratereviews.com\\\/it\\\/\"},{\"@type\":\"ListItem\",\"position\":2,\"name\":\"Software per il video editing\",\"item\":\"https:\\\/\\\/www.accuratereviews.com\\\/it\\\/video-editing-lista-software\\\/\"},{\"@type\":\"ListItem\",\"position\":3,\"name\":\"iMovie\"}]},{\"@type\":\"WebSite\",\"@id\":\"https:\\\/\\\/www.accuratereviews.com\\\/it\\\/#website\",\"url\":\"https:\\\/\\\/www.accuratereviews.com\\\/it\\\/\",\"name\":\"Accurate Reviews\",\"description\":\"\",\"potentialAction\":[{\"@type\":\"SearchAction\",\"target\":{\"@type\":\"EntryPoint\",\"urlTemplate\":\"https:\\\/\\\/www.accuratereviews.com\\\/it\\\/?s={search_term_string}\"},\"query-input\":{\"@type\":\"PropertyValueSpecification\",\"valueRequired\":true,\"valueName\":\"search_term_string\"}}],\"inLanguage\":\"it-IT\"}]}<\/script>\n<!-- \/ Yoast SEO plugin. -->","yoast_head_json":{"title":"iMovie - Accurate Reviews","robots":{"index":"index","follow":"follow","max-snippet":"max-snippet:-1","max-image-preview":"max-image-preview:large","max-video-preview":"max-video-preview:-1"},"canonical":"https:\/\/www.accuratereviews.com\/it\/video-editing-lista-software\/imovie\/","og_locale":"it_IT","og_type":"article","og_title":"iMovie - Accurate Reviews","og_description":"Sia che tu abbia bisogno di un divertente video di Natale per il tuo ufficio o per una presentazione aziendale: se sei un utente Mac, iMovie \u00e8 pi\u00f9 che sufficiente per tutte le tue esigenze.","og_url":"https:\/\/www.accuratereviews.com\/it\/video-editing-lista-software\/imovie\/","og_site_name":"Accurate Reviews","article_modified_time":"2019-06-11T05:51:48+00:00","og_image":[{"url":"http:\/\/www.accuratereviews.com\/wp-content\/uploads\/2015\/08\/iMovie-editing.jpeg","type":"","width":"","height":""}],"twitter_card":"summary_large_image","twitter_misc":{"Tempo di lettura stimato":"3 minuti"},"schema":{"@context":"https:\/\/schema.org","@graph":[{"@type":"WebPage","@id":"https:\/\/www.accuratereviews.com\/it\/video-editing-lista-software\/imovie\/","url":"https:\/\/www.accuratereviews.com\/it\/video-editing-lista-software\/imovie\/","name":"iMovie - Accurate Reviews","isPartOf":{"@id":"https:\/\/www.accuratereviews.com\/it\/#website"},"primaryImageOfPage":{"@id":"https:\/\/www.accuratereviews.com\/it\/video-editing-lista-software\/imovie\/#primaryimage"},"image":{"@id":"https:\/\/www.accuratereviews.com\/it\/video-editing-lista-software\/imovie\/#primaryimage"},"thumbnailUrl":"http:\/\/www.accuratereviews.com\/wp-content\/uploads\/2015\/08\/iMovie-editing.jpeg","datePublished":"2015-08-24T14:54:50+00:00","dateModified":"2019-06-11T05:51:48+00:00","breadcrumb":{"@id":"https:\/\/www.accuratereviews.com\/it\/video-editing-lista-software\/imovie\/#breadcrumb"},"inLanguage":"it-IT","potentialAction":[{"@type":"ReadAction","target":["https:\/\/www.accuratereviews.com\/it\/video-editing-lista-software\/imovie\/"]}]},{"@type":"ImageObject","inLanguage":"it-IT","@id":"https:\/\/www.accuratereviews.com\/it\/video-editing-lista-software\/imovie\/#primaryimage","url":"http:\/\/www.accuratereviews.com\/wp-content\/uploads\/2015\/08\/iMovie-editing.jpeg","contentUrl":"http:\/\/www.accuratereviews.com\/wp-content\/uploads\/2015\/08\/iMovie-editing.jpeg"},{"@type":"BreadcrumbList","@id":"https:\/\/www.accuratereviews.com\/it\/video-editing-lista-software\/imovie\/#breadcrumb","itemListElement":[{"@type":"ListItem","position":1,"name":"Home","item":"https:\/\/www.accuratereviews.com\/it\/"},{"@type":"ListItem","position":2,"name":"Software per il video editing","item":"https:\/\/www.accuratereviews.com\/it\/video-editing-lista-software\/"},{"@type":"ListItem","position":3,"name":"iMovie"}]},{"@type":"WebSite","@id":"https:\/\/www.accuratereviews.com\/it\/#website","url":"https:\/\/www.accuratereviews.com\/it\/","name":"Accurate Reviews","description":"","potentialAction":[{"@type":"SearchAction","target":{"@type":"EntryPoint","urlTemplate":"https:\/\/www.accuratereviews.com\/it\/?s={search_term_string}"},"query-input":{"@type":"PropertyValueSpecification","valueRequired":true,"valueName":"search_term_string"}}],"inLanguage":"it-IT"}]}},"_links":{"self":[{"href":"https:\/\/www.accuratereviews.com\/it\/wp-json\/wp\/v2\/pages\/15563","targetHints":{"allow":["GET"]}}],"collection":[{"href":"https:\/\/www.accuratereviews.com\/it\/wp-json\/wp\/v2\/pages"}],"about":[{"href":"https:\/\/www.accuratereviews.com\/it\/wp-json\/wp\/v2\/types\/page"}],"author":[{"embeddable":true,"href":"https:\/\/www.accuratereviews.com\/it\/wp-json\/wp\/v2\/users\/16"}],"replies":[{"embeddable":true,"href":"https:\/\/www.accuratereviews.com\/it\/wp-json\/wp\/v2\/comments?post=15563"}],"version-history":[{"count":2,"href":"https:\/\/www.accuratereviews.com\/it\/wp-json\/wp\/v2\/pages\/15563\/revisions"}],"predecessor-version":[{"id":15566,"href":"https:\/\/www.accuratereviews.com\/it\/wp-json\/wp\/v2\/pages\/15563\/revisions\/15566"}],"up":[{"embeddable":true,"href":"https:\/\/www.accuratereviews.com\/it\/wp-json\/wp\/v2\/pages\/7571"}],"wp:attachment":[{"href":"https:\/\/www.accuratereviews.com\/it\/wp-json\/wp\/v2\/media?parent=15563"}],"wp:term":[{"taxonomy":"category","embeddable":true,"href":"https:\/\/www.accuratereviews.com\/it\/wp-json\/wp\/v2\/categories?post=15563"},{"taxonomy":"post_tag","embeddable":true,"href":"https:\/\/www.accuratereviews.com\/it\/wp-json\/wp\/v2\/tags?post=15563"},{"taxonomy":"features","embeddable":true,"href":"https:\/\/www.accuratereviews.com\/it\/wp-json\/wp\/v2\/features?post=15563"}],"curies":[{"name":"wp","href":"https:\/\/api.w.org\/{rel}","templated":true}]}}