{"id":15569,"date":"2017-04-03T15:32:07","date_gmt":"2017-04-03T15:32:07","guid":{"rendered":"https:\/\/www.accuratereviews.com\/video-editing-lista-software\/vegas\/"},"modified":"2019-06-11T08:55:01","modified_gmt":"2019-06-11T08:55:01","slug":"vegas","status":"publish","type":"page","link":"https:\/\/www.accuratereviews.com\/it\/video-editing-lista-software\/vegas\/","title":{"rendered":"Vegas PRO Edit"},"content":{"rendered":"<p><img loading=\"lazy\" decoding=\"async\" class=\"alignnone size-full wp-image-8787\" src=\"http:\/\/www.accuratereviews.com\/wp-content\/uploads\/2017\/04\/vegas-1.jpg\" alt=\"vegas video editor\" width=\"555\" height=\"287\" srcset=\"https:\/\/www.accuratereviews.com\/wp-content\/uploads\/2017\/04\/vegas-1.jpg 555w, https:\/\/www.accuratereviews.com\/wp-content\/uploads\/2017\/04\/vegas-1-300x155.jpg 300w, https:\/\/www.accuratereviews.com\/wp-content\/uploads\/2017\/04\/vegas-1-242x125.jpg 242w, https:\/\/www.accuratereviews.com\/wp-content\/uploads\/2017\/04\/vegas-1-50x26.jpg 50w, https:\/\/www.accuratereviews.com\/wp-content\/uploads\/2017\/04\/vegas-1-320x165.jpg 320w, https:\/\/www.accuratereviews.com\/wp-content\/uploads\/2017\/04\/vegas-1-239x124.jpg 239w\" sizes=\"auto, (max-width: 555px) 100vw, 555px\" \/><\/p>\n<p>Se hai visto un editor video, li hai visti tutti. Non si pu\u00f2 dire la stessa cosa della suite di video editor di Las Vegas. <strong>Non avrai mai visto un&#8217;interfaccia utente cos\u00ec brutta come quella di Las Vegas<\/strong>. Mentre altri redattori fanno di tutto per rendere quello che appare sullo schermo un aspetto eccitante e divertente, cos\u00ec che l&#8217;esperienza di montaggio sia piacevole e faccia parte del film, come tenere la fotocamera e gridare &#8220;tagliare&#8221;, Vegas sembra aver fatto di tutto per farti prendere sul serio il business dei filmati. <strong>Gli elementi sulla pagina sono fastidiosamente piccoli<\/strong>. I grafici hanno un aspetto molto importante, ma chiedono a tutti, tranne agli editor pi\u00f9 esigenti, di sapere cosa stanno vedendo. Lo sfondo grigio risucchia l&#8217;idea che fare cose creative con le immagini in movimento \u00e8 qualcosa da celebrare piuttosto che da sopportare.<\/p>\n<p><strong>Ci\u00f2 \u00e8 sorprendente perch\u00e9 la suite di strumenti software di Las Vegas \u00e8 stata originariamente sviluppata da Sony<\/strong> come parte del suo portafoglio di Software Creativo, e Sony \u00e8 pi\u00f9 conosciuta per la produzione di strumenti che sono eleganti, sexy e tanto estetici quanto funzionali.<\/p>\n<p><strong>La funzionalit\u00e0 almeno rimane<\/strong>. Dirigiti verso la versione top-end e scoprirai che Vegas Pro Suite ha una serie di strumenti che possono soddisfare gli editor professionali e confondere gli hobbisti. <strong>Il montaggio multicamera pu\u00f2 gestire fino a 32 diverse sorgenti di fotocamere<\/strong>. &#8220;L*a*b* spazio colore&#8221; fornisce un controllo dettagliato sul colore. La &#8220;Vista istogramma L*a*b*&#8221; mostra la distribuzione dei canali delle immagini. Gli editori possono anche usare look NEWBLUEFX, Boris FX BCC Match Move Unit e lo stabilizzatore di immagine proDAD Mercalli V4. Tutto ci\u00f2 sembra molto impressionante e <strong>la stabilizzazione dell&#8217;immagine render\u00e0 la registrazione dei droni pi\u00f9 evidente<\/strong>. Ma rimuovendo il linguaggio di fantasia, ottieni molte delle stesse funzionalit\u00e0 che puoi trovare su altri editor di video.<\/p>\n<p><img loading=\"lazy\" decoding=\"async\" class=\"alignnone size-full wp-image-8789\" src=\"http:\/\/www.accuratereviews.com\/wp-content\/uploads\/2017\/04\/vegas-2.jpg\" alt=\"vegas video editor\" width=\"555\" height=\"250\" srcset=\"https:\/\/www.accuratereviews.com\/wp-content\/uploads\/2017\/04\/vegas-2.jpg 555w, https:\/\/www.accuratereviews.com\/wp-content\/uploads\/2017\/04\/vegas-2-300x135.jpg 300w, https:\/\/www.accuratereviews.com\/wp-content\/uploads\/2017\/04\/vegas-2-260x117.jpg 260w, https:\/\/www.accuratereviews.com\/wp-content\/uploads\/2017\/04\/vegas-2-50x23.jpg 50w, https:\/\/www.accuratereviews.com\/wp-content\/uploads\/2017\/04\/vegas-2-320x144.jpg 320w, https:\/\/www.accuratereviews.com\/wp-content\/uploads\/2017\/04\/vegas-2-239x108.jpg 239w\" sizes=\"auto, (max-width: 555px) 100vw, 555px\" \/><\/p>\n<p>In effetti, i redattori di video che intendono acquistare il software di Vegas devono confrontare non solo la suite nel suo complesso, ma devono anche decidere quale versione particolare si desidera acquistare e a quale prezzo. \u00c8 una domanda difficile, soprattutto quando dovranno anche confrontare il valore di un prezzo stabilito con il prezzo dell&#8217;abbonamento di Adobe.<br \/>\nMa alla fine non importa molto perch\u00e9, <strong>nonostante il grigio ardesia degli strumenti professionali, tutte le versioni sono funzionali, complete e ben fatte come i loro concorrenti.<\/strong><\/p>\n","protected":false},"excerpt":{"rendered":"<p>Se hai visto un editor video, li hai visti tutti. Non si pu\u00f2 dire la stessa cosa della suite di video editor di Las Vegas. Non avrai mai visto un&#8217;interfaccia utente cos\u00ec brutta come quella di Las Vegas.<\/p>\n","protected":false},"author":16,"featured_media":0,"parent":7571,"menu_order":0,"comment_status":"open","ping_status":"closed","template":"g1_template_page_review_new.php","meta":{"_acf_changed":false,"cwp_meta_box_check":"Yes","cwp_rev_product_name":"","cwp_rev_product_image":"","wppr_links":[],"cwp_rev_price":"","wppr_options":[],"wppr_pros":[],"wppr_cons":[],"_monsterinsights_skip_tracking":false,"_monsterinsights_sitenote_active":false,"_monsterinsights_sitenote_note":"","_monsterinsights_sitenote_category":0,"footnotes":""},"categories":[169],"tags":[291,831,202,1629,832,201],"features":[],"class_list":{"0":"post-15569","1":"page","2":"type-page","3":"status-publish","5":"category-video-editing-software-it","6":"tag-software-editing-video-it","7":"tag-video-editing-2-it","8":"tag-video-editing","9":"tag-video-editing-software-it","10":"tag-video-editor-2-it","11":"tag-video-editor"},"wppr_data":{"cwp_meta_box_check":"Yes","cwp_rev_product_name":"","cwp_rev_product_image":"","cwp_image_link":"image","cwp_rev_price":"","wppr_rating":"0.00"},"acf":[],"yoast_head":"<!-- This site is optimized with the Yoast SEO plugin v27.4 - https:\/\/yoast.com\/product\/yoast-seo-wordpress\/ -->\n<title>Vegas PRO Edit: recensione video editor - Accurate Reviews<\/title>\n<meta name=\"description\" content=\"Vegas: recensione del software di editing video prodotto da MAGIX Software GmbH. Ecco alcune informazioni sul suo utilizzo e le sue caratteristiche.\" \/>\n<meta name=\"robots\" content=\"index, follow, max-snippet:-1, max-image-preview:large, max-video-preview:-1\" \/>\n<link rel=\"canonical\" href=\"https:\/\/www.accuratereviews.com\/it\/video-editing-lista-software\/vegas\/\" \/>\n<meta property=\"og:locale\" content=\"it_IT\" \/>\n<meta property=\"og:type\" content=\"article\" \/>\n<meta property=\"og:title\" content=\"Vegas PRO Edit: recensione video editor - Accurate Reviews\" \/>\n<meta property=\"og:description\" content=\"Vegas: recensione del software di editing video prodotto da MAGIX Software GmbH. Ecco alcune informazioni sul suo utilizzo e le sue caratteristiche.\" \/>\n<meta property=\"og:url\" content=\"https:\/\/www.accuratereviews.com\/it\/video-editing-lista-software\/vegas\/\" \/>\n<meta property=\"og:site_name\" content=\"Accurate Reviews\" \/>\n<meta property=\"article:modified_time\" content=\"2019-06-11T08:55:01+00:00\" \/>\n<meta property=\"og:image\" content=\"http:\/\/www.accuratereviews.com\/wp-content\/uploads\/2017\/04\/vegas-1.jpg\" \/>\n<meta name=\"twitter:card\" content=\"summary_large_image\" \/>\n<meta name=\"twitter:label1\" content=\"Tempo di lettura stimato\" \/>\n\t<meta name=\"twitter:data1\" content=\"2 minuti\" \/>\n<script type=\"application\/ld+json\" class=\"yoast-schema-graph\">{\"@context\":\"https:\\\/\\\/schema.org\",\"@graph\":[{\"@type\":\"WebPage\",\"@id\":\"https:\\\/\\\/www.accuratereviews.com\\\/it\\\/video-editing-lista-software\\\/vegas\\\/\",\"url\":\"https:\\\/\\\/www.accuratereviews.com\\\/it\\\/video-editing-lista-software\\\/vegas\\\/\",\"name\":\"Vegas PRO Edit: recensione video editor - Accurate Reviews\",\"isPartOf\":{\"@id\":\"https:\\\/\\\/www.accuratereviews.com\\\/it\\\/#website\"},\"primaryImageOfPage\":{\"@id\":\"https:\\\/\\\/www.accuratereviews.com\\\/it\\\/video-editing-lista-software\\\/vegas\\\/#primaryimage\"},\"image\":{\"@id\":\"https:\\\/\\\/www.accuratereviews.com\\\/it\\\/video-editing-lista-software\\\/vegas\\\/#primaryimage\"},\"thumbnailUrl\":\"http:\\\/\\\/www.accuratereviews.com\\\/wp-content\\\/uploads\\\/2017\\\/04\\\/vegas-1.jpg\",\"datePublished\":\"2017-04-03T15:32:07+00:00\",\"dateModified\":\"2019-06-11T08:55:01+00:00\",\"description\":\"Vegas: recensione del software di editing video prodotto da MAGIX Software GmbH. Ecco alcune informazioni sul suo utilizzo e le sue caratteristiche.\",\"breadcrumb\":{\"@id\":\"https:\\\/\\\/www.accuratereviews.com\\\/it\\\/video-editing-lista-software\\\/vegas\\\/#breadcrumb\"},\"inLanguage\":\"it-IT\",\"potentialAction\":[{\"@type\":\"ReadAction\",\"target\":[\"https:\\\/\\\/www.accuratereviews.com\\\/it\\\/video-editing-lista-software\\\/vegas\\\/\"]}]},{\"@type\":\"ImageObject\",\"inLanguage\":\"it-IT\",\"@id\":\"https:\\\/\\\/www.accuratereviews.com\\\/it\\\/video-editing-lista-software\\\/vegas\\\/#primaryimage\",\"url\":\"http:\\\/\\\/www.accuratereviews.com\\\/wp-content\\\/uploads\\\/2017\\\/04\\\/vegas-1.jpg\",\"contentUrl\":\"http:\\\/\\\/www.accuratereviews.com\\\/wp-content\\\/uploads\\\/2017\\\/04\\\/vegas-1.jpg\"},{\"@type\":\"BreadcrumbList\",\"@id\":\"https:\\\/\\\/www.accuratereviews.com\\\/it\\\/video-editing-lista-software\\\/vegas\\\/#breadcrumb\",\"itemListElement\":[{\"@type\":\"ListItem\",\"position\":1,\"name\":\"Home\",\"item\":\"https:\\\/\\\/www.accuratereviews.com\\\/it\\\/\"},{\"@type\":\"ListItem\",\"position\":2,\"name\":\"Software per il video editing\",\"item\":\"https:\\\/\\\/www.accuratereviews.com\\\/it\\\/video-editing-lista-software\\\/\"},{\"@type\":\"ListItem\",\"position\":3,\"name\":\"Vegas PRO Edit\"}]},{\"@type\":\"WebSite\",\"@id\":\"https:\\\/\\\/www.accuratereviews.com\\\/it\\\/#website\",\"url\":\"https:\\\/\\\/www.accuratereviews.com\\\/it\\\/\",\"name\":\"Accurate Reviews\",\"description\":\"\",\"potentialAction\":[{\"@type\":\"SearchAction\",\"target\":{\"@type\":\"EntryPoint\",\"urlTemplate\":\"https:\\\/\\\/www.accuratereviews.com\\\/it\\\/?s={search_term_string}\"},\"query-input\":{\"@type\":\"PropertyValueSpecification\",\"valueRequired\":true,\"valueName\":\"search_term_string\"}}],\"inLanguage\":\"it-IT\"}]}<\/script>\n<!-- \/ Yoast SEO plugin. -->","yoast_head_json":{"title":"Vegas PRO Edit: recensione video editor - Accurate Reviews","description":"Vegas: recensione del software di editing video prodotto da MAGIX Software GmbH. Ecco alcune informazioni sul suo utilizzo e le sue caratteristiche.","robots":{"index":"index","follow":"follow","max-snippet":"max-snippet:-1","max-image-preview":"max-image-preview:large","max-video-preview":"max-video-preview:-1"},"canonical":"https:\/\/www.accuratereviews.com\/it\/video-editing-lista-software\/vegas\/","og_locale":"it_IT","og_type":"article","og_title":"Vegas PRO Edit: recensione video editor - Accurate Reviews","og_description":"Vegas: recensione del software di editing video prodotto da MAGIX Software GmbH. Ecco alcune informazioni sul suo utilizzo e le sue caratteristiche.","og_url":"https:\/\/www.accuratereviews.com\/it\/video-editing-lista-software\/vegas\/","og_site_name":"Accurate Reviews","article_modified_time":"2019-06-11T08:55:01+00:00","og_image":[{"url":"http:\/\/www.accuratereviews.com\/wp-content\/uploads\/2017\/04\/vegas-1.jpg","type":"","width":"","height":""}],"twitter_card":"summary_large_image","twitter_misc":{"Tempo di lettura stimato":"2 minuti"},"schema":{"@context":"https:\/\/schema.org","@graph":[{"@type":"WebPage","@id":"https:\/\/www.accuratereviews.com\/it\/video-editing-lista-software\/vegas\/","url":"https:\/\/www.accuratereviews.com\/it\/video-editing-lista-software\/vegas\/","name":"Vegas PRO Edit: recensione video editor - Accurate Reviews","isPartOf":{"@id":"https:\/\/www.accuratereviews.com\/it\/#website"},"primaryImageOfPage":{"@id":"https:\/\/www.accuratereviews.com\/it\/video-editing-lista-software\/vegas\/#primaryimage"},"image":{"@id":"https:\/\/www.accuratereviews.com\/it\/video-editing-lista-software\/vegas\/#primaryimage"},"thumbnailUrl":"http:\/\/www.accuratereviews.com\/wp-content\/uploads\/2017\/04\/vegas-1.jpg","datePublished":"2017-04-03T15:32:07+00:00","dateModified":"2019-06-11T08:55:01+00:00","description":"Vegas: recensione del software di editing video prodotto da MAGIX Software GmbH. Ecco alcune informazioni sul suo utilizzo e le sue caratteristiche.","breadcrumb":{"@id":"https:\/\/www.accuratereviews.com\/it\/video-editing-lista-software\/vegas\/#breadcrumb"},"inLanguage":"it-IT","potentialAction":[{"@type":"ReadAction","target":["https:\/\/www.accuratereviews.com\/it\/video-editing-lista-software\/vegas\/"]}]},{"@type":"ImageObject","inLanguage":"it-IT","@id":"https:\/\/www.accuratereviews.com\/it\/video-editing-lista-software\/vegas\/#primaryimage","url":"http:\/\/www.accuratereviews.com\/wp-content\/uploads\/2017\/04\/vegas-1.jpg","contentUrl":"http:\/\/www.accuratereviews.com\/wp-content\/uploads\/2017\/04\/vegas-1.jpg"},{"@type":"BreadcrumbList","@id":"https:\/\/www.accuratereviews.com\/it\/video-editing-lista-software\/vegas\/#breadcrumb","itemListElement":[{"@type":"ListItem","position":1,"name":"Home","item":"https:\/\/www.accuratereviews.com\/it\/"},{"@type":"ListItem","position":2,"name":"Software per il video editing","item":"https:\/\/www.accuratereviews.com\/it\/video-editing-lista-software\/"},{"@type":"ListItem","position":3,"name":"Vegas PRO Edit"}]},{"@type":"WebSite","@id":"https:\/\/www.accuratereviews.com\/it\/#website","url":"https:\/\/www.accuratereviews.com\/it\/","name":"Accurate Reviews","description":"","potentialAction":[{"@type":"SearchAction","target":{"@type":"EntryPoint","urlTemplate":"https:\/\/www.accuratereviews.com\/it\/?s={search_term_string}"},"query-input":{"@type":"PropertyValueSpecification","valueRequired":true,"valueName":"search_term_string"}}],"inLanguage":"it-IT"}]}},"_links":{"self":[{"href":"https:\/\/www.accuratereviews.com\/it\/wp-json\/wp\/v2\/pages\/15569","targetHints":{"allow":["GET"]}}],"collection":[{"href":"https:\/\/www.accuratereviews.com\/it\/wp-json\/wp\/v2\/pages"}],"about":[{"href":"https:\/\/www.accuratereviews.com\/it\/wp-json\/wp\/v2\/types\/page"}],"author":[{"embeddable":true,"href":"https:\/\/www.accuratereviews.com\/it\/wp-json\/wp\/v2\/users\/16"}],"replies":[{"embeddable":true,"href":"https:\/\/www.accuratereviews.com\/it\/wp-json\/wp\/v2\/comments?post=15569"}],"version-history":[{"count":4,"href":"https:\/\/www.accuratereviews.com\/it\/wp-json\/wp\/v2\/pages\/15569\/revisions"}],"predecessor-version":[{"id":15584,"href":"https:\/\/www.accuratereviews.com\/it\/wp-json\/wp\/v2\/pages\/15569\/revisions\/15584"}],"up":[{"embeddable":true,"href":"https:\/\/www.accuratereviews.com\/it\/wp-json\/wp\/v2\/pages\/7571"}],"wp:attachment":[{"href":"https:\/\/www.accuratereviews.com\/it\/wp-json\/wp\/v2\/media?parent=15569"}],"wp:term":[{"taxonomy":"category","embeddable":true,"href":"https:\/\/www.accuratereviews.com\/it\/wp-json\/wp\/v2\/categories?post=15569"},{"taxonomy":"post_tag","embeddable":true,"href":"https:\/\/www.accuratereviews.com\/it\/wp-json\/wp\/v2\/tags?post=15569"},{"taxonomy":"features","embeddable":true,"href":"https:\/\/www.accuratereviews.com\/it\/wp-json\/wp\/v2\/features?post=15569"}],"curies":[{"name":"wp","href":"https:\/\/api.w.org\/{rel}","templated":true}]}}