{"id":15588,"date":"2016-05-12T13:22:41","date_gmt":"2016-05-12T13:22:41","guid":{"rendered":"https:\/\/www.accuratereviews.com\/video-editing-lista-software\/nero-video-2016\/"},"modified":"2019-06-11T09:06:21","modified_gmt":"2019-06-11T09:06:21","slug":"nero-video-2016","status":"publish","type":"page","link":"https:\/\/www.accuratereviews.com\/it\/video-editing-lista-software\/nero-video-2016\/","title":{"rendered":"Nero Video 2016"},"content":{"rendered":"<div id=\"attachment_4381\" style=\"width: 952px\" class=\"wp-caption alignright\"><img loading=\"lazy\" decoding=\"async\" aria-describedby=\"caption-attachment-4381\" class=\"size-full wp-image-4381\" src=\"http:\/\/www.accuratereviews.com\/wp-content\/uploads\/2016\/05\/nero-video.jpg\" alt=\"With Nero Video you can use two monitor to edit your shots.\" width=\"942\" height=\"528\" srcset=\"https:\/\/www.accuratereviews.com\/wp-content\/uploads\/2016\/05\/nero-video.jpg 942w, https:\/\/www.accuratereviews.com\/wp-content\/uploads\/2016\/05\/nero-video-300x168.jpg 300w, https:\/\/www.accuratereviews.com\/wp-content\/uploads\/2016\/05\/nero-video-768x430.jpg 768w, https:\/\/www.accuratereviews.com\/wp-content\/uploads\/2016\/05\/nero-video-223x125.jpg 223w, https:\/\/www.accuratereviews.com\/wp-content\/uploads\/2016\/05\/nero-video-50x28.jpg 50w, https:\/\/www.accuratereviews.com\/wp-content\/uploads\/2016\/05\/nero-video-636x356.jpg 636w, https:\/\/www.accuratereviews.com\/wp-content\/uploads\/2016\/05\/nero-video-482x271.jpg 482w, https:\/\/www.accuratereviews.com\/wp-content\/uploads\/2016\/05\/nero-video-320x179.jpg 320w, https:\/\/www.accuratereviews.com\/wp-content\/uploads\/2016\/05\/nero-video-239x134.jpg 239w\" sizes=\"auto, (max-width: 942px) 100vw, 942px\" \/><p id=\"caption-attachment-4381\" class=\"wp-caption-text\">Con Nero Video puoi utilizzare due monitor per modificare i tuoi scatti.<\/p><\/div>\n<p>&nbsp;<\/p>\n<p>Tra le applicazioni di editing video che abbiamo recensito, Nero Video ha un motivo per esserlo, dato che \u00e8 <strong>abbastanza semplice da usare<\/strong> (una volta che conosci le sue funzionalit\u00e0), <strong>mirato ad un mercato consumer<\/strong> e sviluppato dalla stessa azienda che ha creato Nero Burning ROM, uno dei software pi\u00f9 famosi di authoring del disco nel settore.<\/p>\n<p><strong>Nero Video ha due modalit\u00e0 di modifica, espresse e avanzate<\/strong>. Con il primo, puoi modificare e produrre rapidamente un breve video, regolando solo i passaggi principali del tuo filmato. Sebbene sia dotato di alcune funzionalit\u00e0 molto interessanti e sia piuttosto potente, riteniamo che l&#8217;interfaccia di <strong>Nero Video a volte sia fonte di confusione e possa causare un certo disorientamento anche per l&#8217;utente esperto.<\/strong><\/p>\n","protected":false},"excerpt":{"rendered":"<p>Tra le applicazioni di editing video che abbiamo recensito, Nero Video ha un motivo per esserlo, dato che \u00e8 abbastanza semplice da usare (una volta che conosci le sue funzionalit\u00e0), mirato ad un mercato consumer e sviluppato dalla stessa azienda che ha creato Nero Burning ROM, uno dei software pi\u00f9 famosi di authoring del disco nel settore.<\/p>\n","protected":false},"author":16,"featured_media":0,"parent":7571,"menu_order":0,"comment_status":"open","ping_status":"closed","template":"g1_template_page_review_new.php","meta":{"_acf_changed":false,"cwp_meta_box_check":"Yes","cwp_rev_product_name":"","cwp_rev_product_image":"","wppr_links":[],"cwp_rev_price":"","wppr_options":[],"wppr_pros":[],"wppr_cons":[],"_monsterinsights_skip_tracking":false,"_monsterinsights_sitenote_active":false,"_monsterinsights_sitenote_note":"","_monsterinsights_sitenote_category":0,"footnotes":""},"categories":[169],"tags":[830,291,831,202,832,201],"features":[],"class_list":{"0":"post-15588","1":"page","2":"type-page","3":"status-publish","5":"category-video-editing-software-it","6":"tag-software-editing-video-it-2","7":"tag-software-editing-video-it","8":"tag-video-editing-2-it","9":"tag-video-editing","10":"tag-video-editor-2-it","11":"tag-video-editor"},"wppr_data":{"cwp_meta_box_check":"Yes","cwp_rev_product_name":"","cwp_rev_product_image":"","cwp_image_link":"image","cwp_rev_price":"","wppr_rating":"0.00"},"acf":[],"yoast_head":"<!-- This site is optimized with the Yoast SEO plugin v27.4 - https:\/\/yoast.com\/product\/yoast-seo-wordpress\/ -->\n<title>Nero Video 2016: recensione video editor - Accurate Reviews<\/title>\n<meta name=\"description\" content=\"Nero Video 2016: recensione del software di video editing, abbastanza semplice da usare, mirato ad un mercato consumer e sviluppato da Nero AG.\" \/>\n<meta name=\"robots\" content=\"index, follow, max-snippet:-1, max-image-preview:large, max-video-preview:-1\" \/>\n<link rel=\"canonical\" href=\"https:\/\/www.accuratereviews.com\/it\/video-editing-lista-software\/nero-video-2016\/\" \/>\n<meta property=\"og:locale\" content=\"it_IT\" \/>\n<meta property=\"og:type\" content=\"article\" \/>\n<meta property=\"og:title\" content=\"Nero Video 2016: recensione video editor - Accurate Reviews\" \/>\n<meta property=\"og:description\" content=\"Nero Video 2016: recensione del software di video editing, abbastanza semplice da usare, mirato ad un mercato consumer e sviluppato da Nero AG.\" \/>\n<meta property=\"og:url\" content=\"https:\/\/www.accuratereviews.com\/it\/video-editing-lista-software\/nero-video-2016\/\" \/>\n<meta property=\"og:site_name\" content=\"Accurate Reviews\" \/>\n<meta property=\"article:modified_time\" content=\"2019-06-11T09:06:21+00:00\" \/>\n<meta property=\"og:image\" content=\"http:\/\/www.accuratereviews.com\/wp-content\/uploads\/2016\/05\/nero-video.jpg\" \/>\n<meta name=\"twitter:card\" content=\"summary_large_image\" \/>\n<meta name=\"twitter:label1\" content=\"Tempo di lettura stimato\" \/>\n\t<meta name=\"twitter:data1\" content=\"1 minuto\" \/>\n<script type=\"application\/ld+json\" class=\"yoast-schema-graph\">{\"@context\":\"https:\\\/\\\/schema.org\",\"@graph\":[{\"@type\":\"WebPage\",\"@id\":\"https:\\\/\\\/www.accuratereviews.com\\\/it\\\/video-editing-lista-software\\\/nero-video-2016\\\/\",\"url\":\"https:\\\/\\\/www.accuratereviews.com\\\/it\\\/video-editing-lista-software\\\/nero-video-2016\\\/\",\"name\":\"Nero Video 2016: recensione video editor - Accurate Reviews\",\"isPartOf\":{\"@id\":\"https:\\\/\\\/www.accuratereviews.com\\\/it\\\/#website\"},\"primaryImageOfPage\":{\"@id\":\"https:\\\/\\\/www.accuratereviews.com\\\/it\\\/video-editing-lista-software\\\/nero-video-2016\\\/#primaryimage\"},\"image\":{\"@id\":\"https:\\\/\\\/www.accuratereviews.com\\\/it\\\/video-editing-lista-software\\\/nero-video-2016\\\/#primaryimage\"},\"thumbnailUrl\":\"http:\\\/\\\/www.accuratereviews.com\\\/wp-content\\\/uploads\\\/2016\\\/05\\\/nero-video.jpg\",\"datePublished\":\"2016-05-12T13:22:41+00:00\",\"dateModified\":\"2019-06-11T09:06:21+00:00\",\"description\":\"Nero Video 2016: recensione del software di video editing, abbastanza semplice da usare, mirato ad un mercato consumer e sviluppato da Nero AG.\",\"breadcrumb\":{\"@id\":\"https:\\\/\\\/www.accuratereviews.com\\\/it\\\/video-editing-lista-software\\\/nero-video-2016\\\/#breadcrumb\"},\"inLanguage\":\"it-IT\",\"potentialAction\":[{\"@type\":\"ReadAction\",\"target\":[\"https:\\\/\\\/www.accuratereviews.com\\\/it\\\/video-editing-lista-software\\\/nero-video-2016\\\/\"]}]},{\"@type\":\"ImageObject\",\"inLanguage\":\"it-IT\",\"@id\":\"https:\\\/\\\/www.accuratereviews.com\\\/it\\\/video-editing-lista-software\\\/nero-video-2016\\\/#primaryimage\",\"url\":\"http:\\\/\\\/www.accuratereviews.com\\\/wp-content\\\/uploads\\\/2016\\\/05\\\/nero-video.jpg\",\"contentUrl\":\"http:\\\/\\\/www.accuratereviews.com\\\/wp-content\\\/uploads\\\/2016\\\/05\\\/nero-video.jpg\"},{\"@type\":\"BreadcrumbList\",\"@id\":\"https:\\\/\\\/www.accuratereviews.com\\\/it\\\/video-editing-lista-software\\\/nero-video-2016\\\/#breadcrumb\",\"itemListElement\":[{\"@type\":\"ListItem\",\"position\":1,\"name\":\"Home\",\"item\":\"https:\\\/\\\/www.accuratereviews.com\\\/it\\\/\"},{\"@type\":\"ListItem\",\"position\":2,\"name\":\"Software per il video editing\",\"item\":\"https:\\\/\\\/www.accuratereviews.com\\\/it\\\/video-editing-lista-software\\\/\"},{\"@type\":\"ListItem\",\"position\":3,\"name\":\"Nero Video 2016\"}]},{\"@type\":\"WebSite\",\"@id\":\"https:\\\/\\\/www.accuratereviews.com\\\/it\\\/#website\",\"url\":\"https:\\\/\\\/www.accuratereviews.com\\\/it\\\/\",\"name\":\"Accurate Reviews\",\"description\":\"\",\"potentialAction\":[{\"@type\":\"SearchAction\",\"target\":{\"@type\":\"EntryPoint\",\"urlTemplate\":\"https:\\\/\\\/www.accuratereviews.com\\\/it\\\/?s={search_term_string}\"},\"query-input\":{\"@type\":\"PropertyValueSpecification\",\"valueRequired\":true,\"valueName\":\"search_term_string\"}}],\"inLanguage\":\"it-IT\"}]}<\/script>\n<!-- \/ Yoast SEO plugin. -->","yoast_head_json":{"title":"Nero Video 2016: recensione video editor - Accurate Reviews","description":"Nero Video 2016: recensione del software di video editing, abbastanza semplice da usare, mirato ad un mercato consumer e sviluppato da Nero AG.","robots":{"index":"index","follow":"follow","max-snippet":"max-snippet:-1","max-image-preview":"max-image-preview:large","max-video-preview":"max-video-preview:-1"},"canonical":"https:\/\/www.accuratereviews.com\/it\/video-editing-lista-software\/nero-video-2016\/","og_locale":"it_IT","og_type":"article","og_title":"Nero Video 2016: recensione video editor - Accurate Reviews","og_description":"Nero Video 2016: recensione del software di video editing, abbastanza semplice da usare, mirato ad un mercato consumer e sviluppato da Nero AG.","og_url":"https:\/\/www.accuratereviews.com\/it\/video-editing-lista-software\/nero-video-2016\/","og_site_name":"Accurate Reviews","article_modified_time":"2019-06-11T09:06:21+00:00","og_image":[{"url":"http:\/\/www.accuratereviews.com\/wp-content\/uploads\/2016\/05\/nero-video.jpg","type":"","width":"","height":""}],"twitter_card":"summary_large_image","twitter_misc":{"Tempo di lettura stimato":"1 minuto"},"schema":{"@context":"https:\/\/schema.org","@graph":[{"@type":"WebPage","@id":"https:\/\/www.accuratereviews.com\/it\/video-editing-lista-software\/nero-video-2016\/","url":"https:\/\/www.accuratereviews.com\/it\/video-editing-lista-software\/nero-video-2016\/","name":"Nero Video 2016: recensione video editor - Accurate Reviews","isPartOf":{"@id":"https:\/\/www.accuratereviews.com\/it\/#website"},"primaryImageOfPage":{"@id":"https:\/\/www.accuratereviews.com\/it\/video-editing-lista-software\/nero-video-2016\/#primaryimage"},"image":{"@id":"https:\/\/www.accuratereviews.com\/it\/video-editing-lista-software\/nero-video-2016\/#primaryimage"},"thumbnailUrl":"http:\/\/www.accuratereviews.com\/wp-content\/uploads\/2016\/05\/nero-video.jpg","datePublished":"2016-05-12T13:22:41+00:00","dateModified":"2019-06-11T09:06:21+00:00","description":"Nero Video 2016: recensione del software di video editing, abbastanza semplice da usare, mirato ad un mercato consumer e sviluppato da Nero AG.","breadcrumb":{"@id":"https:\/\/www.accuratereviews.com\/it\/video-editing-lista-software\/nero-video-2016\/#breadcrumb"},"inLanguage":"it-IT","potentialAction":[{"@type":"ReadAction","target":["https:\/\/www.accuratereviews.com\/it\/video-editing-lista-software\/nero-video-2016\/"]}]},{"@type":"ImageObject","inLanguage":"it-IT","@id":"https:\/\/www.accuratereviews.com\/it\/video-editing-lista-software\/nero-video-2016\/#primaryimage","url":"http:\/\/www.accuratereviews.com\/wp-content\/uploads\/2016\/05\/nero-video.jpg","contentUrl":"http:\/\/www.accuratereviews.com\/wp-content\/uploads\/2016\/05\/nero-video.jpg"},{"@type":"BreadcrumbList","@id":"https:\/\/www.accuratereviews.com\/it\/video-editing-lista-software\/nero-video-2016\/#breadcrumb","itemListElement":[{"@type":"ListItem","position":1,"name":"Home","item":"https:\/\/www.accuratereviews.com\/it\/"},{"@type":"ListItem","position":2,"name":"Software per il video editing","item":"https:\/\/www.accuratereviews.com\/it\/video-editing-lista-software\/"},{"@type":"ListItem","position":3,"name":"Nero Video 2016"}]},{"@type":"WebSite","@id":"https:\/\/www.accuratereviews.com\/it\/#website","url":"https:\/\/www.accuratereviews.com\/it\/","name":"Accurate Reviews","description":"","potentialAction":[{"@type":"SearchAction","target":{"@type":"EntryPoint","urlTemplate":"https:\/\/www.accuratereviews.com\/it\/?s={search_term_string}"},"query-input":{"@type":"PropertyValueSpecification","valueRequired":true,"valueName":"search_term_string"}}],"inLanguage":"it-IT"}]}},"_links":{"self":[{"href":"https:\/\/www.accuratereviews.com\/it\/wp-json\/wp\/v2\/pages\/15588","targetHints":{"allow":["GET"]}}],"collection":[{"href":"https:\/\/www.accuratereviews.com\/it\/wp-json\/wp\/v2\/pages"}],"about":[{"href":"https:\/\/www.accuratereviews.com\/it\/wp-json\/wp\/v2\/types\/page"}],"author":[{"embeddable":true,"href":"https:\/\/www.accuratereviews.com\/it\/wp-json\/wp\/v2\/users\/16"}],"replies":[{"embeddable":true,"href":"https:\/\/www.accuratereviews.com\/it\/wp-json\/wp\/v2\/comments?post=15588"}],"version-history":[{"count":2,"href":"https:\/\/www.accuratereviews.com\/it\/wp-json\/wp\/v2\/pages\/15588\/revisions"}],"predecessor-version":[{"id":15591,"href":"https:\/\/www.accuratereviews.com\/it\/wp-json\/wp\/v2\/pages\/15588\/revisions\/15591"}],"up":[{"embeddable":true,"href":"https:\/\/www.accuratereviews.com\/it\/wp-json\/wp\/v2\/pages\/7571"}],"wp:attachment":[{"href":"https:\/\/www.accuratereviews.com\/it\/wp-json\/wp\/v2\/media?parent=15588"}],"wp:term":[{"taxonomy":"category","embeddable":true,"href":"https:\/\/www.accuratereviews.com\/it\/wp-json\/wp\/v2\/categories?post=15588"},{"taxonomy":"post_tag","embeddable":true,"href":"https:\/\/www.accuratereviews.com\/it\/wp-json\/wp\/v2\/tags?post=15588"},{"taxonomy":"features","embeddable":true,"href":"https:\/\/www.accuratereviews.com\/it\/wp-json\/wp\/v2\/features?post=15588"}],"curies":[{"name":"wp","href":"https:\/\/api.w.org\/{rel}","templated":true}]}}