{"id":15670,"date":"2019-06-14T15:32:50","date_gmt":"2019-06-14T15:32:50","guid":{"rendered":"https:\/\/www.accuratereviews.com\/?page_id=15670"},"modified":"2023-03-07T14:36:00","modified_gmt":"2023-03-07T14:36:00","slug":"opencart-recensione","status":"publish","type":"page","link":"https:\/\/www.accuratereviews.com\/it\/piattaforme-ecommerce-lista\/opencart-recensione\/","title":{"rendered":"OpenCart"},"content":{"rendered":"<p class=\"tw-data-text tw-ta tw-text-small\" dir=\"ltr\" data-placeholder=\"Traduzione\"><span lang=\"it\" tabindex=\"0\"><strong>Opencart<\/strong> \u00e8 un<strong> programma di gestione di negozi online open source<\/strong> potente e facile da usare. Pu\u00f2 gestire pi\u00f9 negozi eCommerce da un singolo back-end.\u00a0<\/span><span lang=\"it\" tabindex=\"0\">Perfetto per le piccole imprese e i negozi di ecommerce di medie dimensioni, ha tutte le funzioni necessarie per caricare e gestire i prodotti sul vostro negozio virtuale. Supporto d<\/span><span lang=\"it\" tabindex=\"0\">isponibile in oltre 40 lingue anche in cinese, giapponese e arabo. Questo software usa la<\/span><span lang=\"it\" tabindex=\"0\">\u00a0tecnologia AJAX rendendolo una soluzione eCommerce leggera che vanta una straordinaria velocit\u00e0 del sito.<\/span><\/p>\n<h2 dir=\"ltr\" data-placeholder=\"Traduzione\">OPENCART &#8211; TUTORIAL<\/h2>\n<p>Guardiamo insieme questo tutorial per imparare come inserire prodotti sul <strong>vostro eCommerce<\/strong>:<\/p>\n<div id=\"fluid-wrapper-counter-1\" class=\"g1-fluid-wrapper \" style=\"width:686px;\">\n<div style=\"padding-bottom:56.268221574344%;\"><iframe loading=\"lazy\" title=\"OpenCart Tutorial for Beginners - Version 2.0 - 2.X - 2015 Q3\" width=\"686\" height=\"386\" src=\"https:\/\/www.youtube.com\/embed\/OJj74MmkOSA?feature=oembed&amp;wmode=transparent&amp;autohide=1&amp;autoplay=0&amp;disablekb=0&amp;fs=1&amp;loop=0&amp;enablejsapi=1&amp;rel=0&amp;controls=2&amp;showinfo=0&amp;wmode=transparent&amp;autohide=2&amp;autoplay=0&amp;disablekb=0&amp;fs=1&amp;loop=0&amp;enablejsapi=1&amp;rel=0&amp;controls=2&amp;showinfo=1\" frameborder=\"0\" allow=\"accelerometer; autoplay; clipboard-write; encrypted-media; gyroscope; picture-in-picture; web-share\" allowfullscreen><\/iframe><\/div>\n<\/div>\n<h3>OPENCART &#8211; CARATTERISTICHE<\/h3>\n<ul>\n<li id=\"tw-target-text\" class=\"tw-data-text tw-ta tw-text-small\" dir=\"ltr\" data-placeholder=\"Traduzione\"><span lang=\"it\" tabindex=\"0\"><strong>Administrator Dashboard<\/strong>: ottieni una panoramica completa di ci\u00f2 che \u00e8 importante con ordini totali, vendite, clienti, analisi delle vendite e molti altri widget<\/span><\/li>\n<li id=\"tw-target-text\" class=\"tw-data-text tw-ta tw-text-small\" dir=\"ltr\" data-placeholder=\"Traduzione\"><span lang=\"it\" tabindex=\"0\"><strong>Multi-Store<\/strong>: gestisci pi\u00f9 negozi da un&#8217;unica interfaccia di amministrazione, imposta i prodotti e i prezzi in modo che vengano visualizzati in diversi negozi, scegli un tema diverso per ogni negozio<\/span><\/li>\n<li id=\"tw-target-text\" class=\"tw-data-text tw-ta tw-text-small\" dir=\"ltr\" data-placeholder=\"Traduzione\"><span lang=\"it\" tabindex=\"0\"><strong>Opzioni, attributi<\/strong>: \u00a0ti offre una soluzione per l&#8217;aggiunta di variabili sui prodotti: dimensioni, \u00a0colori, lunghezza, altezza e molti altri<\/span><\/li>\n<li id=\"tw-target-text\" class=\"tw-data-text tw-ta tw-text-small\" dir=\"ltr\" data-placeholder=\"Traduzione\"><span lang=\"it\" tabindex=\"0\"><strong>Sconti, coupon, offerte speciali<\/strong>: offri sconti, coupon e offerte speciali \u00a0per attirare l&#8217;attenzione dei propri e aumentare le vendite<\/span><\/li>\n<li dir=\"ltr\" data-placeholder=\"Traduzione\"><strong>Prodotti illimitati:<\/strong> carica i tuoi prodotti in modo illimitato<\/li>\n<li class=\"tw-data-text tw-ta tw-text-small\" dir=\"ltr\" data-placeholder=\"Traduzione\"><span lang=\"it\" tabindex=\"0\"><strong>Recensioni e valutazioni del prodotto<\/strong>: questo programma\u00a0<\/span><span lang=\"it\" tabindex=\"0\">\u00e8 dotato di un potente sistema integrato di commenti, recensioni e valutazioni per aumentare le vendite dei tuoi prodotti.<\/span><\/li>\n<li dir=\"ltr\" data-placeholder=\"Traduzione\"><strong>Newsletter<\/strong>:\u00a0<span lang=\"it\" tabindex=\"0\">offri un modo semplice per i clienti di iscriversi alla tua newsletter con questo strumento puoi iniziare \u00a0le tue campagne di email marketing.<\/span><\/li>\n<\/ul>\n<h4 dir=\"ltr\" data-placeholder=\"Traduzione\">LE RECENSIONI DEGLI UTENTI<\/h4>\n<p><strong>Megha &#8220;Eccellente struttura MCV&#8221;<\/strong><br \/>\nPRO: E &#8216;molto facile da capire il pannello di amministrazione anche per la persona non sviluppatore<br \/>\nCONTRO: Opencart 3 \u00e8 un po&#8217; lento. Per il resto \u00e8 molto buono<\/p>\n<p><strong>Zain &#8220;Carrello della spesa gratuito&#8221;<\/strong><br \/>\nCommenti: E&#8217; gratuito, facilmente implementabile.<br \/>\nPro: Niente di meglio della gratuit\u00e0. Facilmente integrabile. Popolare.<br \/>\nContro: Potrebbe avere un supporto migliore per i template. I concorrenti hanno una gamma pi\u00f9 ampia di plugin e costruttori di pagine migliori e pi\u00f9 completi.<\/p>\n<p><strong>Rizwan &#8220;OpenCart \u00e8 un modo facile e sicuro per fare business online&#8221;.<\/strong><br \/>\nPro: \u00e8 facile da usare e non \u00e8 necessaria una formazione specifica per iniziare. Per lo pi\u00f9 si tratta di un click e via.<br \/>\nContro: Non ci sono molte opzioni per integrarlo con tutti i processori di pagamento.<\/p>\n","protected":false},"excerpt":{"rendered":"<p>Opencart \u00e8 un programma di gestione di negozi online open source potente e facile da usare. Pu\u00f2 gestire pi\u00f9 negozi eCommerce da un singolo back-end.\u00a0Perfetto per le piccole imprese e i negozi di ecommerce di medie dimensioni, ha tutte le funzioni necessarie per caricare e gestire i prodotti sul vostro negozio virtuale<\/p>\n","protected":false},"author":16,"featured_media":15679,"parent":15684,"menu_order":0,"comment_status":"open","ping_status":"closed","template":"g1_template_page_review_new.php","meta":{"_acf_changed":false,"cwp_meta_box_check":"Yes","cwp_rev_product_name":"","cwp_rev_product_image":"","wppr_links":[],"cwp_rev_price":"","wppr_options":[{"name":"Usability","value":"0"},{"name":"Speed","value":"0"},{"name":"Features","value":"0"},{"name":"Support","value":"0"},{"name":"Pricing","value":"0"}],"wppr_pros":["","","","",""],"wppr_cons":["","","","",""],"_monsterinsights_skip_tracking":false,"_monsterinsights_sitenote_active":false,"_monsterinsights_sitenote_note":"","_monsterinsights_sitenote_category":0,"footnotes":""},"categories":[853],"tags":[857,246,854,855,856],"features":[],"class_list":{"0":"post-15670","1":"page","2":"type-page","3":"status-publish","4":"has-post-thumbnail","6":"category-ecommerce","7":"tag-ecommerce","8":"tag-open-source","9":"tag-programma-di-gestione-di-negozi-online","10":"tag-software-gestione-negozi-online","11":"tag-tecnologia-ajax"},"wppr_data":{"cwp_meta_box_check":"Yes","cwp_rev_product_name":"","_wppr_review_template":"default","cwp_rev_product_image":"","cwp_image_link":"image","wppr_links":[],"cwp_rev_price":"","wppr_pros":["","","","",""],"wppr_cons":["","","","",""],"wppr_rating":"0.00","wppr_options":{"1":{"name":"Usability","value":"0"},"2":{"name":"Speed","value":"0"},"3":{"name":"Features","value":"0"},"4":{"name":"Support","value":"0"},"5":{"name":"Pricing","value":"0"}},"wppr_review_type":"Product","wppr_review_custom_fields":{"additionalProperty":"","additionalType":"","aggregateRating":"","alternateName":"","audience":"","award":"","awards":"","brand":"","color":"","depth":"","description":"","disambiguatingDescription":"","gtin12":"","gtin13":"","gtin14":"","gtin8":"","height":"","identifier":"","image":"","isAccessoryOrSparePartFor":"","isConsumableFor":"","isRelatedTo":"","isSimilarTo":"","itemCondition":"","logo":"","mainEntityOfPage":"","manufacturer":"","material":"","model":"","mpn":"","name":"","offers":"","potentialAction":"","productID":"","productionDate":"","purchaseDate":"","releaseDate":"","review":"","reviews":"","sameAs":"","sku":"","slogan":"","subjectOf":"","url":"","weight":"","width":""}},"acf":[],"yoast_head":"<!-- This site is optimized with the Yoast SEO plugin v27.4 - https:\/\/yoast.com\/product\/yoast-seo-wordpress\/ -->\n<title>OpenCart: recensione software ecommerce - Accurate Reviews<\/title>\n<meta name=\"description\" content=\"OpenCart: recensione software ecommerce leggero, potente e facile da utilizzare. Pu\u00f2 gestire pi\u00f9 negozi virtuali da un singolo back-end.\" \/>\n<meta name=\"robots\" content=\"index, follow, max-snippet:-1, max-image-preview:large, max-video-preview:-1\" \/>\n<link rel=\"canonical\" href=\"https:\/\/www.accuratereviews.com\/it\/piattaforme-ecommerce-lista\/opencart-recensione\/\" \/>\n<meta property=\"og:locale\" content=\"it_IT\" \/>\n<meta property=\"og:type\" content=\"article\" \/>\n<meta property=\"og:title\" content=\"OpenCart: recensione software ecommerce - Accurate Reviews\" \/>\n<meta property=\"og:description\" content=\"OpenCart: recensione software ecommerce leggero, potente e facile da utilizzare. Pu\u00f2 gestire pi\u00f9 negozi virtuali da un singolo back-end.\" \/>\n<meta property=\"og:url\" content=\"https:\/\/www.accuratereviews.com\/it\/piattaforme-ecommerce-lista\/opencart-recensione\/\" \/>\n<meta property=\"og:site_name\" content=\"Accurate Reviews\" \/>\n<meta property=\"article:modified_time\" content=\"2023-03-07T14:36:00+00:00\" \/>\n<meta property=\"og:image\" content=\"https:\/\/www.accuratereviews.com\/wp-content\/uploads\/2019\/06\/opencart-logo.jpg\" \/>\n\t<meta property=\"og:image:width\" content=\"500\" \/>\n\t<meta property=\"og:image:height\" content=\"600\" \/>\n\t<meta property=\"og:image:type\" content=\"image\/jpeg\" \/>\n<meta name=\"twitter:card\" content=\"summary_large_image\" \/>\n<meta name=\"twitter:label1\" content=\"Tempo di lettura stimato\" \/>\n\t<meta name=\"twitter:data1\" content=\"3 minuti\" \/>\n<script type=\"application\/ld+json\" class=\"yoast-schema-graph\">{\"@context\":\"https:\\\/\\\/schema.org\",\"@graph\":[{\"@type\":\"WebPage\",\"@id\":\"https:\\\/\\\/www.accuratereviews.com\\\/it\\\/piattaforme-ecommerce-lista\\\/opencart-recensione\\\/\",\"url\":\"https:\\\/\\\/www.accuratereviews.com\\\/it\\\/piattaforme-ecommerce-lista\\\/opencart-recensione\\\/\",\"name\":\"OpenCart: recensione software ecommerce - Accurate Reviews\",\"isPartOf\":{\"@id\":\"https:\\\/\\\/www.accuratereviews.com\\\/it\\\/#website\"},\"primaryImageOfPage\":{\"@id\":\"https:\\\/\\\/www.accuratereviews.com\\\/it\\\/piattaforme-ecommerce-lista\\\/opencart-recensione\\\/#primaryimage\"},\"image\":{\"@id\":\"https:\\\/\\\/www.accuratereviews.com\\\/it\\\/piattaforme-ecommerce-lista\\\/opencart-recensione\\\/#primaryimage\"},\"thumbnailUrl\":\"https:\\\/\\\/www.accuratereviews.com\\\/wp-content\\\/uploads\\\/2019\\\/06\\\/opencart-logo.jpg\",\"datePublished\":\"2019-06-14T15:32:50+00:00\",\"dateModified\":\"2023-03-07T14:36:00+00:00\",\"description\":\"OpenCart: recensione software ecommerce leggero, potente e facile da utilizzare. Pu\u00f2 gestire pi\u00f9 negozi virtuali da un singolo back-end.\",\"breadcrumb\":{\"@id\":\"https:\\\/\\\/www.accuratereviews.com\\\/it\\\/piattaforme-ecommerce-lista\\\/opencart-recensione\\\/#breadcrumb\"},\"inLanguage\":\"it-IT\",\"potentialAction\":[{\"@type\":\"ReadAction\",\"target\":[\"https:\\\/\\\/www.accuratereviews.com\\\/it\\\/piattaforme-ecommerce-lista\\\/opencart-recensione\\\/\"]}]},{\"@type\":\"ImageObject\",\"inLanguage\":\"it-IT\",\"@id\":\"https:\\\/\\\/www.accuratereviews.com\\\/it\\\/piattaforme-ecommerce-lista\\\/opencart-recensione\\\/#primaryimage\",\"url\":\"https:\\\/\\\/www.accuratereviews.com\\\/wp-content\\\/uploads\\\/2019\\\/06\\\/opencart-logo.jpg\",\"contentUrl\":\"https:\\\/\\\/www.accuratereviews.com\\\/wp-content\\\/uploads\\\/2019\\\/06\\\/opencart-logo.jpg\",\"width\":500,\"height\":600},{\"@type\":\"BreadcrumbList\",\"@id\":\"https:\\\/\\\/www.accuratereviews.com\\\/it\\\/piattaforme-ecommerce-lista\\\/opencart-recensione\\\/#breadcrumb\",\"itemListElement\":[{\"@type\":\"ListItem\",\"position\":1,\"name\":\"Home\",\"item\":\"https:\\\/\\\/www.accuratereviews.com\\\/it\\\/\"},{\"@type\":\"ListItem\",\"position\":2,\"name\":\"Ecommerce\",\"item\":\"https:\\\/\\\/www.accuratereviews.com\\\/it\\\/piattaforme-ecommerce-lista\\\/\"},{\"@type\":\"ListItem\",\"position\":3,\"name\":\"OpenCart\"}]},{\"@type\":\"WebSite\",\"@id\":\"https:\\\/\\\/www.accuratereviews.com\\\/it\\\/#website\",\"url\":\"https:\\\/\\\/www.accuratereviews.com\\\/it\\\/\",\"name\":\"Accurate Reviews\",\"description\":\"\",\"potentialAction\":[{\"@type\":\"SearchAction\",\"target\":{\"@type\":\"EntryPoint\",\"urlTemplate\":\"https:\\\/\\\/www.accuratereviews.com\\\/it\\\/?s={search_term_string}\"},\"query-input\":{\"@type\":\"PropertyValueSpecification\",\"valueRequired\":true,\"valueName\":\"search_term_string\"}}],\"inLanguage\":\"it-IT\"}]}<\/script>\n<!-- \/ Yoast SEO plugin. -->","yoast_head_json":{"title":"OpenCart: recensione software ecommerce - Accurate Reviews","description":"OpenCart: recensione software ecommerce leggero, potente e facile da utilizzare. Pu\u00f2 gestire pi\u00f9 negozi virtuali da un singolo back-end.","robots":{"index":"index","follow":"follow","max-snippet":"max-snippet:-1","max-image-preview":"max-image-preview:large","max-video-preview":"max-video-preview:-1"},"canonical":"https:\/\/www.accuratereviews.com\/it\/piattaforme-ecommerce-lista\/opencart-recensione\/","og_locale":"it_IT","og_type":"article","og_title":"OpenCart: recensione software ecommerce - Accurate Reviews","og_description":"OpenCart: recensione software ecommerce leggero, potente e facile da utilizzare. Pu\u00f2 gestire pi\u00f9 negozi virtuali da un singolo back-end.","og_url":"https:\/\/www.accuratereviews.com\/it\/piattaforme-ecommerce-lista\/opencart-recensione\/","og_site_name":"Accurate Reviews","article_modified_time":"2023-03-07T14:36:00+00:00","og_image":[{"width":500,"height":600,"url":"https:\/\/www.accuratereviews.com\/wp-content\/uploads\/2019\/06\/opencart-logo.jpg","type":"image\/jpeg"}],"twitter_card":"summary_large_image","twitter_misc":{"Tempo di lettura stimato":"3 minuti"},"schema":{"@context":"https:\/\/schema.org","@graph":[{"@type":"WebPage","@id":"https:\/\/www.accuratereviews.com\/it\/piattaforme-ecommerce-lista\/opencart-recensione\/","url":"https:\/\/www.accuratereviews.com\/it\/piattaforme-ecommerce-lista\/opencart-recensione\/","name":"OpenCart: recensione software ecommerce - Accurate Reviews","isPartOf":{"@id":"https:\/\/www.accuratereviews.com\/it\/#website"},"primaryImageOfPage":{"@id":"https:\/\/www.accuratereviews.com\/it\/piattaforme-ecommerce-lista\/opencart-recensione\/#primaryimage"},"image":{"@id":"https:\/\/www.accuratereviews.com\/it\/piattaforme-ecommerce-lista\/opencart-recensione\/#primaryimage"},"thumbnailUrl":"https:\/\/www.accuratereviews.com\/wp-content\/uploads\/2019\/06\/opencart-logo.jpg","datePublished":"2019-06-14T15:32:50+00:00","dateModified":"2023-03-07T14:36:00+00:00","description":"OpenCart: recensione software ecommerce leggero, potente e facile da utilizzare. Pu\u00f2 gestire pi\u00f9 negozi virtuali da un singolo back-end.","breadcrumb":{"@id":"https:\/\/www.accuratereviews.com\/it\/piattaforme-ecommerce-lista\/opencart-recensione\/#breadcrumb"},"inLanguage":"it-IT","potentialAction":[{"@type":"ReadAction","target":["https:\/\/www.accuratereviews.com\/it\/piattaforme-ecommerce-lista\/opencart-recensione\/"]}]},{"@type":"ImageObject","inLanguage":"it-IT","@id":"https:\/\/www.accuratereviews.com\/it\/piattaforme-ecommerce-lista\/opencart-recensione\/#primaryimage","url":"https:\/\/www.accuratereviews.com\/wp-content\/uploads\/2019\/06\/opencart-logo.jpg","contentUrl":"https:\/\/www.accuratereviews.com\/wp-content\/uploads\/2019\/06\/opencart-logo.jpg","width":500,"height":600},{"@type":"BreadcrumbList","@id":"https:\/\/www.accuratereviews.com\/it\/piattaforme-ecommerce-lista\/opencart-recensione\/#breadcrumb","itemListElement":[{"@type":"ListItem","position":1,"name":"Home","item":"https:\/\/www.accuratereviews.com\/it\/"},{"@type":"ListItem","position":2,"name":"Ecommerce","item":"https:\/\/www.accuratereviews.com\/it\/piattaforme-ecommerce-lista\/"},{"@type":"ListItem","position":3,"name":"OpenCart"}]},{"@type":"WebSite","@id":"https:\/\/www.accuratereviews.com\/it\/#website","url":"https:\/\/www.accuratereviews.com\/it\/","name":"Accurate Reviews","description":"","potentialAction":[{"@type":"SearchAction","target":{"@type":"EntryPoint","urlTemplate":"https:\/\/www.accuratereviews.com\/it\/?s={search_term_string}"},"query-input":{"@type":"PropertyValueSpecification","valueRequired":true,"valueName":"search_term_string"}}],"inLanguage":"it-IT"}]}},"_links":{"self":[{"href":"https:\/\/www.accuratereviews.com\/it\/wp-json\/wp\/v2\/pages\/15670","targetHints":{"allow":["GET"]}}],"collection":[{"href":"https:\/\/www.accuratereviews.com\/it\/wp-json\/wp\/v2\/pages"}],"about":[{"href":"https:\/\/www.accuratereviews.com\/it\/wp-json\/wp\/v2\/types\/page"}],"author":[{"embeddable":true,"href":"https:\/\/www.accuratereviews.com\/it\/wp-json\/wp\/v2\/users\/16"}],"replies":[{"embeddable":true,"href":"https:\/\/www.accuratereviews.com\/it\/wp-json\/wp\/v2\/comments?post=15670"}],"version-history":[{"count":14,"href":"https:\/\/www.accuratereviews.com\/it\/wp-json\/wp\/v2\/pages\/15670\/revisions"}],"predecessor-version":[{"id":67809,"href":"https:\/\/www.accuratereviews.com\/it\/wp-json\/wp\/v2\/pages\/15670\/revisions\/67809"}],"up":[{"embeddable":true,"href":"https:\/\/www.accuratereviews.com\/it\/wp-json\/wp\/v2\/pages\/15684"}],"wp:featuredmedia":[{"embeddable":true,"href":"https:\/\/www.accuratereviews.com\/it\/wp-json\/wp\/v2\/media\/15679"}],"wp:attachment":[{"href":"https:\/\/www.accuratereviews.com\/it\/wp-json\/wp\/v2\/media?parent=15670"}],"wp:term":[{"taxonomy":"category","embeddable":true,"href":"https:\/\/www.accuratereviews.com\/it\/wp-json\/wp\/v2\/categories?post=15670"},{"taxonomy":"post_tag","embeddable":true,"href":"https:\/\/www.accuratereviews.com\/it\/wp-json\/wp\/v2\/tags?post=15670"},{"taxonomy":"features","embeddable":true,"href":"https:\/\/www.accuratereviews.com\/it\/wp-json\/wp\/v2\/features?post=15670"}],"curies":[{"name":"wp","href":"https:\/\/api.w.org\/{rel}","templated":true}]}}