{"id":15717,"date":"2019-06-17T12:33:59","date_gmt":"2019-06-17T12:33:59","guid":{"rendered":"https:\/\/www.accuratereviews.com\/?page_id=15717"},"modified":"2023-03-09T09:11:26","modified_gmt":"2023-03-09T09:11:26","slug":"prestashop-recensione","status":"publish","type":"page","link":"https:\/\/www.accuratereviews.com\/it\/piattaforme-ecommerce-lista\/prestashop-recensione\/","title":{"rendered":"PrestaShop"},"content":{"rendered":"<p class=\"gt-block\"><strong>PrestaShop<\/strong>\u00a0\u00e8 sicuramente l&#8217;opzione migliore per chi cerca una<strong> piattaforma ecommerce<\/strong> che permetta la gestione del proprio <strong>negozio online<\/strong>. Essendo self-hosted o <strong>open source<\/strong>, \u00e8 possibile scaricarlo e poi personalizzarlo in base alle proprie esigenze cos\u00ec da renderlo ancora pi\u00f9 completo di tutte le funzionalit\u00e0 che si necessitano. Se le tue conoscenze in ambito tecnico non sono cos\u00ec ampie, Prestashop pu\u00f2 sembrare inizialmente un po&#8217; complesso tanto da richiedere un supporto da parte di un programmatore che gestisca tutta questa parte; non avrete invece problemi per le attivit\u00e0 giornaliere pi\u00f9 basiche come la <strong>gestione degli ordini<\/strong>,<strong> del magazzino<\/strong>,<strong> delle vendite<\/strong> che risultano molto pi\u00f9 semplici. Questo <strong>ecommerce<\/strong> offre inoltra una serie di strumenti di marketing davvero funzionali che ti permettono di incrementare le vendite, quali: offerte speciali, codici sconto, promozioni, regali, affiliazioni e molto altro. \u00c8 possibile scaricalo <strong>gratuitamente<\/strong>, le uniche spese che vengono richieste sono quelle dell&#8217;hosting e di alcuni moduli a pagamento che miglioreranno l&#8217;aspetto del tuo negozio.<\/p>\n<h2 class=\"gt-block\">CREARE UN NEGOZIO ONLINE CON PRESTASHOP &#8211; TUTORIAL<\/h2>\n<p>Ecco un breve tutorial che ci introduce questo programma:<\/p>\n<div id=\"fluid-wrapper-counter-1\" class=\"g1-fluid-wrapper \" style=\"width:686px;\">\n<div style=\"padding-bottom:56.268221574344%;\"><iframe loading=\"lazy\" title=\"Corso Prestashop 1.7 - Creare un negozio online con PrestaShop (Lez. 1)\" width=\"686\" height=\"386\" src=\"https:\/\/www.youtube.com\/embed\/95POmXhC2L4?feature=oembed&amp;wmode=transparent&amp;autohide=1&amp;autoplay=0&amp;disablekb=0&amp;fs=1&amp;loop=0&amp;enablejsapi=1&amp;rel=0&amp;controls=2&amp;showinfo=0&amp;wmode=transparent&amp;autohide=2&amp;autoplay=0&amp;disablekb=0&amp;fs=1&amp;loop=0&amp;enablejsapi=1&amp;rel=0&amp;controls=2&amp;showinfo=1\" frameborder=\"0\" allow=\"accelerometer; autoplay; clipboard-write; encrypted-media; gyroscope; picture-in-picture; web-share\" allowfullscreen><\/iframe><\/div>\n<\/div>\n<p>&nbsp;<\/p>\n<h3 class=\"gt-block\">PRESTASHOP &#8211; CARATTERISTICHE<\/h3>\n<p>Diamo ora uno sguardo alle sue principali caratteristiche:<\/p>\n<ul>\n<li><strong>Creazione del prodotto<\/strong>: crea un prodotto o pacchetti di prodotti (gestione dei prodotti digitali, delle informazioni aggiuntive relative alle pagine prodotto, della quantit\u00e0 minima di acquisto ecc.)<\/li>\n<li><strong>Gestione delle scorte<\/strong>: tieni sotto controllo l&#8217;inventario di ogni prodotto, i produttori e i fornitori<\/li>\n<li><strong>Gestione degli ordini<\/strong>: crea ordini, ricevi notifiche per nuovi ordini e informa i clienti sullo stato dei loro ordini cos\u00ec da avere tutto sotto controllo<\/li>\n<li><strong>Gestione dei clienti<\/strong>: organizza e ordinagli indirizzi e i dati dei tuoi clienti in un database sicuro<\/li>\n<li><strong>Configurazione del negozio<\/strong>: organizza e gestisci i tuoi prodotti in diverse pagine, ordinate e numerate<\/li>\n<li><strong>Metodi di pagamento<\/strong>: definisci i costi delle spedizioni, le dimensioni degli imballaggi e i vari metodi di pagamento<\/li>\n<li><strong>Rispetto delle leggi<\/strong>: offri un servizio che funzioni anche legalmente (ecotassa, condizioni di annullamento, avvertenze legali ecc.)<\/li>\n<li><strong>Gestione delle tasse<\/strong>: configura e applica le tasse ai costi di spedizione e imballaggio<\/li>\n<li><strong>Strumenti di marketing<\/strong>: utilizza strategie che incrementino le vendite (offerte speciali, coupon, spedizione gratuita, pulsanti Call to Action ecc.)<\/li>\n<li><strong>Gestione SEO<\/strong>: migliora la parte SEO del negozio, delle pagine prodotto e CMS cos\u00ec da aumentare il traffico clienti<\/li>\n<li><strong>Gestione di pi\u00f9 negozi<\/strong><\/li>\n<li><strong>Community utenti<\/strong>: accedi e prendi parte anche tu alla grande community di Prestashop dove potrai confrontati con altri utenti.<\/li>\n<\/ul>\n<h4>LE RECENSIONI DEGLI UTENTI<\/h4>\n<p><strong>Massimo &#8220;Ottimo sia per il B2b che per il B2c&#8221;<\/strong><br \/>\nCommenti: Sia per la versione b2c che b2b \u00e8 incredibile il rapporto qualit\u00e0\/prezzo, la facilit\u00e0 di utilizzo.Andrebbe migliorata la gestione degli aggiornamenti e il collegamento con prodotti di terze parti.<br \/>\nPro: Facile da installare e da configurare.La versione b2c dispone di migliaia di moduli per tutte le esigenze.La versione b2b sta rapidamente crescendo, anche se molte funzionalit\u00e0 vengono rese disponibili con moduli di terze parte.Penso che il futuro di Prestashop sia legato anche al b2b, visto i vari problemi di stabilit\u00e0 e sicurezza che hanno altri software open source dedicati agli ecommerce.<br \/>\nContro: L&#8217;aggiornamento di prestashop alle nuove versioni non \u00e8 sempre facile e a volte non tutto va sempre liscio.Il problema maggiore \u00e8 che con gli aggiornamenti molti temi smettono di funzionare, sarebbe interessante integrare un sistema di check per controllare che il tema sia supportato dalla nuova versione di prestashop che si va ad installare.<\/p>\n<p><strong>Nicola &#8220;Ottima soluzione per il mio negozio online&#8221;<\/strong><br \/>\nCommenti: La mia esperienza complessiva con PrestaShop \u00e8 stata molto positiva. Il software mi ha permesso di risolvere molti problemi aziendali, come la gestione degli ordini e dell&#8217;inventario in modo pi\u00f9 efficiente. Inoltre, ho ottenuto numerosi vantaggi come la possibilit\u00e0 di creare sconti e promozioni per i clienti, migliorando cos\u00ec la mia attivit\u00e0 commerciale.<br \/>\nPro: Ho trovato PrestaShop un software molto intuitivo ed efficiente per la gestione del mio negozio online. Le funzionalit\u00e0 pi\u00f9 importanti, come la gestione degli ordini, l&#8217;inventario e la creazione di sconti\/promozioni, sono state molto utili per la mia attivit\u00e0. Ho apprezzato molto anche la facilit\u00e0 di integrazione con i processi aziendali esistenti, che mi ha permesso di utilizzare il software in modo sinergico con le altre attivit\u00e0 aziendali.<br \/>\nContro: Non ho riscontrato grandi problematiche nel software. Tuttavia, penso che alcune funzionalit\u00e0 come la gestione delle spedizioni potrebbero essere migliorate per renderle pi\u00f9 efficaci. In generale, comunque, ho trovato PrestaShop facile da usare in ogni suo aspetto.<\/p>\n<p><strong>Jacopo &#8220;Piattaforma e-commerce ricca e funzionale, adatta per grandi cataloghi&#8221;<\/strong><br \/>\nCommenti: Lo uso da diversi anni per creare siti e-commerce di medie-grandi dimensioni. \u00c8 molto efficace come ambiente e-commerce, ma poco adatto per siti ricchi di grafica e contenuti non legati alla vendita.<br \/>\nPro: Funzionalit\u00e0 professionali, ambiente di backoffice, gestione di ordini e prodotti<br \/>\nContro: Spesso presenta dei bug risolvibili solo con l&#8217;aggiornamento completo del sistema, ed \u00e8 poco personalizzabile graficamente rispetto ad altre piattaforme. Plugin di terze parti a volte molto costosi<\/p>\n","protected":false},"excerpt":{"rendered":"<p>PrestaShop\u00a0\u00e8 sicuramente l&#8217;opzione migliore per chi cerca una piattaforma eCommerce che permetta la gestione del proprio negozio online. Essendo self-hosted o open source, \u00e8 possibile scaricarlo e poi personalizzarlo in base alle proprie esigenze cos\u00ec da renderlo ancora pi\u00f9 completo di tutte le funzionalit\u00e0 che si necessitano.<\/p>\n","protected":false},"author":17,"featured_media":15720,"parent":15684,"menu_order":0,"comment_status":"open","ping_status":"closed","template":"g1_template_page_review_new.php","meta":{"_acf_changed":false,"cwp_meta_box_check":"Yes","cwp_rev_product_name":"","cwp_rev_product_image":"","wppr_links":[],"cwp_rev_price":"","wppr_options":[{"name":"Usability","value":"0"},{"name":"Speed","value":"0"},{"name":"Features","value":"0"},{"name":"Support","value":"0"},{"name":"Pricing","value":"0"}],"wppr_pros":["","","","",""],"wppr_cons":["","","","",""],"_monsterinsights_skip_tracking":false,"_monsterinsights_sitenote_active":false,"_monsterinsights_sitenote_note":"","_monsterinsights_sitenote_category":0,"footnotes":""},"categories":[853],"tags":[857,464,861,246,859],"features":[],"class_list":{"0":"post-15717","1":"page","2":"type-page","3":"status-publish","4":"has-post-thumbnail","6":"category-ecommerce","7":"tag-ecommerce","8":"tag-gratuito","9":"tag-negozio-online","10":"tag-open-source","11":"tag-piattaforma-ecommerce"},"wppr_data":{"cwp_meta_box_check":"Yes","cwp_rev_product_name":"","_wppr_review_template":"default","cwp_rev_product_image":"","cwp_image_link":"image","wppr_links":[],"cwp_rev_price":"","wppr_pros":["","","","",""],"wppr_cons":["","","","",""],"wppr_rating":"0.00","wppr_options":{"1":{"name":"Usability","value":"0"},"2":{"name":"Speed","value":"0"},"3":{"name":"Features","value":"0"},"4":{"name":"Support","value":"0"},"5":{"name":"Pricing","value":"0"}},"wppr_review_type":"Product","wppr_review_custom_fields":{"additionalProperty":"","additionalType":"","aggregateRating":"","alternateName":"","audience":"","award":"","awards":"","brand":"","color":"","depth":"","description":"","disambiguatingDescription":"","gtin12":"","gtin13":"","gtin14":"","gtin8":"","height":"","identifier":"","image":"","isAccessoryOrSparePartFor":"","isConsumableFor":"","isRelatedTo":"","isSimilarTo":"","itemCondition":"","logo":"","mainEntityOfPage":"","manufacturer":"","material":"","model":"","mpn":"","name":"","offers":"","potentialAction":"","productID":"","productionDate":"","purchaseDate":"","releaseDate":"","review":"","reviews":"","sameAs":"","sku":"","slogan":"","subjectOf":"","url":"","weight":"","width":""}},"acf":[],"yoast_head":"<!-- This site is optimized with the Yoast SEO plugin v27.4 - https:\/\/yoast.com\/product\/yoast-seo-wordpress\/ -->\n<title>PrestaShop: recensione piattaforma ecommerce - Accurate Reviews<\/title>\n<meta name=\"description\" content=\"PrestaShop: recensione della piattaforma ecommerce gratuita e open source che permette di gestire il proprio negozio online in modo semplice.\" \/>\n<meta name=\"robots\" content=\"index, follow, max-snippet:-1, max-image-preview:large, max-video-preview:-1\" \/>\n<link rel=\"canonical\" href=\"https:\/\/www.accuratereviews.com\/it\/piattaforme-ecommerce-lista\/prestashop-recensione\/\" \/>\n<meta property=\"og:locale\" content=\"it_IT\" \/>\n<meta property=\"og:type\" content=\"article\" \/>\n<meta property=\"og:title\" content=\"PrestaShop: recensione piattaforma ecommerce - Accurate Reviews\" \/>\n<meta property=\"og:description\" content=\"PrestaShop: recensione della piattaforma ecommerce gratuita e open source che permette di gestire il proprio negozio online in modo semplice.\" \/>\n<meta property=\"og:url\" content=\"https:\/\/www.accuratereviews.com\/it\/piattaforme-ecommerce-lista\/prestashop-recensione\/\" \/>\n<meta property=\"og:site_name\" content=\"Accurate Reviews\" \/>\n<meta property=\"article:modified_time\" content=\"2023-03-09T09:11:26+00:00\" \/>\n<meta property=\"og:image\" content=\"https:\/\/www.accuratereviews.com\/wp-content\/uploads\/2019\/06\/nuovo-logo-prestashop.png\" \/>\n\t<meta property=\"og:image:width\" content=\"494\" \/>\n\t<meta property=\"og:image:height\" content=\"414\" \/>\n\t<meta property=\"og:image:type\" content=\"image\/png\" \/>\n<meta name=\"twitter:card\" content=\"summary_large_image\" \/>\n<meta name=\"twitter:label1\" content=\"Tempo di lettura stimato\" \/>\n\t<meta name=\"twitter:data1\" content=\"5 minuti\" \/>\n<script type=\"application\/ld+json\" class=\"yoast-schema-graph\">{\"@context\":\"https:\\\/\\\/schema.org\",\"@graph\":[{\"@type\":\"WebPage\",\"@id\":\"https:\\\/\\\/www.accuratereviews.com\\\/it\\\/piattaforme-ecommerce-lista\\\/prestashop-recensione\\\/\",\"url\":\"https:\\\/\\\/www.accuratereviews.com\\\/it\\\/piattaforme-ecommerce-lista\\\/prestashop-recensione\\\/\",\"name\":\"PrestaShop: recensione piattaforma ecommerce - Accurate Reviews\",\"isPartOf\":{\"@id\":\"https:\\\/\\\/www.accuratereviews.com\\\/it\\\/#website\"},\"primaryImageOfPage\":{\"@id\":\"https:\\\/\\\/www.accuratereviews.com\\\/it\\\/piattaforme-ecommerce-lista\\\/prestashop-recensione\\\/#primaryimage\"},\"image\":{\"@id\":\"https:\\\/\\\/www.accuratereviews.com\\\/it\\\/piattaforme-ecommerce-lista\\\/prestashop-recensione\\\/#primaryimage\"},\"thumbnailUrl\":\"https:\\\/\\\/www.accuratereviews.com\\\/wp-content\\\/uploads\\\/2019\\\/06\\\/nuovo-logo-prestashop.png\",\"datePublished\":\"2019-06-17T12:33:59+00:00\",\"dateModified\":\"2023-03-09T09:11:26+00:00\",\"description\":\"PrestaShop: recensione della piattaforma ecommerce gratuita e open source che permette di gestire il proprio negozio online in modo semplice.\",\"breadcrumb\":{\"@id\":\"https:\\\/\\\/www.accuratereviews.com\\\/it\\\/piattaforme-ecommerce-lista\\\/prestashop-recensione\\\/#breadcrumb\"},\"inLanguage\":\"it-IT\",\"potentialAction\":[{\"@type\":\"ReadAction\",\"target\":[\"https:\\\/\\\/www.accuratereviews.com\\\/it\\\/piattaforme-ecommerce-lista\\\/prestashop-recensione\\\/\"]}]},{\"@type\":\"ImageObject\",\"inLanguage\":\"it-IT\",\"@id\":\"https:\\\/\\\/www.accuratereviews.com\\\/it\\\/piattaforme-ecommerce-lista\\\/prestashop-recensione\\\/#primaryimage\",\"url\":\"https:\\\/\\\/www.accuratereviews.com\\\/wp-content\\\/uploads\\\/2019\\\/06\\\/nuovo-logo-prestashop.png\",\"contentUrl\":\"https:\\\/\\\/www.accuratereviews.com\\\/wp-content\\\/uploads\\\/2019\\\/06\\\/nuovo-logo-prestashop.png\",\"width\":494,\"height\":414},{\"@type\":\"BreadcrumbList\",\"@id\":\"https:\\\/\\\/www.accuratereviews.com\\\/it\\\/piattaforme-ecommerce-lista\\\/prestashop-recensione\\\/#breadcrumb\",\"itemListElement\":[{\"@type\":\"ListItem\",\"position\":1,\"name\":\"Home\",\"item\":\"https:\\\/\\\/www.accuratereviews.com\\\/it\\\/\"},{\"@type\":\"ListItem\",\"position\":2,\"name\":\"Ecommerce\",\"item\":\"https:\\\/\\\/www.accuratereviews.com\\\/it\\\/piattaforme-ecommerce-lista\\\/\"},{\"@type\":\"ListItem\",\"position\":3,\"name\":\"PrestaShop\"}]},{\"@type\":\"WebSite\",\"@id\":\"https:\\\/\\\/www.accuratereviews.com\\\/it\\\/#website\",\"url\":\"https:\\\/\\\/www.accuratereviews.com\\\/it\\\/\",\"name\":\"Accurate Reviews\",\"description\":\"\",\"potentialAction\":[{\"@type\":\"SearchAction\",\"target\":{\"@type\":\"EntryPoint\",\"urlTemplate\":\"https:\\\/\\\/www.accuratereviews.com\\\/it\\\/?s={search_term_string}\"},\"query-input\":{\"@type\":\"PropertyValueSpecification\",\"valueRequired\":true,\"valueName\":\"search_term_string\"}}],\"inLanguage\":\"it-IT\"}]}<\/script>\n<!-- \/ Yoast SEO plugin. -->","yoast_head_json":{"title":"PrestaShop: recensione piattaforma ecommerce - Accurate Reviews","description":"PrestaShop: recensione della piattaforma ecommerce gratuita e open source che permette di gestire il proprio negozio online in modo semplice.","robots":{"index":"index","follow":"follow","max-snippet":"max-snippet:-1","max-image-preview":"max-image-preview:large","max-video-preview":"max-video-preview:-1"},"canonical":"https:\/\/www.accuratereviews.com\/it\/piattaforme-ecommerce-lista\/prestashop-recensione\/","og_locale":"it_IT","og_type":"article","og_title":"PrestaShop: recensione piattaforma ecommerce - Accurate Reviews","og_description":"PrestaShop: recensione della piattaforma ecommerce gratuita e open source che permette di gestire il proprio negozio online in modo semplice.","og_url":"https:\/\/www.accuratereviews.com\/it\/piattaforme-ecommerce-lista\/prestashop-recensione\/","og_site_name":"Accurate Reviews","article_modified_time":"2023-03-09T09:11:26+00:00","og_image":[{"width":494,"height":414,"url":"https:\/\/www.accuratereviews.com\/wp-content\/uploads\/2019\/06\/nuovo-logo-prestashop.png","type":"image\/png"}],"twitter_card":"summary_large_image","twitter_misc":{"Tempo di lettura stimato":"5 minuti"},"schema":{"@context":"https:\/\/schema.org","@graph":[{"@type":"WebPage","@id":"https:\/\/www.accuratereviews.com\/it\/piattaforme-ecommerce-lista\/prestashop-recensione\/","url":"https:\/\/www.accuratereviews.com\/it\/piattaforme-ecommerce-lista\/prestashop-recensione\/","name":"PrestaShop: recensione piattaforma ecommerce - Accurate Reviews","isPartOf":{"@id":"https:\/\/www.accuratereviews.com\/it\/#website"},"primaryImageOfPage":{"@id":"https:\/\/www.accuratereviews.com\/it\/piattaforme-ecommerce-lista\/prestashop-recensione\/#primaryimage"},"image":{"@id":"https:\/\/www.accuratereviews.com\/it\/piattaforme-ecommerce-lista\/prestashop-recensione\/#primaryimage"},"thumbnailUrl":"https:\/\/www.accuratereviews.com\/wp-content\/uploads\/2019\/06\/nuovo-logo-prestashop.png","datePublished":"2019-06-17T12:33:59+00:00","dateModified":"2023-03-09T09:11:26+00:00","description":"PrestaShop: recensione della piattaforma ecommerce gratuita e open source che permette di gestire il proprio negozio online in modo semplice.","breadcrumb":{"@id":"https:\/\/www.accuratereviews.com\/it\/piattaforme-ecommerce-lista\/prestashop-recensione\/#breadcrumb"},"inLanguage":"it-IT","potentialAction":[{"@type":"ReadAction","target":["https:\/\/www.accuratereviews.com\/it\/piattaforme-ecommerce-lista\/prestashop-recensione\/"]}]},{"@type":"ImageObject","inLanguage":"it-IT","@id":"https:\/\/www.accuratereviews.com\/it\/piattaforme-ecommerce-lista\/prestashop-recensione\/#primaryimage","url":"https:\/\/www.accuratereviews.com\/wp-content\/uploads\/2019\/06\/nuovo-logo-prestashop.png","contentUrl":"https:\/\/www.accuratereviews.com\/wp-content\/uploads\/2019\/06\/nuovo-logo-prestashop.png","width":494,"height":414},{"@type":"BreadcrumbList","@id":"https:\/\/www.accuratereviews.com\/it\/piattaforme-ecommerce-lista\/prestashop-recensione\/#breadcrumb","itemListElement":[{"@type":"ListItem","position":1,"name":"Home","item":"https:\/\/www.accuratereviews.com\/it\/"},{"@type":"ListItem","position":2,"name":"Ecommerce","item":"https:\/\/www.accuratereviews.com\/it\/piattaforme-ecommerce-lista\/"},{"@type":"ListItem","position":3,"name":"PrestaShop"}]},{"@type":"WebSite","@id":"https:\/\/www.accuratereviews.com\/it\/#website","url":"https:\/\/www.accuratereviews.com\/it\/","name":"Accurate Reviews","description":"","potentialAction":[{"@type":"SearchAction","target":{"@type":"EntryPoint","urlTemplate":"https:\/\/www.accuratereviews.com\/it\/?s={search_term_string}"},"query-input":{"@type":"PropertyValueSpecification","valueRequired":true,"valueName":"search_term_string"}}],"inLanguage":"it-IT"}]}},"_links":{"self":[{"href":"https:\/\/www.accuratereviews.com\/it\/wp-json\/wp\/v2\/pages\/15717","targetHints":{"allow":["GET"]}}],"collection":[{"href":"https:\/\/www.accuratereviews.com\/it\/wp-json\/wp\/v2\/pages"}],"about":[{"href":"https:\/\/www.accuratereviews.com\/it\/wp-json\/wp\/v2\/types\/page"}],"author":[{"embeddable":true,"href":"https:\/\/www.accuratereviews.com\/it\/wp-json\/wp\/v2\/users\/17"}],"replies":[{"embeddable":true,"href":"https:\/\/www.accuratereviews.com\/it\/wp-json\/wp\/v2\/comments?post=15717"}],"version-history":[{"count":12,"href":"https:\/\/www.accuratereviews.com\/it\/wp-json\/wp\/v2\/pages\/15717\/revisions"}],"predecessor-version":[{"id":67849,"href":"https:\/\/www.accuratereviews.com\/it\/wp-json\/wp\/v2\/pages\/15717\/revisions\/67849"}],"up":[{"embeddable":true,"href":"https:\/\/www.accuratereviews.com\/it\/wp-json\/wp\/v2\/pages\/15684"}],"wp:featuredmedia":[{"embeddable":true,"href":"https:\/\/www.accuratereviews.com\/it\/wp-json\/wp\/v2\/media\/15720"}],"wp:attachment":[{"href":"https:\/\/www.accuratereviews.com\/it\/wp-json\/wp\/v2\/media?parent=15717"}],"wp:term":[{"taxonomy":"category","embeddable":true,"href":"https:\/\/www.accuratereviews.com\/it\/wp-json\/wp\/v2\/categories?post=15717"},{"taxonomy":"post_tag","embeddable":true,"href":"https:\/\/www.accuratereviews.com\/it\/wp-json\/wp\/v2\/tags?post=15717"},{"taxonomy":"features","embeddable":true,"href":"https:\/\/www.accuratereviews.com\/it\/wp-json\/wp\/v2\/features?post=15717"}],"curies":[{"name":"wp","href":"https:\/\/api.w.org\/{rel}","templated":true}]}}