{"id":15736,"date":"2019-06-18T06:36:35","date_gmt":"2019-06-18T06:36:35","guid":{"rendered":"https:\/\/www.accuratereviews.com\/?page_id=15736"},"modified":"2023-03-14T08:44:23","modified_gmt":"2023-03-14T08:44:23","slug":"shopify-recensione","status":"publish","type":"page","link":"https:\/\/www.accuratereviews.com\/it\/piattaforme-ecommerce-lista\/shopify-recensione\/","title":{"rendered":"Shopify"},"content":{"rendered":"<p><strong>Shopify<\/strong> \u00e8 una <strong>piattaforma di ecommerce\u00a0<\/strong>costituita da una vasta gamma\u00a0di funzionalit\u00e0 e strumenti che consentono alle aziende di avviare e gestire negozi online o in maniera tradizionale. Utilizzata da oltre 600.000 aziende in tutto il mondo, <strong>Shopify<\/strong> \u00e8 una delle migliori <strong>soluzioni di ecommerce<\/strong> sul mercato oggi.\u00a0<span lang=\"it\" tabindex=\"0\">Configurazione facile e veloce scegli tra una lunga lista di temi dal design professionale per dare al tuo negozio online uno stile professionale. Ottieni assistenza clienti 24 ore su 24, 7 giorni su 7. Importa cataloghi, anche di grandi dimensioni, facilmente e rapidamente. Ottieni potenti funzionalit\u00e0 di marketing, rapporti facili da usare ed esegui il tuo gateway di pagamento.\u00a0<\/span><\/p>\n<h2>SHOPIFY &#8211; TUTORIAL<\/h2>\n<p>Il tutorial che seguir\u00e0 mostrer\u00e0 come creare facilmente un negozio online con questa piattaforma:<\/p>\n<div id=\"fluid-wrapper-counter-1\" class=\"g1-fluid-wrapper \" style=\"width:686px;\">\n<div style=\"padding-bottom:56.268221574344%;\"><iframe loading=\"lazy\" title=\"Tutorial per Creare un Ecommerce con Shopify in 30 minuti - Guida in Italiano\" width=\"686\" height=\"386\" src=\"https:\/\/www.youtube.com\/embed\/1sfOFu84Ovs?feature=oembed&amp;wmode=transparent&amp;autohide=1&amp;autoplay=0&amp;disablekb=0&amp;fs=1&amp;loop=0&amp;enablejsapi=1&amp;rel=0&amp;controls=2&amp;showinfo=0&amp;wmode=transparent&amp;autohide=2&amp;autoplay=0&amp;disablekb=0&amp;fs=1&amp;loop=0&amp;enablejsapi=1&amp;rel=0&amp;controls=2&amp;showinfo=1\" frameborder=\"0\" allow=\"accelerometer; autoplay; clipboard-write; encrypted-media; gyroscope; picture-in-picture; web-share\" allowfullscreen><\/iframe><\/div>\n<\/div>\n<h3><strong>SHOPYFY &#8211; CARATTERISTICHE<\/strong><\/h3>\n<ul>\n<li id=\"tw-target-text\" class=\"tw-data-text tw-ta tw-text-small\" dir=\"ltr\" data-placeholder=\"Traduzione\"><span lang=\"it\" tabindex=\"0\">Oltre 100 temi professionali <\/span><\/li>\n<li class=\"tw-data-text tw-ta tw-text-small\" dir=\"ltr\" data-placeholder=\"Traduzione\"><span lang=\"it\" tabindex=\"0\">Piattaforma completa di blogging<\/span><\/li>\n<li class=\"tw-data-text tw-ta tw-text-small\" dir=\"ltr\" data-placeholder=\"Traduzione\"><span lang=\"it\" tabindex=\"0\">Personalizza il tuo negozio online con il tuo marchio<\/span><\/li>\n<li class=\"tw-data-text tw-ta tw-text-small\" dir=\"ltr\" data-placeholder=\"Traduzione\"><span lang=\"it\" tabindex=\"0\">Tariffe di spedizione del corriere automatico <\/span><\/li>\n<li class=\"tw-data-text tw-ta tw-text-small\" dir=\"ltr\" data-placeholder=\"Traduzione\"><span lang=\"it\" tabindex=\"0\">Accetta carte di credito con Shopify 70 gateway di pagamento<\/span><\/li>\n<li class=\"tw-data-text tw-ta tw-text-small\" dir=\"ltr\" data-placeholder=\"Traduzione\"><span lang=\"it\" tabindex=\"0\">Tariffe di spedizione flessibili <\/span><\/li>\n<li class=\"tw-data-text tw-ta tw-text-small\" dir=\"ltr\" data-placeholder=\"Traduzione\"><span lang=\"it\" tabindex=\"0\">Tasse automatiche <\/span><\/li>\n<li class=\"tw-data-text tw-ta tw-text-small\" dir=\"ltr\" data-placeholder=\"Traduzione\"><span lang=\"it\" tabindex=\"0\">Multilingua <\/span><\/li>\n<li class=\"tw-data-text tw-ta tw-text-small\" dir=\"ltr\" data-placeholder=\"Traduzione\"><span lang=\"it\" tabindex=\"0\">Supporto sempre presente<\/span><\/li>\n<\/ul>\n<h4>LE RECENSIONI DEGLI UTENTI<\/h4>\n<p><strong>Enrico &#8220;Veloce e semplice. Costoso e poco personalizzabile&#8221;<\/strong><br \/>\nCommenti: Esperienza soddisfacente, da consigliare in molti casi.<br \/>\nPro: I vantaggi di Shopify rispetto alla concorrenza sono principalmente la velocit\u00e0 e la semplicit\u00e0 di gestire uno shop &#8220;semplice&#8221;. Mentre per quanto riguarda e-commerce pi\u00f9 grandi con tante funzioni, forse non \u00e9 la piattaforma pi\u00f9 indicata ed \u00e9 il caso di valutare anche alternative<br \/>\nContro: Principalmente \u00e9 il costo l&#8217;aspetto negativo di shopify (considerando i plugin). Ma l&#8217;avere la &#8220;semplicit\u00e0&#8221; ha un prezzo e dipende da ci\u00f2 che uno cerca<\/p>\n<p><strong>Paolo &#8220;Ottimo prodotto molto completo&#8221;<\/strong><br \/>\nCommenti: Provato per un po&#8217; di tempo per la realizzazione di e-commerce e carrelli on line. Veramente ottimo<br \/>\nPro: Shopify \u00e8 una soluzione completa che mette a disposizione dell&#8217;utente tutti i moduli utili a gestire un negozio on line. Lo consiglio vivamente, ovviamente a pagamento<br \/>\nContro: Nessun commento negativo da fare. Solo che \u00e8 a pagamento e non e il pi\u00f9 economico ma ne vale la pena<\/p>\n<p><strong>Walter &#8220;La migliore piattaforma e-commerce&#8221;<\/strong><br \/>\nPro: creare un e-commerce \u00e8 davvero semplicissimo e ci sono le pi\u00f9 evolute funzionalit\u00e0 del mercato.<br \/>\nContro: La customizzazione non \u00e8 il pezzo forte di Shopify.<\/p>\n","protected":false},"excerpt":{"rendered":"<p>Shopify \u00e8 una piattaforma di ecommerce\u00a0costituita da una vasta gamma\u00a0di funzionalit\u00e0 e strumenti che consentono alle aziende di avviare e gestire negozi online o in maniera tradizionale. Utilizzata da oltre 600.000 aziende in tutto il mondo.<\/p>\n","protected":false},"author":19,"featured_media":15739,"parent":15684,"menu_order":0,"comment_status":"open","ping_status":"closed","template":"g1_template_page_review_new.php","meta":{"_acf_changed":false,"cwp_meta_box_check":"No","cwp_rev_product_name":"","cwp_rev_product_image":"","wppr_links":[],"cwp_rev_price":"","wppr_options":[],"wppr_pros":[],"wppr_cons":[],"_monsterinsights_skip_tracking":false,"_monsterinsights_sitenote_active":false,"_monsterinsights_sitenote_note":"","_monsterinsights_sitenote_category":0,"footnotes":""},"categories":[853],"tags":[724,864,862,863],"features":[],"class_list":{"0":"post-15736","1":"page","2":"type-page","3":"status-publish","4":"has-post-thumbnail","6":"category-ecommerce","7":"tag-crittografia-end-to-end","8":"tag-gateway-di-pagamento","9":"tag-piattaforma-di-ecommerce","10":"tag-soluzioni-di-ecommerce"},"wppr_data":{"cwp_meta_box_check":"No"},"acf":[],"yoast_head":"<!-- This site is optimized with the Yoast SEO plugin v27.4 - https:\/\/yoast.com\/product\/yoast-seo-wordpress\/ -->\n<title>Shopify: recensione piattaforma di ecommerce\u00a0- Accurate Reviews<\/title>\n<meta name=\"description\" content=\"Shopify: recensione piattaforma di ecommerce\u00a0costituita da una vasta gamma\u00a0di funzionalit\u00e0 per avviare e gestire negozi online o in maniera tradizionale.\" \/>\n<meta name=\"robots\" content=\"index, follow, max-snippet:-1, max-image-preview:large, max-video-preview:-1\" \/>\n<link rel=\"canonical\" href=\"https:\/\/www.accuratereviews.com\/it\/piattaforme-ecommerce-lista\/shopify-recensione\/\" \/>\n<meta property=\"og:locale\" content=\"it_IT\" \/>\n<meta property=\"og:type\" content=\"article\" \/>\n<meta property=\"og:title\" content=\"Shopify: recensione piattaforma di ecommerce\u00a0- Accurate Reviews\" \/>\n<meta property=\"og:description\" content=\"Shopify: recensione piattaforma di ecommerce\u00a0costituita da una vasta gamma\u00a0di funzionalit\u00e0 per avviare e gestire negozi online o in maniera tradizionale.\" \/>\n<meta property=\"og:url\" content=\"https:\/\/www.accuratereviews.com\/it\/piattaforme-ecommerce-lista\/shopify-recensione\/\" \/>\n<meta property=\"og:site_name\" content=\"Accurate Reviews\" \/>\n<meta property=\"article:modified_time\" content=\"2023-03-14T08:44:23+00:00\" \/>\n<meta property=\"og:image\" content=\"https:\/\/www.accuratereviews.com\/wp-content\/uploads\/2019\/06\/shopify-logo.jpg\" \/>\n\t<meta property=\"og:image:width\" content=\"660\" \/>\n\t<meta property=\"og:image:height\" content=\"368\" \/>\n\t<meta property=\"og:image:type\" content=\"image\/jpeg\" \/>\n<meta name=\"twitter:card\" content=\"summary_large_image\" \/>\n<meta name=\"twitter:label1\" content=\"Tempo di lettura stimato\" \/>\n\t<meta name=\"twitter:data1\" content=\"2 minuti\" \/>\n<script type=\"application\/ld+json\" class=\"yoast-schema-graph\">{\"@context\":\"https:\\\/\\\/schema.org\",\"@graph\":[{\"@type\":\"WebPage\",\"@id\":\"https:\\\/\\\/www.accuratereviews.com\\\/it\\\/piattaforme-ecommerce-lista\\\/shopify-recensione\\\/\",\"url\":\"https:\\\/\\\/www.accuratereviews.com\\\/it\\\/piattaforme-ecommerce-lista\\\/shopify-recensione\\\/\",\"name\":\"Shopify: recensione piattaforma di ecommerce\u00a0- Accurate Reviews\",\"isPartOf\":{\"@id\":\"https:\\\/\\\/www.accuratereviews.com\\\/it\\\/#website\"},\"primaryImageOfPage\":{\"@id\":\"https:\\\/\\\/www.accuratereviews.com\\\/it\\\/piattaforme-ecommerce-lista\\\/shopify-recensione\\\/#primaryimage\"},\"image\":{\"@id\":\"https:\\\/\\\/www.accuratereviews.com\\\/it\\\/piattaforme-ecommerce-lista\\\/shopify-recensione\\\/#primaryimage\"},\"thumbnailUrl\":\"https:\\\/\\\/www.accuratereviews.com\\\/wp-content\\\/uploads\\\/2019\\\/06\\\/shopify-logo.jpg\",\"datePublished\":\"2019-06-18T06:36:35+00:00\",\"dateModified\":\"2023-03-14T08:44:23+00:00\",\"description\":\"Shopify: recensione piattaforma di ecommerce\u00a0costituita da una vasta gamma\u00a0di funzionalit\u00e0 per avviare e gestire negozi online o in maniera tradizionale.\",\"breadcrumb\":{\"@id\":\"https:\\\/\\\/www.accuratereviews.com\\\/it\\\/piattaforme-ecommerce-lista\\\/shopify-recensione\\\/#breadcrumb\"},\"inLanguage\":\"it-IT\",\"potentialAction\":[{\"@type\":\"ReadAction\",\"target\":[\"https:\\\/\\\/www.accuratereviews.com\\\/it\\\/piattaforme-ecommerce-lista\\\/shopify-recensione\\\/\"]}]},{\"@type\":\"ImageObject\",\"inLanguage\":\"it-IT\",\"@id\":\"https:\\\/\\\/www.accuratereviews.com\\\/it\\\/piattaforme-ecommerce-lista\\\/shopify-recensione\\\/#primaryimage\",\"url\":\"https:\\\/\\\/www.accuratereviews.com\\\/wp-content\\\/uploads\\\/2019\\\/06\\\/shopify-logo.jpg\",\"contentUrl\":\"https:\\\/\\\/www.accuratereviews.com\\\/wp-content\\\/uploads\\\/2019\\\/06\\\/shopify-logo.jpg\",\"width\":660,\"height\":368},{\"@type\":\"BreadcrumbList\",\"@id\":\"https:\\\/\\\/www.accuratereviews.com\\\/it\\\/piattaforme-ecommerce-lista\\\/shopify-recensione\\\/#breadcrumb\",\"itemListElement\":[{\"@type\":\"ListItem\",\"position\":1,\"name\":\"Home\",\"item\":\"https:\\\/\\\/www.accuratereviews.com\\\/it\\\/\"},{\"@type\":\"ListItem\",\"position\":2,\"name\":\"Ecommerce\",\"item\":\"https:\\\/\\\/www.accuratereviews.com\\\/it\\\/piattaforme-ecommerce-lista\\\/\"},{\"@type\":\"ListItem\",\"position\":3,\"name\":\"Shopify\"}]},{\"@type\":\"WebSite\",\"@id\":\"https:\\\/\\\/www.accuratereviews.com\\\/it\\\/#website\",\"url\":\"https:\\\/\\\/www.accuratereviews.com\\\/it\\\/\",\"name\":\"Accurate Reviews\",\"description\":\"\",\"potentialAction\":[{\"@type\":\"SearchAction\",\"target\":{\"@type\":\"EntryPoint\",\"urlTemplate\":\"https:\\\/\\\/www.accuratereviews.com\\\/it\\\/?s={search_term_string}\"},\"query-input\":{\"@type\":\"PropertyValueSpecification\",\"valueRequired\":true,\"valueName\":\"search_term_string\"}}],\"inLanguage\":\"it-IT\"}]}<\/script>\n<!-- \/ Yoast SEO plugin. -->","yoast_head_json":{"title":"Shopify: recensione piattaforma di ecommerce\u00a0- Accurate Reviews","description":"Shopify: recensione piattaforma di ecommerce\u00a0costituita da una vasta gamma\u00a0di funzionalit\u00e0 per avviare e gestire negozi online o in maniera tradizionale.","robots":{"index":"index","follow":"follow","max-snippet":"max-snippet:-1","max-image-preview":"max-image-preview:large","max-video-preview":"max-video-preview:-1"},"canonical":"https:\/\/www.accuratereviews.com\/it\/piattaforme-ecommerce-lista\/shopify-recensione\/","og_locale":"it_IT","og_type":"article","og_title":"Shopify: recensione piattaforma di ecommerce\u00a0- Accurate Reviews","og_description":"Shopify: recensione piattaforma di ecommerce\u00a0costituita da una vasta gamma\u00a0di funzionalit\u00e0 per avviare e gestire negozi online o in maniera tradizionale.","og_url":"https:\/\/www.accuratereviews.com\/it\/piattaforme-ecommerce-lista\/shopify-recensione\/","og_site_name":"Accurate Reviews","article_modified_time":"2023-03-14T08:44:23+00:00","og_image":[{"width":660,"height":368,"url":"https:\/\/www.accuratereviews.com\/wp-content\/uploads\/2019\/06\/shopify-logo.jpg","type":"image\/jpeg"}],"twitter_card":"summary_large_image","twitter_misc":{"Tempo di lettura stimato":"2 minuti"},"schema":{"@context":"https:\/\/schema.org","@graph":[{"@type":"WebPage","@id":"https:\/\/www.accuratereviews.com\/it\/piattaforme-ecommerce-lista\/shopify-recensione\/","url":"https:\/\/www.accuratereviews.com\/it\/piattaforme-ecommerce-lista\/shopify-recensione\/","name":"Shopify: recensione piattaforma di ecommerce\u00a0- Accurate Reviews","isPartOf":{"@id":"https:\/\/www.accuratereviews.com\/it\/#website"},"primaryImageOfPage":{"@id":"https:\/\/www.accuratereviews.com\/it\/piattaforme-ecommerce-lista\/shopify-recensione\/#primaryimage"},"image":{"@id":"https:\/\/www.accuratereviews.com\/it\/piattaforme-ecommerce-lista\/shopify-recensione\/#primaryimage"},"thumbnailUrl":"https:\/\/www.accuratereviews.com\/wp-content\/uploads\/2019\/06\/shopify-logo.jpg","datePublished":"2019-06-18T06:36:35+00:00","dateModified":"2023-03-14T08:44:23+00:00","description":"Shopify: recensione piattaforma di ecommerce\u00a0costituita da una vasta gamma\u00a0di funzionalit\u00e0 per avviare e gestire negozi online o in maniera tradizionale.","breadcrumb":{"@id":"https:\/\/www.accuratereviews.com\/it\/piattaforme-ecommerce-lista\/shopify-recensione\/#breadcrumb"},"inLanguage":"it-IT","potentialAction":[{"@type":"ReadAction","target":["https:\/\/www.accuratereviews.com\/it\/piattaforme-ecommerce-lista\/shopify-recensione\/"]}]},{"@type":"ImageObject","inLanguage":"it-IT","@id":"https:\/\/www.accuratereviews.com\/it\/piattaforme-ecommerce-lista\/shopify-recensione\/#primaryimage","url":"https:\/\/www.accuratereviews.com\/wp-content\/uploads\/2019\/06\/shopify-logo.jpg","contentUrl":"https:\/\/www.accuratereviews.com\/wp-content\/uploads\/2019\/06\/shopify-logo.jpg","width":660,"height":368},{"@type":"BreadcrumbList","@id":"https:\/\/www.accuratereviews.com\/it\/piattaforme-ecommerce-lista\/shopify-recensione\/#breadcrumb","itemListElement":[{"@type":"ListItem","position":1,"name":"Home","item":"https:\/\/www.accuratereviews.com\/it\/"},{"@type":"ListItem","position":2,"name":"Ecommerce","item":"https:\/\/www.accuratereviews.com\/it\/piattaforme-ecommerce-lista\/"},{"@type":"ListItem","position":3,"name":"Shopify"}]},{"@type":"WebSite","@id":"https:\/\/www.accuratereviews.com\/it\/#website","url":"https:\/\/www.accuratereviews.com\/it\/","name":"Accurate Reviews","description":"","potentialAction":[{"@type":"SearchAction","target":{"@type":"EntryPoint","urlTemplate":"https:\/\/www.accuratereviews.com\/it\/?s={search_term_string}"},"query-input":{"@type":"PropertyValueSpecification","valueRequired":true,"valueName":"search_term_string"}}],"inLanguage":"it-IT"}]}},"_links":{"self":[{"href":"https:\/\/www.accuratereviews.com\/it\/wp-json\/wp\/v2\/pages\/15736","targetHints":{"allow":["GET"]}}],"collection":[{"href":"https:\/\/www.accuratereviews.com\/it\/wp-json\/wp\/v2\/pages"}],"about":[{"href":"https:\/\/www.accuratereviews.com\/it\/wp-json\/wp\/v2\/types\/page"}],"author":[{"embeddable":true,"href":"https:\/\/www.accuratereviews.com\/it\/wp-json\/wp\/v2\/users\/19"}],"replies":[{"embeddable":true,"href":"https:\/\/www.accuratereviews.com\/it\/wp-json\/wp\/v2\/comments?post=15736"}],"version-history":[{"count":12,"href":"https:\/\/www.accuratereviews.com\/it\/wp-json\/wp\/v2\/pages\/15736\/revisions"}],"predecessor-version":[{"id":67942,"href":"https:\/\/www.accuratereviews.com\/it\/wp-json\/wp\/v2\/pages\/15736\/revisions\/67942"}],"up":[{"embeddable":true,"href":"https:\/\/www.accuratereviews.com\/it\/wp-json\/wp\/v2\/pages\/15684"}],"wp:featuredmedia":[{"embeddable":true,"href":"https:\/\/www.accuratereviews.com\/it\/wp-json\/wp\/v2\/media\/15739"}],"wp:attachment":[{"href":"https:\/\/www.accuratereviews.com\/it\/wp-json\/wp\/v2\/media?parent=15736"}],"wp:term":[{"taxonomy":"category","embeddable":true,"href":"https:\/\/www.accuratereviews.com\/it\/wp-json\/wp\/v2\/categories?post=15736"},{"taxonomy":"post_tag","embeddable":true,"href":"https:\/\/www.accuratereviews.com\/it\/wp-json\/wp\/v2\/tags?post=15736"},{"taxonomy":"features","embeddable":true,"href":"https:\/\/www.accuratereviews.com\/it\/wp-json\/wp\/v2\/features?post=15736"}],"curies":[{"name":"wp","href":"https:\/\/api.w.org\/{rel}","templated":true}]}}