{"id":15749,"date":"2019-06-18T06:37:22","date_gmt":"2019-06-18T06:37:22","guid":{"rendered":"https:\/\/www.accuratereviews.com\/?page_id=15749"},"modified":"2023-03-23T06:32:50","modified_gmt":"2023-03-23T06:32:50","slug":"wix-recensione","status":"publish","type":"page","link":"https:\/\/www.accuratereviews.com\/it\/piattaforme-ecommerce-lista\/wix-recensione\/","title":{"rendered":"Wix eCommerce"},"content":{"rendered":"<p>Wix \u00e8 una piattaforma che ti permette di creare un sito web dall&#8217;aspetto professionale in modo semplice e veloce e anche di\u00a0<strong>gestire un negozio online<\/strong>, grazie a <strong>Wix eCommerce<\/strong>. \u00c8 indicato principalmente per negozi di piccole e medie dimensioni che vogliono vendere i propri prodotti anche sul<strong> mercato online<\/strong>. Questo programma ti d\u00e0 la possibilit\u00e0 di scegliere tra uno dei numerosi template che mette a tua disposizione per offrire il look commerciale pi\u00f9 accattivante e che pi\u00f9 si avvicina alle tue esigenze. Migliora la <strong>gestione dell&#8217;inventario<\/strong>, <strong>degli ordini<\/strong>,<strong> delle spedizioni<\/strong>,<strong> dei metodi di pagamento<\/strong> e di tutto ci\u00f2 che riguarda la tua attivit\u00e0. Il sito web \u00e8 inoltre ottimizzato per la visualizzazione sui dispositivi mobile, in modo da poter raggiungere tutti tuoi clienti.<\/p>\n<h2>COME CREARE UN NEGOZIO ONLINE CON WIX ECOMMERCE &#8211; TUTORIAL<\/h2>\n<p>Ecco un video tutorial che ci mostrer\u00e0 come approcciarci a questo programma:<\/p>\n<div id=\"fluid-wrapper-counter-1\" class=\"g1-fluid-wrapper \" style=\"width:686px;\">\n<div style=\"padding-bottom:56.268221574344%;\"><iframe loading=\"lazy\" title=\"How to Create an Online Store With Wix\" width=\"686\" height=\"386\" src=\"https:\/\/www.youtube.com\/embed\/2erBDoiTxzY?feature=oembed&amp;wmode=transparent&amp;autohide=1&amp;autoplay=0&amp;disablekb=0&amp;fs=1&amp;loop=0&amp;enablejsapi=1&amp;rel=0&amp;controls=2&amp;showinfo=0&amp;wmode=transparent&amp;autohide=2&amp;autoplay=0&amp;disablekb=0&amp;fs=1&amp;loop=0&amp;enablejsapi=1&amp;rel=0&amp;controls=2&amp;showinfo=1\" frameborder=\"0\" allow=\"accelerometer; autoplay; clipboard-write; encrypted-media; gyroscope; picture-in-picture; web-share\" allowfullscreen><\/iframe><\/div>\n<\/div>\n<p>WIX ECOMMERCE &#8211; CARATTERISTICHE<\/p>\n<p>Di seguito le sue principali funzionalit\u00e0:<\/p>\n<ul>\n<li><strong>Ampia scelta di template<\/strong>: scegli tra i numerosi template quello in grado di offrire il migliore look al tuo negozio<\/li>\n<li><strong>Creazione del prodotto<\/strong>: crea il tuo prodotto modificandone le dimensioni, i colori e aggiungendo le immagini pi\u00f9 adeguate<\/li>\n<li><strong>Gestione delle promozioni<\/strong>: pubblicizza svendite, offerte e sconti dei prodotti<\/li>\n<li><strong>Gestione degli ordini<\/strong>: organizza e segui lo stato degli ordini<\/li>\n<li><strong>Gestione dell&#8217;inventario<\/strong><\/li>\n<li><strong>Gestione dei clienti<\/strong>: instaura un buon rapporto con i tuoi clienti, i quali verranno ringraziati ogni volta che acquisteranno il tuo prodotto<\/li>\n<li><strong>Gestione delle spedizioni e delle tasse<\/strong>: definisci le regole sulle spedizioni e sulle tasse per ogni prodotto<\/li>\n<li><strong>Metodo di pagamento<\/strong>: ricevi pagamenti sicuri tramite PayPal, carta di credito e altro.<\/li>\n<\/ul>\n<h4>LE RECENSIONI DEGLI UTENTI<\/h4>\n<p><strong>Jamie M. &#8220;Ottimo prodotto e ottimo servizio&#8221;<\/strong><br \/>\nComplessivamente: adoro il prodotto.<br \/>\nPro: Wix \u00e8 facile da usare e il servizio clienti \u00e8 molto reattivo e disponibile.<br \/>\nContro: Gli elenchi &#8220;ripetitori&#8221; sono difficili da usare e non sempre prevedibili.<\/p>\n<p><strong>Steven R. &#8220;Recensione Wix&#8221;<\/strong><br \/>\nComplessivamente: \u00e8 stato fantastico.<br \/>\nPro: Wix \u00e8 un ottimo modo non solo per creare un buon sito web, ma anche per essere in grado di monetizzarlo, \u00e8 quasi perfetto.<br \/>\nContro: Ci sono bug e incoerenze quando si tratta di siti web, ma \u00e8 previsto.<\/p>\n<p><strong>Refioe Billy M. &#8220;Wix \u00e8 ottimo per i blogger&#8221;<\/strong><br \/>\nComplessivamente: \u00e8 fantastico, per questo voglio prendere il piano a pagamento per avere un URL formale.<br \/>\nPro: Amo il blogging e per iniziare avevo bisogno di un sito web ma non avevo abbastanza soldi, cos\u00ec ho conosciuto Wix e ho creato il mio blog utilizzando la loro piattaforma di hosting gratuita, e credetemi, \u00e8 la migliore, ne sono talmente soddisfatto che non molto tempo fa prender\u00f2 il loro piano a pagamento, Wix \u00e8 ottimo per qualsiasi tipo di business online.<br \/>\nContro: Il piano gratuito mostra gli annunci di Wix e questo \u00e8 piuttosto scoraggiante.<\/p>\n","protected":false},"excerpt":{"rendered":"<p>Wix \u00e8 una piattaforma che ti permette di creare un sito web dall&#8217;aspetto professionale in modo semplice e veloce e anche di\u00a0gestire un negozio online, grazie a Wix eCommerce. \u00c8 indicato principalmente per negozi di piccole e medie dimensioni che vogliono vendere i propri prodotti anche sul mercato online.<\/p>\n","protected":false},"author":17,"featured_media":15753,"parent":15684,"menu_order":0,"comment_status":"open","ping_status":"closed","template":"g1_template_page_review_new.php","meta":{"_acf_changed":false,"cwp_meta_box_check":"No","cwp_rev_product_name":"","cwp_rev_product_image":"","wppr_links":[],"cwp_rev_price":"","wppr_options":[],"wppr_pros":[],"wppr_cons":[],"_monsterinsights_skip_tracking":false,"_monsterinsights_sitenote_active":false,"_monsterinsights_sitenote_note":"","_monsterinsights_sitenote_category":0,"footnotes":""},"categories":[853],"tags":[857,861,859],"features":[],"class_list":{"0":"post-15749","1":"page","2":"type-page","3":"status-publish","4":"has-post-thumbnail","6":"category-ecommerce","7":"tag-ecommerce","8":"tag-negozio-online","9":"tag-piattaforma-ecommerce"},"wppr_data":{"cwp_meta_box_check":"No"},"acf":[],"yoast_head":"<!-- This site is optimized with the Yoast SEO plugin v27.4 - https:\/\/yoast.com\/product\/yoast-seo-wordpress\/ -->\n<title>Wix: recensione piattaforma ecommerce - Accurate Reviews<\/title>\n<meta name=\"description\" content=\"Wix eCommerce: recensione della piattaforma che ti permette di creare un sito web e anche di gestire un negozio di prodotti online.\" \/>\n<meta name=\"robots\" content=\"index, follow, max-snippet:-1, max-image-preview:large, max-video-preview:-1\" \/>\n<link rel=\"canonical\" href=\"https:\/\/www.accuratereviews.com\/it\/piattaforme-ecommerce-lista\/wix-recensione\/\" \/>\n<meta property=\"og:locale\" content=\"it_IT\" \/>\n<meta property=\"og:type\" content=\"article\" \/>\n<meta property=\"og:title\" content=\"Wix: recensione piattaforma ecommerce - Accurate Reviews\" \/>\n<meta property=\"og:description\" content=\"Wix eCommerce: recensione della piattaforma che ti permette di creare un sito web e anche di gestire un negozio di prodotti online.\" \/>\n<meta property=\"og:url\" content=\"https:\/\/www.accuratereviews.com\/it\/piattaforme-ecommerce-lista\/wix-recensione\/\" \/>\n<meta property=\"og:site_name\" content=\"Accurate Reviews\" \/>\n<meta property=\"article:modified_time\" content=\"2023-03-23T06:32:50+00:00\" \/>\n<meta property=\"og:image\" content=\"https:\/\/www.accuratereviews.com\/wp-content\/uploads\/2019\/06\/Unknown.jpeg\" \/>\n\t<meta property=\"og:image:width\" content=\"209\" \/>\n\t<meta property=\"og:image:height\" content=\"242\" \/>\n\t<meta property=\"og:image:type\" content=\"image\/jpeg\" \/>\n<meta name=\"twitter:card\" content=\"summary_large_image\" \/>\n<meta name=\"twitter:label1\" content=\"Tempo di lettura stimato\" \/>\n\t<meta name=\"twitter:data1\" content=\"3 minuti\" \/>\n<script type=\"application\/ld+json\" class=\"yoast-schema-graph\">{\"@context\":\"https:\\\/\\\/schema.org\",\"@graph\":[{\"@type\":\"WebPage\",\"@id\":\"https:\\\/\\\/www.accuratereviews.com\\\/it\\\/piattaforme-ecommerce-lista\\\/wix-recensione\\\/\",\"url\":\"https:\\\/\\\/www.accuratereviews.com\\\/it\\\/piattaforme-ecommerce-lista\\\/wix-recensione\\\/\",\"name\":\"Wix: recensione piattaforma ecommerce - Accurate Reviews\",\"isPartOf\":{\"@id\":\"https:\\\/\\\/www.accuratereviews.com\\\/it\\\/#website\"},\"primaryImageOfPage\":{\"@id\":\"https:\\\/\\\/www.accuratereviews.com\\\/it\\\/piattaforme-ecommerce-lista\\\/wix-recensione\\\/#primaryimage\"},\"image\":{\"@id\":\"https:\\\/\\\/www.accuratereviews.com\\\/it\\\/piattaforme-ecommerce-lista\\\/wix-recensione\\\/#primaryimage\"},\"thumbnailUrl\":\"https:\\\/\\\/www.accuratereviews.com\\\/wp-content\\\/uploads\\\/2019\\\/06\\\/Unknown.jpeg\",\"datePublished\":\"2019-06-18T06:37:22+00:00\",\"dateModified\":\"2023-03-23T06:32:50+00:00\",\"description\":\"Wix eCommerce: recensione della piattaforma che ti permette di creare un sito web e anche di gestire un negozio di prodotti online.\",\"breadcrumb\":{\"@id\":\"https:\\\/\\\/www.accuratereviews.com\\\/it\\\/piattaforme-ecommerce-lista\\\/wix-recensione\\\/#breadcrumb\"},\"inLanguage\":\"it-IT\",\"potentialAction\":[{\"@type\":\"ReadAction\",\"target\":[\"https:\\\/\\\/www.accuratereviews.com\\\/it\\\/piattaforme-ecommerce-lista\\\/wix-recensione\\\/\"]}]},{\"@type\":\"ImageObject\",\"inLanguage\":\"it-IT\",\"@id\":\"https:\\\/\\\/www.accuratereviews.com\\\/it\\\/piattaforme-ecommerce-lista\\\/wix-recensione\\\/#primaryimage\",\"url\":\"https:\\\/\\\/www.accuratereviews.com\\\/wp-content\\\/uploads\\\/2019\\\/06\\\/Unknown.jpeg\",\"contentUrl\":\"https:\\\/\\\/www.accuratereviews.com\\\/wp-content\\\/uploads\\\/2019\\\/06\\\/Unknown.jpeg\",\"width\":209,\"height\":242},{\"@type\":\"BreadcrumbList\",\"@id\":\"https:\\\/\\\/www.accuratereviews.com\\\/it\\\/piattaforme-ecommerce-lista\\\/wix-recensione\\\/#breadcrumb\",\"itemListElement\":[{\"@type\":\"ListItem\",\"position\":1,\"name\":\"Home\",\"item\":\"https:\\\/\\\/www.accuratereviews.com\\\/it\\\/\"},{\"@type\":\"ListItem\",\"position\":2,\"name\":\"Ecommerce\",\"item\":\"https:\\\/\\\/www.accuratereviews.com\\\/it\\\/piattaforme-ecommerce-lista\\\/\"},{\"@type\":\"ListItem\",\"position\":3,\"name\":\"Wix eCommerce\"}]},{\"@type\":\"WebSite\",\"@id\":\"https:\\\/\\\/www.accuratereviews.com\\\/it\\\/#website\",\"url\":\"https:\\\/\\\/www.accuratereviews.com\\\/it\\\/\",\"name\":\"Accurate Reviews\",\"description\":\"\",\"potentialAction\":[{\"@type\":\"SearchAction\",\"target\":{\"@type\":\"EntryPoint\",\"urlTemplate\":\"https:\\\/\\\/www.accuratereviews.com\\\/it\\\/?s={search_term_string}\"},\"query-input\":{\"@type\":\"PropertyValueSpecification\",\"valueRequired\":true,\"valueName\":\"search_term_string\"}}],\"inLanguage\":\"it-IT\"}]}<\/script>\n<!-- \/ Yoast SEO plugin. -->","yoast_head_json":{"title":"Wix: recensione piattaforma ecommerce - Accurate Reviews","description":"Wix eCommerce: recensione della piattaforma che ti permette di creare un sito web e anche di gestire un negozio di prodotti online.","robots":{"index":"index","follow":"follow","max-snippet":"max-snippet:-1","max-image-preview":"max-image-preview:large","max-video-preview":"max-video-preview:-1"},"canonical":"https:\/\/www.accuratereviews.com\/it\/piattaforme-ecommerce-lista\/wix-recensione\/","og_locale":"it_IT","og_type":"article","og_title":"Wix: recensione piattaforma ecommerce - Accurate Reviews","og_description":"Wix eCommerce: recensione della piattaforma che ti permette di creare un sito web e anche di gestire un negozio di prodotti online.","og_url":"https:\/\/www.accuratereviews.com\/it\/piattaforme-ecommerce-lista\/wix-recensione\/","og_site_name":"Accurate Reviews","article_modified_time":"2023-03-23T06:32:50+00:00","og_image":[{"width":209,"height":242,"url":"https:\/\/www.accuratereviews.com\/wp-content\/uploads\/2019\/06\/Unknown.jpeg","type":"image\/jpeg"}],"twitter_card":"summary_large_image","twitter_misc":{"Tempo di lettura stimato":"3 minuti"},"schema":{"@context":"https:\/\/schema.org","@graph":[{"@type":"WebPage","@id":"https:\/\/www.accuratereviews.com\/it\/piattaforme-ecommerce-lista\/wix-recensione\/","url":"https:\/\/www.accuratereviews.com\/it\/piattaforme-ecommerce-lista\/wix-recensione\/","name":"Wix: recensione piattaforma ecommerce - Accurate Reviews","isPartOf":{"@id":"https:\/\/www.accuratereviews.com\/it\/#website"},"primaryImageOfPage":{"@id":"https:\/\/www.accuratereviews.com\/it\/piattaforme-ecommerce-lista\/wix-recensione\/#primaryimage"},"image":{"@id":"https:\/\/www.accuratereviews.com\/it\/piattaforme-ecommerce-lista\/wix-recensione\/#primaryimage"},"thumbnailUrl":"https:\/\/www.accuratereviews.com\/wp-content\/uploads\/2019\/06\/Unknown.jpeg","datePublished":"2019-06-18T06:37:22+00:00","dateModified":"2023-03-23T06:32:50+00:00","description":"Wix eCommerce: recensione della piattaforma che ti permette di creare un sito web e anche di gestire un negozio di prodotti online.","breadcrumb":{"@id":"https:\/\/www.accuratereviews.com\/it\/piattaforme-ecommerce-lista\/wix-recensione\/#breadcrumb"},"inLanguage":"it-IT","potentialAction":[{"@type":"ReadAction","target":["https:\/\/www.accuratereviews.com\/it\/piattaforme-ecommerce-lista\/wix-recensione\/"]}]},{"@type":"ImageObject","inLanguage":"it-IT","@id":"https:\/\/www.accuratereviews.com\/it\/piattaforme-ecommerce-lista\/wix-recensione\/#primaryimage","url":"https:\/\/www.accuratereviews.com\/wp-content\/uploads\/2019\/06\/Unknown.jpeg","contentUrl":"https:\/\/www.accuratereviews.com\/wp-content\/uploads\/2019\/06\/Unknown.jpeg","width":209,"height":242},{"@type":"BreadcrumbList","@id":"https:\/\/www.accuratereviews.com\/it\/piattaforme-ecommerce-lista\/wix-recensione\/#breadcrumb","itemListElement":[{"@type":"ListItem","position":1,"name":"Home","item":"https:\/\/www.accuratereviews.com\/it\/"},{"@type":"ListItem","position":2,"name":"Ecommerce","item":"https:\/\/www.accuratereviews.com\/it\/piattaforme-ecommerce-lista\/"},{"@type":"ListItem","position":3,"name":"Wix eCommerce"}]},{"@type":"WebSite","@id":"https:\/\/www.accuratereviews.com\/it\/#website","url":"https:\/\/www.accuratereviews.com\/it\/","name":"Accurate Reviews","description":"","potentialAction":[{"@type":"SearchAction","target":{"@type":"EntryPoint","urlTemplate":"https:\/\/www.accuratereviews.com\/it\/?s={search_term_string}"},"query-input":{"@type":"PropertyValueSpecification","valueRequired":true,"valueName":"search_term_string"}}],"inLanguage":"it-IT"}]}},"_links":{"self":[{"href":"https:\/\/www.accuratereviews.com\/it\/wp-json\/wp\/v2\/pages\/15749","targetHints":{"allow":["GET"]}}],"collection":[{"href":"https:\/\/www.accuratereviews.com\/it\/wp-json\/wp\/v2\/pages"}],"about":[{"href":"https:\/\/www.accuratereviews.com\/it\/wp-json\/wp\/v2\/types\/page"}],"author":[{"embeddable":true,"href":"https:\/\/www.accuratereviews.com\/it\/wp-json\/wp\/v2\/users\/17"}],"replies":[{"embeddable":true,"href":"https:\/\/www.accuratereviews.com\/it\/wp-json\/wp\/v2\/comments?post=15749"}],"version-history":[{"count":7,"href":"https:\/\/www.accuratereviews.com\/it\/wp-json\/wp\/v2\/pages\/15749\/revisions"}],"predecessor-version":[{"id":68210,"href":"https:\/\/www.accuratereviews.com\/it\/wp-json\/wp\/v2\/pages\/15749\/revisions\/68210"}],"up":[{"embeddable":true,"href":"https:\/\/www.accuratereviews.com\/it\/wp-json\/wp\/v2\/pages\/15684"}],"wp:featuredmedia":[{"embeddable":true,"href":"https:\/\/www.accuratereviews.com\/it\/wp-json\/wp\/v2\/media\/15753"}],"wp:attachment":[{"href":"https:\/\/www.accuratereviews.com\/it\/wp-json\/wp\/v2\/media?parent=15749"}],"wp:term":[{"taxonomy":"category","embeddable":true,"href":"https:\/\/www.accuratereviews.com\/it\/wp-json\/wp\/v2\/categories?post=15749"},{"taxonomy":"post_tag","embeddable":true,"href":"https:\/\/www.accuratereviews.com\/it\/wp-json\/wp\/v2\/tags?post=15749"},{"taxonomy":"features","embeddable":true,"href":"https:\/\/www.accuratereviews.com\/it\/wp-json\/wp\/v2\/features?post=15749"}],"curies":[{"name":"wp","href":"https:\/\/api.w.org\/{rel}","templated":true}]}}