{"id":15775,"date":"2019-06-18T11:04:20","date_gmt":"2019-06-18T11:04:20","guid":{"rendered":"https:\/\/www.accuratereviews.com\/?page_id=15775"},"modified":"2023-03-25T15:29:49","modified_gmt":"2023-03-25T15:29:49","slug":"woocommerce-recensione","status":"publish","type":"page","link":"https:\/\/www.accuratereviews.com\/it\/piattaforme-ecommerce-lista\/woocommerce-recensione\/","title":{"rendered":"WooCommerce"},"content":{"rendered":"<p><strong>WooCommerce<\/strong> \u00e8 un plugin gratuito di <strong>WordPress<\/strong> che ti permette di monetizzare con il tuo sito web, gestendo il tuo <strong>negozio ecommerce<\/strong>. Oltre a essere gratuito, \u00e8 anche <strong>open source<\/strong> e ti permette cos\u00ec di personalizzarlo autonomamente in modo da soddisfare le esigenze di tutti. Naturalmente, per mantenere un<strong> negozio online<\/strong>, ci sono le spese di hosting del sito di WordPress.org e tutte le spese aggiuntive di add-on ed estensioni per renderlo pi\u00f9 completo.\u00a0WooCommerce \u00e8 sicuramente un&#8217;ottima soluzione per i <strong>commercianti<\/strong> che sono gi\u00e0 abituati a utilizzare WordPress e che hanno quindi una certa familiarit\u00e0 con esso. Per scaricarlo, ci baster\u00e0 seguire la solita procedura: aggiungere un nuovo plugin nella pagina, cercarlo, installarlo e attivarlo. Potrete usarlo comodamente anche dal vostro smartphone o tablet grazie ad un&#8217;<strong>app mobile<\/strong> disponibile per dispositivi iOS e Android.\u00a0Un difetto un po&#8217; scomodo che ha questa <strong>piattaforma ecommerce<\/strong>, \u00e8 sicuramente quello della sicurezza poich\u00e9 \u00e8 a carico nostro, essendo auto-ospitato.<\/p>\n<h2>CREARE UN SITO ECOMMERCE CON WOOCOMERCE &#8211; TUTORIAL<\/h2>\n<p>Diamo un&#8217;occhiata a questo breve tutorial per capire come funziona WooCommerce:<\/p>\n<div id=\"fluid-wrapper-counter-1\" class=\"g1-fluid-wrapper \" style=\"width:686px;\">\n<div style=\"padding-bottom:56.268221574344%;\"><iframe loading=\"lazy\" title=\"Creare un sito e-commerce con WooCommerce - CORSO COMPLETO\" width=\"686\" height=\"386\" src=\"https:\/\/www.youtube.com\/embed\/KDCNiFrpzfU?feature=oembed&amp;wmode=transparent&amp;autohide=1&amp;autoplay=0&amp;disablekb=0&amp;fs=1&amp;loop=0&amp;enablejsapi=1&amp;rel=0&amp;controls=2&amp;showinfo=0&amp;wmode=transparent&amp;autohide=2&amp;autoplay=0&amp;disablekb=0&amp;fs=1&amp;loop=0&amp;enablejsapi=1&amp;rel=0&amp;controls=2&amp;showinfo=1\" frameborder=\"0\" allow=\"accelerometer; autoplay; clipboard-write; encrypted-media; gyroscope; picture-in-picture; web-share\" allowfullscreen><\/iframe><\/div>\n<\/div>\n<h3>WOOCOMMERCE &#8211; CARATTERISTICHE<\/h3>\n<p>Ecco le sue principali caratteristiche:<\/p>\n<ul>\n<li><strong>Gestione dei prodotti<\/strong>: organizza e ordina i tuoi prodotti per categoria cos\u00ec da migliorarne la gestione<\/li>\n<li><strong>Gestione delle scorte<\/strong>: gestisci il magazzino e tieni sempre sotto controllo le scorte, i prodotti esauriti ecc.<\/li>\n<li><strong>Calcolatore di spedizione<\/strong>: una volta aggiunto un articolo al carrello, verr\u00e0 automaticamente calcolato il prezzo cos\u00ec da non avere sorprese finali<\/li>\n<li><strong>Vendita di prodotti digitali e fisici<\/strong><\/li>\n<li><strong>Servizio di promozione<\/strong>: offri ai tuoi clienti sconti, offerte e promozioni dei prodotti<\/li>\n<li><strong>Recensioni del prodotto<\/strong>: per fidelizzare con i clienti e raggiungere nuovi potenziali clienti, dai loro la possibilit\u00e0 di lasciare delle recensioni dei prodotti<\/li>\n<li><strong>Supporto per la geolocalizzazione<\/strong><\/li>\n<li><strong>Strumenti SEO<\/strong>: utilizzali per l&#8217;ottimizzazione del motore di ricerca<\/li>\n<li><strong>Sistema di analytics<\/strong>: tieni sempre sotto controllo l&#8217;andamento della tua attivit\u00e0 grazie ad analisi approfondite<\/li>\n<li><strong>App mobile<\/strong>: i tuoi clienti potranno acquistare ovunque si trovino e tu potrai comodamente gestire i loro ordini dal tuo smartphone o tablet.<\/li>\n<\/ul>\n<h4>LE RECENSIONI DEGLI UTENTI<\/h4>\n<p><strong>Francesco &#8220;Pi\u00f9 di un plugin: la scelta pi\u00f9 completa per vendere online utilizzando wordpress&#8221;<\/strong><br \/>\nCommenti: Woocommerce si pone a met\u00e0 tra competitor dalla grande complessit\u00e0 come Magento ad altri pi\u00f9 semplici ma meno completi e personalizzabili come Shopify. Utilizzo quindi Woocommerce per la maggior parte dei miei progetti e-commerce integrandolo a WordPress.<br \/>\nPro: Woocommerce permette di realizzare un e-commerce proprietario in maniera completa e intuitiva con un a buona curva di apprendimento.<br \/>\nContro: Rispetto ad altri competitor ha bisogno di molto plugin o di personalizzazioni per gestire al meglio e-commerce complessi<\/p>\n<p><strong>Alfredo &#8220;Completo e flessibile&#8221;<\/strong><br \/>\nPro: Pu\u00f2 essere facilmente integrato ed ampliato con numerosissimi plugin disponibili on line<br \/>\nContro: Come tutti i programmi che fanno molte cose, per poter essere usato al meglio \u00e8 necessario impegnarsi per capirne bene il funzionamento e fare delle prove. Poi per\u00f2, una volta superata la fase iniziale, si rivela molto flessibile e facile da usare<\/p>\n<p><strong>Daniele &#8220;Consigliato&#8221;<\/strong><br \/>\nCommenti: Lo uso su alcuni siti che ho realizzato e mi trovo molto bene, consigliato.<br \/>\nPro: \u00c8 gratuito, \u00e8 molto facile da usare anche per i principianti e permette di e un e-commerce in pochissimo tempo.<br \/>\nContro: Trovo molto complicato il poter modificare da subito la pagina del carrello e del pagamento, a volte bisogna affidarsi ad applicazioni esterne.<\/p>\n","protected":false},"excerpt":{"rendered":"<p>WooCommerce \u00e8 un plugin gratuito di WordPress che ti permette di monetizzare il tuo sito web, gestendo il tuo negozio ecommerce. Oltre ad essere gratuito, \u00e8 anche open source perci\u00f2 ti permette di personalizzarlo autonomamente cos\u00ec da soddisfare le esigenze di tutti.\u00a0<\/p>\n","protected":false},"author":17,"featured_media":15777,"parent":15684,"menu_order":0,"comment_status":"open","ping_status":"closed","template":"g1_template_page_review_new.php","meta":{"_acf_changed":false,"cwp_meta_box_check":"Yes","cwp_rev_product_name":"","cwp_rev_product_image":"","wppr_links":[],"cwp_rev_price":"","wppr_options":[{"name":"Usability","value":"0"},{"name":"Speed","value":"0"},{"name":"Features","value":"0"},{"name":"Support","value":"0"},{"name":"Pricing","value":"0"}],"wppr_pros":["","","","",""],"wppr_cons":["","","","",""],"_monsterinsights_skip_tracking":false,"_monsterinsights_sitenote_active":false,"_monsterinsights_sitenote_note":"","_monsterinsights_sitenote_category":0,"footnotes":""},"categories":[853],"tags":[857,861,246,859,868],"features":[],"class_list":{"0":"post-15775","1":"page","2":"type-page","3":"status-publish","4":"has-post-thumbnail","6":"category-ecommerce","7":"tag-ecommerce","8":"tag-negozio-online","9":"tag-open-source","10":"tag-piattaforma-ecommerce","11":"tag-plugin-gratuito"},"wppr_data":{"cwp_meta_box_check":"Yes","cwp_rev_product_name":"","_wppr_review_template":"default","cwp_rev_product_image":"","cwp_image_link":"image","wppr_links":[],"cwp_rev_price":"","wppr_pros":["","","","",""],"wppr_cons":["","","","",""],"wppr_rating":"0.00","wppr_options":{"1":{"name":"Usability","value":"0"},"2":{"name":"Speed","value":"0"},"3":{"name":"Features","value":"0"},"4":{"name":"Support","value":"0"},"5":{"name":"Pricing","value":"0"}},"wppr_review_type":"Product","wppr_review_custom_fields":{"additionalProperty":"","additionalType":"","aggregateRating":"","alternateName":"","audience":"","award":"","awards":"","brand":"","color":"","depth":"","description":"","disambiguatingDescription":"","gtin12":"","gtin13":"","gtin14":"","gtin8":"","height":"","identifier":"","image":"","isAccessoryOrSparePartFor":"","isConsumableFor":"","isRelatedTo":"","isSimilarTo":"","itemCondition":"","logo":"","mainEntityOfPage":"","manufacturer":"","material":"","model":"","mpn":"","name":"","offers":"","potentialAction":"","productID":"","productionDate":"","purchaseDate":"","releaseDate":"","review":"","reviews":"","sameAs":"","sku":"","slogan":"","subjectOf":"","url":"","weight":"","width":""}},"acf":[],"yoast_head":"<!-- This site is optimized with the Yoast SEO plugin v27.4 - https:\/\/yoast.com\/product\/yoast-seo-wordpress\/ -->\n<title>WooCommerce: recensione plugin WordPress - Accurate Reviews<\/title>\n<meta name=\"description\" content=\"WooCommerce: recensione del plugin gratuito e open source di WordPress che ti permette di monetizzare il tuo sito web, gestendo il tuo negozio ecommerce.\" \/>\n<meta name=\"robots\" content=\"index, follow, max-snippet:-1, max-image-preview:large, max-video-preview:-1\" \/>\n<link rel=\"canonical\" href=\"https:\/\/www.accuratereviews.com\/it\/piattaforme-ecommerce-lista\/woocommerce-recensione\/\" \/>\n<meta property=\"og:locale\" content=\"it_IT\" \/>\n<meta property=\"og:type\" content=\"article\" \/>\n<meta property=\"og:title\" content=\"WooCommerce: recensione plugin WordPress - Accurate Reviews\" \/>\n<meta property=\"og:description\" content=\"WooCommerce: recensione del plugin gratuito e open source di WordPress che ti permette di monetizzare il tuo sito web, gestendo il tuo negozio ecommerce.\" \/>\n<meta property=\"og:url\" content=\"https:\/\/www.accuratereviews.com\/it\/piattaforme-ecommerce-lista\/woocommerce-recensione\/\" \/>\n<meta property=\"og:site_name\" content=\"Accurate Reviews\" \/>\n<meta property=\"article:modified_time\" content=\"2023-03-25T15:29:49+00:00\" \/>\n<meta property=\"og:image\" content=\"https:\/\/www.accuratereviews.com\/wp-content\/uploads\/2019\/06\/woocommerce-logo.jpg\" \/>\n\t<meta property=\"og:image:width\" content=\"2050\" \/>\n\t<meta property=\"og:image:height\" content=\"932\" \/>\n\t<meta property=\"og:image:type\" content=\"image\/jpeg\" \/>\n<meta name=\"twitter:card\" content=\"summary_large_image\" \/>\n<meta name=\"twitter:label1\" content=\"Tempo di lettura stimato\" \/>\n\t<meta name=\"twitter:data1\" content=\"3 minuti\" \/>\n<script type=\"application\/ld+json\" class=\"yoast-schema-graph\">{\"@context\":\"https:\\\/\\\/schema.org\",\"@graph\":[{\"@type\":\"WebPage\",\"@id\":\"https:\\\/\\\/www.accuratereviews.com\\\/it\\\/piattaforme-ecommerce-lista\\\/woocommerce-recensione\\\/\",\"url\":\"https:\\\/\\\/www.accuratereviews.com\\\/it\\\/piattaforme-ecommerce-lista\\\/woocommerce-recensione\\\/\",\"name\":\"WooCommerce: recensione plugin WordPress - Accurate Reviews\",\"isPartOf\":{\"@id\":\"https:\\\/\\\/www.accuratereviews.com\\\/it\\\/#website\"},\"primaryImageOfPage\":{\"@id\":\"https:\\\/\\\/www.accuratereviews.com\\\/it\\\/piattaforme-ecommerce-lista\\\/woocommerce-recensione\\\/#primaryimage\"},\"image\":{\"@id\":\"https:\\\/\\\/www.accuratereviews.com\\\/it\\\/piattaforme-ecommerce-lista\\\/woocommerce-recensione\\\/#primaryimage\"},\"thumbnailUrl\":\"https:\\\/\\\/www.accuratereviews.com\\\/wp-content\\\/uploads\\\/2019\\\/06\\\/woocommerce-logo.jpg\",\"datePublished\":\"2019-06-18T11:04:20+00:00\",\"dateModified\":\"2023-03-25T15:29:49+00:00\",\"description\":\"WooCommerce: recensione del plugin gratuito e open source di WordPress che ti permette di monetizzare il tuo sito web, gestendo il tuo negozio ecommerce.\",\"breadcrumb\":{\"@id\":\"https:\\\/\\\/www.accuratereviews.com\\\/it\\\/piattaforme-ecommerce-lista\\\/woocommerce-recensione\\\/#breadcrumb\"},\"inLanguage\":\"it-IT\",\"potentialAction\":[{\"@type\":\"ReadAction\",\"target\":[\"https:\\\/\\\/www.accuratereviews.com\\\/it\\\/piattaforme-ecommerce-lista\\\/woocommerce-recensione\\\/\"]}]},{\"@type\":\"ImageObject\",\"inLanguage\":\"it-IT\",\"@id\":\"https:\\\/\\\/www.accuratereviews.com\\\/it\\\/piattaforme-ecommerce-lista\\\/woocommerce-recensione\\\/#primaryimage\",\"url\":\"https:\\\/\\\/www.accuratereviews.com\\\/wp-content\\\/uploads\\\/2019\\\/06\\\/woocommerce-logo.jpg\",\"contentUrl\":\"https:\\\/\\\/www.accuratereviews.com\\\/wp-content\\\/uploads\\\/2019\\\/06\\\/woocommerce-logo.jpg\",\"width\":2050,\"height\":932},{\"@type\":\"BreadcrumbList\",\"@id\":\"https:\\\/\\\/www.accuratereviews.com\\\/it\\\/piattaforme-ecommerce-lista\\\/woocommerce-recensione\\\/#breadcrumb\",\"itemListElement\":[{\"@type\":\"ListItem\",\"position\":1,\"name\":\"Home\",\"item\":\"https:\\\/\\\/www.accuratereviews.com\\\/it\\\/\"},{\"@type\":\"ListItem\",\"position\":2,\"name\":\"Ecommerce\",\"item\":\"https:\\\/\\\/www.accuratereviews.com\\\/it\\\/piattaforme-ecommerce-lista\\\/\"},{\"@type\":\"ListItem\",\"position\":3,\"name\":\"WooCommerce\"}]},{\"@type\":\"WebSite\",\"@id\":\"https:\\\/\\\/www.accuratereviews.com\\\/it\\\/#website\",\"url\":\"https:\\\/\\\/www.accuratereviews.com\\\/it\\\/\",\"name\":\"Accurate Reviews\",\"description\":\"\",\"potentialAction\":[{\"@type\":\"SearchAction\",\"target\":{\"@type\":\"EntryPoint\",\"urlTemplate\":\"https:\\\/\\\/www.accuratereviews.com\\\/it\\\/?s={search_term_string}\"},\"query-input\":{\"@type\":\"PropertyValueSpecification\",\"valueRequired\":true,\"valueName\":\"search_term_string\"}}],\"inLanguage\":\"it-IT\"}]}<\/script>\n<!-- \/ Yoast SEO plugin. -->","yoast_head_json":{"title":"WooCommerce: recensione plugin WordPress - Accurate Reviews","description":"WooCommerce: recensione del plugin gratuito e open source di WordPress che ti permette di monetizzare il tuo sito web, gestendo il tuo negozio ecommerce.","robots":{"index":"index","follow":"follow","max-snippet":"max-snippet:-1","max-image-preview":"max-image-preview:large","max-video-preview":"max-video-preview:-1"},"canonical":"https:\/\/www.accuratereviews.com\/it\/piattaforme-ecommerce-lista\/woocommerce-recensione\/","og_locale":"it_IT","og_type":"article","og_title":"WooCommerce: recensione plugin WordPress - Accurate Reviews","og_description":"WooCommerce: recensione del plugin gratuito e open source di WordPress che ti permette di monetizzare il tuo sito web, gestendo il tuo negozio ecommerce.","og_url":"https:\/\/www.accuratereviews.com\/it\/piattaforme-ecommerce-lista\/woocommerce-recensione\/","og_site_name":"Accurate Reviews","article_modified_time":"2023-03-25T15:29:49+00:00","og_image":[{"width":2050,"height":932,"url":"https:\/\/www.accuratereviews.com\/wp-content\/uploads\/2019\/06\/woocommerce-logo.jpg","type":"image\/jpeg"}],"twitter_card":"summary_large_image","twitter_misc":{"Tempo di lettura stimato":"3 minuti"},"schema":{"@context":"https:\/\/schema.org","@graph":[{"@type":"WebPage","@id":"https:\/\/www.accuratereviews.com\/it\/piattaforme-ecommerce-lista\/woocommerce-recensione\/","url":"https:\/\/www.accuratereviews.com\/it\/piattaforme-ecommerce-lista\/woocommerce-recensione\/","name":"WooCommerce: recensione plugin WordPress - Accurate Reviews","isPartOf":{"@id":"https:\/\/www.accuratereviews.com\/it\/#website"},"primaryImageOfPage":{"@id":"https:\/\/www.accuratereviews.com\/it\/piattaforme-ecommerce-lista\/woocommerce-recensione\/#primaryimage"},"image":{"@id":"https:\/\/www.accuratereviews.com\/it\/piattaforme-ecommerce-lista\/woocommerce-recensione\/#primaryimage"},"thumbnailUrl":"https:\/\/www.accuratereviews.com\/wp-content\/uploads\/2019\/06\/woocommerce-logo.jpg","datePublished":"2019-06-18T11:04:20+00:00","dateModified":"2023-03-25T15:29:49+00:00","description":"WooCommerce: recensione del plugin gratuito e open source di WordPress che ti permette di monetizzare il tuo sito web, gestendo il tuo negozio ecommerce.","breadcrumb":{"@id":"https:\/\/www.accuratereviews.com\/it\/piattaforme-ecommerce-lista\/woocommerce-recensione\/#breadcrumb"},"inLanguage":"it-IT","potentialAction":[{"@type":"ReadAction","target":["https:\/\/www.accuratereviews.com\/it\/piattaforme-ecommerce-lista\/woocommerce-recensione\/"]}]},{"@type":"ImageObject","inLanguage":"it-IT","@id":"https:\/\/www.accuratereviews.com\/it\/piattaforme-ecommerce-lista\/woocommerce-recensione\/#primaryimage","url":"https:\/\/www.accuratereviews.com\/wp-content\/uploads\/2019\/06\/woocommerce-logo.jpg","contentUrl":"https:\/\/www.accuratereviews.com\/wp-content\/uploads\/2019\/06\/woocommerce-logo.jpg","width":2050,"height":932},{"@type":"BreadcrumbList","@id":"https:\/\/www.accuratereviews.com\/it\/piattaforme-ecommerce-lista\/woocommerce-recensione\/#breadcrumb","itemListElement":[{"@type":"ListItem","position":1,"name":"Home","item":"https:\/\/www.accuratereviews.com\/it\/"},{"@type":"ListItem","position":2,"name":"Ecommerce","item":"https:\/\/www.accuratereviews.com\/it\/piattaforme-ecommerce-lista\/"},{"@type":"ListItem","position":3,"name":"WooCommerce"}]},{"@type":"WebSite","@id":"https:\/\/www.accuratereviews.com\/it\/#website","url":"https:\/\/www.accuratereviews.com\/it\/","name":"Accurate Reviews","description":"","potentialAction":[{"@type":"SearchAction","target":{"@type":"EntryPoint","urlTemplate":"https:\/\/www.accuratereviews.com\/it\/?s={search_term_string}"},"query-input":{"@type":"PropertyValueSpecification","valueRequired":true,"valueName":"search_term_string"}}],"inLanguage":"it-IT"}]}},"_links":{"self":[{"href":"https:\/\/www.accuratereviews.com\/it\/wp-json\/wp\/v2\/pages\/15775","targetHints":{"allow":["GET"]}}],"collection":[{"href":"https:\/\/www.accuratereviews.com\/it\/wp-json\/wp\/v2\/pages"}],"about":[{"href":"https:\/\/www.accuratereviews.com\/it\/wp-json\/wp\/v2\/types\/page"}],"author":[{"embeddable":true,"href":"https:\/\/www.accuratereviews.com\/it\/wp-json\/wp\/v2\/users\/17"}],"replies":[{"embeddable":true,"href":"https:\/\/www.accuratereviews.com\/it\/wp-json\/wp\/v2\/comments?post=15775"}],"version-history":[{"count":7,"href":"https:\/\/www.accuratereviews.com\/it\/wp-json\/wp\/v2\/pages\/15775\/revisions"}],"predecessor-version":[{"id":68262,"href":"https:\/\/www.accuratereviews.com\/it\/wp-json\/wp\/v2\/pages\/15775\/revisions\/68262"}],"up":[{"embeddable":true,"href":"https:\/\/www.accuratereviews.com\/it\/wp-json\/wp\/v2\/pages\/15684"}],"wp:featuredmedia":[{"embeddable":true,"href":"https:\/\/www.accuratereviews.com\/it\/wp-json\/wp\/v2\/media\/15777"}],"wp:attachment":[{"href":"https:\/\/www.accuratereviews.com\/it\/wp-json\/wp\/v2\/media?parent=15775"}],"wp:term":[{"taxonomy":"category","embeddable":true,"href":"https:\/\/www.accuratereviews.com\/it\/wp-json\/wp\/v2\/categories?post=15775"},{"taxonomy":"post_tag","embeddable":true,"href":"https:\/\/www.accuratereviews.com\/it\/wp-json\/wp\/v2\/tags?post=15775"},{"taxonomy":"features","embeddable":true,"href":"https:\/\/www.accuratereviews.com\/it\/wp-json\/wp\/v2\/features?post=15775"}],"curies":[{"name":"wp","href":"https:\/\/api.w.org\/{rel}","templated":true}]}}