{"id":15789,"date":"2019-06-18T11:05:18","date_gmt":"2019-06-18T11:05:18","guid":{"rendered":"https:\/\/www.accuratereviews.com\/?page_id=15789"},"modified":"2023-03-23T22:33:21","modified_gmt":"2023-03-23T22:33:21","slug":"zencart-recensione","status":"publish","type":"page","link":"https:\/\/www.accuratereviews.com\/it\/piattaforme-ecommerce-lista\/zencart-recensione\/","title":{"rendered":"Zen Cart"},"content":{"rendered":"<p><strong>Zen Cart<\/strong> \u00e8 una <strong>piattaforma ecommerce<\/strong> gratuita e open source che ti permette di gestire il tuo <strong>negozio online<\/strong> direttamente sul tuo sito web o blog. Si tratta di un <strong>sistema di carrello elettronico<\/strong> davvero completo, funzionale e facile da usare che cerca di soddisfare le esigenze di tutti, sia del negoziante che del cliente. Difatti \u00e8 <strong>personalizzabile<\/strong> e aperto a ogni modifica da parte di chiunque abbia una conoscenza media di PHP e di programmazione. Zen Cart ti consente di creare una vera e propria vetrina in cui potrai esporre i tuoi prodotti, le novit\u00e0, le promozioni del momento relative al tuo <strong>negozio ecommerce<\/strong>. \u00c8 un programma sicuro, affidabile e professionale, disponibile per i principali sistemi operativi (Windows, Linux e Mac).<\/p>\n<h2>ZEN CART &#8211; TUTORIAL<\/h2>\n<p>Ecco un breve video di introduzione di Zen Cart:<\/p>\n<div id=\"fluid-wrapper-counter-1\" class=\"g1-fluid-wrapper \" style=\"width:686px;\">\n<div style=\"padding-bottom:56.268221574344%;\"><iframe loading=\"lazy\" title=\"Learn Zen Cart Tutorial: Introducing Zen Cart\" width=\"686\" height=\"386\" src=\"https:\/\/www.youtube.com\/embed\/qy4AwpNARpQ?feature=oembed&amp;wmode=transparent&amp;autohide=1&amp;autoplay=0&amp;disablekb=0&amp;fs=1&amp;loop=0&amp;enablejsapi=1&amp;rel=0&amp;controls=2&amp;showinfo=0&amp;wmode=transparent&amp;autohide=2&amp;autoplay=0&amp;disablekb=0&amp;fs=1&amp;loop=0&amp;enablejsapi=1&amp;rel=0&amp;controls=2&amp;showinfo=1\" frameborder=\"0\" allow=\"accelerometer; autoplay; clipboard-write; encrypted-media; gyroscope; picture-in-picture; web-share\" allowfullscreen><\/iframe><\/div>\n<\/div>\n<h3>ZEN CART &#8211; CARATTERISTICHE<\/h3>\n<p>Di seguito le sue principali caratteristiche:<\/p>\n<ul>\n<li><strong>Installazione e configurazione<\/strong>: puoi installarlo in modo semplice e configurarlo come negozio o show room<\/li>\n<li><strong>Personalizzazione<\/strong>: personalizzalo in base alle tue esigenze, modificandolo anche a livello strutturale<\/li>\n<li><strong>Automatismi e funnel\u00a0<\/strong><\/li>\n<li><strong>Servizio di promozione<\/strong>: applica sconti, buoni regalo e promozioni sui tuoi prodotti<\/li>\n<li><strong>Gestione dei prodotti<\/strong>: organizza e ordina i prodotti per tipologia di articolo<\/li>\n<li><strong>Piattaforma internazionale<\/strong>: include pi\u00f9 lingue, pi\u00f9 valute e pi\u00f9 strutture di imposte e indirizzi<\/li>\n<li><strong>Strumenti SEO<\/strong>: utilizza questi strumenti per l&#8217;ottimizzazione dei motori di ricerca.<\/li>\n<\/ul>\n<h4>LE RECENSIONI DEGLI UTENTI<\/h4>\n<p><strong>Dave &#8220;Il miglior software per carrelli della spesa&#8221;<\/strong><br \/>\nCommenti: Ottimo software. Lo uso su diversi siti. C&#8217;\u00e8 praticamente un plugin per qualsiasi cosa si voglia fare. Altamente raccomandato.<br \/>\nPro: Facile da usare. Molte funzioni del plugin. Praticamente qualsiasi cosa si voglia fare, c&#8217;\u00e8 un plugin.<br \/>\nContro: A volte \u00e8 difficile capire alcune cose.<\/p>\n<p><strong>Darwin &#8220;Zen Cart \u00e8 una soluzione ecoomerce facile da implementare per le aziende di qualsiasi dimensione&#8221;.<\/strong><br \/>\nPro: Il processo di implementazione \u00e8 davvero facile, l&#8217;assistenza \u00e8 puntuale e risolve davvero la maggior parte delle esigenze di ecommerce per le aziende di qualsiasi dimensione.<br \/>\nContro: Potrebbe avere migliori capacit\u00e0 di tracciamento, ma ci sono sempre delle soluzioni per risolvere il problema.<\/p>\n<p><strong>David &#8220;Recensione di Zen Cart&#8221;<\/strong><br \/>\nPro: \u00c8 GRATIS ed \u00e8 potente. Fa tutto quello di cui ho bisogno e anche di pi\u00f9. Molto meglio del software di eCommerce online 1and1 che usavo. Ci sono cos\u00ec tanti add on che possono fare praticamente tutto.<br \/>\nContro: Non c&#8217;\u00e8 nulla che non mi piaccia. \u00e8 gratuito e potente.<\/p>\n","protected":false},"excerpt":{"rendered":"<p>Zen Cart \u00e8 una piattaforma ecommerce gratuita e open source che ti permette di gestire il tuo negozio online direttamente sul tuo sito web o blog. Si tratta di un sistema di carrello elettronico davvero completo, funzionale e facile da usare che cerca di soddisfare le esigenze di tutti, sia del negoziante che del cliente.<\/p>\n","protected":false},"author":17,"featured_media":15804,"parent":15684,"menu_order":0,"comment_status":"open","ping_status":"closed","template":"g1_template_page_review_new.php","meta":{"_acf_changed":false,"cwp_meta_box_check":"Yes","cwp_rev_product_name":"","cwp_rev_product_image":"","wppr_links":[],"cwp_rev_price":"","wppr_options":[{"name":"Usability","value":"0"},{"name":"Speed","value":"0"},{"name":"Features","value":"0"},{"name":"Support","value":"0"},{"name":"Pricing","value":"0"}],"wppr_pros":["","","","",""],"wppr_cons":["","","","",""],"_monsterinsights_skip_tracking":false,"_monsterinsights_sitenote_active":false,"_monsterinsights_sitenote_note":"","_monsterinsights_sitenote_category":0,"footnotes":""},"categories":[853],"tags":[857,861,246,859],"features":[],"class_list":{"0":"post-15789","1":"page","2":"type-page","3":"status-publish","4":"has-post-thumbnail","6":"category-ecommerce","7":"tag-ecommerce","8":"tag-negozio-online","9":"tag-open-source","10":"tag-piattaforma-ecommerce"},"wppr_data":{"cwp_meta_box_check":"Yes","cwp_rev_product_name":"","_wppr_review_template":"default","cwp_rev_product_image":"","cwp_image_link":"image","wppr_links":[],"cwp_rev_price":"","wppr_pros":["","","","",""],"wppr_cons":["","","","",""],"wppr_rating":"0.00","wppr_options":{"1":{"name":"Usability","value":"0"},"2":{"name":"Speed","value":"0"},"3":{"name":"Features","value":"0"},"4":{"name":"Support","value":"0"},"5":{"name":"Pricing","value":"0"}},"wppr_review_type":"Product","wppr_review_custom_fields":{"additionalProperty":"","additionalType":"","aggregateRating":"","alternateName":"","audience":"","award":"","awards":"","brand":"","color":"","depth":"","description":"","disambiguatingDescription":"","gtin12":"","gtin13":"","gtin14":"","gtin8":"","height":"","identifier":"","image":"","isAccessoryOrSparePartFor":"","isConsumableFor":"","isRelatedTo":"","isSimilarTo":"","itemCondition":"","logo":"","mainEntityOfPage":"","manufacturer":"","material":"","model":"","mpn":"","name":"","offers":"","potentialAction":"","productID":"","productionDate":"","purchaseDate":"","releaseDate":"","review":"","reviews":"","sameAs":"","sku":"","slogan":"","subjectOf":"","url":"","weight":"","width":""}},"acf":[],"yoast_head":"<!-- This site is optimized with the Yoast SEO plugin v27.4 - https:\/\/yoast.com\/product\/yoast-seo-wordpress\/ -->\n<title>Zen Cart: recensione piattaforma ecommerce - Accurate Reviews<\/title>\n<meta name=\"description\" content=\"Zen Cart: recensione della piattaforma ecommerce gratuita e open source che ti permette di gestire il tuo negozio online direttamente sul tuo sito web.\" \/>\n<meta name=\"robots\" content=\"index, follow, max-snippet:-1, max-image-preview:large, max-video-preview:-1\" \/>\n<link rel=\"canonical\" href=\"https:\/\/www.accuratereviews.com\/it\/piattaforme-ecommerce-lista\/zencart-recensione\/\" \/>\n<meta property=\"og:locale\" content=\"it_IT\" \/>\n<meta property=\"og:type\" content=\"article\" \/>\n<meta property=\"og:title\" content=\"Zen Cart: recensione piattaforma ecommerce - Accurate Reviews\" \/>\n<meta property=\"og:description\" content=\"Zen Cart: recensione della piattaforma ecommerce gratuita e open source che ti permette di gestire il tuo negozio online direttamente sul tuo sito web.\" \/>\n<meta property=\"og:url\" content=\"https:\/\/www.accuratereviews.com\/it\/piattaforme-ecommerce-lista\/zencart-recensione\/\" \/>\n<meta property=\"og:site_name\" content=\"Accurate Reviews\" \/>\n<meta property=\"article:modified_time\" content=\"2023-03-23T22:33:21+00:00\" \/>\n<meta property=\"og:image\" content=\"https:\/\/www.accuratereviews.com\/wp-content\/uploads\/2019\/06\/zencart-logo-new._V272566805_-1.png\" \/>\n\t<meta property=\"og:image:width\" content=\"210\" \/>\n\t<meta property=\"og:image:height\" content=\"116\" \/>\n\t<meta property=\"og:image:type\" content=\"image\/png\" \/>\n<meta name=\"twitter:card\" content=\"summary_large_image\" \/>\n<meta name=\"twitter:label1\" content=\"Tempo di lettura stimato\" \/>\n\t<meta name=\"twitter:data1\" content=\"3 minuti\" \/>\n<script type=\"application\/ld+json\" class=\"yoast-schema-graph\">{\"@context\":\"https:\\\/\\\/schema.org\",\"@graph\":[{\"@type\":\"WebPage\",\"@id\":\"https:\\\/\\\/www.accuratereviews.com\\\/it\\\/piattaforme-ecommerce-lista\\\/zencart-recensione\\\/\",\"url\":\"https:\\\/\\\/www.accuratereviews.com\\\/it\\\/piattaforme-ecommerce-lista\\\/zencart-recensione\\\/\",\"name\":\"Zen Cart: recensione piattaforma ecommerce - Accurate Reviews\",\"isPartOf\":{\"@id\":\"https:\\\/\\\/www.accuratereviews.com\\\/it\\\/#website\"},\"primaryImageOfPage\":{\"@id\":\"https:\\\/\\\/www.accuratereviews.com\\\/it\\\/piattaforme-ecommerce-lista\\\/zencart-recensione\\\/#primaryimage\"},\"image\":{\"@id\":\"https:\\\/\\\/www.accuratereviews.com\\\/it\\\/piattaforme-ecommerce-lista\\\/zencart-recensione\\\/#primaryimage\"},\"thumbnailUrl\":\"https:\\\/\\\/www.accuratereviews.com\\\/wp-content\\\/uploads\\\/2019\\\/06\\\/zencart-logo-new._V272566805_-1.png\",\"datePublished\":\"2019-06-18T11:05:18+00:00\",\"dateModified\":\"2023-03-23T22:33:21+00:00\",\"description\":\"Zen Cart: recensione della piattaforma ecommerce gratuita e open source che ti permette di gestire il tuo negozio online direttamente sul tuo sito web.\",\"breadcrumb\":{\"@id\":\"https:\\\/\\\/www.accuratereviews.com\\\/it\\\/piattaforme-ecommerce-lista\\\/zencart-recensione\\\/#breadcrumb\"},\"inLanguage\":\"it-IT\",\"potentialAction\":[{\"@type\":\"ReadAction\",\"target\":[\"https:\\\/\\\/www.accuratereviews.com\\\/it\\\/piattaforme-ecommerce-lista\\\/zencart-recensione\\\/\"]}]},{\"@type\":\"ImageObject\",\"inLanguage\":\"it-IT\",\"@id\":\"https:\\\/\\\/www.accuratereviews.com\\\/it\\\/piattaforme-ecommerce-lista\\\/zencart-recensione\\\/#primaryimage\",\"url\":\"https:\\\/\\\/www.accuratereviews.com\\\/wp-content\\\/uploads\\\/2019\\\/06\\\/zencart-logo-new._V272566805_-1.png\",\"contentUrl\":\"https:\\\/\\\/www.accuratereviews.com\\\/wp-content\\\/uploads\\\/2019\\\/06\\\/zencart-logo-new._V272566805_-1.png\",\"width\":210,\"height\":116},{\"@type\":\"BreadcrumbList\",\"@id\":\"https:\\\/\\\/www.accuratereviews.com\\\/it\\\/piattaforme-ecommerce-lista\\\/zencart-recensione\\\/#breadcrumb\",\"itemListElement\":[{\"@type\":\"ListItem\",\"position\":1,\"name\":\"Home\",\"item\":\"https:\\\/\\\/www.accuratereviews.com\\\/it\\\/\"},{\"@type\":\"ListItem\",\"position\":2,\"name\":\"Ecommerce\",\"item\":\"https:\\\/\\\/www.accuratereviews.com\\\/it\\\/piattaforme-ecommerce-lista\\\/\"},{\"@type\":\"ListItem\",\"position\":3,\"name\":\"Zen Cart\"}]},{\"@type\":\"WebSite\",\"@id\":\"https:\\\/\\\/www.accuratereviews.com\\\/it\\\/#website\",\"url\":\"https:\\\/\\\/www.accuratereviews.com\\\/it\\\/\",\"name\":\"Accurate Reviews\",\"description\":\"\",\"potentialAction\":[{\"@type\":\"SearchAction\",\"target\":{\"@type\":\"EntryPoint\",\"urlTemplate\":\"https:\\\/\\\/www.accuratereviews.com\\\/it\\\/?s={search_term_string}\"},\"query-input\":{\"@type\":\"PropertyValueSpecification\",\"valueRequired\":true,\"valueName\":\"search_term_string\"}}],\"inLanguage\":\"it-IT\"}]}<\/script>\n<!-- \/ Yoast SEO plugin. -->","yoast_head_json":{"title":"Zen Cart: recensione piattaforma ecommerce - Accurate Reviews","description":"Zen Cart: recensione della piattaforma ecommerce gratuita e open source che ti permette di gestire il tuo negozio online direttamente sul tuo sito web.","robots":{"index":"index","follow":"follow","max-snippet":"max-snippet:-1","max-image-preview":"max-image-preview:large","max-video-preview":"max-video-preview:-1"},"canonical":"https:\/\/www.accuratereviews.com\/it\/piattaforme-ecommerce-lista\/zencart-recensione\/","og_locale":"it_IT","og_type":"article","og_title":"Zen Cart: recensione piattaforma ecommerce - Accurate Reviews","og_description":"Zen Cart: recensione della piattaforma ecommerce gratuita e open source che ti permette di gestire il tuo negozio online direttamente sul tuo sito web.","og_url":"https:\/\/www.accuratereviews.com\/it\/piattaforme-ecommerce-lista\/zencart-recensione\/","og_site_name":"Accurate Reviews","article_modified_time":"2023-03-23T22:33:21+00:00","og_image":[{"width":210,"height":116,"url":"https:\/\/www.accuratereviews.com\/wp-content\/uploads\/2019\/06\/zencart-logo-new._V272566805_-1.png","type":"image\/png"}],"twitter_card":"summary_large_image","twitter_misc":{"Tempo di lettura stimato":"3 minuti"},"schema":{"@context":"https:\/\/schema.org","@graph":[{"@type":"WebPage","@id":"https:\/\/www.accuratereviews.com\/it\/piattaforme-ecommerce-lista\/zencart-recensione\/","url":"https:\/\/www.accuratereviews.com\/it\/piattaforme-ecommerce-lista\/zencart-recensione\/","name":"Zen Cart: recensione piattaforma ecommerce - Accurate Reviews","isPartOf":{"@id":"https:\/\/www.accuratereviews.com\/it\/#website"},"primaryImageOfPage":{"@id":"https:\/\/www.accuratereviews.com\/it\/piattaforme-ecommerce-lista\/zencart-recensione\/#primaryimage"},"image":{"@id":"https:\/\/www.accuratereviews.com\/it\/piattaforme-ecommerce-lista\/zencart-recensione\/#primaryimage"},"thumbnailUrl":"https:\/\/www.accuratereviews.com\/wp-content\/uploads\/2019\/06\/zencart-logo-new._V272566805_-1.png","datePublished":"2019-06-18T11:05:18+00:00","dateModified":"2023-03-23T22:33:21+00:00","description":"Zen Cart: recensione della piattaforma ecommerce gratuita e open source che ti permette di gestire il tuo negozio online direttamente sul tuo sito web.","breadcrumb":{"@id":"https:\/\/www.accuratereviews.com\/it\/piattaforme-ecommerce-lista\/zencart-recensione\/#breadcrumb"},"inLanguage":"it-IT","potentialAction":[{"@type":"ReadAction","target":["https:\/\/www.accuratereviews.com\/it\/piattaforme-ecommerce-lista\/zencart-recensione\/"]}]},{"@type":"ImageObject","inLanguage":"it-IT","@id":"https:\/\/www.accuratereviews.com\/it\/piattaforme-ecommerce-lista\/zencart-recensione\/#primaryimage","url":"https:\/\/www.accuratereviews.com\/wp-content\/uploads\/2019\/06\/zencart-logo-new._V272566805_-1.png","contentUrl":"https:\/\/www.accuratereviews.com\/wp-content\/uploads\/2019\/06\/zencart-logo-new._V272566805_-1.png","width":210,"height":116},{"@type":"BreadcrumbList","@id":"https:\/\/www.accuratereviews.com\/it\/piattaforme-ecommerce-lista\/zencart-recensione\/#breadcrumb","itemListElement":[{"@type":"ListItem","position":1,"name":"Home","item":"https:\/\/www.accuratereviews.com\/it\/"},{"@type":"ListItem","position":2,"name":"Ecommerce","item":"https:\/\/www.accuratereviews.com\/it\/piattaforme-ecommerce-lista\/"},{"@type":"ListItem","position":3,"name":"Zen Cart"}]},{"@type":"WebSite","@id":"https:\/\/www.accuratereviews.com\/it\/#website","url":"https:\/\/www.accuratereviews.com\/it\/","name":"Accurate Reviews","description":"","potentialAction":[{"@type":"SearchAction","target":{"@type":"EntryPoint","urlTemplate":"https:\/\/www.accuratereviews.com\/it\/?s={search_term_string}"},"query-input":{"@type":"PropertyValueSpecification","valueRequired":true,"valueName":"search_term_string"}}],"inLanguage":"it-IT"}]}},"_links":{"self":[{"href":"https:\/\/www.accuratereviews.com\/it\/wp-json\/wp\/v2\/pages\/15789","targetHints":{"allow":["GET"]}}],"collection":[{"href":"https:\/\/www.accuratereviews.com\/it\/wp-json\/wp\/v2\/pages"}],"about":[{"href":"https:\/\/www.accuratereviews.com\/it\/wp-json\/wp\/v2\/types\/page"}],"author":[{"embeddable":true,"href":"https:\/\/www.accuratereviews.com\/it\/wp-json\/wp\/v2\/users\/17"}],"replies":[{"embeddable":true,"href":"https:\/\/www.accuratereviews.com\/it\/wp-json\/wp\/v2\/comments?post=15789"}],"version-history":[{"count":8,"href":"https:\/\/www.accuratereviews.com\/it\/wp-json\/wp\/v2\/pages\/15789\/revisions"}],"predecessor-version":[{"id":68237,"href":"https:\/\/www.accuratereviews.com\/it\/wp-json\/wp\/v2\/pages\/15789\/revisions\/68237"}],"up":[{"embeddable":true,"href":"https:\/\/www.accuratereviews.com\/it\/wp-json\/wp\/v2\/pages\/15684"}],"wp:featuredmedia":[{"embeddable":true,"href":"https:\/\/www.accuratereviews.com\/it\/wp-json\/wp\/v2\/media\/15804"}],"wp:attachment":[{"href":"https:\/\/www.accuratereviews.com\/it\/wp-json\/wp\/v2\/media?parent=15789"}],"wp:term":[{"taxonomy":"category","embeddable":true,"href":"https:\/\/www.accuratereviews.com\/it\/wp-json\/wp\/v2\/categories?post=15789"},{"taxonomy":"post_tag","embeddable":true,"href":"https:\/\/www.accuratereviews.com\/it\/wp-json\/wp\/v2\/tags?post=15789"},{"taxonomy":"features","embeddable":true,"href":"https:\/\/www.accuratereviews.com\/it\/wp-json\/wp\/v2\/features?post=15789"}],"curies":[{"name":"wp","href":"https:\/\/api.w.org\/{rel}","templated":true}]}}