{"id":15831,"date":"2019-06-20T09:35:42","date_gmt":"2019-06-20T09:35:42","guid":{"rendered":"https:\/\/www.accuratereviews.com\/?page_id=15831"},"modified":"2023-03-29T20:31:21","modified_gmt":"2023-03-29T20:31:21","slug":"neto-recensione","status":"publish","type":"page","link":"https:\/\/www.accuratereviews.com\/it\/piattaforme-ecommerce-lista\/neto-recensione\/","title":{"rendered":"Neto"},"content":{"rendered":"<p><strong>Neto<\/strong> rappresenta l&#8217;unica <strong>piattaforma di ecommerce<\/strong> in Australia, disponibile non solo per ecommerce, ma anche per POS, Inventory e Fulfillment. Questo ti permette di far crescere la tua attivit\u00e0 pi\u00f9 rapidamente perch\u00e9 potrai vendere su pi\u00f9 canali gestendo il tuo <strong>negozio online<\/strong> in modo funzionale ed efficiente. \u00c8 una soluzione basata su <strong>Cloud<\/strong> che ti offre la possibilit\u00e0 di migliorare la gestione dei prodotti, dell&#8217;inventario, dei clienti e dei reporting, ottimizzandone le vendite. Il primo impatto con Neto pu\u00f2 essere un po&#8217; complesso, ma proprio per questo motivo ti vengono messi a disposizione una serie di <strong>tutorial e guide<\/strong> che, passo per passo, ti spiegheranno come procedere. Una volta comprese le basi, riuscirai a comprendere tutte le funzionalit\u00e0 che ti porteranno al perfezionamento del tuo <strong>negozio online<\/strong>.<\/p>\n<h2>COME GESTIRE UN NEGOZIO ONLINE CON NETO &#8211; TUTORIAL<\/h2>\n<p>La gestione di un&#8217;ecommerce \u00e8 agevolata dalla presenza di Neto Analytics, vediamo come funziona:<\/p>\n<div id=\"fluid-wrapper-counter-1\" class=\"g1-fluid-wrapper \" style=\"width:686px;\">\n<div style=\"padding-bottom:56.268221574344%;\"><iframe loading=\"lazy\" title=\"Introduction to Neto Analytics Studio Ecommerce Analytics Platform | Neto Webinar\" width=\"686\" height=\"386\" src=\"https:\/\/www.youtube.com\/embed\/9hXrLfGrTrQ?feature=oembed&amp;wmode=transparent&amp;autohide=1&amp;autoplay=0&amp;disablekb=0&amp;fs=1&amp;loop=0&amp;enablejsapi=1&amp;rel=0&amp;controls=2&amp;showinfo=0&amp;wmode=transparent&amp;autohide=2&amp;autoplay=0&amp;disablekb=0&amp;fs=1&amp;loop=0&amp;enablejsapi=1&amp;rel=0&amp;controls=2&amp;showinfo=1\" frameborder=\"0\" allow=\"accelerometer; autoplay; clipboard-write; encrypted-media; gyroscope; picture-in-picture; web-share\" allowfullscreen><\/iframe><\/div>\n<\/div>\n<h3>NETO &#8211; CARATTERISTICHE<\/h3>\n<p>Di seguito elenchiamo le sue principali caratteristiche:<\/p>\n<ul>\n<li><strong>Gestione del prodotto<\/strong>: vendi prodotti con diverse opzioni di acquisto (colore, dimensioni ecc.)<\/li>\n<li><strong>Gestione dell&#8217;inventario<\/strong><\/li>\n<li><strong>Gestione delle spedizioni<\/strong><\/li>\n<li><strong>Strumento di notifica<\/strong>: attivabile per fatture ed email di spedizione degli articoli<\/li>\n<li><strong>Strumento di promozione<\/strong>: attivabile per pubblicare sconti, offerte e promozioni dei prodotti<\/li>\n<li><strong>Strumento di riconoscimento<\/strong>: premia i tuoi clienti per gli acquisti che fanno tramite un programma di punti fedelt\u00e0<\/li>\n<li><strong>Sincronizzazione con software di contabilit\u00e0<\/strong> (Xero, MYOB, Quickbooks Online e Saasu)<\/li>\n<li><strong>Sicurezza<\/strong>: tutte le pagine sono protette dalla tecnologia SSL (Secure Socket Layer) a 256 bit.<\/li>\n<\/ul>\n<h4>LE RECENSIONI DEGLI UTENTI<\/h4>\n<p><strong>Ray M. &#8220;Recensione RAM Cycle Parts Neto&#8221;<\/strong><br \/>\nNel complesso: Il vantaggio principale \u00e8 quello di poter controllare tutto da un unico cruscotto. Ci sono ancora cose che \u00e8 necessario andare su ebay per controllare, ma le cose quotidiane sono praticamente tutte fatte su Neto.<br \/>\nPro: Facile elencare gli articoli sul mio sito web e inviarli direttamente a ebay. Ottimo per chi ha molte inserzioni su ebay, poich\u00e9 \u00e8 possibile impostare modelli e regole che consentono di risparmiare molto tempo quando si apportano modifiche.<br \/>\nContro: Il caricamento iniziale dei dati da ebay a Neto non \u00e8 stato cos\u00ec fluido come avrei voluto. C&#8217;\u00e8 stato molto da ripulire e modificare prima di andare in produzione e permettere agli aggiornamenti di tornare a ebay. La cosa non mi ha disturbato pi\u00f9 di tanto, visto che nel mio precedente lavoro mi occupavo di testare e configurare il software, ma potrebbe essere un problema per chi non \u00e8 abituato.<\/p>\n<p><strong>Elliot W. &#8220;Un ottimo partner commerciale&#8221;<\/strong><br \/>\nNel complesso: Complessivamente positivo. Il nostro set up ora \u00e8 molto pi\u00f9 snello di quello che c&#8217;era in precedenza. Comunichiamo meglio con la nostra base di clienti, presentiamo meglio e la componente online del nostro business ha visto un aumento del 15% nei primi 6 mesi.<br \/>\nPro: Come piattaforma di ecommerce introduttiva, era un passo avanti necessario rispetto all&#8217;infrastruttura esistente e non solo ha migliorato il volto online del marchio e dell&#8217;azienda, ma anche la funzionalit\u00e0 nell&#8217;automazione dei processi. Quando qualcosa si adatta alle esigenze aziendali, \u00e8 facile parlarne bene.<br \/>\nContro: L&#8217;introduzione ai requisiti del prodotto \u00e8 stata uno shock all&#8217;inizio, ma le continue chiamate di assistenza e la comprensione dei requisiti (e del perch\u00e9) sono state fondamentali. Abbiamo avuto alcune limitazioni sui progetti quotati dopo il lancio, che a quanto ho capito sono stati inviati a fornitori di servizi raccomandati, ma sembravano molto costosi. Non so se ci\u00f2 sia dovuto all&#8217;agente esterno o alla necessit\u00e0 di lavorare con il codice di Neto, ma non abbiamo proseguito con quel particolare progetto.<\/p>\n<p><strong>Natalie L. &#8220;Una delle migliori decisioni prese per la nostra azienda&#8221;.<\/strong><br \/>\nIn generale: Ogni giorno passavamo ore a reinserire i dati dai nostri molteplici siti web e canali di vendita ed era un incubo tenere sotto controllo l&#8217;inventario. Neto ha cambiato tutto questo. Tutto viene inserito una sola volta.<br \/>\nPro: Facile da usare, integrazione e alimentazione dei dati senza problemi tra pi\u00f9 siti web e pi\u00f9 canali di vendita. Il personale non spreca pi\u00f9 ore ogni giorno per inserire nuovamente i dati. Assistenza clienti fantastica<br \/>\nContro: Non mi viene in mente nulla. Nelle rare occasioni in cui c&#8217;\u00e8 stato qualcosa che non ci \u00e8 piaciuto, \u00e8 stato cos\u00ec poco rilevante da non avere importanza.<\/p>\n","protected":false},"excerpt":{"rendered":"<p>Neto rappresenta l&#8217;unica piattaforma di ecommerce in Australia, disponibile non solo per ecommerce, ma anche per POS, Inventory e Fulfillment. Questo ti permette di far crescere la tua attivit\u00e0 pi\u00f9 rapidamente perch\u00e9 potrai vendere su pi\u00f9 canali gestendo il tuo negozio online in modo funzionale ed efficiente.\u00a0<\/p>\n","protected":false},"author":17,"featured_media":15833,"parent":15684,"menu_order":0,"comment_status":"open","ping_status":"closed","template":"g1_template_page_review_new.php","meta":{"_acf_changed":false,"cwp_meta_box_check":"Yes","cwp_rev_product_name":"","cwp_rev_product_image":"","wppr_links":[],"cwp_rev_price":"","wppr_options":[{"name":"Usability","value":"0"},{"name":"Speed","value":"0"},{"name":"Features","value":"0"},{"name":"Support","value":"0"},{"name":"Pricing","value":"0"}],"wppr_pros":["","","","",""],"wppr_cons":["","","","",""],"_monsterinsights_skip_tracking":false,"_monsterinsights_sitenote_active":false,"_monsterinsights_sitenote_note":"","_monsterinsights_sitenote_category":0,"footnotes":""},"categories":[853],"tags":[857,861,859],"features":[],"class_list":{"0":"post-15831","1":"page","2":"type-page","3":"status-publish","4":"has-post-thumbnail","6":"category-ecommerce","7":"tag-ecommerce","8":"tag-negozio-online","9":"tag-piattaforma-ecommerce"},"wppr_data":{"cwp_meta_box_check":"Yes","cwp_rev_product_name":"","_wppr_review_template":"default","cwp_rev_product_image":"","cwp_image_link":"image","wppr_links":[],"cwp_rev_price":"","wppr_pros":["","","","",""],"wppr_cons":["","","","",""],"wppr_rating":"0.00","wppr_options":{"1":{"name":"Usability","value":"0"},"2":{"name":"Speed","value":"0"},"3":{"name":"Features","value":"0"},"4":{"name":"Support","value":"0"},"5":{"name":"Pricing","value":"0"}},"wppr_review_type":"Product","wppr_review_custom_fields":{"additionalProperty":"","additionalType":"","aggregateRating":"","alternateName":"","audience":"","award":"","awards":"","brand":"","color":"","depth":"","description":"","disambiguatingDescription":"","gtin12":"","gtin13":"","gtin14":"","gtin8":"","height":"","identifier":"","image":"","isAccessoryOrSparePartFor":"","isConsumableFor":"","isRelatedTo":"","isSimilarTo":"","itemCondition":"","logo":"","mainEntityOfPage":"","manufacturer":"","material":"","model":"","mpn":"","name":"","offers":"","potentialAction":"","productID":"","productionDate":"","purchaseDate":"","releaseDate":"","review":"","reviews":"","sameAs":"","sku":"","slogan":"","subjectOf":"","url":"","weight":"","width":""}},"acf":[],"yoast_head":"<!-- This site is optimized with the Yoast SEO plugin v27.4 - https:\/\/yoast.com\/product\/yoast-seo-wordpress\/ -->\n<title>Neto: recensione piattaforma ecommerce - Accurate Reviews<\/title>\n<meta name=\"description\" content=\"Neto: recensione della piattaforma ecommerce che ti permette di far crescere la tua attivit\u00e0 pi\u00f9 rapidamente gestendo il tuo negozio online.\" \/>\n<meta name=\"robots\" content=\"index, follow, max-snippet:-1, max-image-preview:large, max-video-preview:-1\" \/>\n<link rel=\"canonical\" href=\"https:\/\/www.accuratereviews.com\/it\/piattaforme-ecommerce-lista\/neto-recensione\/\" \/>\n<meta property=\"og:locale\" content=\"it_IT\" \/>\n<meta property=\"og:type\" content=\"article\" \/>\n<meta property=\"og:title\" content=\"Neto: recensione piattaforma ecommerce - Accurate Reviews\" \/>\n<meta property=\"og:description\" content=\"Neto: recensione della piattaforma ecommerce che ti permette di far crescere la tua attivit\u00e0 pi\u00f9 rapidamente gestendo il tuo negozio online.\" \/>\n<meta property=\"og:url\" content=\"https:\/\/www.accuratereviews.com\/it\/piattaforme-ecommerce-lista\/neto-recensione\/\" \/>\n<meta property=\"og:site_name\" content=\"Accurate Reviews\" \/>\n<meta property=\"article:modified_time\" content=\"2023-03-29T20:31:21+00:00\" \/>\n<meta property=\"og:image\" content=\"https:\/\/www.accuratereviews.com\/wp-content\/uploads\/2019\/06\/logo-blue.jpg\" \/>\n\t<meta property=\"og:image:width\" content=\"1000\" \/>\n\t<meta property=\"og:image:height\" content=\"507\" \/>\n\t<meta property=\"og:image:type\" content=\"image\/jpeg\" \/>\n<meta name=\"twitter:card\" content=\"summary_large_image\" \/>\n<meta name=\"twitter:label1\" content=\"Tempo di lettura stimato\" \/>\n\t<meta name=\"twitter:data1\" content=\"4 minuti\" \/>\n<script type=\"application\/ld+json\" class=\"yoast-schema-graph\">{\"@context\":\"https:\\\/\\\/schema.org\",\"@graph\":[{\"@type\":\"WebPage\",\"@id\":\"https:\\\/\\\/www.accuratereviews.com\\\/it\\\/piattaforme-ecommerce-lista\\\/neto-recensione\\\/\",\"url\":\"https:\\\/\\\/www.accuratereviews.com\\\/it\\\/piattaforme-ecommerce-lista\\\/neto-recensione\\\/\",\"name\":\"Neto: recensione piattaforma ecommerce - Accurate Reviews\",\"isPartOf\":{\"@id\":\"https:\\\/\\\/www.accuratereviews.com\\\/it\\\/#website\"},\"primaryImageOfPage\":{\"@id\":\"https:\\\/\\\/www.accuratereviews.com\\\/it\\\/piattaforme-ecommerce-lista\\\/neto-recensione\\\/#primaryimage\"},\"image\":{\"@id\":\"https:\\\/\\\/www.accuratereviews.com\\\/it\\\/piattaforme-ecommerce-lista\\\/neto-recensione\\\/#primaryimage\"},\"thumbnailUrl\":\"https:\\\/\\\/www.accuratereviews.com\\\/wp-content\\\/uploads\\\/2019\\\/06\\\/logo-blue.jpg\",\"datePublished\":\"2019-06-20T09:35:42+00:00\",\"dateModified\":\"2023-03-29T20:31:21+00:00\",\"description\":\"Neto: recensione della piattaforma ecommerce che ti permette di far crescere la tua attivit\u00e0 pi\u00f9 rapidamente gestendo il tuo negozio online.\",\"breadcrumb\":{\"@id\":\"https:\\\/\\\/www.accuratereviews.com\\\/it\\\/piattaforme-ecommerce-lista\\\/neto-recensione\\\/#breadcrumb\"},\"inLanguage\":\"it-IT\",\"potentialAction\":[{\"@type\":\"ReadAction\",\"target\":[\"https:\\\/\\\/www.accuratereviews.com\\\/it\\\/piattaforme-ecommerce-lista\\\/neto-recensione\\\/\"]}]},{\"@type\":\"ImageObject\",\"inLanguage\":\"it-IT\",\"@id\":\"https:\\\/\\\/www.accuratereviews.com\\\/it\\\/piattaforme-ecommerce-lista\\\/neto-recensione\\\/#primaryimage\",\"url\":\"https:\\\/\\\/www.accuratereviews.com\\\/wp-content\\\/uploads\\\/2019\\\/06\\\/logo-blue.jpg\",\"contentUrl\":\"https:\\\/\\\/www.accuratereviews.com\\\/wp-content\\\/uploads\\\/2019\\\/06\\\/logo-blue.jpg\",\"width\":1000,\"height\":507},{\"@type\":\"BreadcrumbList\",\"@id\":\"https:\\\/\\\/www.accuratereviews.com\\\/it\\\/piattaforme-ecommerce-lista\\\/neto-recensione\\\/#breadcrumb\",\"itemListElement\":[{\"@type\":\"ListItem\",\"position\":1,\"name\":\"Home\",\"item\":\"https:\\\/\\\/www.accuratereviews.com\\\/it\\\/\"},{\"@type\":\"ListItem\",\"position\":2,\"name\":\"Ecommerce\",\"item\":\"https:\\\/\\\/www.accuratereviews.com\\\/it\\\/piattaforme-ecommerce-lista\\\/\"},{\"@type\":\"ListItem\",\"position\":3,\"name\":\"Neto\"}]},{\"@type\":\"WebSite\",\"@id\":\"https:\\\/\\\/www.accuratereviews.com\\\/it\\\/#website\",\"url\":\"https:\\\/\\\/www.accuratereviews.com\\\/it\\\/\",\"name\":\"Accurate Reviews\",\"description\":\"\",\"potentialAction\":[{\"@type\":\"SearchAction\",\"target\":{\"@type\":\"EntryPoint\",\"urlTemplate\":\"https:\\\/\\\/www.accuratereviews.com\\\/it\\\/?s={search_term_string}\"},\"query-input\":{\"@type\":\"PropertyValueSpecification\",\"valueRequired\":true,\"valueName\":\"search_term_string\"}}],\"inLanguage\":\"it-IT\"}]}<\/script>\n<!-- \/ Yoast SEO plugin. -->","yoast_head_json":{"title":"Neto: recensione piattaforma ecommerce - Accurate Reviews","description":"Neto: recensione della piattaforma ecommerce che ti permette di far crescere la tua attivit\u00e0 pi\u00f9 rapidamente gestendo il tuo negozio online.","robots":{"index":"index","follow":"follow","max-snippet":"max-snippet:-1","max-image-preview":"max-image-preview:large","max-video-preview":"max-video-preview:-1"},"canonical":"https:\/\/www.accuratereviews.com\/it\/piattaforme-ecommerce-lista\/neto-recensione\/","og_locale":"it_IT","og_type":"article","og_title":"Neto: recensione piattaforma ecommerce - Accurate Reviews","og_description":"Neto: recensione della piattaforma ecommerce che ti permette di far crescere la tua attivit\u00e0 pi\u00f9 rapidamente gestendo il tuo negozio online.","og_url":"https:\/\/www.accuratereviews.com\/it\/piattaforme-ecommerce-lista\/neto-recensione\/","og_site_name":"Accurate Reviews","article_modified_time":"2023-03-29T20:31:21+00:00","og_image":[{"width":1000,"height":507,"url":"https:\/\/www.accuratereviews.com\/wp-content\/uploads\/2019\/06\/logo-blue.jpg","type":"image\/jpeg"}],"twitter_card":"summary_large_image","twitter_misc":{"Tempo di lettura stimato":"4 minuti"},"schema":{"@context":"https:\/\/schema.org","@graph":[{"@type":"WebPage","@id":"https:\/\/www.accuratereviews.com\/it\/piattaforme-ecommerce-lista\/neto-recensione\/","url":"https:\/\/www.accuratereviews.com\/it\/piattaforme-ecommerce-lista\/neto-recensione\/","name":"Neto: recensione piattaforma ecommerce - Accurate Reviews","isPartOf":{"@id":"https:\/\/www.accuratereviews.com\/it\/#website"},"primaryImageOfPage":{"@id":"https:\/\/www.accuratereviews.com\/it\/piattaforme-ecommerce-lista\/neto-recensione\/#primaryimage"},"image":{"@id":"https:\/\/www.accuratereviews.com\/it\/piattaforme-ecommerce-lista\/neto-recensione\/#primaryimage"},"thumbnailUrl":"https:\/\/www.accuratereviews.com\/wp-content\/uploads\/2019\/06\/logo-blue.jpg","datePublished":"2019-06-20T09:35:42+00:00","dateModified":"2023-03-29T20:31:21+00:00","description":"Neto: recensione della piattaforma ecommerce che ti permette di far crescere la tua attivit\u00e0 pi\u00f9 rapidamente gestendo il tuo negozio online.","breadcrumb":{"@id":"https:\/\/www.accuratereviews.com\/it\/piattaforme-ecommerce-lista\/neto-recensione\/#breadcrumb"},"inLanguage":"it-IT","potentialAction":[{"@type":"ReadAction","target":["https:\/\/www.accuratereviews.com\/it\/piattaforme-ecommerce-lista\/neto-recensione\/"]}]},{"@type":"ImageObject","inLanguage":"it-IT","@id":"https:\/\/www.accuratereviews.com\/it\/piattaforme-ecommerce-lista\/neto-recensione\/#primaryimage","url":"https:\/\/www.accuratereviews.com\/wp-content\/uploads\/2019\/06\/logo-blue.jpg","contentUrl":"https:\/\/www.accuratereviews.com\/wp-content\/uploads\/2019\/06\/logo-blue.jpg","width":1000,"height":507},{"@type":"BreadcrumbList","@id":"https:\/\/www.accuratereviews.com\/it\/piattaforme-ecommerce-lista\/neto-recensione\/#breadcrumb","itemListElement":[{"@type":"ListItem","position":1,"name":"Home","item":"https:\/\/www.accuratereviews.com\/it\/"},{"@type":"ListItem","position":2,"name":"Ecommerce","item":"https:\/\/www.accuratereviews.com\/it\/piattaforme-ecommerce-lista\/"},{"@type":"ListItem","position":3,"name":"Neto"}]},{"@type":"WebSite","@id":"https:\/\/www.accuratereviews.com\/it\/#website","url":"https:\/\/www.accuratereviews.com\/it\/","name":"Accurate Reviews","description":"","potentialAction":[{"@type":"SearchAction","target":{"@type":"EntryPoint","urlTemplate":"https:\/\/www.accuratereviews.com\/it\/?s={search_term_string}"},"query-input":{"@type":"PropertyValueSpecification","valueRequired":true,"valueName":"search_term_string"}}],"inLanguage":"it-IT"}]}},"_links":{"self":[{"href":"https:\/\/www.accuratereviews.com\/it\/wp-json\/wp\/v2\/pages\/15831","targetHints":{"allow":["GET"]}}],"collection":[{"href":"https:\/\/www.accuratereviews.com\/it\/wp-json\/wp\/v2\/pages"}],"about":[{"href":"https:\/\/www.accuratereviews.com\/it\/wp-json\/wp\/v2\/types\/page"}],"author":[{"embeddable":true,"href":"https:\/\/www.accuratereviews.com\/it\/wp-json\/wp\/v2\/users\/17"}],"replies":[{"embeddable":true,"href":"https:\/\/www.accuratereviews.com\/it\/wp-json\/wp\/v2\/comments?post=15831"}],"version-history":[{"count":9,"href":"https:\/\/www.accuratereviews.com\/it\/wp-json\/wp\/v2\/pages\/15831\/revisions"}],"predecessor-version":[{"id":68394,"href":"https:\/\/www.accuratereviews.com\/it\/wp-json\/wp\/v2\/pages\/15831\/revisions\/68394"}],"up":[{"embeddable":true,"href":"https:\/\/www.accuratereviews.com\/it\/wp-json\/wp\/v2\/pages\/15684"}],"wp:featuredmedia":[{"embeddable":true,"href":"https:\/\/www.accuratereviews.com\/it\/wp-json\/wp\/v2\/media\/15833"}],"wp:attachment":[{"href":"https:\/\/www.accuratereviews.com\/it\/wp-json\/wp\/v2\/media?parent=15831"}],"wp:term":[{"taxonomy":"category","embeddable":true,"href":"https:\/\/www.accuratereviews.com\/it\/wp-json\/wp\/v2\/categories?post=15831"},{"taxonomy":"post_tag","embeddable":true,"href":"https:\/\/www.accuratereviews.com\/it\/wp-json\/wp\/v2\/tags?post=15831"},{"taxonomy":"features","embeddable":true,"href":"https:\/\/www.accuratereviews.com\/it\/wp-json\/wp\/v2\/features?post=15831"}],"curies":[{"name":"wp","href":"https:\/\/api.w.org\/{rel}","templated":true}]}}