{"id":15837,"date":"2019-06-19T15:51:58","date_gmt":"2019-06-19T15:51:58","guid":{"rendered":"https:\/\/www.accuratereviews.com\/?page_id=15837"},"modified":"2023-03-29T20:05:11","modified_gmt":"2023-03-29T20:05:11","slug":"jigoshop-recensione","status":"publish","type":"page","link":"https:\/\/www.accuratereviews.com\/it\/piattaforme-ecommerce-lista\/jigoshop-recensione\/","title":{"rendered":"Jigoshop"},"content":{"rendered":"<p id=\"tw-target-text\" class=\"tw-data-text tw-ta tw-text-small\" dir=\"ltr\" data-placeholder=\"Traduzione\"><span lang=\"it\" tabindex=\"0\"><strong>Jigoshop<\/strong> \u00e8 un<strong> plugin di ecommerce<\/strong> <strong>open source per WordPress<\/strong> offerto dalla societ\u00e0 Jigo LTD. Ti consente di trasformare velocemente il tuo sito in un negozio online completo. Fornisce molti pacchetti di supporto che vanno dalla configurazione base del negozio alla gestione completa del sito inclusi aggiornamenti e assistenza SEO. Con questa soluzione, il caricamento degli articoli e le campagne pubblicitarie per i tuoi prodotti di punta saranno un gioco da ragazzi. Semplice, intuitivo e indispensabile per creare un ecommerce degno di nota.<\/span><\/p>\n<h2 dir=\"ltr\" data-placeholder=\"Traduzione\">JIGOSHOP &#8211; TUTORIAL<\/h2>\n<p dir=\"ltr\" data-placeholder=\"Traduzione\">Ecco un video tutorial per imparare insieme come aggiungere i prodotti al tuo catalogo:<\/p>\n<div id=\"fluid-wrapper-counter-1\" class=\"g1-fluid-wrapper \" style=\"width:686px;\">\n<div style=\"padding-bottom:56.268221574344%;\"><iframe loading=\"lazy\" title=\"Jigoshop WordPress eCommerce - Creating a New Product video\" width=\"686\" height=\"386\" src=\"https:\/\/www.youtube.com\/embed\/K6vYV5_sC4w?feature=oembed&amp;wmode=transparent&amp;autohide=1&amp;autoplay=0&amp;disablekb=0&amp;fs=1&amp;loop=0&amp;enablejsapi=1&amp;rel=0&amp;controls=2&amp;showinfo=0&amp;wmode=transparent&amp;autohide=2&amp;autoplay=0&amp;disablekb=0&amp;fs=1&amp;loop=0&amp;enablejsapi=1&amp;rel=0&amp;controls=2&amp;showinfo=1\" frameborder=\"0\" allow=\"accelerometer; autoplay; clipboard-write; encrypted-media; gyroscope; picture-in-picture; web-share\" allowfullscreen><\/iframe><\/div>\n<\/div>\n<h3>JIGOSHOP &#8211; CARATTERISTICHE<\/h3>\n<ul>\n<li id=\"tw-target-text\" class=\"tw-data-text tw-ta tw-text-small\" dir=\"ltr\" data-placeholder=\"Traduzione\"><span lang=\"it\" tabindex=\"0\"><strong>Design moderno<\/strong>: prepara e gestisci il tuo negozio in pochi minuti con prodotti o servizi scaricabili<\/span><\/li>\n<li class=\"tw-data-text tw-ta tw-text-small\" dir=\"ltr\" data-placeholder=\"Traduzione\"><strong><span lang=\"it\" tabindex=\"0\">Sistema di Reporting:<\/span><\/strong><span lang=\"it\" tabindex=\"0\">\u00a0sistema di reporting sempre aggiornato al fine di tenere d&#8217;occhio le transazioni e le vendite<\/span><\/li>\n<li dir=\"ltr\" data-placeholder=\"Traduzione\"><strong>Ottimizzazione PHP7<\/strong>: il software \u00e8 ottimizzato per gli standard PHP7 al fine di ottenere pi\u00f9 velocit\u00e0 di runtime<\/li>\n<li id=\"tw-target-text\" class=\"tw-data-text tw-ta tw-text-small\" dir=\"ltr\" data-placeholder=\"Traduzione\"><span lang=\"it\" tabindex=\"0\"><strong>Interfaccia<\/strong>: disegnato completamente l&#8217;interfaccia, basandoci sul feedback dei nostri utenti, per rendere il dashboard ancora pi\u00f9 accessibile<\/span><\/li>\n<li id=\"tw-target-text\" class=\"tw-data-text tw-ta tw-text-small\" dir=\"ltr\" data-placeholder=\"Traduzione\"><span lang=\"it\" tabindex=\"0\"><strong>API RESTful<\/strong>: questo plugin ha ora un&#8217;API RESTful integrata che rende l&#8217;intero software accessibile per applicazioni esterne.<\/span><\/li>\n<\/ul>\n","protected":false},"excerpt":{"rendered":"<p>igoshop \u00e8 un plugin di ecommerce open source per WordPress offerto dalla societ\u00e0 Jigo LTD. Ti consente di trasformare velocemente il tuo sito in un negozio online completo. Fornisce molti pacchetti di supporto che vanno dalla configurazione base del negozio alla gestione completa del sito inclusi aggiornamenti e assistenza SEO.<\/p>\n","protected":false},"author":19,"featured_media":15840,"parent":15684,"menu_order":0,"comment_status":"open","ping_status":"closed","template":"g1_template_page_review_new.php","meta":{"_acf_changed":false,"cwp_meta_box_check":"No","cwp_rev_product_name":"","cwp_rev_product_image":"","wppr_links":[],"cwp_rev_price":"","wppr_options":[],"wppr_pros":[],"wppr_cons":[],"_monsterinsights_skip_tracking":false,"_monsterinsights_sitenote_active":false,"_monsterinsights_sitenote_note":"","_monsterinsights_sitenote_category":0,"footnotes":""},"categories":[853],"tags":[246,875,876],"features":[],"class_list":{"0":"post-15837","1":"page","2":"type-page","3":"status-publish","4":"has-post-thumbnail","6":"category-ecommerce","7":"tag-open-source","8":"tag-plugin-di-ecommerce","9":"tag-wordpress"},"wppr_data":{"cwp_meta_box_check":"No"},"acf":[],"yoast_head":"<!-- This site is optimized with the Yoast SEO plugin v27.4 - https:\/\/yoast.com\/product\/yoast-seo-wordpress\/ -->\n<title>Jigoshop: recensione plugin di ecommerce- Accurate Reviews<\/title>\n<meta name=\"description\" content=\"Jigoshop: recensione plugin di ecommerce open source per WordPress offerto dalla societ\u00e0 Jigo LTD. Ti consente di creare il tuo sito in un negozio online.\" \/>\n<meta name=\"robots\" content=\"index, follow, max-snippet:-1, max-image-preview:large, max-video-preview:-1\" \/>\n<link rel=\"canonical\" href=\"https:\/\/www.accuratereviews.com\/it\/piattaforme-ecommerce-lista\/jigoshop-recensione\/\" \/>\n<meta property=\"og:locale\" content=\"it_IT\" \/>\n<meta property=\"og:type\" content=\"article\" \/>\n<meta property=\"og:title\" content=\"Jigoshop: recensione plugin di ecommerce- Accurate Reviews\" \/>\n<meta property=\"og:description\" content=\"Jigoshop: recensione plugin di ecommerce open source per WordPress offerto dalla societ\u00e0 Jigo LTD. Ti consente di creare il tuo sito in un negozio online.\" \/>\n<meta property=\"og:url\" content=\"https:\/\/www.accuratereviews.com\/it\/piattaforme-ecommerce-lista\/jigoshop-recensione\/\" \/>\n<meta property=\"og:site_name\" content=\"Accurate Reviews\" \/>\n<meta property=\"article:modified_time\" content=\"2023-03-29T20:05:11+00:00\" \/>\n<meta property=\"og:image\" content=\"https:\/\/www.accuratereviews.com\/wp-content\/uploads\/2019\/06\/logo-jigoshop-3202-300x300.jpg\" \/>\n\t<meta property=\"og:image:width\" content=\"300\" \/>\n\t<meta property=\"og:image:height\" content=\"300\" \/>\n\t<meta property=\"og:image:type\" content=\"image\/jpeg\" \/>\n<meta name=\"twitter:card\" content=\"summary_large_image\" \/>\n<meta name=\"twitter:label1\" content=\"Tempo di lettura stimato\" \/>\n\t<meta name=\"twitter:data1\" content=\"1 minuto\" \/>\n<script type=\"application\/ld+json\" class=\"yoast-schema-graph\">{\"@context\":\"https:\\\/\\\/schema.org\",\"@graph\":[{\"@type\":\"WebPage\",\"@id\":\"https:\\\/\\\/www.accuratereviews.com\\\/it\\\/piattaforme-ecommerce-lista\\\/jigoshop-recensione\\\/\",\"url\":\"https:\\\/\\\/www.accuratereviews.com\\\/it\\\/piattaforme-ecommerce-lista\\\/jigoshop-recensione\\\/\",\"name\":\"Jigoshop: recensione plugin di ecommerce- Accurate Reviews\",\"isPartOf\":{\"@id\":\"https:\\\/\\\/www.accuratereviews.com\\\/it\\\/#website\"},\"primaryImageOfPage\":{\"@id\":\"https:\\\/\\\/www.accuratereviews.com\\\/it\\\/piattaforme-ecommerce-lista\\\/jigoshop-recensione\\\/#primaryimage\"},\"image\":{\"@id\":\"https:\\\/\\\/www.accuratereviews.com\\\/it\\\/piattaforme-ecommerce-lista\\\/jigoshop-recensione\\\/#primaryimage\"},\"thumbnailUrl\":\"https:\\\/\\\/www.accuratereviews.com\\\/wp-content\\\/uploads\\\/2019\\\/06\\\/logo-jigoshop-3202-300x300.jpg\",\"datePublished\":\"2019-06-19T15:51:58+00:00\",\"dateModified\":\"2023-03-29T20:05:11+00:00\",\"description\":\"Jigoshop: recensione plugin di ecommerce open source per WordPress offerto dalla societ\u00e0 Jigo LTD. Ti consente di creare il tuo sito in un negozio online.\",\"breadcrumb\":{\"@id\":\"https:\\\/\\\/www.accuratereviews.com\\\/it\\\/piattaforme-ecommerce-lista\\\/jigoshop-recensione\\\/#breadcrumb\"},\"inLanguage\":\"it-IT\",\"potentialAction\":[{\"@type\":\"ReadAction\",\"target\":[\"https:\\\/\\\/www.accuratereviews.com\\\/it\\\/piattaforme-ecommerce-lista\\\/jigoshop-recensione\\\/\"]}]},{\"@type\":\"ImageObject\",\"inLanguage\":\"it-IT\",\"@id\":\"https:\\\/\\\/www.accuratereviews.com\\\/it\\\/piattaforme-ecommerce-lista\\\/jigoshop-recensione\\\/#primaryimage\",\"url\":\"https:\\\/\\\/www.accuratereviews.com\\\/wp-content\\\/uploads\\\/2019\\\/06\\\/logo-jigoshop-3202-300x300.jpg\",\"contentUrl\":\"https:\\\/\\\/www.accuratereviews.com\\\/wp-content\\\/uploads\\\/2019\\\/06\\\/logo-jigoshop-3202-300x300.jpg\",\"width\":300,\"height\":300},{\"@type\":\"BreadcrumbList\",\"@id\":\"https:\\\/\\\/www.accuratereviews.com\\\/it\\\/piattaforme-ecommerce-lista\\\/jigoshop-recensione\\\/#breadcrumb\",\"itemListElement\":[{\"@type\":\"ListItem\",\"position\":1,\"name\":\"Home\",\"item\":\"https:\\\/\\\/www.accuratereviews.com\\\/it\\\/\"},{\"@type\":\"ListItem\",\"position\":2,\"name\":\"Ecommerce\",\"item\":\"https:\\\/\\\/www.accuratereviews.com\\\/it\\\/piattaforme-ecommerce-lista\\\/\"},{\"@type\":\"ListItem\",\"position\":3,\"name\":\"Jigoshop\"}]},{\"@type\":\"WebSite\",\"@id\":\"https:\\\/\\\/www.accuratereviews.com\\\/it\\\/#website\",\"url\":\"https:\\\/\\\/www.accuratereviews.com\\\/it\\\/\",\"name\":\"Accurate Reviews\",\"description\":\"\",\"potentialAction\":[{\"@type\":\"SearchAction\",\"target\":{\"@type\":\"EntryPoint\",\"urlTemplate\":\"https:\\\/\\\/www.accuratereviews.com\\\/it\\\/?s={search_term_string}\"},\"query-input\":{\"@type\":\"PropertyValueSpecification\",\"valueRequired\":true,\"valueName\":\"search_term_string\"}}],\"inLanguage\":\"it-IT\"}]}<\/script>\n<!-- \/ Yoast SEO plugin. -->","yoast_head_json":{"title":"Jigoshop: recensione plugin di ecommerce- Accurate Reviews","description":"Jigoshop: recensione plugin di ecommerce open source per WordPress offerto dalla societ\u00e0 Jigo LTD. Ti consente di creare il tuo sito in un negozio online.","robots":{"index":"index","follow":"follow","max-snippet":"max-snippet:-1","max-image-preview":"max-image-preview:large","max-video-preview":"max-video-preview:-1"},"canonical":"https:\/\/www.accuratereviews.com\/it\/piattaforme-ecommerce-lista\/jigoshop-recensione\/","og_locale":"it_IT","og_type":"article","og_title":"Jigoshop: recensione plugin di ecommerce- Accurate Reviews","og_description":"Jigoshop: recensione plugin di ecommerce open source per WordPress offerto dalla societ\u00e0 Jigo LTD. Ti consente di creare il tuo sito in un negozio online.","og_url":"https:\/\/www.accuratereviews.com\/it\/piattaforme-ecommerce-lista\/jigoshop-recensione\/","og_site_name":"Accurate Reviews","article_modified_time":"2023-03-29T20:05:11+00:00","og_image":[{"width":300,"height":300,"url":"https:\/\/www.accuratereviews.com\/wp-content\/uploads\/2019\/06\/logo-jigoshop-3202-300x300.jpg","type":"image\/jpeg"}],"twitter_card":"summary_large_image","twitter_misc":{"Tempo di lettura stimato":"1 minuto"},"schema":{"@context":"https:\/\/schema.org","@graph":[{"@type":"WebPage","@id":"https:\/\/www.accuratereviews.com\/it\/piattaforme-ecommerce-lista\/jigoshop-recensione\/","url":"https:\/\/www.accuratereviews.com\/it\/piattaforme-ecommerce-lista\/jigoshop-recensione\/","name":"Jigoshop: recensione plugin di ecommerce- Accurate Reviews","isPartOf":{"@id":"https:\/\/www.accuratereviews.com\/it\/#website"},"primaryImageOfPage":{"@id":"https:\/\/www.accuratereviews.com\/it\/piattaforme-ecommerce-lista\/jigoshop-recensione\/#primaryimage"},"image":{"@id":"https:\/\/www.accuratereviews.com\/it\/piattaforme-ecommerce-lista\/jigoshop-recensione\/#primaryimage"},"thumbnailUrl":"https:\/\/www.accuratereviews.com\/wp-content\/uploads\/2019\/06\/logo-jigoshop-3202-300x300.jpg","datePublished":"2019-06-19T15:51:58+00:00","dateModified":"2023-03-29T20:05:11+00:00","description":"Jigoshop: recensione plugin di ecommerce open source per WordPress offerto dalla societ\u00e0 Jigo LTD. Ti consente di creare il tuo sito in un negozio online.","breadcrumb":{"@id":"https:\/\/www.accuratereviews.com\/it\/piattaforme-ecommerce-lista\/jigoshop-recensione\/#breadcrumb"},"inLanguage":"it-IT","potentialAction":[{"@type":"ReadAction","target":["https:\/\/www.accuratereviews.com\/it\/piattaforme-ecommerce-lista\/jigoshop-recensione\/"]}]},{"@type":"ImageObject","inLanguage":"it-IT","@id":"https:\/\/www.accuratereviews.com\/it\/piattaforme-ecommerce-lista\/jigoshop-recensione\/#primaryimage","url":"https:\/\/www.accuratereviews.com\/wp-content\/uploads\/2019\/06\/logo-jigoshop-3202-300x300.jpg","contentUrl":"https:\/\/www.accuratereviews.com\/wp-content\/uploads\/2019\/06\/logo-jigoshop-3202-300x300.jpg","width":300,"height":300},{"@type":"BreadcrumbList","@id":"https:\/\/www.accuratereviews.com\/it\/piattaforme-ecommerce-lista\/jigoshop-recensione\/#breadcrumb","itemListElement":[{"@type":"ListItem","position":1,"name":"Home","item":"https:\/\/www.accuratereviews.com\/it\/"},{"@type":"ListItem","position":2,"name":"Ecommerce","item":"https:\/\/www.accuratereviews.com\/it\/piattaforme-ecommerce-lista\/"},{"@type":"ListItem","position":3,"name":"Jigoshop"}]},{"@type":"WebSite","@id":"https:\/\/www.accuratereviews.com\/it\/#website","url":"https:\/\/www.accuratereviews.com\/it\/","name":"Accurate Reviews","description":"","potentialAction":[{"@type":"SearchAction","target":{"@type":"EntryPoint","urlTemplate":"https:\/\/www.accuratereviews.com\/it\/?s={search_term_string}"},"query-input":{"@type":"PropertyValueSpecification","valueRequired":true,"valueName":"search_term_string"}}],"inLanguage":"it-IT"}]}},"_links":{"self":[{"href":"https:\/\/www.accuratereviews.com\/it\/wp-json\/wp\/v2\/pages\/15837","targetHints":{"allow":["GET"]}}],"collection":[{"href":"https:\/\/www.accuratereviews.com\/it\/wp-json\/wp\/v2\/pages"}],"about":[{"href":"https:\/\/www.accuratereviews.com\/it\/wp-json\/wp\/v2\/types\/page"}],"author":[{"embeddable":true,"href":"https:\/\/www.accuratereviews.com\/it\/wp-json\/wp\/v2\/users\/19"}],"replies":[{"embeddable":true,"href":"https:\/\/www.accuratereviews.com\/it\/wp-json\/wp\/v2\/comments?post=15837"}],"version-history":[{"count":9,"href":"https:\/\/www.accuratereviews.com\/it\/wp-json\/wp\/v2\/pages\/15837\/revisions"}],"predecessor-version":[{"id":68388,"href":"https:\/\/www.accuratereviews.com\/it\/wp-json\/wp\/v2\/pages\/15837\/revisions\/68388"}],"up":[{"embeddable":true,"href":"https:\/\/www.accuratereviews.com\/it\/wp-json\/wp\/v2\/pages\/15684"}],"wp:featuredmedia":[{"embeddable":true,"href":"https:\/\/www.accuratereviews.com\/it\/wp-json\/wp\/v2\/media\/15840"}],"wp:attachment":[{"href":"https:\/\/www.accuratereviews.com\/it\/wp-json\/wp\/v2\/media?parent=15837"}],"wp:term":[{"taxonomy":"category","embeddable":true,"href":"https:\/\/www.accuratereviews.com\/it\/wp-json\/wp\/v2\/categories?post=15837"},{"taxonomy":"post_tag","embeddable":true,"href":"https:\/\/www.accuratereviews.com\/it\/wp-json\/wp\/v2\/tags?post=15837"},{"taxonomy":"features","embeddable":true,"href":"https:\/\/www.accuratereviews.com\/it\/wp-json\/wp\/v2\/features?post=15837"}],"curies":[{"name":"wp","href":"https:\/\/api.w.org\/{rel}","templated":true}]}}