{"id":15883,"date":"2019-06-20T09:33:25","date_gmt":"2019-06-20T09:33:25","guid":{"rendered":"https:\/\/www.accuratereviews.com\/?page_id=15883"},"modified":"2023-03-29T20:19:04","modified_gmt":"2023-03-29T20:19:04","slug":"easy-digital-downloads-recensione","status":"publish","type":"page","link":"https:\/\/www.accuratereviews.com\/it\/piattaforme-ecommerce-lista\/easy-digital-downloads-recensione\/","title":{"rendered":"Easy Digital Downloads"},"content":{"rendered":"<p><strong>Easy Digital Downloads<\/strong> \u00e8 un <strong>software di ecommerce<\/strong> self-hosted che pu\u00f2 essere implementato in WordPress sotto forma di plugin. Ideale per chi ha bisogno di <strong>vendere online prodotti digitali<\/strong>\u00a0come eBook, file PDF, musica, grafica, software e molto altro, direttamente dal proprio sito. C&#8217;\u00e8 anche da dire che per renderti la vita ancora pi\u00f9 facile, questo programma \u00e8 messo a tua disposizione gratuitamente e ti permette quindi di creare il tuo <strong>negozio online<\/strong> senza nessun investimento di denaro. Certamente bisogner\u00e0 dedicargli molto tempo per comprendere la piattaforma, che risulta abbastanza complessa e articolata, e riuscire a creare e a pubblicare gli articoli sul tuo sito ed iniziare subito a guadagnare.\u00a0Per accedere a funzionalit\u00e0 pi\u00f9 avanzate, <strong>Easy Digital Downloads<\/strong> mette a tua disposizione una serie di add-ons e integrazioni che ti permetteranno di avere un&#8217;esperienza completa e pi\u00f9 professionale.<\/p>\n<h2>CREARE UN NEGOZIO ONLINE CON EASY DIGITAL DOWNLOADS &#8211; TUTORIAL<\/h2>\n<p>Diamo un&#8217;occhiata a questo video tutorial cos\u00ec da comprendere come funziona il programma:<\/p>\n<div id=\"fluid-wrapper-counter-1\" class=\"g1-fluid-wrapper \" style=\"width:686px;\">\n<div style=\"padding-bottom:56.268221574344%;\"><iframe loading=\"lazy\" title=\"Create an Easy Digital Downloads Product Table\" width=\"686\" height=\"386\" src=\"https:\/\/www.youtube.com\/embed\/Udg9rX-sy4E?feature=oembed&amp;wmode=transparent&amp;autohide=1&amp;autoplay=0&amp;disablekb=0&amp;fs=1&amp;loop=0&amp;enablejsapi=1&amp;rel=0&amp;controls=2&amp;showinfo=0&amp;wmode=transparent&amp;autohide=2&amp;autoplay=0&amp;disablekb=0&amp;fs=1&amp;loop=0&amp;enablejsapi=1&amp;rel=0&amp;controls=2&amp;showinfo=1\" frameborder=\"0\" allow=\"accelerometer; autoplay; clipboard-write; encrypted-media; gyroscope; picture-in-picture; web-share\" allowfullscreen><\/iframe><\/div>\n<\/div>\n<h3>EASY DIGITAL DOWNLOADS &#8211; CARATTERISTICHE<\/h3>\n<p>Di seguito le principali caratteristiche:<\/p>\n<ul>\n<li><strong>Servizi di promozione marketing<\/strong>: crea codici sconto e offerte che incuriosiscano e inducano i clienti ad acquistare di pi\u00f9<\/li>\n<li><strong>Carrello della spesa completo<\/strong>: permetti ai tuoi clienti di acquistare contemporaneamente pi\u00f9 articoli grazie al sistema del carrello<\/li>\n<li><strong>Download di file illimitati<\/strong>: lascia che i tuoi clienti si sentano liberi di scaricare i file acquistati illimitatamente<\/li>\n<li><strong>Controllo dell&#8217;accesso ai file<\/strong>: i file sono limitati ai solo clienti autorizzati<\/li>\n<li><strong>Pagina dell&#8217;account cliente<\/strong>: l&#8217;utente potr\u00e0 visualizzare sempre una tabella della cronologia acquisti cos\u00ec da avere sempre sotto mano tutto ci\u00f2 di cui ha bisogno<\/li>\n<li><strong>Monitoraggio delle attivit\u00e0<\/strong>: tieni traccia dei prodotti scaricati dai tuoi clienti (data, ora, indirizzo IP di tutti i file acquistati)<\/li>\n<li><strong>API REST<\/strong>: accedi facilmente alle informazioni sulle vendite e i prodotti in formato jSON o XML<\/li>\n<li><strong>Piattaforma di reportistica integrata<\/strong>: a tua disposizione una completa segnalazione di dati e statistiche che ti consentono di avere sempre sotto controllo l&#8217;andamento della tua attivit\u00e0<\/li>\n<li><strong>Funzionalit\u00e0 avanzate<\/strong>: integralo con i tuoi servizi preferiti (MailChimp, DropBox, PayPal, Slack, Amazon, Stripe ecc.).<\/li>\n<\/ul>\n<h4>LE RECENSIONI DEGLI UTENTI<\/h4>\n<p><strong>Kathy P. &#8220;Rende facile la vendita dal vostro sito web!&#8221;<\/strong><br \/>\nCommenti: Uso EDD per i miei regali da scaricare gratuitamente, ma anche per vendere relazioni, guide e sessioni di consulenza.<br \/>\nPro: \u00c8 molto facile da usare, anche per i principianti e i non addetti ai lavori.<br \/>\nContro: Vorrei che fornisse opzioni per la vendita di un servizio (ad esempio, prenotare un appuntamento).<\/p>\n<p><strong>Zack V. &#8220;Ottimo prodotto&#8221;<\/strong><br \/>\nCommenti: Vendo prodotti digitali, temi WordPress e funziona molto bene.<br \/>\nPro: \u00c8 molto facile da usare e offre molte funzionalit\u00e0 necessarie.<br \/>\nContro: La reportistica pu\u00f2 essere migliorata, ma ho visto che \u00e8 in arrivo con EDD 3.0.<\/p>\n<p><strong>Peg P. &#8220;Soluzione di eCommerce semplice per i prodotti digitali&#8221;<\/strong><br \/>\nCommenti: \u00c8 stato cos\u00ec fluido che non ho mai pensato di passare a un concorrente.<br \/>\nPro: Facile da installare. Assistenza e suggerimenti semplici da capire. Sono stati implementati i metodi di pagamento pi\u00f9 comuni. Permette di creare facilmente un ambiente di prova e di passare alla produzione.<br \/>\nContro: Non tiene traccia dei download gratuiti, che devono essere gestiti separatamente.<\/p>\n","protected":false},"excerpt":{"rendered":"<p>Easy Digital Downloads \u00e8 un software di ecommerce self-hosted che pu\u00f2 essere implementato in WordPress sotto forma di plugin. Ideale per chi ha bisogno di vendere online prodotti digitali come eBook, file PDF, musica, grafica, software e molto altro.\u00a0<\/p>\n","protected":false},"author":17,"featured_media":15885,"parent":15684,"menu_order":0,"comment_status":"open","ping_status":"closed","template":"g1_template_page_review_new.php","meta":{"_acf_changed":false,"cwp_meta_box_check":"Yes","cwp_rev_product_name":"","cwp_rev_product_image":"","wppr_links":[],"cwp_rev_price":"","wppr_options":[{"name":"Usability","value":"0"},{"name":"Speed","value":"0"},{"name":"Features","value":"0"},{"name":"Support","value":"0"},{"name":"Pricing","value":"0"}],"wppr_pros":["","","","",""],"wppr_cons":["","","","",""],"_monsterinsights_skip_tracking":false,"_monsterinsights_sitenote_active":false,"_monsterinsights_sitenote_note":"","_monsterinsights_sitenote_category":0,"footnotes":""},"categories":[853],"tags":[857,861,865,859],"features":[],"class_list":{"0":"post-15883","1":"page","2":"type-page","3":"status-publish","4":"has-post-thumbnail","6":"category-ecommerce","7":"tag-ecommerce","8":"tag-negozio-online","9":"tag-negozio-virtuale","10":"tag-piattaforma-ecommerce"},"wppr_data":{"cwp_meta_box_check":"Yes","cwp_rev_product_name":"","_wppr_review_template":"default","cwp_rev_product_image":"","cwp_image_link":"image","wppr_links":[],"cwp_rev_price":"","wppr_pros":["","","","",""],"wppr_cons":["","","","",""],"wppr_rating":"0.00","wppr_options":{"1":{"name":"Usability","value":"0"},"2":{"name":"Speed","value":"0"},"3":{"name":"Features","value":"0"},"4":{"name":"Support","value":"0"},"5":{"name":"Pricing","value":"0"}},"wppr_review_type":"Product","wppr_review_custom_fields":{"additionalProperty":"","additionalType":"","aggregateRating":"","alternateName":"","audience":"","award":"","awards":"","brand":"","color":"","depth":"","description":"","disambiguatingDescription":"","gtin12":"","gtin13":"","gtin14":"","gtin8":"","height":"","identifier":"","image":"","isAccessoryOrSparePartFor":"","isConsumableFor":"","isRelatedTo":"","isSimilarTo":"","itemCondition":"","logo":"","mainEntityOfPage":"","manufacturer":"","material":"","model":"","mpn":"","name":"","offers":"","potentialAction":"","productID":"","productionDate":"","purchaseDate":"","releaseDate":"","review":"","reviews":"","sameAs":"","sku":"","slogan":"","subjectOf":"","url":"","weight":"","width":""}},"acf":[],"yoast_head":"<!-- This site is optimized with the Yoast SEO plugin v27.4 - https:\/\/yoast.com\/product\/yoast-seo-wordpress\/ -->\n<title>Easy Digital Downloads: recensione - Accurate Reviews<\/title>\n<meta name=\"description\" content=\"Easy Digital Downloads: recensione del software di ecommerce self-hosted che pu\u00f2 essere implementato in WordPress sotto forma di plugin.\" \/>\n<meta name=\"robots\" content=\"index, follow, max-snippet:-1, max-image-preview:large, max-video-preview:-1\" \/>\n<link rel=\"canonical\" href=\"https:\/\/www.accuratereviews.com\/it\/piattaforme-ecommerce-lista\/easy-digital-downloads-recensione\/\" \/>\n<meta property=\"og:locale\" content=\"it_IT\" \/>\n<meta property=\"og:type\" content=\"article\" \/>\n<meta property=\"og:title\" content=\"Easy Digital Downloads: recensione - Accurate Reviews\" \/>\n<meta property=\"og:description\" content=\"Easy Digital Downloads: recensione del software di ecommerce self-hosted che pu\u00f2 essere implementato in WordPress sotto forma di plugin.\" \/>\n<meta property=\"og:url\" content=\"https:\/\/www.accuratereviews.com\/it\/piattaforme-ecommerce-lista\/easy-digital-downloads-recensione\/\" \/>\n<meta property=\"og:site_name\" content=\"Accurate Reviews\" \/>\n<meta property=\"article:modified_time\" content=\"2023-03-29T20:19:04+00:00\" \/>\n<meta property=\"og:image\" content=\"https:\/\/www.accuratereviews.com\/wp-content\/uploads\/2019\/06\/logo-edd-dark.png\" \/>\n\t<meta property=\"og:image:width\" content=\"1280\" \/>\n\t<meta property=\"og:image:height\" content=\"593\" \/>\n\t<meta property=\"og:image:type\" content=\"image\/png\" \/>\n<meta name=\"twitter:card\" content=\"summary_large_image\" \/>\n<meta name=\"twitter:label1\" content=\"Tempo di lettura stimato\" \/>\n\t<meta name=\"twitter:data1\" content=\"3 minuti\" \/>\n<script type=\"application\/ld+json\" class=\"yoast-schema-graph\">{\"@context\":\"https:\\\/\\\/schema.org\",\"@graph\":[{\"@type\":\"WebPage\",\"@id\":\"https:\\\/\\\/www.accuratereviews.com\\\/it\\\/piattaforme-ecommerce-lista\\\/easy-digital-downloads-recensione\\\/\",\"url\":\"https:\\\/\\\/www.accuratereviews.com\\\/it\\\/piattaforme-ecommerce-lista\\\/easy-digital-downloads-recensione\\\/\",\"name\":\"Easy Digital Downloads: recensione - Accurate Reviews\",\"isPartOf\":{\"@id\":\"https:\\\/\\\/www.accuratereviews.com\\\/it\\\/#website\"},\"primaryImageOfPage\":{\"@id\":\"https:\\\/\\\/www.accuratereviews.com\\\/it\\\/piattaforme-ecommerce-lista\\\/easy-digital-downloads-recensione\\\/#primaryimage\"},\"image\":{\"@id\":\"https:\\\/\\\/www.accuratereviews.com\\\/it\\\/piattaforme-ecommerce-lista\\\/easy-digital-downloads-recensione\\\/#primaryimage\"},\"thumbnailUrl\":\"https:\\\/\\\/www.accuratereviews.com\\\/wp-content\\\/uploads\\\/2019\\\/06\\\/logo-edd-dark.png\",\"datePublished\":\"2019-06-20T09:33:25+00:00\",\"dateModified\":\"2023-03-29T20:19:04+00:00\",\"description\":\"Easy Digital Downloads: recensione del software di ecommerce self-hosted che pu\u00f2 essere implementato in WordPress sotto forma di plugin.\",\"breadcrumb\":{\"@id\":\"https:\\\/\\\/www.accuratereviews.com\\\/it\\\/piattaforme-ecommerce-lista\\\/easy-digital-downloads-recensione\\\/#breadcrumb\"},\"inLanguage\":\"it-IT\",\"potentialAction\":[{\"@type\":\"ReadAction\",\"target\":[\"https:\\\/\\\/www.accuratereviews.com\\\/it\\\/piattaforme-ecommerce-lista\\\/easy-digital-downloads-recensione\\\/\"]}]},{\"@type\":\"ImageObject\",\"inLanguage\":\"it-IT\",\"@id\":\"https:\\\/\\\/www.accuratereviews.com\\\/it\\\/piattaforme-ecommerce-lista\\\/easy-digital-downloads-recensione\\\/#primaryimage\",\"url\":\"https:\\\/\\\/www.accuratereviews.com\\\/wp-content\\\/uploads\\\/2019\\\/06\\\/logo-edd-dark.png\",\"contentUrl\":\"https:\\\/\\\/www.accuratereviews.com\\\/wp-content\\\/uploads\\\/2019\\\/06\\\/logo-edd-dark.png\",\"width\":1280,\"height\":593},{\"@type\":\"BreadcrumbList\",\"@id\":\"https:\\\/\\\/www.accuratereviews.com\\\/it\\\/piattaforme-ecommerce-lista\\\/easy-digital-downloads-recensione\\\/#breadcrumb\",\"itemListElement\":[{\"@type\":\"ListItem\",\"position\":1,\"name\":\"Home\",\"item\":\"https:\\\/\\\/www.accuratereviews.com\\\/it\\\/\"},{\"@type\":\"ListItem\",\"position\":2,\"name\":\"Ecommerce\",\"item\":\"https:\\\/\\\/www.accuratereviews.com\\\/it\\\/piattaforme-ecommerce-lista\\\/\"},{\"@type\":\"ListItem\",\"position\":3,\"name\":\"Easy Digital Downloads\"}]},{\"@type\":\"WebSite\",\"@id\":\"https:\\\/\\\/www.accuratereviews.com\\\/it\\\/#website\",\"url\":\"https:\\\/\\\/www.accuratereviews.com\\\/it\\\/\",\"name\":\"Accurate Reviews\",\"description\":\"\",\"potentialAction\":[{\"@type\":\"SearchAction\",\"target\":{\"@type\":\"EntryPoint\",\"urlTemplate\":\"https:\\\/\\\/www.accuratereviews.com\\\/it\\\/?s={search_term_string}\"},\"query-input\":{\"@type\":\"PropertyValueSpecification\",\"valueRequired\":true,\"valueName\":\"search_term_string\"}}],\"inLanguage\":\"it-IT\"}]}<\/script>\n<!-- \/ Yoast SEO plugin. -->","yoast_head_json":{"title":"Easy Digital Downloads: recensione - Accurate Reviews","description":"Easy Digital Downloads: recensione del software di ecommerce self-hosted che pu\u00f2 essere implementato in WordPress sotto forma di plugin.","robots":{"index":"index","follow":"follow","max-snippet":"max-snippet:-1","max-image-preview":"max-image-preview:large","max-video-preview":"max-video-preview:-1"},"canonical":"https:\/\/www.accuratereviews.com\/it\/piattaforme-ecommerce-lista\/easy-digital-downloads-recensione\/","og_locale":"it_IT","og_type":"article","og_title":"Easy Digital Downloads: recensione - Accurate Reviews","og_description":"Easy Digital Downloads: recensione del software di ecommerce self-hosted che pu\u00f2 essere implementato in WordPress sotto forma di plugin.","og_url":"https:\/\/www.accuratereviews.com\/it\/piattaforme-ecommerce-lista\/easy-digital-downloads-recensione\/","og_site_name":"Accurate Reviews","article_modified_time":"2023-03-29T20:19:04+00:00","og_image":[{"width":1280,"height":593,"url":"https:\/\/www.accuratereviews.com\/wp-content\/uploads\/2019\/06\/logo-edd-dark.png","type":"image\/png"}],"twitter_card":"summary_large_image","twitter_misc":{"Tempo di lettura stimato":"3 minuti"},"schema":{"@context":"https:\/\/schema.org","@graph":[{"@type":"WebPage","@id":"https:\/\/www.accuratereviews.com\/it\/piattaforme-ecommerce-lista\/easy-digital-downloads-recensione\/","url":"https:\/\/www.accuratereviews.com\/it\/piattaforme-ecommerce-lista\/easy-digital-downloads-recensione\/","name":"Easy Digital Downloads: recensione - Accurate Reviews","isPartOf":{"@id":"https:\/\/www.accuratereviews.com\/it\/#website"},"primaryImageOfPage":{"@id":"https:\/\/www.accuratereviews.com\/it\/piattaforme-ecommerce-lista\/easy-digital-downloads-recensione\/#primaryimage"},"image":{"@id":"https:\/\/www.accuratereviews.com\/it\/piattaforme-ecommerce-lista\/easy-digital-downloads-recensione\/#primaryimage"},"thumbnailUrl":"https:\/\/www.accuratereviews.com\/wp-content\/uploads\/2019\/06\/logo-edd-dark.png","datePublished":"2019-06-20T09:33:25+00:00","dateModified":"2023-03-29T20:19:04+00:00","description":"Easy Digital Downloads: recensione del software di ecommerce self-hosted che pu\u00f2 essere implementato in WordPress sotto forma di plugin.","breadcrumb":{"@id":"https:\/\/www.accuratereviews.com\/it\/piattaforme-ecommerce-lista\/easy-digital-downloads-recensione\/#breadcrumb"},"inLanguage":"it-IT","potentialAction":[{"@type":"ReadAction","target":["https:\/\/www.accuratereviews.com\/it\/piattaforme-ecommerce-lista\/easy-digital-downloads-recensione\/"]}]},{"@type":"ImageObject","inLanguage":"it-IT","@id":"https:\/\/www.accuratereviews.com\/it\/piattaforme-ecommerce-lista\/easy-digital-downloads-recensione\/#primaryimage","url":"https:\/\/www.accuratereviews.com\/wp-content\/uploads\/2019\/06\/logo-edd-dark.png","contentUrl":"https:\/\/www.accuratereviews.com\/wp-content\/uploads\/2019\/06\/logo-edd-dark.png","width":1280,"height":593},{"@type":"BreadcrumbList","@id":"https:\/\/www.accuratereviews.com\/it\/piattaforme-ecommerce-lista\/easy-digital-downloads-recensione\/#breadcrumb","itemListElement":[{"@type":"ListItem","position":1,"name":"Home","item":"https:\/\/www.accuratereviews.com\/it\/"},{"@type":"ListItem","position":2,"name":"Ecommerce","item":"https:\/\/www.accuratereviews.com\/it\/piattaforme-ecommerce-lista\/"},{"@type":"ListItem","position":3,"name":"Easy Digital Downloads"}]},{"@type":"WebSite","@id":"https:\/\/www.accuratereviews.com\/it\/#website","url":"https:\/\/www.accuratereviews.com\/it\/","name":"Accurate Reviews","description":"","potentialAction":[{"@type":"SearchAction","target":{"@type":"EntryPoint","urlTemplate":"https:\/\/www.accuratereviews.com\/it\/?s={search_term_string}"},"query-input":{"@type":"PropertyValueSpecification","valueRequired":true,"valueName":"search_term_string"}}],"inLanguage":"it-IT"}]}},"_links":{"self":[{"href":"https:\/\/www.accuratereviews.com\/it\/wp-json\/wp\/v2\/pages\/15883","targetHints":{"allow":["GET"]}}],"collection":[{"href":"https:\/\/www.accuratereviews.com\/it\/wp-json\/wp\/v2\/pages"}],"about":[{"href":"https:\/\/www.accuratereviews.com\/it\/wp-json\/wp\/v2\/types\/page"}],"author":[{"embeddable":true,"href":"https:\/\/www.accuratereviews.com\/it\/wp-json\/wp\/v2\/users\/17"}],"replies":[{"embeddable":true,"href":"https:\/\/www.accuratereviews.com\/it\/wp-json\/wp\/v2\/comments?post=15883"}],"version-history":[{"count":8,"href":"https:\/\/www.accuratereviews.com\/it\/wp-json\/wp\/v2\/pages\/15883\/revisions"}],"predecessor-version":[{"id":68392,"href":"https:\/\/www.accuratereviews.com\/it\/wp-json\/wp\/v2\/pages\/15883\/revisions\/68392"}],"up":[{"embeddable":true,"href":"https:\/\/www.accuratereviews.com\/it\/wp-json\/wp\/v2\/pages\/15684"}],"wp:featuredmedia":[{"embeddable":true,"href":"https:\/\/www.accuratereviews.com\/it\/wp-json\/wp\/v2\/media\/15885"}],"wp:attachment":[{"href":"https:\/\/www.accuratereviews.com\/it\/wp-json\/wp\/v2\/media?parent=15883"}],"wp:term":[{"taxonomy":"category","embeddable":true,"href":"https:\/\/www.accuratereviews.com\/it\/wp-json\/wp\/v2\/categories?post=15883"},{"taxonomy":"post_tag","embeddable":true,"href":"https:\/\/www.accuratereviews.com\/it\/wp-json\/wp\/v2\/tags?post=15883"},{"taxonomy":"features","embeddable":true,"href":"https:\/\/www.accuratereviews.com\/it\/wp-json\/wp\/v2\/features?post=15883"}],"curies":[{"name":"wp","href":"https:\/\/api.w.org\/{rel}","templated":true}]}}