{"id":16014,"date":"2019-06-23T16:02:24","date_gmt":"2019-06-23T16:02:24","guid":{"rendered":"https:\/\/www.accuratereviews.com\/?page_id=16014"},"modified":"2023-04-04T21:08:08","modified_gmt":"2023-04-04T21:08:08","slug":"webjaguar-ecommerce-recensione","status":"publish","type":"page","link":"https:\/\/www.accuratereviews.com\/it\/piattaforme-ecommerce-lista\/webjaguar-ecommerce-recensione\/","title":{"rendered":"WebJaguar Ecommerce"},"content":{"rendered":"<p id=\"tw-target-text\" class=\"tw-data-text tw-ta tw-text-small\" dir=\"ltr\" data-placeholder=\"Traduzione\"><span lang=\"it\" tabindex=\"0\"><strong>WebJaguar<\/strong> \u00e8 \u200b\u200buna <strong>piattaforma di automazione eCommerce. <\/strong>La sua scalabilit\u00e0 consente al programma di crescere con il tuo business e di supportarti in ogni fase, con la capacit\u00e0 di soddisfare le tue esigenze ora e in futuro. Con oltre un centinaio di funzionalit\u00e0 per massimizzare le vendite e ridurre i costi per i suoi clienti il servizio WebJaguar \u00e8 \u200b\u200brivolto a rivenditori, grossisti, fornitori, produttori e clienti aziendali con facilit\u00e0 di creazione e manutenzione negozi online. Il suo team offre anche servizi di consulenza, combinando anni di esperienza nel settore con la sua tecnologia innovativa per offrire la migliore soluzione per il vostro business.<\/span><\/p>\n<h2 dir=\"ltr\" data-placeholder=\"Traduzione\">WEBJAGUAR &#8211; TUTORIAL<\/h2>\n<p>Il tutorial che seguir\u00e0 ci mostra come utilizzare al meglio le funzione di Web Jaguar:<\/p>\n<div id=\"fluid-wrapper-counter-1\" class=\"g1-fluid-wrapper \" style=\"width:686px;\">\n<div style=\"padding-bottom:56.268221574344%;\"><iframe loading=\"lazy\" title=\"WebJaguar Webinar 1: Must-Have E-commerce Features for Distributors &amp; Wholesalers\" width=\"515\" height=\"386\" src=\"https:\/\/www.youtube.com\/embed\/H0qM7AJ7my8?feature=oembed&amp;wmode=transparent&amp;autohide=1&amp;autoplay=0&amp;disablekb=0&amp;fs=1&amp;loop=0&amp;enablejsapi=1&amp;rel=0&amp;controls=2&amp;showinfo=0&amp;wmode=transparent&amp;autohide=2&amp;autoplay=0&amp;disablekb=0&amp;fs=1&amp;loop=0&amp;enablejsapi=1&amp;rel=0&amp;controls=2&amp;showinfo=1\" frameborder=\"0\" allow=\"accelerometer; autoplay; clipboard-write; encrypted-media; gyroscope; picture-in-picture; web-share\" allowfullscreen><\/iframe><\/div>\n<\/div>\n<h3>WEBJAGUAR &#8211; CARATTERISTICHE<\/h3>\n<ul>\n<li id=\"tw-target-text\" class=\"tw-data-text tw-ta tw-text-small\" dir=\"ltr\" data-placeholder=\"Traduzione\"><span lang=\"it\" tabindex=\"0\">Funzionalit\u00e0 multi-store <\/span><\/li>\n<li class=\"tw-data-text tw-ta tw-text-small\" dir=\"ltr\" data-placeholder=\"Traduzione\"><span lang=\"it\" tabindex=\"0\">Email e marketing <\/span><\/li>\n<li class=\"tw-data-text tw-ta tw-text-small\" dir=\"ltr\" data-placeholder=\"Traduzione\"><span lang=\"it\" tabindex=\"0\">CRM con Elenco attivit\u00e0 e promemoria<\/span><\/li>\n<li class=\"tw-data-text tw-ta tw-text-small\" dir=\"ltr\" data-placeholder=\"Traduzione\"><span lang=\"it\" tabindex=\"0\">Gestione ordini, inventario e magazzino <\/span><\/li>\n<li class=\"tw-data-text tw-ta tw-text-small\" dir=\"ltr\" data-placeholder=\"Traduzione\"><span lang=\"it\" tabindex=\"0\">Amazon Marketplace Connector Feed <\/span><\/li>\n<li class=\"tw-data-text tw-ta tw-text-small\" dir=\"ltr\" data-placeholder=\"Traduzione\"><span lang=\"it\" tabindex=\"0\">Strumenti SEO e Google Shopping Feed <\/span><\/li>\n<li class=\"tw-data-text tw-ta tw-text-small\" dir=\"ltr\" data-placeholder=\"Traduzione\"><span lang=\"it\" tabindex=\"0\">Responsabile vendite e strumenti di presentazione <\/span><\/li>\n<li class=\"tw-data-text tw-ta tw-text-small\" dir=\"ltr\" data-placeholder=\"Traduzione\"><span lang=\"it\" tabindex=\"0\">Catalogo con la tabella dei contenuti <\/span><\/li>\n<li class=\"tw-data-text tw-ta tw-text-small\" dir=\"ltr\" data-placeholder=\"Traduzione\"><span lang=\"it\" tabindex=\"0\">Modulo di preventivo e di approvazione <\/span><\/li>\n<li class=\"tw-data-text tw-ta tw-text-small\" dir=\"ltr\" data-placeholder=\"Traduzione\"><span lang=\"it\" tabindex=\"0\">Sistema di gestione dei contenuti <\/span><\/li>\n<\/ul>\n","protected":false},"excerpt":{"rendered":"<p>WebJaguar \u00e8 \u200b\u200buna piattaforma di automazione eCommerce\u00a0la sua scalabilit\u00e0 consente al programma di crescere con il tuo business e di supportarti in ogni fase, con la capacit\u00e0 di soddisfare le tue esigenze ora e in futuro.<\/p>\n","protected":false},"author":19,"featured_media":16017,"parent":15684,"menu_order":0,"comment_status":"open","ping_status":"closed","template":"g1_template_page_review_new.php","meta":{"_acf_changed":false,"cwp_meta_box_check":"No","cwp_rev_product_name":"","cwp_rev_product_image":"","wppr_links":[],"cwp_rev_price":"","wppr_options":[],"wppr_pros":[],"wppr_cons":[],"_monsterinsights_skip_tracking":false,"_monsterinsights_sitenote_active":false,"_monsterinsights_sitenote_note":"","_monsterinsights_sitenote_category":0,"footnotes":""},"categories":[853],"tags":[396,860,859,381],"features":[],"class_list":{"0":"post-16014","1":"page","2":"type-page","3":"status-publish","4":"has-post-thumbnail","6":"category-ecommerce","7":"tag-cloud","8":"tag-personalizzabile","9":"tag-piattaforma-ecommerce","10":"tag-scalabile"},"wppr_data":{"cwp_meta_box_check":"No"},"acf":[],"yoast_head":"<!-- This site is optimized with the Yoast SEO plugin v27.4 - https:\/\/yoast.com\/product\/yoast-seo-wordpress\/ -->\n<title>WebJaguar Ecommerce: recensione - Accurate Reviews<\/title>\n<meta name=\"description\" content=\"WebJaguar: recensione piattaforma ecommerce\u00a0la sua scalabilit\u00e0 consente di farcrescere con il tuo business e di supportarti in ogni fase.\" \/>\n<meta name=\"robots\" content=\"index, follow, max-snippet:-1, max-image-preview:large, max-video-preview:-1\" \/>\n<link rel=\"canonical\" href=\"https:\/\/www.accuratereviews.com\/it\/piattaforme-ecommerce-lista\/webjaguar-ecommerce-recensione\/\" \/>\n<meta property=\"og:locale\" content=\"it_IT\" \/>\n<meta property=\"og:type\" content=\"article\" \/>\n<meta property=\"og:title\" content=\"WebJaguar Ecommerce: recensione - Accurate Reviews\" \/>\n<meta property=\"og:description\" content=\"WebJaguar: recensione piattaforma ecommerce\u00a0la sua scalabilit\u00e0 consente di farcrescere con il tuo business e di supportarti in ogni fase.\" \/>\n<meta property=\"og:url\" content=\"https:\/\/www.accuratereviews.com\/it\/piattaforme-ecommerce-lista\/webjaguar-ecommerce-recensione\/\" \/>\n<meta property=\"og:site_name\" content=\"Accurate Reviews\" \/>\n<meta property=\"article:modified_time\" content=\"2023-04-04T21:08:08+00:00\" \/>\n<meta property=\"og:image\" content=\"https:\/\/www.accuratereviews.com\/wp-content\/uploads\/2019\/06\/WEBJAGUAR.png\" \/>\n\t<meta property=\"og:image:width\" content=\"200\" \/>\n\t<meta property=\"og:image:height\" content=\"200\" \/>\n\t<meta property=\"og:image:type\" content=\"image\/png\" \/>\n<meta name=\"twitter:card\" content=\"summary_large_image\" \/>\n<meta name=\"twitter:label1\" content=\"Tempo di lettura stimato\" \/>\n\t<meta name=\"twitter:data1\" content=\"1 minuto\" \/>\n<script type=\"application\/ld+json\" class=\"yoast-schema-graph\">{\"@context\":\"https:\\\/\\\/schema.org\",\"@graph\":[{\"@type\":\"WebPage\",\"@id\":\"https:\\\/\\\/www.accuratereviews.com\\\/it\\\/piattaforme-ecommerce-lista\\\/webjaguar-ecommerce-recensione\\\/\",\"url\":\"https:\\\/\\\/www.accuratereviews.com\\\/it\\\/piattaforme-ecommerce-lista\\\/webjaguar-ecommerce-recensione\\\/\",\"name\":\"WebJaguar Ecommerce: recensione - Accurate Reviews\",\"isPartOf\":{\"@id\":\"https:\\\/\\\/www.accuratereviews.com\\\/it\\\/#website\"},\"primaryImageOfPage\":{\"@id\":\"https:\\\/\\\/www.accuratereviews.com\\\/it\\\/piattaforme-ecommerce-lista\\\/webjaguar-ecommerce-recensione\\\/#primaryimage\"},\"image\":{\"@id\":\"https:\\\/\\\/www.accuratereviews.com\\\/it\\\/piattaforme-ecommerce-lista\\\/webjaguar-ecommerce-recensione\\\/#primaryimage\"},\"thumbnailUrl\":\"https:\\\/\\\/www.accuratereviews.com\\\/wp-content\\\/uploads\\\/2019\\\/06\\\/WEBJAGUAR.png\",\"datePublished\":\"2019-06-23T16:02:24+00:00\",\"dateModified\":\"2023-04-04T21:08:08+00:00\",\"description\":\"WebJaguar: recensione piattaforma ecommerce\u00a0la sua scalabilit\u00e0 consente di farcrescere con il tuo business e di supportarti in ogni fase.\",\"breadcrumb\":{\"@id\":\"https:\\\/\\\/www.accuratereviews.com\\\/it\\\/piattaforme-ecommerce-lista\\\/webjaguar-ecommerce-recensione\\\/#breadcrumb\"},\"inLanguage\":\"it-IT\",\"potentialAction\":[{\"@type\":\"ReadAction\",\"target\":[\"https:\\\/\\\/www.accuratereviews.com\\\/it\\\/piattaforme-ecommerce-lista\\\/webjaguar-ecommerce-recensione\\\/\"]}]},{\"@type\":\"ImageObject\",\"inLanguage\":\"it-IT\",\"@id\":\"https:\\\/\\\/www.accuratereviews.com\\\/it\\\/piattaforme-ecommerce-lista\\\/webjaguar-ecommerce-recensione\\\/#primaryimage\",\"url\":\"https:\\\/\\\/www.accuratereviews.com\\\/wp-content\\\/uploads\\\/2019\\\/06\\\/WEBJAGUAR.png\",\"contentUrl\":\"https:\\\/\\\/www.accuratereviews.com\\\/wp-content\\\/uploads\\\/2019\\\/06\\\/WEBJAGUAR.png\",\"width\":200,\"height\":200},{\"@type\":\"BreadcrumbList\",\"@id\":\"https:\\\/\\\/www.accuratereviews.com\\\/it\\\/piattaforme-ecommerce-lista\\\/webjaguar-ecommerce-recensione\\\/#breadcrumb\",\"itemListElement\":[{\"@type\":\"ListItem\",\"position\":1,\"name\":\"Home\",\"item\":\"https:\\\/\\\/www.accuratereviews.com\\\/it\\\/\"},{\"@type\":\"ListItem\",\"position\":2,\"name\":\"Ecommerce\",\"item\":\"https:\\\/\\\/www.accuratereviews.com\\\/it\\\/piattaforme-ecommerce-lista\\\/\"},{\"@type\":\"ListItem\",\"position\":3,\"name\":\"WebJaguar Ecommerce\"}]},{\"@type\":\"WebSite\",\"@id\":\"https:\\\/\\\/www.accuratereviews.com\\\/it\\\/#website\",\"url\":\"https:\\\/\\\/www.accuratereviews.com\\\/it\\\/\",\"name\":\"Accurate Reviews\",\"description\":\"\",\"potentialAction\":[{\"@type\":\"SearchAction\",\"target\":{\"@type\":\"EntryPoint\",\"urlTemplate\":\"https:\\\/\\\/www.accuratereviews.com\\\/it\\\/?s={search_term_string}\"},\"query-input\":{\"@type\":\"PropertyValueSpecification\",\"valueRequired\":true,\"valueName\":\"search_term_string\"}}],\"inLanguage\":\"it-IT\"}]}<\/script>\n<!-- \/ Yoast SEO plugin. -->","yoast_head_json":{"title":"WebJaguar Ecommerce: recensione - Accurate Reviews","description":"WebJaguar: recensione piattaforma ecommerce\u00a0la sua scalabilit\u00e0 consente di farcrescere con il tuo business e di supportarti in ogni fase.","robots":{"index":"index","follow":"follow","max-snippet":"max-snippet:-1","max-image-preview":"max-image-preview:large","max-video-preview":"max-video-preview:-1"},"canonical":"https:\/\/www.accuratereviews.com\/it\/piattaforme-ecommerce-lista\/webjaguar-ecommerce-recensione\/","og_locale":"it_IT","og_type":"article","og_title":"WebJaguar Ecommerce: recensione - Accurate Reviews","og_description":"WebJaguar: recensione piattaforma ecommerce\u00a0la sua scalabilit\u00e0 consente di farcrescere con il tuo business e di supportarti in ogni fase.","og_url":"https:\/\/www.accuratereviews.com\/it\/piattaforme-ecommerce-lista\/webjaguar-ecommerce-recensione\/","og_site_name":"Accurate Reviews","article_modified_time":"2023-04-04T21:08:08+00:00","og_image":[{"width":200,"height":200,"url":"https:\/\/www.accuratereviews.com\/wp-content\/uploads\/2019\/06\/WEBJAGUAR.png","type":"image\/png"}],"twitter_card":"summary_large_image","twitter_misc":{"Tempo di lettura stimato":"1 minuto"},"schema":{"@context":"https:\/\/schema.org","@graph":[{"@type":"WebPage","@id":"https:\/\/www.accuratereviews.com\/it\/piattaforme-ecommerce-lista\/webjaguar-ecommerce-recensione\/","url":"https:\/\/www.accuratereviews.com\/it\/piattaforme-ecommerce-lista\/webjaguar-ecommerce-recensione\/","name":"WebJaguar Ecommerce: recensione - Accurate Reviews","isPartOf":{"@id":"https:\/\/www.accuratereviews.com\/it\/#website"},"primaryImageOfPage":{"@id":"https:\/\/www.accuratereviews.com\/it\/piattaforme-ecommerce-lista\/webjaguar-ecommerce-recensione\/#primaryimage"},"image":{"@id":"https:\/\/www.accuratereviews.com\/it\/piattaforme-ecommerce-lista\/webjaguar-ecommerce-recensione\/#primaryimage"},"thumbnailUrl":"https:\/\/www.accuratereviews.com\/wp-content\/uploads\/2019\/06\/WEBJAGUAR.png","datePublished":"2019-06-23T16:02:24+00:00","dateModified":"2023-04-04T21:08:08+00:00","description":"WebJaguar: recensione piattaforma ecommerce\u00a0la sua scalabilit\u00e0 consente di farcrescere con il tuo business e di supportarti in ogni fase.","breadcrumb":{"@id":"https:\/\/www.accuratereviews.com\/it\/piattaforme-ecommerce-lista\/webjaguar-ecommerce-recensione\/#breadcrumb"},"inLanguage":"it-IT","potentialAction":[{"@type":"ReadAction","target":["https:\/\/www.accuratereviews.com\/it\/piattaforme-ecommerce-lista\/webjaguar-ecommerce-recensione\/"]}]},{"@type":"ImageObject","inLanguage":"it-IT","@id":"https:\/\/www.accuratereviews.com\/it\/piattaforme-ecommerce-lista\/webjaguar-ecommerce-recensione\/#primaryimage","url":"https:\/\/www.accuratereviews.com\/wp-content\/uploads\/2019\/06\/WEBJAGUAR.png","contentUrl":"https:\/\/www.accuratereviews.com\/wp-content\/uploads\/2019\/06\/WEBJAGUAR.png","width":200,"height":200},{"@type":"BreadcrumbList","@id":"https:\/\/www.accuratereviews.com\/it\/piattaforme-ecommerce-lista\/webjaguar-ecommerce-recensione\/#breadcrumb","itemListElement":[{"@type":"ListItem","position":1,"name":"Home","item":"https:\/\/www.accuratereviews.com\/it\/"},{"@type":"ListItem","position":2,"name":"Ecommerce","item":"https:\/\/www.accuratereviews.com\/it\/piattaforme-ecommerce-lista\/"},{"@type":"ListItem","position":3,"name":"WebJaguar Ecommerce"}]},{"@type":"WebSite","@id":"https:\/\/www.accuratereviews.com\/it\/#website","url":"https:\/\/www.accuratereviews.com\/it\/","name":"Accurate Reviews","description":"","potentialAction":[{"@type":"SearchAction","target":{"@type":"EntryPoint","urlTemplate":"https:\/\/www.accuratereviews.com\/it\/?s={search_term_string}"},"query-input":{"@type":"PropertyValueSpecification","valueRequired":true,"valueName":"search_term_string"}}],"inLanguage":"it-IT"}]}},"_links":{"self":[{"href":"https:\/\/www.accuratereviews.com\/it\/wp-json\/wp\/v2\/pages\/16014","targetHints":{"allow":["GET"]}}],"collection":[{"href":"https:\/\/www.accuratereviews.com\/it\/wp-json\/wp\/v2\/pages"}],"about":[{"href":"https:\/\/www.accuratereviews.com\/it\/wp-json\/wp\/v2\/types\/page"}],"author":[{"embeddable":true,"href":"https:\/\/www.accuratereviews.com\/it\/wp-json\/wp\/v2\/users\/19"}],"replies":[{"embeddable":true,"href":"https:\/\/www.accuratereviews.com\/it\/wp-json\/wp\/v2\/comments?post=16014"}],"version-history":[{"count":8,"href":"https:\/\/www.accuratereviews.com\/it\/wp-json\/wp\/v2\/pages\/16014\/revisions"}],"predecessor-version":[{"id":68570,"href":"https:\/\/www.accuratereviews.com\/it\/wp-json\/wp\/v2\/pages\/16014\/revisions\/68570"}],"up":[{"embeddable":true,"href":"https:\/\/www.accuratereviews.com\/it\/wp-json\/wp\/v2\/pages\/15684"}],"wp:featuredmedia":[{"embeddable":true,"href":"https:\/\/www.accuratereviews.com\/it\/wp-json\/wp\/v2\/media\/16017"}],"wp:attachment":[{"href":"https:\/\/www.accuratereviews.com\/it\/wp-json\/wp\/v2\/media?parent=16014"}],"wp:term":[{"taxonomy":"category","embeddable":true,"href":"https:\/\/www.accuratereviews.com\/it\/wp-json\/wp\/v2\/categories?post=16014"},{"taxonomy":"post_tag","embeddable":true,"href":"https:\/\/www.accuratereviews.com\/it\/wp-json\/wp\/v2\/tags?post=16014"},{"taxonomy":"features","embeddable":true,"href":"https:\/\/www.accuratereviews.com\/it\/wp-json\/wp\/v2\/features?post=16014"}],"curies":[{"name":"wp","href":"https:\/\/api.w.org\/{rel}","templated":true}]}}