{"id":16052,"date":"2019-06-25T11:33:17","date_gmt":"2019-06-25T11:33:17","guid":{"rendered":"https:\/\/www.accuratereviews.com\/?page_id=16052"},"modified":"2023-04-04T16:29:36","modified_gmt":"2023-04-04T16:29:36","slug":"ilance-recensione","status":"publish","type":"page","link":"https:\/\/www.accuratereviews.com\/it\/piattaforme-ecommerce-lista\/ilance-recensione\/","title":{"rendered":"ILance"},"content":{"rendered":"<p><strong>ILance<\/strong> \u00e8 una <strong>soluzione<\/strong>\u00a0<strong>di gestione aste<\/strong> che consente agli utenti di creare piattaforme di aste online in grado di supportare upload e download in blocco, gestione delle spedizioni, messaggistica privata e altro ancora. La soluzione pu\u00f2 essere implementata in locale o ospitata nel <strong>cloud<\/strong>.<span lang=\"it\" tabindex=\"0\">\u00a0Gli utenti possono anche pianificare aste in diretta, impostare gli orari di inizio futuri. La soluzione aiuta gli amministratori dei negozi a creare e classificare l&#8217;inventario, gestire profili fiscali e\u00a0spedizioni personalizzate. Offre anche funzionalit\u00e0 di analisi e reporting degli utenti che includono un pannello di amministrazione e dashboard dello storefront che aiutano utenti e venditori a tenere traccia delle varie attivit\u00e0. Il supporto \u00e8 disponibile via email e telefono.<\/span><\/p>\n<h2>ILANCE &#8211; TUTORIAL<\/h2>\n<p>Guardiamo insieme il tutorial per capire meglio come funziona la gestione delle aste:<\/p>\n<div id=\"fluid-wrapper-counter-1\" class=\"g1-fluid-wrapper \" style=\"width:686px;\">\n<div style=\"padding-bottom:56.268221574344%;\"><iframe loading=\"lazy\" title=\"ILance Software - Setting up your Marketplace Homepage\" width=\"686\" height=\"386\" src=\"https:\/\/www.youtube.com\/embed\/PkbewBm3EHM?feature=oembed&amp;wmode=transparent&amp;autohide=1&amp;autoplay=0&amp;disablekb=0&amp;fs=1&amp;loop=0&amp;enablejsapi=1&amp;rel=0&amp;controls=2&amp;showinfo=0&amp;wmode=transparent&amp;autohide=2&amp;autoplay=0&amp;disablekb=0&amp;fs=1&amp;loop=0&amp;enablejsapi=1&amp;rel=0&amp;controls=2&amp;showinfo=1\" frameborder=\"0\" allow=\"accelerometer; autoplay; clipboard-write; encrypted-media; gyroscope; picture-in-picture; web-share\" allowfullscreen><\/iframe><\/div>\n<\/div>\n<h3>ILANCE &#8211; CARATTERISTICHE<\/h3>\n<ul>\n<li><strong>Accesso social:<\/strong> semplice e rapido consente agli utenti di iniziare tramite Facebook, Google, Twitter e Linked \u00a0a comprare o vendere sul sito web<\/li>\n<li><strong>Compatibile con tutti i dispositivi<\/strong>: progettato per tutti i dispositivi mobili e tablet che utilizzano menu reattivi<\/li>\n<li><strong>Strumenti di monitoraggio<\/strong>: tieni traccia di tutte le sessioni del marketplace, conosci chi \u00e8 online, cerca anche bot e posizioni, monitora l&#8217;attivit\u00e0 degli ospiti, i browser web, gli ultimi clic e la durata della visita.<\/li>\n<li><strong>Secure Escrow<\/strong>: transazioni sicure nel tuo mercato, consentendo agli acquirenti di finanziare l&#8217;account per il pagamento prima di qualsiasi prodotto spedito<\/li>\n<li>\u00a0<strong>Caratteristiche del prodotto<\/strong>: carica i prodotti in qualsiasi mercato con l&#8217;uso di attributi specifici del prodotto, offri agli acquirenti tutti i dettagli di ogni articolo per aiutare con la decisione di acquisto<\/li>\n<li><strong>Notifiche in tempo reale<\/strong>: gli acquirenti sanno quando sono stati superati e quando sono disponibili nuove inserzioni.<\/li>\n<\/ul>\n<h4>LE RECENSIONI DEGLI UTENTI<\/h4>\n<p><strong>Peter &#8220;il miglior prodotto possibile per stupire i vostri clienti&#8221;.<\/strong><br \/>\nCommenti: Inizialmente ho dovuto scegliere tra 10 diverse aziende che fornivano software per le aste, dopo la prima conversazione con Erin ho capito che ILANCE era la strada da percorrere, il supporto clienti \u00e8 fantastico. Ora, io non sono di certo la persona pi\u00f9 esperta di tecnologia, ma il software di ILANCE \u00e8 molto facile da usare sia dal back end che dal front end del sito&#8230; Non ho avuto altro che elogi per il mio sito &#8211; Se siete alla ricerca di un&#8217;azienda che fornisca il miglior prodotto possibile per stupire i vostri clienti, siete sicuramente nel posto giusto con ILANCE!<\/p>\n<p><strong>David &#8220;iLance \u00e8 l&#8217;unica scelta, non si pu\u00f2 battere il prezzo, il supporto e il design&#8221;.<\/strong><br \/>\nCommenti: Abbiamo incontrato circa 20 aziende quando abbiamo stavamo cercando un software per sostituire il nostro sito web Shopify. Siamo una startup ma volevamo qualcosa di nuovo che fosse utilizzabile per i nostri clienti. Erin \u00e8 stata di gran lunga la pi\u00f9 reattiva tra tutti i concorrenti. Non solo era reattiva, ma conosceva i suoi limiti e si affidava al supporto dei suoi sviluppatori e del personale IT. Poi mi \u00e8 stata presentata la comunit\u00e0 di iLance. Il loro supporto \u00e8 stato eccezionale. Molte piattaforme, commenti e domande vengono generalmente ignorate. Se siete alla ricerca di un modo per migliorare la vostra attivit\u00e0 nella vostra comunit\u00e0.<br \/>\nPro: Si tratta di una vera e propria comunit\u00e0 di supporto. Il sito web \u00e8 facile da usare e risulta familiare a chi ha utilizzato Shopify, eBay e altre piattaforme di e-commerce.<br \/>\nContro: Non ci sono commenti sui contro del software<\/p>\n<p><strong>Dave &#8220;Mi piace iLance!&#8221;<\/strong><br \/>\nCommenti: In precedenza vendevo i miei prodotti sui pi\u00f9 grandi mercati di vendita al dettaglio online, ma le tariffe erano devastanti e sapevo che avrei potuto ottenere lead solidi attraverso altri canali di marketing, cos\u00ec ho deciso di crearmi un negozio e poi trovare altri modi per ottenere clienti. Prima ho provato Ilance con alcuni dei miei prodotti, poi ho creato un negozio pi\u00f9 grande e ho trasferito tutto l\u00ec. Ora \u00e8 il mio unico mercato. ILance mi ha offerto un&#8217;ampia gamma di funzionalit\u00e0 che ho apprezzato molto. La maggior parte dell&#8217;aspetto e dell&#8217;organizzazione del negozio \u00e8 stata realizzata da me, il che dimostra quanto il software sia intuitivo e facile da usare. Con ILance ho ottenuto delle opzioni e tutte le spese sono ora solo per me. Lo consiglio davvero!<\/p>\n","protected":false},"excerpt":{"rendered":"<p>ILance \u00e8 una soluzione\u00a0di gestione aste che consente agli utenti di creare piattaforme di aste online in grado di supportare upload e download in blocco, gestione delle spedizioni, messaggistica privata e altro ancora. La soluzione pu\u00f2 essere implementata in locale o ospitata nel cloud.<\/p>\n","protected":false},"author":19,"featured_media":16054,"parent":15684,"menu_order":0,"comment_status":"open","ping_status":"closed","template":"g1_template_page_review_new.php","meta":{"_acf_changed":false,"cwp_meta_box_check":"Yes","cwp_rev_product_name":"","cwp_rev_product_image":"","wppr_links":[],"cwp_rev_price":"","wppr_options":[{"name":"Usability","value":"0"},{"name":"Speed","value":"0"},{"name":"Features","value":"0"},{"name":"Support","value":"0"},{"name":"Pricing","value":"0"}],"wppr_pros":["","","","",""],"wppr_cons":["","","","",""],"_monsterinsights_skip_tracking":false,"_monsterinsights_sitenote_active":false,"_monsterinsights_sitenote_note":"","_monsterinsights_sitenote_category":0,"footnotes":""},"categories":[853],"tags":[396,859,913,914],"features":[],"class_list":{"0":"post-16052","1":"page","2":"type-page","3":"status-publish","4":"has-post-thumbnail","6":"category-ecommerce","7":"tag-cloud","8":"tag-piattaforma-ecommerce","9":"tag-soluzione-aste-online","10":"tag-soluzione-inverntari"},"wppr_data":{"cwp_meta_box_check":"Yes","cwp_rev_product_name":"","_wppr_review_template":"default","cwp_rev_product_image":"","cwp_image_link":"image","wppr_links":[],"cwp_rev_price":"","wppr_pros":["","","","",""],"wppr_cons":["","","","",""],"wppr_rating":"0.00","wppr_options":{"1":{"name":"Usability","value":"0"},"2":{"name":"Speed","value":"0"},"3":{"name":"Features","value":"0"},"4":{"name":"Support","value":"0"},"5":{"name":"Pricing","value":"0"}},"wppr_review_type":"Product","wppr_review_custom_fields":{"additionalProperty":"","additionalType":"","aggregateRating":"","alternateName":"","audience":"","award":"","awards":"","brand":"","color":"","depth":"","description":"","disambiguatingDescription":"","gtin12":"","gtin13":"","gtin14":"","gtin8":"","height":"","identifier":"","image":"","isAccessoryOrSparePartFor":"","isConsumableFor":"","isRelatedTo":"","isSimilarTo":"","itemCondition":"","logo":"","mainEntityOfPage":"","manufacturer":"","material":"","model":"","mpn":"","name":"","offers":"","potentialAction":"","productID":"","productionDate":"","purchaseDate":"","releaseDate":"","review":"","reviews":"","sameAs":"","sku":"","slogan":"","subjectOf":"","url":"","weight":"","width":""}},"acf":[],"yoast_head":"<!-- This site is optimized with the Yoast SEO plugin v27.4 - https:\/\/yoast.com\/product\/yoast-seo-wordpress\/ -->\n<title>ILance: recensione soluzione ecommerce - Accurate Reviews<\/title>\n<meta name=\"description\" content=\"ILance: recensione soluzione gestione aste che consente agli utenti di creare piattaforme di aste online, creare l&#039;inventario, gestire spedizioni e altro.\" \/>\n<meta name=\"robots\" content=\"index, follow, max-snippet:-1, max-image-preview:large, max-video-preview:-1\" \/>\n<link rel=\"canonical\" href=\"https:\/\/www.accuratereviews.com\/it\/piattaforme-ecommerce-lista\/ilance-recensione\/\" \/>\n<meta property=\"og:locale\" content=\"it_IT\" \/>\n<meta property=\"og:type\" content=\"article\" \/>\n<meta property=\"og:title\" content=\"ILance: recensione soluzione ecommerce - Accurate Reviews\" \/>\n<meta property=\"og:description\" content=\"ILance: recensione soluzione gestione aste che consente agli utenti di creare piattaforme di aste online, creare l&#039;inventario, gestire spedizioni e altro.\" \/>\n<meta property=\"og:url\" content=\"https:\/\/www.accuratereviews.com\/it\/piattaforme-ecommerce-lista\/ilance-recensione\/\" \/>\n<meta property=\"og:site_name\" content=\"Accurate Reviews\" \/>\n<meta property=\"article:modified_time\" content=\"2023-04-04T16:29:36+00:00\" \/>\n<meta property=\"og:image\" content=\"https:\/\/www.accuratereviews.com\/wp-content\/uploads\/2019\/06\/ilance.png\" \/>\n\t<meta property=\"og:image:width\" content=\"600\" \/>\n\t<meta property=\"og:image:height\" content=\"315\" \/>\n\t<meta property=\"og:image:type\" content=\"image\/png\" \/>\n<meta name=\"twitter:card\" content=\"summary_large_image\" \/>\n<meta name=\"twitter:label1\" content=\"Tempo di lettura stimato\" \/>\n\t<meta name=\"twitter:data1\" content=\"4 minuti\" \/>\n<script type=\"application\/ld+json\" class=\"yoast-schema-graph\">{\"@context\":\"https:\\\/\\\/schema.org\",\"@graph\":[{\"@type\":\"WebPage\",\"@id\":\"https:\\\/\\\/www.accuratereviews.com\\\/it\\\/piattaforme-ecommerce-lista\\\/ilance-recensione\\\/\",\"url\":\"https:\\\/\\\/www.accuratereviews.com\\\/it\\\/piattaforme-ecommerce-lista\\\/ilance-recensione\\\/\",\"name\":\"ILance: recensione soluzione ecommerce - Accurate Reviews\",\"isPartOf\":{\"@id\":\"https:\\\/\\\/www.accuratereviews.com\\\/it\\\/#website\"},\"primaryImageOfPage\":{\"@id\":\"https:\\\/\\\/www.accuratereviews.com\\\/it\\\/piattaforme-ecommerce-lista\\\/ilance-recensione\\\/#primaryimage\"},\"image\":{\"@id\":\"https:\\\/\\\/www.accuratereviews.com\\\/it\\\/piattaforme-ecommerce-lista\\\/ilance-recensione\\\/#primaryimage\"},\"thumbnailUrl\":\"https:\\\/\\\/www.accuratereviews.com\\\/wp-content\\\/uploads\\\/2019\\\/06\\\/ilance.png\",\"datePublished\":\"2019-06-25T11:33:17+00:00\",\"dateModified\":\"2023-04-04T16:29:36+00:00\",\"description\":\"ILance: recensione soluzione gestione aste che consente agli utenti di creare piattaforme di aste online, creare l'inventario, gestire spedizioni e altro.\",\"breadcrumb\":{\"@id\":\"https:\\\/\\\/www.accuratereviews.com\\\/it\\\/piattaforme-ecommerce-lista\\\/ilance-recensione\\\/#breadcrumb\"},\"inLanguage\":\"it-IT\",\"potentialAction\":[{\"@type\":\"ReadAction\",\"target\":[\"https:\\\/\\\/www.accuratereviews.com\\\/it\\\/piattaforme-ecommerce-lista\\\/ilance-recensione\\\/\"]}]},{\"@type\":\"ImageObject\",\"inLanguage\":\"it-IT\",\"@id\":\"https:\\\/\\\/www.accuratereviews.com\\\/it\\\/piattaforme-ecommerce-lista\\\/ilance-recensione\\\/#primaryimage\",\"url\":\"https:\\\/\\\/www.accuratereviews.com\\\/wp-content\\\/uploads\\\/2019\\\/06\\\/ilance.png\",\"contentUrl\":\"https:\\\/\\\/www.accuratereviews.com\\\/wp-content\\\/uploads\\\/2019\\\/06\\\/ilance.png\",\"width\":600,\"height\":315},{\"@type\":\"BreadcrumbList\",\"@id\":\"https:\\\/\\\/www.accuratereviews.com\\\/it\\\/piattaforme-ecommerce-lista\\\/ilance-recensione\\\/#breadcrumb\",\"itemListElement\":[{\"@type\":\"ListItem\",\"position\":1,\"name\":\"Home\",\"item\":\"https:\\\/\\\/www.accuratereviews.com\\\/it\\\/\"},{\"@type\":\"ListItem\",\"position\":2,\"name\":\"Ecommerce\",\"item\":\"https:\\\/\\\/www.accuratereviews.com\\\/it\\\/piattaforme-ecommerce-lista\\\/\"},{\"@type\":\"ListItem\",\"position\":3,\"name\":\"ILance\"}]},{\"@type\":\"WebSite\",\"@id\":\"https:\\\/\\\/www.accuratereviews.com\\\/it\\\/#website\",\"url\":\"https:\\\/\\\/www.accuratereviews.com\\\/it\\\/\",\"name\":\"Accurate Reviews\",\"description\":\"\",\"potentialAction\":[{\"@type\":\"SearchAction\",\"target\":{\"@type\":\"EntryPoint\",\"urlTemplate\":\"https:\\\/\\\/www.accuratereviews.com\\\/it\\\/?s={search_term_string}\"},\"query-input\":{\"@type\":\"PropertyValueSpecification\",\"valueRequired\":true,\"valueName\":\"search_term_string\"}}],\"inLanguage\":\"it-IT\"}]}<\/script>\n<!-- \/ Yoast SEO plugin. -->","yoast_head_json":{"title":"ILance: recensione soluzione ecommerce - Accurate Reviews","description":"ILance: recensione soluzione gestione aste che consente agli utenti di creare piattaforme di aste online, creare l'inventario, gestire spedizioni e altro.","robots":{"index":"index","follow":"follow","max-snippet":"max-snippet:-1","max-image-preview":"max-image-preview:large","max-video-preview":"max-video-preview:-1"},"canonical":"https:\/\/www.accuratereviews.com\/it\/piattaforme-ecommerce-lista\/ilance-recensione\/","og_locale":"it_IT","og_type":"article","og_title":"ILance: recensione soluzione ecommerce - Accurate Reviews","og_description":"ILance: recensione soluzione gestione aste che consente agli utenti di creare piattaforme di aste online, creare l'inventario, gestire spedizioni e altro.","og_url":"https:\/\/www.accuratereviews.com\/it\/piattaforme-ecommerce-lista\/ilance-recensione\/","og_site_name":"Accurate Reviews","article_modified_time":"2023-04-04T16:29:36+00:00","og_image":[{"width":600,"height":315,"url":"https:\/\/www.accuratereviews.com\/wp-content\/uploads\/2019\/06\/ilance.png","type":"image\/png"}],"twitter_card":"summary_large_image","twitter_misc":{"Tempo di lettura stimato":"4 minuti"},"schema":{"@context":"https:\/\/schema.org","@graph":[{"@type":"WebPage","@id":"https:\/\/www.accuratereviews.com\/it\/piattaforme-ecommerce-lista\/ilance-recensione\/","url":"https:\/\/www.accuratereviews.com\/it\/piattaforme-ecommerce-lista\/ilance-recensione\/","name":"ILance: recensione soluzione ecommerce - Accurate Reviews","isPartOf":{"@id":"https:\/\/www.accuratereviews.com\/it\/#website"},"primaryImageOfPage":{"@id":"https:\/\/www.accuratereviews.com\/it\/piattaforme-ecommerce-lista\/ilance-recensione\/#primaryimage"},"image":{"@id":"https:\/\/www.accuratereviews.com\/it\/piattaforme-ecommerce-lista\/ilance-recensione\/#primaryimage"},"thumbnailUrl":"https:\/\/www.accuratereviews.com\/wp-content\/uploads\/2019\/06\/ilance.png","datePublished":"2019-06-25T11:33:17+00:00","dateModified":"2023-04-04T16:29:36+00:00","description":"ILance: recensione soluzione gestione aste che consente agli utenti di creare piattaforme di aste online, creare l'inventario, gestire spedizioni e altro.","breadcrumb":{"@id":"https:\/\/www.accuratereviews.com\/it\/piattaforme-ecommerce-lista\/ilance-recensione\/#breadcrumb"},"inLanguage":"it-IT","potentialAction":[{"@type":"ReadAction","target":["https:\/\/www.accuratereviews.com\/it\/piattaforme-ecommerce-lista\/ilance-recensione\/"]}]},{"@type":"ImageObject","inLanguage":"it-IT","@id":"https:\/\/www.accuratereviews.com\/it\/piattaforme-ecommerce-lista\/ilance-recensione\/#primaryimage","url":"https:\/\/www.accuratereviews.com\/wp-content\/uploads\/2019\/06\/ilance.png","contentUrl":"https:\/\/www.accuratereviews.com\/wp-content\/uploads\/2019\/06\/ilance.png","width":600,"height":315},{"@type":"BreadcrumbList","@id":"https:\/\/www.accuratereviews.com\/it\/piattaforme-ecommerce-lista\/ilance-recensione\/#breadcrumb","itemListElement":[{"@type":"ListItem","position":1,"name":"Home","item":"https:\/\/www.accuratereviews.com\/it\/"},{"@type":"ListItem","position":2,"name":"Ecommerce","item":"https:\/\/www.accuratereviews.com\/it\/piattaforme-ecommerce-lista\/"},{"@type":"ListItem","position":3,"name":"ILance"}]},{"@type":"WebSite","@id":"https:\/\/www.accuratereviews.com\/it\/#website","url":"https:\/\/www.accuratereviews.com\/it\/","name":"Accurate Reviews","description":"","potentialAction":[{"@type":"SearchAction","target":{"@type":"EntryPoint","urlTemplate":"https:\/\/www.accuratereviews.com\/it\/?s={search_term_string}"},"query-input":{"@type":"PropertyValueSpecification","valueRequired":true,"valueName":"search_term_string"}}],"inLanguage":"it-IT"}]}},"_links":{"self":[{"href":"https:\/\/www.accuratereviews.com\/it\/wp-json\/wp\/v2\/pages\/16052","targetHints":{"allow":["GET"]}}],"collection":[{"href":"https:\/\/www.accuratereviews.com\/it\/wp-json\/wp\/v2\/pages"}],"about":[{"href":"https:\/\/www.accuratereviews.com\/it\/wp-json\/wp\/v2\/types\/page"}],"author":[{"embeddable":true,"href":"https:\/\/www.accuratereviews.com\/it\/wp-json\/wp\/v2\/users\/19"}],"replies":[{"embeddable":true,"href":"https:\/\/www.accuratereviews.com\/it\/wp-json\/wp\/v2\/comments?post=16052"}],"version-history":[{"count":13,"href":"https:\/\/www.accuratereviews.com\/it\/wp-json\/wp\/v2\/pages\/16052\/revisions"}],"predecessor-version":[{"id":68555,"href":"https:\/\/www.accuratereviews.com\/it\/wp-json\/wp\/v2\/pages\/16052\/revisions\/68555"}],"up":[{"embeddable":true,"href":"https:\/\/www.accuratereviews.com\/it\/wp-json\/wp\/v2\/pages\/15684"}],"wp:featuredmedia":[{"embeddable":true,"href":"https:\/\/www.accuratereviews.com\/it\/wp-json\/wp\/v2\/media\/16054"}],"wp:attachment":[{"href":"https:\/\/www.accuratereviews.com\/it\/wp-json\/wp\/v2\/media?parent=16052"}],"wp:term":[{"taxonomy":"category","embeddable":true,"href":"https:\/\/www.accuratereviews.com\/it\/wp-json\/wp\/v2\/categories?post=16052"},{"taxonomy":"post_tag","embeddable":true,"href":"https:\/\/www.accuratereviews.com\/it\/wp-json\/wp\/v2\/tags?post=16052"},{"taxonomy":"features","embeddable":true,"href":"https:\/\/www.accuratereviews.com\/it\/wp-json\/wp\/v2\/features?post=16052"}],"curies":[{"name":"wp","href":"https:\/\/api.w.org\/{rel}","templated":true}]}}