{"id":16177,"date":"2019-06-28T15:58:02","date_gmt":"2019-06-28T15:58:02","guid":{"rendered":"https:\/\/www.accuratereviews.com\/?page_id=16177"},"modified":"2023-06-23T14:26:16","modified_gmt":"2023-06-23T14:26:16","slug":"wordpress-recensione","status":"publish","type":"page","link":"https:\/\/www.accuratereviews.com\/it\/software-cms\/wordpress-recensione\/","title":{"rendered":"WordPress"},"content":{"rendered":"<p id=\"tw-target-text\" class=\"tw-data-text tw-ta tw-text-small\" dir=\"ltr\" data-placeholder=\"Traduzione\"><span lang=\"it\" tabindex=\"0\"><strong>WordPress<\/strong> \u00e8 presente sul mercato dal 2003 e da allora \u00e8 considerato il <strong>software di blogging<\/strong> pi\u00f9 popolare che supporta anche le funzioni di <strong>gestione dei contenuti<\/strong>. \u00c8 molto facile da usare e ha un&#8217;interfaccia intuitiva fondamentale per essere gestita da utenti non esperti. Puoi aggiungere nuove pagine, post di blog, immagini, ecc. senza problemi. Con WordPress, puoi anche gestire tutti i tuoi siti web da qualsiasi computer o dispositivo portatile, inoltre, non vi \u00e8 alcuna necessit\u00e0 di <strong>editing HTML<\/strong> o <strong>software FTP<\/strong>, poich\u00e9 WordPress \u00e8 in pratica un sistema autonomo. Il design scelto per il tuo sito web \u00e8 personalizzabile al 100% e i blog sono integrati e pronti all&#8217;uso. Questa piattaforma facile da usare ti consente di apportare personalmente le modifiche al sito web e include anche una serie di temi che possono essere utilizzati liberamente, in questo modo, sarai in grado di ridurre il tempo per lo sviluppo \u00a0di un sito web. C&#8217;\u00e8 un&#8217;alta percentuale di sviluppatori che stanno creando temi e plugin, il che significa che, se stai cercando una funzionalit\u00e0 da aggiungere al tuo sito, c&#8217;\u00e8 un&#8217;alta possibilit\u00e0 che sar\u00e0 gi\u00e0 disponibile per te, quello che devi fare \u00e8 solo implementarlo.\u00a0<\/span><\/p>\n<h2 dir=\"ltr\" data-placeholder=\"Traduzione\">WORDPRESS &#8211; TUTORIAL<\/h2>\n<p>Il video tutorial che seguir\u00e0 mostra come creare un sito web con questo <strong>software CMS<\/strong>:<\/p>\n<div id=\"fluid-wrapper-counter-1\" class=\"g1-fluid-wrapper \" style=\"width:686px;\">\n<div style=\"padding-bottom:56.268221574344%;\"><iframe loading=\"lazy\" title=\"[ITA] - WordPress Tutorial - Creare un sito WordPress in meno di 60 minuti\" width=\"686\" height=\"386\" src=\"https:\/\/www.youtube.com\/embed\/c4HWyvDpNss?feature=oembed&amp;wmode=transparent&amp;autohide=1&amp;autoplay=0&amp;disablekb=0&amp;fs=1&amp;loop=0&amp;enablejsapi=1&amp;rel=0&amp;controls=2&amp;showinfo=0&amp;wmode=transparent&amp;autohide=2&amp;autoplay=0&amp;disablekb=0&amp;fs=1&amp;loop=0&amp;enablejsapi=1&amp;rel=0&amp;controls=2&amp;showinfo=1\" frameborder=\"0\" allow=\"accelerometer; autoplay; clipboard-write; encrypted-media; gyroscope; picture-in-picture; web-share\" allowfullscreen><\/iframe><\/div>\n<\/div>\n<h3>WORDPRESS &#8211; CARATTERISTICHE<\/h3>\n<ul>\n<li><strong>Semplicit\u00e0:\u00a0<\/strong>crea e pubblica un sito velocemente<\/li>\n<li><strong>Flessibilit\u00e0:\u00a0<\/strong>crea qualsiasi tipo di sito web da un blog personale a un sito commerciale<\/li>\n<li><strong>Strumenti di Pubblicazione: <\/strong>crea bozze, programma le pubblicazioni e controlla le revisioni degli articoli. Puoi rendere i tuoi contenuti pubblici o privati e proteggere articoli e pagine con una password.<\/li>\n<li><strong>Gestione degli Utenti<\/strong>: gli amministratori gestiscono il sito, gli editori lavorano sul contenuto, autori e collaboratori scrivono contenuti e i sottoscrittori hanno un profilo che possono gestire. Tutto questo ti permette di avere diversi tipi di collaboratori per il tuo sito web mentre gli altri saranno semplicemente parte della tua comunit\u00e0.<\/li>\n<li><strong>Gestione dei Media<\/strong>: trascina e rilascia i tuoi media nell&#8217;uploader per aggiungerli al tuo sito web. Aggiungi il testo e le didascalie e inserisci immagini e gallerie nel tuo contenuto e da oggi puoi puoi modificare le tue immagine direttamente da qui.<\/li>\n<li><strong>Completa Conformit\u00e0 agli Standard: <\/strong>ogni parte di WordPress genera codice pienamente compatibile con gli standard del W3C. Questo significa che il tuo sito web funzioner\u00e0 con i browser attuali e sar\u00e0 compatibile con la prossima generazione di browser.<\/li>\n<li><strong>Estensibile con plugin<\/strong>: il sistema include caratteristiche adatte ad ogni utente ma in caso quelle standard non fanno al caso tuo nella directory di plugin sono presenti migliaia di funzionalit\u00e0.<\/li>\n<li><strong>Ottimizzato per i motori di ricerca<\/strong>: sezione integrata della\u00a0SEO con molti plugin per ottimizzare i tuoi siti nei motori di ricerca<\/li>\n<li><strong>Multilingua<\/strong>: il sistema \u00e8 disponibile in pi\u00f9 di 70 lingue.<\/li>\n<li><strong>Comunit\u00e0: <\/strong>in quanto CMS open source pi\u00f9 diffuso nel web ha una comunit\u00e0 attiva e di supporto. Puoi fare una domanda nei forum di supporto\u00a0e ricevere aiuto dai volontari.<\/li>\n<\/ul>\n<h4>LE RECENSIONI DEGLI UTENTI<\/h4>\n<p><strong>Greta &#8220;WordPress, il tuo blog in un click&#8221;<\/strong><br \/>\nCommenti: Consiglierei WordPress a tutti, anche ai meno esperti perch\u00e8 \u00e8 davvero facile da usare e intuitivo. E&#8217; un modo semplice per creare il proprio blog e gestire anche pubblicit\u00e0 native all&#8217;interno del proprio sito web. WordPress permette la creazione del proprio sito web anche attraverso un builder a blocchi che \u00e8 davvero comodo da usare per gestire le diverse parti di una pagina web.<br \/>\nPro: WordPress \u00e8 un CMS che permette la realizzazione e la pubblicazione di contenuti per il proprio blog e sito web. E&#8217; possibile arricchire gli articoli con immagini, video e codici html, ci\u00f2 significa che WordPress garantisce un alta personalizzazione dei contenuti in base alle proprie esigenze. WordPress in generale permette la creazione di siti web, che vengono organizzati con una struttura a propria scelta, infatti \u00e8 possibile creare men\u00f9, categorie, organizzare articoli in base ai tag. Con l&#8217;installazione dei diversi plug-in poi, \u00e8 possibile gestire inserzioni adv, native o display, monitorare gli analytics del sito e persino creare e gestire un&#8217;e-commerce. L&#8217;installazione di WordPress \u00e8 semplice e anche la personalizzazione dei temi, i prezzi dei vari piani accessibili a tutti.<br \/>\nContro: Per creare alcune sezioni del sito non sempre basta installare i plug-in perch\u00e9 \u00e8 necessario intervenire nel codice back-end del sito, come per gestire certi tipi di e-commerce. Inoltre alcuni template che si scelgono per il sito non sono cos\u00ec semplici da gestire e personalizzare e l&#8217;assistenza per questi non \u00e8 talvolta esaustiva anche perch\u00e9 spesso in inglese. Un&#8217;altra cosa svantaggiosa di WordPress \u00e8 il fatto che alcune azioni multiple su articoli non sono \u00e8 possibili da effettuare, quindi bisogna farla manualmente.<\/p>\n<p><strong>Gino &#8220;Con WordPress non chiederti SE \u00e8 possibile farlo ma solo COME farlo! CMS al top!&#8221;<\/strong><br \/>\nCommenti: Ho iniziato ad utilizzare WordPress fin dalle primissime versioni, quando ancora era visto con una certa diffidenza. Il veloce sviluppo ha invece dimostrato le enormi potenzialit\u00e0 portandolo ad essere il metodo pi\u00f9 diffuso per la realizzazione di siti e contenuti per il web. Non mi pentir\u00f2 mai di tutte le ore che ho impiegato inizialmente per capirne il funzionamento. Adesso gestisco da semplici siti a e-commerce, sistemi di prenotazione online, piattaforme di ticket management e molto, molto altro.<br \/>\nPro: Con WordPress non ci sono limiti. Qualsiasi progetto mi venga proposto lo vedo gi\u00e0 realizzato in WordPress. Grazie ad una piattaforma ormai molto stabile, migliaia di plugin e temi (gratuiti e premium) realizzati da professionisti in tutto il mondo, l&#8217;unico limite \u00e8 la conoscenza del prodotto stesso.<br \/>\nContro: L&#8217;enorme diffusione di WordPress obbliga ad essere molto accorti per quanto riguarda la sicurezza: sicuramente di vitale importanza sono i backup, da effettuare regolarmente, in modo da ripristinare le installazioni in caso di attacchi o crash dovuti ad aggiornamenti falliti del core o dei plugin. Altro aspetto \u00e8 l&#8217;hosting che deve essere sempre proporzionato al progetto da realizzare in modo da non avere mai carenza di risorse hardware.<\/p>\n<p><strong>Nicola &#8220;Il software leader nella creazione di siti web&#8221;<\/strong><br \/>\nCommenti: La mia esperienza complessiva con WordPress \u00e8 stata molto positiva. \u00c8 uno strumento versatile e facile da usare che mi ha permesso di creare e personalizzare il mio sito web senza dover affidarmi a un programmatore esterno. Mi ha anche permesso di risolvere molti problemi aziendali, come la gestione dei contenuti e l&#8217;ottimizzazione per i motori di ricerca.<br \/>\nPro: Ci sono molte cose che mi piacciono di WordPress, in particolare la sua semplicit\u00e0 d&#8217;uso e la vasta gamma di funzionalit\u00e0 offerte. La personalizzazione del sito web \u00e8 molto facile grazie a una vasta selezione di temi e plugin disponibili. Inoltre, l&#8217;integrazione con i processi aziendali esistenti \u00e8 molto semplice, il che lo rende un&#8217;ottima scelta per le aziende di ogni dimensione. Le funzionalit\u00e0 pi\u00f9 importanti di WordPress sono la creazione di pagine e post, la personalizzazione del tema, l&#8217;utilizzo di plugin per estendere le funzionalit\u00e0 del sito, e la gestione dei commenti e dei media. \u00c8 molto facile da usare, anche per i principianti, e l&#8217;interfaccia \u00e8 intuitiva e facile da navigare.<br \/>\nContro: Ci sono alcune cose che mi piacciono di meno di WordPress, come la sicurezza che a volte pu\u00f2 essere compromessa a causa di plugin non sicuri o temi obsoleti. Inoltre, l&#8217;aggiornamento del software pu\u00f2 a volte causare problemi con i plugin o i temi, il che richiede una certa conoscenza tecnica per risolvere.<\/p>\n","protected":false},"excerpt":{"rendered":"<p>WordPress \u00e8 presente sul mercato dal 2003 e da allora \u00e8 considerato il software di blogging pi\u00f9 popolare che supporta anche le funzioni di gestione dei contenuti. Il pi\u00f9 grande vantaggio \u00e8 chequesto programma \u00e8 molto facile da usare e ha un&#8217;interfaccia intuitiva fondamentale per essere gestita da utenti non esperti.<\/p>\n","protected":false},"author":19,"featured_media":16180,"parent":16175,"menu_order":0,"comment_status":"open","ping_status":"closed","template":"g1_template_page_review_new.php","meta":{"_acf_changed":false,"cwp_meta_box_check":"Yes","cwp_rev_product_name":"","cwp_rev_product_image":"","wppr_links":[],"cwp_rev_price":"","wppr_options":[{"name":"Usability","value":"0"},{"name":"Speed","value":"0"},{"name":"Features","value":"0"},{"name":"Support","value":"0"},{"name":"Pricing","value":"0"}],"wppr_pros":["","","","",""],"wppr_cons":["","","","",""],"_monsterinsights_skip_tracking":false,"_monsterinsights_sitenote_active":false,"_monsterinsights_sitenote_note":"","_monsterinsights_sitenote_category":0,"footnotes":""},"categories":[931],"tags":[936,246,934,932,933,935],"features":[],"class_list":{"0":"post-16177","1":"page","2":"type-page","3":"status-publish","4":"has-post-thumbnail","6":"category-cms","7":"tag-gestione-dei-contenuti","8":"tag-open-source","9":"tag-programma-cms","10":"tag-sistema-cms","11":"tag-software-cms","12":"tag-software-di-blogging"},"wppr_data":{"cwp_meta_box_check":"Yes","cwp_rev_product_name":"","_wppr_review_template":"default","cwp_rev_product_image":"","cwp_image_link":"image","wppr_links":[],"cwp_rev_price":"","wppr_pros":["","","","",""],"wppr_cons":["","","","",""],"wppr_rating":"0.00","wppr_options":{"1":{"name":"Usability","value":"0"},"2":{"name":"Speed","value":"0"},"3":{"name":"Features","value":"0"},"4":{"name":"Support","value":"0"},"5":{"name":"Pricing","value":"0"}},"wppr_review_type":"Product","wppr_review_custom_fields":{"additionalProperty":"","additionalType":"","aggregateRating":"","alternateName":"","audience":"","award":"","awards":"","brand":"","color":"","depth":"","description":"","disambiguatingDescription":"","gtin12":"","gtin13":"","gtin14":"","gtin8":"","height":"","identifier":"","image":"","isAccessoryOrSparePartFor":"","isConsumableFor":"","isRelatedTo":"","isSimilarTo":"","itemCondition":"","logo":"","mainEntityOfPage":"","manufacturer":"","material":"","model":"","mpn":"","name":"","offers":"","potentialAction":"","productID":"","productionDate":"","purchaseDate":"","releaseDate":"","review":"","reviews":"","sameAs":"","sku":"","slogan":"","subjectOf":"","url":"","weight":"","width":""}},"acf":[],"yoast_head":"<!-- This site is optimized with the Yoast SEO plugin v27.4 - https:\/\/yoast.com\/product\/yoast-seo-wordpress\/ -->\n<title>WordPress: recensione software CMS - Accurate Reviews<\/title>\n<meta name=\"description\" content=\"WordPress: recensione software CMS presente sul mercato dal 2003 e da allora \u00e8 considerato il programma di blogging pi\u00f9 popolare.\" \/>\n<meta name=\"robots\" content=\"index, follow, max-snippet:-1, max-image-preview:large, max-video-preview:-1\" \/>\n<link rel=\"canonical\" href=\"https:\/\/www.accuratereviews.com\/it\/software-cms\/wordpress-recensione\/\" \/>\n<meta property=\"og:locale\" content=\"it_IT\" \/>\n<meta property=\"og:type\" content=\"article\" \/>\n<meta property=\"og:title\" content=\"WordPress: recensione software CMS - Accurate Reviews\" \/>\n<meta property=\"og:description\" content=\"WordPress: recensione software CMS presente sul mercato dal 2003 e da allora \u00e8 considerato il programma di blogging pi\u00f9 popolare.\" \/>\n<meta property=\"og:url\" content=\"https:\/\/www.accuratereviews.com\/it\/software-cms\/wordpress-recensione\/\" \/>\n<meta property=\"og:site_name\" content=\"Accurate Reviews\" \/>\n<meta property=\"article:modified_time\" content=\"2023-06-23T14:26:16+00:00\" \/>\n<meta property=\"og:image\" content=\"https:\/\/www.accuratereviews.com\/wp-content\/uploads\/2019\/06\/wordpress.png\" \/>\n\t<meta property=\"og:image:width\" content=\"632\" \/>\n\t<meta property=\"og:image:height\" content=\"600\" \/>\n\t<meta property=\"og:image:type\" content=\"image\/png\" \/>\n<meta name=\"twitter:card\" content=\"summary_large_image\" \/>\n<meta name=\"twitter:label1\" content=\"Tempo di lettura stimato\" \/>\n\t<meta name=\"twitter:data1\" content=\"7 minuti\" \/>\n<script type=\"application\/ld+json\" class=\"yoast-schema-graph\">{\"@context\":\"https:\\\/\\\/schema.org\",\"@graph\":[{\"@type\":\"WebPage\",\"@id\":\"https:\\\/\\\/www.accuratereviews.com\\\/it\\\/software-cms\\\/wordpress-recensione\\\/\",\"url\":\"https:\\\/\\\/www.accuratereviews.com\\\/it\\\/software-cms\\\/wordpress-recensione\\\/\",\"name\":\"WordPress: recensione software CMS - Accurate Reviews\",\"isPartOf\":{\"@id\":\"https:\\\/\\\/www.accuratereviews.com\\\/it\\\/#website\"},\"primaryImageOfPage\":{\"@id\":\"https:\\\/\\\/www.accuratereviews.com\\\/it\\\/software-cms\\\/wordpress-recensione\\\/#primaryimage\"},\"image\":{\"@id\":\"https:\\\/\\\/www.accuratereviews.com\\\/it\\\/software-cms\\\/wordpress-recensione\\\/#primaryimage\"},\"thumbnailUrl\":\"https:\\\/\\\/www.accuratereviews.com\\\/wp-content\\\/uploads\\\/2019\\\/06\\\/wordpress.png\",\"datePublished\":\"2019-06-28T15:58:02+00:00\",\"dateModified\":\"2023-06-23T14:26:16+00:00\",\"description\":\"WordPress: recensione software CMS presente sul mercato dal 2003 e da allora \u00e8 considerato il programma di blogging pi\u00f9 popolare.\",\"breadcrumb\":{\"@id\":\"https:\\\/\\\/www.accuratereviews.com\\\/it\\\/software-cms\\\/wordpress-recensione\\\/#breadcrumb\"},\"inLanguage\":\"it-IT\",\"potentialAction\":[{\"@type\":\"ReadAction\",\"target\":[\"https:\\\/\\\/www.accuratereviews.com\\\/it\\\/software-cms\\\/wordpress-recensione\\\/\"]}]},{\"@type\":\"ImageObject\",\"inLanguage\":\"it-IT\",\"@id\":\"https:\\\/\\\/www.accuratereviews.com\\\/it\\\/software-cms\\\/wordpress-recensione\\\/#primaryimage\",\"url\":\"https:\\\/\\\/www.accuratereviews.com\\\/wp-content\\\/uploads\\\/2019\\\/06\\\/wordpress.png\",\"contentUrl\":\"https:\\\/\\\/www.accuratereviews.com\\\/wp-content\\\/uploads\\\/2019\\\/06\\\/wordpress.png\",\"width\":632,\"height\":600},{\"@type\":\"BreadcrumbList\",\"@id\":\"https:\\\/\\\/www.accuratereviews.com\\\/it\\\/software-cms\\\/wordpress-recensione\\\/#breadcrumb\",\"itemListElement\":[{\"@type\":\"ListItem\",\"position\":1,\"name\":\"Home\",\"item\":\"https:\\\/\\\/www.accuratereviews.com\\\/it\\\/\"},{\"@type\":\"ListItem\",\"position\":2,\"name\":\"Software CMS\",\"item\":\"https:\\\/\\\/www.accuratereviews.com\\\/it\\\/software-cms\\\/\"},{\"@type\":\"ListItem\",\"position\":3,\"name\":\"WordPress\"}]},{\"@type\":\"WebSite\",\"@id\":\"https:\\\/\\\/www.accuratereviews.com\\\/it\\\/#website\",\"url\":\"https:\\\/\\\/www.accuratereviews.com\\\/it\\\/\",\"name\":\"Accurate Reviews\",\"description\":\"\",\"potentialAction\":[{\"@type\":\"SearchAction\",\"target\":{\"@type\":\"EntryPoint\",\"urlTemplate\":\"https:\\\/\\\/www.accuratereviews.com\\\/it\\\/?s={search_term_string}\"},\"query-input\":{\"@type\":\"PropertyValueSpecification\",\"valueRequired\":true,\"valueName\":\"search_term_string\"}}],\"inLanguage\":\"it-IT\"}]}<\/script>\n<!-- \/ Yoast SEO plugin. -->","yoast_head_json":{"title":"WordPress: recensione software CMS - Accurate Reviews","description":"WordPress: recensione software CMS presente sul mercato dal 2003 e da allora \u00e8 considerato il programma di blogging pi\u00f9 popolare.","robots":{"index":"index","follow":"follow","max-snippet":"max-snippet:-1","max-image-preview":"max-image-preview:large","max-video-preview":"max-video-preview:-1"},"canonical":"https:\/\/www.accuratereviews.com\/it\/software-cms\/wordpress-recensione\/","og_locale":"it_IT","og_type":"article","og_title":"WordPress: recensione software CMS - Accurate Reviews","og_description":"WordPress: recensione software CMS presente sul mercato dal 2003 e da allora \u00e8 considerato il programma di blogging pi\u00f9 popolare.","og_url":"https:\/\/www.accuratereviews.com\/it\/software-cms\/wordpress-recensione\/","og_site_name":"Accurate Reviews","article_modified_time":"2023-06-23T14:26:16+00:00","og_image":[{"width":632,"height":600,"url":"https:\/\/www.accuratereviews.com\/wp-content\/uploads\/2019\/06\/wordpress.png","type":"image\/png"}],"twitter_card":"summary_large_image","twitter_misc":{"Tempo di lettura stimato":"7 minuti"},"schema":{"@context":"https:\/\/schema.org","@graph":[{"@type":"WebPage","@id":"https:\/\/www.accuratereviews.com\/it\/software-cms\/wordpress-recensione\/","url":"https:\/\/www.accuratereviews.com\/it\/software-cms\/wordpress-recensione\/","name":"WordPress: recensione software CMS - Accurate Reviews","isPartOf":{"@id":"https:\/\/www.accuratereviews.com\/it\/#website"},"primaryImageOfPage":{"@id":"https:\/\/www.accuratereviews.com\/it\/software-cms\/wordpress-recensione\/#primaryimage"},"image":{"@id":"https:\/\/www.accuratereviews.com\/it\/software-cms\/wordpress-recensione\/#primaryimage"},"thumbnailUrl":"https:\/\/www.accuratereviews.com\/wp-content\/uploads\/2019\/06\/wordpress.png","datePublished":"2019-06-28T15:58:02+00:00","dateModified":"2023-06-23T14:26:16+00:00","description":"WordPress: recensione software CMS presente sul mercato dal 2003 e da allora \u00e8 considerato il programma di blogging pi\u00f9 popolare.","breadcrumb":{"@id":"https:\/\/www.accuratereviews.com\/it\/software-cms\/wordpress-recensione\/#breadcrumb"},"inLanguage":"it-IT","potentialAction":[{"@type":"ReadAction","target":["https:\/\/www.accuratereviews.com\/it\/software-cms\/wordpress-recensione\/"]}]},{"@type":"ImageObject","inLanguage":"it-IT","@id":"https:\/\/www.accuratereviews.com\/it\/software-cms\/wordpress-recensione\/#primaryimage","url":"https:\/\/www.accuratereviews.com\/wp-content\/uploads\/2019\/06\/wordpress.png","contentUrl":"https:\/\/www.accuratereviews.com\/wp-content\/uploads\/2019\/06\/wordpress.png","width":632,"height":600},{"@type":"BreadcrumbList","@id":"https:\/\/www.accuratereviews.com\/it\/software-cms\/wordpress-recensione\/#breadcrumb","itemListElement":[{"@type":"ListItem","position":1,"name":"Home","item":"https:\/\/www.accuratereviews.com\/it\/"},{"@type":"ListItem","position":2,"name":"Software CMS","item":"https:\/\/www.accuratereviews.com\/it\/software-cms\/"},{"@type":"ListItem","position":3,"name":"WordPress"}]},{"@type":"WebSite","@id":"https:\/\/www.accuratereviews.com\/it\/#website","url":"https:\/\/www.accuratereviews.com\/it\/","name":"Accurate Reviews","description":"","potentialAction":[{"@type":"SearchAction","target":{"@type":"EntryPoint","urlTemplate":"https:\/\/www.accuratereviews.com\/it\/?s={search_term_string}"},"query-input":{"@type":"PropertyValueSpecification","valueRequired":true,"valueName":"search_term_string"}}],"inLanguage":"it-IT"}]}},"_links":{"self":[{"href":"https:\/\/www.accuratereviews.com\/it\/wp-json\/wp\/v2\/pages\/16177","targetHints":{"allow":["GET"]}}],"collection":[{"href":"https:\/\/www.accuratereviews.com\/it\/wp-json\/wp\/v2\/pages"}],"about":[{"href":"https:\/\/www.accuratereviews.com\/it\/wp-json\/wp\/v2\/types\/page"}],"author":[{"embeddable":true,"href":"https:\/\/www.accuratereviews.com\/it\/wp-json\/wp\/v2\/users\/19"}],"replies":[{"embeddable":true,"href":"https:\/\/www.accuratereviews.com\/it\/wp-json\/wp\/v2\/comments?post=16177"}],"version-history":[{"count":12,"href":"https:\/\/www.accuratereviews.com\/it\/wp-json\/wp\/v2\/pages\/16177\/revisions"}],"predecessor-version":[{"id":70362,"href":"https:\/\/www.accuratereviews.com\/it\/wp-json\/wp\/v2\/pages\/16177\/revisions\/70362"}],"up":[{"embeddable":true,"href":"https:\/\/www.accuratereviews.com\/it\/wp-json\/wp\/v2\/pages\/16175"}],"wp:featuredmedia":[{"embeddable":true,"href":"https:\/\/www.accuratereviews.com\/it\/wp-json\/wp\/v2\/media\/16180"}],"wp:attachment":[{"href":"https:\/\/www.accuratereviews.com\/it\/wp-json\/wp\/v2\/media?parent=16177"}],"wp:term":[{"taxonomy":"category","embeddable":true,"href":"https:\/\/www.accuratereviews.com\/it\/wp-json\/wp\/v2\/categories?post=16177"},{"taxonomy":"post_tag","embeddable":true,"href":"https:\/\/www.accuratereviews.com\/it\/wp-json\/wp\/v2\/tags?post=16177"},{"taxonomy":"features","embeddable":true,"href":"https:\/\/www.accuratereviews.com\/it\/wp-json\/wp\/v2\/features?post=16177"}],"curies":[{"name":"wp","href":"https:\/\/api.w.org\/{rel}","templated":true}]}}