{"id":16188,"date":"2019-06-28T15:59:58","date_gmt":"2019-06-28T15:59:58","guid":{"rendered":"https:\/\/www.accuratereviews.com\/?page_id=16188"},"modified":"2023-06-23T15:00:11","modified_gmt":"2023-06-23T15:00:11","slug":"zoho-sites-recensione","status":"publish","type":"page","link":"https:\/\/www.accuratereviews.com\/it\/software-cms\/zoho-sites-recensione\/","title":{"rendered":"Zoho Sites"},"content":{"rendered":"<p class=\"tw-data-text tw-ta tw-text-small\" dir=\"ltr\" data-placeholder=\"Traduzione\"><span lang=\"it\" tabindex=\"0\"><strong>Zoho Sites<\/strong> fa parte della nota suite di programmi creato dalla societ\u00e0 Zoho Corporation Pvt. Ltd. \u00c8 un<strong> programma per costruire di siti web<\/strong> in maniera semplice e gratuita e che consente a aziende e privati \u200b\u200bdi realizzare siti professionali e dettagliati in modo rapido, senza conoscenze di codifica e competenze IT. La piattaforma funziona con un builder drag-and-drop di facile utilizzo e utilizza modelli di navigazione intuitivi e funzionalit\u00e0 familiari per coinvolgere gli utenti poco esperti. Il creatore \u00e8 abilitato per i dispositivi mobili e pu\u00f2 essere utilizzato sia come prodotto <em>stand alone<\/em>, sia come aggiunta integrata al kit di produttivit\u00e0 aziendale di Zoho. Le funzioni di base di Zoho Sites sono gratuite, ma puoi anche acquistare componenti aggiuntivi professionali per una personalizzazione estesa a un prezzo conveniente. <\/span>Infine, Zoho Sites \u00e8 ottimizzato e sicuro per la SEO e offre una variet\u00e0 di controlli di pagina per aiutarti a gestire correttamente i contenuti.<\/p>\n<h2 dir=\"ltr\" data-placeholder=\"Traduzione\">ZOHO SITES &#8211; TUTORIAL<\/h2>\n<p>Ecco un tutorial per imparare insieme come creare un sito da zero con questo<strong> software CMS<\/strong>:<\/p>\n<div id=\"fluid-wrapper-counter-1\" class=\"g1-fluid-wrapper \" style=\"width:686px;\">\n<div style=\"padding-bottom:56.268221574344%;\"><iframe loading=\"lazy\" title=\"Create a website using Zoho sites - Short Version\" width=\"686\" height=\"386\" src=\"https:\/\/www.youtube.com\/embed\/v4LC0VZmXAM?feature=oembed&amp;wmode=transparent&amp;autohide=1&amp;autoplay=0&amp;disablekb=0&amp;fs=1&amp;loop=0&amp;enablejsapi=1&amp;rel=0&amp;controls=2&amp;showinfo=0&amp;wmode=transparent&amp;autohide=2&amp;autoplay=0&amp;disablekb=0&amp;fs=1&amp;loop=0&amp;enablejsapi=1&amp;rel=0&amp;controls=2&amp;showinfo=1\" frameborder=\"0\" allow=\"accelerometer; autoplay; clipboard-write; encrypted-media; gyroscope; picture-in-picture; web-share\" allowfullscreen><\/iframe><\/div>\n<\/div>\n<h3>ZOHO SITES &#8211; CARATTERISTICHE<\/h3>\n<ul>\n<li id=\"tw-target-text\" class=\"tw-data-text tw-ta tw-text-small\" dir=\"ltr\" data-placeholder=\"Traduzione\"><span lang=\"it\" tabindex=\"0\"><strong>Sito web in pochi minuti<\/strong>: con una gamma di elementi e sezioni predefinite, sarai in grado di creare il tuo sito web con pochi clic<\/span><\/li>\n<li id=\"tw-target-text\" class=\"tw-data-text tw-ta tw-text-small\" dir=\"ltr\" data-placeholder=\"Traduzione\"><span lang=\"it\" tabindex=\"0\"><strong>Nessun codice<\/strong> : usa l&#8217;editor visuale e personalizza i modelli per soddisfare i tuoi gusti<\/span><\/li>\n<li dir=\"ltr\" data-placeholder=\"Traduzione\"><strong>Immagini e video<\/strong>: metti in risalto il tuo sito inserendo audio, video, immagini e molto altro ancora<\/li>\n<li dir=\"ltr\" data-placeholder=\"Traduzione\"><strong>Condivisione social integrata<\/strong>: estendi la tua presenza sul web ai social network. Con la condivisione social e la pubblicazione automatica, puoi raggiungere il tuo pubblico senza sforzo<\/li>\n<li id=\"tw-target-text\" class=\"tw-data-text tw-ta tw-text-small\" dir=\"ltr\" data-placeholder=\"Traduzione\"><span lang=\"it\" tabindex=\"0\"><strong>Essere trovato immediatamente: <\/strong>assicurati una posizione migliore nei risultati dei motori di ricerca con i nostri strumenti SEO integrati. Controlla le analisi del traffico del tuo sito per testare ci\u00f2 che funziona meglio.<\/span><\/li>\n<\/ul>\n<h4>LE RECENSIONI DEGLI UTENTI<\/h4>\n<p><strong>Luisana &#8220;Molto soddisfatta&#8221;.<\/strong><br \/>\nPro: Molto soddisfatta dei risultati ottenuti da Zoho CRM. Non \u00e8 necessario sottolineare che nel campo del customer relationship management \u00e8 una delle migliori aziende ma la migliore, e ve lo dico chiaramente, in quanto il vostro cliente \u00e8 soddisfatto al 100%.<br \/>\nContro: Non ho davvero nessuna lamentela da lasciare, solo complimenti e continuate a lavorare cos\u00ec, torner\u00f2 sicuramente.<\/p>\n<p><strong>Alisa &#8220;Costruttore di siti conveniente&#8221;<\/strong><br \/>\nPro: Ho usato questo programma all&#8217;inizio della mia carriera. Le funzionalit\u00e0 sono abbastanza buone, il programma \u00e8 semplice e comprensibile per un principiante, ma non perfetto. Come ogni altro designer, ha i suoi contro.<br \/>\nContro: La conoscenza del linguaggio di markup \u00e8 altamente auspicabile, a volte l&#8217;editor funziona male, bisogna modificarlo manualmente.<\/p>\n<p><strong>Arlene &#8220;Molto conveniente e facile da usare&#8221;.<\/strong><br \/>\nPro: \u00c8 un modo eccellente ed economico per creare un sito web utilizzando la funzionalit\u00e0 drag-and-drop. Hanno recentemente lanciato una nuova versione.<br \/>\nContro: La versione &#8220;base&#8221; limita il numero di moduli, pagine, ecc. che si possono creare, ma consente comunque di creare e aggiornare quando si \u00e8 pronti.<\/p>\n","protected":false},"excerpt":{"rendered":"<p>Zoho Sites fa parte della nota suite di programmi creato dalla societ\u00e0 Zoho Corporation Pvt. Ltd. \u00c8 un programma per costruire di siti web in maniera semplice e gratuita e che consente a aziende e privati \u200b\u200bdi realizzare siti professionali e dettagliati in pochi minuti, senza conoscenze di codifica e competenze IT.<\/p>\n","protected":false},"author":19,"featured_media":16190,"parent":16175,"menu_order":0,"comment_status":"open","ping_status":"closed","template":"g1_template_page_review_new.php","meta":{"_acf_changed":false,"cwp_meta_box_check":"Yes","cwp_rev_product_name":"","cwp_rev_product_image":"","wppr_links":[],"cwp_rev_price":"","wppr_options":[{"name":"Usability","value":"0"},{"name":"Speed","value":"0"},{"name":"Features","value":"0"},{"name":"Support","value":"0"},{"name":"Pricing","value":"0"}],"wppr_pros":["","","","",""],"wppr_cons":["","","","",""],"_monsterinsights_skip_tracking":false,"_monsterinsights_sitenote_active":false,"_monsterinsights_sitenote_note":"","_monsterinsights_sitenote_category":0,"footnotes":""},"categories":[931],"tags":[586,934,933,942],"features":[],"class_list":{"0":"post-16188","1":"page","2":"type-page","3":"status-publish","4":"has-post-thumbnail","6":"category-cms","7":"tag-drag-and-drop","8":"tag-programma-cms","9":"tag-software-cms","10":"tag-soluzione-cms"},"wppr_data":{"cwp_meta_box_check":"Yes","cwp_rev_product_name":"","_wppr_review_template":"default","cwp_rev_product_image":"","cwp_image_link":"image","wppr_links":[],"cwp_rev_price":"","wppr_pros":["","","","",""],"wppr_cons":["","","","",""],"wppr_rating":"0.00","wppr_options":{"1":{"name":"Usability","value":"0"},"2":{"name":"Speed","value":"0"},"3":{"name":"Features","value":"0"},"4":{"name":"Support","value":"0"},"5":{"name":"Pricing","value":"0"}},"wppr_review_type":"Product","wppr_review_custom_fields":{"additionalProperty":"","additionalType":"","aggregateRating":"","alternateName":"","audience":"","award":"","awards":"","brand":"","color":"","depth":"","description":"","disambiguatingDescription":"","gtin12":"","gtin13":"","gtin14":"","gtin8":"","height":"","identifier":"","image":"","isAccessoryOrSparePartFor":"","isConsumableFor":"","isRelatedTo":"","isSimilarTo":"","itemCondition":"","logo":"","mainEntityOfPage":"","manufacturer":"","material":"","model":"","mpn":"","name":"","offers":"","potentialAction":"","productID":"","productionDate":"","purchaseDate":"","releaseDate":"","review":"","reviews":"","sameAs":"","sku":"","slogan":"","subjectOf":"","url":"","weight":"","width":""}},"acf":[],"yoast_head":"<!-- This site is optimized with the Yoast SEO plugin v27.4 - https:\/\/yoast.com\/product\/yoast-seo-wordpress\/ -->\n<title>Zoho Sites: recensione software CMS - Accurate Reviews<\/title>\n<meta name=\"description\" content=\"Zoho Sites: recensione programma per costruire di siti web in maniera semplice e gratuita in maniera professionale e dettagliata.\" \/>\n<meta name=\"robots\" content=\"index, follow, max-snippet:-1, max-image-preview:large, max-video-preview:-1\" \/>\n<link rel=\"canonical\" href=\"https:\/\/www.accuratereviews.com\/it\/software-cms\/zoho-sites-recensione\/\" \/>\n<meta property=\"og:locale\" content=\"it_IT\" \/>\n<meta property=\"og:type\" content=\"article\" \/>\n<meta property=\"og:title\" content=\"Zoho Sites: recensione software CMS - Accurate Reviews\" \/>\n<meta property=\"og:description\" content=\"Zoho Sites: recensione programma per costruire di siti web in maniera semplice e gratuita in maniera professionale e dettagliata.\" \/>\n<meta property=\"og:url\" content=\"https:\/\/www.accuratereviews.com\/it\/software-cms\/zoho-sites-recensione\/\" \/>\n<meta property=\"og:site_name\" content=\"Accurate Reviews\" \/>\n<meta property=\"article:modified_time\" content=\"2023-06-23T15:00:11+00:00\" \/>\n<meta property=\"og:image\" content=\"https:\/\/www.accuratereviews.com\/wp-content\/uploads\/2019\/06\/zoho.jpg\" \/>\n\t<meta property=\"og:image:width\" content=\"225\" \/>\n\t<meta property=\"og:image:height\" content=\"225\" \/>\n\t<meta property=\"og:image:type\" content=\"image\/jpeg\" \/>\n<meta name=\"twitter:card\" content=\"summary_large_image\" \/>\n<meta name=\"twitter:label1\" content=\"Tempo di lettura stimato\" \/>\n\t<meta name=\"twitter:data1\" content=\"3 minuti\" \/>\n<script type=\"application\/ld+json\" class=\"yoast-schema-graph\">{\"@context\":\"https:\\\/\\\/schema.org\",\"@graph\":[{\"@type\":\"WebPage\",\"@id\":\"https:\\\/\\\/www.accuratereviews.com\\\/it\\\/software-cms\\\/zoho-sites-recensione\\\/\",\"url\":\"https:\\\/\\\/www.accuratereviews.com\\\/it\\\/software-cms\\\/zoho-sites-recensione\\\/\",\"name\":\"Zoho Sites: recensione software CMS - Accurate Reviews\",\"isPartOf\":{\"@id\":\"https:\\\/\\\/www.accuratereviews.com\\\/it\\\/#website\"},\"primaryImageOfPage\":{\"@id\":\"https:\\\/\\\/www.accuratereviews.com\\\/it\\\/software-cms\\\/zoho-sites-recensione\\\/#primaryimage\"},\"image\":{\"@id\":\"https:\\\/\\\/www.accuratereviews.com\\\/it\\\/software-cms\\\/zoho-sites-recensione\\\/#primaryimage\"},\"thumbnailUrl\":\"https:\\\/\\\/www.accuratereviews.com\\\/wp-content\\\/uploads\\\/2019\\\/06\\\/zoho.jpg\",\"datePublished\":\"2019-06-28T15:59:58+00:00\",\"dateModified\":\"2023-06-23T15:00:11+00:00\",\"description\":\"Zoho Sites: recensione programma per costruire di siti web in maniera semplice e gratuita in maniera professionale e dettagliata.\",\"breadcrumb\":{\"@id\":\"https:\\\/\\\/www.accuratereviews.com\\\/it\\\/software-cms\\\/zoho-sites-recensione\\\/#breadcrumb\"},\"inLanguage\":\"it-IT\",\"potentialAction\":[{\"@type\":\"ReadAction\",\"target\":[\"https:\\\/\\\/www.accuratereviews.com\\\/it\\\/software-cms\\\/zoho-sites-recensione\\\/\"]}]},{\"@type\":\"ImageObject\",\"inLanguage\":\"it-IT\",\"@id\":\"https:\\\/\\\/www.accuratereviews.com\\\/it\\\/software-cms\\\/zoho-sites-recensione\\\/#primaryimage\",\"url\":\"https:\\\/\\\/www.accuratereviews.com\\\/wp-content\\\/uploads\\\/2019\\\/06\\\/zoho.jpg\",\"contentUrl\":\"https:\\\/\\\/www.accuratereviews.com\\\/wp-content\\\/uploads\\\/2019\\\/06\\\/zoho.jpg\",\"width\":225,\"height\":225},{\"@type\":\"BreadcrumbList\",\"@id\":\"https:\\\/\\\/www.accuratereviews.com\\\/it\\\/software-cms\\\/zoho-sites-recensione\\\/#breadcrumb\",\"itemListElement\":[{\"@type\":\"ListItem\",\"position\":1,\"name\":\"Home\",\"item\":\"https:\\\/\\\/www.accuratereviews.com\\\/it\\\/\"},{\"@type\":\"ListItem\",\"position\":2,\"name\":\"Software CMS\",\"item\":\"https:\\\/\\\/www.accuratereviews.com\\\/it\\\/software-cms\\\/\"},{\"@type\":\"ListItem\",\"position\":3,\"name\":\"Zoho Sites\"}]},{\"@type\":\"WebSite\",\"@id\":\"https:\\\/\\\/www.accuratereviews.com\\\/it\\\/#website\",\"url\":\"https:\\\/\\\/www.accuratereviews.com\\\/it\\\/\",\"name\":\"Accurate Reviews\",\"description\":\"\",\"potentialAction\":[{\"@type\":\"SearchAction\",\"target\":{\"@type\":\"EntryPoint\",\"urlTemplate\":\"https:\\\/\\\/www.accuratereviews.com\\\/it\\\/?s={search_term_string}\"},\"query-input\":{\"@type\":\"PropertyValueSpecification\",\"valueRequired\":true,\"valueName\":\"search_term_string\"}}],\"inLanguage\":\"it-IT\"}]}<\/script>\n<!-- \/ Yoast SEO plugin. -->","yoast_head_json":{"title":"Zoho Sites: recensione software CMS - Accurate Reviews","description":"Zoho Sites: recensione programma per costruire di siti web in maniera semplice e gratuita in maniera professionale e dettagliata.","robots":{"index":"index","follow":"follow","max-snippet":"max-snippet:-1","max-image-preview":"max-image-preview:large","max-video-preview":"max-video-preview:-1"},"canonical":"https:\/\/www.accuratereviews.com\/it\/software-cms\/zoho-sites-recensione\/","og_locale":"it_IT","og_type":"article","og_title":"Zoho Sites: recensione software CMS - Accurate Reviews","og_description":"Zoho Sites: recensione programma per costruire di siti web in maniera semplice e gratuita in maniera professionale e dettagliata.","og_url":"https:\/\/www.accuratereviews.com\/it\/software-cms\/zoho-sites-recensione\/","og_site_name":"Accurate Reviews","article_modified_time":"2023-06-23T15:00:11+00:00","og_image":[{"width":225,"height":225,"url":"https:\/\/www.accuratereviews.com\/wp-content\/uploads\/2019\/06\/zoho.jpg","type":"image\/jpeg"}],"twitter_card":"summary_large_image","twitter_misc":{"Tempo di lettura stimato":"3 minuti"},"schema":{"@context":"https:\/\/schema.org","@graph":[{"@type":"WebPage","@id":"https:\/\/www.accuratereviews.com\/it\/software-cms\/zoho-sites-recensione\/","url":"https:\/\/www.accuratereviews.com\/it\/software-cms\/zoho-sites-recensione\/","name":"Zoho Sites: recensione software CMS - Accurate Reviews","isPartOf":{"@id":"https:\/\/www.accuratereviews.com\/it\/#website"},"primaryImageOfPage":{"@id":"https:\/\/www.accuratereviews.com\/it\/software-cms\/zoho-sites-recensione\/#primaryimage"},"image":{"@id":"https:\/\/www.accuratereviews.com\/it\/software-cms\/zoho-sites-recensione\/#primaryimage"},"thumbnailUrl":"https:\/\/www.accuratereviews.com\/wp-content\/uploads\/2019\/06\/zoho.jpg","datePublished":"2019-06-28T15:59:58+00:00","dateModified":"2023-06-23T15:00:11+00:00","description":"Zoho Sites: recensione programma per costruire di siti web in maniera semplice e gratuita in maniera professionale e dettagliata.","breadcrumb":{"@id":"https:\/\/www.accuratereviews.com\/it\/software-cms\/zoho-sites-recensione\/#breadcrumb"},"inLanguage":"it-IT","potentialAction":[{"@type":"ReadAction","target":["https:\/\/www.accuratereviews.com\/it\/software-cms\/zoho-sites-recensione\/"]}]},{"@type":"ImageObject","inLanguage":"it-IT","@id":"https:\/\/www.accuratereviews.com\/it\/software-cms\/zoho-sites-recensione\/#primaryimage","url":"https:\/\/www.accuratereviews.com\/wp-content\/uploads\/2019\/06\/zoho.jpg","contentUrl":"https:\/\/www.accuratereviews.com\/wp-content\/uploads\/2019\/06\/zoho.jpg","width":225,"height":225},{"@type":"BreadcrumbList","@id":"https:\/\/www.accuratereviews.com\/it\/software-cms\/zoho-sites-recensione\/#breadcrumb","itemListElement":[{"@type":"ListItem","position":1,"name":"Home","item":"https:\/\/www.accuratereviews.com\/it\/"},{"@type":"ListItem","position":2,"name":"Software CMS","item":"https:\/\/www.accuratereviews.com\/it\/software-cms\/"},{"@type":"ListItem","position":3,"name":"Zoho Sites"}]},{"@type":"WebSite","@id":"https:\/\/www.accuratereviews.com\/it\/#website","url":"https:\/\/www.accuratereviews.com\/it\/","name":"Accurate Reviews","description":"","potentialAction":[{"@type":"SearchAction","target":{"@type":"EntryPoint","urlTemplate":"https:\/\/www.accuratereviews.com\/it\/?s={search_term_string}"},"query-input":{"@type":"PropertyValueSpecification","valueRequired":true,"valueName":"search_term_string"}}],"inLanguage":"it-IT"}]}},"_links":{"self":[{"href":"https:\/\/www.accuratereviews.com\/it\/wp-json\/wp\/v2\/pages\/16188","targetHints":{"allow":["GET"]}}],"collection":[{"href":"https:\/\/www.accuratereviews.com\/it\/wp-json\/wp\/v2\/pages"}],"about":[{"href":"https:\/\/www.accuratereviews.com\/it\/wp-json\/wp\/v2\/types\/page"}],"author":[{"embeddable":true,"href":"https:\/\/www.accuratereviews.com\/it\/wp-json\/wp\/v2\/users\/19"}],"replies":[{"embeddable":true,"href":"https:\/\/www.accuratereviews.com\/it\/wp-json\/wp\/v2\/comments?post=16188"}],"version-history":[{"count":14,"href":"https:\/\/www.accuratereviews.com\/it\/wp-json\/wp\/v2\/pages\/16188\/revisions"}],"predecessor-version":[{"id":70365,"href":"https:\/\/www.accuratereviews.com\/it\/wp-json\/wp\/v2\/pages\/16188\/revisions\/70365"}],"up":[{"embeddable":true,"href":"https:\/\/www.accuratereviews.com\/it\/wp-json\/wp\/v2\/pages\/16175"}],"wp:featuredmedia":[{"embeddable":true,"href":"https:\/\/www.accuratereviews.com\/it\/wp-json\/wp\/v2\/media\/16190"}],"wp:attachment":[{"href":"https:\/\/www.accuratereviews.com\/it\/wp-json\/wp\/v2\/media?parent=16188"}],"wp:term":[{"taxonomy":"category","embeddable":true,"href":"https:\/\/www.accuratereviews.com\/it\/wp-json\/wp\/v2\/categories?post=16188"},{"taxonomy":"post_tag","embeddable":true,"href":"https:\/\/www.accuratereviews.com\/it\/wp-json\/wp\/v2\/tags?post=16188"},{"taxonomy":"features","embeddable":true,"href":"https:\/\/www.accuratereviews.com\/it\/wp-json\/wp\/v2\/features?post=16188"}],"curies":[{"name":"wp","href":"https:\/\/api.w.org\/{rel}","templated":true}]}}