{"id":16224,"date":"2019-07-01T15:17:42","date_gmt":"2019-07-01T15:17:42","guid":{"rendered":"https:\/\/www.accuratereviews.com\/?page_id=16224"},"modified":"2021-05-10T13:49:11","modified_gmt":"2021-05-10T13:49:11","slug":"volusion-recensione","status":"publish","type":"page","link":"https:\/\/www.accuratereviews.com\/it\/piattaforme-ecommerce-lista\/volusion-recensione\/","title":{"rendered":"Volusion"},"content":{"rendered":"<p><strong>Volusion<\/strong> \u00e8 una piattaforma web che ti consente di creare il tuo <strong>sistema di ecommerce<\/strong> grazie alle numerose funzionalit\u00e0 offerte. \u00c8 sicuramente da tenere in considerazione se si \u00e8 alle prese con l&#8217;apertura di un <strong>negozio virtuale<\/strong> che ci permetta di vendere i nostri prodotti anche online. C&#8217;\u00e8 da dire per\u00f2 che ci troviamo davanti a una <strong>piattaforma di ecommerce<\/strong> pi\u00f9 limitante rispetto alle altre, in quanto esclude dai propri servizi i certificati di sicurezza SSL che proteggono i dati dei clienti, richiedendo di pagare un costo aggiuntivo. Oltre a questo, impone un <strong>limite di larghezza di banda<\/strong> da non superare gestendo quindi un numero di dati ridotto, a meno che non si voglia acquistare un altro pacchetto che incrementi la larghezza di banda.<\/p>\n<h2>CREARE UN NEGOZIO VIRTUALE CON VOLUSION &#8211; TUTORIAL<\/h2>\n<p>Ecco un video tutorial che ci mostra come funziona Volusion:<\/p>\n<div id=\"fluid-wrapper-counter-1\" class=\"g1-fluid-wrapper \" style=\"width:686px;\">\n<div style=\"padding-bottom:56.268221574344%;\"><iframe loading=\"lazy\" title=\"Volusion Training #1: An Intro to the Volusion Website Builder Tool\" width=\"686\" height=\"386\" src=\"https:\/\/www.youtube.com\/embed\/cJHTyo_lfhY?feature=oembed&amp;wmode=transparent&amp;autohide=1&amp;autoplay=0&amp;disablekb=0&amp;fs=1&amp;loop=0&amp;enablejsapi=1&amp;rel=0&amp;controls=2&amp;showinfo=0&amp;wmode=transparent&amp;autohide=2&amp;autoplay=0&amp;disablekb=0&amp;fs=1&amp;loop=0&amp;enablejsapi=1&amp;rel=0&amp;controls=2&amp;showinfo=1\" frameborder=\"0\" allow=\"accelerometer; autoplay; clipboard-write; encrypted-media; gyroscope; picture-in-picture\" allowfullscreen><\/iframe><\/div>\n<\/div>\n<h3>VOLUSION &#8211; CARATTERISTICHE<\/h3>\n<p>Diamo un&#8217;occhiata alle sue principali caratteristiche:<\/p>\n<ul>\n<li><strong>Creazione e personalizzazione del sito<\/strong>: crea il tuo sito scegliendo temi e domini personalizzati, caricando il tuo logo e utilizzando tutte le funzionalit\u00e0 offerte<\/li>\n<li><strong>Vendita dei prodotti<\/strong>: semplifica le tue vendite grazie a un sistema di ordini, resi e del magazzino completo e intuitivo, elaborando un sistema di spedizione efficiente, usufruendo della gestione CRM e di tutte le altre funzioni<\/li>\n<li><strong>Strumenti SEO<\/strong>: ottimizza a livello SEO le pagine, le categorie, le descrizioni, i tag del titolo ecc.<\/li>\n<li><strong>Strumenti di analisi<\/strong>: tieni sempre sotto controllo l&#8217;andamento della tua attivit\u00e0<\/li>\n<li><strong>Integrazione con canali Social<\/strong>: collega il tuo negozio anche a Facebook, Twitter e atri canali cos\u00ec da pubblicizzare i tuoi prodotti anche qui<\/li>\n<li><strong>Gestione multicanale<\/strong>: oltre ai canali Social, puoi espandere il tuo negozio anche su Amazon e su Ebay<\/li>\n<li><strong>Strumenti di marketing<\/strong>: facilita le vendite applicando codici sconti, promozioni e offerte varie<\/li>\n<li><strong>Assistenza clienti<\/strong>: per qualsiasi dubbio, rivolgiti al supporto clienti che \u00e8 attivo 24\/7 ed \u00e8 davvero efficiente.<\/li>\n<\/ul>\n","protected":false},"excerpt":{"rendered":"<p>Volusion \u00e8 una piattaforma web che ti consente di creare il tuo sistema di ecommerce grazie alle numerose funzionalit\u00e0 offerte. \u00c8 sicuramente da tenere in considerazione se si \u00e8 alle prese con l&#8217;apertura di un negozio virtuale che ci permetta di vendere i nostri prodotti anche online.<\/p>\n","protected":false},"author":17,"featured_media":16225,"parent":15684,"menu_order":0,"comment_status":"open","ping_status":"closed","template":"g1_template_page_review_new.php","meta":{"_acf_changed":false,"cwp_meta_box_check":"Yes","cwp_rev_product_name":"","cwp_rev_product_image":"","wppr_links":[],"cwp_rev_price":"","wppr_options":[],"wppr_pros":[],"wppr_cons":[],"_monsterinsights_skip_tracking":false,"_monsterinsights_sitenote_active":false,"_monsterinsights_sitenote_note":"","_monsterinsights_sitenote_category":0,"footnotes":""},"categories":[853],"tags":[857,865,859,869],"features":[],"class_list":{"0":"post-16224","1":"page","2":"type-page","3":"status-publish","4":"has-post-thumbnail","6":"category-ecommerce","7":"tag-ecommerce","8":"tag-negozio-virtuale","9":"tag-piattaforma-ecommerce","10":"tag-software-ecommerce"},"wppr_data":{"cwp_meta_box_check":"Yes","cwp_rev_product_name":"","cwp_rev_product_image":"","cwp_image_link":"image","cwp_rev_price":"","wppr_rating":"0.00"},"acf":[],"yoast_head":"<!-- This site is optimized with the Yoast SEO plugin v27.4 - https:\/\/yoast.com\/product\/yoast-seo-wordpress\/ -->\n<title>Volusion: recensione piattaforma di ecommerce - Accurate Reviews<\/title>\n<meta name=\"description\" content=\"Volusion: recensione della piattaforma web che ti consente di creare il tuo sistema di ecommerce grazie alle numerose funzionalit\u00e0 offerte.\" \/>\n<meta name=\"robots\" content=\"index, follow, max-snippet:-1, max-image-preview:large, max-video-preview:-1\" \/>\n<link rel=\"canonical\" href=\"https:\/\/www.accuratereviews.com\/it\/piattaforme-ecommerce-lista\/volusion-recensione\/\" \/>\n<meta property=\"og:locale\" content=\"it_IT\" \/>\n<meta property=\"og:type\" content=\"article\" \/>\n<meta property=\"og:title\" content=\"Volusion: recensione piattaforma di ecommerce - Accurate Reviews\" \/>\n<meta property=\"og:description\" content=\"Volusion: recensione della piattaforma web che ti consente di creare il tuo sistema di ecommerce grazie alle numerose funzionalit\u00e0 offerte.\" \/>\n<meta property=\"og:url\" content=\"https:\/\/www.accuratereviews.com\/it\/piattaforme-ecommerce-lista\/volusion-recensione\/\" \/>\n<meta property=\"og:site_name\" content=\"Accurate Reviews\" \/>\n<meta property=\"article:modified_time\" content=\"2021-05-10T13:49:11+00:00\" \/>\n<meta property=\"og:image\" content=\"https:\/\/www.accuratereviews.com\/wp-content\/uploads\/2019\/07\/Unknown.png\" \/>\n\t<meta property=\"og:image:width\" content=\"489\" \/>\n\t<meta property=\"og:image:height\" content=\"103\" \/>\n\t<meta property=\"og:image:type\" content=\"image\/png\" \/>\n<meta name=\"twitter:card\" content=\"summary_large_image\" \/>\n<meta name=\"twitter:label1\" content=\"Tempo di lettura stimato\" \/>\n\t<meta name=\"twitter:data1\" content=\"2 minuti\" \/>\n<script type=\"application\/ld+json\" class=\"yoast-schema-graph\">{\"@context\":\"https:\\\/\\\/schema.org\",\"@graph\":[{\"@type\":\"WebPage\",\"@id\":\"https:\\\/\\\/www.accuratereviews.com\\\/it\\\/piattaforme-ecommerce-lista\\\/volusion-recensione\\\/\",\"url\":\"https:\\\/\\\/www.accuratereviews.com\\\/it\\\/piattaforme-ecommerce-lista\\\/volusion-recensione\\\/\",\"name\":\"Volusion: recensione piattaforma di ecommerce - Accurate Reviews\",\"isPartOf\":{\"@id\":\"https:\\\/\\\/www.accuratereviews.com\\\/it\\\/#website\"},\"primaryImageOfPage\":{\"@id\":\"https:\\\/\\\/www.accuratereviews.com\\\/it\\\/piattaforme-ecommerce-lista\\\/volusion-recensione\\\/#primaryimage\"},\"image\":{\"@id\":\"https:\\\/\\\/www.accuratereviews.com\\\/it\\\/piattaforme-ecommerce-lista\\\/volusion-recensione\\\/#primaryimage\"},\"thumbnailUrl\":\"https:\\\/\\\/www.accuratereviews.com\\\/wp-content\\\/uploads\\\/2019\\\/07\\\/Unknown.png\",\"datePublished\":\"2019-07-01T15:17:42+00:00\",\"dateModified\":\"2021-05-10T13:49:11+00:00\",\"description\":\"Volusion: recensione della piattaforma web che ti consente di creare il tuo sistema di ecommerce grazie alle numerose funzionalit\u00e0 offerte.\",\"breadcrumb\":{\"@id\":\"https:\\\/\\\/www.accuratereviews.com\\\/it\\\/piattaforme-ecommerce-lista\\\/volusion-recensione\\\/#breadcrumb\"},\"inLanguage\":\"it-IT\",\"potentialAction\":[{\"@type\":\"ReadAction\",\"target\":[\"https:\\\/\\\/www.accuratereviews.com\\\/it\\\/piattaforme-ecommerce-lista\\\/volusion-recensione\\\/\"]}]},{\"@type\":\"ImageObject\",\"inLanguage\":\"it-IT\",\"@id\":\"https:\\\/\\\/www.accuratereviews.com\\\/it\\\/piattaforme-ecommerce-lista\\\/volusion-recensione\\\/#primaryimage\",\"url\":\"https:\\\/\\\/www.accuratereviews.com\\\/wp-content\\\/uploads\\\/2019\\\/07\\\/Unknown.png\",\"contentUrl\":\"https:\\\/\\\/www.accuratereviews.com\\\/wp-content\\\/uploads\\\/2019\\\/07\\\/Unknown.png\",\"width\":489,\"height\":103},{\"@type\":\"BreadcrumbList\",\"@id\":\"https:\\\/\\\/www.accuratereviews.com\\\/it\\\/piattaforme-ecommerce-lista\\\/volusion-recensione\\\/#breadcrumb\",\"itemListElement\":[{\"@type\":\"ListItem\",\"position\":1,\"name\":\"Home\",\"item\":\"https:\\\/\\\/www.accuratereviews.com\\\/it\\\/\"},{\"@type\":\"ListItem\",\"position\":2,\"name\":\"Ecommerce\",\"item\":\"https:\\\/\\\/www.accuratereviews.com\\\/it\\\/piattaforme-ecommerce-lista\\\/\"},{\"@type\":\"ListItem\",\"position\":3,\"name\":\"Volusion\"}]},{\"@type\":\"WebSite\",\"@id\":\"https:\\\/\\\/www.accuratereviews.com\\\/it\\\/#website\",\"url\":\"https:\\\/\\\/www.accuratereviews.com\\\/it\\\/\",\"name\":\"Accurate Reviews\",\"description\":\"\",\"potentialAction\":[{\"@type\":\"SearchAction\",\"target\":{\"@type\":\"EntryPoint\",\"urlTemplate\":\"https:\\\/\\\/www.accuratereviews.com\\\/it\\\/?s={search_term_string}\"},\"query-input\":{\"@type\":\"PropertyValueSpecification\",\"valueRequired\":true,\"valueName\":\"search_term_string\"}}],\"inLanguage\":\"it-IT\"}]}<\/script>\n<!-- \/ Yoast SEO plugin. -->","yoast_head_json":{"title":"Volusion: recensione piattaforma di ecommerce - Accurate Reviews","description":"Volusion: recensione della piattaforma web che ti consente di creare il tuo sistema di ecommerce grazie alle numerose funzionalit\u00e0 offerte.","robots":{"index":"index","follow":"follow","max-snippet":"max-snippet:-1","max-image-preview":"max-image-preview:large","max-video-preview":"max-video-preview:-1"},"canonical":"https:\/\/www.accuratereviews.com\/it\/piattaforme-ecommerce-lista\/volusion-recensione\/","og_locale":"it_IT","og_type":"article","og_title":"Volusion: recensione piattaforma di ecommerce - Accurate Reviews","og_description":"Volusion: recensione della piattaforma web che ti consente di creare il tuo sistema di ecommerce grazie alle numerose funzionalit\u00e0 offerte.","og_url":"https:\/\/www.accuratereviews.com\/it\/piattaforme-ecommerce-lista\/volusion-recensione\/","og_site_name":"Accurate Reviews","article_modified_time":"2021-05-10T13:49:11+00:00","og_image":[{"width":489,"height":103,"url":"https:\/\/www.accuratereviews.com\/wp-content\/uploads\/2019\/07\/Unknown.png","type":"image\/png"}],"twitter_card":"summary_large_image","twitter_misc":{"Tempo di lettura stimato":"2 minuti"},"schema":{"@context":"https:\/\/schema.org","@graph":[{"@type":"WebPage","@id":"https:\/\/www.accuratereviews.com\/it\/piattaforme-ecommerce-lista\/volusion-recensione\/","url":"https:\/\/www.accuratereviews.com\/it\/piattaforme-ecommerce-lista\/volusion-recensione\/","name":"Volusion: recensione piattaforma di ecommerce - Accurate Reviews","isPartOf":{"@id":"https:\/\/www.accuratereviews.com\/it\/#website"},"primaryImageOfPage":{"@id":"https:\/\/www.accuratereviews.com\/it\/piattaforme-ecommerce-lista\/volusion-recensione\/#primaryimage"},"image":{"@id":"https:\/\/www.accuratereviews.com\/it\/piattaforme-ecommerce-lista\/volusion-recensione\/#primaryimage"},"thumbnailUrl":"https:\/\/www.accuratereviews.com\/wp-content\/uploads\/2019\/07\/Unknown.png","datePublished":"2019-07-01T15:17:42+00:00","dateModified":"2021-05-10T13:49:11+00:00","description":"Volusion: recensione della piattaforma web che ti consente di creare il tuo sistema di ecommerce grazie alle numerose funzionalit\u00e0 offerte.","breadcrumb":{"@id":"https:\/\/www.accuratereviews.com\/it\/piattaforme-ecommerce-lista\/volusion-recensione\/#breadcrumb"},"inLanguage":"it-IT","potentialAction":[{"@type":"ReadAction","target":["https:\/\/www.accuratereviews.com\/it\/piattaforme-ecommerce-lista\/volusion-recensione\/"]}]},{"@type":"ImageObject","inLanguage":"it-IT","@id":"https:\/\/www.accuratereviews.com\/it\/piattaforme-ecommerce-lista\/volusion-recensione\/#primaryimage","url":"https:\/\/www.accuratereviews.com\/wp-content\/uploads\/2019\/07\/Unknown.png","contentUrl":"https:\/\/www.accuratereviews.com\/wp-content\/uploads\/2019\/07\/Unknown.png","width":489,"height":103},{"@type":"BreadcrumbList","@id":"https:\/\/www.accuratereviews.com\/it\/piattaforme-ecommerce-lista\/volusion-recensione\/#breadcrumb","itemListElement":[{"@type":"ListItem","position":1,"name":"Home","item":"https:\/\/www.accuratereviews.com\/it\/"},{"@type":"ListItem","position":2,"name":"Ecommerce","item":"https:\/\/www.accuratereviews.com\/it\/piattaforme-ecommerce-lista\/"},{"@type":"ListItem","position":3,"name":"Volusion"}]},{"@type":"WebSite","@id":"https:\/\/www.accuratereviews.com\/it\/#website","url":"https:\/\/www.accuratereviews.com\/it\/","name":"Accurate Reviews","description":"","potentialAction":[{"@type":"SearchAction","target":{"@type":"EntryPoint","urlTemplate":"https:\/\/www.accuratereviews.com\/it\/?s={search_term_string}"},"query-input":{"@type":"PropertyValueSpecification","valueRequired":true,"valueName":"search_term_string"}}],"inLanguage":"it-IT"}]}},"_links":{"self":[{"href":"https:\/\/www.accuratereviews.com\/it\/wp-json\/wp\/v2\/pages\/16224","targetHints":{"allow":["GET"]}}],"collection":[{"href":"https:\/\/www.accuratereviews.com\/it\/wp-json\/wp\/v2\/pages"}],"about":[{"href":"https:\/\/www.accuratereviews.com\/it\/wp-json\/wp\/v2\/types\/page"}],"author":[{"embeddable":true,"href":"https:\/\/www.accuratereviews.com\/it\/wp-json\/wp\/v2\/users\/17"}],"replies":[{"embeddable":true,"href":"https:\/\/www.accuratereviews.com\/it\/wp-json\/wp\/v2\/comments?post=16224"}],"version-history":[{"count":3,"href":"https:\/\/www.accuratereviews.com\/it\/wp-json\/wp\/v2\/pages\/16224\/revisions"}],"predecessor-version":[{"id":16264,"href":"https:\/\/www.accuratereviews.com\/it\/wp-json\/wp\/v2\/pages\/16224\/revisions\/16264"}],"up":[{"embeddable":true,"href":"https:\/\/www.accuratereviews.com\/it\/wp-json\/wp\/v2\/pages\/15684"}],"wp:featuredmedia":[{"embeddable":true,"href":"https:\/\/www.accuratereviews.com\/it\/wp-json\/wp\/v2\/media\/16225"}],"wp:attachment":[{"href":"https:\/\/www.accuratereviews.com\/it\/wp-json\/wp\/v2\/media?parent=16224"}],"wp:term":[{"taxonomy":"category","embeddable":true,"href":"https:\/\/www.accuratereviews.com\/it\/wp-json\/wp\/v2\/categories?post=16224"},{"taxonomy":"post_tag","embeddable":true,"href":"https:\/\/www.accuratereviews.com\/it\/wp-json\/wp\/v2\/tags?post=16224"},{"taxonomy":"features","embeddable":true,"href":"https:\/\/www.accuratereviews.com\/it\/wp-json\/wp\/v2\/features?post=16224"}],"curies":[{"name":"wp","href":"https:\/\/api.w.org\/{rel}","templated":true}]}}