{"id":16245,"date":"2019-07-01T15:41:20","date_gmt":"2019-07-01T15:41:20","guid":{"rendered":"https:\/\/www.accuratereviews.com\/?page_id=16245"},"modified":"2019-07-14T14:07:56","modified_gmt":"2019-07-14T14:07:56","slug":"typo3-recensione","status":"publish","type":"page","link":"https:\/\/www.accuratereviews.com\/it\/software-cms\/typo3-recensione\/","title":{"rendered":"TYPO3"},"content":{"rendered":"<p><strong>TYPO3<\/strong> \u00e8 una <strong>piattaforma CMS<\/strong> molto potente che permette una migliore <strong>gestione dei contenuti<\/strong> all&#8217;interno dei siti web. Si tratta di un programma complesso e che richiede molto tempo per poter apprendere tutte le funzionalit\u00e0 offerte, soprattutto se non si hanno le giuste competenze tecniche. Esiste infatti una community molto forte che interviene per supportare i principianti nel primo approccio a questo tipo di <strong>sistema CMS<\/strong>. Rimane comunque un software indicato principalmente per i pi\u00f9 esperti con competenze informatiche che <strong>gestiscono siti web<\/strong> anche pi\u00f9 complessi e articolati. Due aspetti positivi non ancora menzionati sono senz&#8217;altro legati al fatto che \u00e8 <strong>gratuito<\/strong> ed \u00e8 anche <strong>open source<\/strong>, quindi totalmente personalizzabile.<\/p>\n<h2>GESTIONE DEI CONTENUTI CON TYPO3 &#8211; TUTORIAL<\/h2>\n<p>Ecco un breve video tutorial per comprendere come funziona TYPO3:<\/p>\n<div id=\"fluid-wrapper-counter-1\" class=\"g1-fluid-wrapper \" style=\"width:686px;\">\n<div style=\"padding-bottom:56.268221574344%;\"><iframe loading=\"lazy\" title=\"TYPO3 - Tutorial for Editors: 4 Minutes Introduction in TYPO3 4.5 LTS\" width=\"515\" height=\"386\" src=\"https:\/\/www.youtube.com\/embed\/sqmo5zKM4Hc?feature=oembed&amp;wmode=transparent&amp;autohide=1&amp;autoplay=0&amp;disablekb=0&amp;fs=1&amp;loop=0&amp;enablejsapi=1&amp;rel=0&amp;controls=2&amp;showinfo=0&amp;wmode=transparent&amp;autohide=2&amp;autoplay=0&amp;disablekb=0&amp;fs=1&amp;loop=0&amp;enablejsapi=1&amp;rel=0&amp;controls=2&amp;showinfo=1\" frameborder=\"0\" allow=\"accelerometer; autoplay; encrypted-media; gyroscope; picture-in-picture\" allowfullscreen><\/iframe><\/div>\n<\/div>\n<h3>TYPO3 &#8211; CARATTERISTICHE<\/h3>\n<p>Di seguito le sue principali caratteristiche:<\/p>\n<ul>\n<li><strong>Gestione dei contenuti<\/strong>: crea e gestisci i contenuti in modo ottimale, utilizzando gli strumenti SEO, DAM e authoring intelligente<\/li>\n<li><strong>Piattaforma multidimensionale<\/strong>: supporta un numero illimitato di siti web e di lingue<\/li>\n<li><strong>Strumenti di marketing<\/strong>: utilizza questi strumenti al fine di offrire un servizio ancora pi\u00f9 chiaro e completo ai tuoi clienti, applicando sconti, promozione e tutto ci\u00f2 che possa rendere i tuoi prodotti pi\u00f9 attrattivi<\/li>\n<li><strong>Personalizzazione e flessibilit\u00e0<\/strong>: sfrutta queste caratteristiche per creare un tuo progetto basandoti sulle tue esigenze e dando spazio alla tua creativit\u00e0<\/li>\n<li><strong>Open source<\/strong>: personalizza ogni funzione in modo tale da crearti la tua dimensione<\/li>\n<li><strong>Sicurezza<\/strong>: affidati a un CMS completo, sicuro e affidabile<\/li>\n<li><strong>Piattaforma multicanale<\/strong>: naviga sia sul Web che sui dispositivi mobile per rendere l&#8217;esperienza ancora pi\u00f9 veloce e a portata di mano.<\/li>\n<\/ul>\n","protected":false},"excerpt":{"rendered":"<p>TYPO3 \u00e8 una piattaforma CMS davvero potente che permette una migliore gestione dei contenuti all&#8217;interno dei siti web. Si tratta di un programma complesso e che richiede molto tempo per poter apprendere tutte le funzionalit\u00e0 offerte, soprattutto se non si hanno le giuste competenze tecniche.<\/p>\n","protected":false},"author":17,"featured_media":0,"parent":16175,"menu_order":0,"comment_status":"open","ping_status":"closed","template":"g1_template_page_review_new.php","meta":{"_acf_changed":false,"cwp_meta_box_check":"Yes","cwp_rev_product_name":"","cwp_rev_product_image":"","wppr_links":[],"cwp_rev_price":"","wppr_options":[],"wppr_pros":[],"wppr_cons":[],"_monsterinsights_skip_tracking":false,"_monsterinsights_sitenote_active":false,"_monsterinsights_sitenote_note":"","_monsterinsights_sitenote_category":0,"footnotes":""},"categories":[931],"tags":[946,947,246,944],"features":[],"class_list":{"0":"post-16245","1":"page","2":"type-page","3":"status-publish","5":"category-cms","6":"tag-cms","7":"tag-inserimento-contenuti","8":"tag-open-source","9":"tag-piattaforma-cms"},"wppr_data":{"cwp_meta_box_check":"Yes","cwp_rev_product_name":"","cwp_rev_product_image":"","cwp_image_link":"image","cwp_rev_price":"","wppr_rating":"0.00"},"acf":[],"yoast_head":"<!-- This site is optimized with the Yoast SEO plugin v27.4 - https:\/\/yoast.com\/product\/yoast-seo-wordpress\/ -->\n<title>TYPO3: recensione sistema CMS - Accurate Reviews<\/title>\n<meta name=\"description\" content=\"TYPO3: recensione di una piattaforma CMS davvero potente che permette una migliore gestione dei contenuti all&#039;interno dei siti web.\" \/>\n<meta name=\"robots\" content=\"index, follow, max-snippet:-1, max-image-preview:large, max-video-preview:-1\" \/>\n<link rel=\"canonical\" href=\"https:\/\/www.accuratereviews.com\/it\/software-cms\/typo3-recensione\/\" \/>\n<meta property=\"og:locale\" content=\"it_IT\" \/>\n<meta property=\"og:type\" content=\"article\" \/>\n<meta property=\"og:title\" content=\"TYPO3: recensione sistema CMS - Accurate Reviews\" \/>\n<meta property=\"og:description\" content=\"TYPO3: recensione di una piattaforma CMS davvero potente che permette una migliore gestione dei contenuti all&#039;interno dei siti web.\" \/>\n<meta property=\"og:url\" content=\"https:\/\/www.accuratereviews.com\/it\/software-cms\/typo3-recensione\/\" \/>\n<meta property=\"og:site_name\" content=\"Accurate Reviews\" \/>\n<meta property=\"article:modified_time\" content=\"2019-07-14T14:07:56+00:00\" \/>\n<meta name=\"twitter:card\" content=\"summary_large_image\" \/>\n<meta name=\"twitter:label1\" content=\"Tempo di lettura stimato\" \/>\n\t<meta name=\"twitter:data1\" content=\"1 minuto\" \/>\n<script type=\"application\/ld+json\" class=\"yoast-schema-graph\">{\"@context\":\"https:\\\/\\\/schema.org\",\"@graph\":[{\"@type\":\"WebPage\",\"@id\":\"https:\\\/\\\/www.accuratereviews.com\\\/it\\\/software-cms\\\/typo3-recensione\\\/\",\"url\":\"https:\\\/\\\/www.accuratereviews.com\\\/it\\\/software-cms\\\/typo3-recensione\\\/\",\"name\":\"TYPO3: recensione sistema CMS - Accurate Reviews\",\"isPartOf\":{\"@id\":\"https:\\\/\\\/www.accuratereviews.com\\\/it\\\/#website\"},\"datePublished\":\"2019-07-01T15:41:20+00:00\",\"dateModified\":\"2019-07-14T14:07:56+00:00\",\"description\":\"TYPO3: recensione di una piattaforma CMS davvero potente che permette una migliore gestione dei contenuti all'interno dei siti web.\",\"breadcrumb\":{\"@id\":\"https:\\\/\\\/www.accuratereviews.com\\\/it\\\/software-cms\\\/typo3-recensione\\\/#breadcrumb\"},\"inLanguage\":\"it-IT\",\"potentialAction\":[{\"@type\":\"ReadAction\",\"target\":[\"https:\\\/\\\/www.accuratereviews.com\\\/it\\\/software-cms\\\/typo3-recensione\\\/\"]}]},{\"@type\":\"BreadcrumbList\",\"@id\":\"https:\\\/\\\/www.accuratereviews.com\\\/it\\\/software-cms\\\/typo3-recensione\\\/#breadcrumb\",\"itemListElement\":[{\"@type\":\"ListItem\",\"position\":1,\"name\":\"Home\",\"item\":\"https:\\\/\\\/www.accuratereviews.com\\\/it\\\/\"},{\"@type\":\"ListItem\",\"position\":2,\"name\":\"Software CMS\",\"item\":\"https:\\\/\\\/www.accuratereviews.com\\\/it\\\/software-cms\\\/\"},{\"@type\":\"ListItem\",\"position\":3,\"name\":\"TYPO3\"}]},{\"@type\":\"WebSite\",\"@id\":\"https:\\\/\\\/www.accuratereviews.com\\\/it\\\/#website\",\"url\":\"https:\\\/\\\/www.accuratereviews.com\\\/it\\\/\",\"name\":\"Accurate Reviews\",\"description\":\"\",\"potentialAction\":[{\"@type\":\"SearchAction\",\"target\":{\"@type\":\"EntryPoint\",\"urlTemplate\":\"https:\\\/\\\/www.accuratereviews.com\\\/it\\\/?s={search_term_string}\"},\"query-input\":{\"@type\":\"PropertyValueSpecification\",\"valueRequired\":true,\"valueName\":\"search_term_string\"}}],\"inLanguage\":\"it-IT\"}]}<\/script>\n<!-- \/ Yoast SEO plugin. -->","yoast_head_json":{"title":"TYPO3: recensione sistema CMS - Accurate Reviews","description":"TYPO3: recensione di una piattaforma CMS davvero potente che permette una migliore gestione dei contenuti all'interno dei siti web.","robots":{"index":"index","follow":"follow","max-snippet":"max-snippet:-1","max-image-preview":"max-image-preview:large","max-video-preview":"max-video-preview:-1"},"canonical":"https:\/\/www.accuratereviews.com\/it\/software-cms\/typo3-recensione\/","og_locale":"it_IT","og_type":"article","og_title":"TYPO3: recensione sistema CMS - Accurate Reviews","og_description":"TYPO3: recensione di una piattaforma CMS davvero potente che permette una migliore gestione dei contenuti all'interno dei siti web.","og_url":"https:\/\/www.accuratereviews.com\/it\/software-cms\/typo3-recensione\/","og_site_name":"Accurate Reviews","article_modified_time":"2019-07-14T14:07:56+00:00","twitter_card":"summary_large_image","twitter_misc":{"Tempo di lettura stimato":"1 minuto"},"schema":{"@context":"https:\/\/schema.org","@graph":[{"@type":"WebPage","@id":"https:\/\/www.accuratereviews.com\/it\/software-cms\/typo3-recensione\/","url":"https:\/\/www.accuratereviews.com\/it\/software-cms\/typo3-recensione\/","name":"TYPO3: recensione sistema CMS - Accurate Reviews","isPartOf":{"@id":"https:\/\/www.accuratereviews.com\/it\/#website"},"datePublished":"2019-07-01T15:41:20+00:00","dateModified":"2019-07-14T14:07:56+00:00","description":"TYPO3: recensione di una piattaforma CMS davvero potente che permette una migliore gestione dei contenuti all'interno dei siti web.","breadcrumb":{"@id":"https:\/\/www.accuratereviews.com\/it\/software-cms\/typo3-recensione\/#breadcrumb"},"inLanguage":"it-IT","potentialAction":[{"@type":"ReadAction","target":["https:\/\/www.accuratereviews.com\/it\/software-cms\/typo3-recensione\/"]}]},{"@type":"BreadcrumbList","@id":"https:\/\/www.accuratereviews.com\/it\/software-cms\/typo3-recensione\/#breadcrumb","itemListElement":[{"@type":"ListItem","position":1,"name":"Home","item":"https:\/\/www.accuratereviews.com\/it\/"},{"@type":"ListItem","position":2,"name":"Software CMS","item":"https:\/\/www.accuratereviews.com\/it\/software-cms\/"},{"@type":"ListItem","position":3,"name":"TYPO3"}]},{"@type":"WebSite","@id":"https:\/\/www.accuratereviews.com\/it\/#website","url":"https:\/\/www.accuratereviews.com\/it\/","name":"Accurate Reviews","description":"","potentialAction":[{"@type":"SearchAction","target":{"@type":"EntryPoint","urlTemplate":"https:\/\/www.accuratereviews.com\/it\/?s={search_term_string}"},"query-input":{"@type":"PropertyValueSpecification","valueRequired":true,"valueName":"search_term_string"}}],"inLanguage":"it-IT"}]}},"_links":{"self":[{"href":"https:\/\/www.accuratereviews.com\/it\/wp-json\/wp\/v2\/pages\/16245","targetHints":{"allow":["GET"]}}],"collection":[{"href":"https:\/\/www.accuratereviews.com\/it\/wp-json\/wp\/v2\/pages"}],"about":[{"href":"https:\/\/www.accuratereviews.com\/it\/wp-json\/wp\/v2\/types\/page"}],"author":[{"embeddable":true,"href":"https:\/\/www.accuratereviews.com\/it\/wp-json\/wp\/v2\/users\/17"}],"replies":[{"embeddable":true,"href":"https:\/\/www.accuratereviews.com\/it\/wp-json\/wp\/v2\/comments?post=16245"}],"version-history":[{"count":7,"href":"https:\/\/www.accuratereviews.com\/it\/wp-json\/wp\/v2\/pages\/16245\/revisions"}],"predecessor-version":[{"id":34548,"href":"https:\/\/www.accuratereviews.com\/it\/wp-json\/wp\/v2\/pages\/16245\/revisions\/34548"}],"up":[{"embeddable":true,"href":"https:\/\/www.accuratereviews.com\/it\/wp-json\/wp\/v2\/pages\/16175"}],"wp:attachment":[{"href":"https:\/\/www.accuratereviews.com\/it\/wp-json\/wp\/v2\/media?parent=16245"}],"wp:term":[{"taxonomy":"category","embeddable":true,"href":"https:\/\/www.accuratereviews.com\/it\/wp-json\/wp\/v2\/categories?post=16245"},{"taxonomy":"post_tag","embeddable":true,"href":"https:\/\/www.accuratereviews.com\/it\/wp-json\/wp\/v2\/tags?post=16245"},{"taxonomy":"features","embeddable":true,"href":"https:\/\/www.accuratereviews.com\/it\/wp-json\/wp\/v2\/features?post=16245"}],"curies":[{"name":"wp","href":"https:\/\/api.w.org\/{rel}","templated":true}]}}