{"id":16259,"date":"2019-07-01T15:40:15","date_gmt":"2019-07-01T15:40:15","guid":{"rendered":"https:\/\/www.accuratereviews.com\/?page_id=16259"},"modified":"2023-07-24T14:33:26","modified_gmt":"2023-07-24T14:33:26","slug":"joomla-recensione","status":"publish","type":"page","link":"https:\/\/www.accuratereviews.com\/it\/software-cms\/joomla-recensione\/","title":{"rendered":"Joomla!"},"content":{"rendered":"<p><strong>Joomla!<\/strong> \u00e8 una <strong>piattaforma CMS open source<\/strong>, che consente di realizzare il proprio sito in modo rapido e semplice. \u00c8 indicata quindi non solo per gli esperti, ma anche per chi \u00e8 alle prime armi con la <strong>gestione dei siti web e dei suoi contenuti<\/strong> e che non possiede grandi competenze informatiche. Si tratta di uno dei<strong> sistemi CMS<\/strong> pi\u00f9 utilizzati sul mercato, che ha riscontrato grande successo per parecchio tempo sino ad essere sostituito da WordPress. Grazie a una forte <strong>community di sviluppatori<\/strong> e volontari che si interessano al funzionamento del software, si pu\u00f2 dire che Joomla! risulta essere efficiente, completo e facile da usare poich\u00e9 estensibile, multilingue e ottimizzato per i motori di ricerca. Oltre a tutte queste caratteristiche positive, si aggiunge il fatto che \u00e8 completamente <strong>gratuito<\/strong>.<\/p>\n<h2>GESTIONE DI UN SITO WEB CON JOOMLA! &#8211; TUTORIAL<\/h2>\n<p>Diamo un sguardo a questo video tutorial per comprenderne meglio il suo funzionamento:<\/p>\n<div id=\"fluid-wrapper-counter-1\" class=\"g1-fluid-wrapper \" style=\"width:686px;\">\n<div style=\"padding-bottom:56.268221574344%;\"><iframe loading=\"lazy\" title=\"Come creare un sito con Joomla - Lezione 1 del Corso Joomla. Installazione Server sul PC\" width=\"686\" height=\"386\" src=\"https:\/\/www.youtube.com\/embed\/nqAEsLpkB2Y?feature=oembed&amp;wmode=transparent&amp;autohide=1&amp;autoplay=0&amp;disablekb=0&amp;fs=1&amp;loop=0&amp;enablejsapi=1&amp;rel=0&amp;controls=2&amp;showinfo=0&amp;wmode=transparent&amp;autohide=2&amp;autoplay=0&amp;disablekb=0&amp;fs=1&amp;loop=0&amp;enablejsapi=1&amp;rel=0&amp;controls=2&amp;showinfo=1\" frameborder=\"0\" allow=\"accelerometer; autoplay; clipboard-write; encrypted-media; gyroscope; picture-in-picture; web-share\" allowfullscreen><\/iframe><\/div>\n<\/div>\n<h3>JOOMLA &#8211; CARATTERISTICHE<\/h3>\n<p>Elenchiamo le sue principali caratteristiche:<\/p>\n<ul>\n<li><strong>Creazione e gestione dei contenuti<\/strong>: semplifica la creazione e l&#8217;organizzazione dei contenuti tramite l&#8217;intuitivo editor WYSIWYG<\/li>\n<li><strong>Gestione degli utenti<\/strong>: agli utenti viene offerta la possibilit\u00e0 di configurare le opzioni personali, di modificare, pubblicare o amministrate determinati contenuti<\/li>\n<li><strong>Gestione dei documenti<\/strong>: organizza i dati in file o cartelle multimediali in modo da avere tutto ordinato e sempre a portata di mano<\/li>\n<li><strong>Gestione dei contatti<\/strong>: aiuta i tuoi utenti a trovare le informazioni che gli servono<\/li>\n<li><strong>Gestione de banner<\/strong>: configura campagne e banner sul tuo sito web<\/li>\n<li><strong>Gestione dei modelli<\/strong>: utilizza il modello che ritieni pi\u00f9 adeguato per il tuo sito<\/li>\n<li><strong>Funzione di ricerca<\/strong>: permetti ai tuoi utenti di trovare gli elementi di ricerca pi\u00f9 popolari.<\/li>\n<\/ul>\n<h4>LE RECENSIONI DEGLI UTENTI<\/h4>\n<p><strong>Salvatore &#8220;Joomla, il CMS TOP&#8221;<\/strong><br \/>\nCommenti: Con Joomla, che uso da anni ormai, sono stato in grado di rispondere alle richieste dei miei clienti e anche alle mie esigenze per quanto riguarda la creazione di siti e portali web. Dalla semplice vetrina online al negozio virtuale e, persino, a gestionali di azienda. Mi sono sin da subito trovato bene con questo strumento, pi\u00f9 di tutti gli altri che ci sono a disposizione. La community, sempre attiva e pronta a dare una mano, \u00e8 uno dei punto di forza.<br \/>\nPro: Joomla \u00e8 un CMS incredibilmente versatile e altamente funzionale. Permette la creazione di un sito web (dal pi\u00f9 semplice al pi\u00f9 complesso) da zero, permettendo anche al neofita di avvicinarsi alla creazione e gestione di un sito web. Utilizzandolo al massimo delle sue possibilit\u00e0, tramite l&#8217;uso dei giusti template, componenti, moduli e plugin, \u00e8 il migliore strumento per creare progetti web.<br \/>\nContro: a oggi, tra i vari CMS usati da me, \u00e8 l&#8217;unico su cui non ho nulla da ridire.<\/p>\n<p><strong>Paolo &#8220;Joomla, cms che mette tutti nelle condizioni di creare&#8221;<\/strong><br \/>\nCommenti: Ho realizzato progetti semplici e molto complessi, sono pienamente soddisfatto. Il core \u00e8 sviluppato bene e lascia il programmatore libero di esprimersi.<br \/>\nPro: Ottimo per la creazione di siti web, per la gestione dei dati (diversi moduli gratuiti), per la gestione dei progetti un po&#8217; meno ma \u00e8 comunque possibile&#8230;\u00e8 possibile integrare qualsiasi modulo esterno (i plugin sono infiniti)<br \/>\nContro: Un utente poco competente potrebbe avere difficolt\u00e0 nella configurazione e gestione anche del sito web base (forse wordpress o siti com wiz sono pi\u00f9 semplici); per utenti di medio livello credo sia il massimo. Lo uso ormai da tantissimi anni<\/p>\n<p><strong>Federico &#8220;Creare siti web&#8221;<\/strong><br \/>\nCommenti: Ho maturato in esperienza nel complesso molto positiva de software<br \/>\nPro: Praticit\u00e0 e semplicit\u00e0 per creare un sito web professionale<br \/>\nContro: I moduli di qualit\u00e0 sono a pagamento , troppi aggiornamenti tra plugin, moduli e componenti<\/p>\n","protected":false},"excerpt":{"rendered":"<p>Joomla! \u00e8 una piattaforma CMS open source, che consente di realizzare il proprio sito in modo rapido e semplice. \u00c8 indicata quindi non solo per gli esperti, ma anche per chi \u00e8 alle prime armi con la gestione dei siti web e dei suoi contenuti e che non possiede grandi competenze informatiche.<\/p>\n","protected":false},"author":17,"featured_media":16261,"parent":16175,"menu_order":0,"comment_status":"open","ping_status":"closed","template":"g1_template_page_review_new.php","meta":{"_acf_changed":false,"cwp_meta_box_check":"Yes","cwp_rev_product_name":"","cwp_rev_product_image":"","wppr_links":[],"cwp_rev_price":"","wppr_options":[{"name":"Usability","value":"0"},{"name":"Speed","value":"0"},{"name":"Features","value":"0"},{"name":"Support","value":"0"},{"name":"Pricing","value":"0"}],"wppr_pros":["","","","",""],"wppr_cons":["","","","",""],"_monsterinsights_skip_tracking":false,"_monsterinsights_sitenote_active":false,"_monsterinsights_sitenote_note":"","_monsterinsights_sitenote_category":0,"footnotes":""},"categories":[931],"tags":[946,246,944,932],"features":[],"class_list":{"0":"post-16259","1":"page","2":"type-page","3":"status-publish","4":"has-post-thumbnail","6":"category-cms","7":"tag-cms","8":"tag-open-source","9":"tag-piattaforma-cms","10":"tag-sistema-cms"},"wppr_data":{"cwp_meta_box_check":"Yes","cwp_rev_product_name":"","_wppr_review_template":"default","cwp_rev_product_image":"","cwp_image_link":"image","wppr_links":[],"cwp_rev_price":"","wppr_pros":["","","","",""],"wppr_cons":["","","","",""],"wppr_rating":"0.00","wppr_options":{"1":{"name":"Usability","value":"0"},"2":{"name":"Speed","value":"0"},"3":{"name":"Features","value":"0"},"4":{"name":"Support","value":"0"},"5":{"name":"Pricing","value":"0"}},"wppr_review_type":"Product","wppr_review_custom_fields":{"additionalProperty":"","additionalType":"","aggregateRating":"","alternateName":"","audience":"","award":"","awards":"","brand":"","color":"","depth":"","description":"","disambiguatingDescription":"","gtin12":"","gtin13":"","gtin14":"","gtin8":"","height":"","identifier":"","image":"","isAccessoryOrSparePartFor":"","isConsumableFor":"","isRelatedTo":"","isSimilarTo":"","itemCondition":"","logo":"","mainEntityOfPage":"","manufacturer":"","material":"","model":"","mpn":"","name":"","offers":"","potentialAction":"","productID":"","productionDate":"","purchaseDate":"","releaseDate":"","review":"","reviews":"","sameAs":"","sku":"","slogan":"","subjectOf":"","url":"","weight":"","width":""}},"acf":[],"yoast_head":"<!-- This site is optimized with the Yoast SEO plugin v27.4 - https:\/\/yoast.com\/product\/yoast-seo-wordpress\/ -->\n<title>Joomla!: recensione piattaforma CMS - Accurate Reviews<\/title>\n<meta name=\"description\" content=\"Joomla!: recensione della piattaforma CMS open source, che consente di realizzare il proprio sito in modo rapido e semplice.\" \/>\n<meta name=\"robots\" content=\"index, follow, max-snippet:-1, max-image-preview:large, max-video-preview:-1\" \/>\n<link rel=\"canonical\" href=\"https:\/\/www.accuratereviews.com\/it\/software-cms\/joomla-recensione\/\" \/>\n<meta property=\"og:locale\" content=\"it_IT\" \/>\n<meta property=\"og:type\" content=\"article\" \/>\n<meta property=\"og:title\" content=\"Joomla!: recensione piattaforma CMS - Accurate Reviews\" \/>\n<meta property=\"og:description\" content=\"Joomla!: recensione della piattaforma CMS open source, che consente di realizzare il proprio sito in modo rapido e semplice.\" \/>\n<meta property=\"og:url\" content=\"https:\/\/www.accuratereviews.com\/it\/software-cms\/joomla-recensione\/\" \/>\n<meta property=\"og:site_name\" content=\"Accurate Reviews\" \/>\n<meta property=\"article:modified_time\" content=\"2023-07-24T14:33:26+00:00\" \/>\n<meta property=\"og:image\" content=\"https:\/\/www.accuratereviews.com\/wp-content\/uploads\/2019\/07\/Vertical-logo-light-background-en.png\" \/>\n\t<meta property=\"og:image:width\" content=\"331\" \/>\n\t<meta property=\"og:image:height\" content=\"275\" \/>\n\t<meta property=\"og:image:type\" content=\"image\/png\" \/>\n<meta name=\"twitter:card\" content=\"summary_large_image\" \/>\n<meta name=\"twitter:label1\" content=\"Tempo di lettura stimato\" \/>\n\t<meta name=\"twitter:data1\" content=\"4 minuti\" \/>\n<script type=\"application\/ld+json\" class=\"yoast-schema-graph\">{\"@context\":\"https:\\\/\\\/schema.org\",\"@graph\":[{\"@type\":\"WebPage\",\"@id\":\"https:\\\/\\\/www.accuratereviews.com\\\/it\\\/software-cms\\\/joomla-recensione\\\/\",\"url\":\"https:\\\/\\\/www.accuratereviews.com\\\/it\\\/software-cms\\\/joomla-recensione\\\/\",\"name\":\"Joomla!: recensione piattaforma CMS - Accurate Reviews\",\"isPartOf\":{\"@id\":\"https:\\\/\\\/www.accuratereviews.com\\\/it\\\/#website\"},\"primaryImageOfPage\":{\"@id\":\"https:\\\/\\\/www.accuratereviews.com\\\/it\\\/software-cms\\\/joomla-recensione\\\/#primaryimage\"},\"image\":{\"@id\":\"https:\\\/\\\/www.accuratereviews.com\\\/it\\\/software-cms\\\/joomla-recensione\\\/#primaryimage\"},\"thumbnailUrl\":\"https:\\\/\\\/www.accuratereviews.com\\\/wp-content\\\/uploads\\\/2019\\\/07\\\/Vertical-logo-light-background-en.png\",\"datePublished\":\"2019-07-01T15:40:15+00:00\",\"dateModified\":\"2023-07-24T14:33:26+00:00\",\"description\":\"Joomla!: recensione della piattaforma CMS open source, che consente di realizzare il proprio sito in modo rapido e semplice.\",\"breadcrumb\":{\"@id\":\"https:\\\/\\\/www.accuratereviews.com\\\/it\\\/software-cms\\\/joomla-recensione\\\/#breadcrumb\"},\"inLanguage\":\"it-IT\",\"potentialAction\":[{\"@type\":\"ReadAction\",\"target\":[\"https:\\\/\\\/www.accuratereviews.com\\\/it\\\/software-cms\\\/joomla-recensione\\\/\"]}]},{\"@type\":\"ImageObject\",\"inLanguage\":\"it-IT\",\"@id\":\"https:\\\/\\\/www.accuratereviews.com\\\/it\\\/software-cms\\\/joomla-recensione\\\/#primaryimage\",\"url\":\"https:\\\/\\\/www.accuratereviews.com\\\/wp-content\\\/uploads\\\/2019\\\/07\\\/Vertical-logo-light-background-en.png\",\"contentUrl\":\"https:\\\/\\\/www.accuratereviews.com\\\/wp-content\\\/uploads\\\/2019\\\/07\\\/Vertical-logo-light-background-en.png\",\"width\":331,\"height\":275},{\"@type\":\"BreadcrumbList\",\"@id\":\"https:\\\/\\\/www.accuratereviews.com\\\/it\\\/software-cms\\\/joomla-recensione\\\/#breadcrumb\",\"itemListElement\":[{\"@type\":\"ListItem\",\"position\":1,\"name\":\"Home\",\"item\":\"https:\\\/\\\/www.accuratereviews.com\\\/it\\\/\"},{\"@type\":\"ListItem\",\"position\":2,\"name\":\"Software CMS\",\"item\":\"https:\\\/\\\/www.accuratereviews.com\\\/it\\\/software-cms\\\/\"},{\"@type\":\"ListItem\",\"position\":3,\"name\":\"Joomla!\"}]},{\"@type\":\"WebSite\",\"@id\":\"https:\\\/\\\/www.accuratereviews.com\\\/it\\\/#website\",\"url\":\"https:\\\/\\\/www.accuratereviews.com\\\/it\\\/\",\"name\":\"Accurate Reviews\",\"description\":\"\",\"potentialAction\":[{\"@type\":\"SearchAction\",\"target\":{\"@type\":\"EntryPoint\",\"urlTemplate\":\"https:\\\/\\\/www.accuratereviews.com\\\/it\\\/?s={search_term_string}\"},\"query-input\":{\"@type\":\"PropertyValueSpecification\",\"valueRequired\":true,\"valueName\":\"search_term_string\"}}],\"inLanguage\":\"it-IT\"}]}<\/script>\n<!-- \/ Yoast SEO plugin. -->","yoast_head_json":{"title":"Joomla!: recensione piattaforma CMS - Accurate Reviews","description":"Joomla!: recensione della piattaforma CMS open source, che consente di realizzare il proprio sito in modo rapido e semplice.","robots":{"index":"index","follow":"follow","max-snippet":"max-snippet:-1","max-image-preview":"max-image-preview:large","max-video-preview":"max-video-preview:-1"},"canonical":"https:\/\/www.accuratereviews.com\/it\/software-cms\/joomla-recensione\/","og_locale":"it_IT","og_type":"article","og_title":"Joomla!: recensione piattaforma CMS - Accurate Reviews","og_description":"Joomla!: recensione della piattaforma CMS open source, che consente di realizzare il proprio sito in modo rapido e semplice.","og_url":"https:\/\/www.accuratereviews.com\/it\/software-cms\/joomla-recensione\/","og_site_name":"Accurate Reviews","article_modified_time":"2023-07-24T14:33:26+00:00","og_image":[{"width":331,"height":275,"url":"https:\/\/www.accuratereviews.com\/wp-content\/uploads\/2019\/07\/Vertical-logo-light-background-en.png","type":"image\/png"}],"twitter_card":"summary_large_image","twitter_misc":{"Tempo di lettura stimato":"4 minuti"},"schema":{"@context":"https:\/\/schema.org","@graph":[{"@type":"WebPage","@id":"https:\/\/www.accuratereviews.com\/it\/software-cms\/joomla-recensione\/","url":"https:\/\/www.accuratereviews.com\/it\/software-cms\/joomla-recensione\/","name":"Joomla!: recensione piattaforma CMS - Accurate Reviews","isPartOf":{"@id":"https:\/\/www.accuratereviews.com\/it\/#website"},"primaryImageOfPage":{"@id":"https:\/\/www.accuratereviews.com\/it\/software-cms\/joomla-recensione\/#primaryimage"},"image":{"@id":"https:\/\/www.accuratereviews.com\/it\/software-cms\/joomla-recensione\/#primaryimage"},"thumbnailUrl":"https:\/\/www.accuratereviews.com\/wp-content\/uploads\/2019\/07\/Vertical-logo-light-background-en.png","datePublished":"2019-07-01T15:40:15+00:00","dateModified":"2023-07-24T14:33:26+00:00","description":"Joomla!: recensione della piattaforma CMS open source, che consente di realizzare il proprio sito in modo rapido e semplice.","breadcrumb":{"@id":"https:\/\/www.accuratereviews.com\/it\/software-cms\/joomla-recensione\/#breadcrumb"},"inLanguage":"it-IT","potentialAction":[{"@type":"ReadAction","target":["https:\/\/www.accuratereviews.com\/it\/software-cms\/joomla-recensione\/"]}]},{"@type":"ImageObject","inLanguage":"it-IT","@id":"https:\/\/www.accuratereviews.com\/it\/software-cms\/joomla-recensione\/#primaryimage","url":"https:\/\/www.accuratereviews.com\/wp-content\/uploads\/2019\/07\/Vertical-logo-light-background-en.png","contentUrl":"https:\/\/www.accuratereviews.com\/wp-content\/uploads\/2019\/07\/Vertical-logo-light-background-en.png","width":331,"height":275},{"@type":"BreadcrumbList","@id":"https:\/\/www.accuratereviews.com\/it\/software-cms\/joomla-recensione\/#breadcrumb","itemListElement":[{"@type":"ListItem","position":1,"name":"Home","item":"https:\/\/www.accuratereviews.com\/it\/"},{"@type":"ListItem","position":2,"name":"Software CMS","item":"https:\/\/www.accuratereviews.com\/it\/software-cms\/"},{"@type":"ListItem","position":3,"name":"Joomla!"}]},{"@type":"WebSite","@id":"https:\/\/www.accuratereviews.com\/it\/#website","url":"https:\/\/www.accuratereviews.com\/it\/","name":"Accurate Reviews","description":"","potentialAction":[{"@type":"SearchAction","target":{"@type":"EntryPoint","urlTemplate":"https:\/\/www.accuratereviews.com\/it\/?s={search_term_string}"},"query-input":{"@type":"PropertyValueSpecification","valueRequired":true,"valueName":"search_term_string"}}],"inLanguage":"it-IT"}]}},"_links":{"self":[{"href":"https:\/\/www.accuratereviews.com\/it\/wp-json\/wp\/v2\/pages\/16259","targetHints":{"allow":["GET"]}}],"collection":[{"href":"https:\/\/www.accuratereviews.com\/it\/wp-json\/wp\/v2\/pages"}],"about":[{"href":"https:\/\/www.accuratereviews.com\/it\/wp-json\/wp\/v2\/types\/page"}],"author":[{"embeddable":true,"href":"https:\/\/www.accuratereviews.com\/it\/wp-json\/wp\/v2\/users\/17"}],"replies":[{"embeddable":true,"href":"https:\/\/www.accuratereviews.com\/it\/wp-json\/wp\/v2\/comments?post=16259"}],"version-history":[{"count":7,"href":"https:\/\/www.accuratereviews.com\/it\/wp-json\/wp\/v2\/pages\/16259\/revisions"}],"predecessor-version":[{"id":70849,"href":"https:\/\/www.accuratereviews.com\/it\/wp-json\/wp\/v2\/pages\/16259\/revisions\/70849"}],"up":[{"embeddable":true,"href":"https:\/\/www.accuratereviews.com\/it\/wp-json\/wp\/v2\/pages\/16175"}],"wp:featuredmedia":[{"embeddable":true,"href":"https:\/\/www.accuratereviews.com\/it\/wp-json\/wp\/v2\/media\/16261"}],"wp:attachment":[{"href":"https:\/\/www.accuratereviews.com\/it\/wp-json\/wp\/v2\/media?parent=16259"}],"wp:term":[{"taxonomy":"category","embeddable":true,"href":"https:\/\/www.accuratereviews.com\/it\/wp-json\/wp\/v2\/categories?post=16259"},{"taxonomy":"post_tag","embeddable":true,"href":"https:\/\/www.accuratereviews.com\/it\/wp-json\/wp\/v2\/tags?post=16259"},{"taxonomy":"features","embeddable":true,"href":"https:\/\/www.accuratereviews.com\/it\/wp-json\/wp\/v2\/features?post=16259"}],"curies":[{"name":"wp","href":"https:\/\/api.w.org\/{rel}","templated":true}]}}