{"id":16270,"date":"2019-07-02T11:17:12","date_gmt":"2019-07-02T11:17:12","guid":{"rendered":"https:\/\/www.accuratereviews.com\/?page_id=16270"},"modified":"2023-07-24T15:27:05","modified_gmt":"2023-07-24T15:27:05","slug":"drupal-recensione","status":"publish","type":"page","link":"https:\/\/www.accuratereviews.com\/it\/software-cms\/drupal-recensione\/","title":{"rendered":"Drupal"},"content":{"rendered":"<p><strong>Drupal<\/strong> \u00e8 una <strong>piattaforma di CMS<\/strong> ideale per chi necessita un supporto nella creazione di siti web, social network e altri progetti pi\u00f9 o meno complessi. Si tratta di un programma <strong>open source<\/strong> che ne consente una buona personalizzazione cos\u00ec da andare in contro alle esigenze di tutti. A questa caratteristica si aggiunge anche il fatto di essere un <strong>CMS<\/strong> molto flessibile e strutturato in moduli, motivi per cui viene tenuto in considerazione da moltissime Web Agency. Drupal ti permette quindi di <strong>gestire i contenuti<\/strong> del tuo sito web in maniera semplice, efficace, sicura e soprattutto, fa tutto questo <strong>gratuitamente<\/strong>.<\/p>\n<h2>DRUPAL &#8211; TUTORIAL<\/h2>\n<p>Ecco un breve video introduttivo riguardante questo <strong>CMS<\/strong>:<\/p>\n<div id=\"fluid-wrapper-counter-1\" class=\"g1-fluid-wrapper \" style=\"width:686px;\">\n<div style=\"padding-bottom:56.268221574344%;\"><iframe loading=\"lazy\" title=\"What is Drupal? | An Evolving Web Guide\" width=\"686\" height=\"386\" src=\"https:\/\/www.youtube.com\/embed\/LB1ahuULdvo?feature=oembed&amp;wmode=transparent&amp;autohide=1&amp;autoplay=0&amp;disablekb=0&amp;fs=1&amp;loop=0&amp;enablejsapi=1&amp;rel=0&amp;controls=2&amp;showinfo=0&amp;wmode=transparent&amp;autohide=2&amp;autoplay=0&amp;disablekb=0&amp;fs=1&amp;loop=0&amp;enablejsapi=1&amp;rel=0&amp;controls=2&amp;showinfo=1\" frameborder=\"0\" allow=\"accelerometer; autoplay; clipboard-write; encrypted-media; gyroscope; picture-in-picture; web-share\" allowfullscreen><\/iframe><\/div>\n<\/div>\n<h3>DRUPAL &#8211; CARATTERISTICHE<\/h3>\n<p>Di seguito le sue principali caratteristiche:<\/p>\n<ul>\n<li><strong>Creazione e gestione dei contenuti<\/strong>: crea e organizza i contenuti in modo ordinato e ottimizzato a livello SEO<\/li>\n<li><strong>Flessibilit\u00e0 e personalizzazione<\/strong>: personalizza il sito web in base alle tue esigenze<\/li>\n<li><strong>Modulare<\/strong>: strutturato in moduli, Drupal ti permette di accedere a diversi moduli specifici, trovando subito quello che cerchi<\/li>\n<li><strong>Estendibile<\/strong>: se hai bisogno di altre funzioni, puoi integrarle tramite dei semplici plug-in.<\/li>\n<\/ul>\n<h4>LE RECENSIONI DEGLI UTENTI<\/h4>\n<p><strong>Davide &#8220;Un ottimo Cms&#8221;<\/strong><br \/>\nCommenti: Mi ritengo soddisfatto della mia esperienza con Drupal, aggiornamenti continui, un&#8217;ottima comunit\u00e0 e semplicit\u00e0 di utilizzo. L&#8217;integrazione con i moduli rende le varianti in Drupal praticamente infinite.<br \/>\nPro: Uno dei migliori Cms che abbia provato, molto semplice ed intuitivo, grazie ai moduli gran parte del lavoro \u00e8 gi\u00e0 predisposta, e quasi tutto da un &#8216;interfaccia utente. Uno sviluppo non troppo complicato non richiede particolari conoscenze tecniche. Con template gi\u00e0 pronti, con una sempice integrazione guidata, basta apportare le modifiche volute con semplicit\u00e0.<br \/>\nContro: Per uno sviluppo pi\u00f9 professionale si trovano, invece, alcune difficolt\u00e0 di integrazione. Mi \u00e8 successo che per aggiungere alcune funzionalit\u00e0 da me scritte dovessi andare a modificare il codice di Drupal e per questo si rischiano danni con i futuri aggiornamenti.<\/p>\n<p><strong>Roberto &#8220;Drupal uno dei migliori CMS&#8221;<\/strong><br \/>\nCommenti: Per fare siti con basso budget \u00e8 stato perfetto, in un paio di giorni il sito era pronto a essere consegnato e messo online.<br \/>\nPro: Drupal \u00e8 un CMS ossia content management system intuitivo che da molte possibilit\u00e0 a chi vuole facilmente creare un sito e tutte le pagine direttamente da un interfaccia utente.Inoltre se si hanno competenze aggiuntive si possono creare moduli ad hoc per le funzionalit\u00e0 che si desiderano.In grandi siti web poi con un team di editors, i contenuti possono essere editati, controllati e approvati o meno prima di essere pubblicati.Caricando un template gi\u00e0 pronto si pu\u00f2 impostare il sito come meglio si preferisce e con i moduli gi\u00e0 pronti si possono aggiungere funzionalit\u00e0 senza doversele implementare da soli.<br \/>\nContro: Purtroppo \u00e8 limitato perch\u00e9 se si vuole aggiungere delle cose che Drupal non permette di fare si andrebbe a modificare il codice e non si potrebbe pi\u00f9 fare gli aggiornamenti. Quindi bisogna prenderlo as is e accontentarsi dei template e dei moduli disponibili.<\/p>\n<p><strong>Giuliano &#8220;Drupal, il CMS dei tecnici&#8221;<\/strong><br \/>\nPro: Drupal ha dalla sua una solidit\u00e0 e una capacit\u00e0 di gestione dei contenuti che va oltre gli altri CMS Open Source.<br \/>\nContro: Molto farraginoso nell&#8217;installazione e soprattutto nella gestione della grafica (temi) : pochissime le possibilit\u00e0 di personalizzazione layout se non si hanno basi molto tecniche<\/p>\n","protected":false},"excerpt":{"rendered":"<p>Drupal \u00e8 una piattaforma di CMS ideale per chi necessita un supporto nella creazione di siti web, social network e altri progetti pi\u00f9 o meno complessi. Si tratta di un programma open source che ne consente una buona personalizzazione cos\u00ec da andare in contro alle esigenze di tutti.<\/p>\n","protected":false},"author":17,"featured_media":70853,"parent":16175,"menu_order":0,"comment_status":"open","ping_status":"closed","template":"g1_template_page_review_new.php","meta":{"_acf_changed":false,"cwp_meta_box_check":"Yes","cwp_rev_product_name":"","cwp_rev_product_image":"https:\/\/www.accuratereviews.com\/wp-content\/uploads\/2019\/07\/Drupal_logo-850x416.jpg","wppr_links":[],"cwp_rev_price":"","wppr_options":[{"name":"Usability","value":"0"},{"name":"Speed","value":"0"},{"name":"Features","value":"0"},{"name":"Support","value":"0"},{"name":"Pricing","value":"0"}],"wppr_pros":["","","","",""],"wppr_cons":["","","","",""],"_monsterinsights_skip_tracking":false,"_monsterinsights_sitenote_active":false,"_monsterinsights_sitenote_note":"","_monsterinsights_sitenote_category":0,"footnotes":""},"categories":[931],"tags":[946,948,246,944],"features":[],"class_list":{"0":"post-16270","1":"page","2":"type-page","3":"status-publish","4":"has-post-thumbnail","6":"category-cms","7":"tag-cms","8":"tag-gestione-contenuti","9":"tag-open-source","10":"tag-piattaforma-cms"},"wppr_data":{"cwp_meta_box_check":"Yes","cwp_rev_product_name":"","_wppr_review_template":"default","cwp_rev_product_image":"https:\/\/www.accuratereviews.com\/wp-content\/uploads\/2019\/07\/Drupal_logo-850x416.jpg","cwp_image_link":"image","wppr_links":[],"cwp_rev_price":"","wppr_pros":["","","","",""],"wppr_cons":["","","","",""],"wppr_rating":"0.00","wppr_options":{"1":{"name":"Usability","value":"0"},"2":{"name":"Speed","value":"0"},"3":{"name":"Features","value":"0"},"4":{"name":"Support","value":"0"},"5":{"name":"Pricing","value":"0"}},"wppr_review_type":"Product","wppr_review_custom_fields":{"additionalProperty":"","additionalType":"","aggregateRating":"","alternateName":"","audience":"","award":"","awards":"","brand":"","color":"","depth":"","description":"","disambiguatingDescription":"","gtin12":"","gtin13":"","gtin14":"","gtin8":"","height":"","identifier":"","image":"","isAccessoryOrSparePartFor":"","isConsumableFor":"","isRelatedTo":"","isSimilarTo":"","itemCondition":"","logo":"","mainEntityOfPage":"","manufacturer":"","material":"","model":"","mpn":"","name":"","offers":"","potentialAction":"","productID":"","productionDate":"","purchaseDate":"","releaseDate":"","review":"","reviews":"","sameAs":"","sku":"","slogan":"","subjectOf":"","url":"","weight":"","width":""}},"acf":[],"yoast_head":"<!-- This site is optimized with the Yoast SEO plugin v27.4 - https:\/\/yoast.com\/product\/yoast-seo-wordpress\/ -->\n<title>Drupal: recensione piattaforma CMS - Accurate Reviews<\/title>\n<meta name=\"description\" content=\"Drupal: recensione della piattaforma CMS ideale per chi necessita di supporto nella creazione di siti web, social network e progetti pi\u00f9 o meno complessi.\" \/>\n<meta name=\"robots\" content=\"index, follow, max-snippet:-1, max-image-preview:large, max-video-preview:-1\" \/>\n<link rel=\"canonical\" href=\"https:\/\/www.accuratereviews.com\/it\/software-cms\/drupal-recensione\/\" \/>\n<meta property=\"og:locale\" content=\"it_IT\" \/>\n<meta property=\"og:type\" content=\"article\" \/>\n<meta property=\"og:title\" content=\"Drupal: recensione piattaforma CMS - Accurate Reviews\" \/>\n<meta property=\"og:description\" content=\"Drupal: recensione della piattaforma CMS ideale per chi necessita di supporto nella creazione di siti web, social network e progetti pi\u00f9 o meno complessi.\" \/>\n<meta property=\"og:url\" content=\"https:\/\/www.accuratereviews.com\/it\/software-cms\/drupal-recensione\/\" \/>\n<meta property=\"og:site_name\" content=\"Accurate Reviews\" \/>\n<meta property=\"article:modified_time\" content=\"2023-07-24T15:27:05+00:00\" \/>\n<meta property=\"og:image\" content=\"https:\/\/www.accuratereviews.com\/wp-content\/uploads\/2023\/07\/Wordmark2_blue_RGB1.png\" \/>\n\t<meta property=\"og:image:width\" content=\"492\" \/>\n\t<meta property=\"og:image:height\" content=\"376\" \/>\n\t<meta property=\"og:image:type\" content=\"image\/png\" \/>\n<meta name=\"twitter:card\" content=\"summary_large_image\" \/>\n<meta name=\"twitter:label1\" content=\"Tempo di lettura stimato\" \/>\n\t<meta name=\"twitter:data1\" content=\"3 minuti\" \/>\n<script type=\"application\/ld+json\" class=\"yoast-schema-graph\">{\"@context\":\"https:\\\/\\\/schema.org\",\"@graph\":[{\"@type\":\"WebPage\",\"@id\":\"https:\\\/\\\/www.accuratereviews.com\\\/it\\\/software-cms\\\/drupal-recensione\\\/\",\"url\":\"https:\\\/\\\/www.accuratereviews.com\\\/it\\\/software-cms\\\/drupal-recensione\\\/\",\"name\":\"Drupal: recensione piattaforma CMS - Accurate Reviews\",\"isPartOf\":{\"@id\":\"https:\\\/\\\/www.accuratereviews.com\\\/it\\\/#website\"},\"primaryImageOfPage\":{\"@id\":\"https:\\\/\\\/www.accuratereviews.com\\\/it\\\/software-cms\\\/drupal-recensione\\\/#primaryimage\"},\"image\":{\"@id\":\"https:\\\/\\\/www.accuratereviews.com\\\/it\\\/software-cms\\\/drupal-recensione\\\/#primaryimage\"},\"thumbnailUrl\":\"https:\\\/\\\/www.accuratereviews.com\\\/wp-content\\\/uploads\\\/2023\\\/07\\\/Wordmark2_blue_RGB1.png\",\"datePublished\":\"2019-07-02T11:17:12+00:00\",\"dateModified\":\"2023-07-24T15:27:05+00:00\",\"description\":\"Drupal: recensione della piattaforma CMS ideale per chi necessita di supporto nella creazione di siti web, social network e progetti pi\u00f9 o meno complessi.\",\"breadcrumb\":{\"@id\":\"https:\\\/\\\/www.accuratereviews.com\\\/it\\\/software-cms\\\/drupal-recensione\\\/#breadcrumb\"},\"inLanguage\":\"it-IT\",\"potentialAction\":[{\"@type\":\"ReadAction\",\"target\":[\"https:\\\/\\\/www.accuratereviews.com\\\/it\\\/software-cms\\\/drupal-recensione\\\/\"]}]},{\"@type\":\"ImageObject\",\"inLanguage\":\"it-IT\",\"@id\":\"https:\\\/\\\/www.accuratereviews.com\\\/it\\\/software-cms\\\/drupal-recensione\\\/#primaryimage\",\"url\":\"https:\\\/\\\/www.accuratereviews.com\\\/wp-content\\\/uploads\\\/2023\\\/07\\\/Wordmark2_blue_RGB1.png\",\"contentUrl\":\"https:\\\/\\\/www.accuratereviews.com\\\/wp-content\\\/uploads\\\/2023\\\/07\\\/Wordmark2_blue_RGB1.png\",\"width\":492,\"height\":376},{\"@type\":\"BreadcrumbList\",\"@id\":\"https:\\\/\\\/www.accuratereviews.com\\\/it\\\/software-cms\\\/drupal-recensione\\\/#breadcrumb\",\"itemListElement\":[{\"@type\":\"ListItem\",\"position\":1,\"name\":\"Home\",\"item\":\"https:\\\/\\\/www.accuratereviews.com\\\/it\\\/\"},{\"@type\":\"ListItem\",\"position\":2,\"name\":\"Software CMS\",\"item\":\"https:\\\/\\\/www.accuratereviews.com\\\/it\\\/software-cms\\\/\"},{\"@type\":\"ListItem\",\"position\":3,\"name\":\"Drupal\"}]},{\"@type\":\"WebSite\",\"@id\":\"https:\\\/\\\/www.accuratereviews.com\\\/it\\\/#website\",\"url\":\"https:\\\/\\\/www.accuratereviews.com\\\/it\\\/\",\"name\":\"Accurate Reviews\",\"description\":\"\",\"potentialAction\":[{\"@type\":\"SearchAction\",\"target\":{\"@type\":\"EntryPoint\",\"urlTemplate\":\"https:\\\/\\\/www.accuratereviews.com\\\/it\\\/?s={search_term_string}\"},\"query-input\":{\"@type\":\"PropertyValueSpecification\",\"valueRequired\":true,\"valueName\":\"search_term_string\"}}],\"inLanguage\":\"it-IT\"}]}<\/script>\n<!-- \/ Yoast SEO plugin. -->","yoast_head_json":{"title":"Drupal: recensione piattaforma CMS - Accurate Reviews","description":"Drupal: recensione della piattaforma CMS ideale per chi necessita di supporto nella creazione di siti web, social network e progetti pi\u00f9 o meno complessi.","robots":{"index":"index","follow":"follow","max-snippet":"max-snippet:-1","max-image-preview":"max-image-preview:large","max-video-preview":"max-video-preview:-1"},"canonical":"https:\/\/www.accuratereviews.com\/it\/software-cms\/drupal-recensione\/","og_locale":"it_IT","og_type":"article","og_title":"Drupal: recensione piattaforma CMS - Accurate Reviews","og_description":"Drupal: recensione della piattaforma CMS ideale per chi necessita di supporto nella creazione di siti web, social network e progetti pi\u00f9 o meno complessi.","og_url":"https:\/\/www.accuratereviews.com\/it\/software-cms\/drupal-recensione\/","og_site_name":"Accurate Reviews","article_modified_time":"2023-07-24T15:27:05+00:00","og_image":[{"width":492,"height":376,"url":"https:\/\/www.accuratereviews.com\/wp-content\/uploads\/2023\/07\/Wordmark2_blue_RGB1.png","type":"image\/png"}],"twitter_card":"summary_large_image","twitter_misc":{"Tempo di lettura stimato":"3 minuti"},"schema":{"@context":"https:\/\/schema.org","@graph":[{"@type":"WebPage","@id":"https:\/\/www.accuratereviews.com\/it\/software-cms\/drupal-recensione\/","url":"https:\/\/www.accuratereviews.com\/it\/software-cms\/drupal-recensione\/","name":"Drupal: recensione piattaforma CMS - Accurate Reviews","isPartOf":{"@id":"https:\/\/www.accuratereviews.com\/it\/#website"},"primaryImageOfPage":{"@id":"https:\/\/www.accuratereviews.com\/it\/software-cms\/drupal-recensione\/#primaryimage"},"image":{"@id":"https:\/\/www.accuratereviews.com\/it\/software-cms\/drupal-recensione\/#primaryimage"},"thumbnailUrl":"https:\/\/www.accuratereviews.com\/wp-content\/uploads\/2023\/07\/Wordmark2_blue_RGB1.png","datePublished":"2019-07-02T11:17:12+00:00","dateModified":"2023-07-24T15:27:05+00:00","description":"Drupal: recensione della piattaforma CMS ideale per chi necessita di supporto nella creazione di siti web, social network e progetti pi\u00f9 o meno complessi.","breadcrumb":{"@id":"https:\/\/www.accuratereviews.com\/it\/software-cms\/drupal-recensione\/#breadcrumb"},"inLanguage":"it-IT","potentialAction":[{"@type":"ReadAction","target":["https:\/\/www.accuratereviews.com\/it\/software-cms\/drupal-recensione\/"]}]},{"@type":"ImageObject","inLanguage":"it-IT","@id":"https:\/\/www.accuratereviews.com\/it\/software-cms\/drupal-recensione\/#primaryimage","url":"https:\/\/www.accuratereviews.com\/wp-content\/uploads\/2023\/07\/Wordmark2_blue_RGB1.png","contentUrl":"https:\/\/www.accuratereviews.com\/wp-content\/uploads\/2023\/07\/Wordmark2_blue_RGB1.png","width":492,"height":376},{"@type":"BreadcrumbList","@id":"https:\/\/www.accuratereviews.com\/it\/software-cms\/drupal-recensione\/#breadcrumb","itemListElement":[{"@type":"ListItem","position":1,"name":"Home","item":"https:\/\/www.accuratereviews.com\/it\/"},{"@type":"ListItem","position":2,"name":"Software CMS","item":"https:\/\/www.accuratereviews.com\/it\/software-cms\/"},{"@type":"ListItem","position":3,"name":"Drupal"}]},{"@type":"WebSite","@id":"https:\/\/www.accuratereviews.com\/it\/#website","url":"https:\/\/www.accuratereviews.com\/it\/","name":"Accurate Reviews","description":"","potentialAction":[{"@type":"SearchAction","target":{"@type":"EntryPoint","urlTemplate":"https:\/\/www.accuratereviews.com\/it\/?s={search_term_string}"},"query-input":{"@type":"PropertyValueSpecification","valueRequired":true,"valueName":"search_term_string"}}],"inLanguage":"it-IT"}]}},"_links":{"self":[{"href":"https:\/\/www.accuratereviews.com\/it\/wp-json\/wp\/v2\/pages\/16270","targetHints":{"allow":["GET"]}}],"collection":[{"href":"https:\/\/www.accuratereviews.com\/it\/wp-json\/wp\/v2\/pages"}],"about":[{"href":"https:\/\/www.accuratereviews.com\/it\/wp-json\/wp\/v2\/types\/page"}],"author":[{"embeddable":true,"href":"https:\/\/www.accuratereviews.com\/it\/wp-json\/wp\/v2\/users\/17"}],"replies":[{"embeddable":true,"href":"https:\/\/www.accuratereviews.com\/it\/wp-json\/wp\/v2\/comments?post=16270"}],"version-history":[{"count":6,"href":"https:\/\/www.accuratereviews.com\/it\/wp-json\/wp\/v2\/pages\/16270\/revisions"}],"predecessor-version":[{"id":70858,"href":"https:\/\/www.accuratereviews.com\/it\/wp-json\/wp\/v2\/pages\/16270\/revisions\/70858"}],"up":[{"embeddable":true,"href":"https:\/\/www.accuratereviews.com\/it\/wp-json\/wp\/v2\/pages\/16175"}],"wp:featuredmedia":[{"embeddable":true,"href":"https:\/\/www.accuratereviews.com\/it\/wp-json\/wp\/v2\/media\/70853"}],"wp:attachment":[{"href":"https:\/\/www.accuratereviews.com\/it\/wp-json\/wp\/v2\/media?parent=16270"}],"wp:term":[{"taxonomy":"category","embeddable":true,"href":"https:\/\/www.accuratereviews.com\/it\/wp-json\/wp\/v2\/categories?post=16270"},{"taxonomy":"post_tag","embeddable":true,"href":"https:\/\/www.accuratereviews.com\/it\/wp-json\/wp\/v2\/tags?post=16270"},{"taxonomy":"features","embeddable":true,"href":"https:\/\/www.accuratereviews.com\/it\/wp-json\/wp\/v2\/features?post=16270"}],"curies":[{"name":"wp","href":"https:\/\/api.w.org\/{rel}","templated":true}]}}